{"id":1888,"date":"2025-09-11T14:10:56","date_gmt":"2025-09-11T11:10:56","guid":{"rendered":"https:\/\/help.jamk.fi\/opinnaytetyon-ohjaus\/?page_id=1888"},"modified":"2025-09-15T13:45:26","modified_gmt":"2025-09-15T10:45:26","slug":"yhteiskirjoitettu-artikkeli-valmistuneesta-opinnaytetyosta","status":"publish","type":"page","link":"https:\/\/help.jamk.fi\/opinnaytetyon-ohjaus\/fi\/ohjaajan-linkit\/yhteiskirjoitettu-artikkeli-valmistuneesta-opinnaytetyosta\/","title":{"rendered":"Yhteiskirjoitettu artikkeli valmistuneesta opinn\u00e4ytety\u00f6st\u00e4"},"content":{"rendered":"\n<p>Jamkissa on tavoittena tuoda opiskelijoiden osaamista n\u00e4kyviin entist\u00e4 laajemmin. Samalla haluamme tuoda esiin Jamkin koulutuksellista vaikuttavuutta. Yhten\u00e4 keinona n\u00e4iden tavoitteiden toteutumiseen on artikkelien (ja muiden julkaisujen) tekeminen valmistuneiden opinn\u00e4ytet\u00f6iden pohjalta. T\u00e4m\u00e4 ohje kuvaa yhteiskirjoittamisen prosessin Jamkissa ja sen t\u00e4ht\u00e4in on ensisijaisesti YAMK-opinn\u00e4ytet\u00f6iden pohjalta kirjoitettavissa artikkeleissa. Ohje ei kuitenkaan poissulje julkaisuja erityisen soveltuvien AMK-opinn\u00e4ytet\u00f6iden pohjalta.  <\/p>\n\n\n\n<p><\/p>\n\n\n\n<h1 class=\"wp-block-heading\"><a><\/a>1.&nbsp;&nbsp;&nbsp; Keskustelun avaaminen artikkelin kirjoittamisesta<\/h1>\n\n\n\n<p>Opinn\u00e4ytety\u00f6n p\u00e4\u00e4ohjaaja arvioi mahdollisen yhteisartikkelin tekoa jo opinn\u00e4ytety\u00f6prosessin aikana. Artikkelin tekoa arvioidaan opinn\u00e4ytety\u00f6n aiheen, aineiston, menetelmien, relevanssin ja uutuusarvon sek\u00e4 mahdollisen toimeksiannon n\u00e4k\u00f6kulmasta.&nbsp; Varsinainen prosessi alkaa kuitenkin vasta sitten, kun opinn\u00e4ytety\u00f6 on valmis. Yhteiskirjoittamisen ei pid\u00e4 hidastaa opiskelijan valmistumista. On huomioitava, ett\u00e4 artikkelin on tuotettava uutta tietoa. Se ei siis voi olla tiivistelm\u00e4 opinn\u00e4ytety\u00f6st\u00e4. <a href=\"https:\/\/help.jamk.fi\/opinnaytetyon-ohjaus\/fi\/ohjaajan-linkit\/tapoja-tuoda-uutta-tietoa-artikkeleihin\/\">Uuden tiedon tuottamiseen voit hakea ideoita ja n\u00e4k\u00f6kulmia t\u00e4lt\u00e4 sivulta.<\/a><\/p>\n\n\n\n<h1 class=\"wp-block-heading\">2.&nbsp;&nbsp;&nbsp; Julkaisukanavat ja artikkelien julkaisutaso<\/h1>\n\n\n\n<p>Julkaisukanavien valintaa on t\u00e4rke\u00e4 pohtia jo artikkelin kirjoittamisen alkuvaiheessa huomioiden julkaisukanavien erilaiset vaatimustasot ja prosessiin kuluva aika. Julkaisukanavan valinnan tekev\u00e4t kirjoittajat yhdess\u00e4.<\/p>\n\n\n\n<p>Artikkelien p\u00e4\u00e4t\u00e4ht\u00e4in on<strong> D-luokan julkaisussa (ammatilliset artikkelit<\/strong>). Alasta riippuen my\u00f6s muut julkaisuluokat tai julkaisumuodot voivat olla mahdollisia.<\/p>\n\n\n\n<p>Mahdollisia julkaisukanavia ovat esimerkiksi:<\/p>\n\n\n\n<ul class=\"wp-block-list\">\n<li>ammatillinen artikkeli (puheenvuoro) alan lehteen tai vastaavaan, esim. Jamk Arena tai muu ammatillinen julkaisukanava<\/li>\n\n\n\n<li>tieteellinen vertaisarvioitu artikkeli sopivaan journaaliin<\/li>\n\n\n\n<li>muu audiovisuaalinen tuotos <\/li>\n<\/ul>\n\n\n\n<h1 class=\"wp-block-heading\"><a><\/a>&nbsp;<\/h1>\n\n\n\n<h1 class=\"wp-block-heading\">3.&nbsp;&nbsp;&nbsp; Ty\u00f6njako, resursointi, affiliaatio ja prosessin johtaminen<\/h1>\n\n\n\n<p>Opinn\u00e4ytety\u00f6n p\u00e4\u00e4ohjaaja keskustelee opinn\u00e4ytety\u00f6n tekij\u00e4n kanssa, onko opinn\u00e4ytety\u00f6n tekij\u00e4ll\u00e4 kiinnostusta jalostaa opinn\u00e4ytety\u00f6st\u00e4 ammatillinen ja\/tai tieteellinen artikkeli johonkin sopivaan julkaisukanavaan. Jos opiskelija suostuu yhteisartikkelin tekemiseen, niin sen j\u00e4lkeen on sovittava mm. ty\u00f6njako ja kirjoitusty\u00f6n resursointi.<\/p>\n\n\n\n<ol class=\"wp-block-list\">\n<li>Valitaan Jamkin asiantuntija artikkelin tekoon (jatkossa JAT). T\u00e4ss\u00e4 saattaa olla eroavaisuuksia yksik\u00f6iss\u00e4, instituuteissa ja tutkinto-ohjelmissa, mutta t\u00e4m\u00e4 henkil\u00f6 voi olla opinn\u00e4ytety\u00f6n p\u00e4\u00e4ohjaaja, mutta my\u00f6s muu Jamkin asiantuntija. Mukana voi olla my\u00f6s muita kirjoittajia, esimerkiksi Jamkin TKI-asiantuntija tai ty\u00f6el\u00e4m\u00e4n edustaja.<br><br><\/li>\n\n\n\n<li>JAT on yhteiskirjoittamisen vastuullinen johtaja. H\u00e4nen johdollaan kirjoittajat sopivat keskin\u00e4isest\u00e4 ty\u00f6njaosta, vastuista ja aikataulusta, julkaisukanavasta ja nimien j\u00e4rjestyksest\u00e4 lopullisessa julkaisussa. <\/li>\n\n\n\n<li>Kaikilla kirjoittajilla tulee olla merkitt\u00e4v\u00e4 osuus artikkelissa<\/li>\n<\/ol>\n\n\n\n<ul class=\"wp-block-list\">\n<li>Jos kirjoitettava artikkeli vaatisi uutta aineistonkeruuta, JAT huolehtii tarvittavasta tutkimusluvasta, aineistonhallinnasta, tietosuojasta, tekijyydest\u00e4 ja copyrightist\u00e4 sek\u00e4 informoi n\u00e4ist\u00e4 muita yhteiskirjoittajia.<\/li>\n<\/ul>\n\n\n\n<ul class=\"wp-block-list\">\n<li>JAT toimii yhteyshenkil\u00f6n\u00e4 artikkelin arviointi- ja julkaisuvaiheessa.<\/li>\n<\/ul>\n\n\n\n<ul class=\"wp-block-list\">\n<li>Jamk resursoi JAT:n ty\u00f6ajan artikkelin julkaisua varten (esimerkiksi 30\u201340 tuntia). Yhteiskirjoittamisessa syntyy, aikataulu huomioiden, 1\u20133 versiota.  Yhteiskirjoittamiselle\/tapaamisille on varattava aikaa huomioiden my\u00f6s artikkelin viimeistely ja valittuun julkaisukanavaan muokkaaminen.<\/li>\n<\/ul>\n\n\n\n<ul class=\"wp-block-list\">\n<li>JAT toimittaa julkaistun artikkelin tiedot julkaisujen tiedonkeruuta (tiedejatutkimus.\ufb01) varten.<\/li>\n<\/ul>\n\n\n\n<p><\/p>\n\n\n\n<!-- Latest update for this page -->\n<div class=\"page-update\" data-date=\"2025-09-12\">\n<\/div>\n\n\n\n<p><\/p>\n\n\n\n<p><\/p>\n","protected":false},"excerpt":{"rendered":"<p>Jamkissa on tavoittena tuoda opiskelijoiden osaamista n\u00e4kyviin entist\u00e4 laajemmin. Samalla haluamme tuoda esiin Jamkin koulutuksellista vaikuttavuutta. Yhten\u00e4 keinona n\u00e4iden tavoitteiden toteutumiseen on artikkelien (ja muiden julkaisujen) tekeminen valmistuneiden opinn\u00e4ytet\u00f6iden pohjalta. T\u00e4m\u00e4 ohje kuvaa yhteiskirjoittamisen prosessin Jamkissa ja sen t\u00e4ht\u00e4in on ensisijaisesti YAMK-opinn\u00e4ytet\u00f6iden pohjalta kirjoitettavissa artikkeleissa. Ohje ei kuitenkaan poissulje julkaisuja erityisen soveltuvien AMK-opinn\u00e4ytet\u00f6iden pohjalta. 1.&nbsp;&nbsp;&nbsp; [&hellip;]<\/p>\n","protected":false},"author":471,"featured_media":0,"parent":642,"menu_order":1,"comment_status":"closed","ping_status":"closed","template":"","meta":{"_acf_changed":false,"_relevanssi_hide_post":"","_relevanssi_hide_content":"","_relevanssi_pin_for_all":"","_relevanssi_pin_keywords":"","_relevanssi_unpin_keywords":"","_relevanssi_related_keywords":"","_relevanssi_related_include_ids":"","_relevanssi_related_exclude_ids":"","_relevanssi_related_no_append":"","_relevanssi_related_not_related":"","_relevanssi_related_posts":"","_relevanssi_noindex_reason":"","footnotes":""},"categories":[341],"tags":[319,317],"class_list":["post-1888","page","type-page","status-publish","hentry","category-muutos","tag-artikkeli-opinnaytetyosta","tag-yhteiskirjoittaminen"],"acf":[],"yoast_head":"<!-- This site is optimized with the Yoast SEO plugin v27.3 - https:\/\/yoast.com\/product\/yoast-seo-wordpress\/ -->\n<title>Yhteiskirjoitettu artikkeli valmistuneesta opinn\u00e4ytety\u00f6st\u00e4 - Thesis Supervisor&#039;s Handbook<\/title>\n<meta name=\"robots\" content=\"index, follow, max-snippet:-1, max-image-preview:large, max-video-preview:-1\" \/>\n<link rel=\"canonical\" href=\"https:\/\/help.jamk.fi\/opinnaytetyon-ohjaus\/fi\/ohjaajan-linkit\/yhteiskirjoitettu-artikkeli-valmistuneesta-opinnaytetyosta\/\" \/>\n<meta property=\"og:locale\" content=\"fi_FI\" \/>\n<meta property=\"og:type\" content=\"article\" \/>\n<meta property=\"og:title\" content=\"Yhteiskirjoitettu artikkeli valmistuneesta opinn\u00e4ytety\u00f6st\u00e4 - Thesis Supervisor&#039;s Handbook\" \/>\n<meta property=\"og:description\" content=\"Jamkissa on tavoittena tuoda opiskelijoiden osaamista n\u00e4kyviin entist\u00e4 laajemmin. Samalla haluamme tuoda esiin Jamkin koulutuksellista vaikuttavuutta. Yhten\u00e4 keinona n\u00e4iden tavoitteiden toteutumiseen on artikkelien (ja muiden julkaisujen) tekeminen valmistuneiden opinn\u00e4ytet\u00f6iden pohjalta. T\u00e4m\u00e4 ohje kuvaa yhteiskirjoittamisen prosessin Jamkissa ja sen t\u00e4ht\u00e4in on ensisijaisesti YAMK-opinn\u00e4ytet\u00f6iden pohjalta kirjoitettavissa artikkeleissa. Ohje ei kuitenkaan poissulje julkaisuja erityisen soveltuvien AMK-opinn\u00e4ytet\u00f6iden pohjalta. 1.&nbsp;&nbsp;&nbsp; [&hellip;]\" \/>\n<meta property=\"og:url\" content=\"https:\/\/help.jamk.fi\/opinnaytetyon-ohjaus\/fi\/ohjaajan-linkit\/yhteiskirjoitettu-artikkeli-valmistuneesta-opinnaytetyosta\/\" \/>\n<meta property=\"og:site_name\" content=\"Thesis Supervisor&#039;s Handbook\" \/>\n<meta property=\"article:modified_time\" content=\"2025-09-15T10:45:26+00:00\" \/>\n<meta name=\"twitter:card\" content=\"summary_large_image\" \/>\n<meta name=\"twitter:label1\" content=\"Arvioitu lukuaika\" \/>\n\t<meta name=\"twitter:data1\" content=\"3 minuuttia\" \/>\n<script type=\"application\/ld+json\" class=\"yoast-schema-graph\">{\"@context\":\"https:\\\/\\\/schema.org\",\"@graph\":[{\"@type\":\"WebPage\",\"@id\":\"https:\\\/\\\/help.jamk.fi\\\/opinnaytetyon-ohjaus\\\/fi\\\/ohjaajan-linkit\\\/yhteiskirjoitettu-artikkeli-valmistuneesta-opinnaytetyosta\\\/\",\"url\":\"https:\\\/\\\/help.jamk.fi\\\/opinnaytetyon-ohjaus\\\/fi\\\/ohjaajan-linkit\\\/yhteiskirjoitettu-artikkeli-valmistuneesta-opinnaytetyosta\\\/\",\"name\":\"Yhteiskirjoitettu artikkeli valmistuneesta opinn\u00e4ytety\u00f6st\u00e4 - Thesis Supervisor&#039;s Handbook\",\"isPartOf\":{\"@id\":\"https:\\\/\\\/help.jamk.fi\\\/opinnaytetyon-ohjaus\\\/#website\"},\"datePublished\":\"2025-09-11T11:10:56+00:00\",\"dateModified\":\"2025-09-15T10:45:26+00:00\",\"breadcrumb\":{\"@id\":\"https:\\\/\\\/help.jamk.fi\\\/opinnaytetyon-ohjaus\\\/fi\\\/ohjaajan-linkit\\\/yhteiskirjoitettu-artikkeli-valmistuneesta-opinnaytetyosta\\\/#breadcrumb\"},\"inLanguage\":\"fi\",\"potentialAction\":[{\"@type\":\"ReadAction\",\"target\":[\"https:\\\/\\\/help.jamk.fi\\\/opinnaytetyon-ohjaus\\\/fi\\\/ohjaajan-linkit\\\/yhteiskirjoitettu-artikkeli-valmistuneesta-opinnaytetyosta\\\/\"]}]},{\"@type\":\"BreadcrumbList\",\"@id\":\"https:\\\/\\\/help.jamk.fi\\\/opinnaytetyon-ohjaus\\\/fi\\\/ohjaajan-linkit\\\/yhteiskirjoitettu-artikkeli-valmistuneesta-opinnaytetyosta\\\/#breadcrumb\",\"itemListElement\":[{\"@type\":\"ListItem\",\"position\":1,\"name\":\"Etusivu\",\"item\":\"https:\\\/\\\/help.jamk.fi\\\/opinnaytetyon-ohjaus\\\/fi\\\/\"},{\"@type\":\"ListItem\",\"position\":2,\"name\":\"12 Ohjaajan linkit ja tuki\",\"item\":\"https:\\\/\\\/help.jamk.fi\\\/opinnaytetyon-ohjaus\\\/fi\\\/ohjaajan-linkit\\\/\"},{\"@type\":\"ListItem\",\"position\":3,\"name\":\"Yhteiskirjoitettu artikkeli valmistuneesta opinn\u00e4ytety\u00f6st\u00e4\"}]},{\"@type\":\"WebSite\",\"@id\":\"https:\\\/\\\/help.jamk.fi\\\/opinnaytetyon-ohjaus\\\/#website\",\"url\":\"https:\\\/\\\/help.jamk.fi\\\/opinnaytetyon-ohjaus\\\/\",\"name\":\"Thesis Supervisor&#039;s Handbook\",\"description\":\"Opinn\u00e4ytety\u00f6n ohjaajan k\u00e4sikirja ja vinkkipankki\",\"potentialAction\":[{\"@type\":\"SearchAction\",\"target\":{\"@type\":\"EntryPoint\",\"urlTemplate\":\"https:\\\/\\\/help.jamk.fi\\\/opinnaytetyon-ohjaus\\\/?s={search_term_string}\"},\"query-input\":{\"@type\":\"PropertyValueSpecification\",\"valueRequired\":true,\"valueName\":\"search_term_string\"}}],\"inLanguage\":\"fi\"}]}<\/script>\n<!-- \/ Yoast SEO plugin. -->","yoast_head_json":{"title":"Yhteiskirjoitettu artikkeli valmistuneesta opinn\u00e4ytety\u00f6st\u00e4 - Thesis Supervisor&#039;s Handbook","robots":{"index":"index","follow":"follow","max-snippet":"max-snippet:-1","max-image-preview":"max-image-preview:large","max-video-preview":"max-video-preview:-1"},"canonical":"https:\/\/help.jamk.fi\/opinnaytetyon-ohjaus\/fi\/ohjaajan-linkit\/yhteiskirjoitettu-artikkeli-valmistuneesta-opinnaytetyosta\/","og_locale":"fi_FI","og_type":"article","og_title":"Yhteiskirjoitettu artikkeli valmistuneesta opinn\u00e4ytety\u00f6st\u00e4 - Thesis Supervisor&#039;s Handbook","og_description":"Jamkissa on tavoittena tuoda opiskelijoiden osaamista n\u00e4kyviin entist\u00e4 laajemmin. Samalla haluamme tuoda esiin Jamkin koulutuksellista vaikuttavuutta. Yhten\u00e4 keinona n\u00e4iden tavoitteiden toteutumiseen on artikkelien (ja muiden julkaisujen) tekeminen valmistuneiden opinn\u00e4ytet\u00f6iden pohjalta. T\u00e4m\u00e4 ohje kuvaa yhteiskirjoittamisen prosessin Jamkissa ja sen t\u00e4ht\u00e4in on ensisijaisesti YAMK-opinn\u00e4ytet\u00f6iden pohjalta kirjoitettavissa artikkeleissa. Ohje ei kuitenkaan poissulje julkaisuja erityisen soveltuvien AMK-opinn\u00e4ytet\u00f6iden pohjalta. 1.&nbsp;&nbsp;&nbsp; [&hellip;]","og_url":"https:\/\/help.jamk.fi\/opinnaytetyon-ohjaus\/fi\/ohjaajan-linkit\/yhteiskirjoitettu-artikkeli-valmistuneesta-opinnaytetyosta\/","og_site_name":"Thesis Supervisor&#039;s Handbook","article_modified_time":"2025-09-15T10:45:26+00:00","twitter_card":"summary_large_image","twitter_misc":{"Arvioitu lukuaika":"3 minuuttia"},"schema":{"@context":"https:\/\/schema.org","@graph":[{"@type":"WebPage","@id":"https:\/\/help.jamk.fi\/opinnaytetyon-ohjaus\/fi\/ohjaajan-linkit\/yhteiskirjoitettu-artikkeli-valmistuneesta-opinnaytetyosta\/","url":"https:\/\/help.jamk.fi\/opinnaytetyon-ohjaus\/fi\/ohjaajan-linkit\/yhteiskirjoitettu-artikkeli-valmistuneesta-opinnaytetyosta\/","name":"Yhteiskirjoitettu artikkeli valmistuneesta opinn\u00e4ytety\u00f6st\u00e4 - Thesis Supervisor&#039;s Handbook","isPartOf":{"@id":"https:\/\/help.jamk.fi\/opinnaytetyon-ohjaus\/#website"},"datePublished":"2025-09-11T11:10:56+00:00","dateModified":"2025-09-15T10:45:26+00:00","breadcrumb":{"@id":"https:\/\/help.jamk.fi\/opinnaytetyon-ohjaus\/fi\/ohjaajan-linkit\/yhteiskirjoitettu-artikkeli-valmistuneesta-opinnaytetyosta\/#breadcrumb"},"inLanguage":"fi","potentialAction":[{"@type":"ReadAction","target":["https:\/\/help.jamk.fi\/opinnaytetyon-ohjaus\/fi\/ohjaajan-linkit\/yhteiskirjoitettu-artikkeli-valmistuneesta-opinnaytetyosta\/"]}]},{"@type":"BreadcrumbList","@id":"https:\/\/help.jamk.fi\/opinnaytetyon-ohjaus\/fi\/ohjaajan-linkit\/yhteiskirjoitettu-artikkeli-valmistuneesta-opinnaytetyosta\/#breadcrumb","itemListElement":[{"@type":"ListItem","position":1,"name":"Etusivu","item":"https:\/\/help.jamk.fi\/opinnaytetyon-ohjaus\/fi\/"},{"@type":"ListItem","position":2,"name":"12 Ohjaajan linkit ja tuki","item":"https:\/\/help.jamk.fi\/opinnaytetyon-ohjaus\/fi\/ohjaajan-linkit\/"},{"@type":"ListItem","position":3,"name":"Yhteiskirjoitettu artikkeli valmistuneesta opinn\u00e4ytety\u00f6st\u00e4"}]},{"@type":"WebSite","@id":"https:\/\/help.jamk.fi\/opinnaytetyon-ohjaus\/#website","url":"https:\/\/help.jamk.fi\/opinnaytetyon-ohjaus\/","name":"Thesis Supervisor&#039;s Handbook","description":"Opinn\u00e4ytety\u00f6n ohjaajan k\u00e4sikirja ja vinkkipankki","potentialAction":[{"@type":"SearchAction","target":{"@type":"EntryPoint","urlTemplate":"https:\/\/help.jamk.fi\/opinnaytetyon-ohjaus\/?s={search_term_string}"},"query-input":{"@type":"PropertyValueSpecification","valueRequired":true,"valueName":"search_term_string"}}],"inLanguage":"fi"}]}},"_links":{"self":[{"href":"https:\/\/help.jamk.fi\/opinnaytetyon-ohjaus\/wp-json\/wp\/v2\/pages\/1888","targetHints":{"allow":["GET"]}}],"collection":[{"href":"https:\/\/help.jamk.fi\/opinnaytetyon-ohjaus\/wp-json\/wp\/v2\/pages"}],"about":[{"href":"https:\/\/help.jamk.fi\/opinnaytetyon-ohjaus\/wp-json\/wp\/v2\/types\/page"}],"author":[{"embeddable":true,"href":"https:\/\/help.jamk.fi\/opinnaytetyon-ohjaus\/wp-json\/wp\/v2\/users\/471"}],"replies":[{"embeddable":true,"href":"https:\/\/help.jamk.fi\/opinnaytetyon-ohjaus\/wp-json\/wp\/v2\/comments?post=1888"}],"version-history":[{"count":7,"href":"https:\/\/help.jamk.fi\/opinnaytetyon-ohjaus\/wp-json\/wp\/v2\/pages\/1888\/revisions"}],"predecessor-version":[{"id":1920,"href":"https:\/\/help.jamk.fi\/opinnaytetyon-ohjaus\/wp-json\/wp\/v2\/pages\/1888\/revisions\/1920"}],"up":[{"embeddable":true,"href":"https:\/\/help.jamk.fi\/opinnaytetyon-ohjaus\/wp-json\/wp\/v2\/pages\/642"}],"wp:attachment":[{"href":"https:\/\/help.jamk.fi\/opinnaytetyon-ohjaus\/wp-json\/wp\/v2\/media?parent=1888"}],"wp:term":[{"taxonomy":"category","embeddable":true,"href":"https:\/\/help.jamk.fi\/opinnaytetyon-ohjaus\/wp-json\/wp\/v2\/categories?post=1888"},{"taxonomy":"post_tag","embeddable":true,"href":"https:\/\/help.jamk.fi\/opinnaytetyon-ohjaus\/wp-json\/wp\/v2\/tags?post=1888"}],"curies":[{"name":"wp","href":"https:\/\/api.w.org\/{rel}","templated":true}]}}