{"id":1891,"date":"2025-09-11T14:17:20","date_gmt":"2025-09-11T11:17:20","guid":{"rendered":"https:\/\/help.jamk.fi\/opinnaytetyon-ohjaus\/?page_id=1891"},"modified":"2025-09-15T13:45:57","modified_gmt":"2025-09-15T10:45:57","slug":"tapoja-tuoda-uutta-tietoa-artikkeleihin","status":"publish","type":"page","link":"https:\/\/help.jamk.fi\/opinnaytetyon-ohjaus\/fi\/ohjaajan-linkit\/tapoja-tuoda-uutta-tietoa-artikkeleihin\/","title":{"rendered":"Tapoja tuoda uutta tietoa artikkeleihin"},"content":{"rendered":"\n<p><\/p>\n\n\n\n<p>Opinn\u00e4ytety\u00f6n pohjalta julkaistavan artikkelin on sis\u00e4llett\u00e4v\u00e4 <em>uutta tietoa<\/em>, riippumatta artikkelin julkaisukanavasta. Usein ajatellaan, ett\u00e4 uutta tietoa olisi hyv\u00e4 olla noin 30-50% julkaisusta. Kuitenkin jokainen julkaisukanava p\u00e4\u00e4tt\u00e4\u00e4 itsen\u00e4isesti siit\u00e4, millaisia artikkeleita he julkaisevat.<\/p>\n\n\n\n<p>Uusi tieto n\u00e4hd\u00e4\u00e4n usein uusina tuloksina, joita syntyy kun aineisto analysoidaan uusilla menetelmill\u00e4 tai uusilla n\u00e4k\u00f6kulmilla.  T\u00e4m\u00e4n lis\u00e4ksi uutta tietoa voi synty\u00e4 my\u00f6s muilla tavoin. Ajattelun tueksi voit hy\u00f6dynt\u00e4\u00e4 esimerkiksi seuraavia (SOLO ja BLOOM-taksonomioiden pohjalta syntyneit\u00e4) ideoita:<\/p>\n\n\n\n<ol class=\"wp-block-list\">\n<li>Tulosten vertailu muihin samankaltaisiin tutkimuksiin tai alan trendeihin<\/li>\n\n\n\n<li>Eri osa-alueeseen keskittyminen, esimerkiksi painotetaan k\u00e4yt\u00e4nn\u00f6n sovelluksia teoreettisen ty\u00f6n sijaan tai poraudutaan johonkin tiettyyn tulokseen ja sen hy\u00f6dynt\u00e4miseen tai esitell\u00e4\u00e4n innovatiivista menetelm\u00e4\u00e4.<\/li>\n\n\n\n<li>P\u00e4ivitet\u00e4\u00e4n artikkeli uusilla tiedoilla tai tapahtumilla, joita on tullut ilmi opinn\u00e4ytety\u00f6n valmistumisen j\u00e4lkeen<\/li>\n\n\n\n<li>Kytket\u00e4\u00e4n tulokset alan ajankohtaisiin ongelmiin<\/li>\n\n\n\n<li>Otetaan mukaan esimerkkitapauksia, jotka t\u00e4ydent\u00e4v\u00e4t alkuper\u00e4ist\u00e4 tutkimusta<\/li>\n\n\n\n<li>Lis\u00e4t\u00e4\u00e4n kansainv\u00e4linen n\u00e4k\u00f6kulma esimerkiksi vertaamalla tuloksia muihin maihin<\/li>\n\n\n\n<li>Esitet\u00e4\u00e4n tarkempia suosituksia, ty\u00f6kaluja tai johtop\u00e4\u00e4t\u00f6ksi\u00e4, joita ei voitu sis\u00e4llytt\u00e4\u00e4 opinn\u00e4ytety\u00f6h\u00f6n<\/li>\n\n\n\n<li>Pohditaan tutkimuksen vaikutuksia pitk\u00e4ll\u00e4 aikav\u00e4lill\u00e4<\/li>\n\n\n\n<li>Liitet\u00e4\u00e4n opinn\u00e4ytety\u00f6n tuloksia osaksi laajempaa kokonaisuutta, kuten monialaisempaa keskustelua tai useiden eri tutkimusten synteesi\u00e4<\/li>\n\n\n\n<li>Kehitet\u00e4\u00e4n konkreettisia toimintamalleja tai ratkaisuja perustuen opinn\u00e4ytety\u00f6n tuloksiin<\/li>\n\n\n\n<li>Hy\u00f6dynnet\u00e4\u00e4n tarinankerrontaa tai selke\u00e4mpi\u00e4 esimerkkej\u00e4 havainnollistamaan tuloksia<\/li>\n\n\n\n<li>Esitet\u00e4\u00e4n tulokset uudella tavalla, esimerkiksi visualisoinnit, kaaviot tai graafiset esitykset, jotka eiv\u00e4t mahtuneet opinn\u00e4ytety\u00f6h\u00f6n<\/li>\n<\/ol>\n\n\n\n<p><\/p>\n\n\n\n<p>Riikka Ahlgren 11.9.2025<\/p>\n\n\n\n<p><\/p>\n\n\n\n<!-- Latest update for this page -->\n<div class=\"page-update\" data-date=\"2025-09-11\">\n<\/div>\n\n\n\n<p><\/p>\n","protected":false},"excerpt":{"rendered":"<p>Opinn\u00e4ytety\u00f6n pohjalta julkaistavan artikkelin on sis\u00e4llett\u00e4v\u00e4 uutta tietoa, riippumatta artikkelin julkaisukanavasta. Usein ajatellaan, ett\u00e4 uutta tietoa olisi hyv\u00e4 olla noin 30-50% julkaisusta. Kuitenkin jokainen julkaisukanava p\u00e4\u00e4tt\u00e4\u00e4 itsen\u00e4isesti siit\u00e4, millaisia artikkeleita he julkaisevat. Uusi tieto n\u00e4hd\u00e4\u00e4n usein uusina tuloksina, joita syntyy kun aineisto analysoidaan uusilla menetelmill\u00e4 tai uusilla n\u00e4k\u00f6kulmilla. T\u00e4m\u00e4n lis\u00e4ksi uutta tietoa voi synty\u00e4 my\u00f6s [&hellip;]<\/p>\n","protected":false},"author":471,"featured_media":0,"parent":642,"menu_order":2,"comment_status":"closed","ping_status":"closed","template":"","meta":{"_acf_changed":false,"_relevanssi_hide_post":"","_relevanssi_hide_content":"","_relevanssi_pin_for_all":"","_relevanssi_pin_keywords":"","_relevanssi_unpin_keywords":"","_relevanssi_related_keywords":"","_relevanssi_related_include_ids":"","_relevanssi_related_exclude_ids":"","_relevanssi_related_no_append":"","_relevanssi_related_not_related":"","_relevanssi_related_posts":"","_relevanssi_noindex_reason":"","footnotes":""},"categories":[],"tags":[321,325],"class_list":["post-1891","page","type-page","status-publish","hentry","tag-artikkeli","tag-uusi-tieto"],"acf":[],"yoast_head":"<!-- This site is optimized with the Yoast SEO plugin v27.3 - https:\/\/yoast.com\/product\/yoast-seo-wordpress\/ -->\n<title>Tapoja tuoda uutta tietoa artikkeleihin - Thesis Supervisor&#039;s Handbook<\/title>\n<meta name=\"robots\" content=\"index, follow, max-snippet:-1, max-image-preview:large, max-video-preview:-1\" \/>\n<link rel=\"canonical\" href=\"https:\/\/help.jamk.fi\/opinnaytetyon-ohjaus\/fi\/ohjaajan-linkit\/tapoja-tuoda-uutta-tietoa-artikkeleihin\/\" \/>\n<meta property=\"og:locale\" content=\"fi_FI\" \/>\n<meta property=\"og:type\" content=\"article\" \/>\n<meta property=\"og:title\" content=\"Tapoja tuoda uutta tietoa artikkeleihin - Thesis Supervisor&#039;s Handbook\" \/>\n<meta property=\"og:description\" content=\"Opinn\u00e4ytety\u00f6n pohjalta julkaistavan artikkelin on sis\u00e4llett\u00e4v\u00e4 uutta tietoa, riippumatta artikkelin julkaisukanavasta. Usein ajatellaan, ett\u00e4 uutta tietoa olisi hyv\u00e4 olla noin 30-50% julkaisusta. Kuitenkin jokainen julkaisukanava p\u00e4\u00e4tt\u00e4\u00e4 itsen\u00e4isesti siit\u00e4, millaisia artikkeleita he julkaisevat. Uusi tieto n\u00e4hd\u00e4\u00e4n usein uusina tuloksina, joita syntyy kun aineisto analysoidaan uusilla menetelmill\u00e4 tai uusilla n\u00e4k\u00f6kulmilla. T\u00e4m\u00e4n lis\u00e4ksi uutta tietoa voi synty\u00e4 my\u00f6s [&hellip;]\" \/>\n<meta property=\"og:url\" content=\"https:\/\/help.jamk.fi\/opinnaytetyon-ohjaus\/fi\/ohjaajan-linkit\/tapoja-tuoda-uutta-tietoa-artikkeleihin\/\" \/>\n<meta property=\"og:site_name\" content=\"Thesis Supervisor&#039;s Handbook\" \/>\n<meta property=\"article:modified_time\" content=\"2025-09-15T10:45:57+00:00\" \/>\n<meta name=\"twitter:card\" content=\"summary_large_image\" \/>\n<meta name=\"twitter:label1\" content=\"Arvioitu lukuaika\" \/>\n\t<meta name=\"twitter:data1\" content=\"2 minuuttia\" \/>\n<script type=\"application\/ld+json\" class=\"yoast-schema-graph\">{\"@context\":\"https:\\\/\\\/schema.org\",\"@graph\":[{\"@type\":\"WebPage\",\"@id\":\"https:\\\/\\\/help.jamk.fi\\\/opinnaytetyon-ohjaus\\\/fi\\\/ohjaajan-linkit\\\/tapoja-tuoda-uutta-tietoa-artikkeleihin\\\/\",\"url\":\"https:\\\/\\\/help.jamk.fi\\\/opinnaytetyon-ohjaus\\\/fi\\\/ohjaajan-linkit\\\/tapoja-tuoda-uutta-tietoa-artikkeleihin\\\/\",\"name\":\"Tapoja tuoda uutta tietoa artikkeleihin - Thesis Supervisor&#039;s Handbook\",\"isPartOf\":{\"@id\":\"https:\\\/\\\/help.jamk.fi\\\/opinnaytetyon-ohjaus\\\/#website\"},\"datePublished\":\"2025-09-11T11:17:20+00:00\",\"dateModified\":\"2025-09-15T10:45:57+00:00\",\"breadcrumb\":{\"@id\":\"https:\\\/\\\/help.jamk.fi\\\/opinnaytetyon-ohjaus\\\/fi\\\/ohjaajan-linkit\\\/tapoja-tuoda-uutta-tietoa-artikkeleihin\\\/#breadcrumb\"},\"inLanguage\":\"fi\",\"potentialAction\":[{\"@type\":\"ReadAction\",\"target\":[\"https:\\\/\\\/help.jamk.fi\\\/opinnaytetyon-ohjaus\\\/fi\\\/ohjaajan-linkit\\\/tapoja-tuoda-uutta-tietoa-artikkeleihin\\\/\"]}]},{\"@type\":\"BreadcrumbList\",\"@id\":\"https:\\\/\\\/help.jamk.fi\\\/opinnaytetyon-ohjaus\\\/fi\\\/ohjaajan-linkit\\\/tapoja-tuoda-uutta-tietoa-artikkeleihin\\\/#breadcrumb\",\"itemListElement\":[{\"@type\":\"ListItem\",\"position\":1,\"name\":\"Etusivu\",\"item\":\"https:\\\/\\\/help.jamk.fi\\\/opinnaytetyon-ohjaus\\\/fi\\\/\"},{\"@type\":\"ListItem\",\"position\":2,\"name\":\"12 Ohjaajan linkit ja tuki\",\"item\":\"https:\\\/\\\/help.jamk.fi\\\/opinnaytetyon-ohjaus\\\/fi\\\/ohjaajan-linkit\\\/\"},{\"@type\":\"ListItem\",\"position\":3,\"name\":\"Tapoja tuoda uutta tietoa artikkeleihin\"}]},{\"@type\":\"WebSite\",\"@id\":\"https:\\\/\\\/help.jamk.fi\\\/opinnaytetyon-ohjaus\\\/#website\",\"url\":\"https:\\\/\\\/help.jamk.fi\\\/opinnaytetyon-ohjaus\\\/\",\"name\":\"Thesis Supervisor&#039;s Handbook\",\"description\":\"Opinn\u00e4ytety\u00f6n ohjaajan k\u00e4sikirja ja vinkkipankki\",\"potentialAction\":[{\"@type\":\"SearchAction\",\"target\":{\"@type\":\"EntryPoint\",\"urlTemplate\":\"https:\\\/\\\/help.jamk.fi\\\/opinnaytetyon-ohjaus\\\/?s={search_term_string}\"},\"query-input\":{\"@type\":\"PropertyValueSpecification\",\"valueRequired\":true,\"valueName\":\"search_term_string\"}}],\"inLanguage\":\"fi\"}]}<\/script>\n<!-- \/ Yoast SEO plugin. -->","yoast_head_json":{"title":"Tapoja tuoda uutta tietoa artikkeleihin - Thesis Supervisor&#039;s Handbook","robots":{"index":"index","follow":"follow","max-snippet":"max-snippet:-1","max-image-preview":"max-image-preview:large","max-video-preview":"max-video-preview:-1"},"canonical":"https:\/\/help.jamk.fi\/opinnaytetyon-ohjaus\/fi\/ohjaajan-linkit\/tapoja-tuoda-uutta-tietoa-artikkeleihin\/","og_locale":"fi_FI","og_type":"article","og_title":"Tapoja tuoda uutta tietoa artikkeleihin - Thesis Supervisor&#039;s Handbook","og_description":"Opinn\u00e4ytety\u00f6n pohjalta julkaistavan artikkelin on sis\u00e4llett\u00e4v\u00e4 uutta tietoa, riippumatta artikkelin julkaisukanavasta. Usein ajatellaan, ett\u00e4 uutta tietoa olisi hyv\u00e4 olla noin 30-50% julkaisusta. Kuitenkin jokainen julkaisukanava p\u00e4\u00e4tt\u00e4\u00e4 itsen\u00e4isesti siit\u00e4, millaisia artikkeleita he julkaisevat. Uusi tieto n\u00e4hd\u00e4\u00e4n usein uusina tuloksina, joita syntyy kun aineisto analysoidaan uusilla menetelmill\u00e4 tai uusilla n\u00e4k\u00f6kulmilla. T\u00e4m\u00e4n lis\u00e4ksi uutta tietoa voi synty\u00e4 my\u00f6s [&hellip;]","og_url":"https:\/\/help.jamk.fi\/opinnaytetyon-ohjaus\/fi\/ohjaajan-linkit\/tapoja-tuoda-uutta-tietoa-artikkeleihin\/","og_site_name":"Thesis Supervisor&#039;s Handbook","article_modified_time":"2025-09-15T10:45:57+00:00","twitter_card":"summary_large_image","twitter_misc":{"Arvioitu lukuaika":"2 minuuttia"},"schema":{"@context":"https:\/\/schema.org","@graph":[{"@type":"WebPage","@id":"https:\/\/help.jamk.fi\/opinnaytetyon-ohjaus\/fi\/ohjaajan-linkit\/tapoja-tuoda-uutta-tietoa-artikkeleihin\/","url":"https:\/\/help.jamk.fi\/opinnaytetyon-ohjaus\/fi\/ohjaajan-linkit\/tapoja-tuoda-uutta-tietoa-artikkeleihin\/","name":"Tapoja tuoda uutta tietoa artikkeleihin - Thesis Supervisor&#039;s Handbook","isPartOf":{"@id":"https:\/\/help.jamk.fi\/opinnaytetyon-ohjaus\/#website"},"datePublished":"2025-09-11T11:17:20+00:00","dateModified":"2025-09-15T10:45:57+00:00","breadcrumb":{"@id":"https:\/\/help.jamk.fi\/opinnaytetyon-ohjaus\/fi\/ohjaajan-linkit\/tapoja-tuoda-uutta-tietoa-artikkeleihin\/#breadcrumb"},"inLanguage":"fi","potentialAction":[{"@type":"ReadAction","target":["https:\/\/help.jamk.fi\/opinnaytetyon-ohjaus\/fi\/ohjaajan-linkit\/tapoja-tuoda-uutta-tietoa-artikkeleihin\/"]}]},{"@type":"BreadcrumbList","@id":"https:\/\/help.jamk.fi\/opinnaytetyon-ohjaus\/fi\/ohjaajan-linkit\/tapoja-tuoda-uutta-tietoa-artikkeleihin\/#breadcrumb","itemListElement":[{"@type":"ListItem","position":1,"name":"Etusivu","item":"https:\/\/help.jamk.fi\/opinnaytetyon-ohjaus\/fi\/"},{"@type":"ListItem","position":2,"name":"12 Ohjaajan linkit ja tuki","item":"https:\/\/help.jamk.fi\/opinnaytetyon-ohjaus\/fi\/ohjaajan-linkit\/"},{"@type":"ListItem","position":3,"name":"Tapoja tuoda uutta tietoa artikkeleihin"}]},{"@type":"WebSite","@id":"https:\/\/help.jamk.fi\/opinnaytetyon-ohjaus\/#website","url":"https:\/\/help.jamk.fi\/opinnaytetyon-ohjaus\/","name":"Thesis Supervisor&#039;s Handbook","description":"Opinn\u00e4ytety\u00f6n ohjaajan k\u00e4sikirja ja vinkkipankki","potentialAction":[{"@type":"SearchAction","target":{"@type":"EntryPoint","urlTemplate":"https:\/\/help.jamk.fi\/opinnaytetyon-ohjaus\/?s={search_term_string}"},"query-input":{"@type":"PropertyValueSpecification","valueRequired":true,"valueName":"search_term_string"}}],"inLanguage":"fi"}]}},"_links":{"self":[{"href":"https:\/\/help.jamk.fi\/opinnaytetyon-ohjaus\/wp-json\/wp\/v2\/pages\/1891","targetHints":{"allow":["GET"]}}],"collection":[{"href":"https:\/\/help.jamk.fi\/opinnaytetyon-ohjaus\/wp-json\/wp\/v2\/pages"}],"about":[{"href":"https:\/\/help.jamk.fi\/opinnaytetyon-ohjaus\/wp-json\/wp\/v2\/types\/page"}],"author":[{"embeddable":true,"href":"https:\/\/help.jamk.fi\/opinnaytetyon-ohjaus\/wp-json\/wp\/v2\/users\/471"}],"replies":[{"embeddable":true,"href":"https:\/\/help.jamk.fi\/opinnaytetyon-ohjaus\/wp-json\/wp\/v2\/comments?post=1891"}],"version-history":[{"count":2,"href":"https:\/\/help.jamk.fi\/opinnaytetyon-ohjaus\/wp-json\/wp\/v2\/pages\/1891\/revisions"}],"predecessor-version":[{"id":1921,"href":"https:\/\/help.jamk.fi\/opinnaytetyon-ohjaus\/wp-json\/wp\/v2\/pages\/1891\/revisions\/1921"}],"up":[{"embeddable":true,"href":"https:\/\/help.jamk.fi\/opinnaytetyon-ohjaus\/wp-json\/wp\/v2\/pages\/642"}],"wp:attachment":[{"href":"https:\/\/help.jamk.fi\/opinnaytetyon-ohjaus\/wp-json\/wp\/v2\/media?parent=1891"}],"wp:term":[{"taxonomy":"category","embeddable":true,"href":"https:\/\/help.jamk.fi\/opinnaytetyon-ohjaus\/wp-json\/wp\/v2\/categories?post=1891"},{"taxonomy":"post_tag","embeddable":true,"href":"https:\/\/help.jamk.fi\/opinnaytetyon-ohjaus\/wp-json\/wp\/v2\/tags?post=1891"}],"curies":[{"name":"wp","href":"https:\/\/api.w.org\/{rel}","templated":true}]}}