{"id":1912,"date":"2025-09-15T09:58:45","date_gmt":"2025-09-15T06:58:45","guid":{"rendered":"https:\/\/help.jamk.fi\/opinnaytetyon-ohjaus\/?page_id=1912"},"modified":"2025-09-15T09:58:45","modified_gmt":"2025-09-15T06:58:45","slug":"ideas-on-how-to-introduce-new-knowledge-into-articles","status":"publish","type":"page","link":"https:\/\/help.jamk.fi\/opinnaytetyon-ohjaus\/en\/thesis-tutor-links\/ideas-on-how-to-introduce-new-knowledge-into-articles\/","title":{"rendered":"Ideas on how to introduce new knowledge into articles"},"content":{"rendered":"\n<p>An article that is written based on a thesis must always contain\u00a0<strong>new knowledge<\/strong>. It is often thought that around\u00a0<strong>30\u201350%<\/strong>\u00a0of the article should consist of new information. However, each publication channel independently decides what kind of articles they publish.<\/p>\n\n\n\n<p><strong>New knowledge<\/strong>\u00a0is often seen as new results that emerge when data is analyzed using new methods or perspectives. In addition, new knowledge can be generated also in other ways. To support your thinking, you can use ideas based on the\u00a0SOLO and BLOOM taxonomies on how to create new knowledge. According to these taxonomies, new knowledge can be created by creatively combining existing knowledge:<\/p>\n\n\n\n<ul class=\"wp-block-list\">\n<li>Comparing results with similar studies or industry trends<\/li>\n\n\n\n<li>Focusing on a specific aspect, e.g., emphasizing practical applications instead of theoretical work, or deep diving into a particular result and its utilization<\/li>\n\n\n\n<li>Updating the article with new information or events that have emerged after the thesis was completed<\/li>\n\n\n\n<li>Connecting the thesis results to other current issues in the field<\/li>\n\n\n\n<li>Including case examples that complement the original research made in the thesis<\/li>\n\n\n\n<li>Adding an international perspective, e.g., comparing the thesis results with other countries<\/li>\n\n\n\n<li>Presenting more detailed recommendations, tools, or conclusions which were not included in the thesis<\/li>\n\n\n\n<li>Reflecting on the long-term impact of the thesis research<\/li>\n\n\n\n<li>Linking the thesis results to a broader context, such as interdisciplinary discussions or synthesis of multiple studies<\/li>\n\n\n\n<li>Developing concrete models or solutions based on thesis results<\/li>\n\n\n\n<li>Using storytelling or clearer examples to illustrate the results<\/li>\n\n\n\n<li>Presenting results in a new format, such as visualizations, charts, or graphics that couldn&#8217;t be included into the original thesis<\/li>\n<\/ul>\n","protected":false},"excerpt":{"rendered":"<p>An article that is written based on a thesis must always contain\u00a0new knowledge. It is often thought that around\u00a030\u201350%\u00a0of the article should consist of new information. However, each publication channel independently decides what kind of articles they publish. New knowledge\u00a0is often seen as new results that emerge when data is analyzed using new methods or [&hellip;]<\/p>\n","protected":false},"author":471,"featured_media":0,"parent":645,"menu_order":2,"comment_status":"closed","ping_status":"closed","template":"","meta":{"_acf_changed":false,"_relevanssi_hide_post":"","_relevanssi_hide_content":"","_relevanssi_pin_for_all":"","_relevanssi_pin_keywords":"","_relevanssi_unpin_keywords":"","_relevanssi_related_keywords":"","_relevanssi_related_include_ids":"","_relevanssi_related_exclude_ids":"","_relevanssi_related_no_append":"","_relevanssi_related_not_related":"","_relevanssi_related_posts":"","_relevanssi_noindex_reason":"","footnotes":""},"categories":[],"tags":[330,328],"class_list":["post-1912","page","type-page","status-publish","hentry","tag-article-based-on-thesis","tag-new-knowledge"],"acf":[],"yoast_head":"<!-- This site is optimized with the Yoast SEO plugin v27.4 - https:\/\/yoast.com\/product\/yoast-seo-wordpress\/ -->\n<title>Ideas on how to introduce new knowledge into articles - Thesis Supervisor&#039;s Handbook<\/title>\n<meta name=\"robots\" content=\"index, follow, max-snippet:-1, max-image-preview:large, max-video-preview:-1\" \/>\n<link rel=\"canonical\" href=\"https:\/\/help.jamk.fi\/opinnaytetyon-ohjaus\/en\/thesis-tutor-links\/ideas-on-how-to-introduce-new-knowledge-into-articles\/\" \/>\n<meta property=\"og:locale\" content=\"fi_FI\" \/>\n<meta property=\"og:type\" content=\"article\" \/>\n<meta property=\"og:title\" content=\"Ideas on how to introduce new knowledge into articles - Thesis Supervisor&#039;s Handbook\" \/>\n<meta property=\"og:description\" content=\"An article that is written based on a thesis must always contain\u00a0new knowledge. It is often thought that around\u00a030\u201350%\u00a0of the article should consist of new information. However, each publication channel independently decides what kind of articles they publish. New knowledge\u00a0is often seen as new results that emerge when data is analyzed using new methods or [&hellip;]\" \/>\n<meta property=\"og:url\" content=\"https:\/\/help.jamk.fi\/opinnaytetyon-ohjaus\/en\/thesis-tutor-links\/ideas-on-how-to-introduce-new-knowledge-into-articles\/\" \/>\n<meta property=\"og:site_name\" content=\"Thesis Supervisor&#039;s Handbook\" \/>\n<meta name=\"twitter:card\" content=\"summary_large_image\" \/>\n<meta name=\"twitter:label1\" content=\"Arvioitu lukuaika\" \/>\n\t<meta name=\"twitter:data1\" content=\"2 minuuttia\" \/>\n<script type=\"application\/ld+json\" class=\"yoast-schema-graph\">{\"@context\":\"https:\\\/\\\/schema.org\",\"@graph\":[{\"@type\":\"WebPage\",\"@id\":\"https:\\\/\\\/help.jamk.fi\\\/opinnaytetyon-ohjaus\\\/en\\\/thesis-tutor-links\\\/ideas-on-how-to-introduce-new-knowledge-into-articles\\\/\",\"url\":\"https:\\\/\\\/help.jamk.fi\\\/opinnaytetyon-ohjaus\\\/en\\\/thesis-tutor-links\\\/ideas-on-how-to-introduce-new-knowledge-into-articles\\\/\",\"name\":\"Ideas on how to introduce new knowledge into articles - Thesis Supervisor&#039;s Handbook\",\"isPartOf\":{\"@id\":\"https:\\\/\\\/help.jamk.fi\\\/opinnaytetyon-ohjaus\\\/#website\"},\"datePublished\":\"2025-09-15T06:58:45+00:00\",\"breadcrumb\":{\"@id\":\"https:\\\/\\\/help.jamk.fi\\\/opinnaytetyon-ohjaus\\\/en\\\/thesis-tutor-links\\\/ideas-on-how-to-introduce-new-knowledge-into-articles\\\/#breadcrumb\"},\"inLanguage\":\"fi\",\"potentialAction\":[{\"@type\":\"ReadAction\",\"target\":[\"https:\\\/\\\/help.jamk.fi\\\/opinnaytetyon-ohjaus\\\/en\\\/thesis-tutor-links\\\/ideas-on-how-to-introduce-new-knowledge-into-articles\\\/\"]}]},{\"@type\":\"BreadcrumbList\",\"@id\":\"https:\\\/\\\/help.jamk.fi\\\/opinnaytetyon-ohjaus\\\/en\\\/thesis-tutor-links\\\/ideas-on-how-to-introduce-new-knowledge-into-articles\\\/#breadcrumb\",\"itemListElement\":[{\"@type\":\"ListItem\",\"position\":1,\"name\":\"Etusivu\",\"item\":\"https:\\\/\\\/help.jamk.fi\\\/opinnaytetyon-ohjaus\\\/fi\\\/\"},{\"@type\":\"ListItem\",\"position\":2,\"name\":\"12 Thesis tutor links\",\"item\":\"https:\\\/\\\/help.jamk.fi\\\/opinnaytetyon-ohjaus\\\/en\\\/thesis-tutor-links\\\/\"},{\"@type\":\"ListItem\",\"position\":3,\"name\":\"Ideas on how to introduce new knowledge into articles\"}]},{\"@type\":\"WebSite\",\"@id\":\"https:\\\/\\\/help.jamk.fi\\\/opinnaytetyon-ohjaus\\\/#website\",\"url\":\"https:\\\/\\\/help.jamk.fi\\\/opinnaytetyon-ohjaus\\\/\",\"name\":\"Thesis Supervisor&#039;s Handbook\",\"description\":\"Opinn\u00e4ytety\u00f6n ohjaajan k\u00e4sikirja ja vinkkipankki\",\"potentialAction\":[{\"@type\":\"SearchAction\",\"target\":{\"@type\":\"EntryPoint\",\"urlTemplate\":\"https:\\\/\\\/help.jamk.fi\\\/opinnaytetyon-ohjaus\\\/?s={search_term_string}\"},\"query-input\":{\"@type\":\"PropertyValueSpecification\",\"valueRequired\":true,\"valueName\":\"search_term_string\"}}],\"inLanguage\":\"fi\"}]}<\/script>\n<!-- \/ Yoast SEO plugin. -->","yoast_head_json":{"title":"Ideas on how to introduce new knowledge into articles - Thesis Supervisor&#039;s Handbook","robots":{"index":"index","follow":"follow","max-snippet":"max-snippet:-1","max-image-preview":"max-image-preview:large","max-video-preview":"max-video-preview:-1"},"canonical":"https:\/\/help.jamk.fi\/opinnaytetyon-ohjaus\/en\/thesis-tutor-links\/ideas-on-how-to-introduce-new-knowledge-into-articles\/","og_locale":"fi_FI","og_type":"article","og_title":"Ideas on how to introduce new knowledge into articles - Thesis Supervisor&#039;s Handbook","og_description":"An article that is written based on a thesis must always contain\u00a0new knowledge. It is often thought that around\u00a030\u201350%\u00a0of the article should consist of new information. However, each publication channel independently decides what kind of articles they publish. New knowledge\u00a0is often seen as new results that emerge when data is analyzed using new methods or [&hellip;]","og_url":"https:\/\/help.jamk.fi\/opinnaytetyon-ohjaus\/en\/thesis-tutor-links\/ideas-on-how-to-introduce-new-knowledge-into-articles\/","og_site_name":"Thesis Supervisor&#039;s Handbook","twitter_card":"summary_large_image","twitter_misc":{"Arvioitu lukuaika":"2 minuuttia"},"schema":{"@context":"https:\/\/schema.org","@graph":[{"@type":"WebPage","@id":"https:\/\/help.jamk.fi\/opinnaytetyon-ohjaus\/en\/thesis-tutor-links\/ideas-on-how-to-introduce-new-knowledge-into-articles\/","url":"https:\/\/help.jamk.fi\/opinnaytetyon-ohjaus\/en\/thesis-tutor-links\/ideas-on-how-to-introduce-new-knowledge-into-articles\/","name":"Ideas on how to introduce new knowledge into articles - Thesis Supervisor&#039;s Handbook","isPartOf":{"@id":"https:\/\/help.jamk.fi\/opinnaytetyon-ohjaus\/#website"},"datePublished":"2025-09-15T06:58:45+00:00","breadcrumb":{"@id":"https:\/\/help.jamk.fi\/opinnaytetyon-ohjaus\/en\/thesis-tutor-links\/ideas-on-how-to-introduce-new-knowledge-into-articles\/#breadcrumb"},"inLanguage":"fi","potentialAction":[{"@type":"ReadAction","target":["https:\/\/help.jamk.fi\/opinnaytetyon-ohjaus\/en\/thesis-tutor-links\/ideas-on-how-to-introduce-new-knowledge-into-articles\/"]}]},{"@type":"BreadcrumbList","@id":"https:\/\/help.jamk.fi\/opinnaytetyon-ohjaus\/en\/thesis-tutor-links\/ideas-on-how-to-introduce-new-knowledge-into-articles\/#breadcrumb","itemListElement":[{"@type":"ListItem","position":1,"name":"Etusivu","item":"https:\/\/help.jamk.fi\/opinnaytetyon-ohjaus\/fi\/"},{"@type":"ListItem","position":2,"name":"12 Thesis tutor links","item":"https:\/\/help.jamk.fi\/opinnaytetyon-ohjaus\/en\/thesis-tutor-links\/"},{"@type":"ListItem","position":3,"name":"Ideas on how to introduce new knowledge into articles"}]},{"@type":"WebSite","@id":"https:\/\/help.jamk.fi\/opinnaytetyon-ohjaus\/#website","url":"https:\/\/help.jamk.fi\/opinnaytetyon-ohjaus\/","name":"Thesis Supervisor&#039;s Handbook","description":"Opinn\u00e4ytety\u00f6n ohjaajan k\u00e4sikirja ja vinkkipankki","potentialAction":[{"@type":"SearchAction","target":{"@type":"EntryPoint","urlTemplate":"https:\/\/help.jamk.fi\/opinnaytetyon-ohjaus\/?s={search_term_string}"},"query-input":{"@type":"PropertyValueSpecification","valueRequired":true,"valueName":"search_term_string"}}],"inLanguage":"fi"}]}},"_links":{"self":[{"href":"https:\/\/help.jamk.fi\/opinnaytetyon-ohjaus\/wp-json\/wp\/v2\/pages\/1912","targetHints":{"allow":["GET"]}}],"collection":[{"href":"https:\/\/help.jamk.fi\/opinnaytetyon-ohjaus\/wp-json\/wp\/v2\/pages"}],"about":[{"href":"https:\/\/help.jamk.fi\/opinnaytetyon-ohjaus\/wp-json\/wp\/v2\/types\/page"}],"author":[{"embeddable":true,"href":"https:\/\/help.jamk.fi\/opinnaytetyon-ohjaus\/wp-json\/wp\/v2\/users\/471"}],"replies":[{"embeddable":true,"href":"https:\/\/help.jamk.fi\/opinnaytetyon-ohjaus\/wp-json\/wp\/v2\/comments?post=1912"}],"version-history":[{"count":1,"href":"https:\/\/help.jamk.fi\/opinnaytetyon-ohjaus\/wp-json\/wp\/v2\/pages\/1912\/revisions"}],"predecessor-version":[{"id":1913,"href":"https:\/\/help.jamk.fi\/opinnaytetyon-ohjaus\/wp-json\/wp\/v2\/pages\/1912\/revisions\/1913"}],"up":[{"embeddable":true,"href":"https:\/\/help.jamk.fi\/opinnaytetyon-ohjaus\/wp-json\/wp\/v2\/pages\/645"}],"wp:attachment":[{"href":"https:\/\/help.jamk.fi\/opinnaytetyon-ohjaus\/wp-json\/wp\/v2\/media?parent=1912"}],"wp:term":[{"taxonomy":"category","embeddable":true,"href":"https:\/\/help.jamk.fi\/opinnaytetyon-ohjaus\/wp-json\/wp\/v2\/categories?post=1912"},{"taxonomy":"post_tag","embeddable":true,"href":"https:\/\/help.jamk.fi\/opinnaytetyon-ohjaus\/wp-json\/wp\/v2\/tags?post=1912"}],"curies":[{"name":"wp","href":"https:\/\/api.w.org\/{rel}","templated":true}]}}