{"id":231,"date":"2022-05-24T12:17:10","date_gmt":"2022-05-24T09:17:10","guid":{"rendered":"https:\/\/help.jamk.fi\/yamk-kasikirja\/wihi-ohjeet-koordinaattorille\/"},"modified":"2026-03-26T14:34:06","modified_gmt":"2026-03-26T12:34:06","slug":"wihi-ohjeet-koordinaattorille","status":"publish","type":"page","link":"https:\/\/help.jamk.fi\/opinnaytetyon-ohjaus\/fi\/wihi-ohjeet-koordinaattorille\/","title":{"rendered":"11 Wihi-ohjeet koordinaattorille"},"content":{"rendered":"\n<p>Wihi-koordinaattori hyv\u00e4ksyy opinn\u00e4ytety\u00f6n aiheet ja nime\u00e4\u00e4 ohjaajat. H\u00e4n voi my\u00f6s lis\u00e4t\u00e4 ja poistaa opiskelijoita projekteilta. Tarvittaessa koordinaattori voi peruuttaa Wihi-projektin takaisin edelliseen vaiheeseen. Jamkissa n\u00e4it\u00e4 k\u00e4ytt\u00f6oikeuksia on esimerkiksi tutkintovastaavilla ja opoilla.<\/p>\n\n\n\n<p><\/p>\n\n\n\n<h2 class=\"wp-block-heading\">Wihi-koordinaattorin k\u00e4ytt\u00f6oikeuden hakeminen<\/h2>\n\n\n\n<p>Wihi-koorfinaattorin k\u00e4ytt\u00f6oikeutta pit\u00e4\u00e4 hakea erikseen. Teknisesti katsoen Wihi on Pepin liit\u00e4nn\u00e4inen, joten oikeastaan haet Pepin k\u00e4ytt\u00f6oikeusroolia &#8221;Wihi-koordinaattori&#8221;. <a href=\"https:\/\/jamkstudent.sharepoint.com\/sites\/ICT-palvelut-Elmo\/SitePages\/Kayttooikeudet-Peppi-jarjestelmaan.aspx\">Pepin k\u00e4ytt\u00f6oikeuden hakuohje on t\u00e4ss\u00e4 (Jamk intrassa). <\/a> Esihenkil\u00f6si hyv\u00e4ksyy k\u00e4ytt\u00f6oikeuspyynn\u00f6n.<\/p>\n\n\n\n<p><\/p>\n\n\n\n<p>L\u00f6yd\u00e4t koordinaattorin Wihi-ohjeet t\u00e4m\u00e4n sivun alasivuilta.<\/p>\n\n\n\n<p>Tsekkaa ensin <strong>Yleist\u00e4 Wihist\u00e4 -sivu<\/strong> ohjaajan Wihi-ohjeista.<\/p>\n\n\n<div id=\"link-lifts-block_490824cdbd774451b3736850b10c0b3f\" class=\"link-lifts block-link-lifts\">\n  <div class=\"row\">\n            <div class=\"col-12 col-lg-4 block-link-lifts__column\">\n          <div class=\"block-link-lifts__item pink\">\n            <h3 class=\"block-link-lifts__item--heading\">Alasivut<\/h3>\n                          <ul class=\"block-link-lifts__item--link-list\">\n                                                                        <li>\n                                              <a class=\"link-list\" href=\"https:\/\/help.jamk.fi\/opinnaytetyon-ohjaus\/fi\/wihi-ohjeet-koordinaattorille\/aihe-ehdotuksen-hyvaksyminen\/\" target=\"_self\">11.1 Aihe-ehdotuksen hyv\u00e4ksyminen<\/a>\n                                          <\/li>\n                                                                                          <li>\n                                              <a class=\"link-list\" href=\"https:\/\/help.jamk.fi\/opinnaytetyon-ohjaus\/fi\/wihi-ohjeet-koordinaattorille\/ohjaajien-tarkastajien-muokkaaminen\/\" target=\"_self\">11.2 Ohjaajien ja tarkastajien muokkaaminen<\/a>\n                                          <\/li>\n                                                                                          <li>\n                                              <a class=\"link-list\" href=\"https:\/\/help.jamk.fi\/opinnaytetyon-ohjaus\/fi\/wihi-ohjeet-koordinaattorille\/vaiheen-avaaminen\/\" target=\"_self\">11.3 Vaiheen avaaminen<\/a>\n                                          <\/li>\n                                                                                          <li>\n                                              <a class=\"link-list\" href=\"https:\/\/help.jamk.fi\/opinnaytetyon-ohjaus\/fi\/wihi-ohjeet-koordinaattorille\/opiskelijan-lisaaminen-vaihtaminen\/\" target=\"_self\">11.4 Opiskelijan lis\u00e4\u00e4minen tai vaihtaminen projektille<\/a>\n                                          <\/li>\n                                                                                          <li>\n                                              <a class=\"link-list\" href=\"https:\/\/help.jamk.fi\/opinnaytetyon-ohjaus\/fi\/wihi-ohjeet-koordinaattorille\/etenemisen-seuranta\/\" target=\"_self\">11.5 Opinn\u00e4ytet\u00f6iden etenemisen seuranta ja hakutoiminnot<\/a>\n                                          <\/li>\n                                                <\/ul>\n            \n          <\/div>\n        <\/div>\n      <\/div>\n<\/div>\n\n\n<h2 class=\"wp-block-heading\">Links<\/h2>\n\n\n\n<p><a href=\"https:\/\/help.jamk.fi\/opinnaytetyon-ohjaus\/fi\/wihi-ohjeet-ohjaajalle\/yleista-wihista\/\">Yleist\u00e4 Wihist\u00e4<\/a><\/p>\n","protected":false},"excerpt":{"rendered":"<p>Wihi-koordinaattori hyv\u00e4ksyy opinn\u00e4ytety\u00f6n aiheet ja nime\u00e4\u00e4 ohjaajat. H\u00e4n voi my\u00f6s lis\u00e4t\u00e4 ja poistaa opiskelijoita projekteilta. Tarvittaessa koordinaattori voi peruuttaa Wihi-projektin takaisin edelliseen vaiheeseen. Jamkissa n\u00e4it\u00e4 k\u00e4ytt\u00f6oikeuksia on esimerkiksi tutkintovastaavilla ja opoilla. Wihi-koordinaattorin k\u00e4ytt\u00f6oikeuden hakeminen Wihi-koorfinaattorin k\u00e4ytt\u00f6oikeutta pit\u00e4\u00e4 hakea erikseen. Teknisesti katsoen Wihi on Pepin liit\u00e4nn\u00e4inen, joten oikeastaan haet Pepin k\u00e4ytt\u00f6oikeusroolia &#8221;Wihi-koordinaattori&#8221;. Pepin k\u00e4ytt\u00f6oikeuden hakuohje on [&hellip;]<\/p>\n","protected":false},"author":79,"featured_media":0,"parent":0,"menu_order":11,"comment_status":"closed","ping_status":"closed","template":"","meta":{"_acf_changed":false,"_relevanssi_hide_post":"","_relevanssi_hide_content":"","_relevanssi_pin_for_all":"","_relevanssi_pin_keywords":"","_relevanssi_unpin_keywords":"","_relevanssi_related_keywords":"","_relevanssi_related_include_ids":"","_relevanssi_related_exclude_ids":"","_relevanssi_related_no_append":"","_relevanssi_related_not_related":"","_relevanssi_related_posts":"","_relevanssi_noindex_reason":"","footnotes":""},"categories":[1],"tags":[83,155],"class_list":["post-231","page","type-page","status-publish","hentry","category-yleinen","tag-opinnaytetyon-ohjaus","tag-wihi"],"acf":[],"yoast_head":"<!-- This site is optimized with the Yoast SEO plugin v27.4 - https:\/\/yoast.com\/product\/yoast-seo-wordpress\/ -->\n<title>11 Wihi-ohjeet koordinaattorille - Thesis Supervisor&#039;s Handbook<\/title>\n<meta name=\"robots\" content=\"index, follow, max-snippet:-1, max-image-preview:large, max-video-preview:-1\" \/>\n<link rel=\"canonical\" href=\"https:\/\/help.jamk.fi\/opinnaytetyon-ohjaus\/fi\/wihi-ohjeet-koordinaattorille\/\" \/>\n<meta property=\"og:locale\" content=\"fi_FI\" \/>\n<meta property=\"og:type\" content=\"article\" \/>\n<meta property=\"og:title\" content=\"11 Wihi-ohjeet koordinaattorille - Thesis Supervisor&#039;s Handbook\" \/>\n<meta property=\"og:description\" content=\"Wihi-koordinaattori hyv\u00e4ksyy opinn\u00e4ytety\u00f6n aiheet ja nime\u00e4\u00e4 ohjaajat. H\u00e4n voi my\u00f6s lis\u00e4t\u00e4 ja poistaa opiskelijoita projekteilta. Tarvittaessa koordinaattori voi peruuttaa Wihi-projektin takaisin edelliseen vaiheeseen. Jamkissa n\u00e4it\u00e4 k\u00e4ytt\u00f6oikeuksia on esimerkiksi tutkintovastaavilla ja opoilla. Wihi-koordinaattorin k\u00e4ytt\u00f6oikeuden hakeminen Wihi-koorfinaattorin k\u00e4ytt\u00f6oikeutta pit\u00e4\u00e4 hakea erikseen. Teknisesti katsoen Wihi on Pepin liit\u00e4nn\u00e4inen, joten oikeastaan haet Pepin k\u00e4ytt\u00f6oikeusroolia &#8221;Wihi-koordinaattori&#8221;. Pepin k\u00e4ytt\u00f6oikeuden hakuohje on [&hellip;]\" \/>\n<meta property=\"og:url\" content=\"https:\/\/help.jamk.fi\/opinnaytetyon-ohjaus\/fi\/wihi-ohjeet-koordinaattorille\/\" \/>\n<meta property=\"og:site_name\" content=\"Thesis Supervisor&#039;s Handbook\" \/>\n<meta property=\"article:modified_time\" content=\"2026-03-26T12:34:06+00:00\" \/>\n<meta name=\"twitter:card\" content=\"summary_large_image\" \/>\n<meta name=\"twitter:label1\" content=\"Arvioitu lukuaika\" \/>\n\t<meta name=\"twitter:data1\" content=\"1 minuutti\" \/>\n<script type=\"application\/ld+json\" class=\"yoast-schema-graph\">{\"@context\":\"https:\\\/\\\/schema.org\",\"@graph\":[{\"@type\":\"WebPage\",\"@id\":\"https:\\\/\\\/help.jamk.fi\\\/opinnaytetyon-ohjaus\\\/fi\\\/wihi-ohjeet-koordinaattorille\\\/\",\"url\":\"https:\\\/\\\/help.jamk.fi\\\/opinnaytetyon-ohjaus\\\/fi\\\/wihi-ohjeet-koordinaattorille\\\/\",\"name\":\"11 Wihi-ohjeet koordinaattorille - Thesis Supervisor&#039;s Handbook\",\"isPartOf\":{\"@id\":\"https:\\\/\\\/help.jamk.fi\\\/opinnaytetyon-ohjaus\\\/#website\"},\"datePublished\":\"2022-05-24T09:17:10+00:00\",\"dateModified\":\"2026-03-26T12:34:06+00:00\",\"breadcrumb\":{\"@id\":\"https:\\\/\\\/help.jamk.fi\\\/opinnaytetyon-ohjaus\\\/fi\\\/wihi-ohjeet-koordinaattorille\\\/#breadcrumb\"},\"inLanguage\":\"fi\",\"potentialAction\":[{\"@type\":\"ReadAction\",\"target\":[\"https:\\\/\\\/help.jamk.fi\\\/opinnaytetyon-ohjaus\\\/fi\\\/wihi-ohjeet-koordinaattorille\\\/\"]}]},{\"@type\":\"BreadcrumbList\",\"@id\":\"https:\\\/\\\/help.jamk.fi\\\/opinnaytetyon-ohjaus\\\/fi\\\/wihi-ohjeet-koordinaattorille\\\/#breadcrumb\",\"itemListElement\":[{\"@type\":\"ListItem\",\"position\":1,\"name\":\"Etusivu\",\"item\":\"https:\\\/\\\/help.jamk.fi\\\/opinnaytetyon-ohjaus\\\/fi\\\/\"},{\"@type\":\"ListItem\",\"position\":2,\"name\":\"11 Wihi-ohjeet koordinaattorille\"}]},{\"@type\":\"WebSite\",\"@id\":\"https:\\\/\\\/help.jamk.fi\\\/opinnaytetyon-ohjaus\\\/#website\",\"url\":\"https:\\\/\\\/help.jamk.fi\\\/opinnaytetyon-ohjaus\\\/\",\"name\":\"Thesis Supervisor&#039;s Handbook\",\"description\":\"Opinn\u00e4ytety\u00f6n ohjaajan k\u00e4sikirja ja vinkkipankki\",\"potentialAction\":[{\"@type\":\"SearchAction\",\"target\":{\"@type\":\"EntryPoint\",\"urlTemplate\":\"https:\\\/\\\/help.jamk.fi\\\/opinnaytetyon-ohjaus\\\/?s={search_term_string}\"},\"query-input\":{\"@type\":\"PropertyValueSpecification\",\"valueRequired\":true,\"valueName\":\"search_term_string\"}}],\"inLanguage\":\"fi\"}]}<\/script>\n<!-- \/ Yoast SEO plugin. -->","yoast_head_json":{"title":"11 Wihi-ohjeet koordinaattorille - Thesis Supervisor&#039;s Handbook","robots":{"index":"index","follow":"follow","max-snippet":"max-snippet:-1","max-image-preview":"max-image-preview:large","max-video-preview":"max-video-preview:-1"},"canonical":"https:\/\/help.jamk.fi\/opinnaytetyon-ohjaus\/fi\/wihi-ohjeet-koordinaattorille\/","og_locale":"fi_FI","og_type":"article","og_title":"11 Wihi-ohjeet koordinaattorille - Thesis Supervisor&#039;s Handbook","og_description":"Wihi-koordinaattori hyv\u00e4ksyy opinn\u00e4ytety\u00f6n aiheet ja nime\u00e4\u00e4 ohjaajat. H\u00e4n voi my\u00f6s lis\u00e4t\u00e4 ja poistaa opiskelijoita projekteilta. Tarvittaessa koordinaattori voi peruuttaa Wihi-projektin takaisin edelliseen vaiheeseen. Jamkissa n\u00e4it\u00e4 k\u00e4ytt\u00f6oikeuksia on esimerkiksi tutkintovastaavilla ja opoilla. Wihi-koordinaattorin k\u00e4ytt\u00f6oikeuden hakeminen Wihi-koorfinaattorin k\u00e4ytt\u00f6oikeutta pit\u00e4\u00e4 hakea erikseen. Teknisesti katsoen Wihi on Pepin liit\u00e4nn\u00e4inen, joten oikeastaan haet Pepin k\u00e4ytt\u00f6oikeusroolia &#8221;Wihi-koordinaattori&#8221;. Pepin k\u00e4ytt\u00f6oikeuden hakuohje on [&hellip;]","og_url":"https:\/\/help.jamk.fi\/opinnaytetyon-ohjaus\/fi\/wihi-ohjeet-koordinaattorille\/","og_site_name":"Thesis Supervisor&#039;s Handbook","article_modified_time":"2026-03-26T12:34:06+00:00","twitter_card":"summary_large_image","twitter_misc":{"Arvioitu lukuaika":"1 minuutti"},"schema":{"@context":"https:\/\/schema.org","@graph":[{"@type":"WebPage","@id":"https:\/\/help.jamk.fi\/opinnaytetyon-ohjaus\/fi\/wihi-ohjeet-koordinaattorille\/","url":"https:\/\/help.jamk.fi\/opinnaytetyon-ohjaus\/fi\/wihi-ohjeet-koordinaattorille\/","name":"11 Wihi-ohjeet koordinaattorille - Thesis Supervisor&#039;s Handbook","isPartOf":{"@id":"https:\/\/help.jamk.fi\/opinnaytetyon-ohjaus\/#website"},"datePublished":"2022-05-24T09:17:10+00:00","dateModified":"2026-03-26T12:34:06+00:00","breadcrumb":{"@id":"https:\/\/help.jamk.fi\/opinnaytetyon-ohjaus\/fi\/wihi-ohjeet-koordinaattorille\/#breadcrumb"},"inLanguage":"fi","potentialAction":[{"@type":"ReadAction","target":["https:\/\/help.jamk.fi\/opinnaytetyon-ohjaus\/fi\/wihi-ohjeet-koordinaattorille\/"]}]},{"@type":"BreadcrumbList","@id":"https:\/\/help.jamk.fi\/opinnaytetyon-ohjaus\/fi\/wihi-ohjeet-koordinaattorille\/#breadcrumb","itemListElement":[{"@type":"ListItem","position":1,"name":"Etusivu","item":"https:\/\/help.jamk.fi\/opinnaytetyon-ohjaus\/fi\/"},{"@type":"ListItem","position":2,"name":"11 Wihi-ohjeet koordinaattorille"}]},{"@type":"WebSite","@id":"https:\/\/help.jamk.fi\/opinnaytetyon-ohjaus\/#website","url":"https:\/\/help.jamk.fi\/opinnaytetyon-ohjaus\/","name":"Thesis Supervisor&#039;s Handbook","description":"Opinn\u00e4ytety\u00f6n ohjaajan k\u00e4sikirja ja vinkkipankki","potentialAction":[{"@type":"SearchAction","target":{"@type":"EntryPoint","urlTemplate":"https:\/\/help.jamk.fi\/opinnaytetyon-ohjaus\/?s={search_term_string}"},"query-input":{"@type":"PropertyValueSpecification","valueRequired":true,"valueName":"search_term_string"}}],"inLanguage":"fi"}]}},"_links":{"self":[{"href":"https:\/\/help.jamk.fi\/opinnaytetyon-ohjaus\/wp-json\/wp\/v2\/pages\/231","targetHints":{"allow":["GET"]}}],"collection":[{"href":"https:\/\/help.jamk.fi\/opinnaytetyon-ohjaus\/wp-json\/wp\/v2\/pages"}],"about":[{"href":"https:\/\/help.jamk.fi\/opinnaytetyon-ohjaus\/wp-json\/wp\/v2\/types\/page"}],"author":[{"embeddable":true,"href":"https:\/\/help.jamk.fi\/opinnaytetyon-ohjaus\/wp-json\/wp\/v2\/users\/79"}],"replies":[{"embeddable":true,"href":"https:\/\/help.jamk.fi\/opinnaytetyon-ohjaus\/wp-json\/wp\/v2\/comments?post=231"}],"version-history":[{"count":6,"href":"https:\/\/help.jamk.fi\/opinnaytetyon-ohjaus\/wp-json\/wp\/v2\/pages\/231\/revisions"}],"predecessor-version":[{"id":1968,"href":"https:\/\/help.jamk.fi\/opinnaytetyon-ohjaus\/wp-json\/wp\/v2\/pages\/231\/revisions\/1968"}],"wp:attachment":[{"href":"https:\/\/help.jamk.fi\/opinnaytetyon-ohjaus\/wp-json\/wp\/v2\/media?parent=231"}],"wp:term":[{"taxonomy":"category","embeddable":true,"href":"https:\/\/help.jamk.fi\/opinnaytetyon-ohjaus\/wp-json\/wp\/v2\/categories?post=231"},{"taxonomy":"post_tag","embeddable":true,"href":"https:\/\/help.jamk.fi\/opinnaytetyon-ohjaus\/wp-json\/wp\/v2\/tags?post=231"}],"curies":[{"name":"wp","href":"https:\/\/api.w.org\/{rel}","templated":true}]}}