{"id":234,"date":"2022-06-14T11:04:21","date_gmt":"2022-06-14T08:04:21","guid":{"rendered":"https:\/\/help.jamk.fi\/yamk-kasikirja\/aineistonhallinta\/"},"modified":"2025-04-29T09:36:31","modified_gmt":"2025-04-29T06:36:31","slug":"aineistonhallinta","status":"publish","type":"page","link":"https:\/\/help.jamk.fi\/opinnaytetyon-ohjaus\/fi\/aineistonhallinta\/","title":{"rendered":"5 Aineistonhallinta"},"content":{"rendered":"\n<p>Jamkissa opinn\u00e4ytety\u00f6suunnitelman liitteeksi laaditaan aineistonhallintasuunnitelma. Se on konkreettinen suunnitelma aineistojen k\u00e4sittelyst\u00e4 opinn\u00e4ytety\u00f6n eri vaiheissa. Sis\u00e4lt\u00f6 t\u00e4ydent\u00e4\u00e4 opinn\u00e4ytety\u00f6suunnitelmaa.<\/p>\n\n\n\n<ul class=\"wp-block-list\">\n<li>Suunnitelman avulla opiskelija laatii itselleen toimintaohjeet, kuinka aineistoa k\u00e4sitell\u00e4\u00e4n opinn\u00e4ytety\u00f6prosessin aikana. N\u00e4m\u00e4 asiat opiskelijan tulee ratkaista joka tapauksessa, suunnitelma on siihen ty\u00f6v\u00e4line.<\/li>\n\n\n\n<li>Suunnitelma auttaa tunnistamaan mm. tietosuojaan ja tietoturvaan liittyvi\u00e4 riskej\u00e4, kun niihin liittyv\u00e4t toimenpiteet pit\u00e4\u00e4 suunnitella etuk\u00e4teen huomioiden oma aineisto.<\/li>\n\n\n\n<li>Suunnitelman avulla opiskelija pystyy ennakoimaan omistajuuteen ja k\u00e4ytt\u00f6oikeuksiin liittyvi\u00e4 yksityiskohtia, jos opinn\u00e4ytety\u00f6n tehd\u00e4\u00e4n jollekin organisaatiolle tai hankkeelle tai ty\u00f6ss\u00e4 k\u00e4ytet\u00e4\u00e4n muualta saatua aineistoa.<\/li>\n\n\n\n<li>Tutkimusaineistojen hallinnointi ja aineistonhallintasuunnitelman laatiminen kuuluvat hyv\u00e4\u00e4n tieteelliseen k\u00e4yt\u00e4nt\u00f6\u00f6n.<\/li>\n\n\n\n<li>Aineistonhallintasuunnitelma kertoo korkeakouluopiskelijan osaamisesta. Esimerkiksi aineistojen tallentamiseen, k\u00e4ytt\u00f6oikeuksiin ja tietosuojakysymyksiin liittyvi\u00e4 kysymyksi\u00e4 kohtaa yh\u00e4 useammin my\u00f6s ty\u00f6el\u00e4m\u00e4ss\u00e4.<\/li>\n\n\n\n<li>Etuk\u00e4teen laadittu suunnitelma mahdollistaa aineistojen hy\u00f6dynt\u00e4misen jatkok\u00e4yt\u00f6ss\u00e4.<\/li>\n<\/ul>\n\n\n\n<h2 class=\"wp-block-heading\">Ohjeet ja pohja aineistonhallintasuunnitelman laatimiseen<\/h2>\n\n\n\n<p>Aineistonhallintasuunnitelman rakenne (ks. alapuolella) noudattaa kansallista mallia. Opiskelija voi laatia suunnitelman valintansa mukaan opinn\u00e4ytety\u00f6ntekij\u00e4n oppaasta l\u00f6ytyv\u00e4ll\u00e4 <strong>dokumenttipohjalla (Word) tai DMP Tuuli -ty\u00f6kalulla<\/strong>. Rakenne ja ohjeet ovat molemmissa samanlaiset. Ohjeistus suunnitelman laatimiseen l\u00f6ytyy Opinn\u00e4ytety\u00f6-oppaasta (luku 5.2) sek\u00e4 yksityiskohtaisesti suoraan suunnitelmapohjista.<\/p>\n\n\n\n<p><strong>Ohje DMP Tuuli-ohjelman k\u00e4ytt\u00f6\u00f6n Haka-kirjautumisen avulla<\/strong>: Ensimm\u00e4isell\u00e4 kerralla tunnus t\u00e4ytyy rekister\u00f6id\u00e4 ja valita organisaatioksi Jamk University of Applied Sciences. Jatkossa k\u00e4ytt\u00e4j\u00e4 voi kirjautua suoraan Hakan kautta kohdasta <strong>Kirjaudu sis\u00e4\u00e4n organisaatiosi tunnuksilla<\/strong>. Jamkin pohjat ohjeineen saa k\u00e4ytt\u00f6\u00f6n kohdasta<strong> Tee uusi suunnitelma<\/strong>, organisaatioksi kirjataan Jamk, rastitaan kohta &#8221;ei rahoittajaa&#8221; ja valitaan oikea Jamkin pohja. Ohjelmassa laaditun suunnitelman voi tulostaa eri tiedostomuodoissa ja jakaa muiden k\u00e4ytt\u00e4jien kanssa, esimerkiksi ohjaajalle tai toiselle opinn\u00e4ytety\u00f6n tekij\u00e4lle.<\/p>\n\n\n\n<h2 class=\"wp-block-heading\">Aineistonhallintasuunnitelman rakenne<\/h2>\n\n\n\n<ol class=\"wp-block-list\">\n<li>Aineiston yleiskuvaus (luettelo\/taulukko aineistosta ja sen ominaisuuksista)<\/li>\n\n\n\n<li>Henkil\u00f6tiedot, eettiset periaatteet ja lains\u00e4\u00e4d\u00e4nt\u00f6<\/li>\n\n\n\n<li>Aineiston kuvailu ja dokumentointi<\/li>\n\n\n\n<li>Tallentaminen ja varmuuskopiointi opinn\u00e4ytety\u00f6n aikana<\/li>\n\n\n\n<li>Aineiston avaaminen ja julkaiseminen, arkistointi tai h\u00e4vitt\u00e4minen opinn\u00e4ytety\u00f6n valmistuttua<\/li>\n\n\n\n<li>Aineistonhallinnan vastuut<\/li>\n<\/ol>\n\n\n\n<h2 class=\"wp-block-heading\">Vinkkej\u00e4 ohjaajalle<\/h2>\n\n\n\n<ul class=\"wp-block-list\">\n<li><strong>Ohjeet<\/strong>: Suunnitelmapohjasta l\u00f6ytyv\u00e4t ohjeet ovat my\u00f6s ohjaajan tukena. Tarkista sielt\u00e4, mit\u00e4 suunnitelmassa tulisi kertoa. Suunnitelmaan vastataan soveltuvin osin ja siin\u00e4 ei ole tarkoitus toistaa opinn\u00e4ytety\u00f6suunnitelman sis\u00e4lt\u00f6j\u00e4.<\/li>\n\n\n\n<li><strong>Konkreettisuus<\/strong>: Suunnitelman pit\u00e4\u00e4 olla konkreettinen ja kertoa ratkaisut kysyttyihin kysymyksiin juuri kyseisen opinn\u00e4ytety\u00f6n kohdalla. Suunnitelma on toimintaohje tekij\u00e4lleen.<\/li>\n\n\n\n<li><strong>Henkil\u00f6tietojen tunnistaminen<\/strong>: Kiinnit\u00e4 huomiota erityisesti siihen, ett\u00e4 opiskelija varmasti tunnistaa k\u00e4sitteleek\u00f6 h\u00e4n jossain muodossa henkil\u00f6tietoa opinn\u00e4ytety\u00f6ss\u00e4. T\u00e4st\u00e4 seuraa tietosuojaselosteen sek\u00e4 riitt\u00e4v\u00e4n informoinnin tarve. Henkil\u00f6tiedon tyyppi vaikuttaa my\u00f6s siihen, miten aineistoa voi tallentaa, jakaa ja mahdollisesti arkistoida.<\/li>\n\n\n\n<li><strong>Toimeksiantajan rooli<\/strong>: Huomioi mahdollisen toimeksiantajan rooli esimerkiksi aineiston omistajana, k\u00e4ytt\u00e4j\u00e4n\u00e4 tai tallentajana. Onko tutkittavia informoitu oikein, kenell\u00e4 on oikeudet aineistoon ja mit\u00e4 sille tehd\u00e4\u00e4n opinn\u00e4ytety\u00f6n valmistuttua. Vaatiiko tutkimuksen kohdeorganisaatio tutkimuslupaa?<\/li>\n\n\n\n<li><strong>Aineistojen tallentaminen<\/strong>: Aineiston tallennusvaihtoehtoja on kuvattu opinn\u00e4ytety\u00f6oppaassa (luku 5.2). T\u00e4rke\u00e4\u00e4 on tietoturvallinen tapa tallentaa ja v\u00e4litt\u00e4\u00e4 aineistoa sek\u00e4 aineiston h\u00e4vitt\u00e4minen tai tallentaminen asianmukaisesti ty\u00f6n valmistuttua. Tallentamisessa suositellaan k\u00e4ytett\u00e4v\u00e4ksi organisaation tarjoamia palveluja yksityisten k\u00e4ytt\u00e4j\u00e4tilien sijaan.<\/li>\n\n\n\n<li><strong>HUOM. Uuden HTK-ohjeen my\u00f6t\u00e4 YAMK-opinn\u00e4ytet\u00f6iden aineistoja ei en\u00e4\u00e4 ole v\u00e4ltt\u00e4m\u00e4t\u00f6nt\u00e4 s\u00e4ilytt\u00e4\u00e4, kun opinn\u00e4ytety\u00f6 on valmistunut.<\/strong> T\u00e4m\u00e4 koskee my\u00f6s jo aloitettuja opinn\u00e4ytet\u00f6it\u00e4. Opiskelija voi s\u00e4ilytt\u00e4\u00e4 aineiston varmuuskopion itsell\u00e4\u00e4n, mutta jos aineisto sis\u00e4lt\u00e4\u00e4 sensitiivist\u00e4 tietoa (yritysten ei-julkisia tietoja, henkil\u00f6tietoja), t\u00e4m\u00e4 aineisto t\u00e4ytyy h\u00e4vitt\u00e4\u00e4 tai arkistoida tietoturvallisesti, kun opiskelijan tunnukset Jamkin tietoturvallisiin ymp\u00e4rist\u00f6ihin lakkaavat toimimasta.<\/li>\n\n\n\n<li><strong>Anonymisointi ja arkistointi<\/strong>: Jos aineisto halutaan s\u00e4ilytt\u00e4\u00e4 jatkok\u00e4ytt\u00f6\u00e4 varten, se voidaan arkistoida huomioiden tietoturva, tietosuoja ja luotettavat tallennusratkaisut. Henkil\u00f6tietoa sis\u00e4lt\u00e4v\u00e4 aineisto on aina anonymisoitava, jos se tallennetaan ty\u00f6n valmistuttua jatkok\u00e4ytt\u00f6\u00e4 varten.<\/li>\n\n\n\n<li><strong>Suunnitelman pituus<\/strong> on noin 1-3 sivua.<\/li>\n<\/ul>\n\n\n\r\n<div id=\"embed-block_0ca168ae3398d00de13149d47b7dff90\" class=\"embed block-embed\">\r\n      <div class=\"block-embed__wrapper\">\r\n\r\n      \r\n          <div class=\"block-embed__cookie-notice--wrapper\" id=\"cookie-notice\">\r\n              <div class=\"block-embed__cookie-notice--text\">\r\n                                    <p>Hyv\u00e4ksy v\u00e4ltt\u00e4m\u00e4tt\u00f6m\u00e4t ev\u00e4steet n\u00e4hd\u00e4ksesi upotetun sis\u00e4ll\u00f6n: marketing, analytics, preferences.<\/p>\r\n                  <a href=\"#\" class=\"ch2-open-settings-btn\"> Hyv\u00e4ksy v\u00e4ltt\u00e4m\u00e4tt\u00f6m\u00e4t ev\u00e4steet<\/a>\r\n              <\/div>\r\n              <div class=\"block-embed__cookie-reload-notice\">\r\n                  <p class=\"cookie-reload-text\">\r\n                    (Jos olet hyv\u00e4ksynyt ev\u00e4steet, mutta n\u00e4et silti t\u00e4m\u00e4n viestin, lataa sivu uudelleen.)                  <\/p>\r\n                  <a href=\"#\" onclick=\"location.reload(); return false;\">\r\n                    Lataa sivu uudelleen                  <\/a>\r\n              <\/div>\r\n          <\/div>\r\n\r\n      \r\n      <\/div>\r\n<\/div>\r\n\n\n\n<h2 class=\"wp-block-heading\">Linkit<\/h2>\n\n\n\n<p><a href=\"https:\/\/help.jamk.fi\/opinnaytetyo\/projektisuunnitelma-aikataulu\/tutkimusaineisto\/\" target=\"_blank\" rel=\"noreferrer noopener\">5.2 Aineistonhallintasuunnitelma ja aineiston k\u00e4sittely (Opiskelijan opinn\u00e4ytety\u00f6ohje)<\/a><\/p>\n\n\n\n<p><a href=\"https:\/\/dmptuuli.fi\/\" target=\"_blank\" rel=\"noreferrer noopener\">DMPTuuli -kirjautumissivu<\/a><\/p>\n\n\n\n<p><a rel=\"noreferrer noopener\" href=\"https:\/\/www.fsd.tuni.fi\/fi\/palvelut\/aineistonhallinta\/\" target=\"_blank\">Tietoarkiston aineistonhallinnan k\u00e4sikirja<\/a> (tarkat ohjeet kaikkiin aineistonhallinnan vaiheisiin, mm. tutkittavan informointi, aineiston s\u00e4ilytt\u00e4minen ja h\u00e4vitt\u00e4minen, oikeudet, anonymisointi)<\/p>\n\n\n\n<p><a href=\"https:\/\/tietosuoja.fi\/mika-on-henkilotieto\" target=\"_blank\" rel=\"noreferrer noopener\">Mik\u00e4 on henkil\u00f6tieto? (Tietosuojavaltuutetun toimisto)<\/a><\/p>\n\n\n\n<p><a href=\"https:\/\/www.jamk.fi\/fi\/tutkimus-ja-kehitys\/tutkimus\/tutkimuslupa\" target=\"_blank\" rel=\"noreferrer noopener\">Tutkimuslupa (jamk.fi)<\/a><\/p>\n\n\n\n<p><sub>P\u00e4ivitetty 24.10.2022 Elina Kirjalainen<\/sub><\/p>\n","protected":false},"excerpt":{"rendered":"<p>Jamkissa opinn\u00e4ytety\u00f6suunnitelman liitteeksi laaditaan aineistonhallintasuunnitelma. Se on konkreettinen suunnitelma aineistojen k\u00e4sittelyst\u00e4 opinn\u00e4ytety\u00f6n eri vaiheissa. Sis\u00e4lt\u00f6 t\u00e4ydent\u00e4\u00e4 opinn\u00e4ytety\u00f6suunnitelmaa. Ohjeet ja pohja aineistonhallintasuunnitelman laatimiseen Aineistonhallintasuunnitelman rakenne (ks. alapuolella) noudattaa kansallista mallia. Opiskelija voi laatia suunnitelman valintansa mukaan opinn\u00e4ytety\u00f6ntekij\u00e4n oppaasta l\u00f6ytyv\u00e4ll\u00e4 dokumenttipohjalla (Word) tai DMP Tuuli -ty\u00f6kalulla. Rakenne ja ohjeet ovat molemmissa samanlaiset. Ohjeistus suunnitelman laatimiseen l\u00f6ytyy Opinn\u00e4ytety\u00f6-oppaasta [&hellip;]<\/p>\n","protected":false},"author":79,"featured_media":0,"parent":0,"menu_order":5,"comment_status":"closed","ping_status":"closed","template":"","meta":{"_acf_changed":false,"_relevanssi_hide_post":"","_relevanssi_hide_content":"","_relevanssi_pin_for_all":"","_relevanssi_pin_keywords":"","_relevanssi_unpin_keywords":"","_relevanssi_related_keywords":"","_relevanssi_related_include_ids":"","_relevanssi_related_exclude_ids":"","_relevanssi_related_no_append":"","_relevanssi_related_not_related":"","_relevanssi_related_posts":"","_relevanssi_noindex_reason":"","footnotes":""},"categories":[1],"tags":[],"class_list":["post-234","page","type-page","status-publish","hentry","category-yleinen"],"acf":[],"yoast_head":"<!-- This site is optimized with the Yoast SEO plugin v27.4 - https:\/\/yoast.com\/product\/yoast-seo-wordpress\/ -->\n<title>5 Aineistonhallinta - Thesis Supervisor&#039;s Handbook<\/title>\n<meta name=\"robots\" content=\"index, follow, max-snippet:-1, max-image-preview:large, max-video-preview:-1\" \/>\n<link rel=\"canonical\" href=\"https:\/\/help.jamk.fi\/opinnaytetyon-ohjaus\/fi\/aineistonhallinta\/\" \/>\n<meta property=\"og:locale\" content=\"fi_FI\" \/>\n<meta property=\"og:type\" content=\"article\" \/>\n<meta property=\"og:title\" content=\"5 Aineistonhallinta - Thesis Supervisor&#039;s Handbook\" \/>\n<meta property=\"og:description\" content=\"Jamkissa opinn\u00e4ytety\u00f6suunnitelman liitteeksi laaditaan aineistonhallintasuunnitelma. Se on konkreettinen suunnitelma aineistojen k\u00e4sittelyst\u00e4 opinn\u00e4ytety\u00f6n eri vaiheissa. Sis\u00e4lt\u00f6 t\u00e4ydent\u00e4\u00e4 opinn\u00e4ytety\u00f6suunnitelmaa. Ohjeet ja pohja aineistonhallintasuunnitelman laatimiseen Aineistonhallintasuunnitelman rakenne (ks. alapuolella) noudattaa kansallista mallia. Opiskelija voi laatia suunnitelman valintansa mukaan opinn\u00e4ytety\u00f6ntekij\u00e4n oppaasta l\u00f6ytyv\u00e4ll\u00e4 dokumenttipohjalla (Word) tai DMP Tuuli -ty\u00f6kalulla. Rakenne ja ohjeet ovat molemmissa samanlaiset. Ohjeistus suunnitelman laatimiseen l\u00f6ytyy Opinn\u00e4ytety\u00f6-oppaasta [&hellip;]\" \/>\n<meta property=\"og:url\" content=\"https:\/\/help.jamk.fi\/opinnaytetyon-ohjaus\/fi\/aineistonhallinta\/\" \/>\n<meta property=\"og:site_name\" content=\"Thesis Supervisor&#039;s Handbook\" \/>\n<meta property=\"article:modified_time\" content=\"2025-04-29T06:36:31+00:00\" \/>\n<meta name=\"twitter:card\" content=\"summary_large_image\" \/>\n<meta name=\"twitter:label1\" content=\"Arvioitu lukuaika\" \/>\n\t<meta name=\"twitter:data1\" content=\"4 minuuttia\" \/>\n<script type=\"application\/ld+json\" class=\"yoast-schema-graph\">{\"@context\":\"https:\\\/\\\/schema.org\",\"@graph\":[{\"@type\":\"WebPage\",\"@id\":\"https:\\\/\\\/help.jamk.fi\\\/opinnaytetyon-ohjaus\\\/fi\\\/aineistonhallinta\\\/\",\"url\":\"https:\\\/\\\/help.jamk.fi\\\/opinnaytetyon-ohjaus\\\/fi\\\/aineistonhallinta\\\/\",\"name\":\"5 Aineistonhallinta - Thesis Supervisor&#039;s Handbook\",\"isPartOf\":{\"@id\":\"https:\\\/\\\/help.jamk.fi\\\/opinnaytetyon-ohjaus\\\/#website\"},\"datePublished\":\"2022-06-14T08:04:21+00:00\",\"dateModified\":\"2025-04-29T06:36:31+00:00\",\"breadcrumb\":{\"@id\":\"https:\\\/\\\/help.jamk.fi\\\/opinnaytetyon-ohjaus\\\/fi\\\/aineistonhallinta\\\/#breadcrumb\"},\"inLanguage\":\"fi\",\"potentialAction\":[{\"@type\":\"ReadAction\",\"target\":[\"https:\\\/\\\/help.jamk.fi\\\/opinnaytetyon-ohjaus\\\/fi\\\/aineistonhallinta\\\/\"]}]},{\"@type\":\"BreadcrumbList\",\"@id\":\"https:\\\/\\\/help.jamk.fi\\\/opinnaytetyon-ohjaus\\\/fi\\\/aineistonhallinta\\\/#breadcrumb\",\"itemListElement\":[{\"@type\":\"ListItem\",\"position\":1,\"name\":\"Etusivu\",\"item\":\"https:\\\/\\\/help.jamk.fi\\\/opinnaytetyon-ohjaus\\\/fi\\\/\"},{\"@type\":\"ListItem\",\"position\":2,\"name\":\"5 Aineistonhallinta\"}]},{\"@type\":\"WebSite\",\"@id\":\"https:\\\/\\\/help.jamk.fi\\\/opinnaytetyon-ohjaus\\\/#website\",\"url\":\"https:\\\/\\\/help.jamk.fi\\\/opinnaytetyon-ohjaus\\\/\",\"name\":\"Thesis Supervisor&#039;s Handbook\",\"description\":\"Opinn\u00e4ytety\u00f6n ohjaajan k\u00e4sikirja ja vinkkipankki\",\"potentialAction\":[{\"@type\":\"SearchAction\",\"target\":{\"@type\":\"EntryPoint\",\"urlTemplate\":\"https:\\\/\\\/help.jamk.fi\\\/opinnaytetyon-ohjaus\\\/?s={search_term_string}\"},\"query-input\":{\"@type\":\"PropertyValueSpecification\",\"valueRequired\":true,\"valueName\":\"search_term_string\"}}],\"inLanguage\":\"fi\"}]}<\/script>\n<!-- \/ Yoast SEO plugin. -->","yoast_head_json":{"title":"5 Aineistonhallinta - Thesis Supervisor&#039;s Handbook","robots":{"index":"index","follow":"follow","max-snippet":"max-snippet:-1","max-image-preview":"max-image-preview:large","max-video-preview":"max-video-preview:-1"},"canonical":"https:\/\/help.jamk.fi\/opinnaytetyon-ohjaus\/fi\/aineistonhallinta\/","og_locale":"fi_FI","og_type":"article","og_title":"5 Aineistonhallinta - Thesis Supervisor&#039;s Handbook","og_description":"Jamkissa opinn\u00e4ytety\u00f6suunnitelman liitteeksi laaditaan aineistonhallintasuunnitelma. Se on konkreettinen suunnitelma aineistojen k\u00e4sittelyst\u00e4 opinn\u00e4ytety\u00f6n eri vaiheissa. Sis\u00e4lt\u00f6 t\u00e4ydent\u00e4\u00e4 opinn\u00e4ytety\u00f6suunnitelmaa. Ohjeet ja pohja aineistonhallintasuunnitelman laatimiseen Aineistonhallintasuunnitelman rakenne (ks. alapuolella) noudattaa kansallista mallia. Opiskelija voi laatia suunnitelman valintansa mukaan opinn\u00e4ytety\u00f6ntekij\u00e4n oppaasta l\u00f6ytyv\u00e4ll\u00e4 dokumenttipohjalla (Word) tai DMP Tuuli -ty\u00f6kalulla. Rakenne ja ohjeet ovat molemmissa samanlaiset. Ohjeistus suunnitelman laatimiseen l\u00f6ytyy Opinn\u00e4ytety\u00f6-oppaasta [&hellip;]","og_url":"https:\/\/help.jamk.fi\/opinnaytetyon-ohjaus\/fi\/aineistonhallinta\/","og_site_name":"Thesis Supervisor&#039;s Handbook","article_modified_time":"2025-04-29T06:36:31+00:00","twitter_card":"summary_large_image","twitter_misc":{"Arvioitu lukuaika":"4 minuuttia"},"schema":{"@context":"https:\/\/schema.org","@graph":[{"@type":"WebPage","@id":"https:\/\/help.jamk.fi\/opinnaytetyon-ohjaus\/fi\/aineistonhallinta\/","url":"https:\/\/help.jamk.fi\/opinnaytetyon-ohjaus\/fi\/aineistonhallinta\/","name":"5 Aineistonhallinta - Thesis Supervisor&#039;s Handbook","isPartOf":{"@id":"https:\/\/help.jamk.fi\/opinnaytetyon-ohjaus\/#website"},"datePublished":"2022-06-14T08:04:21+00:00","dateModified":"2025-04-29T06:36:31+00:00","breadcrumb":{"@id":"https:\/\/help.jamk.fi\/opinnaytetyon-ohjaus\/fi\/aineistonhallinta\/#breadcrumb"},"inLanguage":"fi","potentialAction":[{"@type":"ReadAction","target":["https:\/\/help.jamk.fi\/opinnaytetyon-ohjaus\/fi\/aineistonhallinta\/"]}]},{"@type":"BreadcrumbList","@id":"https:\/\/help.jamk.fi\/opinnaytetyon-ohjaus\/fi\/aineistonhallinta\/#breadcrumb","itemListElement":[{"@type":"ListItem","position":1,"name":"Etusivu","item":"https:\/\/help.jamk.fi\/opinnaytetyon-ohjaus\/fi\/"},{"@type":"ListItem","position":2,"name":"5 Aineistonhallinta"}]},{"@type":"WebSite","@id":"https:\/\/help.jamk.fi\/opinnaytetyon-ohjaus\/#website","url":"https:\/\/help.jamk.fi\/opinnaytetyon-ohjaus\/","name":"Thesis Supervisor&#039;s Handbook","description":"Opinn\u00e4ytety\u00f6n ohjaajan k\u00e4sikirja ja vinkkipankki","potentialAction":[{"@type":"SearchAction","target":{"@type":"EntryPoint","urlTemplate":"https:\/\/help.jamk.fi\/opinnaytetyon-ohjaus\/?s={search_term_string}"},"query-input":{"@type":"PropertyValueSpecification","valueRequired":true,"valueName":"search_term_string"}}],"inLanguage":"fi"}]}},"_links":{"self":[{"href":"https:\/\/help.jamk.fi\/opinnaytetyon-ohjaus\/wp-json\/wp\/v2\/pages\/234","targetHints":{"allow":["GET"]}}],"collection":[{"href":"https:\/\/help.jamk.fi\/opinnaytetyon-ohjaus\/wp-json\/wp\/v2\/pages"}],"about":[{"href":"https:\/\/help.jamk.fi\/opinnaytetyon-ohjaus\/wp-json\/wp\/v2\/types\/page"}],"author":[{"embeddable":true,"href":"https:\/\/help.jamk.fi\/opinnaytetyon-ohjaus\/wp-json\/wp\/v2\/users\/79"}],"replies":[{"embeddable":true,"href":"https:\/\/help.jamk.fi\/opinnaytetyon-ohjaus\/wp-json\/wp\/v2\/comments?post=234"}],"version-history":[{"count":11,"href":"https:\/\/help.jamk.fi\/opinnaytetyon-ohjaus\/wp-json\/wp\/v2\/pages\/234\/revisions"}],"predecessor-version":[{"id":1845,"href":"https:\/\/help.jamk.fi\/opinnaytetyon-ohjaus\/wp-json\/wp\/v2\/pages\/234\/revisions\/1845"}],"wp:attachment":[{"href":"https:\/\/help.jamk.fi\/opinnaytetyon-ohjaus\/wp-json\/wp\/v2\/media?parent=234"}],"wp:term":[{"taxonomy":"category","embeddable":true,"href":"https:\/\/help.jamk.fi\/opinnaytetyon-ohjaus\/wp-json\/wp\/v2\/categories?post=234"},{"taxonomy":"post_tag","embeddable":true,"href":"https:\/\/help.jamk.fi\/opinnaytetyon-ohjaus\/wp-json\/wp\/v2\/tags?post=234"}],"curies":[{"name":"wp","href":"https:\/\/api.w.org\/{rel}","templated":true}]}}