{"id":240,"date":"2022-08-30T06:44:37","date_gmt":"2022-08-30T03:44:37","guid":{"rendered":"https:\/\/help.jamk.fi\/yamk-kasikirja\/wihi-instructions-for-thesis-tutors-2\/"},"modified":"2025-03-05T13:21:43","modified_gmt":"2025-03-05T11:21:43","slug":"wihi-instructions-for-thesis-tutors-2","status":"publish","type":"page","link":"https:\/\/help.jamk.fi\/opinnaytetyon-ohjaus\/en\/wihi-instructions-for-thesis-tutors-2\/","title":{"rendered":"10 Wihi instructions for thesis advisors"},"content":{"rendered":"\n<p>Find advisor&#8217;s Wihi instructions on the subpages of this page. Student instructions are on the student&#8217;s thesis instructions.<\/p>\n\n\n\n<p>Note, that in Wihi the term &#8221;thesis advisor&#8221; means the same as &#8221;thesis tutor&#8221; or &#8221;thesis supervisor&#8221;.<\/p>\n\n\n<div id=\"link-lifts-block_ac5c29b2af38072e6df9e4c4db4f56db\" class=\"link-lifts block-link-lifts\">\n  <div class=\"row\">\n            <div class=\"col-12 col-lg-4 block-link-lifts__column\">\n          <div class=\"block-link-lifts__item pink\">\n            <h3 class=\"block-link-lifts__item--heading\">Subpages<\/h3>\n                          <ul class=\"block-link-lifts__item--link-list\">\n                                                                        <li>\n                                              <a class=\"link-list\" href=\"https:\/\/help.jamk.fi\/opinnaytetyon-ohjaus\/en\/wihi-instructions-for-thesis-tutors-2\/general-information\/\" target=\"_self\">10.1 General information about Wihi<\/a>\n                                          <\/li>\n                                                                                          <li>\n                                              <a class=\"link-list\" href=\"https:\/\/help.jamk.fi\/opinnaytetyon-ohjaus\/en\/wihi-instructions-for-thesis-tutors-2\/approving-as-tutor\/\" target=\"_self\">10.2 Approve advisor for a thesis project<\/a>\n                                          <\/li>\n                                                                                          <li>\n                                              <a class=\"link-list\" href=\"https:\/\/help.jamk.fi\/opinnaytetyon-ohjaus\/en\/wihi-instructions-for-thesis-tutors-2\/functions\/\" target=\"_self\">10.3. Wihi functions<\/a>\n                                          <\/li>\n                                                                                          <li>\n                                              <a class=\"link-list\" href=\"https:\/\/help.jamk.fi\/opinnaytetyon-ohjaus\/en\/wihi-instructions-for-thesis-tutors-2\/project-plan\/\" target=\"_self\">10.4 Project plan and schedule<\/a>\n                                          <\/li>\n                                                                                          <li>\n                                              <a class=\"link-list\" href=\"https:\/\/help.jamk.fi\/opinnaytetyon-ohjaus\/en\/wihi-instructions-for-thesis-tutors-2\/accepting-phase\/\" target=\"_self\">10.5 Accepting a phase and study attainments<\/a>\n                                          <\/li>\n                                                                                          <li>\n                                              <a class=\"link-list\" href=\"https:\/\/help.jamk.fi\/opinnaytetyon-ohjaus\/en\/wihi-instructions-for-thesis-tutors-2\/returning-thesis\/\" target=\"_self\">10.6 Submitting the thesis and plagiarism check<\/a>\n                                          <\/li>\n                                                                                          <li>\n                                              <a class=\"link-list\" href=\"https:\/\/help.jamk.fi\/opinnaytetyon-ohjaus\/en\/wihi-instructions-for-thesis-tutors-2\/thesis-containing-confidential-appendices\/\" target=\"_self\">10.7 Thesis containing confidential appendices and Wihi<\/a>\n                                          <\/li>\n                                                                                          <li>\n                                              <a class=\"link-list\" href=\"https:\/\/help.jamk.fi\/opinnaytetyon-ohjaus\/en\/wihi-instructions-for-thesis-tutors-2\/thesis-assessment\/\" target=\"_self\">10.8 Thesis assessment and assessment form<\/a>\n                                          <\/li>\n                                                                                          <li>\n                                              <a class=\"link-list\" href=\"https:\/\/help.jamk.fi\/opinnaytetyon-ohjaus\/en\/wihi-instructions-for-thesis-tutors-2\/ending-project\/\" target=\"_self\">10.9 Ending the project and transferring grades to Peppi<\/a>\n                                          <\/li>\n                                                <\/ul>\n            \n          <\/div>\n        <\/div>\n      <\/div>\n<\/div>\n\n\n<h2 class=\"wp-block-heading\">Documents<\/h2>\n\n\n\n<p><a href=\"https:\/\/help.jamk.fi\/opinnaytetyon-ohjaus\/wp-content\/uploads\/sites\/110\/2023\/09\/Steps-of-Thesis-Assessment-in-Wihi2.pdf\">Steps of thesis assessment in Wihi (PDF)<\/a><\/p>\n\n\n\n<h2 class=\"wp-block-heading\">Links<\/h2>\n\n\n\n<p><a href=\"https:\/\/help.jamk.fi\/opinnaytetyo\/en\/thesis-project\/\" target=\"_blank\" rel=\"noreferrer noopener\">Student\u2019s thesis project and tasks (Thesis guide for students)<\/a><\/p>\n","protected":false},"excerpt":{"rendered":"<p>Find advisor&#8217;s Wihi instructions on the subpages of this page. Student instructions are on the student&#8217;s thesis instructions. Note, that in Wihi the term &#8221;thesis advisor&#8221; means the same as &#8221;thesis tutor&#8221; or &#8221;thesis supervisor&#8221;. Documents Links Student\u2019s thesis project and tasks (Thesis guide for students)<\/p>\n","protected":false},"author":79,"featured_media":0,"parent":0,"menu_order":10,"comment_status":"closed","ping_status":"closed","template":"","meta":{"_acf_changed":false,"_relevanssi_hide_post":"","_relevanssi_hide_content":"","_relevanssi_pin_for_all":"","_relevanssi_pin_keywords":"","_relevanssi_unpin_keywords":"","_relevanssi_related_keywords":"","_relevanssi_related_include_ids":"","_relevanssi_related_exclude_ids":"","_relevanssi_related_no_append":"","_relevanssi_related_not_related":"","_relevanssi_related_posts":"","_relevanssi_noindex_reason":"","footnotes":""},"categories":[16],"tags":[],"class_list":["post-240","page","type-page","status-publish","hentry","category-uncategorized-en"],"acf":[],"yoast_head":"<!-- This site is optimized with the Yoast SEO plugin v27.4 - https:\/\/yoast.com\/product\/yoast-seo-wordpress\/ -->\n<title>10 Wihi instructions for thesis advisors - Thesis Supervisor&#039;s Handbook<\/title>\n<meta name=\"robots\" content=\"index, follow, max-snippet:-1, max-image-preview:large, max-video-preview:-1\" \/>\n<link rel=\"canonical\" href=\"https:\/\/help.jamk.fi\/opinnaytetyon-ohjaus\/en\/wihi-instructions-for-thesis-tutors-2\/\" \/>\n<meta property=\"og:locale\" content=\"fi_FI\" \/>\n<meta property=\"og:type\" content=\"article\" \/>\n<meta property=\"og:title\" content=\"10 Wihi instructions for thesis advisors - Thesis Supervisor&#039;s Handbook\" \/>\n<meta property=\"og:description\" content=\"Find advisor&#8217;s Wihi instructions on the subpages of this page. Student instructions are on the student&#8217;s thesis instructions. Note, that in Wihi the term &#8221;thesis advisor&#8221; means the same as &#8221;thesis tutor&#8221; or &#8221;thesis supervisor&#8221;. Documents Links Student\u2019s thesis project and tasks (Thesis guide for students)\" \/>\n<meta property=\"og:url\" content=\"https:\/\/help.jamk.fi\/opinnaytetyon-ohjaus\/en\/wihi-instructions-for-thesis-tutors-2\/\" \/>\n<meta property=\"og:site_name\" content=\"Thesis Supervisor&#039;s Handbook\" \/>\n<meta property=\"article:modified_time\" content=\"2025-03-05T11:21:43+00:00\" \/>\n<meta name=\"twitter:card\" content=\"summary_large_image\" \/>\n<meta name=\"twitter:label1\" content=\"Arvioitu lukuaika\" \/>\n\t<meta name=\"twitter:data1\" content=\"1 minuutti\" \/>\n<script type=\"application\/ld+json\" class=\"yoast-schema-graph\">{\"@context\":\"https:\\\/\\\/schema.org\",\"@graph\":[{\"@type\":\"WebPage\",\"@id\":\"https:\\\/\\\/help.jamk.fi\\\/opinnaytetyon-ohjaus\\\/en\\\/wihi-instructions-for-thesis-tutors-2\\\/\",\"url\":\"https:\\\/\\\/help.jamk.fi\\\/opinnaytetyon-ohjaus\\\/en\\\/wihi-instructions-for-thesis-tutors-2\\\/\",\"name\":\"10 Wihi instructions for thesis advisors - Thesis Supervisor&#039;s Handbook\",\"isPartOf\":{\"@id\":\"https:\\\/\\\/help.jamk.fi\\\/opinnaytetyon-ohjaus\\\/#website\"},\"datePublished\":\"2022-08-30T03:44:37+00:00\",\"dateModified\":\"2025-03-05T11:21:43+00:00\",\"breadcrumb\":{\"@id\":\"https:\\\/\\\/help.jamk.fi\\\/opinnaytetyon-ohjaus\\\/en\\\/wihi-instructions-for-thesis-tutors-2\\\/#breadcrumb\"},\"inLanguage\":\"fi\",\"potentialAction\":[{\"@type\":\"ReadAction\",\"target\":[\"https:\\\/\\\/help.jamk.fi\\\/opinnaytetyon-ohjaus\\\/en\\\/wihi-instructions-for-thesis-tutors-2\\\/\"]}]},{\"@type\":\"BreadcrumbList\",\"@id\":\"https:\\\/\\\/help.jamk.fi\\\/opinnaytetyon-ohjaus\\\/en\\\/wihi-instructions-for-thesis-tutors-2\\\/#breadcrumb\",\"itemListElement\":[{\"@type\":\"ListItem\",\"position\":1,\"name\":\"Etusivu\",\"item\":\"https:\\\/\\\/help.jamk.fi\\\/opinnaytetyon-ohjaus\\\/fi\\\/\"},{\"@type\":\"ListItem\",\"position\":2,\"name\":\"10 Wihi instructions for thesis advisors\"}]},{\"@type\":\"WebSite\",\"@id\":\"https:\\\/\\\/help.jamk.fi\\\/opinnaytetyon-ohjaus\\\/#website\",\"url\":\"https:\\\/\\\/help.jamk.fi\\\/opinnaytetyon-ohjaus\\\/\",\"name\":\"Thesis Supervisor&#039;s Handbook\",\"description\":\"Opinn\u00e4ytety\u00f6n ohjaajan k\u00e4sikirja ja vinkkipankki\",\"potentialAction\":[{\"@type\":\"SearchAction\",\"target\":{\"@type\":\"EntryPoint\",\"urlTemplate\":\"https:\\\/\\\/help.jamk.fi\\\/opinnaytetyon-ohjaus\\\/?s={search_term_string}\"},\"query-input\":{\"@type\":\"PropertyValueSpecification\",\"valueRequired\":true,\"valueName\":\"search_term_string\"}}],\"inLanguage\":\"fi\"}]}<\/script>\n<!-- \/ Yoast SEO plugin. -->","yoast_head_json":{"title":"10 Wihi instructions for thesis advisors - Thesis Supervisor&#039;s Handbook","robots":{"index":"index","follow":"follow","max-snippet":"max-snippet:-1","max-image-preview":"max-image-preview:large","max-video-preview":"max-video-preview:-1"},"canonical":"https:\/\/help.jamk.fi\/opinnaytetyon-ohjaus\/en\/wihi-instructions-for-thesis-tutors-2\/","og_locale":"fi_FI","og_type":"article","og_title":"10 Wihi instructions for thesis advisors - Thesis Supervisor&#039;s Handbook","og_description":"Find advisor&#8217;s Wihi instructions on the subpages of this page. Student instructions are on the student&#8217;s thesis instructions. Note, that in Wihi the term &#8221;thesis advisor&#8221; means the same as &#8221;thesis tutor&#8221; or &#8221;thesis supervisor&#8221;. Documents Links Student\u2019s thesis project and tasks (Thesis guide for students)","og_url":"https:\/\/help.jamk.fi\/opinnaytetyon-ohjaus\/en\/wihi-instructions-for-thesis-tutors-2\/","og_site_name":"Thesis Supervisor&#039;s Handbook","article_modified_time":"2025-03-05T11:21:43+00:00","twitter_card":"summary_large_image","twitter_misc":{"Arvioitu lukuaika":"1 minuutti"},"schema":{"@context":"https:\/\/schema.org","@graph":[{"@type":"WebPage","@id":"https:\/\/help.jamk.fi\/opinnaytetyon-ohjaus\/en\/wihi-instructions-for-thesis-tutors-2\/","url":"https:\/\/help.jamk.fi\/opinnaytetyon-ohjaus\/en\/wihi-instructions-for-thesis-tutors-2\/","name":"10 Wihi instructions for thesis advisors - Thesis Supervisor&#039;s Handbook","isPartOf":{"@id":"https:\/\/help.jamk.fi\/opinnaytetyon-ohjaus\/#website"},"datePublished":"2022-08-30T03:44:37+00:00","dateModified":"2025-03-05T11:21:43+00:00","breadcrumb":{"@id":"https:\/\/help.jamk.fi\/opinnaytetyon-ohjaus\/en\/wihi-instructions-for-thesis-tutors-2\/#breadcrumb"},"inLanguage":"fi","potentialAction":[{"@type":"ReadAction","target":["https:\/\/help.jamk.fi\/opinnaytetyon-ohjaus\/en\/wihi-instructions-for-thesis-tutors-2\/"]}]},{"@type":"BreadcrumbList","@id":"https:\/\/help.jamk.fi\/opinnaytetyon-ohjaus\/en\/wihi-instructions-for-thesis-tutors-2\/#breadcrumb","itemListElement":[{"@type":"ListItem","position":1,"name":"Etusivu","item":"https:\/\/help.jamk.fi\/opinnaytetyon-ohjaus\/fi\/"},{"@type":"ListItem","position":2,"name":"10 Wihi instructions for thesis advisors"}]},{"@type":"WebSite","@id":"https:\/\/help.jamk.fi\/opinnaytetyon-ohjaus\/#website","url":"https:\/\/help.jamk.fi\/opinnaytetyon-ohjaus\/","name":"Thesis Supervisor&#039;s Handbook","description":"Opinn\u00e4ytety\u00f6n ohjaajan k\u00e4sikirja ja vinkkipankki","potentialAction":[{"@type":"SearchAction","target":{"@type":"EntryPoint","urlTemplate":"https:\/\/help.jamk.fi\/opinnaytetyon-ohjaus\/?s={search_term_string}"},"query-input":{"@type":"PropertyValueSpecification","valueRequired":true,"valueName":"search_term_string"}}],"inLanguage":"fi"}]}},"_links":{"self":[{"href":"https:\/\/help.jamk.fi\/opinnaytetyon-ohjaus\/wp-json\/wp\/v2\/pages\/240","targetHints":{"allow":["GET"]}}],"collection":[{"href":"https:\/\/help.jamk.fi\/opinnaytetyon-ohjaus\/wp-json\/wp\/v2\/pages"}],"about":[{"href":"https:\/\/help.jamk.fi\/opinnaytetyon-ohjaus\/wp-json\/wp\/v2\/types\/page"}],"author":[{"embeddable":true,"href":"https:\/\/help.jamk.fi\/opinnaytetyon-ohjaus\/wp-json\/wp\/v2\/users\/79"}],"replies":[{"embeddable":true,"href":"https:\/\/help.jamk.fi\/opinnaytetyon-ohjaus\/wp-json\/wp\/v2\/comments?post=240"}],"version-history":[{"count":9,"href":"https:\/\/help.jamk.fi\/opinnaytetyon-ohjaus\/wp-json\/wp\/v2\/pages\/240\/revisions"}],"predecessor-version":[{"id":1784,"href":"https:\/\/help.jamk.fi\/opinnaytetyon-ohjaus\/wp-json\/wp\/v2\/pages\/240\/revisions\/1784"}],"wp:attachment":[{"href":"https:\/\/help.jamk.fi\/opinnaytetyon-ohjaus\/wp-json\/wp\/v2\/media?parent=240"}],"wp:term":[{"taxonomy":"category","embeddable":true,"href":"https:\/\/help.jamk.fi\/opinnaytetyon-ohjaus\/wp-json\/wp\/v2\/categories?post=240"},{"taxonomy":"post_tag","embeddable":true,"href":"https:\/\/help.jamk.fi\/opinnaytetyon-ohjaus\/wp-json\/wp\/v2\/tags?post=240"}],"curies":[{"name":"wp","href":"https:\/\/api.w.org\/{rel}","templated":true}]}}