{"id":243,"date":"2022-08-30T06:52:28","date_gmt":"2022-08-30T03:52:28","guid":{"rendered":"https:\/\/help.jamk.fi\/yamk-kasikirja\/wihi-instructions-for-thesis-coordinators\/"},"modified":"2025-02-28T14:47:22","modified_gmt":"2025-02-28T12:47:22","slug":"wihi-instructions-for-thesis-coordinators","status":"publish","type":"page","link":"https:\/\/help.jamk.fi\/opinnaytetyon-ohjaus\/en\/wihi-instructions-for-thesis-coordinators\/","title":{"rendered":"11 Wihi instructions for thesis coordinators"},"content":{"rendered":"\n<p>You can find Wihi instructions for thesis coordinators on the subpages of this page.<\/p>\n\n\n\n<p>Before reading the these instructions, get to know General information about Wihi page.<\/p>\n\n\n<div id=\"link-lifts-block_b24888497d41ad559c6ad1bf2d1f91bb\" class=\"link-lifts block-link-lifts\">\n  <div class=\"row\">\n            <div class=\"col-12 col-lg-4 block-link-lifts__column\">\n          <div class=\"block-link-lifts__item pink\">\n            <h3 class=\"block-link-lifts__item--heading\">Subpages<\/h3>\n                          <ul class=\"block-link-lifts__item--link-list\">\n                                                                        <li>\n                                              <a class=\"link-list\" href=\"https:\/\/help.jamk.fi\/opinnaytetyon-ohjaus\/en\/wihi-instructions-for-thesis-coordinators\/accepting-topic-proposal\/\" target=\"_self\">11.1 Accepting a topic proposal<\/a>\n                                          <\/li>\n                                                                                          <li>\n                                              <a class=\"link-list\" href=\"https:\/\/help.jamk.fi\/opinnaytetyon-ohjaus\/en\/wihi-instructions-for-thesis-coordinators\/editing-tutors-examiners\/\" target=\"_self\">11.2 Editing tutors and examiners<\/a>\n                                          <\/li>\n                                                                                          <li>\n                                              <a class=\"link-list\" href=\"https:\/\/help.jamk.fi\/opinnaytetyon-ohjaus\/en\/wihi-instructions-for-thesis-coordinators\/opening-phase\/\" target=\"_self\">11.3 Opening a phase<\/a>\n                                          <\/li>\n                                                                                          <li>\n                                              <a class=\"link-list\" href=\"https:\/\/help.jamk.fi\/opinnaytetyon-ohjaus\/en\/wihi-instructions-for-thesis-coordinators\/adding-changing-student\/\" target=\"_self\">11.4 Adding or changing a student for a project<\/a>\n                                          <\/li>\n                                                                                          <li>\n                                              <a class=\"link-list\" href=\"https:\/\/help.jamk.fi\/opinnaytetyon-ohjaus\/en\/wihi-instructions-for-thesis-coordinators\/monitoring-thesis-progress\/\" target=\"_self\">11.5 Monitoring thesis progress and search functions<\/a>\n                                          <\/li>\n                                                <\/ul>\n            \n          <\/div>\n        <\/div>\n      <\/div>\n<\/div>\n\n\n<h2 class=\"wp-block-heading\">Links<\/h2>\n\n\n\n<p><a href=\"https:\/\/help.jamk.fi\/opinnaytetyon-ohjaus\/en\/wihi-instructions-for-thesis-tutors-2\/general-information\/\">General information about Wihi<\/a><\/p>\n","protected":false},"excerpt":{"rendered":"<p>You can find Wihi instructions for thesis coordinators on the subpages of this page. Before reading the these instructions, get to know General information about Wihi page. Links General information about Wihi<\/p>\n","protected":false},"author":79,"featured_media":0,"parent":0,"menu_order":11,"comment_status":"closed","ping_status":"closed","template":"","meta":{"_acf_changed":false,"_relevanssi_hide_post":"","_relevanssi_hide_content":"","_relevanssi_pin_for_all":"","_relevanssi_pin_keywords":"","_relevanssi_unpin_keywords":"","_relevanssi_related_keywords":"","_relevanssi_related_include_ids":"","_relevanssi_related_exclude_ids":"","_relevanssi_related_no_append":"","_relevanssi_related_not_related":"","_relevanssi_related_posts":"","_relevanssi_noindex_reason":"","footnotes":""},"categories":[16],"tags":[],"class_list":["post-243","page","type-page","status-publish","hentry","category-uncategorized-en"],"acf":[],"yoast_head":"<!-- This site is optimized with the Yoast SEO plugin v27.4 - https:\/\/yoast.com\/product\/yoast-seo-wordpress\/ -->\n<title>11 Wihi instructions for thesis coordinators - Thesis Supervisor&#039;s Handbook<\/title>\n<meta name=\"robots\" content=\"index, follow, max-snippet:-1, max-image-preview:large, max-video-preview:-1\" \/>\n<link rel=\"canonical\" href=\"https:\/\/help.jamk.fi\/opinnaytetyon-ohjaus\/en\/wihi-instructions-for-thesis-coordinators\/\" \/>\n<meta property=\"og:locale\" content=\"fi_FI\" \/>\n<meta property=\"og:type\" content=\"article\" \/>\n<meta property=\"og:title\" content=\"11 Wihi instructions for thesis coordinators - Thesis Supervisor&#039;s Handbook\" \/>\n<meta property=\"og:description\" content=\"You can find Wihi instructions for thesis coordinators on the subpages of this page. Before reading the these instructions, get to know General information about Wihi page. Links General information about Wihi\" \/>\n<meta property=\"og:url\" content=\"https:\/\/help.jamk.fi\/opinnaytetyon-ohjaus\/en\/wihi-instructions-for-thesis-coordinators\/\" \/>\n<meta property=\"og:site_name\" content=\"Thesis Supervisor&#039;s Handbook\" \/>\n<meta property=\"article:modified_time\" content=\"2025-02-28T12:47:22+00:00\" \/>\n<meta name=\"twitter:card\" content=\"summary_large_image\" \/>\n<meta name=\"twitter:label1\" content=\"Arvioitu lukuaika\" \/>\n\t<meta name=\"twitter:data1\" content=\"1 minuutti\" \/>\n<script type=\"application\/ld+json\" class=\"yoast-schema-graph\">{\"@context\":\"https:\\\/\\\/schema.org\",\"@graph\":[{\"@type\":\"WebPage\",\"@id\":\"https:\\\/\\\/help.jamk.fi\\\/opinnaytetyon-ohjaus\\\/en\\\/wihi-instructions-for-thesis-coordinators\\\/\",\"url\":\"https:\\\/\\\/help.jamk.fi\\\/opinnaytetyon-ohjaus\\\/en\\\/wihi-instructions-for-thesis-coordinators\\\/\",\"name\":\"11 Wihi instructions for thesis coordinators - Thesis Supervisor&#039;s Handbook\",\"isPartOf\":{\"@id\":\"https:\\\/\\\/help.jamk.fi\\\/opinnaytetyon-ohjaus\\\/#website\"},\"datePublished\":\"2022-08-30T03:52:28+00:00\",\"dateModified\":\"2025-02-28T12:47:22+00:00\",\"breadcrumb\":{\"@id\":\"https:\\\/\\\/help.jamk.fi\\\/opinnaytetyon-ohjaus\\\/en\\\/wihi-instructions-for-thesis-coordinators\\\/#breadcrumb\"},\"inLanguage\":\"fi\",\"potentialAction\":[{\"@type\":\"ReadAction\",\"target\":[\"https:\\\/\\\/help.jamk.fi\\\/opinnaytetyon-ohjaus\\\/en\\\/wihi-instructions-for-thesis-coordinators\\\/\"]}]},{\"@type\":\"BreadcrumbList\",\"@id\":\"https:\\\/\\\/help.jamk.fi\\\/opinnaytetyon-ohjaus\\\/en\\\/wihi-instructions-for-thesis-coordinators\\\/#breadcrumb\",\"itemListElement\":[{\"@type\":\"ListItem\",\"position\":1,\"name\":\"Etusivu\",\"item\":\"https:\\\/\\\/help.jamk.fi\\\/opinnaytetyon-ohjaus\\\/fi\\\/\"},{\"@type\":\"ListItem\",\"position\":2,\"name\":\"11 Wihi instructions for thesis coordinators\"}]},{\"@type\":\"WebSite\",\"@id\":\"https:\\\/\\\/help.jamk.fi\\\/opinnaytetyon-ohjaus\\\/#website\",\"url\":\"https:\\\/\\\/help.jamk.fi\\\/opinnaytetyon-ohjaus\\\/\",\"name\":\"Thesis Supervisor&#039;s Handbook\",\"description\":\"Opinn\u00e4ytety\u00f6n ohjaajan k\u00e4sikirja ja vinkkipankki\",\"potentialAction\":[{\"@type\":\"SearchAction\",\"target\":{\"@type\":\"EntryPoint\",\"urlTemplate\":\"https:\\\/\\\/help.jamk.fi\\\/opinnaytetyon-ohjaus\\\/?s={search_term_string}\"},\"query-input\":{\"@type\":\"PropertyValueSpecification\",\"valueRequired\":true,\"valueName\":\"search_term_string\"}}],\"inLanguage\":\"fi\"}]}<\/script>\n<!-- \/ Yoast SEO plugin. -->","yoast_head_json":{"title":"11 Wihi instructions for thesis coordinators - Thesis Supervisor&#039;s Handbook","robots":{"index":"index","follow":"follow","max-snippet":"max-snippet:-1","max-image-preview":"max-image-preview:large","max-video-preview":"max-video-preview:-1"},"canonical":"https:\/\/help.jamk.fi\/opinnaytetyon-ohjaus\/en\/wihi-instructions-for-thesis-coordinators\/","og_locale":"fi_FI","og_type":"article","og_title":"11 Wihi instructions for thesis coordinators - Thesis Supervisor&#039;s Handbook","og_description":"You can find Wihi instructions for thesis coordinators on the subpages of this page. Before reading the these instructions, get to know General information about Wihi page. Links General information about Wihi","og_url":"https:\/\/help.jamk.fi\/opinnaytetyon-ohjaus\/en\/wihi-instructions-for-thesis-coordinators\/","og_site_name":"Thesis Supervisor&#039;s Handbook","article_modified_time":"2025-02-28T12:47:22+00:00","twitter_card":"summary_large_image","twitter_misc":{"Arvioitu lukuaika":"1 minuutti"},"schema":{"@context":"https:\/\/schema.org","@graph":[{"@type":"WebPage","@id":"https:\/\/help.jamk.fi\/opinnaytetyon-ohjaus\/en\/wihi-instructions-for-thesis-coordinators\/","url":"https:\/\/help.jamk.fi\/opinnaytetyon-ohjaus\/en\/wihi-instructions-for-thesis-coordinators\/","name":"11 Wihi instructions for thesis coordinators - Thesis Supervisor&#039;s Handbook","isPartOf":{"@id":"https:\/\/help.jamk.fi\/opinnaytetyon-ohjaus\/#website"},"datePublished":"2022-08-30T03:52:28+00:00","dateModified":"2025-02-28T12:47:22+00:00","breadcrumb":{"@id":"https:\/\/help.jamk.fi\/opinnaytetyon-ohjaus\/en\/wihi-instructions-for-thesis-coordinators\/#breadcrumb"},"inLanguage":"fi","potentialAction":[{"@type":"ReadAction","target":["https:\/\/help.jamk.fi\/opinnaytetyon-ohjaus\/en\/wihi-instructions-for-thesis-coordinators\/"]}]},{"@type":"BreadcrumbList","@id":"https:\/\/help.jamk.fi\/opinnaytetyon-ohjaus\/en\/wihi-instructions-for-thesis-coordinators\/#breadcrumb","itemListElement":[{"@type":"ListItem","position":1,"name":"Etusivu","item":"https:\/\/help.jamk.fi\/opinnaytetyon-ohjaus\/fi\/"},{"@type":"ListItem","position":2,"name":"11 Wihi instructions for thesis coordinators"}]},{"@type":"WebSite","@id":"https:\/\/help.jamk.fi\/opinnaytetyon-ohjaus\/#website","url":"https:\/\/help.jamk.fi\/opinnaytetyon-ohjaus\/","name":"Thesis Supervisor&#039;s Handbook","description":"Opinn\u00e4ytety\u00f6n ohjaajan k\u00e4sikirja ja vinkkipankki","potentialAction":[{"@type":"SearchAction","target":{"@type":"EntryPoint","urlTemplate":"https:\/\/help.jamk.fi\/opinnaytetyon-ohjaus\/?s={search_term_string}"},"query-input":{"@type":"PropertyValueSpecification","valueRequired":true,"valueName":"search_term_string"}}],"inLanguage":"fi"}]}},"_links":{"self":[{"href":"https:\/\/help.jamk.fi\/opinnaytetyon-ohjaus\/wp-json\/wp\/v2\/pages\/243","targetHints":{"allow":["GET"]}}],"collection":[{"href":"https:\/\/help.jamk.fi\/opinnaytetyon-ohjaus\/wp-json\/wp\/v2\/pages"}],"about":[{"href":"https:\/\/help.jamk.fi\/opinnaytetyon-ohjaus\/wp-json\/wp\/v2\/types\/page"}],"author":[{"embeddable":true,"href":"https:\/\/help.jamk.fi\/opinnaytetyon-ohjaus\/wp-json\/wp\/v2\/users\/79"}],"replies":[{"embeddable":true,"href":"https:\/\/help.jamk.fi\/opinnaytetyon-ohjaus\/wp-json\/wp\/v2\/comments?post=243"}],"version-history":[{"count":4,"href":"https:\/\/help.jamk.fi\/opinnaytetyon-ohjaus\/wp-json\/wp\/v2\/pages\/243\/revisions"}],"predecessor-version":[{"id":1775,"href":"https:\/\/help.jamk.fi\/opinnaytetyon-ohjaus\/wp-json\/wp\/v2\/pages\/243\/revisions\/1775"}],"wp:attachment":[{"href":"https:\/\/help.jamk.fi\/opinnaytetyon-ohjaus\/wp-json\/wp\/v2\/media?parent=243"}],"wp:term":[{"taxonomy":"category","embeddable":true,"href":"https:\/\/help.jamk.fi\/opinnaytetyon-ohjaus\/wp-json\/wp\/v2\/categories?post=243"},{"taxonomy":"post_tag","embeddable":true,"href":"https:\/\/help.jamk.fi\/opinnaytetyon-ohjaus\/wp-json\/wp\/v2\/tags?post=243"}],"curies":[{"name":"wp","href":"https:\/\/api.w.org\/{rel}","templated":true}]}}