{"id":246,"date":"2022-09-20T09:50:31","date_gmt":"2022-09-20T06:50:31","guid":{"rendered":"https:\/\/help.jamk.fi\/yamk-kasikirja\/wihi-ohjeet-ohjaajalle\/yleista-wihista\/"},"modified":"2025-05-15T10:34:43","modified_gmt":"2025-05-15T07:34:43","slug":"yleista-wihista","status":"publish","type":"page","link":"https:\/\/help.jamk.fi\/opinnaytetyon-ohjaus\/fi\/wihi-ohjeet-ohjaajalle\/yleista-wihista\/","title":{"rendered":"10.1 Yleist\u00e4 Wihist\u00e4"},"content":{"rendered":"\n<p>Wihin tarkoituksena on systematisoida ja tuoda n\u00e4kyv\u00e4ksi ohjaajan ja opiskelijan ty\u00f6t\u00e4 opinn\u00e4ytety\u00f6n ohjaukseen liittyen. N\u00e4in Wihin k\u00e4ytt\u00f6 mahdollistaa tarvittaessa esim. ohjaajan vaihtamisen aiempaa sujuvammin. <strong>Kaiken ohjaukseen liittyv\u00e4n kahdenv\u00e4lisen keskustelun tulee n\u00e4ky\u00e4 Wihiss\u00e4.<\/strong> Jos siis keskustelet opiskelijan kanssa esim. Teamsissa, kirjaa Wihiin, mist\u00e4 aiheesta olette keskustelleet.<\/p>\n\n\n\n<p>Wihiss\u00e4 opinn\u00e4ytety\u00f6 tehd\u00e4\u00e4n projektina ja sill\u00e4 on kolme ty\u00f6skentelyvaihetta (1\/3, 2\/3 ja 3\/3). Wihi on integroitu Peppiin siten, ett\u00e4 kunkin ty\u00f6skentelyvaiheen hyv\u00e4ksyminen Wihiss\u00e4 vie Peppiin opiskelijan opinn\u00e4ytety\u00f6n opintojaksolle suoritusmerkinn\u00e4n. My\u00f6s lopullinen opinn\u00e4ytety\u00f6n arvosana tulee Wihist\u00e4. Lis\u00e4ksi ohjaaja valitsee Wihiss\u00e4 Tweb-asianhallintaj\u00e4rjestelm\u00e4\u00e4n siirrett\u00e4v\u00e4t opinn\u00e4ytety\u00f6h\u00f6n liittyv\u00e4t dokumentit. Siirto tapahtuu taustalla projektin viimeisess\u00e4 vaiheessa.<\/p>\n\n\n\n<h2 class=\"wp-block-heading\">Wihin roolit<\/h2>\n\n\n\n<p>Wihiss\u00e4 sinulla voi olla kaksi eri roolia: ohjaaja ja\/tai koordinaattori.<\/p>\n\n\n\n<p>Jamkin opettajalla on automaattisesti ohjaajan rooli.<\/p>\n\n\n\n<p>Koordinaattorin roolilla toimivat yksik\u00f6n opinn\u00e4ytet\u00f6iden aihe-ehdotuksien hyv\u00e4ksyj\u00e4t, tulosalueiden p\u00e4\u00e4llik\u00f6t sek\u00e4 opinn\u00e4ytety\u00f6ryhmien j\u00e4senet. Oikeudet haetaan HALKO-palvelun kautta Peppi rooli -kohdasta.<\/p>\n\n\n\n<h2 class=\"wp-block-heading\">Wihin etusivu<\/h2>\n\n\n\n<p>Wihiin kirjaudutaan Jamkin verkkotunnuksilla. Linkki Wihiin l\u00f6ytyy sivun alaosasta.<\/p>\n\n\n\n<p>Wihiin on tuotu kaikki opinn\u00e4ytety\u00f6h\u00f6n liittyv\u00e4t ohjeistukset. Ne l\u00f6ytyv\u00e4t Wihin oikeasta yl\u00e4kulmasta oranssin kysymysmerkin takaa (kuvio 1).<\/p>\n\n\n\n<figure class=\"wp-block-image size-large\"><img decoding=\"async\" src=\"https:\/\/help.jamk.fi\/opinnaytetyon-ohjaus\/wp-content\/uploads\/sites\/110\/2023\/09\/Wihin-ohjeet.png\" alt=\"\" class=\"wp-image-967\"\/><figcaption class=\"wp-element-caption\">Kuvio 1. Ohjeiden paikka Wihiss\u00e4<\/figcaption><\/figure>\n\n\n\n<p>Kirjauduttuasi Wihiin sinulle aukeaa ohjaajan ty\u00f6p\u00f6yt\u00e4, jonka voit vaihtaa koordinaattorin ty\u00f6p\u00f6yd\u00e4ksi, mik\u00e4li sinulla on my\u00f6s ko. rooli olemassa. Voit vaihtaa roolia ty\u00f6p\u00f6yd\u00e4n oikean yl\u00e4kulman Roolit-valinnasta klikkaamalla haluamaasi roolia (kuvio 2).<\/p>\n\n\n\n<figure class=\"wp-block-image size-full\"><img decoding=\"async\" src=\"https:\/\/help.jamk.fi\/opinnaytetyon-ohjaus\/wp-content\/uploads\/sites\/110\/2023\/09\/Roolin-vaihtaminen-Wihissa.png\" alt=\"\" class=\"wp-image-968\"\/><figcaption class=\"wp-element-caption\">Kuvio 2. Roolin vaihtaminen<\/figcaption><\/figure>\n\n\n\n<h2 class=\"wp-block-heading\">Opinn\u00e4ytet\u00f6iden etenemisen seuraaminen<\/h2>\n\n\n\n<p>Seuraa opiskelijan etenemist\u00e4 koko projektin ajan. Aktiivisuus n\u00e4ytet\u00e4\u00e4n Wihin etusivulla liikennevaloikoneilla. Ikonin v\u00e4ri muuttuu seuraavasti:<\/p>\n\n\n\n<ul class=\"wp-block-list\">\n<li>Harmaa viiva: ty\u00f6t\u00e4 ei ole aloitettu<\/li>\n\n\n\n<li>Vihre\u00e4 oikein-merkki: ty\u00f6 on edennyt alle nelj\u00e4 viikkoa sitten<\/li>\n\n\n\n<li>Oranssi infoikoni: ty\u00f6 ei ole edennyt 4\u20138 viikkoon<\/li>\n\n\n\n<li>Punainen huutomerkki: ty\u00f6 ei ole edennyt yli kahdeksaan viikkoon<\/li>\n<\/ul>\n\n\n\n<h2 class=\"wp-block-heading\">Asetukset<\/h2>\n\n\n\n<p>Tilaa Wihist\u00e4 s\u00e4hk\u00f6posti-ilmoitukset opiskelijan tapahtumista, jotta tied\u00e4t tarkistaa tilanteen Wihist\u00e4. Valitse l\u00e4hetyksen aikav\u00e4li Asetukset-valikon kautta (kuvio 3). Suosittelemme p\u00e4ivitt\u00e4ist\u00e4 koontia, jotta pystyt tarvittaessa reagoimaan opiskelijan kysymyksiin. T\u00e4m\u00e4n sivun alalaidasta l\u00f6yd\u00e4t joitain tyypillisi\u00e4 s\u00e4hk\u00f6posti-ilmoituksia ja niiden selityksi\u00e4. <\/p>\n\n\n\n<figure class=\"wp-block-image size-full\"><img decoding=\"async\" src=\"https:\/\/help.jamk.fi\/opinnaytetyon-ohjaus\/wp-content\/uploads\/sites\/110\/2023\/09\/Ohjaajan-tyopoydan-asetukset.png\" alt=\"\" class=\"wp-image-971\"\/><figcaption class=\"wp-element-caption\">Kuvio 3. Ohjaajan ty\u00f6p\u00f6yd\u00e4n asetukset<\/figcaption><\/figure>\n\n\n\n<p><strong>Koordinaattorin <\/strong>roolilla voit tilata asetuksien kautta s\u00e4hk\u00f6postit halutun tutkinto-ohjelman aihe-ehdotuksista ja tapahtumista. Lis\u00e4ksi voit m\u00e4\u00e4ritell\u00e4 s\u00e4hk\u00f6postin l\u00e4hetystiheyden (kuvio 4).<\/p>\n\n\n\n<figure class=\"wp-block-image size-full\"><img decoding=\"async\" src=\"https:\/\/help.jamk.fi\/opinnaytetyon-ohjaus\/wp-content\/uploads\/sites\/110\/2023\/09\/Koordinaattorin-asetukset.png\" alt=\"\" class=\"wp-image-972\"\/><figcaption class=\"wp-element-caption\">Kuvio 4. Koordinaattorin ty\u00f6p\u00f6yd\u00e4n asetukset<\/figcaption><\/figure>\n\n\n\n<div id=\"accordion-block_8f3de4c7a013ea7e4a7352f05dcde126\" class=\"accordion block-accordion\">\n  <div class=\"block-accordion__element-header\">\n          <h2>Wihin s\u00e4hk\u00f6postiviestit ja niiden selitykset<\/h2>\n      <\/div>\n  <div class=\"block-accordion__accordions\">\n                  <div class=\"accordion-item\">\n          <h2 class=\"h6 accordion-title\">\n            <button id=\"accordion-header-1\" class=\"accordion-header\" aria-expanded=\"false\" aria-controls=\"accordion-panel-1\">\n              Viesti on voimassa vain 21 p\u00e4iv\u00e4\u00e4              <div class='plus-icon' itemprop='logo'><svg aria-hidden=\"true\" viewBox=\"0 0 16 16\" fill=\"none\" xmlns=\"http:\/\/www.w3.org\/2000\/svg\"><path d=\"M8.92 7.1V.06H7.2V7.1H.12v1.72H7.2v7.12h1.72V8.82H16V7.1H8.92z\" fill=\"#0D004C\"\/><\/svg><\/div>              <div class='minus-icon' itemprop='logo'><svg aria-hidden=\"true\" viewBox=\"0 0 14 2\" fill=\"none\" xmlns=\"http:\/\/www.w3.org\/2000\/svg\"><path d=\"M14 1.88H.88V.12H14v1.76z\" fill=\"#fff\"\/><\/svg><\/div>            <\/button>\n          <\/h2>\n          <div class=\"accordion-section-wrapper\">\n            <section id=\"accordion-panel-1\" class=\"accordion-panel\" aria-labelledby=\"accordion-header-1\">\n              <p>Saat s\u00e4hk\u00f6postiviestin Wihist\u00e4, jossa on linkki opiskelijan palauttamaan tiedostoon. Tiedostoa ei l\u00f6ydy Wihist\u00e4. Viestin mukaan linkki on voimassa 21 p\u00e4iv\u00e4\u00e4.<\/p>\n<p>&nbsp;<\/p>\n<p>T\u00e4m\u00e4 johtuu siit\u00e4, ett\u00e4 opiskelija on k\u00e4ytt\u00e4nyt Wihin &#8221;L\u00e4het\u00e4 kommentoitavaksi&#8221; -toimintoa, joka on tarkoitettu toimeksiantajan (tai muun ulkoisen tahon) kanssa viestittelyyn. Opiskelijan tiedosto l\u00f6ytyy Wihist\u00e4 oikean reunan kohdasta &#8221;Sidosryhmien lausunnot&#8221;.<\/p>\n<p>Ohjaa opiskelijasi k\u00e4ytt\u00e4m\u00e4\u00e4n Wihiss\u00e4 ruudun keskiosan &#8221;Viestit&#8221; -toimintoa, ei &#8221;l\u00e4het\u00e4 kommentoitavaksi&#8221; -toimintoa.<\/p>\n<p>&nbsp;<\/p>\n<p>&nbsp;<\/p>\n<p>&nbsp;<\/p>\n            <\/section>\n          <\/div>\n        <\/div>\n              <div class=\"accordion-item\">\n          <h2 class=\"h6 accordion-title\">\n            <button id=\"accordion-header-2\" class=\"accordion-header\" aria-expanded=\"false\" aria-controls=\"accordion-panel-2\">\n              Tarkastaja arvioinut opinn\u00e4ytety\u00f6n              <div class='plus-icon' itemprop='logo'><svg aria-hidden=\"true\" viewBox=\"0 0 16 16\" fill=\"none\" xmlns=\"http:\/\/www.w3.org\/2000\/svg\"><path d=\"M8.92 7.1V.06H7.2V7.1H.12v1.72H7.2v7.12h1.72V8.82H16V7.1H8.92z\" fill=\"#0D004C\"\/><\/svg><\/div>              <div class='minus-icon' itemprop='logo'><svg aria-hidden=\"true\" viewBox=\"0 0 14 2\" fill=\"none\" xmlns=\"http:\/\/www.w3.org\/2000\/svg\"><path d=\"M14 1.88H.88V.12H14v1.76z\" fill=\"#fff\"\/><\/svg><\/div>            <\/button>\n          <\/h2>\n          <div class=\"accordion-section-wrapper\">\n            <section id=\"accordion-panel-2\" class=\"accordion-panel\" aria-labelledby=\"accordion-header-2\">\n              <p>Wihin ilmoitus: Tarkastaja on arvioinut opinn\u00e4ytety\u00f6n, johon sinut on merkitty vastuuarvioijaksi. Linkki opinn\u00e4ytety\u00f6h\u00f6n:<\/p>\n<p>&nbsp;<\/p>\n<p>T\u00e4m\u00e4 tarkoittaa, ett\u00e4 opinn\u00e4ytety\u00f6n 2-tarkastaja on tallentanut arviointilausunnon luonnoksen.<br \/>\nSovi 2-tarkastajan kanssa yhteinen arviointikeskustelu tutkinto-ohjelmasi k\u00e4yt\u00e4nt\u00f6jen mukaisesti.<\/p>\n<p>&nbsp;<\/p>\n            <\/section>\n          <\/div>\n        <\/div>\n              <div class=\"accordion-item\">\n          <h2 class=\"h6 accordion-title\">\n            <button id=\"accordion-header-3\" class=\"accordion-header\" aria-expanded=\"false\" aria-controls=\"accordion-panel-3\">\n              Ty\u00f6 on arvioitavissa              <div class='plus-icon' itemprop='logo'><svg aria-hidden=\"true\" viewBox=\"0 0 16 16\" fill=\"none\" xmlns=\"http:\/\/www.w3.org\/2000\/svg\"><path d=\"M8.92 7.1V.06H7.2V7.1H.12v1.72H7.2v7.12h1.72V8.82H16V7.1H8.92z\" fill=\"#0D004C\"\/><\/svg><\/div>              <div class='minus-icon' itemprop='logo'><svg aria-hidden=\"true\" viewBox=\"0 0 14 2\" fill=\"none\" xmlns=\"http:\/\/www.w3.org\/2000\/svg\"><path d=\"M14 1.88H.88V.12H14v1.76z\" fill=\"#fff\"\/><\/svg><\/div>            <\/button>\n          <\/h2>\n          <div class=\"accordion-section-wrapper\">\n            <section id=\"accordion-panel-3\" class=\"accordion-panel\" aria-labelledby=\"accordion-header-3\">\n              <p>Wihin ilmoitus: Opinn\u00e4ytety\u00f6 on arvioitavissa<\/p>\n<p>&nbsp;<\/p>\n<p>T\u00e4m\u00e4 tarkoittaa, ett\u00e4 opinn\u00e4ytety\u00f6 jossa olet 2-tarkastajana on siirretty vaiheeseen 3\/3.<br \/>\nSen arviointilomake on auki. Voi kuitenkin olla, ettei opiskelija viel\u00e4 ole palauttanut arviointikelpoista tiedostoa.<br \/>\nSovi opinn\u00e4ytety\u00f6n p\u00e4\u00e4ohjaajan kanssa (esitarkastuksen ja) arvioinnin aikataulusta.<\/p>\n            <\/section>\n          <\/div>\n        <\/div>\n            <\/div>\n<\/div>\n\n\n<h2 class=\"wp-block-heading\">Linkit<\/h2>\n\n\n\n<p><a href=\"https:\/\/wihi.jamk.fi\/\" target=\"_blank\" rel=\"noreferrer noopener\">Wihi-palvelu (vaatii kirjautumisen)<\/a><\/p>\n","protected":false},"excerpt":{"rendered":"<p>Wihin tarkoituksena on systematisoida ja tuoda n\u00e4kyv\u00e4ksi ohjaajan ja opiskelijan ty\u00f6t\u00e4 opinn\u00e4ytety\u00f6n ohjaukseen liittyen. N\u00e4in Wihin k\u00e4ytt\u00f6 mahdollistaa tarvittaessa esim. ohjaajan vaihtamisen aiempaa sujuvammin. Kaiken ohjaukseen liittyv\u00e4n kahdenv\u00e4lisen keskustelun tulee n\u00e4ky\u00e4 Wihiss\u00e4. Jos siis keskustelet opiskelijan kanssa esim. Teamsissa, kirjaa Wihiin, mist\u00e4 aiheesta olette keskustelleet. Wihiss\u00e4 opinn\u00e4ytety\u00f6 tehd\u00e4\u00e4n projektina ja sill\u00e4 on kolme ty\u00f6skentelyvaihetta (1\/3, [&hellip;]<\/p>\n","protected":false},"author":79,"featured_media":0,"parent":228,"menu_order":1,"comment_status":"closed","ping_status":"closed","template":"","meta":{"_acf_changed":false,"_relevanssi_hide_post":"","_relevanssi_hide_content":"","_relevanssi_pin_for_all":"","_relevanssi_pin_keywords":"","_relevanssi_unpin_keywords":"","_relevanssi_related_keywords":"","_relevanssi_related_include_ids":"","_relevanssi_related_exclude_ids":"","_relevanssi_related_no_append":"","_relevanssi_related_not_related":"","_relevanssi_related_posts":"","_relevanssi_noindex_reason":"","footnotes":""},"categories":[1],"tags":[],"class_list":["post-246","page","type-page","status-publish","hentry","category-yleinen"],"acf":[],"yoast_head":"<!-- This site is optimized with the Yoast SEO plugin v27.3 - https:\/\/yoast.com\/product\/yoast-seo-wordpress\/ -->\n<title>10.1 Yleist\u00e4 Wihist\u00e4 - Thesis Supervisor&#039;s Handbook<\/title>\n<meta name=\"robots\" content=\"index, follow, max-snippet:-1, max-image-preview:large, max-video-preview:-1\" \/>\n<link rel=\"canonical\" href=\"https:\/\/help.jamk.fi\/opinnaytetyon-ohjaus\/fi\/wihi-ohjeet-ohjaajalle\/yleista-wihista\/\" \/>\n<meta property=\"og:locale\" content=\"fi_FI\" \/>\n<meta property=\"og:type\" content=\"article\" \/>\n<meta property=\"og:title\" content=\"10.1 Yleist\u00e4 Wihist\u00e4 - Thesis Supervisor&#039;s Handbook\" \/>\n<meta property=\"og:description\" content=\"Wihin tarkoituksena on systematisoida ja tuoda n\u00e4kyv\u00e4ksi ohjaajan ja opiskelijan ty\u00f6t\u00e4 opinn\u00e4ytety\u00f6n ohjaukseen liittyen. N\u00e4in Wihin k\u00e4ytt\u00f6 mahdollistaa tarvittaessa esim. ohjaajan vaihtamisen aiempaa sujuvammin. Kaiken ohjaukseen liittyv\u00e4n kahdenv\u00e4lisen keskustelun tulee n\u00e4ky\u00e4 Wihiss\u00e4. Jos siis keskustelet opiskelijan kanssa esim. Teamsissa, kirjaa Wihiin, mist\u00e4 aiheesta olette keskustelleet. Wihiss\u00e4 opinn\u00e4ytety\u00f6 tehd\u00e4\u00e4n projektina ja sill\u00e4 on kolme ty\u00f6skentelyvaihetta (1\/3, [&hellip;]\" \/>\n<meta property=\"og:url\" content=\"https:\/\/help.jamk.fi\/opinnaytetyon-ohjaus\/fi\/wihi-ohjeet-ohjaajalle\/yleista-wihista\/\" \/>\n<meta property=\"og:site_name\" content=\"Thesis Supervisor&#039;s Handbook\" \/>\n<meta property=\"article:modified_time\" content=\"2025-05-15T07:34:43+00:00\" \/>\n<meta property=\"og:image\" content=\"https:\/\/help.jamk.fi\/opinnaytetyon-ohjaus\/wp-content\/uploads\/sites\/110\/2023\/09\/Propose-an-advisor-view.png\" \/>\n\t<meta property=\"og:image:width\" content=\"590\" \/>\n\t<meta property=\"og:image:height\" content=\"283\" \/>\n\t<meta property=\"og:image:type\" content=\"image\/png\" \/>\n<meta name=\"twitter:card\" content=\"summary_large_image\" \/>\n<meta name=\"twitter:label1\" content=\"Arvioitu lukuaika\" \/>\n\t<meta name=\"twitter:data1\" content=\"3 minuuttia\" \/>\n<script type=\"application\/ld+json\" class=\"yoast-schema-graph\">{\"@context\":\"https:\\\/\\\/schema.org\",\"@graph\":[{\"@type\":\"WebPage\",\"@id\":\"https:\\\/\\\/help.jamk.fi\\\/opinnaytetyon-ohjaus\\\/fi\\\/wihi-ohjeet-ohjaajalle\\\/yleista-wihista\\\/\",\"url\":\"https:\\\/\\\/help.jamk.fi\\\/opinnaytetyon-ohjaus\\\/fi\\\/wihi-ohjeet-ohjaajalle\\\/yleista-wihista\\\/\",\"name\":\"10.1 Yleist\u00e4 Wihist\u00e4 - Thesis Supervisor&#039;s Handbook\",\"isPartOf\":{\"@id\":\"https:\\\/\\\/help.jamk.fi\\\/opinnaytetyon-ohjaus\\\/#website\"},\"primaryImageOfPage\":{\"@id\":\"https:\\\/\\\/help.jamk.fi\\\/opinnaytetyon-ohjaus\\\/fi\\\/wihi-ohjeet-ohjaajalle\\\/yleista-wihista\\\/#primaryimage\"},\"image\":{\"@id\":\"https:\\\/\\\/help.jamk.fi\\\/opinnaytetyon-ohjaus\\\/fi\\\/wihi-ohjeet-ohjaajalle\\\/yleista-wihista\\\/#primaryimage\"},\"thumbnailUrl\":\"https:\\\/\\\/help.jamk.fi\\\/opinnaytetyon-ohjaus\\\/wp-content\\\/uploads\\\/sites\\\/110\\\/2023\\\/09\\\/Wihin-ohjeet.png\",\"datePublished\":\"2022-09-20T06:50:31+00:00\",\"dateModified\":\"2025-05-15T07:34:43+00:00\",\"breadcrumb\":{\"@id\":\"https:\\\/\\\/help.jamk.fi\\\/opinnaytetyon-ohjaus\\\/fi\\\/wihi-ohjeet-ohjaajalle\\\/yleista-wihista\\\/#breadcrumb\"},\"inLanguage\":\"fi\",\"potentialAction\":[{\"@type\":\"ReadAction\",\"target\":[\"https:\\\/\\\/help.jamk.fi\\\/opinnaytetyon-ohjaus\\\/fi\\\/wihi-ohjeet-ohjaajalle\\\/yleista-wihista\\\/\"]}]},{\"@type\":\"ImageObject\",\"inLanguage\":\"fi\",\"@id\":\"https:\\\/\\\/help.jamk.fi\\\/opinnaytetyon-ohjaus\\\/fi\\\/wihi-ohjeet-ohjaajalle\\\/yleista-wihista\\\/#primaryimage\",\"url\":\"https:\\\/\\\/help.jamk.fi\\\/opinnaytetyon-ohjaus\\\/wp-content\\\/uploads\\\/sites\\\/110\\\/2023\\\/09\\\/Wihin-ohjeet.png\",\"contentUrl\":\"https:\\\/\\\/help.jamk.fi\\\/opinnaytetyon-ohjaus\\\/wp-content\\\/uploads\\\/sites\\\/110\\\/2023\\\/09\\\/Wihin-ohjeet.png\"},{\"@type\":\"BreadcrumbList\",\"@id\":\"https:\\\/\\\/help.jamk.fi\\\/opinnaytetyon-ohjaus\\\/fi\\\/wihi-ohjeet-ohjaajalle\\\/yleista-wihista\\\/#breadcrumb\",\"itemListElement\":[{\"@type\":\"ListItem\",\"position\":1,\"name\":\"Etusivu\",\"item\":\"https:\\\/\\\/help.jamk.fi\\\/opinnaytetyon-ohjaus\\\/fi\\\/\"},{\"@type\":\"ListItem\",\"position\":2,\"name\":\"10 Wihi-ohjeet ohjaajalle\",\"item\":\"https:\\\/\\\/help.jamk.fi\\\/opinnaytetyon-ohjaus\\\/fi\\\/wihi-ohjeet-ohjaajalle\\\/\"},{\"@type\":\"ListItem\",\"position\":3,\"name\":\"10.1 Yleist\u00e4 Wihist\u00e4\"}]},{\"@type\":\"WebSite\",\"@id\":\"https:\\\/\\\/help.jamk.fi\\\/opinnaytetyon-ohjaus\\\/#website\",\"url\":\"https:\\\/\\\/help.jamk.fi\\\/opinnaytetyon-ohjaus\\\/\",\"name\":\"Thesis Supervisor&#039;s Handbook\",\"description\":\"Opinn\u00e4ytety\u00f6n ohjaajan k\u00e4sikirja ja vinkkipankki\",\"potentialAction\":[{\"@type\":\"SearchAction\",\"target\":{\"@type\":\"EntryPoint\",\"urlTemplate\":\"https:\\\/\\\/help.jamk.fi\\\/opinnaytetyon-ohjaus\\\/?s={search_term_string}\"},\"query-input\":{\"@type\":\"PropertyValueSpecification\",\"valueRequired\":true,\"valueName\":\"search_term_string\"}}],\"inLanguage\":\"fi\"}]}<\/script>\n<!-- \/ Yoast SEO plugin. -->","yoast_head_json":{"title":"10.1 Yleist\u00e4 Wihist\u00e4 - Thesis Supervisor&#039;s Handbook","robots":{"index":"index","follow":"follow","max-snippet":"max-snippet:-1","max-image-preview":"max-image-preview:large","max-video-preview":"max-video-preview:-1"},"canonical":"https:\/\/help.jamk.fi\/opinnaytetyon-ohjaus\/fi\/wihi-ohjeet-ohjaajalle\/yleista-wihista\/","og_locale":"fi_FI","og_type":"article","og_title":"10.1 Yleist\u00e4 Wihist\u00e4 - Thesis Supervisor&#039;s Handbook","og_description":"Wihin tarkoituksena on systematisoida ja tuoda n\u00e4kyv\u00e4ksi ohjaajan ja opiskelijan ty\u00f6t\u00e4 opinn\u00e4ytety\u00f6n ohjaukseen liittyen. N\u00e4in Wihin k\u00e4ytt\u00f6 mahdollistaa tarvittaessa esim. ohjaajan vaihtamisen aiempaa sujuvammin. Kaiken ohjaukseen liittyv\u00e4n kahdenv\u00e4lisen keskustelun tulee n\u00e4ky\u00e4 Wihiss\u00e4. Jos siis keskustelet opiskelijan kanssa esim. Teamsissa, kirjaa Wihiin, mist\u00e4 aiheesta olette keskustelleet. Wihiss\u00e4 opinn\u00e4ytety\u00f6 tehd\u00e4\u00e4n projektina ja sill\u00e4 on kolme ty\u00f6skentelyvaihetta (1\/3, [&hellip;]","og_url":"https:\/\/help.jamk.fi\/opinnaytetyon-ohjaus\/fi\/wihi-ohjeet-ohjaajalle\/yleista-wihista\/","og_site_name":"Thesis Supervisor&#039;s Handbook","article_modified_time":"2025-05-15T07:34:43+00:00","og_image":[{"width":590,"height":283,"url":"https:\/\/help.jamk.fi\/opinnaytetyon-ohjaus\/wp-content\/uploads\/sites\/110\/2023\/09\/Propose-an-advisor-view.png","type":"image\/png"}],"twitter_card":"summary_large_image","twitter_misc":{"Arvioitu lukuaika":"3 minuuttia"},"schema":{"@context":"https:\/\/schema.org","@graph":[{"@type":"WebPage","@id":"https:\/\/help.jamk.fi\/opinnaytetyon-ohjaus\/fi\/wihi-ohjeet-ohjaajalle\/yleista-wihista\/","url":"https:\/\/help.jamk.fi\/opinnaytetyon-ohjaus\/fi\/wihi-ohjeet-ohjaajalle\/yleista-wihista\/","name":"10.1 Yleist\u00e4 Wihist\u00e4 - Thesis Supervisor&#039;s Handbook","isPartOf":{"@id":"https:\/\/help.jamk.fi\/opinnaytetyon-ohjaus\/#website"},"primaryImageOfPage":{"@id":"https:\/\/help.jamk.fi\/opinnaytetyon-ohjaus\/fi\/wihi-ohjeet-ohjaajalle\/yleista-wihista\/#primaryimage"},"image":{"@id":"https:\/\/help.jamk.fi\/opinnaytetyon-ohjaus\/fi\/wihi-ohjeet-ohjaajalle\/yleista-wihista\/#primaryimage"},"thumbnailUrl":"https:\/\/help.jamk.fi\/opinnaytetyon-ohjaus\/wp-content\/uploads\/sites\/110\/2023\/09\/Wihin-ohjeet.png","datePublished":"2022-09-20T06:50:31+00:00","dateModified":"2025-05-15T07:34:43+00:00","breadcrumb":{"@id":"https:\/\/help.jamk.fi\/opinnaytetyon-ohjaus\/fi\/wihi-ohjeet-ohjaajalle\/yleista-wihista\/#breadcrumb"},"inLanguage":"fi","potentialAction":[{"@type":"ReadAction","target":["https:\/\/help.jamk.fi\/opinnaytetyon-ohjaus\/fi\/wihi-ohjeet-ohjaajalle\/yleista-wihista\/"]}]},{"@type":"ImageObject","inLanguage":"fi","@id":"https:\/\/help.jamk.fi\/opinnaytetyon-ohjaus\/fi\/wihi-ohjeet-ohjaajalle\/yleista-wihista\/#primaryimage","url":"https:\/\/help.jamk.fi\/opinnaytetyon-ohjaus\/wp-content\/uploads\/sites\/110\/2023\/09\/Wihin-ohjeet.png","contentUrl":"https:\/\/help.jamk.fi\/opinnaytetyon-ohjaus\/wp-content\/uploads\/sites\/110\/2023\/09\/Wihin-ohjeet.png"},{"@type":"BreadcrumbList","@id":"https:\/\/help.jamk.fi\/opinnaytetyon-ohjaus\/fi\/wihi-ohjeet-ohjaajalle\/yleista-wihista\/#breadcrumb","itemListElement":[{"@type":"ListItem","position":1,"name":"Etusivu","item":"https:\/\/help.jamk.fi\/opinnaytetyon-ohjaus\/fi\/"},{"@type":"ListItem","position":2,"name":"10 Wihi-ohjeet ohjaajalle","item":"https:\/\/help.jamk.fi\/opinnaytetyon-ohjaus\/fi\/wihi-ohjeet-ohjaajalle\/"},{"@type":"ListItem","position":3,"name":"10.1 Yleist\u00e4 Wihist\u00e4"}]},{"@type":"WebSite","@id":"https:\/\/help.jamk.fi\/opinnaytetyon-ohjaus\/#website","url":"https:\/\/help.jamk.fi\/opinnaytetyon-ohjaus\/","name":"Thesis Supervisor&#039;s Handbook","description":"Opinn\u00e4ytety\u00f6n ohjaajan k\u00e4sikirja ja vinkkipankki","potentialAction":[{"@type":"SearchAction","target":{"@type":"EntryPoint","urlTemplate":"https:\/\/help.jamk.fi\/opinnaytetyon-ohjaus\/?s={search_term_string}"},"query-input":{"@type":"PropertyValueSpecification","valueRequired":true,"valueName":"search_term_string"}}],"inLanguage":"fi"}]}},"_links":{"self":[{"href":"https:\/\/help.jamk.fi\/opinnaytetyon-ohjaus\/wp-json\/wp\/v2\/pages\/246","targetHints":{"allow":["GET"]}}],"collection":[{"href":"https:\/\/help.jamk.fi\/opinnaytetyon-ohjaus\/wp-json\/wp\/v2\/pages"}],"about":[{"href":"https:\/\/help.jamk.fi\/opinnaytetyon-ohjaus\/wp-json\/wp\/v2\/types\/page"}],"author":[{"embeddable":true,"href":"https:\/\/help.jamk.fi\/opinnaytetyon-ohjaus\/wp-json\/wp\/v2\/users\/79"}],"replies":[{"embeddable":true,"href":"https:\/\/help.jamk.fi\/opinnaytetyon-ohjaus\/wp-json\/wp\/v2\/comments?post=246"}],"version-history":[{"count":14,"href":"https:\/\/help.jamk.fi\/opinnaytetyon-ohjaus\/wp-json\/wp\/v2\/pages\/246\/revisions"}],"predecessor-version":[{"id":1849,"href":"https:\/\/help.jamk.fi\/opinnaytetyon-ohjaus\/wp-json\/wp\/v2\/pages\/246\/revisions\/1849"}],"up":[{"embeddable":true,"href":"https:\/\/help.jamk.fi\/opinnaytetyon-ohjaus\/wp-json\/wp\/v2\/pages\/228"}],"wp:attachment":[{"href":"https:\/\/help.jamk.fi\/opinnaytetyon-ohjaus\/wp-json\/wp\/v2\/media?parent=246"}],"wp:term":[{"taxonomy":"category","embeddable":true,"href":"https:\/\/help.jamk.fi\/opinnaytetyon-ohjaus\/wp-json\/wp\/v2\/categories?post=246"},{"taxonomy":"post_tag","embeddable":true,"href":"https:\/\/help.jamk.fi\/opinnaytetyon-ohjaus\/wp-json\/wp\/v2\/tags?post=246"}],"curies":[{"name":"wp","href":"https:\/\/api.w.org\/{rel}","templated":true}]}}