{"id":279,"date":"2022-09-20T09:53:12","date_gmt":"2022-09-20T06:53:12","guid":{"rendered":"https:\/\/help.jamk.fi\/yamk-kasikirja\/wihi-ohjeet-ohjaajalle\/wihin-toiminnot\/"},"modified":"2025-04-17T08:19:49","modified_gmt":"2025-04-17T05:19:49","slug":"wihin-toiminnot","status":"publish","type":"page","link":"https:\/\/help.jamk.fi\/opinnaytetyon-ohjaus\/fi\/wihi-ohjeet-ohjaajalle\/wihin-toiminnot\/","title":{"rendered":"10.3 Wihin toiminnot"},"content":{"rendered":"\n<h2 class=\"wp-block-heading\">&#8211; viestit, teht\u00e4v\u00e4t, tiedostot ja aktiivisuusmerkinn\u00e4t<\/h2>\n\n\n\n<p>Opinn\u00e4ytety\u00f6n projektin jokaisessa vaiheessa on k\u00e4yt\u00f6ss\u00e4 seuraavat toiminnot:<\/p>\n\n\n\n<ul class=\"wp-block-list\">\n<li>viestien l\u00e4hett\u00e4minen ja vastaanottaminen<\/li>\n\n\n\n<li>opiskelijan teht\u00e4vien tarkastelu<\/li>\n\n\n\n<li>tiedostojen lis\u00e4\u00e4minen ja tarkastelu<\/li>\n\n\n\n<li>aktiivisuusmerkint\u00f6jen tarkastelu ja luominen<\/li>\n<\/ul>\n\n\n\n<h2 class=\"wp-block-heading\">Viestit<\/h2>\n\n\n\n<p>Viestit-toiminnolla voit n\u00e4hd\u00e4 opiskelijan l\u00e4hett\u00e4m\u00e4t viestit. Voit my\u00f6s l\u00e4hett\u00e4\u00e4 viestin opiskelijalle. Viestin voit l\u00e4hett\u00e4\u00e4 klikkaamalla <strong>Kirjoita viesti<\/strong> -painiketta (kuvio 1). Kaikki ohjaukseen liittyv\u00e4 viestint\u00e4 tehd\u00e4\u00e4n Wihin Viestit-toiminnolla. Viestit menev\u00e4t my\u00f6s opiskelijan s\u00e4hk\u00f6postilaatikkoon.<\/p>\n\n\n\n<figure class=\"wp-block-image size-large\"><img decoding=\"async\" src=\"https:\/\/help.jamk.fi\/opinnaytetyon-ohjaus\/wp-content\/uploads\/sites\/110\/2023\/09\/Viestit-toiminto.png\" alt=\"\" class=\"wp-image-994\"\/><figcaption class=\"wp-element-caption\">Kuvio 1. Viestit-toiminto<\/figcaption><\/figure>\n\n\n\n<p>Vinkki: Voit k\u00e4ytt\u00e4\u00e4 Viestit-toimintoa my\u00f6s omien oppimisymp\u00e4rist\u00f6jen (Moodle) linkkien jakamiseen. <\/p>\n\n\n\n<p>HUOM. Tarkistathan Asetuksista, ett\u00e4 s\u00e4hk\u00f6posti-ilmoitukset Wihist\u00e4 l\u00e4hetet\u00e4\u00e4n s\u00e4hk\u00f6postiisi. Katso ohjeet Yleist\u00e4 Wihist\u00e4 -sivulta.<\/p>\n\n\n\n<h2 class=\"wp-block-heading\">Teht\u00e4v\u00e4t<\/h2>\n\n\n\n<p>Opiskelija tekee Wihiin teht\u00e4vi\u00e4, joiden avulla h\u00e4n voi vaiheistaa ja tarkentaa, mit\u00e4 kaikkea h\u00e4nen tulee opinn\u00e4ytety\u00f6ns\u00e4 aikana tehd\u00e4. Opiskelija voi merkit\u00e4 teht\u00e4v\u00e4n aloitetuksi tai h\u00e4n voi palauttaa teht\u00e4v\u00e4n, jolloin se odottaa ohjaajan kuittausta (kuvio 2). Kuittaa opiskelijan teht\u00e4v\u00e4 hyv\u00e4ksytyksi, jonka j\u00e4lkeen tila on &#8221;valmis&#8221;.<\/p>\n\n\n\n<p>Voit n\u00e4hd\u00e4 opiskelijan tekem\u00e4t teht\u00e4v\u00e4t ja n\u00e4in seurata, miten opiskelijan projekti edistyy.<\/p>\n\n\n\n<figure class=\"wp-block-image size-full\"><a href=\"https:\/\/help.jamk.fi\/opinnaytetyon-ohjaus\/wp-content\/uploads\/sites\/110\/2025\/04\/Tehtavan-tilat.png\"><img loading=\"lazy\" decoding=\"async\" width=\"693\" height=\"303\" src=\"https:\/\/help.jamk.fi\/opinnaytetyon-ohjaus\/wp-content\/uploads\/sites\/110\/2025\/04\/Tehtavan-tilat.png\" alt=\"Teht\u00e4v\u00e4n tilat\" class=\"wp-image-1829\" srcset=\"https:\/\/help.jamk.fi\/opinnaytetyon-ohjaus\/wp-content\/uploads\/sites\/110\/2025\/04\/Tehtavan-tilat.png 693w, https:\/\/help.jamk.fi\/opinnaytetyon-ohjaus\/wp-content\/uploads\/sites\/110\/2025\/04\/Tehtavan-tilat-300x131.png 300w\" sizes=\"auto, (max-width: 693px) 100vw, 693px\" \/><\/a><figcaption class=\"wp-element-caption\">Kuvio 2. Ohjaajan n\u00e4kym\u00e4 teht\u00e4vien tilasta<\/figcaption><\/figure>\n\n\n\n<p><strong>Opiskelijan tulee luoda ja tehd\u00e4 kuhunkin projektin vaiheeseen liittyv\u00e4t teht\u00e4v\u00e4t. Teht\u00e4v\u00e4t l\u00f6ytyv\u00e4t opiskelijan opinn\u00e4ytety\u00f6ohjeesta. Ohjaaja hyv\u00e4ksyy vaiheen Wihiss\u00e4, kun kaikki vaiheeseen liittyv\u00e4t teht\u00e4v\u00e4t on suoritettu. Katso tarkemmat ohjeet Vaiheen hyv\u00e4ksyminen ja suoritusmerkinn\u00e4t -sivulta.<\/strong><\/p>\n\n\n\n<p>HUOM. Vaiheen hyv\u00e4ksymisen j\u00e4lkeen avoimeksi j\u00e4\u00e4neet teht\u00e4v\u00e4t n\u00e4kyv\u00e4t Wihiss\u00e4 <em>opiskelijan ty\u00f6p\u00f6yd\u00e4ll\u00e4<\/em> samassa paikassa kuin edellisess\u00e4kin vaiheessa.<\/p>\n\n\n\n<h2 class=\"wp-block-heading\">Tiedostot<\/h2>\n\n\n\n<p>Opiskelija voi projektin eri vaiheissa l\u00e4hett\u00e4\u00e4 tiedoston ohjaajan tarkasteltavaksi ja kommentoitavaksi. Kun opiskelija l\u00e4hett\u00e4\u00e4 opinn\u00e4ytety\u00f6ns\u00e4 kommentoitavaksi, voit toimia kolmella eri tavalla.<\/p>\n\n\n\n<ol class=\"wp-block-list\">\n<li>Luet ty\u00f6n ja kommentoit Kirjoita viesti -toiminnolla.<\/li>\n\n\n\n<li>Avaat ty\u00f6n, tallennat sen omalle koneelle ja kommentoit suoraan opiskelijan tiedostoon. L\u00e4het\u00e4t t\u00e4m\u00e4n j\u00e4lkeen tiedoston takaisin opiskelijalle kommentoituna. T\u00e4m\u00e4 tehd\u00e4\u00e4n Tiedostot-toiminnon <strong>Lis\u00e4\u00e4 tiedosto<\/strong> -painikkeella (kuvio 3).<\/li>\n\n\n\n<li>Opiskelija jakaa Viestit-toiminnolla opinn\u00e4ytety\u00f6ns\u00e4 linkin esim. O365-ymp\u00e4rist\u00f6st\u00e4, jolloin voit kommentoida suoraan jaettuun tiedostoon.<\/li>\n<\/ol>\n\n\n\n<p>Tiedostot-toiminnossa n\u00e4et sek\u00e4 opiskelijan ett\u00e4 itsesi l\u00e4hett\u00e4m\u00e4t ty\u00f6t (kuvio 3).<\/p>\n\n\n\n<figure class=\"wp-block-image size-large\"><img decoding=\"async\" src=\"https:\/\/help.jamk.fi\/opinnaytetyon-ohjaus\/wp-content\/uploads\/sites\/110\/2023\/09\/Ohjaajan-tiedostot-tyoalue.png\" alt=\"\" class=\"wp-image-1004\"\/><figcaption class=\"wp-element-caption\">Kuvio 3. Ohjaajan tiedostot -toiminto<\/figcaption><\/figure>\n\n\n\n<p>Voit l\u00e4hett\u00e4\u00e4 tiedoston my\u00f6s ulkopuoliselle henkil\u00f6lle, esim. opinn\u00e4ytety\u00f6n toimeksiantajalle  kommentoitavaksi. T\u00e4m\u00e4 tehd\u00e4\u00e4n <strong>L\u00e4het\u00e4 kommentoitavaksi<\/strong> -painikkeella. T\u00e4ll\u00f6in viesti-ikkunaan tarvitaan s\u00e4hk\u00f6postiosoite, johon ty\u00f6 halutaan l\u00e4hett\u00e4\u00e4 (kuvio 4).<\/p>\n\n\n\n<figure class=\"wp-block-image size-full\"><img decoding=\"async\" src=\"https:\/\/help.jamk.fi\/opinnaytetyon-ohjaus\/wp-content\/uploads\/sites\/110\/2023\/09\/Ohjaaja-lahettaa-tyon-kommentoitavaksi.png\" alt=\"\" class=\"wp-image-1007\"\/><figcaption class=\"wp-element-caption\">Kuvio 4. Ty\u00f6n l\u00e4hett\u00e4minen kommentoitavaksi<\/figcaption><\/figure>\n\n\n\n<p>HUOM. L\u00e4hetetyt viestit ja tiedostot n\u00e4kyv\u00e4t l\u00e4hett\u00e4misen j\u00e4lkeen kohdassa \u201dSidosryhmien lausunnot\u201d.<\/p>\n\n\n\n<p>HUOM. Jos opiskelijan ty\u00f6ss\u00e4 on salassapidett\u00e4vi\u00e4 osia, voit avata Wihiss\u00e4 ty\u00f6lle luottamuksellisen ty\u00f6alueen, johon opiskelija voi tuoda salassapidett\u00e4v\u00e4t tiedostot tarkasteltavaksi. T\u00e4m\u00e4 tehd\u00e4\u00e4n <strong>Ota luottamuksellinen alue k\u00e4ytt\u00f6\u00f6n <\/strong>-painikkeella. N\u00e4it\u00e4 tiedostoja voi tarkastella ohjaajan lis\u00e4ksi my\u00f6s 2. tarkastaja.<\/p>\n\n\n\n<h2 class=\"wp-block-heading\">Aktiivisuusmerkinn\u00e4t<\/h2>\n\n\n\n<p>Aktiivisuusmerkinn\u00f6ist\u00e4 n\u00e4et tarkemmalla tasolla, milloin teht\u00e4vi\u00e4 on luotu, aloitettu ja valmistunut. Voit my\u00f6s itse lis\u00e4t\u00e4 aktiivisuusmerkint\u00f6j\u00e4 (kuvio 5). Voit k\u00e4ytt\u00e4\u00e4 n\u00e4it\u00e4 merkint\u00f6j\u00e4, jos koet ne tarpeellisiksi. Merkinn\u00e4t eiv\u00e4t n\u00e4y opiskelijalle, vaan toimivat \u201dmuistilappuina\u201d. <\/p>\n\n\n\n<p>HUOM. Merkinn\u00e4t n\u00e4kyv\u00e4t koordinaattoreille sek\u00e4 ohjaajan vaihtuessa my\u00f6s uudelle ohjaajalle. Aktiivisuusmerkint\u00f6j\u00e4 ei voi poistaa.<\/p>\n\n\n\n<figure class=\"wp-block-image size-large\"><img decoding=\"async\" src=\"https:\/\/help.jamk.fi\/opinnaytetyon-ohjaus\/wp-content\/uploads\/sites\/110\/2023\/09\/Aktiivisuusmerkinnan-lisaaminen-ohjaajan-nakymassa.png\" alt=\"\" class=\"wp-image-1011\"\/><figcaption class=\"wp-element-caption\">Kuvio 5. Aktiivisuusmerkinn\u00e4n lis\u00e4\u00e4minen<\/figcaption><\/figure>\n\n\n\n<h2 class=\"wp-block-heading\">Linkit<\/h2>\n\n\n\n<p><a href=\"https:\/\/help.jamk.fi\/opinnaytetyon-ohjaus\/fi\/wihi-ohjeet-ohjaajalle\/yleista-wihista\/\">Yleist\u00e4 Wihist\u00e4<\/a><\/p>\n\n\n\n<p><a href=\"https:\/\/help.jamk.fi\/opinnaytetyon-ohjaus\/fi\/wihi-ohjeet-ohjaajalle\/vaiheen-hyvaksyminen\/\">Vaiheen hyv\u00e4ksyminen ja suoritusmerkinn\u00e4t<\/a><\/p>\n\n\n\n<p><\/p>\n\n\n<div id=\"link-lifts-block_2d3e1d8b5a6b8e785cb3bd9a301d0a8d\" class=\"link-lifts block-link-lifts\">\n  <div class=\"row\">\n            <div class=\"col-12 col-lg-4 block-link-lifts__column\">\n          <div class=\"block-link-lifts__item lilac\">\n            <h3 class=\"block-link-lifts__item--heading\">Opiskelijan ohjeet<\/h3>\n                          <ul class=\"block-link-lifts__item--link-list\">\n                                                                        <li>\n                                              <a class=\"link-list\" href=\"https:\/\/help.jamk.fi\/opinnaytetyo\/fi\/opinnaytetyoprojekti\/\" target=\"_self\">Opinn\u00e4ytety\u00f6projekti ja teht\u00e4v\u00e4t<\/a>\n                                          <\/li>\n                                                <\/ul>\n            \n          <\/div>\n        <\/div>\n      <\/div>\n<\/div>\n\n\n<p><\/p>\n\n\n\n<p><em>P\u00e4ivitetty 17.4.2025<\/em><\/p>\n","protected":false},"excerpt":{"rendered":"<p>&#8211; viestit, teht\u00e4v\u00e4t, tiedostot ja aktiivisuusmerkinn\u00e4t Opinn\u00e4ytety\u00f6n projektin jokaisessa vaiheessa on k\u00e4yt\u00f6ss\u00e4 seuraavat toiminnot: Viestit Viestit-toiminnolla voit n\u00e4hd\u00e4 opiskelijan l\u00e4hett\u00e4m\u00e4t viestit. Voit my\u00f6s l\u00e4hett\u00e4\u00e4 viestin opiskelijalle. Viestin voit l\u00e4hett\u00e4\u00e4 klikkaamalla Kirjoita viesti -painiketta (kuvio 1). Kaikki ohjaukseen liittyv\u00e4 viestint\u00e4 tehd\u00e4\u00e4n Wihin Viestit-toiminnolla. Viestit menev\u00e4t my\u00f6s opiskelijan s\u00e4hk\u00f6postilaatikkoon. Vinkki: Voit k\u00e4ytt\u00e4\u00e4 Viestit-toimintoa my\u00f6s omien oppimisymp\u00e4rist\u00f6jen (Moodle) [&hellip;]<\/p>\n","protected":false},"author":79,"featured_media":0,"parent":228,"menu_order":3,"comment_status":"closed","ping_status":"closed","template":"","meta":{"_acf_changed":false,"_relevanssi_hide_post":"","_relevanssi_hide_content":"","_relevanssi_pin_for_all":"","_relevanssi_pin_keywords":"","_relevanssi_unpin_keywords":"","_relevanssi_related_keywords":"","_relevanssi_related_include_ids":"","_relevanssi_related_exclude_ids":"","_relevanssi_related_no_append":"","_relevanssi_related_not_related":"","_relevanssi_related_posts":"","_relevanssi_noindex_reason":"","footnotes":""},"categories":[1],"tags":[],"class_list":["post-279","page","type-page","status-publish","hentry","category-yleinen"],"acf":[],"yoast_head":"<!-- This site is optimized with the Yoast SEO plugin v27.3 - https:\/\/yoast.com\/product\/yoast-seo-wordpress\/ -->\n<title>10.3 Wihin toiminnot - Thesis Supervisor&#039;s Handbook<\/title>\n<meta name=\"robots\" content=\"index, follow, max-snippet:-1, max-image-preview:large, max-video-preview:-1\" \/>\n<link rel=\"canonical\" href=\"https:\/\/help.jamk.fi\/opinnaytetyon-ohjaus\/fi\/wihi-ohjeet-ohjaajalle\/wihin-toiminnot\/\" \/>\n<meta property=\"og:locale\" content=\"fi_FI\" \/>\n<meta property=\"og:type\" content=\"article\" \/>\n<meta property=\"og:title\" content=\"10.3 Wihin toiminnot - Thesis Supervisor&#039;s Handbook\" \/>\n<meta property=\"og:description\" content=\"&#8211; viestit, teht\u00e4v\u00e4t, tiedostot ja aktiivisuusmerkinn\u00e4t Opinn\u00e4ytety\u00f6n projektin jokaisessa vaiheessa on k\u00e4yt\u00f6ss\u00e4 seuraavat toiminnot: Viestit Viestit-toiminnolla voit n\u00e4hd\u00e4 opiskelijan l\u00e4hett\u00e4m\u00e4t viestit. Voit my\u00f6s l\u00e4hett\u00e4\u00e4 viestin opiskelijalle. Viestin voit l\u00e4hett\u00e4\u00e4 klikkaamalla Kirjoita viesti -painiketta (kuvio 1). Kaikki ohjaukseen liittyv\u00e4 viestint\u00e4 tehd\u00e4\u00e4n Wihin Viestit-toiminnolla. Viestit menev\u00e4t my\u00f6s opiskelijan s\u00e4hk\u00f6postilaatikkoon. Vinkki: Voit k\u00e4ytt\u00e4\u00e4 Viestit-toimintoa my\u00f6s omien oppimisymp\u00e4rist\u00f6jen (Moodle) [&hellip;]\" \/>\n<meta property=\"og:url\" content=\"https:\/\/help.jamk.fi\/opinnaytetyon-ohjaus\/fi\/wihi-ohjeet-ohjaajalle\/wihin-toiminnot\/\" \/>\n<meta property=\"og:site_name\" content=\"Thesis Supervisor&#039;s Handbook\" \/>\n<meta property=\"article:modified_time\" content=\"2025-04-17T05:19:49+00:00\" \/>\n<meta name=\"twitter:card\" content=\"summary_large_image\" \/>\n<meta name=\"twitter:label1\" content=\"Arvioitu lukuaika\" \/>\n\t<meta name=\"twitter:data1\" content=\"4 minuuttia\" \/>\n<script type=\"application\/ld+json\" class=\"yoast-schema-graph\">{\"@context\":\"https:\\\/\\\/schema.org\",\"@graph\":[{\"@type\":\"WebPage\",\"@id\":\"https:\\\/\\\/help.jamk.fi\\\/opinnaytetyon-ohjaus\\\/fi\\\/wihi-ohjeet-ohjaajalle\\\/wihin-toiminnot\\\/\",\"url\":\"https:\\\/\\\/help.jamk.fi\\\/opinnaytetyon-ohjaus\\\/fi\\\/wihi-ohjeet-ohjaajalle\\\/wihin-toiminnot\\\/\",\"name\":\"10.3 Wihin toiminnot - Thesis Supervisor&#039;s Handbook\",\"isPartOf\":{\"@id\":\"https:\\\/\\\/help.jamk.fi\\\/opinnaytetyon-ohjaus\\\/#website\"},\"primaryImageOfPage\":{\"@id\":\"https:\\\/\\\/help.jamk.fi\\\/opinnaytetyon-ohjaus\\\/fi\\\/wihi-ohjeet-ohjaajalle\\\/wihin-toiminnot\\\/#primaryimage\"},\"image\":{\"@id\":\"https:\\\/\\\/help.jamk.fi\\\/opinnaytetyon-ohjaus\\\/fi\\\/wihi-ohjeet-ohjaajalle\\\/wihin-toiminnot\\\/#primaryimage\"},\"thumbnailUrl\":\"https:\\\/\\\/help.jamk.fi\\\/opinnaytetyon-ohjaus\\\/wp-content\\\/uploads\\\/sites\\\/110\\\/2023\\\/09\\\/Viestit-toiminto.png\",\"datePublished\":\"2022-09-20T06:53:12+00:00\",\"dateModified\":\"2025-04-17T05:19:49+00:00\",\"breadcrumb\":{\"@id\":\"https:\\\/\\\/help.jamk.fi\\\/opinnaytetyon-ohjaus\\\/fi\\\/wihi-ohjeet-ohjaajalle\\\/wihin-toiminnot\\\/#breadcrumb\"},\"inLanguage\":\"fi\",\"potentialAction\":[{\"@type\":\"ReadAction\",\"target\":[\"https:\\\/\\\/help.jamk.fi\\\/opinnaytetyon-ohjaus\\\/fi\\\/wihi-ohjeet-ohjaajalle\\\/wihin-toiminnot\\\/\"]}]},{\"@type\":\"ImageObject\",\"inLanguage\":\"fi\",\"@id\":\"https:\\\/\\\/help.jamk.fi\\\/opinnaytetyon-ohjaus\\\/fi\\\/wihi-ohjeet-ohjaajalle\\\/wihin-toiminnot\\\/#primaryimage\",\"url\":\"https:\\\/\\\/help.jamk.fi\\\/opinnaytetyon-ohjaus\\\/wp-content\\\/uploads\\\/sites\\\/110\\\/2023\\\/09\\\/Viestit-toiminto.png\",\"contentUrl\":\"https:\\\/\\\/help.jamk.fi\\\/opinnaytetyon-ohjaus\\\/wp-content\\\/uploads\\\/sites\\\/110\\\/2023\\\/09\\\/Viestit-toiminto.png\"},{\"@type\":\"BreadcrumbList\",\"@id\":\"https:\\\/\\\/help.jamk.fi\\\/opinnaytetyon-ohjaus\\\/fi\\\/wihi-ohjeet-ohjaajalle\\\/wihin-toiminnot\\\/#breadcrumb\",\"itemListElement\":[{\"@type\":\"ListItem\",\"position\":1,\"name\":\"Etusivu\",\"item\":\"https:\\\/\\\/help.jamk.fi\\\/opinnaytetyon-ohjaus\\\/fi\\\/\"},{\"@type\":\"ListItem\",\"position\":2,\"name\":\"10 Wihi-ohjeet ohjaajalle\",\"item\":\"https:\\\/\\\/help.jamk.fi\\\/opinnaytetyon-ohjaus\\\/fi\\\/wihi-ohjeet-ohjaajalle\\\/\"},{\"@type\":\"ListItem\",\"position\":3,\"name\":\"10.3 Wihin toiminnot\"}]},{\"@type\":\"WebSite\",\"@id\":\"https:\\\/\\\/help.jamk.fi\\\/opinnaytetyon-ohjaus\\\/#website\",\"url\":\"https:\\\/\\\/help.jamk.fi\\\/opinnaytetyon-ohjaus\\\/\",\"name\":\"Thesis Supervisor&#039;s Handbook\",\"description\":\"Opinn\u00e4ytety\u00f6n ohjaajan k\u00e4sikirja ja vinkkipankki\",\"potentialAction\":[{\"@type\":\"SearchAction\",\"target\":{\"@type\":\"EntryPoint\",\"urlTemplate\":\"https:\\\/\\\/help.jamk.fi\\\/opinnaytetyon-ohjaus\\\/?s={search_term_string}\"},\"query-input\":{\"@type\":\"PropertyValueSpecification\",\"valueRequired\":true,\"valueName\":\"search_term_string\"}}],\"inLanguage\":\"fi\"}]}<\/script>\n<!-- \/ Yoast SEO plugin. -->","yoast_head_json":{"title":"10.3 Wihin toiminnot - Thesis Supervisor&#039;s Handbook","robots":{"index":"index","follow":"follow","max-snippet":"max-snippet:-1","max-image-preview":"max-image-preview:large","max-video-preview":"max-video-preview:-1"},"canonical":"https:\/\/help.jamk.fi\/opinnaytetyon-ohjaus\/fi\/wihi-ohjeet-ohjaajalle\/wihin-toiminnot\/","og_locale":"fi_FI","og_type":"article","og_title":"10.3 Wihin toiminnot - Thesis Supervisor&#039;s Handbook","og_description":"&#8211; viestit, teht\u00e4v\u00e4t, tiedostot ja aktiivisuusmerkinn\u00e4t Opinn\u00e4ytety\u00f6n projektin jokaisessa vaiheessa on k\u00e4yt\u00f6ss\u00e4 seuraavat toiminnot: Viestit Viestit-toiminnolla voit n\u00e4hd\u00e4 opiskelijan l\u00e4hett\u00e4m\u00e4t viestit. Voit my\u00f6s l\u00e4hett\u00e4\u00e4 viestin opiskelijalle. Viestin voit l\u00e4hett\u00e4\u00e4 klikkaamalla Kirjoita viesti -painiketta (kuvio 1). Kaikki ohjaukseen liittyv\u00e4 viestint\u00e4 tehd\u00e4\u00e4n Wihin Viestit-toiminnolla. Viestit menev\u00e4t my\u00f6s opiskelijan s\u00e4hk\u00f6postilaatikkoon. Vinkki: Voit k\u00e4ytt\u00e4\u00e4 Viestit-toimintoa my\u00f6s omien oppimisymp\u00e4rist\u00f6jen (Moodle) [&hellip;]","og_url":"https:\/\/help.jamk.fi\/opinnaytetyon-ohjaus\/fi\/wihi-ohjeet-ohjaajalle\/wihin-toiminnot\/","og_site_name":"Thesis Supervisor&#039;s Handbook","article_modified_time":"2025-04-17T05:19:49+00:00","twitter_card":"summary_large_image","twitter_misc":{"Arvioitu lukuaika":"4 minuuttia"},"schema":{"@context":"https:\/\/schema.org","@graph":[{"@type":"WebPage","@id":"https:\/\/help.jamk.fi\/opinnaytetyon-ohjaus\/fi\/wihi-ohjeet-ohjaajalle\/wihin-toiminnot\/","url":"https:\/\/help.jamk.fi\/opinnaytetyon-ohjaus\/fi\/wihi-ohjeet-ohjaajalle\/wihin-toiminnot\/","name":"10.3 Wihin toiminnot - Thesis Supervisor&#039;s Handbook","isPartOf":{"@id":"https:\/\/help.jamk.fi\/opinnaytetyon-ohjaus\/#website"},"primaryImageOfPage":{"@id":"https:\/\/help.jamk.fi\/opinnaytetyon-ohjaus\/fi\/wihi-ohjeet-ohjaajalle\/wihin-toiminnot\/#primaryimage"},"image":{"@id":"https:\/\/help.jamk.fi\/opinnaytetyon-ohjaus\/fi\/wihi-ohjeet-ohjaajalle\/wihin-toiminnot\/#primaryimage"},"thumbnailUrl":"https:\/\/help.jamk.fi\/opinnaytetyon-ohjaus\/wp-content\/uploads\/sites\/110\/2023\/09\/Viestit-toiminto.png","datePublished":"2022-09-20T06:53:12+00:00","dateModified":"2025-04-17T05:19:49+00:00","breadcrumb":{"@id":"https:\/\/help.jamk.fi\/opinnaytetyon-ohjaus\/fi\/wihi-ohjeet-ohjaajalle\/wihin-toiminnot\/#breadcrumb"},"inLanguage":"fi","potentialAction":[{"@type":"ReadAction","target":["https:\/\/help.jamk.fi\/opinnaytetyon-ohjaus\/fi\/wihi-ohjeet-ohjaajalle\/wihin-toiminnot\/"]}]},{"@type":"ImageObject","inLanguage":"fi","@id":"https:\/\/help.jamk.fi\/opinnaytetyon-ohjaus\/fi\/wihi-ohjeet-ohjaajalle\/wihin-toiminnot\/#primaryimage","url":"https:\/\/help.jamk.fi\/opinnaytetyon-ohjaus\/wp-content\/uploads\/sites\/110\/2023\/09\/Viestit-toiminto.png","contentUrl":"https:\/\/help.jamk.fi\/opinnaytetyon-ohjaus\/wp-content\/uploads\/sites\/110\/2023\/09\/Viestit-toiminto.png"},{"@type":"BreadcrumbList","@id":"https:\/\/help.jamk.fi\/opinnaytetyon-ohjaus\/fi\/wihi-ohjeet-ohjaajalle\/wihin-toiminnot\/#breadcrumb","itemListElement":[{"@type":"ListItem","position":1,"name":"Etusivu","item":"https:\/\/help.jamk.fi\/opinnaytetyon-ohjaus\/fi\/"},{"@type":"ListItem","position":2,"name":"10 Wihi-ohjeet ohjaajalle","item":"https:\/\/help.jamk.fi\/opinnaytetyon-ohjaus\/fi\/wihi-ohjeet-ohjaajalle\/"},{"@type":"ListItem","position":3,"name":"10.3 Wihin toiminnot"}]},{"@type":"WebSite","@id":"https:\/\/help.jamk.fi\/opinnaytetyon-ohjaus\/#website","url":"https:\/\/help.jamk.fi\/opinnaytetyon-ohjaus\/","name":"Thesis Supervisor&#039;s Handbook","description":"Opinn\u00e4ytety\u00f6n ohjaajan k\u00e4sikirja ja vinkkipankki","potentialAction":[{"@type":"SearchAction","target":{"@type":"EntryPoint","urlTemplate":"https:\/\/help.jamk.fi\/opinnaytetyon-ohjaus\/?s={search_term_string}"},"query-input":{"@type":"PropertyValueSpecification","valueRequired":true,"valueName":"search_term_string"}}],"inLanguage":"fi"}]}},"_links":{"self":[{"href":"https:\/\/help.jamk.fi\/opinnaytetyon-ohjaus\/wp-json\/wp\/v2\/pages\/279","targetHints":{"allow":["GET"]}}],"collection":[{"href":"https:\/\/help.jamk.fi\/opinnaytetyon-ohjaus\/wp-json\/wp\/v2\/pages"}],"about":[{"href":"https:\/\/help.jamk.fi\/opinnaytetyon-ohjaus\/wp-json\/wp\/v2\/types\/page"}],"author":[{"embeddable":true,"href":"https:\/\/help.jamk.fi\/opinnaytetyon-ohjaus\/wp-json\/wp\/v2\/users\/79"}],"replies":[{"embeddable":true,"href":"https:\/\/help.jamk.fi\/opinnaytetyon-ohjaus\/wp-json\/wp\/v2\/comments?post=279"}],"version-history":[{"count":16,"href":"https:\/\/help.jamk.fi\/opinnaytetyon-ohjaus\/wp-json\/wp\/v2\/pages\/279\/revisions"}],"predecessor-version":[{"id":1832,"href":"https:\/\/help.jamk.fi\/opinnaytetyon-ohjaus\/wp-json\/wp\/v2\/pages\/279\/revisions\/1832"}],"up":[{"embeddable":true,"href":"https:\/\/help.jamk.fi\/opinnaytetyon-ohjaus\/wp-json\/wp\/v2\/pages\/228"}],"wp:attachment":[{"href":"https:\/\/help.jamk.fi\/opinnaytetyon-ohjaus\/wp-json\/wp\/v2\/media?parent=279"}],"wp:term":[{"taxonomy":"category","embeddable":true,"href":"https:\/\/help.jamk.fi\/opinnaytetyon-ohjaus\/wp-json\/wp\/v2\/categories?post=279"},{"taxonomy":"post_tag","embeddable":true,"href":"https:\/\/help.jamk.fi\/opinnaytetyon-ohjaus\/wp-json\/wp\/v2\/tags?post=279"}],"curies":[{"name":"wp","href":"https:\/\/api.w.org\/{rel}","templated":true}]}}