{"id":309,"date":"2022-09-20T09:54:48","date_gmt":"2022-09-20T06:54:48","guid":{"rendered":"https:\/\/help.jamk.fi\/yamk-kasikirja\/wihi-ohjeet-ohjaajalle\/vaiheen-hyvaksyminen\/"},"modified":"2024-01-23T15:34:16","modified_gmt":"2024-01-23T13:34:16","slug":"vaiheen-hyvaksyminen","status":"publish","type":"page","link":"https:\/\/help.jamk.fi\/opinnaytetyon-ohjaus\/fi\/wihi-ohjeet-ohjaajalle\/vaiheen-hyvaksyminen\/","title":{"rendered":"10.5 Vaiheen hyv\u00e4ksyminen ja suoritusmerkinn\u00e4t"},"content":{"rendered":"\n<p>Opiskelijan tulee luoda ja tehd\u00e4 kuhunkin vaiheeseen liittyv\u00e4t teht\u00e4v\u00e4t. Teht\u00e4v\u00e4t l\u00f6ytyv\u00e4t opiskelijan opinn\u00e4ytety\u00f6ohjeesta. Ohjaaja hyv\u00e4ksyy vaiheen Wihiss\u00e4, kun kaikki vaiheeseen liittyv\u00e4t teht\u00e4v\u00e4t on suoritettu. <\/p>\n\n\n\n<p>Vaiheen hyv\u00e4ksyminen tehd\u00e4\u00e4n Opinn\u00e4ytety\u00f6tilan yl\u00e4osan <strong>Hyv\u00e4ksy vaihe<\/strong> -painikkeella (kuvio 1).<\/p>\n\n\n\n<figure class=\"wp-block-image size-large\"><img decoding=\"async\" src=\"https:\/\/help.jamk.fi\/opinnaytetyon-ohjaus\/wp-content\/uploads\/sites\/110\/2023\/09\/Vaiheen-hyvaksyminen1.png\" alt=\"\" class=\"wp-image-1023\"\/><figcaption class=\"wp-element-caption\">Kuvio 1. Vaiheen hyv\u00e4ksyminen<\/figcaption><\/figure>\n\n\n\n<p>Vaiheen hyv\u00e4ksymisest\u00e4 siirtyy suoritusmerkint\u00e4 opiskelijan opinn\u00e4ytety\u00f6n opintojaksolle Peppiin seuraavasti:<\/p>\n\n\n\n<ul class=\"wp-block-list\">\n<li>Opinn\u00e4ytety\u00f6 1\/3 -vaihe &gt; Opinn\u00e4ytety\u00f6n suunnittelu, AMK (3 op) tai Opinn\u00e4ytety\u00f6n suunnittelu, ylempi AMK (7 op)<\/li>\n\n\n\n<li>Opinn\u00e4ytety\u00f6 2\/3 -vaihe &gt; Opinn\u00e4ytety\u00f6n toteutus, AMK (6 op) tai Opinn\u00e4ytety\u00f6n toteutus, ylempi AMK (10 op)<\/li>\n\n\n\n<li>Opinn\u00e4ytety\u00f6 3\/3 -vaihe &gt; Opinn\u00e4ytety\u00f6n raportointi ja arviointi, AMK (4 op) tai Opinn\u00e4ytety\u00f6n raportointi, ylempi AMK (10 op)<\/li>\n<\/ul>\n\n\n\n<p>Katso ohjeet vaiheen 3\/3 hyv\u00e4ksymiseksi Opinn\u00e4ytety\u00f6n arvioiminen ja arviointilomake -sivulta.<\/p>\n\n\n\n<p>Jos on tarve ohittaa suoritusmerkinn\u00e4n siirtyminen, voit tehd\u00e4 sen laittamalla ruksin kohtaan \u201dOhita suoritusmerkinn\u00e4n luominen opiskelijarekisteriin\u201d (kuvio 2).<\/p>\n\n\n\n<p>HUOM. Ohjaajan on t\u00e4ll\u00f6in huolehdittava suoritusmerkinn\u00e4t manuaalisesti Peppiin.<\/p>\n\n\n\n<p>Opinn\u00e4ytety\u00f6 1\/3 -vaiheen hyv\u00e4ksymisen yhteydess\u00e4 sinun on merkitt\u00e4v\u00e4 opinn\u00e4ytety\u00f6n TKI-pisteet, jotka siirtyv\u00e4t my\u00f6s Peppiin (kuvio 2). Jos opinn\u00e4ytety\u00f6 on tehty hankkeelle, kirjataan TKI-pisteiksi koko opinn\u00e4ytety\u00f6n opintopistem\u00e4\u00e4r\u00e4 (15 op tai 30 op). Muussa tapauksessa kirjataan 0 op.<\/p>\n\n\n\n<figure class=\"wp-block-image size-full\"><img loading=\"lazy\" decoding=\"async\" width=\"593\" height=\"608\" src=\"https:\/\/help.jamk.fi\/opinnaytetyon-ohjaus\/wp-content\/uploads\/sites\/110\/2023\/10\/Suoritusmerkinnan-ohitus-vaiheen-hyvaksynnassa.png\" alt=\"\" class=\"wp-image-1301\"\/><figcaption class=\"wp-element-caption\">Kuvio 2. Vaiheen hyv\u00e4ksyminen ja TKI-pisteiden merkitseminen<\/figcaption><\/figure>\n\n\n\n<p>HUOM. Vaiheen hyv\u00e4ksymisen j\u00e4lkeen avoimeksi j\u00e4\u00e4neet teht\u00e4v\u00e4t n\u00e4kyv\u00e4t Wihiss\u00e4 <em>opiskelijan ty\u00f6p\u00f6yd\u00e4ll\u00e4<\/em> samassa paikassa kuin edellisess\u00e4kin vaiheessa.<\/p>\n\n\n\n<h2 class=\"wp-block-heading\">Vaiheen avaaminen<\/h2>\n\n\n\n<p>Koordinaattori voi avata jo hyv\u00e4ksytyt vaiheet: 1\/3, 2\/3 tai 3\/3 (arvioinnin avaaminen). T\u00e4m\u00e4 onnistuu my\u00f6s siin\u00e4 tapauksessa, ett\u00e4 seuraavassa vaiheessa on jo viestint\u00e4\u00e4, aktiivisuusmerkint\u00f6j\u00e4 tai teht\u00e4vi\u00e4. Viestint\u00e4 ja teht\u00e4v\u00e4t siirtyv\u00e4t t\u00e4ll\u00f6in vaiheeseen, jota ollaan avaamassa.<\/p>\n\n\n\n<p>HUOM. Vaiheen avaaminen ei poista Peppiin jo siirtyneit\u00e4 suoritusmerkint\u00f6j\u00e4 tai arvosanoja.<\/p>\n\n\n\n<h2 class=\"wp-block-heading\">Linkit<\/h2>\n\n\n\n<p><a href=\"https:\/\/help.jamk.fi\/opinnaytetyon-ohjaus\/fi\/wihi-ohjeet-ohjaajalle\/opinnaytetyon-arvioiminen\/\">Opinn\u00e4ytety\u00f6n arvioiminen ja arviointilomake<\/a><\/p>\n\n\n<div id=\"link-lifts-block_4479114104da1eab5518a22389c1fe61\" class=\"link-lifts block-link-lifts\">\n  <div class=\"row\">\n            <div class=\"col-12 col-lg-4 block-link-lifts__column\">\n          <div class=\"block-link-lifts__item lilac\">\n            <h3 class=\"block-link-lifts__item--heading\">Opiskelijan ohjeet<\/h3>\n                          <ul class=\"block-link-lifts__item--link-list\">\n                                                                        <li>\n                                              <a class=\"link-list\" href=\"https:\/\/help.jamk.fi\/opinnaytetyo\/fi\/opinnaytetyoprojekti\/\" target=\"_self\">Opinn\u00e4ytety\u00f6projekti ja teht\u00e4v\u00e4t<\/a>\n                                          <\/li>\n                                                <\/ul>\n            \n          <\/div>\n        <\/div>\n      <\/div>\n<\/div>","protected":false},"excerpt":{"rendered":"<p>Opiskelijan tulee luoda ja tehd\u00e4 kuhunkin vaiheeseen liittyv\u00e4t teht\u00e4v\u00e4t. Teht\u00e4v\u00e4t l\u00f6ytyv\u00e4t opiskelijan opinn\u00e4ytety\u00f6ohjeesta. Ohjaaja hyv\u00e4ksyy vaiheen Wihiss\u00e4, kun kaikki vaiheeseen liittyv\u00e4t teht\u00e4v\u00e4t on suoritettu. Vaiheen hyv\u00e4ksyminen tehd\u00e4\u00e4n Opinn\u00e4ytety\u00f6tilan yl\u00e4osan Hyv\u00e4ksy vaihe -painikkeella (kuvio 1). Vaiheen hyv\u00e4ksymisest\u00e4 siirtyy suoritusmerkint\u00e4 opiskelijan opinn\u00e4ytety\u00f6n opintojaksolle Peppiin seuraavasti: Katso ohjeet vaiheen 3\/3 hyv\u00e4ksymiseksi Opinn\u00e4ytety\u00f6n arvioiminen ja arviointilomake -sivulta. Jos on [&hellip;]<\/p>\n","protected":false},"author":79,"featured_media":0,"parent":228,"menu_order":5,"comment_status":"closed","ping_status":"closed","template":"","meta":{"_acf_changed":false,"_relevanssi_hide_post":"","_relevanssi_hide_content":"","_relevanssi_pin_for_all":"","_relevanssi_pin_keywords":"","_relevanssi_unpin_keywords":"","_relevanssi_related_keywords":"","_relevanssi_related_include_ids":"","_relevanssi_related_exclude_ids":"","_relevanssi_related_no_append":"","_relevanssi_related_not_related":"","_relevanssi_related_posts":"","_relevanssi_noindex_reason":"","footnotes":""},"categories":[1],"tags":[],"class_list":["post-309","page","type-page","status-publish","hentry","category-yleinen"],"acf":[],"yoast_head":"<!-- This site is optimized with the Yoast SEO plugin v27.3 - https:\/\/yoast.com\/product\/yoast-seo-wordpress\/ -->\n<title>10.5 Vaiheen hyv\u00e4ksyminen ja suoritusmerkinn\u00e4t - Thesis Supervisor&#039;s Handbook<\/title>\n<meta name=\"robots\" content=\"index, follow, max-snippet:-1, max-image-preview:large, max-video-preview:-1\" \/>\n<link rel=\"canonical\" href=\"https:\/\/help.jamk.fi\/opinnaytetyon-ohjaus\/fi\/wihi-ohjeet-ohjaajalle\/vaiheen-hyvaksyminen\/\" \/>\n<meta property=\"og:locale\" content=\"fi_FI\" \/>\n<meta property=\"og:type\" content=\"article\" \/>\n<meta property=\"og:title\" content=\"10.5 Vaiheen hyv\u00e4ksyminen ja suoritusmerkinn\u00e4t - Thesis Supervisor&#039;s Handbook\" \/>\n<meta property=\"og:description\" content=\"Opiskelijan tulee luoda ja tehd\u00e4 kuhunkin vaiheeseen liittyv\u00e4t teht\u00e4v\u00e4t. Teht\u00e4v\u00e4t l\u00f6ytyv\u00e4t opiskelijan opinn\u00e4ytety\u00f6ohjeesta. Ohjaaja hyv\u00e4ksyy vaiheen Wihiss\u00e4, kun kaikki vaiheeseen liittyv\u00e4t teht\u00e4v\u00e4t on suoritettu. Vaiheen hyv\u00e4ksyminen tehd\u00e4\u00e4n Opinn\u00e4ytety\u00f6tilan yl\u00e4osan Hyv\u00e4ksy vaihe -painikkeella (kuvio 1). Vaiheen hyv\u00e4ksymisest\u00e4 siirtyy suoritusmerkint\u00e4 opiskelijan opinn\u00e4ytety\u00f6n opintojaksolle Peppiin seuraavasti: Katso ohjeet vaiheen 3\/3 hyv\u00e4ksymiseksi Opinn\u00e4ytety\u00f6n arvioiminen ja arviointilomake -sivulta. Jos on [&hellip;]\" \/>\n<meta property=\"og:url\" content=\"https:\/\/help.jamk.fi\/opinnaytetyon-ohjaus\/fi\/wihi-ohjeet-ohjaajalle\/vaiheen-hyvaksyminen\/\" \/>\n<meta property=\"og:site_name\" content=\"Thesis Supervisor&#039;s Handbook\" \/>\n<meta property=\"article:modified_time\" content=\"2024-01-23T13:34:16+00:00\" \/>\n<meta property=\"og:image\" content=\"https:\/\/help.jamk.fi\/opinnaytetyon-ohjaus\/wp-content\/uploads\/sites\/110\/2023\/09\/Vaiheen-hyvaksyminen1.png\" \/>\n<meta name=\"twitter:card\" content=\"summary_large_image\" \/>\n<meta name=\"twitter:label1\" content=\"Arvioitu lukuaika\" \/>\n\t<meta name=\"twitter:data1\" content=\"2 minuuttia\" \/>\n<script type=\"application\/ld+json\" class=\"yoast-schema-graph\">{\"@context\":\"https:\\\/\\\/schema.org\",\"@graph\":[{\"@type\":\"WebPage\",\"@id\":\"https:\\\/\\\/help.jamk.fi\\\/opinnaytetyon-ohjaus\\\/fi\\\/wihi-ohjeet-ohjaajalle\\\/vaiheen-hyvaksyminen\\\/\",\"url\":\"https:\\\/\\\/help.jamk.fi\\\/opinnaytetyon-ohjaus\\\/fi\\\/wihi-ohjeet-ohjaajalle\\\/vaiheen-hyvaksyminen\\\/\",\"name\":\"10.5 Vaiheen hyv\u00e4ksyminen ja suoritusmerkinn\u00e4t - Thesis Supervisor&#039;s Handbook\",\"isPartOf\":{\"@id\":\"https:\\\/\\\/help.jamk.fi\\\/opinnaytetyon-ohjaus\\\/#website\"},\"primaryImageOfPage\":{\"@id\":\"https:\\\/\\\/help.jamk.fi\\\/opinnaytetyon-ohjaus\\\/fi\\\/wihi-ohjeet-ohjaajalle\\\/vaiheen-hyvaksyminen\\\/#primaryimage\"},\"image\":{\"@id\":\"https:\\\/\\\/help.jamk.fi\\\/opinnaytetyon-ohjaus\\\/fi\\\/wihi-ohjeet-ohjaajalle\\\/vaiheen-hyvaksyminen\\\/#primaryimage\"},\"thumbnailUrl\":\"https:\\\/\\\/help.jamk.fi\\\/opinnaytetyon-ohjaus\\\/wp-content\\\/uploads\\\/sites\\\/110\\\/2023\\\/09\\\/Vaiheen-hyvaksyminen1.png\",\"datePublished\":\"2022-09-20T06:54:48+00:00\",\"dateModified\":\"2024-01-23T13:34:16+00:00\",\"breadcrumb\":{\"@id\":\"https:\\\/\\\/help.jamk.fi\\\/opinnaytetyon-ohjaus\\\/fi\\\/wihi-ohjeet-ohjaajalle\\\/vaiheen-hyvaksyminen\\\/#breadcrumb\"},\"inLanguage\":\"fi\",\"potentialAction\":[{\"@type\":\"ReadAction\",\"target\":[\"https:\\\/\\\/help.jamk.fi\\\/opinnaytetyon-ohjaus\\\/fi\\\/wihi-ohjeet-ohjaajalle\\\/vaiheen-hyvaksyminen\\\/\"]}]},{\"@type\":\"ImageObject\",\"inLanguage\":\"fi\",\"@id\":\"https:\\\/\\\/help.jamk.fi\\\/opinnaytetyon-ohjaus\\\/fi\\\/wihi-ohjeet-ohjaajalle\\\/vaiheen-hyvaksyminen\\\/#primaryimage\",\"url\":\"https:\\\/\\\/help.jamk.fi\\\/opinnaytetyon-ohjaus\\\/wp-content\\\/uploads\\\/sites\\\/110\\\/2023\\\/09\\\/Vaiheen-hyvaksyminen1.png\",\"contentUrl\":\"https:\\\/\\\/help.jamk.fi\\\/opinnaytetyon-ohjaus\\\/wp-content\\\/uploads\\\/sites\\\/110\\\/2023\\\/09\\\/Vaiheen-hyvaksyminen1.png\"},{\"@type\":\"BreadcrumbList\",\"@id\":\"https:\\\/\\\/help.jamk.fi\\\/opinnaytetyon-ohjaus\\\/fi\\\/wihi-ohjeet-ohjaajalle\\\/vaiheen-hyvaksyminen\\\/#breadcrumb\",\"itemListElement\":[{\"@type\":\"ListItem\",\"position\":1,\"name\":\"Etusivu\",\"item\":\"https:\\\/\\\/help.jamk.fi\\\/opinnaytetyon-ohjaus\\\/fi\\\/\"},{\"@type\":\"ListItem\",\"position\":2,\"name\":\"10 Wihi-ohjeet ohjaajalle\",\"item\":\"https:\\\/\\\/help.jamk.fi\\\/opinnaytetyon-ohjaus\\\/fi\\\/wihi-ohjeet-ohjaajalle\\\/\"},{\"@type\":\"ListItem\",\"position\":3,\"name\":\"10.5 Vaiheen hyv\u00e4ksyminen ja suoritusmerkinn\u00e4t\"}]},{\"@type\":\"WebSite\",\"@id\":\"https:\\\/\\\/help.jamk.fi\\\/opinnaytetyon-ohjaus\\\/#website\",\"url\":\"https:\\\/\\\/help.jamk.fi\\\/opinnaytetyon-ohjaus\\\/\",\"name\":\"Thesis Supervisor&#039;s Handbook\",\"description\":\"Opinn\u00e4ytety\u00f6n ohjaajan k\u00e4sikirja ja vinkkipankki\",\"potentialAction\":[{\"@type\":\"SearchAction\",\"target\":{\"@type\":\"EntryPoint\",\"urlTemplate\":\"https:\\\/\\\/help.jamk.fi\\\/opinnaytetyon-ohjaus\\\/?s={search_term_string}\"},\"query-input\":{\"@type\":\"PropertyValueSpecification\",\"valueRequired\":true,\"valueName\":\"search_term_string\"}}],\"inLanguage\":\"fi\"}]}<\/script>\n<!-- \/ Yoast SEO plugin. -->","yoast_head_json":{"title":"10.5 Vaiheen hyv\u00e4ksyminen ja suoritusmerkinn\u00e4t - Thesis Supervisor&#039;s Handbook","robots":{"index":"index","follow":"follow","max-snippet":"max-snippet:-1","max-image-preview":"max-image-preview:large","max-video-preview":"max-video-preview:-1"},"canonical":"https:\/\/help.jamk.fi\/opinnaytetyon-ohjaus\/fi\/wihi-ohjeet-ohjaajalle\/vaiheen-hyvaksyminen\/","og_locale":"fi_FI","og_type":"article","og_title":"10.5 Vaiheen hyv\u00e4ksyminen ja suoritusmerkinn\u00e4t - Thesis Supervisor&#039;s Handbook","og_description":"Opiskelijan tulee luoda ja tehd\u00e4 kuhunkin vaiheeseen liittyv\u00e4t teht\u00e4v\u00e4t. Teht\u00e4v\u00e4t l\u00f6ytyv\u00e4t opiskelijan opinn\u00e4ytety\u00f6ohjeesta. Ohjaaja hyv\u00e4ksyy vaiheen Wihiss\u00e4, kun kaikki vaiheeseen liittyv\u00e4t teht\u00e4v\u00e4t on suoritettu. Vaiheen hyv\u00e4ksyminen tehd\u00e4\u00e4n Opinn\u00e4ytety\u00f6tilan yl\u00e4osan Hyv\u00e4ksy vaihe -painikkeella (kuvio 1). Vaiheen hyv\u00e4ksymisest\u00e4 siirtyy suoritusmerkint\u00e4 opiskelijan opinn\u00e4ytety\u00f6n opintojaksolle Peppiin seuraavasti: Katso ohjeet vaiheen 3\/3 hyv\u00e4ksymiseksi Opinn\u00e4ytety\u00f6n arvioiminen ja arviointilomake -sivulta. Jos on [&hellip;]","og_url":"https:\/\/help.jamk.fi\/opinnaytetyon-ohjaus\/fi\/wihi-ohjeet-ohjaajalle\/vaiheen-hyvaksyminen\/","og_site_name":"Thesis Supervisor&#039;s Handbook","article_modified_time":"2024-01-23T13:34:16+00:00","og_image":[{"url":"https:\/\/help.jamk.fi\/opinnaytetyon-ohjaus\/wp-content\/uploads\/sites\/110\/2023\/09\/Vaiheen-hyvaksyminen1.png","type":"","width":"","height":""}],"twitter_card":"summary_large_image","twitter_misc":{"Arvioitu lukuaika":"2 minuuttia"},"schema":{"@context":"https:\/\/schema.org","@graph":[{"@type":"WebPage","@id":"https:\/\/help.jamk.fi\/opinnaytetyon-ohjaus\/fi\/wihi-ohjeet-ohjaajalle\/vaiheen-hyvaksyminen\/","url":"https:\/\/help.jamk.fi\/opinnaytetyon-ohjaus\/fi\/wihi-ohjeet-ohjaajalle\/vaiheen-hyvaksyminen\/","name":"10.5 Vaiheen hyv\u00e4ksyminen ja suoritusmerkinn\u00e4t - Thesis Supervisor&#039;s Handbook","isPartOf":{"@id":"https:\/\/help.jamk.fi\/opinnaytetyon-ohjaus\/#website"},"primaryImageOfPage":{"@id":"https:\/\/help.jamk.fi\/opinnaytetyon-ohjaus\/fi\/wihi-ohjeet-ohjaajalle\/vaiheen-hyvaksyminen\/#primaryimage"},"image":{"@id":"https:\/\/help.jamk.fi\/opinnaytetyon-ohjaus\/fi\/wihi-ohjeet-ohjaajalle\/vaiheen-hyvaksyminen\/#primaryimage"},"thumbnailUrl":"https:\/\/help.jamk.fi\/opinnaytetyon-ohjaus\/wp-content\/uploads\/sites\/110\/2023\/09\/Vaiheen-hyvaksyminen1.png","datePublished":"2022-09-20T06:54:48+00:00","dateModified":"2024-01-23T13:34:16+00:00","breadcrumb":{"@id":"https:\/\/help.jamk.fi\/opinnaytetyon-ohjaus\/fi\/wihi-ohjeet-ohjaajalle\/vaiheen-hyvaksyminen\/#breadcrumb"},"inLanguage":"fi","potentialAction":[{"@type":"ReadAction","target":["https:\/\/help.jamk.fi\/opinnaytetyon-ohjaus\/fi\/wihi-ohjeet-ohjaajalle\/vaiheen-hyvaksyminen\/"]}]},{"@type":"ImageObject","inLanguage":"fi","@id":"https:\/\/help.jamk.fi\/opinnaytetyon-ohjaus\/fi\/wihi-ohjeet-ohjaajalle\/vaiheen-hyvaksyminen\/#primaryimage","url":"https:\/\/help.jamk.fi\/opinnaytetyon-ohjaus\/wp-content\/uploads\/sites\/110\/2023\/09\/Vaiheen-hyvaksyminen1.png","contentUrl":"https:\/\/help.jamk.fi\/opinnaytetyon-ohjaus\/wp-content\/uploads\/sites\/110\/2023\/09\/Vaiheen-hyvaksyminen1.png"},{"@type":"BreadcrumbList","@id":"https:\/\/help.jamk.fi\/opinnaytetyon-ohjaus\/fi\/wihi-ohjeet-ohjaajalle\/vaiheen-hyvaksyminen\/#breadcrumb","itemListElement":[{"@type":"ListItem","position":1,"name":"Etusivu","item":"https:\/\/help.jamk.fi\/opinnaytetyon-ohjaus\/fi\/"},{"@type":"ListItem","position":2,"name":"10 Wihi-ohjeet ohjaajalle","item":"https:\/\/help.jamk.fi\/opinnaytetyon-ohjaus\/fi\/wihi-ohjeet-ohjaajalle\/"},{"@type":"ListItem","position":3,"name":"10.5 Vaiheen hyv\u00e4ksyminen ja suoritusmerkinn\u00e4t"}]},{"@type":"WebSite","@id":"https:\/\/help.jamk.fi\/opinnaytetyon-ohjaus\/#website","url":"https:\/\/help.jamk.fi\/opinnaytetyon-ohjaus\/","name":"Thesis Supervisor&#039;s Handbook","description":"Opinn\u00e4ytety\u00f6n ohjaajan k\u00e4sikirja ja vinkkipankki","potentialAction":[{"@type":"SearchAction","target":{"@type":"EntryPoint","urlTemplate":"https:\/\/help.jamk.fi\/opinnaytetyon-ohjaus\/?s={search_term_string}"},"query-input":{"@type":"PropertyValueSpecification","valueRequired":true,"valueName":"search_term_string"}}],"inLanguage":"fi"}]}},"_links":{"self":[{"href":"https:\/\/help.jamk.fi\/opinnaytetyon-ohjaus\/wp-json\/wp\/v2\/pages\/309","targetHints":{"allow":["GET"]}}],"collection":[{"href":"https:\/\/help.jamk.fi\/opinnaytetyon-ohjaus\/wp-json\/wp\/v2\/pages"}],"about":[{"href":"https:\/\/help.jamk.fi\/opinnaytetyon-ohjaus\/wp-json\/wp\/v2\/types\/page"}],"author":[{"embeddable":true,"href":"https:\/\/help.jamk.fi\/opinnaytetyon-ohjaus\/wp-json\/wp\/v2\/users\/79"}],"replies":[{"embeddable":true,"href":"https:\/\/help.jamk.fi\/opinnaytetyon-ohjaus\/wp-json\/wp\/v2\/comments?post=309"}],"version-history":[{"count":15,"href":"https:\/\/help.jamk.fi\/opinnaytetyon-ohjaus\/wp-json\/wp\/v2\/pages\/309\/revisions"}],"predecessor-version":[{"id":1660,"href":"https:\/\/help.jamk.fi\/opinnaytetyon-ohjaus\/wp-json\/wp\/v2\/pages\/309\/revisions\/1660"}],"up":[{"embeddable":true,"href":"https:\/\/help.jamk.fi\/opinnaytetyon-ohjaus\/wp-json\/wp\/v2\/pages\/228"}],"wp:attachment":[{"href":"https:\/\/help.jamk.fi\/opinnaytetyon-ohjaus\/wp-json\/wp\/v2\/media?parent=309"}],"wp:term":[{"taxonomy":"category","embeddable":true,"href":"https:\/\/help.jamk.fi\/opinnaytetyon-ohjaus\/wp-json\/wp\/v2\/categories?post=309"},{"taxonomy":"post_tag","embeddable":true,"href":"https:\/\/help.jamk.fi\/opinnaytetyon-ohjaus\/wp-json\/wp\/v2\/tags?post=309"}],"curies":[{"name":"wp","href":"https:\/\/api.w.org\/{rel}","templated":true}]}}