{"id":321,"date":"2022-09-20T09:55:22","date_gmt":"2022-09-20T06:55:22","guid":{"rendered":"https:\/\/help.jamk.fi\/yamk-kasikirja\/wihi-ohjeet-ohjaajalle\/opinnaytetyon-palauttaminen\/"},"modified":"2025-08-29T11:30:50","modified_gmt":"2025-08-29T08:30:50","slug":"opinnaytetyon-palauttaminen","status":"publish","type":"page","link":"https:\/\/help.jamk.fi\/opinnaytetyon-ohjaus\/fi\/wihi-ohjeet-ohjaajalle\/opinnaytetyon-palauttaminen\/","title":{"rendered":"10.6 Opinn\u00e4ytety\u00f6n palauttaminen ja tekstintarkastus"},"content":{"rendered":"\n<p>Opiskelija palauttaa lopullisen opinn\u00e4ytety\u00f6ns\u00e4 Wihin <strong>Plagioinnin tarkastus<\/strong> -kentt\u00e4\u00e4n <strong>pdf\/a-muodossa<\/strong>. Kentt\u00e4\u00e4n on kytketty Turnitin Similarity -ohjelmiston tekstintarkastustoiminto. Tarkastus kest\u00e4\u00e4 useita tunteja. Wihi l\u00e4hett\u00e4\u00e4 tarkistuksen valmistumisesta s\u00e4hk\u00f6postin ohjaajalle.<\/p>\n\n\n\n<p>Ohjaajana et n\u00e4e p\u00e4\u00e4lt\u00e4p\u00e4in, onko palautettu tiedosto tavallinen pdf vai pdf\/a -tiedosto, joten siit\u00e4 sinun ei tarvitse huolehtia. Opiskelijan ohje pdf\/a -muotoon muuntamisesta on opiskelijaohjeen luvussa 8 palauttaminen. Tsekkaa tuosta samasta ohjeesta, mit\u00e4 muita dokumentteja opiskelijan tulee palauttaa Wihiin.<\/p>\n\n\n\n<p>Turnitin analyysiss\u00e4 voi kest\u00e4\u00e4 joitain tunteja (y\u00f6n yli). Kun analyysi on valmis, ohjaajan pit\u00e4\u00e4 tarkistaa analyysin tulos riippumatta prosenttiluvusta. Tarkistuksen perusteella hyv\u00e4ksyt tai hylk\u00e4\u00e4t ty\u00f6n ko. painikkeilla. (kuvio 1). Jos hylk\u00e4\u00e4t ty\u00f6n, opiskelija voi l\u00e4hett\u00e4\u00e4 korjatun ty\u00f6n uudelleen Plagioinnin tarkastukseen Wihin kautta. Hylk\u00e4yksen yhteydess\u00e4 Wihi poistaa ty\u00f6n indeksoinnin Turnitinista, joten ty\u00f6t\u00e4 ei huomioida vertailussa, vaikka sama ty\u00f6 palautetaan uudelleen Wihin Plagioinnin tarkastus -kentt\u00e4\u00e4n.<\/p>\n\n\n\n<p><strong>HUOM.<\/strong> Jos opiskelija on palauttanut teksti\u00e4\u00e4n aiemmin esim. Moodlessa sellaiseen teht\u00e4v\u00e4\u00e4n jossa on Turnitin indeksointi p\u00e4\u00e4ll\u00e4, Turnitin antaa ison plagiointiprosentin. T\u00e4m\u00e4 ei ole este ty\u00f6n hyv\u00e4ksymiselle.  Jos sen sijaan analyysi n\u00e4ytt\u00e4isi plagiointia, aloita vilppiep\u00e4ilyn prosessi Jamk Eettisten ohjeiden mukaisesti. <\/p>\n\n\n\n<p>Opinn\u00e4ytety\u00f6 on palautettu, kun ohjaaja hyv\u00e4ksyy tekstintarkastuksen tuloksen. <\/p>\n\n\n\n<figure class=\"wp-block-image size-full\"><img decoding=\"async\" src=\"https:\/\/help.jamk.fi\/opinnaytetyon-ohjaus\/wp-content\/uploads\/sites\/110\/2023\/09\/Tekstintarkastuksen-hyvaksyminen-ja-analyysi-ohjaajan-nakymassa.png\" alt=\"\" class=\"wp-image-1039\"\/><figcaption class=\"wp-element-caption\">Kuvio 1. Plagiointitarkastuksen hyv\u00e4ksyminen<\/figcaption><\/figure>\n\n\n\n<p><strong>HUOM.<\/strong> Opiskelija ei n\u00e4e tekstintarkastuksen analyysi\u00e4, joten anna opiskelijalle sanallinen palaute. Palaute voi olla esimerkiksi &#8221;Turnitin tulos 12%. Hyv\u00e4ksytty, ei huomautettavaa&#8221;. <\/p>\n\n\n\n<h2 class=\"wp-block-heading\">Linkit<\/h2>\n\n\n\n<p><a href=\"https:\/\/jamkstudent.sharepoint.com\/sites\/Opinnaytetyon-ohjaus-Elmo\/SitePages\/Tekstin-samankaltaisuuden-tarkistus.aspx\" target=\"_blank\" rel=\"noreferrer noopener\">Tekstin samankaltaisuuden tarkastuksen ohjeet (Elmo-intra, vaatii kirjautumisen)<\/a><\/p>\n\n\n<div id=\"link-lifts-block_8b2d9f62c398a3882ad123fe1783656f\" class=\"link-lifts block-link-lifts\">\n  <div class=\"row\">\n            <div class=\"col-12 col-lg-4 block-link-lifts__column\">\n          <div class=\"block-link-lifts__item lilac\">\n            <h3 class=\"block-link-lifts__item--heading\">Opiskelijan ohjeet<\/h3>\n                          <ul class=\"block-link-lifts__item--link-list\">\n                                                                        <li>\n                                              <a class=\"link-list\" href=\"https:\/\/help.jamk.fi\/opinnaytetyo\/fi\/opinnaytetyoprojekti\/valmis-arvioitavaksi\/palauttaminen\/\" target=\"_self\">Opinn\u00e4ytety\u00f6n palauttaminen<\/a>\n                                          <\/li>\n                                                <\/ul>\n            \n          <\/div>\n        <\/div>\n      <\/div>\n<\/div>","protected":false},"excerpt":{"rendered":"<p>Opiskelija palauttaa lopullisen opinn\u00e4ytety\u00f6ns\u00e4 Wihin Plagioinnin tarkastus -kentt\u00e4\u00e4n pdf\/a-muodossa. Kentt\u00e4\u00e4n on kytketty Turnitin Similarity -ohjelmiston tekstintarkastustoiminto. Tarkastus kest\u00e4\u00e4 useita tunteja. Wihi l\u00e4hett\u00e4\u00e4 tarkistuksen valmistumisesta s\u00e4hk\u00f6postin ohjaajalle. Ohjaajana et n\u00e4e p\u00e4\u00e4lt\u00e4p\u00e4in, onko palautettu tiedosto tavallinen pdf vai pdf\/a -tiedosto, joten siit\u00e4 sinun ei tarvitse huolehtia. Opiskelijan ohje pdf\/a -muotoon muuntamisesta on opiskelijaohjeen luvussa 8 palauttaminen. Tsekkaa [&hellip;]<\/p>\n","protected":false},"author":79,"featured_media":0,"parent":228,"menu_order":6,"comment_status":"closed","ping_status":"closed","template":"","meta":{"_acf_changed":false,"_relevanssi_hide_post":"","_relevanssi_hide_content":"","_relevanssi_pin_for_all":"","_relevanssi_pin_keywords":"","_relevanssi_unpin_keywords":"","_relevanssi_related_keywords":"","_relevanssi_related_include_ids":"","_relevanssi_related_exclude_ids":"","_relevanssi_related_no_append":"","_relevanssi_related_not_related":"","_relevanssi_related_posts":"","_relevanssi_noindex_reason":"","footnotes":""},"categories":[1],"tags":[],"class_list":["post-321","page","type-page","status-publish","hentry","category-yleinen"],"acf":[],"yoast_head":"<!-- This site is optimized with the Yoast SEO plugin v27.4 - https:\/\/yoast.com\/product\/yoast-seo-wordpress\/ -->\n<title>10.6 Opinn\u00e4ytety\u00f6n palauttaminen ja tekstintarkastus - Thesis Supervisor&#039;s Handbook<\/title>\n<meta name=\"robots\" content=\"index, follow, max-snippet:-1, max-image-preview:large, max-video-preview:-1\" \/>\n<link rel=\"canonical\" href=\"https:\/\/help.jamk.fi\/opinnaytetyon-ohjaus\/fi\/wihi-ohjeet-ohjaajalle\/opinnaytetyon-palauttaminen\/\" \/>\n<meta property=\"og:locale\" content=\"fi_FI\" \/>\n<meta property=\"og:type\" content=\"article\" \/>\n<meta property=\"og:title\" content=\"10.6 Opinn\u00e4ytety\u00f6n palauttaminen ja tekstintarkastus - Thesis Supervisor&#039;s Handbook\" \/>\n<meta property=\"og:description\" content=\"Opiskelija palauttaa lopullisen opinn\u00e4ytety\u00f6ns\u00e4 Wihin Plagioinnin tarkastus -kentt\u00e4\u00e4n pdf\/a-muodossa. Kentt\u00e4\u00e4n on kytketty Turnitin Similarity -ohjelmiston tekstintarkastustoiminto. Tarkastus kest\u00e4\u00e4 useita tunteja. Wihi l\u00e4hett\u00e4\u00e4 tarkistuksen valmistumisesta s\u00e4hk\u00f6postin ohjaajalle. Ohjaajana et n\u00e4e p\u00e4\u00e4lt\u00e4p\u00e4in, onko palautettu tiedosto tavallinen pdf vai pdf\/a -tiedosto, joten siit\u00e4 sinun ei tarvitse huolehtia. Opiskelijan ohje pdf\/a -muotoon muuntamisesta on opiskelijaohjeen luvussa 8 palauttaminen. Tsekkaa [&hellip;]\" \/>\n<meta property=\"og:url\" content=\"https:\/\/help.jamk.fi\/opinnaytetyon-ohjaus\/fi\/wihi-ohjeet-ohjaajalle\/opinnaytetyon-palauttaminen\/\" \/>\n<meta property=\"og:site_name\" content=\"Thesis Supervisor&#039;s Handbook\" \/>\n<meta property=\"article:modified_time\" content=\"2025-08-29T08:30:50+00:00\" \/>\n<meta name=\"twitter:card\" content=\"summary_large_image\" \/>\n<meta name=\"twitter:label1\" content=\"Arvioitu lukuaika\" \/>\n\t<meta name=\"twitter:data1\" content=\"2 minuuttia\" \/>\n<script type=\"application\/ld+json\" class=\"yoast-schema-graph\">{\"@context\":\"https:\\\/\\\/schema.org\",\"@graph\":[{\"@type\":\"WebPage\",\"@id\":\"https:\\\/\\\/help.jamk.fi\\\/opinnaytetyon-ohjaus\\\/fi\\\/wihi-ohjeet-ohjaajalle\\\/opinnaytetyon-palauttaminen\\\/\",\"url\":\"https:\\\/\\\/help.jamk.fi\\\/opinnaytetyon-ohjaus\\\/fi\\\/wihi-ohjeet-ohjaajalle\\\/opinnaytetyon-palauttaminen\\\/\",\"name\":\"10.6 Opinn\u00e4ytety\u00f6n palauttaminen ja tekstintarkastus - Thesis Supervisor&#039;s Handbook\",\"isPartOf\":{\"@id\":\"https:\\\/\\\/help.jamk.fi\\\/opinnaytetyon-ohjaus\\\/#website\"},\"primaryImageOfPage\":{\"@id\":\"https:\\\/\\\/help.jamk.fi\\\/opinnaytetyon-ohjaus\\\/fi\\\/wihi-ohjeet-ohjaajalle\\\/opinnaytetyon-palauttaminen\\\/#primaryimage\"},\"image\":{\"@id\":\"https:\\\/\\\/help.jamk.fi\\\/opinnaytetyon-ohjaus\\\/fi\\\/wihi-ohjeet-ohjaajalle\\\/opinnaytetyon-palauttaminen\\\/#primaryimage\"},\"thumbnailUrl\":\"https:\\\/\\\/help.jamk.fi\\\/opinnaytetyon-ohjaus\\\/wp-content\\\/uploads\\\/sites\\\/110\\\/2023\\\/09\\\/Tekstintarkastuksen-hyvaksyminen-ja-analyysi-ohjaajan-nakymassa.png\",\"datePublished\":\"2022-09-20T06:55:22+00:00\",\"dateModified\":\"2025-08-29T08:30:50+00:00\",\"breadcrumb\":{\"@id\":\"https:\\\/\\\/help.jamk.fi\\\/opinnaytetyon-ohjaus\\\/fi\\\/wihi-ohjeet-ohjaajalle\\\/opinnaytetyon-palauttaminen\\\/#breadcrumb\"},\"inLanguage\":\"fi\",\"potentialAction\":[{\"@type\":\"ReadAction\",\"target\":[\"https:\\\/\\\/help.jamk.fi\\\/opinnaytetyon-ohjaus\\\/fi\\\/wihi-ohjeet-ohjaajalle\\\/opinnaytetyon-palauttaminen\\\/\"]}]},{\"@type\":\"ImageObject\",\"inLanguage\":\"fi\",\"@id\":\"https:\\\/\\\/help.jamk.fi\\\/opinnaytetyon-ohjaus\\\/fi\\\/wihi-ohjeet-ohjaajalle\\\/opinnaytetyon-palauttaminen\\\/#primaryimage\",\"url\":\"https:\\\/\\\/help.jamk.fi\\\/opinnaytetyon-ohjaus\\\/wp-content\\\/uploads\\\/sites\\\/110\\\/2023\\\/09\\\/Tekstintarkastuksen-hyvaksyminen-ja-analyysi-ohjaajan-nakymassa.png\",\"contentUrl\":\"https:\\\/\\\/help.jamk.fi\\\/opinnaytetyon-ohjaus\\\/wp-content\\\/uploads\\\/sites\\\/110\\\/2023\\\/09\\\/Tekstintarkastuksen-hyvaksyminen-ja-analyysi-ohjaajan-nakymassa.png\"},{\"@type\":\"BreadcrumbList\",\"@id\":\"https:\\\/\\\/help.jamk.fi\\\/opinnaytetyon-ohjaus\\\/fi\\\/wihi-ohjeet-ohjaajalle\\\/opinnaytetyon-palauttaminen\\\/#breadcrumb\",\"itemListElement\":[{\"@type\":\"ListItem\",\"position\":1,\"name\":\"Etusivu\",\"item\":\"https:\\\/\\\/help.jamk.fi\\\/opinnaytetyon-ohjaus\\\/fi\\\/\"},{\"@type\":\"ListItem\",\"position\":2,\"name\":\"10 Wihi-ohjeet ohjaajalle\",\"item\":\"https:\\\/\\\/help.jamk.fi\\\/opinnaytetyon-ohjaus\\\/fi\\\/wihi-ohjeet-ohjaajalle\\\/\"},{\"@type\":\"ListItem\",\"position\":3,\"name\":\"10.6 Opinn\u00e4ytety\u00f6n palauttaminen ja tekstintarkastus\"}]},{\"@type\":\"WebSite\",\"@id\":\"https:\\\/\\\/help.jamk.fi\\\/opinnaytetyon-ohjaus\\\/#website\",\"url\":\"https:\\\/\\\/help.jamk.fi\\\/opinnaytetyon-ohjaus\\\/\",\"name\":\"Thesis Supervisor&#039;s Handbook\",\"description\":\"Opinn\u00e4ytety\u00f6n ohjaajan k\u00e4sikirja ja vinkkipankki\",\"potentialAction\":[{\"@type\":\"SearchAction\",\"target\":{\"@type\":\"EntryPoint\",\"urlTemplate\":\"https:\\\/\\\/help.jamk.fi\\\/opinnaytetyon-ohjaus\\\/?s={search_term_string}\"},\"query-input\":{\"@type\":\"PropertyValueSpecification\",\"valueRequired\":true,\"valueName\":\"search_term_string\"}}],\"inLanguage\":\"fi\"}]}<\/script>\n<!-- \/ Yoast SEO plugin. -->","yoast_head_json":{"title":"10.6 Opinn\u00e4ytety\u00f6n palauttaminen ja tekstintarkastus - Thesis Supervisor&#039;s Handbook","robots":{"index":"index","follow":"follow","max-snippet":"max-snippet:-1","max-image-preview":"max-image-preview:large","max-video-preview":"max-video-preview:-1"},"canonical":"https:\/\/help.jamk.fi\/opinnaytetyon-ohjaus\/fi\/wihi-ohjeet-ohjaajalle\/opinnaytetyon-palauttaminen\/","og_locale":"fi_FI","og_type":"article","og_title":"10.6 Opinn\u00e4ytety\u00f6n palauttaminen ja tekstintarkastus - Thesis Supervisor&#039;s Handbook","og_description":"Opiskelija palauttaa lopullisen opinn\u00e4ytety\u00f6ns\u00e4 Wihin Plagioinnin tarkastus -kentt\u00e4\u00e4n pdf\/a-muodossa. Kentt\u00e4\u00e4n on kytketty Turnitin Similarity -ohjelmiston tekstintarkastustoiminto. Tarkastus kest\u00e4\u00e4 useita tunteja. Wihi l\u00e4hett\u00e4\u00e4 tarkistuksen valmistumisesta s\u00e4hk\u00f6postin ohjaajalle. Ohjaajana et n\u00e4e p\u00e4\u00e4lt\u00e4p\u00e4in, onko palautettu tiedosto tavallinen pdf vai pdf\/a -tiedosto, joten siit\u00e4 sinun ei tarvitse huolehtia. Opiskelijan ohje pdf\/a -muotoon muuntamisesta on opiskelijaohjeen luvussa 8 palauttaminen. Tsekkaa [&hellip;]","og_url":"https:\/\/help.jamk.fi\/opinnaytetyon-ohjaus\/fi\/wihi-ohjeet-ohjaajalle\/opinnaytetyon-palauttaminen\/","og_site_name":"Thesis Supervisor&#039;s Handbook","article_modified_time":"2025-08-29T08:30:50+00:00","twitter_card":"summary_large_image","twitter_misc":{"Arvioitu lukuaika":"2 minuuttia"},"schema":{"@context":"https:\/\/schema.org","@graph":[{"@type":"WebPage","@id":"https:\/\/help.jamk.fi\/opinnaytetyon-ohjaus\/fi\/wihi-ohjeet-ohjaajalle\/opinnaytetyon-palauttaminen\/","url":"https:\/\/help.jamk.fi\/opinnaytetyon-ohjaus\/fi\/wihi-ohjeet-ohjaajalle\/opinnaytetyon-palauttaminen\/","name":"10.6 Opinn\u00e4ytety\u00f6n palauttaminen ja tekstintarkastus - Thesis Supervisor&#039;s Handbook","isPartOf":{"@id":"https:\/\/help.jamk.fi\/opinnaytetyon-ohjaus\/#website"},"primaryImageOfPage":{"@id":"https:\/\/help.jamk.fi\/opinnaytetyon-ohjaus\/fi\/wihi-ohjeet-ohjaajalle\/opinnaytetyon-palauttaminen\/#primaryimage"},"image":{"@id":"https:\/\/help.jamk.fi\/opinnaytetyon-ohjaus\/fi\/wihi-ohjeet-ohjaajalle\/opinnaytetyon-palauttaminen\/#primaryimage"},"thumbnailUrl":"https:\/\/help.jamk.fi\/opinnaytetyon-ohjaus\/wp-content\/uploads\/sites\/110\/2023\/09\/Tekstintarkastuksen-hyvaksyminen-ja-analyysi-ohjaajan-nakymassa.png","datePublished":"2022-09-20T06:55:22+00:00","dateModified":"2025-08-29T08:30:50+00:00","breadcrumb":{"@id":"https:\/\/help.jamk.fi\/opinnaytetyon-ohjaus\/fi\/wihi-ohjeet-ohjaajalle\/opinnaytetyon-palauttaminen\/#breadcrumb"},"inLanguage":"fi","potentialAction":[{"@type":"ReadAction","target":["https:\/\/help.jamk.fi\/opinnaytetyon-ohjaus\/fi\/wihi-ohjeet-ohjaajalle\/opinnaytetyon-palauttaminen\/"]}]},{"@type":"ImageObject","inLanguage":"fi","@id":"https:\/\/help.jamk.fi\/opinnaytetyon-ohjaus\/fi\/wihi-ohjeet-ohjaajalle\/opinnaytetyon-palauttaminen\/#primaryimage","url":"https:\/\/help.jamk.fi\/opinnaytetyon-ohjaus\/wp-content\/uploads\/sites\/110\/2023\/09\/Tekstintarkastuksen-hyvaksyminen-ja-analyysi-ohjaajan-nakymassa.png","contentUrl":"https:\/\/help.jamk.fi\/opinnaytetyon-ohjaus\/wp-content\/uploads\/sites\/110\/2023\/09\/Tekstintarkastuksen-hyvaksyminen-ja-analyysi-ohjaajan-nakymassa.png"},{"@type":"BreadcrumbList","@id":"https:\/\/help.jamk.fi\/opinnaytetyon-ohjaus\/fi\/wihi-ohjeet-ohjaajalle\/opinnaytetyon-palauttaminen\/#breadcrumb","itemListElement":[{"@type":"ListItem","position":1,"name":"Etusivu","item":"https:\/\/help.jamk.fi\/opinnaytetyon-ohjaus\/fi\/"},{"@type":"ListItem","position":2,"name":"10 Wihi-ohjeet ohjaajalle","item":"https:\/\/help.jamk.fi\/opinnaytetyon-ohjaus\/fi\/wihi-ohjeet-ohjaajalle\/"},{"@type":"ListItem","position":3,"name":"10.6 Opinn\u00e4ytety\u00f6n palauttaminen ja tekstintarkastus"}]},{"@type":"WebSite","@id":"https:\/\/help.jamk.fi\/opinnaytetyon-ohjaus\/#website","url":"https:\/\/help.jamk.fi\/opinnaytetyon-ohjaus\/","name":"Thesis Supervisor&#039;s Handbook","description":"Opinn\u00e4ytety\u00f6n ohjaajan k\u00e4sikirja ja vinkkipankki","potentialAction":[{"@type":"SearchAction","target":{"@type":"EntryPoint","urlTemplate":"https:\/\/help.jamk.fi\/opinnaytetyon-ohjaus\/?s={search_term_string}"},"query-input":{"@type":"PropertyValueSpecification","valueRequired":true,"valueName":"search_term_string"}}],"inLanguage":"fi"}]}},"_links":{"self":[{"href":"https:\/\/help.jamk.fi\/opinnaytetyon-ohjaus\/wp-json\/wp\/v2\/pages\/321","targetHints":{"allow":["GET"]}}],"collection":[{"href":"https:\/\/help.jamk.fi\/opinnaytetyon-ohjaus\/wp-json\/wp\/v2\/pages"}],"about":[{"href":"https:\/\/help.jamk.fi\/opinnaytetyon-ohjaus\/wp-json\/wp\/v2\/types\/page"}],"author":[{"embeddable":true,"href":"https:\/\/help.jamk.fi\/opinnaytetyon-ohjaus\/wp-json\/wp\/v2\/users\/79"}],"replies":[{"embeddable":true,"href":"https:\/\/help.jamk.fi\/opinnaytetyon-ohjaus\/wp-json\/wp\/v2\/comments?post=321"}],"version-history":[{"count":16,"href":"https:\/\/help.jamk.fi\/opinnaytetyon-ohjaus\/wp-json\/wp\/v2\/pages\/321\/revisions"}],"predecessor-version":[{"id":1882,"href":"https:\/\/help.jamk.fi\/opinnaytetyon-ohjaus\/wp-json\/wp\/v2\/pages\/321\/revisions\/1882"}],"up":[{"embeddable":true,"href":"https:\/\/help.jamk.fi\/opinnaytetyon-ohjaus\/wp-json\/wp\/v2\/pages\/228"}],"wp:attachment":[{"href":"https:\/\/help.jamk.fi\/opinnaytetyon-ohjaus\/wp-json\/wp\/v2\/media?parent=321"}],"wp:term":[{"taxonomy":"category","embeddable":true,"href":"https:\/\/help.jamk.fi\/opinnaytetyon-ohjaus\/wp-json\/wp\/v2\/categories?post=321"},{"taxonomy":"post_tag","embeddable":true,"href":"https:\/\/help.jamk.fi\/opinnaytetyon-ohjaus\/wp-json\/wp\/v2\/tags?post=321"}],"curies":[{"name":"wp","href":"https:\/\/api.w.org\/{rel}","templated":true}]}}