{"id":330,"date":"2022-09-20T09:55:58","date_gmt":"2022-09-20T06:55:58","guid":{"rendered":"https:\/\/help.jamk.fi\/yamk-kasikirja\/wihi-ohjeet-ohjaajalle\/opinnaytetyon-arvioiminen\/"},"modified":"2026-03-26T13:52:32","modified_gmt":"2026-03-26T11:52:32","slug":"opinnaytetyon-arvioiminen","status":"publish","type":"page","link":"https:\/\/help.jamk.fi\/opinnaytetyon-ohjaus\/fi\/wihi-ohjeet-ohjaajalle\/opinnaytetyon-arvioiminen\/","title":{"rendered":"10.8 Opinn\u00e4ytety\u00f6n arvioiminen ja arviointilomake"},"content":{"rendered":"\n<p>Opinn\u00e4ytety\u00f6n vaiheen 3\/3 hyv\u00e4ksyminen tapahtuu arvioimalla opinn\u00e4ytety\u00f6. <\/p>\n\n\n\n<p>Opinn\u00e4ytety\u00f6n arviointip\u00e4\u00e4t\u00f6ksen tekev\u00e4t opinn\u00e4ytety\u00f6n p\u00e4\u00e4ohjaaja ja 2. tarkastaja yhdess\u00e4. P\u00e4\u00e4ohjaaja ja 2. tarkastaja tekev\u00e4t Wihiss\u00e4 arviointilomakkeelle oman numeerisen arvioinnin, keskustelevat opinn\u00e4ytety\u00f6n arvosanasta ja laativat yhteisen arviointilausunnon opinn\u00e4ytety\u00f6st\u00e4. Lopuksi p\u00e4\u00e4ohjaaja hyv\u00e4ksyy viel\u00e4 arvioinnin. Alla on kuvattu n\u00e4m\u00e4 vaiheet tarkemmin. Sivun alta dokumenteista l\u00f6yd\u00e4t my\u00f6s arviointivaiheesta tehdyn prosessikuvauksen.<\/p>\n\n\n\n<p>Mik\u00e4li p\u00e4\u00e4ohjaaja ja 2. tarkastaja eiv\u00e4t p\u00e4\u00e4se yksimieliseen arviointip\u00e4\u00e4t\u00f6kseen, arviointip\u00e4\u00e4t\u00f6ksen teko siirtyy kunkin yksik\u00f6n AMK-opinn\u00e4ytety\u00f6ryhm\u00e4lle tai Jamkin yhteiselle YAMK-opinn\u00e4ytety\u00f6ryhm\u00e4lle.<\/p>\n\n\n\n<h2 class=\"wp-block-heading\">Opinn\u00e4ytety\u00f6n 2. tarkastajan lis\u00e4\u00e4minen<\/h2>\n\n\n\n<p>Lis\u00e4\u00e4 opinn\u00e4ytety\u00f6lle 2-tarkastaja viimeist\u00e4\u00e4n silloin, kun opinn\u00e4ytety\u00f6st\u00e4 on valmiina ensimm\u00e4inen kokonainen luonnosversio. Wihiss\u00e4 2-tarkastajan nimike on &#8221;Tarkastaja&#8221;. T\u00e4m\u00e4n voi tehd\u00e4 joko p\u00e4\u00e4ohjaaja tai koordinaattori klikkaamalla <strong>Muokkaa ohjaajia ja tarkastajia<\/strong> -painiketta ja lis\u00e4\u00e4m\u00e4ll\u00e4 tarkastajan <strong>Lis\u00e4\u00e4<\/strong>-painikkeella (kts. kuvio 1)<\/p>\n\n\n\n<p>Katso tarkemmat oikeusm\u00e4\u00e4rittelyt koordinaattorin ohjeesta Ohjaajien ja tarkastajien muokkaaminen -sivulta.<\/p>\n\n\n\n<figure class=\"wp-block-image size-full\"><img decoding=\"async\" src=\"https:\/\/help.jamk.fi\/opinnaytetyon-ohjaus\/wp-content\/uploads\/sites\/110\/2023\/09\/Tarkastajan-maarittaminen-projektille.png\" alt=\"\" class=\"wp-image-1042\"\/><figcaption class=\"wp-element-caption\">Kuvio 1. Tarkastajan m\u00e4\u00e4ritt\u00e4minen projektille<\/figcaption><\/figure>\n\n\n\n<p>2-tarkastaja  n\u00e4kee Wihin etusivulla linkin niihin opinn\u00e4ytet\u00f6ihin, joiden tarkastus on ajankohtaista. Kaikki tarkastettavat ty\u00f6t l\u00f6yt\u00e4\u00e4 Tarkastettavat opinn\u00e4ytety\u00f6t -valikon kautta. 2-tarkastaja esitarkastaa ty\u00f6n ja antaa siit\u00e4 palautteen ohjaajan kanssa sovitulla tavalla. Lopuksi 2-tarkastaja arvioi opinn\u00e4ytety\u00f6n Wihin arviointilomakkeelle (v\u00e4hint\u00e4\u00e4n arvioinnin p\u00e4\u00e4kohtien 1-2-3-4-5 on oltava arvioitu), jonka j\u00e4lkeen p\u00e4\u00e4ohjaaja antaa oman arvioinnin.<\/p>\n\n\n\n<h2 class=\"wp-block-heading\">Opinn\u00e4ytety\u00f6n arvioiminen<\/h2>\n\n\n\n<p>Ohjaaja voi hyv\u00e4ksy\u00e4 opinn\u00e4ytety\u00f6n arvioinnin vasta sen j\u00e4lkeen, kun<\/p>\n\n\n\n<ul class=\"wp-block-list\">\n<li>opiskelija on palauttanut ty\u00f6ns\u00e4 Wihin Plagioinnin tarkastus -kentt\u00e4\u00e4n<\/li>\n\n\n\n<li>ohjaaja on hyv\u00e4ksynyt plagioinnintarkastuksen analyysin <\/li>\n\n\n\n<li>2. tarkastaja on lis\u00e4nnyt arvosanat Wihi-lomakkeen p\u00e4\u00e4kohtiin 1-2-3-4-5 ja<\/li>\n\n\n\n<li>opiskelija on tehnyt kypsyysn\u00e4ytteen hyv\u00e4ksytysti tai on saanut kypsyysn\u00e4ytteest\u00e4 hyv\u00e4ksiluvun.<\/li>\n<\/ul>\n\n\n\n<p>Ohjaaja tekee arvioinnin <strong>Arvioi opinn\u00e4ytety\u00f6<\/strong> -painikkeen takaa l\u00f6ytyv\u00e4ll\u00e4 arviointilomakkeella.<\/p>\n\n\n\n<p><strong>HUOM!<\/strong> Kun arvioit ty\u00f6t\u00e4, tarkasta samalla ett\u00e4 Wihiss\u00e4 oleva projektin otsikko vastaa pdf-tiedostossa olevaa ty\u00f6n otsikkoa sek\u00e4 suomeksi ett\u00e4 enkuksi. Korjaa tarvittaessa Wihi-projektin otsikko oikeaksi!<\/p>\n\n\n\n<p><strong>HUOM! <\/strong>Arkistoinnista palautuu opinn\u00e4ytet\u00f6it\u00e4 eniten siksi, ett\u00e4 pdf-tiedostosta puuttuu ty\u00f6n englanninkielinen nimi kokonaan. Tarkista siis kuvailulehdet ennen arviointilausunnon hyv\u00e4ksymist\u00e4!<\/p>\n\n\n  <div id=\"notice-box-block_67eef9d4215d9df54fdd173678d8429e\" class=\"block-notice-box block-notice-box\">\n          <h2 class=\"block-notice-box__heading\">Vinkkej\u00e4 arviointiin<\/h2>\n    \n    <p>Jamkin arviointikriteerit (sek\u00e4 YAMK- ett\u00e4 AMK-tutkinnoissa) on tehty kokonaisille numeroille. Ehk\u00e4 varsinainen arviointikin olisi sujuvampaa, jos unohdat plussat, miinukset ja puolikkaat ja k\u00e4yt\u00e4t vain kokonaisia arvosanoja? <\/p>\n<p>2-tarkastajan osalta riitt\u00e4\u00e4, ett\u00e4 h\u00e4n on arvioinut p\u00e4\u00e4kohdat 1-2-3-4-5.<br \/>\nAlakohtien (esim. 1.1 ja 1.2) arvosanat voi halutessaan j\u00e4tt\u00e4\u00e4 pois. <\/p>\n<p>Arviointilausunnon tekstin saa sujuvasti rakennettua viiden arviointikohdan avulla: kirjoita vaikka yksi asia kustakin viidest\u00e4 kohdasta (Aihe, Tietoperusta, Toteutus, Tulokset ja pohdinta, Raportointi).<br \/>\nEhk\u00e4 haluat viel\u00e4 erikseen sanoa, mik\u00e4 oli t\u00e4m\u00e4n opinn\u00e4ytety\u00f6n vahvuus ja miss\u00e4 on eniten kehitett\u00e4v\u00e4\u00e4?<\/p>\n\n      <\/div>\n\n\n\n<p><\/p>\n\n\n\n<p>Arviointilomakkeella p\u00e4\u00e4ohjaaja arvioi jokaisen kohdan erikseen. Lis\u00e4ksi p\u00e4\u00e4ohjaaja ja 2-tarkastaja antavat opinn\u00e4ytety\u00f6st\u00e4 yhteisen (tekstipohjaisen) arviointilausunnon (kuvio 2). Arviointilausunto-kentt\u00e4\u00e4n kirjoitetaan my\u00f6s Turnitin-raportin analysointiprosentti. N\u00e4iden j\u00e4lkeen ohjaaja hyv\u00e4ksyy arvioinnin <strong>Hyv\u00e4ksy<\/strong>-painikkeella. Arvioinnin hyv\u00e4ksyminen on samalla my\u00f6s Opinn\u00e4ytety\u00f6 3\/3-vaiheen hyv\u00e4ksynt\u00e4.<\/p>\n\n\n\n<p>Arvioinnin voi tallentaa luonnoksena, jos arviointi ei ole tullut valmiiksi.<\/p>\n\n\n\n<p>Koordinaattori voi purkaa hyv\u00e4ksytyn arvioinnin vain yhden kerran, jos esimerkiksi itsearviointi olisi j\u00e4\u00e4nyt palauttamatta (eik\u00e4 ty\u00f6t\u00e4 siksi voi arkistoida).<\/p>\n\n\n\n<figure class=\"wp-block-image size-full\"><a href=\"https:\/\/help.jamk.fi\/opinnaytetyon-ohjaus\/wp-content\/uploads\/sites\/110\/2026\/03\/arviointilomake_2tarkastaja.png\"><img loading=\"lazy\" decoding=\"async\" width=\"874\" height=\"634\" src=\"https:\/\/help.jamk.fi\/opinnaytetyon-ohjaus\/wp-content\/uploads\/sites\/110\/2026\/03\/arviointilomake_2tarkastaja.png\" alt=\"\" class=\"wp-image-1953\" srcset=\"https:\/\/help.jamk.fi\/opinnaytetyon-ohjaus\/wp-content\/uploads\/sites\/110\/2026\/03\/arviointilomake_2tarkastaja.png 874w, https:\/\/help.jamk.fi\/opinnaytetyon-ohjaus\/wp-content\/uploads\/sites\/110\/2026\/03\/arviointilomake_2tarkastaja-300x218.png 300w, https:\/\/help.jamk.fi\/opinnaytetyon-ohjaus\/wp-content\/uploads\/sites\/110\/2026\/03\/arviointilomake_2tarkastaja-768x557.png 768w\" sizes=\"auto, (max-width: 874px) 100vw, 874px\" \/><\/a><\/figure>\n\n\n\n<figure class=\"wp-block-image size-full\"><img loading=\"lazy\" decoding=\"async\" width=\"886\" height=\"185\" src=\"https:\/\/help.jamk.fi\/opinnaytetyon-ohjaus\/wp-content\/uploads\/sites\/110\/2026\/03\/arviointilomake_tekstiosa.png\" alt=\"\" class=\"wp-image-1954\" srcset=\"https:\/\/help.jamk.fi\/opinnaytetyon-ohjaus\/wp-content\/uploads\/sites\/110\/2026\/03\/arviointilomake_tekstiosa.png 886w, https:\/\/help.jamk.fi\/opinnaytetyon-ohjaus\/wp-content\/uploads\/sites\/110\/2026\/03\/arviointilomake_tekstiosa-300x63.png 300w, https:\/\/help.jamk.fi\/opinnaytetyon-ohjaus\/wp-content\/uploads\/sites\/110\/2026\/03\/arviointilomake_tekstiosa-768x160.png 768w\" sizes=\"auto, (max-width: 886px) 100vw, 886px\" \/><figcaption class=\"wp-element-caption\">Kuvio 2. Arviointilomakkeen numerot ja tekstipohjainen arviointilausunto<\/figcaption><\/figure>\n\n\n\n<h2 class=\"wp-block-heading\">Arviointilomakkeen vaikutukset Peppiin<\/h2>\n\n\n\n<p>My\u00f6hemmin (eli sitten kun arkistoit ty\u00f6n) arviointilomakkeelta siirtyy Peppiin ja tutkintotodistukseen:<\/p>\n\n\n\n<ul class=\"wp-block-list\">\n<li>opinn\u00e4ytety\u00f6n nimi suomeksi ja englanniksi (englanninkielisiss\u00e4 t\u00f6iss\u00e4 nimi pit\u00e4\u00e4 olla englanniksi molemmissa kohdissa)<\/li>\n\n\n\n<li>opinn\u00e4ytety\u00f6n kokonaisarvosana ja arvosanat opinn\u00e4ytety\u00f6n muille opintojaksoille (suunittelu, toteutus, raportointi)<\/li>\n\n\n\n<li>kypsyysn\u00e4ytteen suoritusmerkint\u00e4 (hyv\u00e4ksytty): Hyv\u00e4ksytyn kypsyysn\u00e4ytteen kieli -kohta (kuvio 3).<\/li>\n<\/ul>\n\n\n\n<p><strong>Tarkasta n\u00e4m\u00e4 tiedot arviointilomakkeella ennen arvioinnin lopullista hyv\u00e4ksymist\u00e4!<\/strong><\/p>\n\n\n\n<p><\/p>\n\n\n\n<figure class=\"wp-block-image size-full\"><img loading=\"lazy\" decoding=\"async\" width=\"1090\" height=\"222\" src=\"https:\/\/help.jamk.fi\/opinnaytetyon-ohjaus\/wp-content\/uploads\/sites\/110\/2023\/10\/Kypsyysnaytteen-tietojen-valinta-arviointilomakkeella.png\" alt=\"\" class=\"wp-image-1314\"\/><figcaption class=\"wp-element-caption\">Kuvio 3. Kypsyysn\u00e4ytteen tiedot arviointilomakkeella<\/figcaption><\/figure>\n\n\n\n<p><\/p>\n\n\n\n<h2 class=\"wp-block-heading\">Vapautus kypsyysn\u00e4ytteest\u00e4 Wihiss\u00e4<\/h2>\n\n\n\n<p><a href=\"https:\/\/help.jamk.fi\/opinnaytetyo\/fi\/kypsyysnayte-osana-korkeakoulututkintoa\/\">Katso opiskelijan ohjeesta, milloin opiskelija voi hakea vapautusta kypsyysn\u00e4ytteest\u00e4<\/a>. Opiskelija tekee vapautushakemuksen Pepin eAHOT-palvelussa ja kohdentaa sen opinn\u00e4ytety\u00f6n p\u00e4\u00e4ohjaajalle. Ohjaa t\u00e4m\u00e4 mieluiten jo esitarkastusvaiheessa, mutta ihan viimeist\u00e4\u00e4n silloin, kun opinn\u00e4ytety\u00f6 tulee arvioitavaksi. . Katso: <a href=\"https:\/\/help.jamk.fi\/peppi\/fi\/eahot-hyvaksilukeminen\/vapautuksen-hakeminen\/\">Opiskelijan ohje hakemuksen tekemiseksi (Help)<\/a> ja <a href=\"https:\/\/help.jamk.fi\/peppi-ohjeet-henkilokunnalle\/fi\/hyvaksilukeminen\/vapautus\/\">Ohjaajan ohje hakemuksen k\u00e4sittelemiseksi (Help)<\/a><\/p>\n\n\n\n<p>Wihiss\u00e4 arviointilomakkeella kypsyysn\u00e4ytteen tiedot ovat pakollisia. Sy\u00f6t\u00e4 kenttiin tiedot, sill\u00e4 Wihi ei toistaiseksi tunnista k\u00e4sitett\u00e4 &#8221;vapautus&#8221;: Merkitse kypsyysn\u00e4ytteen suoritusp\u00e4iv\u00e4m\u00e4\u00e4r\u00e4ksi mik\u00e4 tahansa p\u00e4iv\u00e4m\u00e4\u00e4r\u00e4 ja kypsyysn\u00e4ytteen arvioijaksi oma nimesi.<\/p>\n\n\n\n<p>Arviointilomakkeen alaosassa, <strong>klikkaa arviointilomakkeelta &#8221;Ohita suoritusmerkinn\u00e4n luominen opiskelijarekisteriin&#8221; -painiketta <\/strong>(kuvio 4). T\u00e4ll\u00f6in Wihiin merkitty &#8221;feikkikypsyysn\u00e4ytteen suoritus&#8221; ei siirry Peppiin, mutta saat kuitenkin arvioinnin hyv\u00e4ksytty\u00e4 Wihiss\u00e4 ja opiskelija p\u00e4\u00e4see ty\u00f6ss\u00e4\u00e4n eteenp\u00e4in. T\u00e4ss\u00e4 vaiheessa my\u00f6sk\u00e4\u00e4n  suoritusmerkint\u00e4 &#8221;Opinn\u00e4ytety\u00f6n raportointi ja arviointi&#8221; opintojaksosta ei siirry Peppiin. T\u00e4m\u00e4 korjautuu siin\u00e4 vaiheessa, kun p\u00e4\u00e4t\u00e4t projektin arkistoimalla ty\u00f6n. Silloin kaikkien opintojaksojen ja opinn\u00e4ytey\u00f6n arvioinnit siirtyv\u00e4t Peppiin.<\/p>\n\n\n\n<p><strong>HUOM!<\/strong> <strong>Arkistointivaiheessa <\/strong>opinn\u00e4ytety\u00f6 ja muut dokumentit pit\u00e4\u00e4 arkistoida ihan tavanomaisesti. <strong>\u00c4l\u00e4 silloin en\u00e4\u00e4 rastita mit\u00e4\u00e4n muuta, <\/strong>sill\u00e4 muutoin opiskelija j\u00e4\u00e4 kokonaan ilman arvosanaa!<\/p>\n\n\n\n<figure class=\"wp-block-image size-full\"><img loading=\"lazy\" decoding=\"async\" width=\"782\" height=\"229\" src=\"https:\/\/help.jamk.fi\/opinnaytetyon-ohjaus\/wp-content\/uploads\/sites\/110\/2024\/09\/Suoritusmerkinnan-siirtymisen-ohitus-arviointilomakkeella.png\" alt=\"Suoritusmerkinn\u00e4n siirtymisen ohitus arviointilomakkeella\" class=\"wp-image-1678\" srcset=\"https:\/\/help.jamk.fi\/opinnaytetyon-ohjaus\/wp-content\/uploads\/sites\/110\/2024\/09\/Suoritusmerkinnan-siirtymisen-ohitus-arviointilomakkeella.png 782w, https:\/\/help.jamk.fi\/opinnaytetyon-ohjaus\/wp-content\/uploads\/sites\/110\/2024\/09\/Suoritusmerkinnan-siirtymisen-ohitus-arviointilomakkeella-300x88.png 300w, https:\/\/help.jamk.fi\/opinnaytetyon-ohjaus\/wp-content\/uploads\/sites\/110\/2024\/09\/Suoritusmerkinnan-siirtymisen-ohitus-arviointilomakkeella-768x225.png 768w\" sizes=\"auto, (max-width: 782px) 100vw, 782px\" \/><figcaption class=\"wp-element-caption\">Kuvio 4. Suoritusmerkinn\u00e4n ohitus arviointilomakkeella<\/figcaption><\/figure>\n\n\n\n<h2 class=\"wp-block-heading\">Linkit<\/h2>\n\n\n\n<p><a href=\"https:\/\/help.jamk.fi\/opinnaytetyon-ohjaus\/fi\/wihi-ohjeet-koordinaattorille\/ohjaajien-tarkastajien-muokkaaminen\/\">Ohjaajien ja tarkastajien muokkaaminen<\/a><\/p>\n\n\n\n<h2 class=\"wp-block-heading\">Dokumentit<\/h2>\n\n\n\n<p><a href=\"https:\/\/help.jamk.fi\/opinnaytetyon-ohjaus\/wp-content\/uploads\/sites\/110\/2023\/09\/Opinnaytetyon-arvioinnin-vaiheet-Wihissa2.pdf\" data-type=\"link\" data-id=\"https:\/\/help.jamk.fi\/opinnaytetyon-ohjaus\/wp-content\/uploads\/sites\/110\/2023\/09\/Opinnaytetyon-arvioinnin-vaiheet-Wihissa2.pdf\">Opinn\u00e4ytety\u00f6n arvioinnin vaiheet Wihiss\u00e4 (pdf)<\/a><\/p>\n","protected":false},"excerpt":{"rendered":"<p>Opinn\u00e4ytety\u00f6n vaiheen 3\/3 hyv\u00e4ksyminen tapahtuu arvioimalla opinn\u00e4ytety\u00f6. Opinn\u00e4ytety\u00f6n arviointip\u00e4\u00e4t\u00f6ksen tekev\u00e4t opinn\u00e4ytety\u00f6n p\u00e4\u00e4ohjaaja ja 2. tarkastaja yhdess\u00e4. P\u00e4\u00e4ohjaaja ja 2. tarkastaja tekev\u00e4t Wihiss\u00e4 arviointilomakkeelle oman numeerisen arvioinnin, keskustelevat opinn\u00e4ytety\u00f6n arvosanasta ja laativat yhteisen arviointilausunnon opinn\u00e4ytety\u00f6st\u00e4. Lopuksi p\u00e4\u00e4ohjaaja hyv\u00e4ksyy viel\u00e4 arvioinnin. Alla on kuvattu n\u00e4m\u00e4 vaiheet tarkemmin. Sivun alta dokumenteista l\u00f6yd\u00e4t my\u00f6s arviointivaiheesta tehdyn prosessikuvauksen. Mik\u00e4li p\u00e4\u00e4ohjaaja [&hellip;]<\/p>\n","protected":false},"author":79,"featured_media":0,"parent":228,"menu_order":8,"comment_status":"closed","ping_status":"closed","template":"","meta":{"_acf_changed":false,"_relevanssi_hide_post":"","_relevanssi_hide_content":"","_relevanssi_pin_for_all":"","_relevanssi_pin_keywords":"","_relevanssi_unpin_keywords":"","_relevanssi_related_keywords":"","_relevanssi_related_include_ids":"","_relevanssi_related_exclude_ids":"","_relevanssi_related_no_append":"","_relevanssi_related_not_related":"","_relevanssi_related_posts":"","_relevanssi_noindex_reason":"","footnotes":""},"categories":[1],"tags":[],"class_list":["post-330","page","type-page","status-publish","hentry","category-yleinen"],"acf":[],"yoast_head":"<!-- This site is optimized with the Yoast SEO plugin v27.3 - https:\/\/yoast.com\/product\/yoast-seo-wordpress\/ -->\n<title>10.8 Opinn\u00e4ytety\u00f6n arvioiminen ja arviointilomake - Thesis Supervisor&#039;s Handbook<\/title>\n<meta name=\"robots\" content=\"index, follow, max-snippet:-1, max-image-preview:large, max-video-preview:-1\" \/>\n<link rel=\"canonical\" href=\"https:\/\/help.jamk.fi\/opinnaytetyon-ohjaus\/fi\/wihi-ohjeet-ohjaajalle\/opinnaytetyon-arvioiminen\/\" \/>\n<meta property=\"og:locale\" content=\"fi_FI\" \/>\n<meta property=\"og:type\" content=\"article\" \/>\n<meta property=\"og:title\" content=\"10.8 Opinn\u00e4ytety\u00f6n arvioiminen ja arviointilomake - Thesis Supervisor&#039;s Handbook\" \/>\n<meta property=\"og:description\" content=\"Opinn\u00e4ytety\u00f6n vaiheen 3\/3 hyv\u00e4ksyminen tapahtuu arvioimalla opinn\u00e4ytety\u00f6. Opinn\u00e4ytety\u00f6n arviointip\u00e4\u00e4t\u00f6ksen tekev\u00e4t opinn\u00e4ytety\u00f6n p\u00e4\u00e4ohjaaja ja 2. tarkastaja yhdess\u00e4. P\u00e4\u00e4ohjaaja ja 2. tarkastaja tekev\u00e4t Wihiss\u00e4 arviointilomakkeelle oman numeerisen arvioinnin, keskustelevat opinn\u00e4ytety\u00f6n arvosanasta ja laativat yhteisen arviointilausunnon opinn\u00e4ytety\u00f6st\u00e4. Lopuksi p\u00e4\u00e4ohjaaja hyv\u00e4ksyy viel\u00e4 arvioinnin. Alla on kuvattu n\u00e4m\u00e4 vaiheet tarkemmin. Sivun alta dokumenteista l\u00f6yd\u00e4t my\u00f6s arviointivaiheesta tehdyn prosessikuvauksen. Mik\u00e4li p\u00e4\u00e4ohjaaja [&hellip;]\" \/>\n<meta property=\"og:url\" content=\"https:\/\/help.jamk.fi\/opinnaytetyon-ohjaus\/fi\/wihi-ohjeet-ohjaajalle\/opinnaytetyon-arvioiminen\/\" \/>\n<meta property=\"og:site_name\" content=\"Thesis Supervisor&#039;s Handbook\" \/>\n<meta property=\"article:modified_time\" content=\"2026-03-26T11:52:32+00:00\" \/>\n<meta name=\"twitter:card\" content=\"summary_large_image\" \/>\n<meta name=\"twitter:label1\" content=\"Arvioitu lukuaika\" \/>\n\t<meta name=\"twitter:data1\" content=\"5 minuuttia\" \/>\n<script type=\"application\/ld+json\" class=\"yoast-schema-graph\">{\"@context\":\"https:\\\/\\\/schema.org\",\"@graph\":[{\"@type\":\"WebPage\",\"@id\":\"https:\\\/\\\/help.jamk.fi\\\/opinnaytetyon-ohjaus\\\/fi\\\/wihi-ohjeet-ohjaajalle\\\/opinnaytetyon-arvioiminen\\\/\",\"url\":\"https:\\\/\\\/help.jamk.fi\\\/opinnaytetyon-ohjaus\\\/fi\\\/wihi-ohjeet-ohjaajalle\\\/opinnaytetyon-arvioiminen\\\/\",\"name\":\"10.8 Opinn\u00e4ytety\u00f6n arvioiminen ja arviointilomake - Thesis Supervisor&#039;s Handbook\",\"isPartOf\":{\"@id\":\"https:\\\/\\\/help.jamk.fi\\\/opinnaytetyon-ohjaus\\\/#website\"},\"primaryImageOfPage\":{\"@id\":\"https:\\\/\\\/help.jamk.fi\\\/opinnaytetyon-ohjaus\\\/fi\\\/wihi-ohjeet-ohjaajalle\\\/opinnaytetyon-arvioiminen\\\/#primaryimage\"},\"image\":{\"@id\":\"https:\\\/\\\/help.jamk.fi\\\/opinnaytetyon-ohjaus\\\/fi\\\/wihi-ohjeet-ohjaajalle\\\/opinnaytetyon-arvioiminen\\\/#primaryimage\"},\"thumbnailUrl\":\"https:\\\/\\\/help.jamk.fi\\\/opinnaytetyon-ohjaus\\\/wp-content\\\/uploads\\\/sites\\\/110\\\/2023\\\/09\\\/Tarkastajan-maarittaminen-projektille.png\",\"datePublished\":\"2022-09-20T06:55:58+00:00\",\"dateModified\":\"2026-03-26T11:52:32+00:00\",\"breadcrumb\":{\"@id\":\"https:\\\/\\\/help.jamk.fi\\\/opinnaytetyon-ohjaus\\\/fi\\\/wihi-ohjeet-ohjaajalle\\\/opinnaytetyon-arvioiminen\\\/#breadcrumb\"},\"inLanguage\":\"fi\",\"potentialAction\":[{\"@type\":\"ReadAction\",\"target\":[\"https:\\\/\\\/help.jamk.fi\\\/opinnaytetyon-ohjaus\\\/fi\\\/wihi-ohjeet-ohjaajalle\\\/opinnaytetyon-arvioiminen\\\/\"]}]},{\"@type\":\"ImageObject\",\"inLanguage\":\"fi\",\"@id\":\"https:\\\/\\\/help.jamk.fi\\\/opinnaytetyon-ohjaus\\\/fi\\\/wihi-ohjeet-ohjaajalle\\\/opinnaytetyon-arvioiminen\\\/#primaryimage\",\"url\":\"https:\\\/\\\/help.jamk.fi\\\/opinnaytetyon-ohjaus\\\/wp-content\\\/uploads\\\/sites\\\/110\\\/2023\\\/09\\\/Tarkastajan-maarittaminen-projektille.png\",\"contentUrl\":\"https:\\\/\\\/help.jamk.fi\\\/opinnaytetyon-ohjaus\\\/wp-content\\\/uploads\\\/sites\\\/110\\\/2023\\\/09\\\/Tarkastajan-maarittaminen-projektille.png\"},{\"@type\":\"BreadcrumbList\",\"@id\":\"https:\\\/\\\/help.jamk.fi\\\/opinnaytetyon-ohjaus\\\/fi\\\/wihi-ohjeet-ohjaajalle\\\/opinnaytetyon-arvioiminen\\\/#breadcrumb\",\"itemListElement\":[{\"@type\":\"ListItem\",\"position\":1,\"name\":\"Etusivu\",\"item\":\"https:\\\/\\\/help.jamk.fi\\\/opinnaytetyon-ohjaus\\\/fi\\\/\"},{\"@type\":\"ListItem\",\"position\":2,\"name\":\"10 Wihi-ohjeet ohjaajalle\",\"item\":\"https:\\\/\\\/help.jamk.fi\\\/opinnaytetyon-ohjaus\\\/fi\\\/wihi-ohjeet-ohjaajalle\\\/\"},{\"@type\":\"ListItem\",\"position\":3,\"name\":\"10.8 Opinn\u00e4ytety\u00f6n arvioiminen ja arviointilomake\"}]},{\"@type\":\"WebSite\",\"@id\":\"https:\\\/\\\/help.jamk.fi\\\/opinnaytetyon-ohjaus\\\/#website\",\"url\":\"https:\\\/\\\/help.jamk.fi\\\/opinnaytetyon-ohjaus\\\/\",\"name\":\"Thesis Supervisor&#039;s Handbook\",\"description\":\"Opinn\u00e4ytety\u00f6n ohjaajan k\u00e4sikirja ja vinkkipankki\",\"potentialAction\":[{\"@type\":\"SearchAction\",\"target\":{\"@type\":\"EntryPoint\",\"urlTemplate\":\"https:\\\/\\\/help.jamk.fi\\\/opinnaytetyon-ohjaus\\\/?s={search_term_string}\"},\"query-input\":{\"@type\":\"PropertyValueSpecification\",\"valueRequired\":true,\"valueName\":\"search_term_string\"}}],\"inLanguage\":\"fi\"}]}<\/script>\n<!-- \/ Yoast SEO plugin. -->","yoast_head_json":{"title":"10.8 Opinn\u00e4ytety\u00f6n arvioiminen ja arviointilomake - Thesis Supervisor&#039;s Handbook","robots":{"index":"index","follow":"follow","max-snippet":"max-snippet:-1","max-image-preview":"max-image-preview:large","max-video-preview":"max-video-preview:-1"},"canonical":"https:\/\/help.jamk.fi\/opinnaytetyon-ohjaus\/fi\/wihi-ohjeet-ohjaajalle\/opinnaytetyon-arvioiminen\/","og_locale":"fi_FI","og_type":"article","og_title":"10.8 Opinn\u00e4ytety\u00f6n arvioiminen ja arviointilomake - Thesis Supervisor&#039;s Handbook","og_description":"Opinn\u00e4ytety\u00f6n vaiheen 3\/3 hyv\u00e4ksyminen tapahtuu arvioimalla opinn\u00e4ytety\u00f6. Opinn\u00e4ytety\u00f6n arviointip\u00e4\u00e4t\u00f6ksen tekev\u00e4t opinn\u00e4ytety\u00f6n p\u00e4\u00e4ohjaaja ja 2. tarkastaja yhdess\u00e4. P\u00e4\u00e4ohjaaja ja 2. tarkastaja tekev\u00e4t Wihiss\u00e4 arviointilomakkeelle oman numeerisen arvioinnin, keskustelevat opinn\u00e4ytety\u00f6n arvosanasta ja laativat yhteisen arviointilausunnon opinn\u00e4ytety\u00f6st\u00e4. Lopuksi p\u00e4\u00e4ohjaaja hyv\u00e4ksyy viel\u00e4 arvioinnin. Alla on kuvattu n\u00e4m\u00e4 vaiheet tarkemmin. Sivun alta dokumenteista l\u00f6yd\u00e4t my\u00f6s arviointivaiheesta tehdyn prosessikuvauksen. Mik\u00e4li p\u00e4\u00e4ohjaaja [&hellip;]","og_url":"https:\/\/help.jamk.fi\/opinnaytetyon-ohjaus\/fi\/wihi-ohjeet-ohjaajalle\/opinnaytetyon-arvioiminen\/","og_site_name":"Thesis Supervisor&#039;s Handbook","article_modified_time":"2026-03-26T11:52:32+00:00","twitter_card":"summary_large_image","twitter_misc":{"Arvioitu lukuaika":"5 minuuttia"},"schema":{"@context":"https:\/\/schema.org","@graph":[{"@type":"WebPage","@id":"https:\/\/help.jamk.fi\/opinnaytetyon-ohjaus\/fi\/wihi-ohjeet-ohjaajalle\/opinnaytetyon-arvioiminen\/","url":"https:\/\/help.jamk.fi\/opinnaytetyon-ohjaus\/fi\/wihi-ohjeet-ohjaajalle\/opinnaytetyon-arvioiminen\/","name":"10.8 Opinn\u00e4ytety\u00f6n arvioiminen ja arviointilomake - Thesis Supervisor&#039;s Handbook","isPartOf":{"@id":"https:\/\/help.jamk.fi\/opinnaytetyon-ohjaus\/#website"},"primaryImageOfPage":{"@id":"https:\/\/help.jamk.fi\/opinnaytetyon-ohjaus\/fi\/wihi-ohjeet-ohjaajalle\/opinnaytetyon-arvioiminen\/#primaryimage"},"image":{"@id":"https:\/\/help.jamk.fi\/opinnaytetyon-ohjaus\/fi\/wihi-ohjeet-ohjaajalle\/opinnaytetyon-arvioiminen\/#primaryimage"},"thumbnailUrl":"https:\/\/help.jamk.fi\/opinnaytetyon-ohjaus\/wp-content\/uploads\/sites\/110\/2023\/09\/Tarkastajan-maarittaminen-projektille.png","datePublished":"2022-09-20T06:55:58+00:00","dateModified":"2026-03-26T11:52:32+00:00","breadcrumb":{"@id":"https:\/\/help.jamk.fi\/opinnaytetyon-ohjaus\/fi\/wihi-ohjeet-ohjaajalle\/opinnaytetyon-arvioiminen\/#breadcrumb"},"inLanguage":"fi","potentialAction":[{"@type":"ReadAction","target":["https:\/\/help.jamk.fi\/opinnaytetyon-ohjaus\/fi\/wihi-ohjeet-ohjaajalle\/opinnaytetyon-arvioiminen\/"]}]},{"@type":"ImageObject","inLanguage":"fi","@id":"https:\/\/help.jamk.fi\/opinnaytetyon-ohjaus\/fi\/wihi-ohjeet-ohjaajalle\/opinnaytetyon-arvioiminen\/#primaryimage","url":"https:\/\/help.jamk.fi\/opinnaytetyon-ohjaus\/wp-content\/uploads\/sites\/110\/2023\/09\/Tarkastajan-maarittaminen-projektille.png","contentUrl":"https:\/\/help.jamk.fi\/opinnaytetyon-ohjaus\/wp-content\/uploads\/sites\/110\/2023\/09\/Tarkastajan-maarittaminen-projektille.png"},{"@type":"BreadcrumbList","@id":"https:\/\/help.jamk.fi\/opinnaytetyon-ohjaus\/fi\/wihi-ohjeet-ohjaajalle\/opinnaytetyon-arvioiminen\/#breadcrumb","itemListElement":[{"@type":"ListItem","position":1,"name":"Etusivu","item":"https:\/\/help.jamk.fi\/opinnaytetyon-ohjaus\/fi\/"},{"@type":"ListItem","position":2,"name":"10 Wihi-ohjeet ohjaajalle","item":"https:\/\/help.jamk.fi\/opinnaytetyon-ohjaus\/fi\/wihi-ohjeet-ohjaajalle\/"},{"@type":"ListItem","position":3,"name":"10.8 Opinn\u00e4ytety\u00f6n arvioiminen ja arviointilomake"}]},{"@type":"WebSite","@id":"https:\/\/help.jamk.fi\/opinnaytetyon-ohjaus\/#website","url":"https:\/\/help.jamk.fi\/opinnaytetyon-ohjaus\/","name":"Thesis Supervisor&#039;s Handbook","description":"Opinn\u00e4ytety\u00f6n ohjaajan k\u00e4sikirja ja vinkkipankki","potentialAction":[{"@type":"SearchAction","target":{"@type":"EntryPoint","urlTemplate":"https:\/\/help.jamk.fi\/opinnaytetyon-ohjaus\/?s={search_term_string}"},"query-input":{"@type":"PropertyValueSpecification","valueRequired":true,"valueName":"search_term_string"}}],"inLanguage":"fi"}]}},"_links":{"self":[{"href":"https:\/\/help.jamk.fi\/opinnaytetyon-ohjaus\/wp-json\/wp\/v2\/pages\/330","targetHints":{"allow":["GET"]}}],"collection":[{"href":"https:\/\/help.jamk.fi\/opinnaytetyon-ohjaus\/wp-json\/wp\/v2\/pages"}],"about":[{"href":"https:\/\/help.jamk.fi\/opinnaytetyon-ohjaus\/wp-json\/wp\/v2\/types\/page"}],"author":[{"embeddable":true,"href":"https:\/\/help.jamk.fi\/opinnaytetyon-ohjaus\/wp-json\/wp\/v2\/users\/79"}],"replies":[{"embeddable":true,"href":"https:\/\/help.jamk.fi\/opinnaytetyon-ohjaus\/wp-json\/wp\/v2\/comments?post=330"}],"version-history":[{"count":24,"href":"https:\/\/help.jamk.fi\/opinnaytetyon-ohjaus\/wp-json\/wp\/v2\/pages\/330\/revisions"}],"predecessor-version":[{"id":1957,"href":"https:\/\/help.jamk.fi\/opinnaytetyon-ohjaus\/wp-json\/wp\/v2\/pages\/330\/revisions\/1957"}],"up":[{"embeddable":true,"href":"https:\/\/help.jamk.fi\/opinnaytetyon-ohjaus\/wp-json\/wp\/v2\/pages\/228"}],"wp:attachment":[{"href":"https:\/\/help.jamk.fi\/opinnaytetyon-ohjaus\/wp-json\/wp\/v2\/media?parent=330"}],"wp:term":[{"taxonomy":"category","embeddable":true,"href":"https:\/\/help.jamk.fi\/opinnaytetyon-ohjaus\/wp-json\/wp\/v2\/categories?post=330"},{"taxonomy":"post_tag","embeddable":true,"href":"https:\/\/help.jamk.fi\/opinnaytetyon-ohjaus\/wp-json\/wp\/v2\/tags?post=330"}],"curies":[{"name":"wp","href":"https:\/\/api.w.org\/{rel}","templated":true}]}}