{"id":348,"date":"2022-09-20T09:58:25","date_gmt":"2022-09-20T06:58:25","guid":{"rendered":"https:\/\/help.jamk.fi\/yamk-kasikirja\/wihi-ohjeet-ohjaajalle\/projektin-paattaminen\/"},"modified":"2025-05-16T13:05:00","modified_gmt":"2025-05-16T10:05:00","slug":"projektin-paattaminen","status":"publish","type":"page","link":"https:\/\/help.jamk.fi\/opinnaytetyon-ohjaus\/fi\/wihi-ohjeet-ohjaajalle\/projektin-paattaminen\/","title":{"rendered":"10.9 Projektin p\u00e4\u00e4tt\u00e4minen ja arvosanojen siirtyminen Peppiin"},"content":{"rendered":"\n<p>Projektin viimeisess\u00e4 vaiheessa opiskelija vie opinn\u00e4ytety\u00f6ns\u00e4 Theseukseen ja tuo julkaisulinkin Wihiin. Kaikki opinn\u00e4ytety\u00f6t julkaistaan s\u00e4hk\u00f6isesti.<\/p>\n\n\n\n<p>HUOM. Opiskelija saa vied\u00e4 opinn\u00e4ytety\u00f6ns\u00e4 Theseukseen vasta saatuaan luvan ohjaajalta.<\/p>\n\n\n\n<p>Kun opiskelija on julkaissut ty\u00f6ns\u00f6 Theseuksessa ja kopioinut Theseuksesta saamansa linkin Wihiin, sinun teht\u00e4v\u00e4si on hyv\u00e4ksy\u00e4 julkaistun ty\u00f6n linkki <strong>Julkaisuvaiheen projektit<\/strong> -v\u00e4lilehdelt\u00e4 (kuvio 1).<\/p>\n\n\n\n<figure class=\"wp-block-image size-large\"><img decoding=\"async\" src=\"https:\/\/help.jamk.fi\/opinnaytetyon-ohjaus\/wp-content\/uploads\/sites\/110\/2023\/09\/Ohjaaja-hyvaksyy-Theseus-linkin.png\" alt=\"\" class=\"wp-image-1059\"\/><figcaption class=\"wp-element-caption\">Kuvio 1. Theseus-linkin hyv\u00e4ksyminen<\/figcaption><\/figure>\n\n\n\n<p>Linkki ei todenn\u00e4k\u00f6isesti viel\u00e4 toimi, vaan palauttaa virheilmoituksen. Linkki tulee toimivaksi vasta, kun Theseuksen vastuuhenkil\u00f6 on hyv\u00e4ksynyt ty\u00f6n osaksi kokoelmaa. Sinun ei tarvitse odottaa, ett\u00e4 linkki toimisi oikein vaan voit edet\u00e4 vaikka linkki olisikin rikki.<\/p>\n\n\n\n<p>Linkin hyv\u00e4ksymisen yhteydess\u00e4 arkistoit opinn\u00e4ytety\u00f6n ja siihen liittyv\u00e4t dokumentit Tweb-asiakirjahallintaj\u00e4rjestelm\u00e4\u00e4n. Valitse kunkin rivin alasvetovalikosta oikea pdf-dokumentti (kuvio 2), pakolliset dokumentit lihavoituna:<\/p>\n\n\n\n<ul class=\"wp-block-list\">\n<li><strong>Opinn\u00e4ytety\u00f6n viimeisin versio<\/strong>, joka on nimetty Opinnaytetyo_Sukunimi_Etunimi_Ryhm\u00e4tunnus.pdf<\/li>\n\n\n\n<li>Toimeksiantajan lausunto (Lausunto_toimeksiantaja_Sukunimi_Etunimi_Ryhm\u00e4tunnus.pdf)<\/li>\n\n\n\n<li>Opinn\u00e4ytety\u00f6sopimus (Opinn\u00e4ytety\u00f6sopimus_Sukunimi_Etunimi_Yksikk\u00f6.pdf)<\/li>\n\n\n\n<li><strong>Opinn\u00e4ytety\u00f6n itsearviointi<\/strong> (Itsearviointi_Sukunimi_Etunimi_Ryhm\u00e4tunnus.pdf)<\/li>\n<\/ul>\n\n\n\n<p>HUOM. Opinn\u00e4ytety\u00f6sopimuksen tulee sis\u00e4lt\u00e4\u00e4 mahdolliset liitteet ja mahdollisen liiteaineiston salassapitosopimuksen.<\/p>\n\n\n\n<figure class=\"wp-block-image size-full\"><img decoding=\"async\" src=\"https:\/\/help.jamk.fi\/opinnaytetyon-ohjaus\/wp-content\/uploads\/sites\/110\/2023\/09\/Dokumenttien-arkistointi.png\" alt=\"\" class=\"wp-image-1061\"\/><figcaption class=\"wp-element-caption\">Kuvio 2. Dokumenttien arkistointi Tweb-j\u00e4rjestelm\u00e4\u00e4n<\/figcaption><\/figure>\n\n\n\n<p>Klikkaa <strong>Hyv\u00e4ksy<\/strong>-painiketta. Samalla siirr\u00e4t opinn\u00e4ytety\u00f6n lopulliset arvosanat ja opinn\u00e4ytety\u00f6n tiedot (esim. nimi suomeksi ja englanniksi) Peppiin ja ne n\u00e4kyv\u00e4t t\u00e4m\u00e4n j\u00e4lkeen opiskelijalle. Opinn\u00e4ytety\u00f6n projekti p\u00e4\u00e4ttyy. T\u00e4m\u00e4n j\u00e4lkeen opiskelija voi ladata lausuntonsa Wihist\u00e4 itselleen ja h\u00e4n voi hakea tutkintotodistusta (jos kaikki muut tutkinnon opinnot on suoritettu). T\u00e4st\u00e4 my\u00f6s alkaa opiskelijan muutoksenhakuaika (14 p\u00e4iv\u00e4\u00e4). <\/p>\n\n\n\n<h2 class=\"wp-block-heading\">Vinkit ja vastauksia ongelmatilanteisiin<\/h2>\n\n\n\n<ul class=\"wp-block-list\">\n<li><strong>Itsearviointeja on kaksi. <\/strong>Miten ne molemmat arkistoidaan? \n<ul class=\"wp-block-list\">\n<li>Parity\u00f6ss\u00e4 opiskelijat tekev\u00e4t omat itsearvioinnit, mutta yhdist\u00e4v\u00e4t dokumentit yhdeksi tiedostoksi ja palauttavat Wihiin. <\/li>\n<\/ul>\n<\/li>\n\n\n\n<li><strong>Itsearviointia ei l\u00f6ydy listasta.<\/strong>\n<ul class=\"wp-block-list\">\n<li>Tarkista miss\u00e4 tiedostomuodossa opiskelija palautti tiedoston. T\u00e4ss\u00e4 n\u00e4kyv\u00e4t vain pdf-tiedostot.<br><\/li>\n<\/ul>\n<\/li>\n\n\n\n<li>Pyyd\u00e4 koordinaattoria avaamaan arviointi takaisin vaiheeseen 3\/3, jotta opiskelija voi palauttaa oikean tiedoston.<br>Koordinaattori on se, joka aihe-ehdotuksen hyv\u00e4ksyi ja joka nimesi sinut ohjaajaksi.<\/li>\n\n\n\n<li><a href=\"https:\/\/help.jamk.fi\/opinnaytetyon-ohjaus\/fi\/wihi-ohjeet-koordinaattorille\/vaiheen-avaaminen\/\">Vaiheen avaaminen<\/a><\/li>\n<\/ul>\n","protected":false},"excerpt":{"rendered":"<p>Projektin viimeisess\u00e4 vaiheessa opiskelija vie opinn\u00e4ytety\u00f6ns\u00e4 Theseukseen ja tuo julkaisulinkin Wihiin. Kaikki opinn\u00e4ytety\u00f6t julkaistaan s\u00e4hk\u00f6isesti. HUOM. Opiskelija saa vied\u00e4 opinn\u00e4ytety\u00f6ns\u00e4 Theseukseen vasta saatuaan luvan ohjaajalta. Kun opiskelija on julkaissut ty\u00f6ns\u00f6 Theseuksessa ja kopioinut Theseuksesta saamansa linkin Wihiin, sinun teht\u00e4v\u00e4si on hyv\u00e4ksy\u00e4 julkaistun ty\u00f6n linkki Julkaisuvaiheen projektit -v\u00e4lilehdelt\u00e4 (kuvio 1). Linkki ei todenn\u00e4k\u00f6isesti viel\u00e4 toimi, vaan [&hellip;]<\/p>\n","protected":false},"author":79,"featured_media":0,"parent":228,"menu_order":9,"comment_status":"closed","ping_status":"closed","template":"","meta":{"_acf_changed":false,"_relevanssi_hide_post":"","_relevanssi_hide_content":"","_relevanssi_pin_for_all":"","_relevanssi_pin_keywords":"","_relevanssi_unpin_keywords":"","_relevanssi_related_keywords":"","_relevanssi_related_include_ids":"","_relevanssi_related_exclude_ids":"","_relevanssi_related_no_append":"","_relevanssi_related_not_related":"","_relevanssi_related_posts":"","_relevanssi_noindex_reason":"","footnotes":""},"categories":[1],"tags":[],"class_list":["post-348","page","type-page","status-publish","hentry","category-yleinen"],"acf":[],"yoast_head":"<!-- This site is optimized with the Yoast SEO plugin v27.3 - https:\/\/yoast.com\/product\/yoast-seo-wordpress\/ -->\n<title>10.9 Projektin p\u00e4\u00e4tt\u00e4minen ja arvosanojen siirtyminen Peppiin - Thesis Supervisor&#039;s Handbook<\/title>\n<meta name=\"robots\" content=\"index, follow, max-snippet:-1, max-image-preview:large, max-video-preview:-1\" \/>\n<link rel=\"canonical\" href=\"https:\/\/help.jamk.fi\/opinnaytetyon-ohjaus\/fi\/wihi-ohjeet-ohjaajalle\/projektin-paattaminen\/\" \/>\n<meta property=\"og:locale\" content=\"fi_FI\" \/>\n<meta property=\"og:type\" content=\"article\" \/>\n<meta property=\"og:title\" content=\"10.9 Projektin p\u00e4\u00e4tt\u00e4minen ja arvosanojen siirtyminen Peppiin - Thesis Supervisor&#039;s Handbook\" \/>\n<meta property=\"og:description\" content=\"Projektin viimeisess\u00e4 vaiheessa opiskelija vie opinn\u00e4ytety\u00f6ns\u00e4 Theseukseen ja tuo julkaisulinkin Wihiin. Kaikki opinn\u00e4ytety\u00f6t julkaistaan s\u00e4hk\u00f6isesti. HUOM. Opiskelija saa vied\u00e4 opinn\u00e4ytety\u00f6ns\u00e4 Theseukseen vasta saatuaan luvan ohjaajalta. Kun opiskelija on julkaissut ty\u00f6ns\u00f6 Theseuksessa ja kopioinut Theseuksesta saamansa linkin Wihiin, sinun teht\u00e4v\u00e4si on hyv\u00e4ksy\u00e4 julkaistun ty\u00f6n linkki Julkaisuvaiheen projektit -v\u00e4lilehdelt\u00e4 (kuvio 1). Linkki ei todenn\u00e4k\u00f6isesti viel\u00e4 toimi, vaan [&hellip;]\" \/>\n<meta property=\"og:url\" content=\"https:\/\/help.jamk.fi\/opinnaytetyon-ohjaus\/fi\/wihi-ohjeet-ohjaajalle\/projektin-paattaminen\/\" \/>\n<meta property=\"og:site_name\" content=\"Thesis Supervisor&#039;s Handbook\" \/>\n<meta property=\"article:modified_time\" content=\"2025-05-16T10:05:00+00:00\" \/>\n<meta name=\"twitter:card\" content=\"summary_large_image\" \/>\n<meta name=\"twitter:label1\" content=\"Arvioitu lukuaika\" \/>\n\t<meta name=\"twitter:data1\" content=\"2 minuuttia\" \/>\n<script type=\"application\/ld+json\" class=\"yoast-schema-graph\">{\"@context\":\"https:\\\/\\\/schema.org\",\"@graph\":[{\"@type\":\"WebPage\",\"@id\":\"https:\\\/\\\/help.jamk.fi\\\/opinnaytetyon-ohjaus\\\/fi\\\/wihi-ohjeet-ohjaajalle\\\/projektin-paattaminen\\\/\",\"url\":\"https:\\\/\\\/help.jamk.fi\\\/opinnaytetyon-ohjaus\\\/fi\\\/wihi-ohjeet-ohjaajalle\\\/projektin-paattaminen\\\/\",\"name\":\"10.9 Projektin p\u00e4\u00e4tt\u00e4minen ja arvosanojen siirtyminen Peppiin - Thesis Supervisor&#039;s Handbook\",\"isPartOf\":{\"@id\":\"https:\\\/\\\/help.jamk.fi\\\/opinnaytetyon-ohjaus\\\/#website\"},\"primaryImageOfPage\":{\"@id\":\"https:\\\/\\\/help.jamk.fi\\\/opinnaytetyon-ohjaus\\\/fi\\\/wihi-ohjeet-ohjaajalle\\\/projektin-paattaminen\\\/#primaryimage\"},\"image\":{\"@id\":\"https:\\\/\\\/help.jamk.fi\\\/opinnaytetyon-ohjaus\\\/fi\\\/wihi-ohjeet-ohjaajalle\\\/projektin-paattaminen\\\/#primaryimage\"},\"thumbnailUrl\":\"https:\\\/\\\/help.jamk.fi\\\/opinnaytetyon-ohjaus\\\/wp-content\\\/uploads\\\/sites\\\/110\\\/2023\\\/09\\\/Ohjaaja-hyvaksyy-Theseus-linkin.png\",\"datePublished\":\"2022-09-20T06:58:25+00:00\",\"dateModified\":\"2025-05-16T10:05:00+00:00\",\"breadcrumb\":{\"@id\":\"https:\\\/\\\/help.jamk.fi\\\/opinnaytetyon-ohjaus\\\/fi\\\/wihi-ohjeet-ohjaajalle\\\/projektin-paattaminen\\\/#breadcrumb\"},\"inLanguage\":\"fi\",\"potentialAction\":[{\"@type\":\"ReadAction\",\"target\":[\"https:\\\/\\\/help.jamk.fi\\\/opinnaytetyon-ohjaus\\\/fi\\\/wihi-ohjeet-ohjaajalle\\\/projektin-paattaminen\\\/\"]}]},{\"@type\":\"ImageObject\",\"inLanguage\":\"fi\",\"@id\":\"https:\\\/\\\/help.jamk.fi\\\/opinnaytetyon-ohjaus\\\/fi\\\/wihi-ohjeet-ohjaajalle\\\/projektin-paattaminen\\\/#primaryimage\",\"url\":\"https:\\\/\\\/help.jamk.fi\\\/opinnaytetyon-ohjaus\\\/wp-content\\\/uploads\\\/sites\\\/110\\\/2023\\\/09\\\/Ohjaaja-hyvaksyy-Theseus-linkin.png\",\"contentUrl\":\"https:\\\/\\\/help.jamk.fi\\\/opinnaytetyon-ohjaus\\\/wp-content\\\/uploads\\\/sites\\\/110\\\/2023\\\/09\\\/Ohjaaja-hyvaksyy-Theseus-linkin.png\"},{\"@type\":\"BreadcrumbList\",\"@id\":\"https:\\\/\\\/help.jamk.fi\\\/opinnaytetyon-ohjaus\\\/fi\\\/wihi-ohjeet-ohjaajalle\\\/projektin-paattaminen\\\/#breadcrumb\",\"itemListElement\":[{\"@type\":\"ListItem\",\"position\":1,\"name\":\"Etusivu\",\"item\":\"https:\\\/\\\/help.jamk.fi\\\/opinnaytetyon-ohjaus\\\/fi\\\/\"},{\"@type\":\"ListItem\",\"position\":2,\"name\":\"10 Wihi-ohjeet ohjaajalle\",\"item\":\"https:\\\/\\\/help.jamk.fi\\\/opinnaytetyon-ohjaus\\\/fi\\\/wihi-ohjeet-ohjaajalle\\\/\"},{\"@type\":\"ListItem\",\"position\":3,\"name\":\"10.9 Projektin p\u00e4\u00e4tt\u00e4minen ja arvosanojen siirtyminen Peppiin\"}]},{\"@type\":\"WebSite\",\"@id\":\"https:\\\/\\\/help.jamk.fi\\\/opinnaytetyon-ohjaus\\\/#website\",\"url\":\"https:\\\/\\\/help.jamk.fi\\\/opinnaytetyon-ohjaus\\\/\",\"name\":\"Thesis Supervisor&#039;s Handbook\",\"description\":\"Opinn\u00e4ytety\u00f6n ohjaajan k\u00e4sikirja ja vinkkipankki\",\"potentialAction\":[{\"@type\":\"SearchAction\",\"target\":{\"@type\":\"EntryPoint\",\"urlTemplate\":\"https:\\\/\\\/help.jamk.fi\\\/opinnaytetyon-ohjaus\\\/?s={search_term_string}\"},\"query-input\":{\"@type\":\"PropertyValueSpecification\",\"valueRequired\":true,\"valueName\":\"search_term_string\"}}],\"inLanguage\":\"fi\"}]}<\/script>\n<!-- \/ Yoast SEO plugin. -->","yoast_head_json":{"title":"10.9 Projektin p\u00e4\u00e4tt\u00e4minen ja arvosanojen siirtyminen Peppiin - Thesis Supervisor&#039;s Handbook","robots":{"index":"index","follow":"follow","max-snippet":"max-snippet:-1","max-image-preview":"max-image-preview:large","max-video-preview":"max-video-preview:-1"},"canonical":"https:\/\/help.jamk.fi\/opinnaytetyon-ohjaus\/fi\/wihi-ohjeet-ohjaajalle\/projektin-paattaminen\/","og_locale":"fi_FI","og_type":"article","og_title":"10.9 Projektin p\u00e4\u00e4tt\u00e4minen ja arvosanojen siirtyminen Peppiin - Thesis Supervisor&#039;s Handbook","og_description":"Projektin viimeisess\u00e4 vaiheessa opiskelija vie opinn\u00e4ytety\u00f6ns\u00e4 Theseukseen ja tuo julkaisulinkin Wihiin. Kaikki opinn\u00e4ytety\u00f6t julkaistaan s\u00e4hk\u00f6isesti. HUOM. Opiskelija saa vied\u00e4 opinn\u00e4ytety\u00f6ns\u00e4 Theseukseen vasta saatuaan luvan ohjaajalta. Kun opiskelija on julkaissut ty\u00f6ns\u00f6 Theseuksessa ja kopioinut Theseuksesta saamansa linkin Wihiin, sinun teht\u00e4v\u00e4si on hyv\u00e4ksy\u00e4 julkaistun ty\u00f6n linkki Julkaisuvaiheen projektit -v\u00e4lilehdelt\u00e4 (kuvio 1). Linkki ei todenn\u00e4k\u00f6isesti viel\u00e4 toimi, vaan [&hellip;]","og_url":"https:\/\/help.jamk.fi\/opinnaytetyon-ohjaus\/fi\/wihi-ohjeet-ohjaajalle\/projektin-paattaminen\/","og_site_name":"Thesis Supervisor&#039;s Handbook","article_modified_time":"2025-05-16T10:05:00+00:00","twitter_card":"summary_large_image","twitter_misc":{"Arvioitu lukuaika":"2 minuuttia"},"schema":{"@context":"https:\/\/schema.org","@graph":[{"@type":"WebPage","@id":"https:\/\/help.jamk.fi\/opinnaytetyon-ohjaus\/fi\/wihi-ohjeet-ohjaajalle\/projektin-paattaminen\/","url":"https:\/\/help.jamk.fi\/opinnaytetyon-ohjaus\/fi\/wihi-ohjeet-ohjaajalle\/projektin-paattaminen\/","name":"10.9 Projektin p\u00e4\u00e4tt\u00e4minen ja arvosanojen siirtyminen Peppiin - Thesis Supervisor&#039;s Handbook","isPartOf":{"@id":"https:\/\/help.jamk.fi\/opinnaytetyon-ohjaus\/#website"},"primaryImageOfPage":{"@id":"https:\/\/help.jamk.fi\/opinnaytetyon-ohjaus\/fi\/wihi-ohjeet-ohjaajalle\/projektin-paattaminen\/#primaryimage"},"image":{"@id":"https:\/\/help.jamk.fi\/opinnaytetyon-ohjaus\/fi\/wihi-ohjeet-ohjaajalle\/projektin-paattaminen\/#primaryimage"},"thumbnailUrl":"https:\/\/help.jamk.fi\/opinnaytetyon-ohjaus\/wp-content\/uploads\/sites\/110\/2023\/09\/Ohjaaja-hyvaksyy-Theseus-linkin.png","datePublished":"2022-09-20T06:58:25+00:00","dateModified":"2025-05-16T10:05:00+00:00","breadcrumb":{"@id":"https:\/\/help.jamk.fi\/opinnaytetyon-ohjaus\/fi\/wihi-ohjeet-ohjaajalle\/projektin-paattaminen\/#breadcrumb"},"inLanguage":"fi","potentialAction":[{"@type":"ReadAction","target":["https:\/\/help.jamk.fi\/opinnaytetyon-ohjaus\/fi\/wihi-ohjeet-ohjaajalle\/projektin-paattaminen\/"]}]},{"@type":"ImageObject","inLanguage":"fi","@id":"https:\/\/help.jamk.fi\/opinnaytetyon-ohjaus\/fi\/wihi-ohjeet-ohjaajalle\/projektin-paattaminen\/#primaryimage","url":"https:\/\/help.jamk.fi\/opinnaytetyon-ohjaus\/wp-content\/uploads\/sites\/110\/2023\/09\/Ohjaaja-hyvaksyy-Theseus-linkin.png","contentUrl":"https:\/\/help.jamk.fi\/opinnaytetyon-ohjaus\/wp-content\/uploads\/sites\/110\/2023\/09\/Ohjaaja-hyvaksyy-Theseus-linkin.png"},{"@type":"BreadcrumbList","@id":"https:\/\/help.jamk.fi\/opinnaytetyon-ohjaus\/fi\/wihi-ohjeet-ohjaajalle\/projektin-paattaminen\/#breadcrumb","itemListElement":[{"@type":"ListItem","position":1,"name":"Etusivu","item":"https:\/\/help.jamk.fi\/opinnaytetyon-ohjaus\/fi\/"},{"@type":"ListItem","position":2,"name":"10 Wihi-ohjeet ohjaajalle","item":"https:\/\/help.jamk.fi\/opinnaytetyon-ohjaus\/fi\/wihi-ohjeet-ohjaajalle\/"},{"@type":"ListItem","position":3,"name":"10.9 Projektin p\u00e4\u00e4tt\u00e4minen ja arvosanojen siirtyminen Peppiin"}]},{"@type":"WebSite","@id":"https:\/\/help.jamk.fi\/opinnaytetyon-ohjaus\/#website","url":"https:\/\/help.jamk.fi\/opinnaytetyon-ohjaus\/","name":"Thesis Supervisor&#039;s Handbook","description":"Opinn\u00e4ytety\u00f6n ohjaajan k\u00e4sikirja ja vinkkipankki","potentialAction":[{"@type":"SearchAction","target":{"@type":"EntryPoint","urlTemplate":"https:\/\/help.jamk.fi\/opinnaytetyon-ohjaus\/?s={search_term_string}"},"query-input":{"@type":"PropertyValueSpecification","valueRequired":true,"valueName":"search_term_string"}}],"inLanguage":"fi"}]}},"_links":{"self":[{"href":"https:\/\/help.jamk.fi\/opinnaytetyon-ohjaus\/wp-json\/wp\/v2\/pages\/348","targetHints":{"allow":["GET"]}}],"collection":[{"href":"https:\/\/help.jamk.fi\/opinnaytetyon-ohjaus\/wp-json\/wp\/v2\/pages"}],"about":[{"href":"https:\/\/help.jamk.fi\/opinnaytetyon-ohjaus\/wp-json\/wp\/v2\/types\/page"}],"author":[{"embeddable":true,"href":"https:\/\/help.jamk.fi\/opinnaytetyon-ohjaus\/wp-json\/wp\/v2\/users\/79"}],"replies":[{"embeddable":true,"href":"https:\/\/help.jamk.fi\/opinnaytetyon-ohjaus\/wp-json\/wp\/v2\/comments?post=348"}],"version-history":[{"count":10,"href":"https:\/\/help.jamk.fi\/opinnaytetyon-ohjaus\/wp-json\/wp\/v2\/pages\/348\/revisions"}],"predecessor-version":[{"id":1851,"href":"https:\/\/help.jamk.fi\/opinnaytetyon-ohjaus\/wp-json\/wp\/v2\/pages\/348\/revisions\/1851"}],"up":[{"embeddable":true,"href":"https:\/\/help.jamk.fi\/opinnaytetyon-ohjaus\/wp-json\/wp\/v2\/pages\/228"}],"wp:attachment":[{"href":"https:\/\/help.jamk.fi\/opinnaytetyon-ohjaus\/wp-json\/wp\/v2\/media?parent=348"}],"wp:term":[{"taxonomy":"category","embeddable":true,"href":"https:\/\/help.jamk.fi\/opinnaytetyon-ohjaus\/wp-json\/wp\/v2\/categories?post=348"},{"taxonomy":"post_tag","embeddable":true,"href":"https:\/\/help.jamk.fi\/opinnaytetyon-ohjaus\/wp-json\/wp\/v2\/tags?post=348"}],"curies":[{"name":"wp","href":"https:\/\/api.w.org\/{rel}","templated":true}]}}