{"id":378,"date":"2022-09-22T09:04:53","date_gmt":"2022-09-22T06:04:53","guid":{"rendered":"https:\/\/help.jamk.fi\/yamk-kasikirja\/wihi-ohjeet-koordinaattorille\/ohjaajien-tarkastajien-muokkaaminen\/"},"modified":"2024-01-22T15:00:47","modified_gmt":"2024-01-22T13:00:47","slug":"ohjaajien-tarkastajien-muokkaaminen","status":"publish","type":"page","link":"https:\/\/help.jamk.fi\/opinnaytetyon-ohjaus\/fi\/wihi-ohjeet-koordinaattorille\/ohjaajien-tarkastajien-muokkaaminen\/","title":{"rendered":"11.2 Ohjaajien ja tarkastajien muokkaaminen"},"content":{"rendered":"\n<p>Koordinaattorina voit muokata ty\u00f6n ohjaajia ja tarkastajia. Klikkaamalla <strong>Muokkaa ohjaajia ja tarkastajia<\/strong> -painiketta voit lis\u00e4t\u00e4 tai poistaa henkil\u00f6it\u00e4 ja muokata heid\u00e4n roolejaan. Kuviossa 1 n\u00e4et Jamkissa k\u00e4yt\u00f6ss\u00e4 olevat roolit ja niiden asetukset.<\/p>\n\n\n\n<p>Aseta ohjaajat ja tarkastajat -ikkunassa n\u00e4kyv\u00e4t roolit ovat seuraavat:<\/p>\n\n\n\n<ul class=\"wp-block-list\">\n<li>Ohjaaja = ns. ty\u00f6n vastuuohjaaja, jota kutsutaan Jamkissa p\u00e4\u00e4ohjaajaksi.<\/li>\n\n\n\n<li>Lis\u00e4ohjaaja = ns. kakkosohjaaja, joka my\u00f6s voi ohjata opiskelijan ty\u00f6t\u00e4 (ei k\u00e4ytet\u00e4 Jamkissa).<\/li>\n\n\n\n<li>Vastuuarvioija = arvioija, jonka arvioinnin perusteella opiskelijan opinn\u00e4ytety\u00f6n arvosana muodostuu. Jamkissa vastuuarvioijana toimii aina p\u00e4\u00e4ohjaaja.<\/li>\n\n\n\n<li>Tarkastaja = ty\u00f6n arvioija, joka my\u00f6s voi arvioida ty\u00f6n, muttei p\u00e4\u00e4se ty\u00f6t\u00e4 ohjaamaan. Jamkissa 2. tarkastaja.<\/li>\n<\/ul>\n\n\n\n<figure class=\"wp-block-image size-full\"><img decoding=\"async\" src=\"https:\/\/help.jamk.fi\/opinnaytetyon-ohjaus\/wp-content\/uploads\/sites\/110\/2023\/09\/Ohjaajien-ja-tarkastajien-muokkaaminen.png\" alt=\"\" class=\"wp-image-1275\"\/><figcaption class=\"wp-element-caption\">Kuvio 1. Ohjaajien ja tarkastajien muokkaaminen<\/figcaption><\/figure>\n\n\n\n<p>Huom. Jos p\u00e4\u00e4ohjaaja on jo valittu, my\u00f6s h\u00e4n p\u00e4\u00e4see n\u00e4it\u00e4 muokkaamaan.<\/p>\n","protected":false},"excerpt":{"rendered":"<p>Koordinaattorina voit muokata ty\u00f6n ohjaajia ja tarkastajia. Klikkaamalla Muokkaa ohjaajia ja tarkastajia -painiketta voit lis\u00e4t\u00e4 tai poistaa henkil\u00f6it\u00e4 ja muokata heid\u00e4n roolejaan. Kuviossa 1 n\u00e4et Jamkissa k\u00e4yt\u00f6ss\u00e4 olevat roolit ja niiden asetukset. Aseta ohjaajat ja tarkastajat -ikkunassa n\u00e4kyv\u00e4t roolit ovat seuraavat: Huom. Jos p\u00e4\u00e4ohjaaja on jo valittu, my\u00f6s h\u00e4n p\u00e4\u00e4see n\u00e4it\u00e4 muokkaamaan.<\/p>\n","protected":false},"author":79,"featured_media":0,"parent":231,"menu_order":2,"comment_status":"closed","ping_status":"closed","template":"","meta":{"_acf_changed":false,"_relevanssi_hide_post":"","_relevanssi_hide_content":"","_relevanssi_pin_for_all":"","_relevanssi_pin_keywords":"","_relevanssi_unpin_keywords":"","_relevanssi_related_keywords":"","_relevanssi_related_include_ids":"","_relevanssi_related_exclude_ids":"","_relevanssi_related_no_append":"","_relevanssi_related_not_related":"","_relevanssi_related_posts":"","_relevanssi_noindex_reason":"","footnotes":""},"categories":[1],"tags":[],"class_list":["post-378","page","type-page","status-publish","hentry","category-yleinen"],"acf":[],"yoast_head":"<!-- This site is optimized with the Yoast SEO plugin v27.3 - https:\/\/yoast.com\/product\/yoast-seo-wordpress\/ -->\n<title>11.2 Ohjaajien ja tarkastajien muokkaaminen - Thesis Supervisor&#039;s Handbook<\/title>\n<meta name=\"robots\" content=\"index, follow, max-snippet:-1, max-image-preview:large, max-video-preview:-1\" \/>\n<link rel=\"canonical\" href=\"https:\/\/help.jamk.fi\/opinnaytetyon-ohjaus\/fi\/wihi-ohjeet-koordinaattorille\/ohjaajien-tarkastajien-muokkaaminen\/\" \/>\n<meta property=\"og:locale\" content=\"fi_FI\" \/>\n<meta property=\"og:type\" content=\"article\" \/>\n<meta property=\"og:title\" content=\"11.2 Ohjaajien ja tarkastajien muokkaaminen - Thesis Supervisor&#039;s Handbook\" \/>\n<meta property=\"og:description\" content=\"Koordinaattorina voit muokata ty\u00f6n ohjaajia ja tarkastajia. Klikkaamalla Muokkaa ohjaajia ja tarkastajia -painiketta voit lis\u00e4t\u00e4 tai poistaa henkil\u00f6it\u00e4 ja muokata heid\u00e4n roolejaan. Kuviossa 1 n\u00e4et Jamkissa k\u00e4yt\u00f6ss\u00e4 olevat roolit ja niiden asetukset. Aseta ohjaajat ja tarkastajat -ikkunassa n\u00e4kyv\u00e4t roolit ovat seuraavat: Huom. Jos p\u00e4\u00e4ohjaaja on jo valittu, my\u00f6s h\u00e4n p\u00e4\u00e4see n\u00e4it\u00e4 muokkaamaan.\" \/>\n<meta property=\"og:url\" content=\"https:\/\/help.jamk.fi\/opinnaytetyon-ohjaus\/fi\/wihi-ohjeet-koordinaattorille\/ohjaajien-tarkastajien-muokkaaminen\/\" \/>\n<meta property=\"og:site_name\" content=\"Thesis Supervisor&#039;s Handbook\" \/>\n<meta property=\"article:modified_time\" content=\"2024-01-22T13:00:47+00:00\" \/>\n<meta property=\"og:image\" content=\"https:\/\/help.jamk.fi\/opinnaytetyon-ohjaus\/wp-content\/uploads\/sites\/110\/2023\/09\/Ohjaajien-ja-tarkastajien-muokkaaminen.png\" \/>\n<meta name=\"twitter:card\" content=\"summary_large_image\" \/>\n<meta name=\"twitter:label1\" content=\"Arvioitu lukuaika\" \/>\n\t<meta name=\"twitter:data1\" content=\"1 minuutti\" \/>\n<script type=\"application\/ld+json\" class=\"yoast-schema-graph\">{\"@context\":\"https:\\\/\\\/schema.org\",\"@graph\":[{\"@type\":\"WebPage\",\"@id\":\"https:\\\/\\\/help.jamk.fi\\\/opinnaytetyon-ohjaus\\\/fi\\\/wihi-ohjeet-koordinaattorille\\\/ohjaajien-tarkastajien-muokkaaminen\\\/\",\"url\":\"https:\\\/\\\/help.jamk.fi\\\/opinnaytetyon-ohjaus\\\/fi\\\/wihi-ohjeet-koordinaattorille\\\/ohjaajien-tarkastajien-muokkaaminen\\\/\",\"name\":\"11.2 Ohjaajien ja tarkastajien muokkaaminen - Thesis Supervisor&#039;s Handbook\",\"isPartOf\":{\"@id\":\"https:\\\/\\\/help.jamk.fi\\\/opinnaytetyon-ohjaus\\\/#website\"},\"primaryImageOfPage\":{\"@id\":\"https:\\\/\\\/help.jamk.fi\\\/opinnaytetyon-ohjaus\\\/fi\\\/wihi-ohjeet-koordinaattorille\\\/ohjaajien-tarkastajien-muokkaaminen\\\/#primaryimage\"},\"image\":{\"@id\":\"https:\\\/\\\/help.jamk.fi\\\/opinnaytetyon-ohjaus\\\/fi\\\/wihi-ohjeet-koordinaattorille\\\/ohjaajien-tarkastajien-muokkaaminen\\\/#primaryimage\"},\"thumbnailUrl\":\"https:\\\/\\\/help.jamk.fi\\\/opinnaytetyon-ohjaus\\\/wp-content\\\/uploads\\\/sites\\\/110\\\/2023\\\/09\\\/Ohjaajien-ja-tarkastajien-muokkaaminen.png\",\"datePublished\":\"2022-09-22T06:04:53+00:00\",\"dateModified\":\"2024-01-22T13:00:47+00:00\",\"breadcrumb\":{\"@id\":\"https:\\\/\\\/help.jamk.fi\\\/opinnaytetyon-ohjaus\\\/fi\\\/wihi-ohjeet-koordinaattorille\\\/ohjaajien-tarkastajien-muokkaaminen\\\/#breadcrumb\"},\"inLanguage\":\"fi\",\"potentialAction\":[{\"@type\":\"ReadAction\",\"target\":[\"https:\\\/\\\/help.jamk.fi\\\/opinnaytetyon-ohjaus\\\/fi\\\/wihi-ohjeet-koordinaattorille\\\/ohjaajien-tarkastajien-muokkaaminen\\\/\"]}]},{\"@type\":\"ImageObject\",\"inLanguage\":\"fi\",\"@id\":\"https:\\\/\\\/help.jamk.fi\\\/opinnaytetyon-ohjaus\\\/fi\\\/wihi-ohjeet-koordinaattorille\\\/ohjaajien-tarkastajien-muokkaaminen\\\/#primaryimage\",\"url\":\"https:\\\/\\\/help.jamk.fi\\\/opinnaytetyon-ohjaus\\\/wp-content\\\/uploads\\\/sites\\\/110\\\/2023\\\/09\\\/Ohjaajien-ja-tarkastajien-muokkaaminen.png\",\"contentUrl\":\"https:\\\/\\\/help.jamk.fi\\\/opinnaytetyon-ohjaus\\\/wp-content\\\/uploads\\\/sites\\\/110\\\/2023\\\/09\\\/Ohjaajien-ja-tarkastajien-muokkaaminen.png\"},{\"@type\":\"BreadcrumbList\",\"@id\":\"https:\\\/\\\/help.jamk.fi\\\/opinnaytetyon-ohjaus\\\/fi\\\/wihi-ohjeet-koordinaattorille\\\/ohjaajien-tarkastajien-muokkaaminen\\\/#breadcrumb\",\"itemListElement\":[{\"@type\":\"ListItem\",\"position\":1,\"name\":\"Etusivu\",\"item\":\"https:\\\/\\\/help.jamk.fi\\\/opinnaytetyon-ohjaus\\\/fi\\\/\"},{\"@type\":\"ListItem\",\"position\":2,\"name\":\"11 Wihi-ohjeet koordinaattorille\",\"item\":\"https:\\\/\\\/help.jamk.fi\\\/opinnaytetyon-ohjaus\\\/fi\\\/wihi-ohjeet-koordinaattorille\\\/\"},{\"@type\":\"ListItem\",\"position\":3,\"name\":\"11.2 Ohjaajien ja tarkastajien muokkaaminen\"}]},{\"@type\":\"WebSite\",\"@id\":\"https:\\\/\\\/help.jamk.fi\\\/opinnaytetyon-ohjaus\\\/#website\",\"url\":\"https:\\\/\\\/help.jamk.fi\\\/opinnaytetyon-ohjaus\\\/\",\"name\":\"Thesis Supervisor&#039;s Handbook\",\"description\":\"Opinn\u00e4ytety\u00f6n ohjaajan k\u00e4sikirja ja vinkkipankki\",\"potentialAction\":[{\"@type\":\"SearchAction\",\"target\":{\"@type\":\"EntryPoint\",\"urlTemplate\":\"https:\\\/\\\/help.jamk.fi\\\/opinnaytetyon-ohjaus\\\/?s={search_term_string}\"},\"query-input\":{\"@type\":\"PropertyValueSpecification\",\"valueRequired\":true,\"valueName\":\"search_term_string\"}}],\"inLanguage\":\"fi\"}]}<\/script>\n<!-- \/ Yoast SEO plugin. -->","yoast_head_json":{"title":"11.2 Ohjaajien ja tarkastajien muokkaaminen - Thesis Supervisor&#039;s Handbook","robots":{"index":"index","follow":"follow","max-snippet":"max-snippet:-1","max-image-preview":"max-image-preview:large","max-video-preview":"max-video-preview:-1"},"canonical":"https:\/\/help.jamk.fi\/opinnaytetyon-ohjaus\/fi\/wihi-ohjeet-koordinaattorille\/ohjaajien-tarkastajien-muokkaaminen\/","og_locale":"fi_FI","og_type":"article","og_title":"11.2 Ohjaajien ja tarkastajien muokkaaminen - Thesis Supervisor&#039;s Handbook","og_description":"Koordinaattorina voit muokata ty\u00f6n ohjaajia ja tarkastajia. Klikkaamalla Muokkaa ohjaajia ja tarkastajia -painiketta voit lis\u00e4t\u00e4 tai poistaa henkil\u00f6it\u00e4 ja muokata heid\u00e4n roolejaan. Kuviossa 1 n\u00e4et Jamkissa k\u00e4yt\u00f6ss\u00e4 olevat roolit ja niiden asetukset. Aseta ohjaajat ja tarkastajat -ikkunassa n\u00e4kyv\u00e4t roolit ovat seuraavat: Huom. Jos p\u00e4\u00e4ohjaaja on jo valittu, my\u00f6s h\u00e4n p\u00e4\u00e4see n\u00e4it\u00e4 muokkaamaan.","og_url":"https:\/\/help.jamk.fi\/opinnaytetyon-ohjaus\/fi\/wihi-ohjeet-koordinaattorille\/ohjaajien-tarkastajien-muokkaaminen\/","og_site_name":"Thesis Supervisor&#039;s Handbook","article_modified_time":"2024-01-22T13:00:47+00:00","og_image":[{"url":"https:\/\/help.jamk.fi\/opinnaytetyon-ohjaus\/wp-content\/uploads\/sites\/110\/2023\/09\/Ohjaajien-ja-tarkastajien-muokkaaminen.png","type":"","width":"","height":""}],"twitter_card":"summary_large_image","twitter_misc":{"Arvioitu lukuaika":"1 minuutti"},"schema":{"@context":"https:\/\/schema.org","@graph":[{"@type":"WebPage","@id":"https:\/\/help.jamk.fi\/opinnaytetyon-ohjaus\/fi\/wihi-ohjeet-koordinaattorille\/ohjaajien-tarkastajien-muokkaaminen\/","url":"https:\/\/help.jamk.fi\/opinnaytetyon-ohjaus\/fi\/wihi-ohjeet-koordinaattorille\/ohjaajien-tarkastajien-muokkaaminen\/","name":"11.2 Ohjaajien ja tarkastajien muokkaaminen - Thesis Supervisor&#039;s Handbook","isPartOf":{"@id":"https:\/\/help.jamk.fi\/opinnaytetyon-ohjaus\/#website"},"primaryImageOfPage":{"@id":"https:\/\/help.jamk.fi\/opinnaytetyon-ohjaus\/fi\/wihi-ohjeet-koordinaattorille\/ohjaajien-tarkastajien-muokkaaminen\/#primaryimage"},"image":{"@id":"https:\/\/help.jamk.fi\/opinnaytetyon-ohjaus\/fi\/wihi-ohjeet-koordinaattorille\/ohjaajien-tarkastajien-muokkaaminen\/#primaryimage"},"thumbnailUrl":"https:\/\/help.jamk.fi\/opinnaytetyon-ohjaus\/wp-content\/uploads\/sites\/110\/2023\/09\/Ohjaajien-ja-tarkastajien-muokkaaminen.png","datePublished":"2022-09-22T06:04:53+00:00","dateModified":"2024-01-22T13:00:47+00:00","breadcrumb":{"@id":"https:\/\/help.jamk.fi\/opinnaytetyon-ohjaus\/fi\/wihi-ohjeet-koordinaattorille\/ohjaajien-tarkastajien-muokkaaminen\/#breadcrumb"},"inLanguage":"fi","potentialAction":[{"@type":"ReadAction","target":["https:\/\/help.jamk.fi\/opinnaytetyon-ohjaus\/fi\/wihi-ohjeet-koordinaattorille\/ohjaajien-tarkastajien-muokkaaminen\/"]}]},{"@type":"ImageObject","inLanguage":"fi","@id":"https:\/\/help.jamk.fi\/opinnaytetyon-ohjaus\/fi\/wihi-ohjeet-koordinaattorille\/ohjaajien-tarkastajien-muokkaaminen\/#primaryimage","url":"https:\/\/help.jamk.fi\/opinnaytetyon-ohjaus\/wp-content\/uploads\/sites\/110\/2023\/09\/Ohjaajien-ja-tarkastajien-muokkaaminen.png","contentUrl":"https:\/\/help.jamk.fi\/opinnaytetyon-ohjaus\/wp-content\/uploads\/sites\/110\/2023\/09\/Ohjaajien-ja-tarkastajien-muokkaaminen.png"},{"@type":"BreadcrumbList","@id":"https:\/\/help.jamk.fi\/opinnaytetyon-ohjaus\/fi\/wihi-ohjeet-koordinaattorille\/ohjaajien-tarkastajien-muokkaaminen\/#breadcrumb","itemListElement":[{"@type":"ListItem","position":1,"name":"Etusivu","item":"https:\/\/help.jamk.fi\/opinnaytetyon-ohjaus\/fi\/"},{"@type":"ListItem","position":2,"name":"11 Wihi-ohjeet koordinaattorille","item":"https:\/\/help.jamk.fi\/opinnaytetyon-ohjaus\/fi\/wihi-ohjeet-koordinaattorille\/"},{"@type":"ListItem","position":3,"name":"11.2 Ohjaajien ja tarkastajien muokkaaminen"}]},{"@type":"WebSite","@id":"https:\/\/help.jamk.fi\/opinnaytetyon-ohjaus\/#website","url":"https:\/\/help.jamk.fi\/opinnaytetyon-ohjaus\/","name":"Thesis Supervisor&#039;s Handbook","description":"Opinn\u00e4ytety\u00f6n ohjaajan k\u00e4sikirja ja vinkkipankki","potentialAction":[{"@type":"SearchAction","target":{"@type":"EntryPoint","urlTemplate":"https:\/\/help.jamk.fi\/opinnaytetyon-ohjaus\/?s={search_term_string}"},"query-input":{"@type":"PropertyValueSpecification","valueRequired":true,"valueName":"search_term_string"}}],"inLanguage":"fi"}]}},"_links":{"self":[{"href":"https:\/\/help.jamk.fi\/opinnaytetyon-ohjaus\/wp-json\/wp\/v2\/pages\/378","targetHints":{"allow":["GET"]}}],"collection":[{"href":"https:\/\/help.jamk.fi\/opinnaytetyon-ohjaus\/wp-json\/wp\/v2\/pages"}],"about":[{"href":"https:\/\/help.jamk.fi\/opinnaytetyon-ohjaus\/wp-json\/wp\/v2\/types\/page"}],"author":[{"embeddable":true,"href":"https:\/\/help.jamk.fi\/opinnaytetyon-ohjaus\/wp-json\/wp\/v2\/users\/79"}],"replies":[{"embeddable":true,"href":"https:\/\/help.jamk.fi\/opinnaytetyon-ohjaus\/wp-json\/wp\/v2\/comments?post=378"}],"version-history":[{"count":9,"href":"https:\/\/help.jamk.fi\/opinnaytetyon-ohjaus\/wp-json\/wp\/v2\/pages\/378\/revisions"}],"predecessor-version":[{"id":1645,"href":"https:\/\/help.jamk.fi\/opinnaytetyon-ohjaus\/wp-json\/wp\/v2\/pages\/378\/revisions\/1645"}],"up":[{"embeddable":true,"href":"https:\/\/help.jamk.fi\/opinnaytetyon-ohjaus\/wp-json\/wp\/v2\/pages\/231"}],"wp:attachment":[{"href":"https:\/\/help.jamk.fi\/opinnaytetyon-ohjaus\/wp-json\/wp\/v2\/media?parent=378"}],"wp:term":[{"taxonomy":"category","embeddable":true,"href":"https:\/\/help.jamk.fi\/opinnaytetyon-ohjaus\/wp-json\/wp\/v2\/categories?post=378"},{"taxonomy":"post_tag","embeddable":true,"href":"https:\/\/help.jamk.fi\/opinnaytetyon-ohjaus\/wp-json\/wp\/v2\/tags?post=378"}],"curies":[{"name":"wp","href":"https:\/\/api.w.org\/{rel}","templated":true}]}}