{"id":398,"date":"2022-09-22T09:11:49","date_gmt":"2022-09-22T06:11:49","guid":{"rendered":"https:\/\/help.jamk.fi\/yamk-kasikirja\/wihi-ohjeet-koordinaattorille\/opiskelijan-lisaaminen-vaihtaminen\/"},"modified":"2024-01-02T09:06:15","modified_gmt":"2024-01-02T07:06:15","slug":"opiskelijan-lisaaminen-vaihtaminen","status":"publish","type":"page","link":"https:\/\/help.jamk.fi\/opinnaytetyon-ohjaus\/fi\/wihi-ohjeet-koordinaattorille\/opiskelijan-lisaaminen-vaihtaminen\/","title":{"rendered":"11.4 Opiskelijan lis\u00e4\u00e4minen tai vaihtaminen projektille"},"content":{"rendered":"\n<p>Koordinaattorina voit lis\u00e4t\u00e4 opiskelijan projektiin tai vaihtaa opiskelijan opiskeluoikeutta. Esimerkiksi jos opiskelija on aloittanut opinn\u00e4ytety\u00f6ns\u00e4 tekemisen avoimen ammattikorkeakoulun opiskeluoikeudella ja jatkaa sit\u00e4 tutkinto-opiskelijana, voit k\u00e4yd\u00e4 vaihtamassa oikean opiskeluoikeuden projektille. N\u00e4in opiskelija p\u00e4\u00e4see sujuvasti jatkamaan opinn\u00e4ytety\u00f6t\u00e4\u00e4n eik\u00e4 uutta projektia tarvitse luoda.<\/p>\n\n\n\n<p>Uuden opiskelijan voi lis\u00e4t\u00e4 projektille, jos projekti ei ole edennyt vaihetta 1\/3 pidemm\u00e4lle eli yht\u00e4\u00e4n suoritusmerkint\u00e4\u00e4 Peppiin ei ole ehtinyt viel\u00e4 siirty\u00e4.<\/p>\n\n\n\n<p>Opiskelijan lis\u00e4\u00e4minen tai opiskeluoikeuden vaihtaminen projektille tehd\u00e4\u00e4n opiskelijan tiedoista (kuvio 1).<\/p>\n\n\n\n<figure class=\"wp-block-image size-large\"><img decoding=\"async\" src=\"https:\/\/help.jamk.fi\/opinnaytetyon-ohjaus\/wp-content\/uploads\/sites\/110\/2023\/09\/Opiskelijan-lisaaminen-projektille.png\" alt=\"\" class=\"wp-image-1282\"\/><figcaption class=\"wp-element-caption\">Kuvio 1. Opiskelijan lis\u00e4\u00e4minen ja opiskeluoikeuden vaihtaminen projektille<\/figcaption><\/figure>\n\n\n\n<p>HUOM. Wihi ei tunnista, onko lis\u00e4tt\u00e4v\u00e4 opiskelija l\u00e4sn\u00e4oleva opiskelija. Eli tarkista ennen opiskelijan lis\u00e4\u00e4mist\u00e4 tai opiskeluoikeuden vaihtamista, ett\u00e4 opiskelijalla on l\u00e4sn\u00e4olomerkint\u00e4 Pepiss\u00e4. Lis\u00e4ksi projektin aiempien vaiheiden opintosuorituksia ei automaattisesti siirret\u00e4 tai luoda vaihdetulle opiskeluoikeudelle.<\/p>\n","protected":false},"excerpt":{"rendered":"<p>Koordinaattorina voit lis\u00e4t\u00e4 opiskelijan projektiin tai vaihtaa opiskelijan opiskeluoikeutta. Esimerkiksi jos opiskelija on aloittanut opinn\u00e4ytety\u00f6ns\u00e4 tekemisen avoimen ammattikorkeakoulun opiskeluoikeudella ja jatkaa sit\u00e4 tutkinto-opiskelijana, voit k\u00e4yd\u00e4 vaihtamassa oikean opiskeluoikeuden projektille. N\u00e4in opiskelija p\u00e4\u00e4see sujuvasti jatkamaan opinn\u00e4ytety\u00f6t\u00e4\u00e4n eik\u00e4 uutta projektia tarvitse luoda. Uuden opiskelijan voi lis\u00e4t\u00e4 projektille, jos projekti ei ole edennyt vaihetta 1\/3 pidemm\u00e4lle eli yht\u00e4\u00e4n [&hellip;]<\/p>\n","protected":false},"author":79,"featured_media":0,"parent":231,"menu_order":4,"comment_status":"closed","ping_status":"closed","template":"","meta":{"_acf_changed":false,"_relevanssi_hide_post":"","_relevanssi_hide_content":"","_relevanssi_pin_for_all":"","_relevanssi_pin_keywords":"","_relevanssi_unpin_keywords":"","_relevanssi_related_keywords":"","_relevanssi_related_include_ids":"","_relevanssi_related_exclude_ids":"","_relevanssi_related_no_append":"","_relevanssi_related_not_related":"","_relevanssi_related_posts":"","_relevanssi_noindex_reason":"","footnotes":""},"categories":[1],"tags":[],"class_list":["post-398","page","type-page","status-publish","hentry","category-yleinen"],"acf":[],"yoast_head":"<!-- This site is optimized with the Yoast SEO plugin v27.3 - https:\/\/yoast.com\/product\/yoast-seo-wordpress\/ -->\n<title>11.4 Opiskelijan lis\u00e4\u00e4minen tai vaihtaminen projektille - Thesis Supervisor&#039;s Handbook<\/title>\n<meta name=\"robots\" content=\"index, follow, max-snippet:-1, max-image-preview:large, max-video-preview:-1\" \/>\n<link rel=\"canonical\" href=\"https:\/\/help.jamk.fi\/opinnaytetyon-ohjaus\/fi\/wihi-ohjeet-koordinaattorille\/opiskelijan-lisaaminen-vaihtaminen\/\" \/>\n<meta property=\"og:locale\" content=\"fi_FI\" \/>\n<meta property=\"og:type\" content=\"article\" \/>\n<meta property=\"og:title\" content=\"11.4 Opiskelijan lis\u00e4\u00e4minen tai vaihtaminen projektille - Thesis Supervisor&#039;s Handbook\" \/>\n<meta property=\"og:description\" content=\"Koordinaattorina voit lis\u00e4t\u00e4 opiskelijan projektiin tai vaihtaa opiskelijan opiskeluoikeutta. Esimerkiksi jos opiskelija on aloittanut opinn\u00e4ytety\u00f6ns\u00e4 tekemisen avoimen ammattikorkeakoulun opiskeluoikeudella ja jatkaa sit\u00e4 tutkinto-opiskelijana, voit k\u00e4yd\u00e4 vaihtamassa oikean opiskeluoikeuden projektille. N\u00e4in opiskelija p\u00e4\u00e4see sujuvasti jatkamaan opinn\u00e4ytety\u00f6t\u00e4\u00e4n eik\u00e4 uutta projektia tarvitse luoda. Uuden opiskelijan voi lis\u00e4t\u00e4 projektille, jos projekti ei ole edennyt vaihetta 1\/3 pidemm\u00e4lle eli yht\u00e4\u00e4n [&hellip;]\" \/>\n<meta property=\"og:url\" content=\"https:\/\/help.jamk.fi\/opinnaytetyon-ohjaus\/fi\/wihi-ohjeet-koordinaattorille\/opiskelijan-lisaaminen-vaihtaminen\/\" \/>\n<meta property=\"og:site_name\" content=\"Thesis Supervisor&#039;s Handbook\" \/>\n<meta property=\"article:modified_time\" content=\"2024-01-02T07:06:15+00:00\" \/>\n<meta property=\"og:image\" content=\"https:\/\/help.jamk.fi\/opinnaytetyon-ohjaus\/wp-content\/uploads\/sites\/110\/2023\/09\/Opiskelijan-lisaaminen-projektille.png\" \/>\n<meta name=\"twitter:card\" content=\"summary_large_image\" \/>\n<meta name=\"twitter:label1\" content=\"Arvioitu lukuaika\" \/>\n\t<meta name=\"twitter:data1\" content=\"1 minuutti\" \/>\n<script type=\"application\/ld+json\" class=\"yoast-schema-graph\">{\"@context\":\"https:\\\/\\\/schema.org\",\"@graph\":[{\"@type\":\"WebPage\",\"@id\":\"https:\\\/\\\/help.jamk.fi\\\/opinnaytetyon-ohjaus\\\/fi\\\/wihi-ohjeet-koordinaattorille\\\/opiskelijan-lisaaminen-vaihtaminen\\\/\",\"url\":\"https:\\\/\\\/help.jamk.fi\\\/opinnaytetyon-ohjaus\\\/fi\\\/wihi-ohjeet-koordinaattorille\\\/opiskelijan-lisaaminen-vaihtaminen\\\/\",\"name\":\"11.4 Opiskelijan lis\u00e4\u00e4minen tai vaihtaminen projektille - Thesis Supervisor&#039;s Handbook\",\"isPartOf\":{\"@id\":\"https:\\\/\\\/help.jamk.fi\\\/opinnaytetyon-ohjaus\\\/#website\"},\"primaryImageOfPage\":{\"@id\":\"https:\\\/\\\/help.jamk.fi\\\/opinnaytetyon-ohjaus\\\/fi\\\/wihi-ohjeet-koordinaattorille\\\/opiskelijan-lisaaminen-vaihtaminen\\\/#primaryimage\"},\"image\":{\"@id\":\"https:\\\/\\\/help.jamk.fi\\\/opinnaytetyon-ohjaus\\\/fi\\\/wihi-ohjeet-koordinaattorille\\\/opiskelijan-lisaaminen-vaihtaminen\\\/#primaryimage\"},\"thumbnailUrl\":\"https:\\\/\\\/help.jamk.fi\\\/opinnaytetyon-ohjaus\\\/wp-content\\\/uploads\\\/sites\\\/110\\\/2023\\\/09\\\/Opiskelijan-lisaaminen-projektille.png\",\"datePublished\":\"2022-09-22T06:11:49+00:00\",\"dateModified\":\"2024-01-02T07:06:15+00:00\",\"breadcrumb\":{\"@id\":\"https:\\\/\\\/help.jamk.fi\\\/opinnaytetyon-ohjaus\\\/fi\\\/wihi-ohjeet-koordinaattorille\\\/opiskelijan-lisaaminen-vaihtaminen\\\/#breadcrumb\"},\"inLanguage\":\"fi\",\"potentialAction\":[{\"@type\":\"ReadAction\",\"target\":[\"https:\\\/\\\/help.jamk.fi\\\/opinnaytetyon-ohjaus\\\/fi\\\/wihi-ohjeet-koordinaattorille\\\/opiskelijan-lisaaminen-vaihtaminen\\\/\"]}]},{\"@type\":\"ImageObject\",\"inLanguage\":\"fi\",\"@id\":\"https:\\\/\\\/help.jamk.fi\\\/opinnaytetyon-ohjaus\\\/fi\\\/wihi-ohjeet-koordinaattorille\\\/opiskelijan-lisaaminen-vaihtaminen\\\/#primaryimage\",\"url\":\"https:\\\/\\\/help.jamk.fi\\\/opinnaytetyon-ohjaus\\\/wp-content\\\/uploads\\\/sites\\\/110\\\/2023\\\/09\\\/Opiskelijan-lisaaminen-projektille.png\",\"contentUrl\":\"https:\\\/\\\/help.jamk.fi\\\/opinnaytetyon-ohjaus\\\/wp-content\\\/uploads\\\/sites\\\/110\\\/2023\\\/09\\\/Opiskelijan-lisaaminen-projektille.png\"},{\"@type\":\"BreadcrumbList\",\"@id\":\"https:\\\/\\\/help.jamk.fi\\\/opinnaytetyon-ohjaus\\\/fi\\\/wihi-ohjeet-koordinaattorille\\\/opiskelijan-lisaaminen-vaihtaminen\\\/#breadcrumb\",\"itemListElement\":[{\"@type\":\"ListItem\",\"position\":1,\"name\":\"Etusivu\",\"item\":\"https:\\\/\\\/help.jamk.fi\\\/opinnaytetyon-ohjaus\\\/fi\\\/\"},{\"@type\":\"ListItem\",\"position\":2,\"name\":\"11 Wihi-ohjeet koordinaattorille\",\"item\":\"https:\\\/\\\/help.jamk.fi\\\/opinnaytetyon-ohjaus\\\/fi\\\/wihi-ohjeet-koordinaattorille\\\/\"},{\"@type\":\"ListItem\",\"position\":3,\"name\":\"11.4 Opiskelijan lis\u00e4\u00e4minen tai vaihtaminen projektille\"}]},{\"@type\":\"WebSite\",\"@id\":\"https:\\\/\\\/help.jamk.fi\\\/opinnaytetyon-ohjaus\\\/#website\",\"url\":\"https:\\\/\\\/help.jamk.fi\\\/opinnaytetyon-ohjaus\\\/\",\"name\":\"Thesis Supervisor&#039;s Handbook\",\"description\":\"Opinn\u00e4ytety\u00f6n ohjaajan k\u00e4sikirja ja vinkkipankki\",\"potentialAction\":[{\"@type\":\"SearchAction\",\"target\":{\"@type\":\"EntryPoint\",\"urlTemplate\":\"https:\\\/\\\/help.jamk.fi\\\/opinnaytetyon-ohjaus\\\/?s={search_term_string}\"},\"query-input\":{\"@type\":\"PropertyValueSpecification\",\"valueRequired\":true,\"valueName\":\"search_term_string\"}}],\"inLanguage\":\"fi\"}]}<\/script>\n<!-- \/ Yoast SEO plugin. -->","yoast_head_json":{"title":"11.4 Opiskelijan lis\u00e4\u00e4minen tai vaihtaminen projektille - Thesis Supervisor&#039;s Handbook","robots":{"index":"index","follow":"follow","max-snippet":"max-snippet:-1","max-image-preview":"max-image-preview:large","max-video-preview":"max-video-preview:-1"},"canonical":"https:\/\/help.jamk.fi\/opinnaytetyon-ohjaus\/fi\/wihi-ohjeet-koordinaattorille\/opiskelijan-lisaaminen-vaihtaminen\/","og_locale":"fi_FI","og_type":"article","og_title":"11.4 Opiskelijan lis\u00e4\u00e4minen tai vaihtaminen projektille - Thesis Supervisor&#039;s Handbook","og_description":"Koordinaattorina voit lis\u00e4t\u00e4 opiskelijan projektiin tai vaihtaa opiskelijan opiskeluoikeutta. Esimerkiksi jos opiskelija on aloittanut opinn\u00e4ytety\u00f6ns\u00e4 tekemisen avoimen ammattikorkeakoulun opiskeluoikeudella ja jatkaa sit\u00e4 tutkinto-opiskelijana, voit k\u00e4yd\u00e4 vaihtamassa oikean opiskeluoikeuden projektille. N\u00e4in opiskelija p\u00e4\u00e4see sujuvasti jatkamaan opinn\u00e4ytety\u00f6t\u00e4\u00e4n eik\u00e4 uutta projektia tarvitse luoda. Uuden opiskelijan voi lis\u00e4t\u00e4 projektille, jos projekti ei ole edennyt vaihetta 1\/3 pidemm\u00e4lle eli yht\u00e4\u00e4n [&hellip;]","og_url":"https:\/\/help.jamk.fi\/opinnaytetyon-ohjaus\/fi\/wihi-ohjeet-koordinaattorille\/opiskelijan-lisaaminen-vaihtaminen\/","og_site_name":"Thesis Supervisor&#039;s Handbook","article_modified_time":"2024-01-02T07:06:15+00:00","og_image":[{"url":"https:\/\/help.jamk.fi\/opinnaytetyon-ohjaus\/wp-content\/uploads\/sites\/110\/2023\/09\/Opiskelijan-lisaaminen-projektille.png","type":"","width":"","height":""}],"twitter_card":"summary_large_image","twitter_misc":{"Arvioitu lukuaika":"1 minuutti"},"schema":{"@context":"https:\/\/schema.org","@graph":[{"@type":"WebPage","@id":"https:\/\/help.jamk.fi\/opinnaytetyon-ohjaus\/fi\/wihi-ohjeet-koordinaattorille\/opiskelijan-lisaaminen-vaihtaminen\/","url":"https:\/\/help.jamk.fi\/opinnaytetyon-ohjaus\/fi\/wihi-ohjeet-koordinaattorille\/opiskelijan-lisaaminen-vaihtaminen\/","name":"11.4 Opiskelijan lis\u00e4\u00e4minen tai vaihtaminen projektille - Thesis Supervisor&#039;s Handbook","isPartOf":{"@id":"https:\/\/help.jamk.fi\/opinnaytetyon-ohjaus\/#website"},"primaryImageOfPage":{"@id":"https:\/\/help.jamk.fi\/opinnaytetyon-ohjaus\/fi\/wihi-ohjeet-koordinaattorille\/opiskelijan-lisaaminen-vaihtaminen\/#primaryimage"},"image":{"@id":"https:\/\/help.jamk.fi\/opinnaytetyon-ohjaus\/fi\/wihi-ohjeet-koordinaattorille\/opiskelijan-lisaaminen-vaihtaminen\/#primaryimage"},"thumbnailUrl":"https:\/\/help.jamk.fi\/opinnaytetyon-ohjaus\/wp-content\/uploads\/sites\/110\/2023\/09\/Opiskelijan-lisaaminen-projektille.png","datePublished":"2022-09-22T06:11:49+00:00","dateModified":"2024-01-02T07:06:15+00:00","breadcrumb":{"@id":"https:\/\/help.jamk.fi\/opinnaytetyon-ohjaus\/fi\/wihi-ohjeet-koordinaattorille\/opiskelijan-lisaaminen-vaihtaminen\/#breadcrumb"},"inLanguage":"fi","potentialAction":[{"@type":"ReadAction","target":["https:\/\/help.jamk.fi\/opinnaytetyon-ohjaus\/fi\/wihi-ohjeet-koordinaattorille\/opiskelijan-lisaaminen-vaihtaminen\/"]}]},{"@type":"ImageObject","inLanguage":"fi","@id":"https:\/\/help.jamk.fi\/opinnaytetyon-ohjaus\/fi\/wihi-ohjeet-koordinaattorille\/opiskelijan-lisaaminen-vaihtaminen\/#primaryimage","url":"https:\/\/help.jamk.fi\/opinnaytetyon-ohjaus\/wp-content\/uploads\/sites\/110\/2023\/09\/Opiskelijan-lisaaminen-projektille.png","contentUrl":"https:\/\/help.jamk.fi\/opinnaytetyon-ohjaus\/wp-content\/uploads\/sites\/110\/2023\/09\/Opiskelijan-lisaaminen-projektille.png"},{"@type":"BreadcrumbList","@id":"https:\/\/help.jamk.fi\/opinnaytetyon-ohjaus\/fi\/wihi-ohjeet-koordinaattorille\/opiskelijan-lisaaminen-vaihtaminen\/#breadcrumb","itemListElement":[{"@type":"ListItem","position":1,"name":"Etusivu","item":"https:\/\/help.jamk.fi\/opinnaytetyon-ohjaus\/fi\/"},{"@type":"ListItem","position":2,"name":"11 Wihi-ohjeet koordinaattorille","item":"https:\/\/help.jamk.fi\/opinnaytetyon-ohjaus\/fi\/wihi-ohjeet-koordinaattorille\/"},{"@type":"ListItem","position":3,"name":"11.4 Opiskelijan lis\u00e4\u00e4minen tai vaihtaminen projektille"}]},{"@type":"WebSite","@id":"https:\/\/help.jamk.fi\/opinnaytetyon-ohjaus\/#website","url":"https:\/\/help.jamk.fi\/opinnaytetyon-ohjaus\/","name":"Thesis Supervisor&#039;s Handbook","description":"Opinn\u00e4ytety\u00f6n ohjaajan k\u00e4sikirja ja vinkkipankki","potentialAction":[{"@type":"SearchAction","target":{"@type":"EntryPoint","urlTemplate":"https:\/\/help.jamk.fi\/opinnaytetyon-ohjaus\/?s={search_term_string}"},"query-input":{"@type":"PropertyValueSpecification","valueRequired":true,"valueName":"search_term_string"}}],"inLanguage":"fi"}]}},"_links":{"self":[{"href":"https:\/\/help.jamk.fi\/opinnaytetyon-ohjaus\/wp-json\/wp\/v2\/pages\/398","targetHints":{"allow":["GET"]}}],"collection":[{"href":"https:\/\/help.jamk.fi\/opinnaytetyon-ohjaus\/wp-json\/wp\/v2\/pages"}],"about":[{"href":"https:\/\/help.jamk.fi\/opinnaytetyon-ohjaus\/wp-json\/wp\/v2\/types\/page"}],"author":[{"embeddable":true,"href":"https:\/\/help.jamk.fi\/opinnaytetyon-ohjaus\/wp-json\/wp\/v2\/users\/79"}],"replies":[{"embeddable":true,"href":"https:\/\/help.jamk.fi\/opinnaytetyon-ohjaus\/wp-json\/wp\/v2\/comments?post=398"}],"version-history":[{"count":8,"href":"https:\/\/help.jamk.fi\/opinnaytetyon-ohjaus\/wp-json\/wp\/v2\/pages\/398\/revisions"}],"predecessor-version":[{"id":1578,"href":"https:\/\/help.jamk.fi\/opinnaytetyon-ohjaus\/wp-json\/wp\/v2\/pages\/398\/revisions\/1578"}],"up":[{"embeddable":true,"href":"https:\/\/help.jamk.fi\/opinnaytetyon-ohjaus\/wp-json\/wp\/v2\/pages\/231"}],"wp:attachment":[{"href":"https:\/\/help.jamk.fi\/opinnaytetyon-ohjaus\/wp-json\/wp\/v2\/media?parent=398"}],"wp:term":[{"taxonomy":"category","embeddable":true,"href":"https:\/\/help.jamk.fi\/opinnaytetyon-ohjaus\/wp-json\/wp\/v2\/categories?post=398"},{"taxonomy":"post_tag","embeddable":true,"href":"https:\/\/help.jamk.fi\/opinnaytetyon-ohjaus\/wp-json\/wp\/v2\/tags?post=398"}],"curies":[{"name":"wp","href":"https:\/\/api.w.org\/{rel}","templated":true}]}}