{"id":416,"date":"2022-09-22T09:15:28","date_gmt":"2022-09-22T06:15:28","guid":{"rendered":"https:\/\/help.jamk.fi\/yamk-kasikirja\/wihi-ohjeet-koordinaattorille\/etenemisen-seuranta\/"},"modified":"2023-12-21T14:50:23","modified_gmt":"2023-12-21T12:50:23","slug":"etenemisen-seuranta","status":"publish","type":"page","link":"https:\/\/help.jamk.fi\/opinnaytetyon-ohjaus\/fi\/wihi-ohjeet-koordinaattorille\/etenemisen-seuranta\/","title":{"rendered":"11.5 Opinn\u00e4ytet\u00f6iden etenemisen seuranta ja hakutoiminnot"},"content":{"rendered":"\n<p>Koordinaattorina voit seurata opinn\u00e4ytet\u00f6iden etenemist\u00e4 tutkinto-ohjelmatasolla Wihin yl\u00e4valikon Raporttin\u00e4kym\u00e4st\u00e4 (kuvio 1).<\/p>\n\n\n\n<figure class=\"wp-block-image size-large\"><img decoding=\"async\" src=\"https:\/\/help.jamk.fi\/opinnaytetyon-ohjaus\/wp-content\/uploads\/sites\/110\/2023\/09\/Wihin-raporttinakyma.png\" alt=\"\" class=\"wp-image-1297\"\/><figcaption class=\"wp-element-caption\">Kuvio 1. Wihin raporttin\u00e4kym\u00e4<\/figcaption><\/figure>\n\n\n\n<p>Opinn\u00e4ytet\u00f6iden etenemist\u00e4 ja niiden aktiivisuutta voi seurata my\u00f6s Aktiiviset projektit -v\u00e4lilehdell\u00e4 (kuvio 2). Aktiivisuus-sarakkeessa oleva v\u00e4rikoodi kertoo ty\u00f6n etenemisest\u00e4 seuraavasti:<\/p>\n\n\n\n<ul class=\"wp-block-list\">\n<li>harmaa = ty\u00f6t\u00e4 ei ole aloitettu<\/li>\n\n\n\n<li>vihre\u00e4 = ty\u00f6 on edennyt alle nelj\u00e4 viikkoa sitten<\/li>\n\n\n\n<li>oranssi = ty\u00f6 ei ole edennyt 4-8 viikkoon<\/li>\n\n\n\n<li>punainen = ty\u00f6 ei ole edennyt yli 8 viikkoon<\/li>\n<\/ul>\n\n\n\n<figure class=\"wp-block-image size-full\"><img decoding=\"async\" src=\"https:\/\/help.jamk.fi\/opinnaytetyon-ohjaus\/wp-content\/uploads\/sites\/110\/2023\/09\/Projektien-aktiivisuuden-seuranta.png\" alt=\"\" class=\"wp-image-1298\"\/><figcaption class=\"wp-element-caption\">Kuvio 2. Projektien aktiivisuuden seuranta<\/figcaption><\/figure>\n\n\n\n<h2 class=\"wp-block-heading\">Hakutoiminnot<\/h2>\n\n\n\n<p>Voit hakea opinn\u00e4ytet\u00f6it\u00e4 useasta eri n\u00e4kym\u00e4st\u00e4. Jokainen n\u00e4kym\u00e4 sis\u00e4lt\u00e4\u00e4 eri hakuehtoja. <\/p>\n\n\n\n<ul class=\"wp-block-list\">\n<li>Aktiiviset projektit -n\u00e4kym\u00e4ss\u00e4 voit hakea opinn\u00e4ytet\u00f6it\u00e4 koulutusohjelmittain tai koulutusmuodoittain.<\/li>\n\n\n\n<li>Raporttin\u00e4kym\u00e4ss\u00e4 ei ole varsinaisia hakuehtoja, mutta saat sielt\u00e4 tilastoja eri vaiheissa olevista opinn\u00e4ytet\u00f6ist\u00e4 koulutusohjelmittain. Huomaa, ett\u00e4 saat tiedot my\u00f6s Exceliin.<\/li>\n\n\n\n<li>Arkistoidut ty\u00f6t -n\u00e4kym\u00e4ss\u00e4 voit hakea jo valmistuneita opinn\u00e4ytet\u00f6it\u00e4 koulutusohjelmittain tai koulutusmuodoittain sek\u00e4 arkistointip\u00e4iv\u00e4m\u00e4\u00e4r\u00e4ll\u00e4.<\/li>\n\n\n\n<li>Projektien haku -n\u00e4kym\u00e4ss\u00e4 on kaikkein monipuolisimmat hakuehdot. Voit hakea opinn\u00e4ytet\u00f6it\u00e4 opiskelijan nimell\u00e4, opiskelijanumerolla, koulutusohjelmalla, Y-tunnuksella (jos toimeksiantajan tiedot on sy\u00f6tetty), ohjaajan nimell\u00e4, arkistointip\u00e4iv\u00e4m\u00e4\u00e4r\u00e4ll\u00e4 sek\u00e4 saapumisryhm\u00e4ll\u00e4. Voit hakea my\u00f6s luonnoksia.<\/li>\n<\/ul>\n","protected":false},"excerpt":{"rendered":"<p>Koordinaattorina voit seurata opinn\u00e4ytet\u00f6iden etenemist\u00e4 tutkinto-ohjelmatasolla Wihin yl\u00e4valikon Raporttin\u00e4kym\u00e4st\u00e4 (kuvio 1). Opinn\u00e4ytet\u00f6iden etenemist\u00e4 ja niiden aktiivisuutta voi seurata my\u00f6s Aktiiviset projektit -v\u00e4lilehdell\u00e4 (kuvio 2). Aktiivisuus-sarakkeessa oleva v\u00e4rikoodi kertoo ty\u00f6n etenemisest\u00e4 seuraavasti: Hakutoiminnot Voit hakea opinn\u00e4ytet\u00f6it\u00e4 useasta eri n\u00e4kym\u00e4st\u00e4. Jokainen n\u00e4kym\u00e4 sis\u00e4lt\u00e4\u00e4 eri hakuehtoja.<\/p>\n","protected":false},"author":79,"featured_media":0,"parent":231,"menu_order":6,"comment_status":"closed","ping_status":"closed","template":"","meta":{"_acf_changed":false,"_relevanssi_hide_post":"","_relevanssi_hide_content":"","_relevanssi_pin_for_all":"","_relevanssi_pin_keywords":"","_relevanssi_unpin_keywords":"","_relevanssi_related_keywords":"","_relevanssi_related_include_ids":"","_relevanssi_related_exclude_ids":"","_relevanssi_related_no_append":"","_relevanssi_related_not_related":"","_relevanssi_related_posts":"","_relevanssi_noindex_reason":"","footnotes":""},"categories":[1],"tags":[],"class_list":["post-416","page","type-page","status-publish","hentry","category-yleinen"],"acf":[],"yoast_head":"<!-- This site is optimized with the Yoast SEO plugin v27.3 - https:\/\/yoast.com\/product\/yoast-seo-wordpress\/ -->\n<title>11.5 Opinn\u00e4ytet\u00f6iden etenemisen seuranta ja hakutoiminnot - Thesis Supervisor&#039;s Handbook<\/title>\n<meta name=\"robots\" content=\"index, follow, max-snippet:-1, max-image-preview:large, max-video-preview:-1\" \/>\n<link rel=\"canonical\" href=\"https:\/\/help.jamk.fi\/opinnaytetyon-ohjaus\/fi\/wihi-ohjeet-koordinaattorille\/etenemisen-seuranta\/\" \/>\n<meta property=\"og:locale\" content=\"fi_FI\" \/>\n<meta property=\"og:type\" content=\"article\" \/>\n<meta property=\"og:title\" content=\"11.5 Opinn\u00e4ytet\u00f6iden etenemisen seuranta ja hakutoiminnot - Thesis Supervisor&#039;s Handbook\" \/>\n<meta property=\"og:description\" content=\"Koordinaattorina voit seurata opinn\u00e4ytet\u00f6iden etenemist\u00e4 tutkinto-ohjelmatasolla Wihin yl\u00e4valikon Raporttin\u00e4kym\u00e4st\u00e4 (kuvio 1). Opinn\u00e4ytet\u00f6iden etenemist\u00e4 ja niiden aktiivisuutta voi seurata my\u00f6s Aktiiviset projektit -v\u00e4lilehdell\u00e4 (kuvio 2). Aktiivisuus-sarakkeessa oleva v\u00e4rikoodi kertoo ty\u00f6n etenemisest\u00e4 seuraavasti: Hakutoiminnot Voit hakea opinn\u00e4ytet\u00f6it\u00e4 useasta eri n\u00e4kym\u00e4st\u00e4. Jokainen n\u00e4kym\u00e4 sis\u00e4lt\u00e4\u00e4 eri hakuehtoja.\" \/>\n<meta property=\"og:url\" content=\"https:\/\/help.jamk.fi\/opinnaytetyon-ohjaus\/fi\/wihi-ohjeet-koordinaattorille\/etenemisen-seuranta\/\" \/>\n<meta property=\"og:site_name\" content=\"Thesis Supervisor&#039;s Handbook\" \/>\n<meta property=\"article:modified_time\" content=\"2023-12-21T12:50:23+00:00\" \/>\n<meta property=\"og:image\" content=\"https:\/\/help.jamk.fi\/opinnaytetyon-ohjaus\/wp-content\/uploads\/sites\/110\/2023\/09\/Wihin-raporttinakyma.png\" \/>\n<meta name=\"twitter:card\" content=\"summary_large_image\" \/>\n<meta name=\"twitter:label1\" content=\"Arvioitu lukuaika\" \/>\n\t<meta name=\"twitter:data1\" content=\"2 minuuttia\" \/>\n<script type=\"application\/ld+json\" class=\"yoast-schema-graph\">{\"@context\":\"https:\\\/\\\/schema.org\",\"@graph\":[{\"@type\":\"WebPage\",\"@id\":\"https:\\\/\\\/help.jamk.fi\\\/opinnaytetyon-ohjaus\\\/fi\\\/wihi-ohjeet-koordinaattorille\\\/etenemisen-seuranta\\\/\",\"url\":\"https:\\\/\\\/help.jamk.fi\\\/opinnaytetyon-ohjaus\\\/fi\\\/wihi-ohjeet-koordinaattorille\\\/etenemisen-seuranta\\\/\",\"name\":\"11.5 Opinn\u00e4ytet\u00f6iden etenemisen seuranta ja hakutoiminnot - Thesis Supervisor&#039;s Handbook\",\"isPartOf\":{\"@id\":\"https:\\\/\\\/help.jamk.fi\\\/opinnaytetyon-ohjaus\\\/#website\"},\"primaryImageOfPage\":{\"@id\":\"https:\\\/\\\/help.jamk.fi\\\/opinnaytetyon-ohjaus\\\/fi\\\/wihi-ohjeet-koordinaattorille\\\/etenemisen-seuranta\\\/#primaryimage\"},\"image\":{\"@id\":\"https:\\\/\\\/help.jamk.fi\\\/opinnaytetyon-ohjaus\\\/fi\\\/wihi-ohjeet-koordinaattorille\\\/etenemisen-seuranta\\\/#primaryimage\"},\"thumbnailUrl\":\"https:\\\/\\\/help.jamk.fi\\\/opinnaytetyon-ohjaus\\\/wp-content\\\/uploads\\\/sites\\\/110\\\/2023\\\/09\\\/Wihin-raporttinakyma.png\",\"datePublished\":\"2022-09-22T06:15:28+00:00\",\"dateModified\":\"2023-12-21T12:50:23+00:00\",\"breadcrumb\":{\"@id\":\"https:\\\/\\\/help.jamk.fi\\\/opinnaytetyon-ohjaus\\\/fi\\\/wihi-ohjeet-koordinaattorille\\\/etenemisen-seuranta\\\/#breadcrumb\"},\"inLanguage\":\"fi\",\"potentialAction\":[{\"@type\":\"ReadAction\",\"target\":[\"https:\\\/\\\/help.jamk.fi\\\/opinnaytetyon-ohjaus\\\/fi\\\/wihi-ohjeet-koordinaattorille\\\/etenemisen-seuranta\\\/\"]}]},{\"@type\":\"ImageObject\",\"inLanguage\":\"fi\",\"@id\":\"https:\\\/\\\/help.jamk.fi\\\/opinnaytetyon-ohjaus\\\/fi\\\/wihi-ohjeet-koordinaattorille\\\/etenemisen-seuranta\\\/#primaryimage\",\"url\":\"https:\\\/\\\/help.jamk.fi\\\/opinnaytetyon-ohjaus\\\/wp-content\\\/uploads\\\/sites\\\/110\\\/2023\\\/09\\\/Wihin-raporttinakyma.png\",\"contentUrl\":\"https:\\\/\\\/help.jamk.fi\\\/opinnaytetyon-ohjaus\\\/wp-content\\\/uploads\\\/sites\\\/110\\\/2023\\\/09\\\/Wihin-raporttinakyma.png\"},{\"@type\":\"BreadcrumbList\",\"@id\":\"https:\\\/\\\/help.jamk.fi\\\/opinnaytetyon-ohjaus\\\/fi\\\/wihi-ohjeet-koordinaattorille\\\/etenemisen-seuranta\\\/#breadcrumb\",\"itemListElement\":[{\"@type\":\"ListItem\",\"position\":1,\"name\":\"Etusivu\",\"item\":\"https:\\\/\\\/help.jamk.fi\\\/opinnaytetyon-ohjaus\\\/fi\\\/\"},{\"@type\":\"ListItem\",\"position\":2,\"name\":\"11 Wihi-ohjeet koordinaattorille\",\"item\":\"https:\\\/\\\/help.jamk.fi\\\/opinnaytetyon-ohjaus\\\/fi\\\/wihi-ohjeet-koordinaattorille\\\/\"},{\"@type\":\"ListItem\",\"position\":3,\"name\":\"11.5 Opinn\u00e4ytet\u00f6iden etenemisen seuranta ja hakutoiminnot\"}]},{\"@type\":\"WebSite\",\"@id\":\"https:\\\/\\\/help.jamk.fi\\\/opinnaytetyon-ohjaus\\\/#website\",\"url\":\"https:\\\/\\\/help.jamk.fi\\\/opinnaytetyon-ohjaus\\\/\",\"name\":\"Thesis Supervisor&#039;s Handbook\",\"description\":\"Opinn\u00e4ytety\u00f6n ohjaajan k\u00e4sikirja ja vinkkipankki\",\"potentialAction\":[{\"@type\":\"SearchAction\",\"target\":{\"@type\":\"EntryPoint\",\"urlTemplate\":\"https:\\\/\\\/help.jamk.fi\\\/opinnaytetyon-ohjaus\\\/?s={search_term_string}\"},\"query-input\":{\"@type\":\"PropertyValueSpecification\",\"valueRequired\":true,\"valueName\":\"search_term_string\"}}],\"inLanguage\":\"fi\"}]}<\/script>\n<!-- \/ Yoast SEO plugin. -->","yoast_head_json":{"title":"11.5 Opinn\u00e4ytet\u00f6iden etenemisen seuranta ja hakutoiminnot - Thesis Supervisor&#039;s Handbook","robots":{"index":"index","follow":"follow","max-snippet":"max-snippet:-1","max-image-preview":"max-image-preview:large","max-video-preview":"max-video-preview:-1"},"canonical":"https:\/\/help.jamk.fi\/opinnaytetyon-ohjaus\/fi\/wihi-ohjeet-koordinaattorille\/etenemisen-seuranta\/","og_locale":"fi_FI","og_type":"article","og_title":"11.5 Opinn\u00e4ytet\u00f6iden etenemisen seuranta ja hakutoiminnot - Thesis Supervisor&#039;s Handbook","og_description":"Koordinaattorina voit seurata opinn\u00e4ytet\u00f6iden etenemist\u00e4 tutkinto-ohjelmatasolla Wihin yl\u00e4valikon Raporttin\u00e4kym\u00e4st\u00e4 (kuvio 1). Opinn\u00e4ytet\u00f6iden etenemist\u00e4 ja niiden aktiivisuutta voi seurata my\u00f6s Aktiiviset projektit -v\u00e4lilehdell\u00e4 (kuvio 2). Aktiivisuus-sarakkeessa oleva v\u00e4rikoodi kertoo ty\u00f6n etenemisest\u00e4 seuraavasti: Hakutoiminnot Voit hakea opinn\u00e4ytet\u00f6it\u00e4 useasta eri n\u00e4kym\u00e4st\u00e4. Jokainen n\u00e4kym\u00e4 sis\u00e4lt\u00e4\u00e4 eri hakuehtoja.","og_url":"https:\/\/help.jamk.fi\/opinnaytetyon-ohjaus\/fi\/wihi-ohjeet-koordinaattorille\/etenemisen-seuranta\/","og_site_name":"Thesis Supervisor&#039;s Handbook","article_modified_time":"2023-12-21T12:50:23+00:00","og_image":[{"url":"https:\/\/help.jamk.fi\/opinnaytetyon-ohjaus\/wp-content\/uploads\/sites\/110\/2023\/09\/Wihin-raporttinakyma.png","type":"","width":"","height":""}],"twitter_card":"summary_large_image","twitter_misc":{"Arvioitu lukuaika":"2 minuuttia"},"schema":{"@context":"https:\/\/schema.org","@graph":[{"@type":"WebPage","@id":"https:\/\/help.jamk.fi\/opinnaytetyon-ohjaus\/fi\/wihi-ohjeet-koordinaattorille\/etenemisen-seuranta\/","url":"https:\/\/help.jamk.fi\/opinnaytetyon-ohjaus\/fi\/wihi-ohjeet-koordinaattorille\/etenemisen-seuranta\/","name":"11.5 Opinn\u00e4ytet\u00f6iden etenemisen seuranta ja hakutoiminnot - Thesis Supervisor&#039;s Handbook","isPartOf":{"@id":"https:\/\/help.jamk.fi\/opinnaytetyon-ohjaus\/#website"},"primaryImageOfPage":{"@id":"https:\/\/help.jamk.fi\/opinnaytetyon-ohjaus\/fi\/wihi-ohjeet-koordinaattorille\/etenemisen-seuranta\/#primaryimage"},"image":{"@id":"https:\/\/help.jamk.fi\/opinnaytetyon-ohjaus\/fi\/wihi-ohjeet-koordinaattorille\/etenemisen-seuranta\/#primaryimage"},"thumbnailUrl":"https:\/\/help.jamk.fi\/opinnaytetyon-ohjaus\/wp-content\/uploads\/sites\/110\/2023\/09\/Wihin-raporttinakyma.png","datePublished":"2022-09-22T06:15:28+00:00","dateModified":"2023-12-21T12:50:23+00:00","breadcrumb":{"@id":"https:\/\/help.jamk.fi\/opinnaytetyon-ohjaus\/fi\/wihi-ohjeet-koordinaattorille\/etenemisen-seuranta\/#breadcrumb"},"inLanguage":"fi","potentialAction":[{"@type":"ReadAction","target":["https:\/\/help.jamk.fi\/opinnaytetyon-ohjaus\/fi\/wihi-ohjeet-koordinaattorille\/etenemisen-seuranta\/"]}]},{"@type":"ImageObject","inLanguage":"fi","@id":"https:\/\/help.jamk.fi\/opinnaytetyon-ohjaus\/fi\/wihi-ohjeet-koordinaattorille\/etenemisen-seuranta\/#primaryimage","url":"https:\/\/help.jamk.fi\/opinnaytetyon-ohjaus\/wp-content\/uploads\/sites\/110\/2023\/09\/Wihin-raporttinakyma.png","contentUrl":"https:\/\/help.jamk.fi\/opinnaytetyon-ohjaus\/wp-content\/uploads\/sites\/110\/2023\/09\/Wihin-raporttinakyma.png"},{"@type":"BreadcrumbList","@id":"https:\/\/help.jamk.fi\/opinnaytetyon-ohjaus\/fi\/wihi-ohjeet-koordinaattorille\/etenemisen-seuranta\/#breadcrumb","itemListElement":[{"@type":"ListItem","position":1,"name":"Etusivu","item":"https:\/\/help.jamk.fi\/opinnaytetyon-ohjaus\/fi\/"},{"@type":"ListItem","position":2,"name":"11 Wihi-ohjeet koordinaattorille","item":"https:\/\/help.jamk.fi\/opinnaytetyon-ohjaus\/fi\/wihi-ohjeet-koordinaattorille\/"},{"@type":"ListItem","position":3,"name":"11.5 Opinn\u00e4ytet\u00f6iden etenemisen seuranta ja hakutoiminnot"}]},{"@type":"WebSite","@id":"https:\/\/help.jamk.fi\/opinnaytetyon-ohjaus\/#website","url":"https:\/\/help.jamk.fi\/opinnaytetyon-ohjaus\/","name":"Thesis Supervisor&#039;s Handbook","description":"Opinn\u00e4ytety\u00f6n ohjaajan k\u00e4sikirja ja vinkkipankki","potentialAction":[{"@type":"SearchAction","target":{"@type":"EntryPoint","urlTemplate":"https:\/\/help.jamk.fi\/opinnaytetyon-ohjaus\/?s={search_term_string}"},"query-input":{"@type":"PropertyValueSpecification","valueRequired":true,"valueName":"search_term_string"}}],"inLanguage":"fi"}]}},"_links":{"self":[{"href":"https:\/\/help.jamk.fi\/opinnaytetyon-ohjaus\/wp-json\/wp\/v2\/pages\/416","targetHints":{"allow":["GET"]}}],"collection":[{"href":"https:\/\/help.jamk.fi\/opinnaytetyon-ohjaus\/wp-json\/wp\/v2\/pages"}],"about":[{"href":"https:\/\/help.jamk.fi\/opinnaytetyon-ohjaus\/wp-json\/wp\/v2\/types\/page"}],"author":[{"embeddable":true,"href":"https:\/\/help.jamk.fi\/opinnaytetyon-ohjaus\/wp-json\/wp\/v2\/users\/79"}],"replies":[{"embeddable":true,"href":"https:\/\/help.jamk.fi\/opinnaytetyon-ohjaus\/wp-json\/wp\/v2\/comments?post=416"}],"version-history":[{"count":9,"href":"https:\/\/help.jamk.fi\/opinnaytetyon-ohjaus\/wp-json\/wp\/v2\/pages\/416\/revisions"}],"predecessor-version":[{"id":1566,"href":"https:\/\/help.jamk.fi\/opinnaytetyon-ohjaus\/wp-json\/wp\/v2\/pages\/416\/revisions\/1566"}],"up":[{"embeddable":true,"href":"https:\/\/help.jamk.fi\/opinnaytetyon-ohjaus\/wp-json\/wp\/v2\/pages\/231"}],"wp:attachment":[{"href":"https:\/\/help.jamk.fi\/opinnaytetyon-ohjaus\/wp-json\/wp\/v2\/media?parent=416"}],"wp:term":[{"taxonomy":"category","embeddable":true,"href":"https:\/\/help.jamk.fi\/opinnaytetyon-ohjaus\/wp-json\/wp\/v2\/categories?post=416"},{"taxonomy":"post_tag","embeddable":true,"href":"https:\/\/help.jamk.fi\/opinnaytetyon-ohjaus\/wp-json\/wp\/v2\/tags?post=416"}],"curies":[{"name":"wp","href":"https:\/\/api.w.org\/{rel}","templated":true}]}}