{"id":485,"date":"2022-09-28T12:19:18","date_gmt":"2022-09-28T09:19:18","guid":{"rendered":"https:\/\/help.jamk.fi\/yamk-kasikirja\/wihi-instructions-for-thesis-tutors-2\/accepting-phase\/"},"modified":"2025-08-28T09:41:15","modified_gmt":"2025-08-28T06:41:15","slug":"accepting-phase","status":"publish","type":"page","link":"https:\/\/help.jamk.fi\/opinnaytetyon-ohjaus\/en\/wihi-instructions-for-thesis-tutors-2\/accepting-phase\/","title":{"rendered":"10.5 Accepting a phase and study attainments"},"content":{"rendered":"\n<p>The student must create and complete the tasks related to each phase. The assignments can be found in the student\u2019s thesis guide. The thesis tutor approves the phase in Wihi when all tasks related to the phase have been completed. See more detailed instructions on the Phase approval and study attainments page.<\/p>\n\n\n\n<p>Accept a phase with the <strong>Accept<\/strong> <strong>phase <\/strong>-button (Figure 1).<\/p>\n\n\n\n<figure class=\"wp-block-image size-large\"><img decoding=\"async\" src=\"https:\/\/help.jamk.fi\/opinnaytetyon-ohjaus\/wp-content\/uploads\/sites\/110\/2023\/09\/Phase-accepting.png\" alt=\"\" class=\"wp-image-1164\"\/><figcaption class=\"wp-element-caption\">Figure 1. Phase accepting<\/figcaption><\/figure>\n\n\n\n<p>When you accept the phase, a study attainment for the student&#8217;s thesis course is transferred to Peppi:<\/p>\n\n\n\n<ul class=\"wp-block-list\">\n<li>Thesis 1\/3 &gt; Bachelor\u2019s Thesis, Planning (3 cr) or Master\u2019s Thesis, Planning (7 cr)<\/li>\n\n\n\n<li>Thesis 2\/3 &gt; Bachelor\u2019s Thesis, Implementation (6 cr) or Master\u2019s Thesis, Implementation (10 cr)<\/li>\n\n\n\n<li>Thesis 3\/3 &gt; Bachelor\u2019s Thesis, Reporting and Assessment (4 cr) or Master\u2019s Thesis, Reporting (10 cr)<\/li>\n<\/ul>\n\n\n\n<p>See the instructions for approving phase 3\/3 on the Thesis assessment and assessment form -page.<\/p>\n\n\n\n<p>If you have a need to skip transferring the study attainment, you can do so by checking the box <strong>Don\u2019t create accomplishment to student registry<\/strong> (Figure 2). Use this <strong>only in cases<\/strong>, where the student already has the credits in Peppi.  <\/p>\n\n\n\n<p>In connection with the approval of thesis phase 1\/3, you must enter the R&amp;D credits for the thesis, which will also be transferred to Peppi (Figure 2). If the thesis has been made for a project, the entire number of thesis credits is recorded as a R&amp;D credits (15 ECTS credits or 30 ECTS credits). Otherwise 0 ECTS credits.<\/p>\n\n\n\n<figure class=\"wp-block-image size-full\"><img decoding=\"async\" src=\"https:\/\/help.jamk.fi\/opinnaytetyon-ohjaus\/wp-content\/uploads\/sites\/110\/2023\/09\/Skipping-transferring-the-study-attainment.png\" alt=\"\" class=\"wp-image-1167\"\/><figcaption class=\"wp-element-caption\">Figure 2. Phase accepting and entering R&amp;D credits<\/figcaption><\/figure>\n\n\n\n<p>NOTE: After the phase is approved, the tasks left open are displayed in Wihi on the student&#8217;s desktop in the same place as in the previous phase.<\/p>\n\n\n\n<h2 class=\"wp-block-heading\">Opening the phase<\/h2>\n\n\n\n<p>The coordinator can open the phases that have already been accepted: 1\/3, 2\/3 or 3\/3 (opening the assessment). If there are comments, activity notes or tasks in the next phase, the comments and tasks move to a phase that is being opened.<\/p>\n\n\n\n<p>NOTE: Opening a phase does not delete study attainments or grades that have already been transferred to Peppi.<\/p>\n\n\n\n<h2 class=\"wp-block-heading\">Links<\/h2>\n\n\n\n<p><\/p>\n\n\n\n<p><a href=\"https:\/\/help.jamk.fi\/opinnaytetyon-ohjaus\/en\/wihi-instructions-for-thesis-tutors-2\/thesis-assessment\/\">Thesis assessment and assessment form<\/a><\/p>\n","protected":false},"excerpt":{"rendered":"<p>The student must create and complete the tasks related to each phase. The assignments can be found in the student\u2019s thesis guide. The thesis tutor approves the phase in Wihi when all tasks related to the phase have been completed. See more detailed instructions on the Phase approval and study attainments page. Accept a phase [&hellip;]<\/p>\n","protected":false},"author":79,"featured_media":0,"parent":240,"menu_order":5,"comment_status":"closed","ping_status":"closed","template":"","meta":{"_acf_changed":false,"_relevanssi_hide_post":"","_relevanssi_hide_content":"","_relevanssi_pin_for_all":"","_relevanssi_pin_keywords":"","_relevanssi_unpin_keywords":"","_relevanssi_related_keywords":"","_relevanssi_related_include_ids":"","_relevanssi_related_exclude_ids":"","_relevanssi_related_no_append":"","_relevanssi_related_not_related":"","_relevanssi_related_posts":"","_relevanssi_noindex_reason":"","footnotes":""},"categories":[16],"tags":[],"class_list":["post-485","page","type-page","status-publish","hentry","category-uncategorized-en"],"acf":[],"yoast_head":"<!-- This site is optimized with the Yoast SEO plugin v27.4 - https:\/\/yoast.com\/product\/yoast-seo-wordpress\/ -->\n<title>10.5 Accepting a phase and study attainments - Thesis Supervisor&#039;s Handbook<\/title>\n<meta name=\"robots\" content=\"index, follow, max-snippet:-1, max-image-preview:large, max-video-preview:-1\" \/>\n<link rel=\"canonical\" href=\"https:\/\/help.jamk.fi\/opinnaytetyon-ohjaus\/en\/wihi-instructions-for-thesis-tutors-2\/accepting-phase\/\" \/>\n<meta property=\"og:locale\" content=\"fi_FI\" \/>\n<meta property=\"og:type\" content=\"article\" \/>\n<meta property=\"og:title\" content=\"10.5 Accepting a phase and study attainments - Thesis Supervisor&#039;s Handbook\" \/>\n<meta property=\"og:description\" content=\"The student must create and complete the tasks related to each phase. The assignments can be found in the student\u2019s thesis guide. The thesis tutor approves the phase in Wihi when all tasks related to the phase have been completed. See more detailed instructions on the Phase approval and study attainments page. Accept a phase [&hellip;]\" \/>\n<meta property=\"og:url\" content=\"https:\/\/help.jamk.fi\/opinnaytetyon-ohjaus\/en\/wihi-instructions-for-thesis-tutors-2\/accepting-phase\/\" \/>\n<meta property=\"og:site_name\" content=\"Thesis Supervisor&#039;s Handbook\" \/>\n<meta property=\"article:modified_time\" content=\"2025-08-28T06:41:15+00:00\" \/>\n<meta name=\"twitter:card\" content=\"summary_large_image\" \/>\n<meta name=\"twitter:label1\" content=\"Arvioitu lukuaika\" \/>\n\t<meta name=\"twitter:data1\" content=\"3 minuuttia\" \/>\n<script type=\"application\/ld+json\" class=\"yoast-schema-graph\">{\"@context\":\"https:\\\/\\\/schema.org\",\"@graph\":[{\"@type\":\"WebPage\",\"@id\":\"https:\\\/\\\/help.jamk.fi\\\/opinnaytetyon-ohjaus\\\/en\\\/wihi-instructions-for-thesis-tutors-2\\\/accepting-phase\\\/\",\"url\":\"https:\\\/\\\/help.jamk.fi\\\/opinnaytetyon-ohjaus\\\/en\\\/wihi-instructions-for-thesis-tutors-2\\\/accepting-phase\\\/\",\"name\":\"10.5 Accepting a phase and study attainments - Thesis Supervisor&#039;s Handbook\",\"isPartOf\":{\"@id\":\"https:\\\/\\\/help.jamk.fi\\\/opinnaytetyon-ohjaus\\\/#website\"},\"primaryImageOfPage\":{\"@id\":\"https:\\\/\\\/help.jamk.fi\\\/opinnaytetyon-ohjaus\\\/en\\\/wihi-instructions-for-thesis-tutors-2\\\/accepting-phase\\\/#primaryimage\"},\"image\":{\"@id\":\"https:\\\/\\\/help.jamk.fi\\\/opinnaytetyon-ohjaus\\\/en\\\/wihi-instructions-for-thesis-tutors-2\\\/accepting-phase\\\/#primaryimage\"},\"thumbnailUrl\":\"https:\\\/\\\/help.jamk.fi\\\/opinnaytetyon-ohjaus\\\/wp-content\\\/uploads\\\/sites\\\/110\\\/2023\\\/09\\\/Phase-accepting.png\",\"datePublished\":\"2022-09-28T09:19:18+00:00\",\"dateModified\":\"2025-08-28T06:41:15+00:00\",\"breadcrumb\":{\"@id\":\"https:\\\/\\\/help.jamk.fi\\\/opinnaytetyon-ohjaus\\\/en\\\/wihi-instructions-for-thesis-tutors-2\\\/accepting-phase\\\/#breadcrumb\"},\"inLanguage\":\"fi\",\"potentialAction\":[{\"@type\":\"ReadAction\",\"target\":[\"https:\\\/\\\/help.jamk.fi\\\/opinnaytetyon-ohjaus\\\/en\\\/wihi-instructions-for-thesis-tutors-2\\\/accepting-phase\\\/\"]}]},{\"@type\":\"ImageObject\",\"inLanguage\":\"fi\",\"@id\":\"https:\\\/\\\/help.jamk.fi\\\/opinnaytetyon-ohjaus\\\/en\\\/wihi-instructions-for-thesis-tutors-2\\\/accepting-phase\\\/#primaryimage\",\"url\":\"https:\\\/\\\/help.jamk.fi\\\/opinnaytetyon-ohjaus\\\/wp-content\\\/uploads\\\/sites\\\/110\\\/2023\\\/09\\\/Phase-accepting.png\",\"contentUrl\":\"https:\\\/\\\/help.jamk.fi\\\/opinnaytetyon-ohjaus\\\/wp-content\\\/uploads\\\/sites\\\/110\\\/2023\\\/09\\\/Phase-accepting.png\"},{\"@type\":\"BreadcrumbList\",\"@id\":\"https:\\\/\\\/help.jamk.fi\\\/opinnaytetyon-ohjaus\\\/en\\\/wihi-instructions-for-thesis-tutors-2\\\/accepting-phase\\\/#breadcrumb\",\"itemListElement\":[{\"@type\":\"ListItem\",\"position\":1,\"name\":\"Etusivu\",\"item\":\"https:\\\/\\\/help.jamk.fi\\\/opinnaytetyon-ohjaus\\\/fi\\\/\"},{\"@type\":\"ListItem\",\"position\":2,\"name\":\"10 Wihi instructions for thesis advisors\",\"item\":\"https:\\\/\\\/help.jamk.fi\\\/opinnaytetyon-ohjaus\\\/en\\\/wihi-instructions-for-thesis-tutors-2\\\/\"},{\"@type\":\"ListItem\",\"position\":3,\"name\":\"10.5 Accepting a phase and study attainments\"}]},{\"@type\":\"WebSite\",\"@id\":\"https:\\\/\\\/help.jamk.fi\\\/opinnaytetyon-ohjaus\\\/#website\",\"url\":\"https:\\\/\\\/help.jamk.fi\\\/opinnaytetyon-ohjaus\\\/\",\"name\":\"Thesis Supervisor&#039;s Handbook\",\"description\":\"Opinn\u00e4ytety\u00f6n ohjaajan k\u00e4sikirja ja vinkkipankki\",\"potentialAction\":[{\"@type\":\"SearchAction\",\"target\":{\"@type\":\"EntryPoint\",\"urlTemplate\":\"https:\\\/\\\/help.jamk.fi\\\/opinnaytetyon-ohjaus\\\/?s={search_term_string}\"},\"query-input\":{\"@type\":\"PropertyValueSpecification\",\"valueRequired\":true,\"valueName\":\"search_term_string\"}}],\"inLanguage\":\"fi\"}]}<\/script>\n<!-- \/ Yoast SEO plugin. -->","yoast_head_json":{"title":"10.5 Accepting a phase and study attainments - Thesis Supervisor&#039;s Handbook","robots":{"index":"index","follow":"follow","max-snippet":"max-snippet:-1","max-image-preview":"max-image-preview:large","max-video-preview":"max-video-preview:-1"},"canonical":"https:\/\/help.jamk.fi\/opinnaytetyon-ohjaus\/en\/wihi-instructions-for-thesis-tutors-2\/accepting-phase\/","og_locale":"fi_FI","og_type":"article","og_title":"10.5 Accepting a phase and study attainments - Thesis Supervisor&#039;s Handbook","og_description":"The student must create and complete the tasks related to each phase. The assignments can be found in the student\u2019s thesis guide. The thesis tutor approves the phase in Wihi when all tasks related to the phase have been completed. See more detailed instructions on the Phase approval and study attainments page. Accept a phase [&hellip;]","og_url":"https:\/\/help.jamk.fi\/opinnaytetyon-ohjaus\/en\/wihi-instructions-for-thesis-tutors-2\/accepting-phase\/","og_site_name":"Thesis Supervisor&#039;s Handbook","article_modified_time":"2025-08-28T06:41:15+00:00","twitter_card":"summary_large_image","twitter_misc":{"Arvioitu lukuaika":"3 minuuttia"},"schema":{"@context":"https:\/\/schema.org","@graph":[{"@type":"WebPage","@id":"https:\/\/help.jamk.fi\/opinnaytetyon-ohjaus\/en\/wihi-instructions-for-thesis-tutors-2\/accepting-phase\/","url":"https:\/\/help.jamk.fi\/opinnaytetyon-ohjaus\/en\/wihi-instructions-for-thesis-tutors-2\/accepting-phase\/","name":"10.5 Accepting a phase and study attainments - Thesis Supervisor&#039;s Handbook","isPartOf":{"@id":"https:\/\/help.jamk.fi\/opinnaytetyon-ohjaus\/#website"},"primaryImageOfPage":{"@id":"https:\/\/help.jamk.fi\/opinnaytetyon-ohjaus\/en\/wihi-instructions-for-thesis-tutors-2\/accepting-phase\/#primaryimage"},"image":{"@id":"https:\/\/help.jamk.fi\/opinnaytetyon-ohjaus\/en\/wihi-instructions-for-thesis-tutors-2\/accepting-phase\/#primaryimage"},"thumbnailUrl":"https:\/\/help.jamk.fi\/opinnaytetyon-ohjaus\/wp-content\/uploads\/sites\/110\/2023\/09\/Phase-accepting.png","datePublished":"2022-09-28T09:19:18+00:00","dateModified":"2025-08-28T06:41:15+00:00","breadcrumb":{"@id":"https:\/\/help.jamk.fi\/opinnaytetyon-ohjaus\/en\/wihi-instructions-for-thesis-tutors-2\/accepting-phase\/#breadcrumb"},"inLanguage":"fi","potentialAction":[{"@type":"ReadAction","target":["https:\/\/help.jamk.fi\/opinnaytetyon-ohjaus\/en\/wihi-instructions-for-thesis-tutors-2\/accepting-phase\/"]}]},{"@type":"ImageObject","inLanguage":"fi","@id":"https:\/\/help.jamk.fi\/opinnaytetyon-ohjaus\/en\/wihi-instructions-for-thesis-tutors-2\/accepting-phase\/#primaryimage","url":"https:\/\/help.jamk.fi\/opinnaytetyon-ohjaus\/wp-content\/uploads\/sites\/110\/2023\/09\/Phase-accepting.png","contentUrl":"https:\/\/help.jamk.fi\/opinnaytetyon-ohjaus\/wp-content\/uploads\/sites\/110\/2023\/09\/Phase-accepting.png"},{"@type":"BreadcrumbList","@id":"https:\/\/help.jamk.fi\/opinnaytetyon-ohjaus\/en\/wihi-instructions-for-thesis-tutors-2\/accepting-phase\/#breadcrumb","itemListElement":[{"@type":"ListItem","position":1,"name":"Etusivu","item":"https:\/\/help.jamk.fi\/opinnaytetyon-ohjaus\/fi\/"},{"@type":"ListItem","position":2,"name":"10 Wihi instructions for thesis advisors","item":"https:\/\/help.jamk.fi\/opinnaytetyon-ohjaus\/en\/wihi-instructions-for-thesis-tutors-2\/"},{"@type":"ListItem","position":3,"name":"10.5 Accepting a phase and study attainments"}]},{"@type":"WebSite","@id":"https:\/\/help.jamk.fi\/opinnaytetyon-ohjaus\/#website","url":"https:\/\/help.jamk.fi\/opinnaytetyon-ohjaus\/","name":"Thesis Supervisor&#039;s Handbook","description":"Opinn\u00e4ytety\u00f6n ohjaajan k\u00e4sikirja ja vinkkipankki","potentialAction":[{"@type":"SearchAction","target":{"@type":"EntryPoint","urlTemplate":"https:\/\/help.jamk.fi\/opinnaytetyon-ohjaus\/?s={search_term_string}"},"query-input":{"@type":"PropertyValueSpecification","valueRequired":true,"valueName":"search_term_string"}}],"inLanguage":"fi"}]}},"_links":{"self":[{"href":"https:\/\/help.jamk.fi\/opinnaytetyon-ohjaus\/wp-json\/wp\/v2\/pages\/485","targetHints":{"allow":["GET"]}}],"collection":[{"href":"https:\/\/help.jamk.fi\/opinnaytetyon-ohjaus\/wp-json\/wp\/v2\/pages"}],"about":[{"href":"https:\/\/help.jamk.fi\/opinnaytetyon-ohjaus\/wp-json\/wp\/v2\/types\/page"}],"author":[{"embeddable":true,"href":"https:\/\/help.jamk.fi\/opinnaytetyon-ohjaus\/wp-json\/wp\/v2\/users\/79"}],"replies":[{"embeddable":true,"href":"https:\/\/help.jamk.fi\/opinnaytetyon-ohjaus\/wp-json\/wp\/v2\/comments?post=485"}],"version-history":[{"count":12,"href":"https:\/\/help.jamk.fi\/opinnaytetyon-ohjaus\/wp-json\/wp\/v2\/pages\/485\/revisions"}],"predecessor-version":[{"id":1875,"href":"https:\/\/help.jamk.fi\/opinnaytetyon-ohjaus\/wp-json\/wp\/v2\/pages\/485\/revisions\/1875"}],"up":[{"embeddable":true,"href":"https:\/\/help.jamk.fi\/opinnaytetyon-ohjaus\/wp-json\/wp\/v2\/pages\/240"}],"wp:attachment":[{"href":"https:\/\/help.jamk.fi\/opinnaytetyon-ohjaus\/wp-json\/wp\/v2\/media?parent=485"}],"wp:term":[{"taxonomy":"category","embeddable":true,"href":"https:\/\/help.jamk.fi\/opinnaytetyon-ohjaus\/wp-json\/wp\/v2\/categories?post=485"},{"taxonomy":"post_tag","embeddable":true,"href":"https:\/\/help.jamk.fi\/opinnaytetyon-ohjaus\/wp-json\/wp\/v2\/tags?post=485"}],"curies":[{"name":"wp","href":"https:\/\/api.w.org\/{rel}","templated":true}]}}