{"id":566,"date":"2022-10-12T07:51:04","date_gmt":"2022-10-12T04:51:04","guid":{"rendered":"https:\/\/help.jamk.fi\/yamk-kasikirja\/wihi-instructions-for-thesis-coordinators\/accepting-topic-proposal\/"},"modified":"2023-12-21T11:44:05","modified_gmt":"2023-12-21T09:44:05","slug":"accepting-topic-proposal","status":"publish","type":"page","link":"https:\/\/help.jamk.fi\/opinnaytetyon-ohjaus\/en\/wihi-instructions-for-thesis-coordinators\/accepting-topic-proposal\/","title":{"rendered":"11.1 Accepting a topic proposal"},"content":{"rendered":"\n<p>A student starts working on his\/her thesis by submitting a topic proposal in Wihi. Once the student has saved the thesis proposal in Wihi, you can as a coordinator view it. You receive a notification of a new topic proposal to your email if you have defined so in Wihi settings (see instruction on the General information about Wihi page).<\/p>\n\n\n\n<p>NOTE. If you make a topic proposal on behalf of a student or a group of students and thus invite the student(s) to complete the thesis in Wihi, each student must separately accept the invitation to the project before you can accept the topic proposal and assign a thesis tutor for the project.<\/p>\n\n\n\n<h2 class=\"wp-block-heading\">A new topic proposal<\/h2>\n\n\n\n<p>The coordinator&#8217;s task is to accept the topic proposals made by the students of his\/her own degree program and to propose principal thesis tutors for them.<\/p>\n\n\n\n<p>You can view new thesis topic proposals on the Wihi front page (Figure 1). On the front page, you can view only recent topic proposals and last projects to advance. All sent topic proposals you can find on the Active projects tab. You can see and accept all topic proposals, but you should filter the topic proposals according to your own degree programme.<\/p>\n\n\n\n<figure class=\"wp-block-image size-large\"><img decoding=\"async\" src=\"https:\/\/help.jamk.fi\/opinnaytetyon-ohjaus\/wp-content\/uploads\/sites\/110\/2023\/09\/Coordinator-front-page-in-Wihi.png\" alt=\"\" class=\"wp-image-1303\"\/><figcaption class=\"wp-element-caption\">Figure 1. Coordinator front page<\/figcaption><\/figure>\n\n\n\n<p>To accept the topic proposal and choose a thesis tutor for it, click on the name of the thesis, which will take you to the project view to check the topic proposal written by the student. The topic proposal appears on the right side of the window under the heading Thesis information. On the right side, you can also see the information of the student, tutor (advising) and possible company.<\/p>\n\n\n\n<p id=\"tw-target-text\">With <strong>Accept<\/strong> button at the top of the project view, you can accept the student&#8217;s topic proposal (Figure 2).<\/p>\n\n\n\n<p>You cannot reject the topic proposal, but you can communicate with the student and suggest changes or improvements to the topic proposal before accepting it. You can communicate with the student by using <strong>Create comment<\/strong> button in the project view. The student receives a notification of your messages to his\/her email.<\/p>\n\n\n\n<figure class=\"wp-block-image size-large\"><img decoding=\"async\" src=\"https:\/\/help.jamk.fi\/opinnaytetyon-ohjaus\/wp-content\/uploads\/sites\/110\/2023\/09\/Coordinator-project-view-before-the-topic-is-accepted.png\" alt=\"\" class=\"wp-image-1306\"\/><figcaption class=\"wp-element-caption\">Figure 2. Coordinator&#8217;s project view before the topic is accepted<\/figcaption><\/figure>\n\n\n\n<p>After accepting the topic, you select a thesis tutor for the work. This is done with <strong>Propose an advisor<\/strong> button (Figure 3).<\/p>\n\n\n\n<figure class=\"wp-block-image size-full\"><img decoding=\"async\" src=\"https:\/\/help.jamk.fi\/opinnaytetyon-ohjaus\/wp-content\/uploads\/sites\/110\/2023\/09\/Coordinator-proposes-a-thesis-tutor.png\" alt=\"\" class=\"wp-image-1313\"\/><figcaption class=\"wp-element-caption\">Figure 3. Coordinator proposes a thesis tutor<\/figcaption><\/figure>\n\n\n\n<p>In the Propose an advisor window, you select a thesis tutor and you can write a comment to the tutor (Figure 4). The tutor receives a notification to his\/her email after you have clicked <strong>Submit<\/strong> button (NOTE. The tutor can only see the comment in Wihi).<\/p>\n\n\n\n<figure class=\"wp-block-image size-full\"><img decoding=\"async\" src=\"https:\/\/help.jamk.fi\/opinnaytetyon-ohjaus\/wp-content\/uploads\/sites\/110\/2023\/09\/Propose-an-advisor-view.png\" alt=\"\" class=\"wp-image-1314\"\/><figcaption class=\"wp-element-caption\">Figure 4. Propose an advisor view<\/figcaption><\/figure>\n\n\n\n<p>The tutor can either accept the work to be guided or reject it. When rejecting the work, the topic proposal returns to the coordinator. When the tutor approves the work, the actual thesis process begins. The phases and tools in Wihi are displayed for both the student and the tutor.<\/p>\n\n\n\n<h2 class=\"wp-block-heading\">Links<\/h2>\n\n\n\n<p><a href=\"https:\/\/help.jamk.fi\/opinnaytetyon-ohjaus\/en\/wihi-instructions-for-thesis-tutors-2\/general-information\/\">General information about Wihi<\/a><\/p>\n","protected":false},"excerpt":{"rendered":"<p>A student starts working on his\/her thesis by submitting a topic proposal in Wihi. Once the student has saved the thesis proposal in Wihi, you can as a coordinator view it. You receive a notification of a new topic proposal to your email if you have defined so in Wihi settings (see instruction on the [&hellip;]<\/p>\n","protected":false},"author":79,"featured_media":0,"parent":243,"menu_order":1,"comment_status":"closed","ping_status":"closed","template":"","meta":{"_acf_changed":false,"_relevanssi_hide_post":"","_relevanssi_hide_content":"","_relevanssi_pin_for_all":"","_relevanssi_pin_keywords":"","_relevanssi_unpin_keywords":"","_relevanssi_related_keywords":"","_relevanssi_related_include_ids":"","_relevanssi_related_exclude_ids":"","_relevanssi_related_no_append":"","_relevanssi_related_not_related":"","_relevanssi_related_posts":"","_relevanssi_noindex_reason":"","footnotes":""},"categories":[16],"tags":[],"class_list":["post-566","page","type-page","status-publish","hentry","category-uncategorized-en"],"acf":[],"yoast_head":"<!-- This site is optimized with the Yoast SEO plugin v27.3 - https:\/\/yoast.com\/product\/yoast-seo-wordpress\/ -->\n<title>11.1 Accepting a topic proposal - Thesis Supervisor&#039;s Handbook<\/title>\n<meta name=\"robots\" content=\"index, follow, max-snippet:-1, max-image-preview:large, max-video-preview:-1\" \/>\n<link rel=\"canonical\" href=\"https:\/\/help.jamk.fi\/opinnaytetyon-ohjaus\/en\/wihi-instructions-for-thesis-coordinators\/accepting-topic-proposal\/\" \/>\n<meta property=\"og:locale\" content=\"fi_FI\" \/>\n<meta property=\"og:type\" content=\"article\" \/>\n<meta property=\"og:title\" content=\"11.1 Accepting a topic proposal - Thesis Supervisor&#039;s Handbook\" \/>\n<meta property=\"og:description\" content=\"A student starts working on his\/her thesis by submitting a topic proposal in Wihi. Once the student has saved the thesis proposal in Wihi, you can as a coordinator view it. You receive a notification of a new topic proposal to your email if you have defined so in Wihi settings (see instruction on the [&hellip;]\" \/>\n<meta property=\"og:url\" content=\"https:\/\/help.jamk.fi\/opinnaytetyon-ohjaus\/en\/wihi-instructions-for-thesis-coordinators\/accepting-topic-proposal\/\" \/>\n<meta property=\"og:site_name\" content=\"Thesis Supervisor&#039;s Handbook\" \/>\n<meta property=\"article:modified_time\" content=\"2023-12-21T09:44:05+00:00\" \/>\n<meta property=\"og:image\" content=\"https:\/\/help.jamk.fi\/opinnaytetyon-ohjaus\/wp-content\/uploads\/sites\/110\/2023\/09\/Coordinator-front-page-in-Wihi.png\" \/>\n<meta name=\"twitter:card\" content=\"summary_large_image\" \/>\n<meta name=\"twitter:label1\" content=\"Arvioitu lukuaika\" \/>\n\t<meta name=\"twitter:data1\" content=\"4 minuuttia\" \/>\n<script type=\"application\/ld+json\" class=\"yoast-schema-graph\">{\"@context\":\"https:\\\/\\\/schema.org\",\"@graph\":[{\"@type\":\"WebPage\",\"@id\":\"https:\\\/\\\/help.jamk.fi\\\/opinnaytetyon-ohjaus\\\/en\\\/wihi-instructions-for-thesis-coordinators\\\/accepting-topic-proposal\\\/\",\"url\":\"https:\\\/\\\/help.jamk.fi\\\/opinnaytetyon-ohjaus\\\/en\\\/wihi-instructions-for-thesis-coordinators\\\/accepting-topic-proposal\\\/\",\"name\":\"11.1 Accepting a topic proposal - Thesis Supervisor&#039;s Handbook\",\"isPartOf\":{\"@id\":\"https:\\\/\\\/help.jamk.fi\\\/opinnaytetyon-ohjaus\\\/#website\"},\"primaryImageOfPage\":{\"@id\":\"https:\\\/\\\/help.jamk.fi\\\/opinnaytetyon-ohjaus\\\/en\\\/wihi-instructions-for-thesis-coordinators\\\/accepting-topic-proposal\\\/#primaryimage\"},\"image\":{\"@id\":\"https:\\\/\\\/help.jamk.fi\\\/opinnaytetyon-ohjaus\\\/en\\\/wihi-instructions-for-thesis-coordinators\\\/accepting-topic-proposal\\\/#primaryimage\"},\"thumbnailUrl\":\"https:\\\/\\\/help.jamk.fi\\\/opinnaytetyon-ohjaus\\\/wp-content\\\/uploads\\\/sites\\\/110\\\/2023\\\/09\\\/Coordinator-front-page-in-Wihi.png\",\"datePublished\":\"2022-10-12T04:51:04+00:00\",\"dateModified\":\"2023-12-21T09:44:05+00:00\",\"breadcrumb\":{\"@id\":\"https:\\\/\\\/help.jamk.fi\\\/opinnaytetyon-ohjaus\\\/en\\\/wihi-instructions-for-thesis-coordinators\\\/accepting-topic-proposal\\\/#breadcrumb\"},\"inLanguage\":\"fi\",\"potentialAction\":[{\"@type\":\"ReadAction\",\"target\":[\"https:\\\/\\\/help.jamk.fi\\\/opinnaytetyon-ohjaus\\\/en\\\/wihi-instructions-for-thesis-coordinators\\\/accepting-topic-proposal\\\/\"]}]},{\"@type\":\"ImageObject\",\"inLanguage\":\"fi\",\"@id\":\"https:\\\/\\\/help.jamk.fi\\\/opinnaytetyon-ohjaus\\\/en\\\/wihi-instructions-for-thesis-coordinators\\\/accepting-topic-proposal\\\/#primaryimage\",\"url\":\"https:\\\/\\\/help.jamk.fi\\\/opinnaytetyon-ohjaus\\\/wp-content\\\/uploads\\\/sites\\\/110\\\/2023\\\/09\\\/Coordinator-front-page-in-Wihi.png\",\"contentUrl\":\"https:\\\/\\\/help.jamk.fi\\\/opinnaytetyon-ohjaus\\\/wp-content\\\/uploads\\\/sites\\\/110\\\/2023\\\/09\\\/Coordinator-front-page-in-Wihi.png\"},{\"@type\":\"BreadcrumbList\",\"@id\":\"https:\\\/\\\/help.jamk.fi\\\/opinnaytetyon-ohjaus\\\/en\\\/wihi-instructions-for-thesis-coordinators\\\/accepting-topic-proposal\\\/#breadcrumb\",\"itemListElement\":[{\"@type\":\"ListItem\",\"position\":1,\"name\":\"Etusivu\",\"item\":\"https:\\\/\\\/help.jamk.fi\\\/opinnaytetyon-ohjaus\\\/fi\\\/\"},{\"@type\":\"ListItem\",\"position\":2,\"name\":\"11 Wihi instructions for thesis coordinators\",\"item\":\"https:\\\/\\\/help.jamk.fi\\\/opinnaytetyon-ohjaus\\\/en\\\/wihi-instructions-for-thesis-coordinators\\\/\"},{\"@type\":\"ListItem\",\"position\":3,\"name\":\"11.1 Accepting a topic proposal\"}]},{\"@type\":\"WebSite\",\"@id\":\"https:\\\/\\\/help.jamk.fi\\\/opinnaytetyon-ohjaus\\\/#website\",\"url\":\"https:\\\/\\\/help.jamk.fi\\\/opinnaytetyon-ohjaus\\\/\",\"name\":\"Thesis Supervisor&#039;s Handbook\",\"description\":\"Opinn\u00e4ytety\u00f6n ohjaajan k\u00e4sikirja ja vinkkipankki\",\"potentialAction\":[{\"@type\":\"SearchAction\",\"target\":{\"@type\":\"EntryPoint\",\"urlTemplate\":\"https:\\\/\\\/help.jamk.fi\\\/opinnaytetyon-ohjaus\\\/?s={search_term_string}\"},\"query-input\":{\"@type\":\"PropertyValueSpecification\",\"valueRequired\":true,\"valueName\":\"search_term_string\"}}],\"inLanguage\":\"fi\"}]}<\/script>\n<!-- \/ Yoast SEO plugin. -->","yoast_head_json":{"title":"11.1 Accepting a topic proposal - Thesis Supervisor&#039;s Handbook","robots":{"index":"index","follow":"follow","max-snippet":"max-snippet:-1","max-image-preview":"max-image-preview:large","max-video-preview":"max-video-preview:-1"},"canonical":"https:\/\/help.jamk.fi\/opinnaytetyon-ohjaus\/en\/wihi-instructions-for-thesis-coordinators\/accepting-topic-proposal\/","og_locale":"fi_FI","og_type":"article","og_title":"11.1 Accepting a topic proposal - Thesis Supervisor&#039;s Handbook","og_description":"A student starts working on his\/her thesis by submitting a topic proposal in Wihi. Once the student has saved the thesis proposal in Wihi, you can as a coordinator view it. You receive a notification of a new topic proposal to your email if you have defined so in Wihi settings (see instruction on the [&hellip;]","og_url":"https:\/\/help.jamk.fi\/opinnaytetyon-ohjaus\/en\/wihi-instructions-for-thesis-coordinators\/accepting-topic-proposal\/","og_site_name":"Thesis Supervisor&#039;s Handbook","article_modified_time":"2023-12-21T09:44:05+00:00","og_image":[{"url":"https:\/\/help.jamk.fi\/opinnaytetyon-ohjaus\/wp-content\/uploads\/sites\/110\/2023\/09\/Coordinator-front-page-in-Wihi.png","type":"","width":"","height":""}],"twitter_card":"summary_large_image","twitter_misc":{"Arvioitu lukuaika":"4 minuuttia"},"schema":{"@context":"https:\/\/schema.org","@graph":[{"@type":"WebPage","@id":"https:\/\/help.jamk.fi\/opinnaytetyon-ohjaus\/en\/wihi-instructions-for-thesis-coordinators\/accepting-topic-proposal\/","url":"https:\/\/help.jamk.fi\/opinnaytetyon-ohjaus\/en\/wihi-instructions-for-thesis-coordinators\/accepting-topic-proposal\/","name":"11.1 Accepting a topic proposal - Thesis Supervisor&#039;s Handbook","isPartOf":{"@id":"https:\/\/help.jamk.fi\/opinnaytetyon-ohjaus\/#website"},"primaryImageOfPage":{"@id":"https:\/\/help.jamk.fi\/opinnaytetyon-ohjaus\/en\/wihi-instructions-for-thesis-coordinators\/accepting-topic-proposal\/#primaryimage"},"image":{"@id":"https:\/\/help.jamk.fi\/opinnaytetyon-ohjaus\/en\/wihi-instructions-for-thesis-coordinators\/accepting-topic-proposal\/#primaryimage"},"thumbnailUrl":"https:\/\/help.jamk.fi\/opinnaytetyon-ohjaus\/wp-content\/uploads\/sites\/110\/2023\/09\/Coordinator-front-page-in-Wihi.png","datePublished":"2022-10-12T04:51:04+00:00","dateModified":"2023-12-21T09:44:05+00:00","breadcrumb":{"@id":"https:\/\/help.jamk.fi\/opinnaytetyon-ohjaus\/en\/wihi-instructions-for-thesis-coordinators\/accepting-topic-proposal\/#breadcrumb"},"inLanguage":"fi","potentialAction":[{"@type":"ReadAction","target":["https:\/\/help.jamk.fi\/opinnaytetyon-ohjaus\/en\/wihi-instructions-for-thesis-coordinators\/accepting-topic-proposal\/"]}]},{"@type":"ImageObject","inLanguage":"fi","@id":"https:\/\/help.jamk.fi\/opinnaytetyon-ohjaus\/en\/wihi-instructions-for-thesis-coordinators\/accepting-topic-proposal\/#primaryimage","url":"https:\/\/help.jamk.fi\/opinnaytetyon-ohjaus\/wp-content\/uploads\/sites\/110\/2023\/09\/Coordinator-front-page-in-Wihi.png","contentUrl":"https:\/\/help.jamk.fi\/opinnaytetyon-ohjaus\/wp-content\/uploads\/sites\/110\/2023\/09\/Coordinator-front-page-in-Wihi.png"},{"@type":"BreadcrumbList","@id":"https:\/\/help.jamk.fi\/opinnaytetyon-ohjaus\/en\/wihi-instructions-for-thesis-coordinators\/accepting-topic-proposal\/#breadcrumb","itemListElement":[{"@type":"ListItem","position":1,"name":"Etusivu","item":"https:\/\/help.jamk.fi\/opinnaytetyon-ohjaus\/fi\/"},{"@type":"ListItem","position":2,"name":"11 Wihi instructions for thesis coordinators","item":"https:\/\/help.jamk.fi\/opinnaytetyon-ohjaus\/en\/wihi-instructions-for-thesis-coordinators\/"},{"@type":"ListItem","position":3,"name":"11.1 Accepting a topic proposal"}]},{"@type":"WebSite","@id":"https:\/\/help.jamk.fi\/opinnaytetyon-ohjaus\/#website","url":"https:\/\/help.jamk.fi\/opinnaytetyon-ohjaus\/","name":"Thesis Supervisor&#039;s Handbook","description":"Opinn\u00e4ytety\u00f6n ohjaajan k\u00e4sikirja ja vinkkipankki","potentialAction":[{"@type":"SearchAction","target":{"@type":"EntryPoint","urlTemplate":"https:\/\/help.jamk.fi\/opinnaytetyon-ohjaus\/?s={search_term_string}"},"query-input":{"@type":"PropertyValueSpecification","valueRequired":true,"valueName":"search_term_string"}}],"inLanguage":"fi"}]}},"_links":{"self":[{"href":"https:\/\/help.jamk.fi\/opinnaytetyon-ohjaus\/wp-json\/wp\/v2\/pages\/566","targetHints":{"allow":["GET"]}}],"collection":[{"href":"https:\/\/help.jamk.fi\/opinnaytetyon-ohjaus\/wp-json\/wp\/v2\/pages"}],"about":[{"href":"https:\/\/help.jamk.fi\/opinnaytetyon-ohjaus\/wp-json\/wp\/v2\/types\/page"}],"author":[{"embeddable":true,"href":"https:\/\/help.jamk.fi\/opinnaytetyon-ohjaus\/wp-json\/wp\/v2\/users\/79"}],"replies":[{"embeddable":true,"href":"https:\/\/help.jamk.fi\/opinnaytetyon-ohjaus\/wp-json\/wp\/v2\/comments?post=566"}],"version-history":[{"count":9,"href":"https:\/\/help.jamk.fi\/opinnaytetyon-ohjaus\/wp-json\/wp\/v2\/pages\/566\/revisions"}],"predecessor-version":[{"id":1548,"href":"https:\/\/help.jamk.fi\/opinnaytetyon-ohjaus\/wp-json\/wp\/v2\/pages\/566\/revisions\/1548"}],"up":[{"embeddable":true,"href":"https:\/\/help.jamk.fi\/opinnaytetyon-ohjaus\/wp-json\/wp\/v2\/pages\/243"}],"wp:attachment":[{"href":"https:\/\/help.jamk.fi\/opinnaytetyon-ohjaus\/wp-json\/wp\/v2\/media?parent=566"}],"wp:term":[{"taxonomy":"category","embeddable":true,"href":"https:\/\/help.jamk.fi\/opinnaytetyon-ohjaus\/wp-json\/wp\/v2\/categories?post=566"},{"taxonomy":"post_tag","embeddable":true,"href":"https:\/\/help.jamk.fi\/opinnaytetyon-ohjaus\/wp-json\/wp\/v2\/tags?post=566"}],"curies":[{"name":"wp","href":"https:\/\/api.w.org\/{rel}","templated":true}]}}