{"id":584,"date":"2022-10-12T11:57:25","date_gmt":"2022-10-12T08:57:25","guid":{"rendered":"https:\/\/help.jamk.fi\/yamk-kasikirja\/wihi-instructions-for-thesis-coordinators\/adding-changing-student\/"},"modified":"2023-12-21T15:42:47","modified_gmt":"2023-12-21T13:42:47","slug":"adding-changing-student","status":"publish","type":"page","link":"https:\/\/help.jamk.fi\/opinnaytetyon-ohjaus\/en\/wihi-instructions-for-thesis-coordinators\/adding-changing-student\/","title":{"rendered":"11.4 Adding or changing a student for a project"},"content":{"rendered":"\n<p>As a coordinator you can add a student for a project or change a student&#8217;s study entitlement. For example, if the student has started to complete his\/her thesis with the study entitlement in open studies and continues to do it as a degree student, you may change the study entitlement for the project. In this way, the student can smoothly continue his\/her thesis and does not have to create a new project.<\/p>\n\n\n\n<p>A new student can be added to the project if the project has not progressed beyond phase 1\/3, i.e. no study attainments have been transferred to Peppi so far.<\/p>\n\n\n\n<p>Adding a student or changing the study entitlement for a project is done from the student&#8217;s information (Figure 1).<\/p>\n\n\n\n<figure class=\"wp-block-image size-large\"><img decoding=\"async\" src=\"https:\/\/help.jamk.fi\/opinnaytetyon-ohjaus\/wp-content\/uploads\/sites\/110\/2023\/09\/Adding-a-student-or-changing-study-entitlement-for-a-project.png\" alt=\"\" class=\"wp-image-1345\"\/><figcaption class=\"wp-element-caption\">Figure 1. Adding a student or changing study entitlement for a project<\/figcaption><\/figure>\n\n\n\n<p>NOTE. Wihi does not recognise whether the student to be added is an attending student. Before adding a student or changing the study entitlement, check that the student has an attendance record in Peppi. In addition, credits from the previous phases of the project are not automatically transferred or created for the changed study entitlement.<\/p>\n","protected":false},"excerpt":{"rendered":"<p>As a coordinator you can add a student for a project or change a student&#8217;s study entitlement. For example, if the student has started to complete his\/her thesis with the study entitlement in open studies and continues to do it as a degree student, you may change the study entitlement for the project. In this [&hellip;]<\/p>\n","protected":false},"author":79,"featured_media":0,"parent":243,"menu_order":4,"comment_status":"closed","ping_status":"closed","template":"","meta":{"_acf_changed":false,"_relevanssi_hide_post":"","_relevanssi_hide_content":"","_relevanssi_pin_for_all":"","_relevanssi_pin_keywords":"","_relevanssi_unpin_keywords":"","_relevanssi_related_keywords":"","_relevanssi_related_include_ids":"","_relevanssi_related_exclude_ids":"","_relevanssi_related_no_append":"","_relevanssi_related_not_related":"","_relevanssi_related_posts":"","_relevanssi_noindex_reason":"","footnotes":""},"categories":[16],"tags":[],"class_list":["post-584","page","type-page","status-publish","hentry","category-uncategorized-en"],"acf":[],"yoast_head":"<!-- This site is optimized with the Yoast SEO plugin v27.4 - https:\/\/yoast.com\/product\/yoast-seo-wordpress\/ -->\n<title>11.4 Adding or changing a student for a project - Thesis Supervisor&#039;s Handbook<\/title>\n<meta name=\"robots\" content=\"index, follow, max-snippet:-1, max-image-preview:large, max-video-preview:-1\" \/>\n<link rel=\"canonical\" href=\"https:\/\/help.jamk.fi\/opinnaytetyon-ohjaus\/en\/wihi-instructions-for-thesis-coordinators\/adding-changing-student\/\" \/>\n<meta property=\"og:locale\" content=\"fi_FI\" \/>\n<meta property=\"og:type\" content=\"article\" \/>\n<meta property=\"og:title\" content=\"11.4 Adding or changing a student for a project - Thesis Supervisor&#039;s Handbook\" \/>\n<meta property=\"og:description\" content=\"As a coordinator you can add a student for a project or change a student&#8217;s study entitlement. For example, if the student has started to complete his\/her thesis with the study entitlement in open studies and continues to do it as a degree student, you may change the study entitlement for the project. In this [&hellip;]\" \/>\n<meta property=\"og:url\" content=\"https:\/\/help.jamk.fi\/opinnaytetyon-ohjaus\/en\/wihi-instructions-for-thesis-coordinators\/adding-changing-student\/\" \/>\n<meta property=\"og:site_name\" content=\"Thesis Supervisor&#039;s Handbook\" \/>\n<meta property=\"article:modified_time\" content=\"2023-12-21T13:42:47+00:00\" \/>\n<meta property=\"og:image\" content=\"https:\/\/help.jamk.fi\/opinnaytetyon-ohjaus\/wp-content\/uploads\/sites\/110\/2023\/09\/Adding-a-student-or-changing-study-entitlement-for-a-project.png\" \/>\n<meta name=\"twitter:card\" content=\"summary_large_image\" \/>\n<meta name=\"twitter:label1\" content=\"Arvioitu lukuaika\" \/>\n\t<meta name=\"twitter:data1\" content=\"2 minuuttia\" \/>\n<script type=\"application\/ld+json\" class=\"yoast-schema-graph\">{\"@context\":\"https:\\\/\\\/schema.org\",\"@graph\":[{\"@type\":\"WebPage\",\"@id\":\"https:\\\/\\\/help.jamk.fi\\\/opinnaytetyon-ohjaus\\\/en\\\/wihi-instructions-for-thesis-coordinators\\\/adding-changing-student\\\/\",\"url\":\"https:\\\/\\\/help.jamk.fi\\\/opinnaytetyon-ohjaus\\\/en\\\/wihi-instructions-for-thesis-coordinators\\\/adding-changing-student\\\/\",\"name\":\"11.4 Adding or changing a student for a project - Thesis Supervisor&#039;s Handbook\",\"isPartOf\":{\"@id\":\"https:\\\/\\\/help.jamk.fi\\\/opinnaytetyon-ohjaus\\\/#website\"},\"primaryImageOfPage\":{\"@id\":\"https:\\\/\\\/help.jamk.fi\\\/opinnaytetyon-ohjaus\\\/en\\\/wihi-instructions-for-thesis-coordinators\\\/adding-changing-student\\\/#primaryimage\"},\"image\":{\"@id\":\"https:\\\/\\\/help.jamk.fi\\\/opinnaytetyon-ohjaus\\\/en\\\/wihi-instructions-for-thesis-coordinators\\\/adding-changing-student\\\/#primaryimage\"},\"thumbnailUrl\":\"https:\\\/\\\/help.jamk.fi\\\/opinnaytetyon-ohjaus\\\/wp-content\\\/uploads\\\/sites\\\/110\\\/2023\\\/09\\\/Adding-a-student-or-changing-study-entitlement-for-a-project.png\",\"datePublished\":\"2022-10-12T08:57:25+00:00\",\"dateModified\":\"2023-12-21T13:42:47+00:00\",\"breadcrumb\":{\"@id\":\"https:\\\/\\\/help.jamk.fi\\\/opinnaytetyon-ohjaus\\\/en\\\/wihi-instructions-for-thesis-coordinators\\\/adding-changing-student\\\/#breadcrumb\"},\"inLanguage\":\"fi\",\"potentialAction\":[{\"@type\":\"ReadAction\",\"target\":[\"https:\\\/\\\/help.jamk.fi\\\/opinnaytetyon-ohjaus\\\/en\\\/wihi-instructions-for-thesis-coordinators\\\/adding-changing-student\\\/\"]}]},{\"@type\":\"ImageObject\",\"inLanguage\":\"fi\",\"@id\":\"https:\\\/\\\/help.jamk.fi\\\/opinnaytetyon-ohjaus\\\/en\\\/wihi-instructions-for-thesis-coordinators\\\/adding-changing-student\\\/#primaryimage\",\"url\":\"https:\\\/\\\/help.jamk.fi\\\/opinnaytetyon-ohjaus\\\/wp-content\\\/uploads\\\/sites\\\/110\\\/2023\\\/09\\\/Adding-a-student-or-changing-study-entitlement-for-a-project.png\",\"contentUrl\":\"https:\\\/\\\/help.jamk.fi\\\/opinnaytetyon-ohjaus\\\/wp-content\\\/uploads\\\/sites\\\/110\\\/2023\\\/09\\\/Adding-a-student-or-changing-study-entitlement-for-a-project.png\"},{\"@type\":\"BreadcrumbList\",\"@id\":\"https:\\\/\\\/help.jamk.fi\\\/opinnaytetyon-ohjaus\\\/en\\\/wihi-instructions-for-thesis-coordinators\\\/adding-changing-student\\\/#breadcrumb\",\"itemListElement\":[{\"@type\":\"ListItem\",\"position\":1,\"name\":\"Etusivu\",\"item\":\"https:\\\/\\\/help.jamk.fi\\\/opinnaytetyon-ohjaus\\\/fi\\\/\"},{\"@type\":\"ListItem\",\"position\":2,\"name\":\"11 Wihi instructions for thesis coordinators\",\"item\":\"https:\\\/\\\/help.jamk.fi\\\/opinnaytetyon-ohjaus\\\/en\\\/wihi-instructions-for-thesis-coordinators\\\/\"},{\"@type\":\"ListItem\",\"position\":3,\"name\":\"11.4 Adding or changing a student for a project\"}]},{\"@type\":\"WebSite\",\"@id\":\"https:\\\/\\\/help.jamk.fi\\\/opinnaytetyon-ohjaus\\\/#website\",\"url\":\"https:\\\/\\\/help.jamk.fi\\\/opinnaytetyon-ohjaus\\\/\",\"name\":\"Thesis Supervisor&#039;s Handbook\",\"description\":\"Opinn\u00e4ytety\u00f6n ohjaajan k\u00e4sikirja ja vinkkipankki\",\"potentialAction\":[{\"@type\":\"SearchAction\",\"target\":{\"@type\":\"EntryPoint\",\"urlTemplate\":\"https:\\\/\\\/help.jamk.fi\\\/opinnaytetyon-ohjaus\\\/?s={search_term_string}\"},\"query-input\":{\"@type\":\"PropertyValueSpecification\",\"valueRequired\":true,\"valueName\":\"search_term_string\"}}],\"inLanguage\":\"fi\"}]}<\/script>\n<!-- \/ Yoast SEO plugin. -->","yoast_head_json":{"title":"11.4 Adding or changing a student for a project - Thesis Supervisor&#039;s Handbook","robots":{"index":"index","follow":"follow","max-snippet":"max-snippet:-1","max-image-preview":"max-image-preview:large","max-video-preview":"max-video-preview:-1"},"canonical":"https:\/\/help.jamk.fi\/opinnaytetyon-ohjaus\/en\/wihi-instructions-for-thesis-coordinators\/adding-changing-student\/","og_locale":"fi_FI","og_type":"article","og_title":"11.4 Adding or changing a student for a project - Thesis Supervisor&#039;s Handbook","og_description":"As a coordinator you can add a student for a project or change a student&#8217;s study entitlement. For example, if the student has started to complete his\/her thesis with the study entitlement in open studies and continues to do it as a degree student, you may change the study entitlement for the project. In this [&hellip;]","og_url":"https:\/\/help.jamk.fi\/opinnaytetyon-ohjaus\/en\/wihi-instructions-for-thesis-coordinators\/adding-changing-student\/","og_site_name":"Thesis Supervisor&#039;s Handbook","article_modified_time":"2023-12-21T13:42:47+00:00","og_image":[{"url":"https:\/\/help.jamk.fi\/opinnaytetyon-ohjaus\/wp-content\/uploads\/sites\/110\/2023\/09\/Adding-a-student-or-changing-study-entitlement-for-a-project.png","type":"","width":"","height":""}],"twitter_card":"summary_large_image","twitter_misc":{"Arvioitu lukuaika":"2 minuuttia"},"schema":{"@context":"https:\/\/schema.org","@graph":[{"@type":"WebPage","@id":"https:\/\/help.jamk.fi\/opinnaytetyon-ohjaus\/en\/wihi-instructions-for-thesis-coordinators\/adding-changing-student\/","url":"https:\/\/help.jamk.fi\/opinnaytetyon-ohjaus\/en\/wihi-instructions-for-thesis-coordinators\/adding-changing-student\/","name":"11.4 Adding or changing a student for a project - Thesis Supervisor&#039;s Handbook","isPartOf":{"@id":"https:\/\/help.jamk.fi\/opinnaytetyon-ohjaus\/#website"},"primaryImageOfPage":{"@id":"https:\/\/help.jamk.fi\/opinnaytetyon-ohjaus\/en\/wihi-instructions-for-thesis-coordinators\/adding-changing-student\/#primaryimage"},"image":{"@id":"https:\/\/help.jamk.fi\/opinnaytetyon-ohjaus\/en\/wihi-instructions-for-thesis-coordinators\/adding-changing-student\/#primaryimage"},"thumbnailUrl":"https:\/\/help.jamk.fi\/opinnaytetyon-ohjaus\/wp-content\/uploads\/sites\/110\/2023\/09\/Adding-a-student-or-changing-study-entitlement-for-a-project.png","datePublished":"2022-10-12T08:57:25+00:00","dateModified":"2023-12-21T13:42:47+00:00","breadcrumb":{"@id":"https:\/\/help.jamk.fi\/opinnaytetyon-ohjaus\/en\/wihi-instructions-for-thesis-coordinators\/adding-changing-student\/#breadcrumb"},"inLanguage":"fi","potentialAction":[{"@type":"ReadAction","target":["https:\/\/help.jamk.fi\/opinnaytetyon-ohjaus\/en\/wihi-instructions-for-thesis-coordinators\/adding-changing-student\/"]}]},{"@type":"ImageObject","inLanguage":"fi","@id":"https:\/\/help.jamk.fi\/opinnaytetyon-ohjaus\/en\/wihi-instructions-for-thesis-coordinators\/adding-changing-student\/#primaryimage","url":"https:\/\/help.jamk.fi\/opinnaytetyon-ohjaus\/wp-content\/uploads\/sites\/110\/2023\/09\/Adding-a-student-or-changing-study-entitlement-for-a-project.png","contentUrl":"https:\/\/help.jamk.fi\/opinnaytetyon-ohjaus\/wp-content\/uploads\/sites\/110\/2023\/09\/Adding-a-student-or-changing-study-entitlement-for-a-project.png"},{"@type":"BreadcrumbList","@id":"https:\/\/help.jamk.fi\/opinnaytetyon-ohjaus\/en\/wihi-instructions-for-thesis-coordinators\/adding-changing-student\/#breadcrumb","itemListElement":[{"@type":"ListItem","position":1,"name":"Etusivu","item":"https:\/\/help.jamk.fi\/opinnaytetyon-ohjaus\/fi\/"},{"@type":"ListItem","position":2,"name":"11 Wihi instructions for thesis coordinators","item":"https:\/\/help.jamk.fi\/opinnaytetyon-ohjaus\/en\/wihi-instructions-for-thesis-coordinators\/"},{"@type":"ListItem","position":3,"name":"11.4 Adding or changing a student for a project"}]},{"@type":"WebSite","@id":"https:\/\/help.jamk.fi\/opinnaytetyon-ohjaus\/#website","url":"https:\/\/help.jamk.fi\/opinnaytetyon-ohjaus\/","name":"Thesis Supervisor&#039;s Handbook","description":"Opinn\u00e4ytety\u00f6n ohjaajan k\u00e4sikirja ja vinkkipankki","potentialAction":[{"@type":"SearchAction","target":{"@type":"EntryPoint","urlTemplate":"https:\/\/help.jamk.fi\/opinnaytetyon-ohjaus\/?s={search_term_string}"},"query-input":{"@type":"PropertyValueSpecification","valueRequired":true,"valueName":"search_term_string"}}],"inLanguage":"fi"}]}},"_links":{"self":[{"href":"https:\/\/help.jamk.fi\/opinnaytetyon-ohjaus\/wp-json\/wp\/v2\/pages\/584","targetHints":{"allow":["GET"]}}],"collection":[{"href":"https:\/\/help.jamk.fi\/opinnaytetyon-ohjaus\/wp-json\/wp\/v2\/pages"}],"about":[{"href":"https:\/\/help.jamk.fi\/opinnaytetyon-ohjaus\/wp-json\/wp\/v2\/types\/page"}],"author":[{"embeddable":true,"href":"https:\/\/help.jamk.fi\/opinnaytetyon-ohjaus\/wp-json\/wp\/v2\/users\/79"}],"replies":[{"embeddable":true,"href":"https:\/\/help.jamk.fi\/opinnaytetyon-ohjaus\/wp-json\/wp\/v2\/comments?post=584"}],"version-history":[{"count":8,"href":"https:\/\/help.jamk.fi\/opinnaytetyon-ohjaus\/wp-json\/wp\/v2\/pages\/584\/revisions"}],"predecessor-version":[{"id":1576,"href":"https:\/\/help.jamk.fi\/opinnaytetyon-ohjaus\/wp-json\/wp\/v2\/pages\/584\/revisions\/1576"}],"up":[{"embeddable":true,"href":"https:\/\/help.jamk.fi\/opinnaytetyon-ohjaus\/wp-json\/wp\/v2\/pages\/243"}],"wp:attachment":[{"href":"https:\/\/help.jamk.fi\/opinnaytetyon-ohjaus\/wp-json\/wp\/v2\/media?parent=584"}],"wp:term":[{"taxonomy":"category","embeddable":true,"href":"https:\/\/help.jamk.fi\/opinnaytetyon-ohjaus\/wp-json\/wp\/v2\/categories?post=584"},{"taxonomy":"post_tag","embeddable":true,"href":"https:\/\/help.jamk.fi\/opinnaytetyon-ohjaus\/wp-json\/wp\/v2\/tags?post=584"}],"curies":[{"name":"wp","href":"https:\/\/api.w.org\/{rel}","templated":true}]}}