{"id":602,"date":"2022-10-13T10:48:35","date_gmt":"2022-10-13T07:48:35","guid":{"rendered":"https:\/\/help.jamk.fi\/yamk-kasikirja\/wihi-instructions-for-thesis-coordinators\/11-6-monitoring-thesis-progress\/"},"modified":"2023-12-21T14:56:54","modified_gmt":"2023-12-21T12:56:54","slug":"monitoring-thesis-progress","status":"publish","type":"page","link":"https:\/\/help.jamk.fi\/opinnaytetyon-ohjaus\/en\/wihi-instructions-for-thesis-coordinators\/monitoring-thesis-progress\/","title":{"rendered":"11.5 Monitoring thesis progress and search functions"},"content":{"rendered":"\n<p>As a coordinator, you can monitor the progress of the thesis at the degree programme level from the Report view in the upper menu in Wihi (Figure 1).<\/p>\n\n\n\n<figure class=\"wp-block-image size-large\"><img decoding=\"async\" src=\"https:\/\/help.jamk.fi\/opinnaytetyon-ohjaus\/wp-content\/uploads\/sites\/110\/2023\/09\/Report-view.png\" alt=\"\" class=\"wp-image-1364\"\/><figcaption class=\"wp-element-caption\">Figure 1. Report view in Wihi<\/figcaption><\/figure>\n\n\n\n<p>You can also monitor the progress of the theses and their activity status on the Active Projects tab (Figure 2). The colour code in the Activity level column indicates the progress of the work as follows:<\/p>\n\n\n\n<ul class=\"wp-block-list\">\n<li>grey = no activity yet<\/li>\n\n\n\n<li>green = thesis has progressed less than four weeks ago<\/li>\n\n\n\n<li>orange = thesis has not progressed for 4-8 weeks<\/li>\n\n\n\n<li>red = thesis has not progressed for more than eight weeks<\/li>\n<\/ul>\n\n\n\n<figure class=\"wp-block-image size-full\"><img decoding=\"async\" src=\"https:\/\/help.jamk.fi\/opinnaytetyon-ohjaus\/wp-content\/uploads\/sites\/110\/2023\/09\/Monitoring-the-activity-of-the-thesis.png\" alt=\"\" class=\"wp-image-1365\"\/><figcaption class=\"wp-element-caption\">Figure 2. Monitoring the activity of the thesis<\/figcaption><\/figure>\n\n\n\n<h2 class=\"wp-block-heading\">Search functions<\/h2>\n\n\n\n<p>You can apply for theses from several different views. Each view contains different search criteria.<\/p>\n\n\n\n<ul class=\"wp-block-list\">\n<li>In the Active Projects view, you can search for theses by degree programme or education type.<\/li>\n\n\n\n<li>There are no actual search criteria in the Report view, but you can get statistics on theses at different stages by degree programme from there. Note that you will also get the data in Excel.<\/li>\n\n\n\n<li>In the Project archive view, you can search for theses that have already been completed by degree programme or education type, as well as by archiving date.<\/li>\n\n\n\n<li>The Project Search view has the most diverse search terms. You can search for theses with the student name, student number, degree programme, business ID (if the employer&#8217;s information has been entered), advisor&#8217;s name, archiving date and arrival group. You can also search for drafts.<\/li>\n<\/ul>\n","protected":false},"excerpt":{"rendered":"<p>As a coordinator, you can monitor the progress of the thesis at the degree programme level from the Report view in the upper menu in Wihi (Figure 1). You can also monitor the progress of the theses and their activity status on the Active Projects tab (Figure 2). The colour code in the Activity level [&hellip;]<\/p>\n","protected":false},"author":79,"featured_media":0,"parent":243,"menu_order":5,"comment_status":"closed","ping_status":"closed","template":"","meta":{"_acf_changed":false,"_relevanssi_hide_post":"","_relevanssi_hide_content":"","_relevanssi_pin_for_all":"","_relevanssi_pin_keywords":"","_relevanssi_unpin_keywords":"","_relevanssi_related_keywords":"","_relevanssi_related_include_ids":"","_relevanssi_related_exclude_ids":"","_relevanssi_related_no_append":"","_relevanssi_related_not_related":"","_relevanssi_related_posts":"","_relevanssi_noindex_reason":"","footnotes":""},"categories":[16],"tags":[],"class_list":["post-602","page","type-page","status-publish","hentry","category-uncategorized-en"],"acf":[],"yoast_head":"<!-- This site is optimized with the Yoast SEO plugin v27.4 - https:\/\/yoast.com\/product\/yoast-seo-wordpress\/ -->\n<title>11.5 Monitoring thesis progress and search functions - Thesis Supervisor&#039;s Handbook<\/title>\n<meta name=\"robots\" content=\"index, follow, max-snippet:-1, max-image-preview:large, max-video-preview:-1\" \/>\n<link rel=\"canonical\" href=\"https:\/\/help.jamk.fi\/opinnaytetyon-ohjaus\/en\/wihi-instructions-for-thesis-coordinators\/monitoring-thesis-progress\/\" \/>\n<meta property=\"og:locale\" content=\"fi_FI\" \/>\n<meta property=\"og:type\" content=\"article\" \/>\n<meta property=\"og:title\" content=\"11.5 Monitoring thesis progress and search functions - Thesis Supervisor&#039;s Handbook\" \/>\n<meta property=\"og:description\" content=\"As a coordinator, you can monitor the progress of the thesis at the degree programme level from the Report view in the upper menu in Wihi (Figure 1). You can also monitor the progress of the theses and their activity status on the Active Projects tab (Figure 2). The colour code in the Activity level [&hellip;]\" \/>\n<meta property=\"og:url\" content=\"https:\/\/help.jamk.fi\/opinnaytetyon-ohjaus\/en\/wihi-instructions-for-thesis-coordinators\/monitoring-thesis-progress\/\" \/>\n<meta property=\"og:site_name\" content=\"Thesis Supervisor&#039;s Handbook\" \/>\n<meta property=\"article:modified_time\" content=\"2023-12-21T12:56:54+00:00\" \/>\n<meta property=\"og:image\" content=\"https:\/\/help.jamk.fi\/opinnaytetyon-ohjaus\/wp-content\/uploads\/sites\/110\/2023\/09\/Report-view.png\" \/>\n<meta name=\"twitter:card\" content=\"summary_large_image\" \/>\n<meta name=\"twitter:label1\" content=\"Arvioitu lukuaika\" \/>\n\t<meta name=\"twitter:data1\" content=\"2 minuuttia\" \/>\n<script type=\"application\/ld+json\" class=\"yoast-schema-graph\">{\"@context\":\"https:\\\/\\\/schema.org\",\"@graph\":[{\"@type\":\"WebPage\",\"@id\":\"https:\\\/\\\/help.jamk.fi\\\/opinnaytetyon-ohjaus\\\/en\\\/wihi-instructions-for-thesis-coordinators\\\/monitoring-thesis-progress\\\/\",\"url\":\"https:\\\/\\\/help.jamk.fi\\\/opinnaytetyon-ohjaus\\\/en\\\/wihi-instructions-for-thesis-coordinators\\\/monitoring-thesis-progress\\\/\",\"name\":\"11.5 Monitoring thesis progress and search functions - Thesis Supervisor&#039;s Handbook\",\"isPartOf\":{\"@id\":\"https:\\\/\\\/help.jamk.fi\\\/opinnaytetyon-ohjaus\\\/#website\"},\"primaryImageOfPage\":{\"@id\":\"https:\\\/\\\/help.jamk.fi\\\/opinnaytetyon-ohjaus\\\/en\\\/wihi-instructions-for-thesis-coordinators\\\/monitoring-thesis-progress\\\/#primaryimage\"},\"image\":{\"@id\":\"https:\\\/\\\/help.jamk.fi\\\/opinnaytetyon-ohjaus\\\/en\\\/wihi-instructions-for-thesis-coordinators\\\/monitoring-thesis-progress\\\/#primaryimage\"},\"thumbnailUrl\":\"https:\\\/\\\/help.jamk.fi\\\/opinnaytetyon-ohjaus\\\/wp-content\\\/uploads\\\/sites\\\/110\\\/2023\\\/09\\\/Report-view.png\",\"datePublished\":\"2022-10-13T07:48:35+00:00\",\"dateModified\":\"2023-12-21T12:56:54+00:00\",\"breadcrumb\":{\"@id\":\"https:\\\/\\\/help.jamk.fi\\\/opinnaytetyon-ohjaus\\\/en\\\/wihi-instructions-for-thesis-coordinators\\\/monitoring-thesis-progress\\\/#breadcrumb\"},\"inLanguage\":\"fi\",\"potentialAction\":[{\"@type\":\"ReadAction\",\"target\":[\"https:\\\/\\\/help.jamk.fi\\\/opinnaytetyon-ohjaus\\\/en\\\/wihi-instructions-for-thesis-coordinators\\\/monitoring-thesis-progress\\\/\"]}]},{\"@type\":\"ImageObject\",\"inLanguage\":\"fi\",\"@id\":\"https:\\\/\\\/help.jamk.fi\\\/opinnaytetyon-ohjaus\\\/en\\\/wihi-instructions-for-thesis-coordinators\\\/monitoring-thesis-progress\\\/#primaryimage\",\"url\":\"https:\\\/\\\/help.jamk.fi\\\/opinnaytetyon-ohjaus\\\/wp-content\\\/uploads\\\/sites\\\/110\\\/2023\\\/09\\\/Report-view.png\",\"contentUrl\":\"https:\\\/\\\/help.jamk.fi\\\/opinnaytetyon-ohjaus\\\/wp-content\\\/uploads\\\/sites\\\/110\\\/2023\\\/09\\\/Report-view.png\"},{\"@type\":\"BreadcrumbList\",\"@id\":\"https:\\\/\\\/help.jamk.fi\\\/opinnaytetyon-ohjaus\\\/en\\\/wihi-instructions-for-thesis-coordinators\\\/monitoring-thesis-progress\\\/#breadcrumb\",\"itemListElement\":[{\"@type\":\"ListItem\",\"position\":1,\"name\":\"Etusivu\",\"item\":\"https:\\\/\\\/help.jamk.fi\\\/opinnaytetyon-ohjaus\\\/fi\\\/\"},{\"@type\":\"ListItem\",\"position\":2,\"name\":\"11 Wihi instructions for thesis coordinators\",\"item\":\"https:\\\/\\\/help.jamk.fi\\\/opinnaytetyon-ohjaus\\\/en\\\/wihi-instructions-for-thesis-coordinators\\\/\"},{\"@type\":\"ListItem\",\"position\":3,\"name\":\"11.5 Monitoring thesis progress and search functions\"}]},{\"@type\":\"WebSite\",\"@id\":\"https:\\\/\\\/help.jamk.fi\\\/opinnaytetyon-ohjaus\\\/#website\",\"url\":\"https:\\\/\\\/help.jamk.fi\\\/opinnaytetyon-ohjaus\\\/\",\"name\":\"Thesis Supervisor&#039;s Handbook\",\"description\":\"Opinn\u00e4ytety\u00f6n ohjaajan k\u00e4sikirja ja vinkkipankki\",\"potentialAction\":[{\"@type\":\"SearchAction\",\"target\":{\"@type\":\"EntryPoint\",\"urlTemplate\":\"https:\\\/\\\/help.jamk.fi\\\/opinnaytetyon-ohjaus\\\/?s={search_term_string}\"},\"query-input\":{\"@type\":\"PropertyValueSpecification\",\"valueRequired\":true,\"valueName\":\"search_term_string\"}}],\"inLanguage\":\"fi\"}]}<\/script>\n<!-- \/ Yoast SEO plugin. -->","yoast_head_json":{"title":"11.5 Monitoring thesis progress and search functions - Thesis Supervisor&#039;s Handbook","robots":{"index":"index","follow":"follow","max-snippet":"max-snippet:-1","max-image-preview":"max-image-preview:large","max-video-preview":"max-video-preview:-1"},"canonical":"https:\/\/help.jamk.fi\/opinnaytetyon-ohjaus\/en\/wihi-instructions-for-thesis-coordinators\/monitoring-thesis-progress\/","og_locale":"fi_FI","og_type":"article","og_title":"11.5 Monitoring thesis progress and search functions - Thesis Supervisor&#039;s Handbook","og_description":"As a coordinator, you can monitor the progress of the thesis at the degree programme level from the Report view in the upper menu in Wihi (Figure 1). You can also monitor the progress of the theses and their activity status on the Active Projects tab (Figure 2). The colour code in the Activity level [&hellip;]","og_url":"https:\/\/help.jamk.fi\/opinnaytetyon-ohjaus\/en\/wihi-instructions-for-thesis-coordinators\/monitoring-thesis-progress\/","og_site_name":"Thesis Supervisor&#039;s Handbook","article_modified_time":"2023-12-21T12:56:54+00:00","og_image":[{"url":"https:\/\/help.jamk.fi\/opinnaytetyon-ohjaus\/wp-content\/uploads\/sites\/110\/2023\/09\/Report-view.png","type":"","width":"","height":""}],"twitter_card":"summary_large_image","twitter_misc":{"Arvioitu lukuaika":"2 minuuttia"},"schema":{"@context":"https:\/\/schema.org","@graph":[{"@type":"WebPage","@id":"https:\/\/help.jamk.fi\/opinnaytetyon-ohjaus\/en\/wihi-instructions-for-thesis-coordinators\/monitoring-thesis-progress\/","url":"https:\/\/help.jamk.fi\/opinnaytetyon-ohjaus\/en\/wihi-instructions-for-thesis-coordinators\/monitoring-thesis-progress\/","name":"11.5 Monitoring thesis progress and search functions - Thesis Supervisor&#039;s Handbook","isPartOf":{"@id":"https:\/\/help.jamk.fi\/opinnaytetyon-ohjaus\/#website"},"primaryImageOfPage":{"@id":"https:\/\/help.jamk.fi\/opinnaytetyon-ohjaus\/en\/wihi-instructions-for-thesis-coordinators\/monitoring-thesis-progress\/#primaryimage"},"image":{"@id":"https:\/\/help.jamk.fi\/opinnaytetyon-ohjaus\/en\/wihi-instructions-for-thesis-coordinators\/monitoring-thesis-progress\/#primaryimage"},"thumbnailUrl":"https:\/\/help.jamk.fi\/opinnaytetyon-ohjaus\/wp-content\/uploads\/sites\/110\/2023\/09\/Report-view.png","datePublished":"2022-10-13T07:48:35+00:00","dateModified":"2023-12-21T12:56:54+00:00","breadcrumb":{"@id":"https:\/\/help.jamk.fi\/opinnaytetyon-ohjaus\/en\/wihi-instructions-for-thesis-coordinators\/monitoring-thesis-progress\/#breadcrumb"},"inLanguage":"fi","potentialAction":[{"@type":"ReadAction","target":["https:\/\/help.jamk.fi\/opinnaytetyon-ohjaus\/en\/wihi-instructions-for-thesis-coordinators\/monitoring-thesis-progress\/"]}]},{"@type":"ImageObject","inLanguage":"fi","@id":"https:\/\/help.jamk.fi\/opinnaytetyon-ohjaus\/en\/wihi-instructions-for-thesis-coordinators\/monitoring-thesis-progress\/#primaryimage","url":"https:\/\/help.jamk.fi\/opinnaytetyon-ohjaus\/wp-content\/uploads\/sites\/110\/2023\/09\/Report-view.png","contentUrl":"https:\/\/help.jamk.fi\/opinnaytetyon-ohjaus\/wp-content\/uploads\/sites\/110\/2023\/09\/Report-view.png"},{"@type":"BreadcrumbList","@id":"https:\/\/help.jamk.fi\/opinnaytetyon-ohjaus\/en\/wihi-instructions-for-thesis-coordinators\/monitoring-thesis-progress\/#breadcrumb","itemListElement":[{"@type":"ListItem","position":1,"name":"Etusivu","item":"https:\/\/help.jamk.fi\/opinnaytetyon-ohjaus\/fi\/"},{"@type":"ListItem","position":2,"name":"11 Wihi instructions for thesis coordinators","item":"https:\/\/help.jamk.fi\/opinnaytetyon-ohjaus\/en\/wihi-instructions-for-thesis-coordinators\/"},{"@type":"ListItem","position":3,"name":"11.5 Monitoring thesis progress and search functions"}]},{"@type":"WebSite","@id":"https:\/\/help.jamk.fi\/opinnaytetyon-ohjaus\/#website","url":"https:\/\/help.jamk.fi\/opinnaytetyon-ohjaus\/","name":"Thesis Supervisor&#039;s Handbook","description":"Opinn\u00e4ytety\u00f6n ohjaajan k\u00e4sikirja ja vinkkipankki","potentialAction":[{"@type":"SearchAction","target":{"@type":"EntryPoint","urlTemplate":"https:\/\/help.jamk.fi\/opinnaytetyon-ohjaus\/?s={search_term_string}"},"query-input":{"@type":"PropertyValueSpecification","valueRequired":true,"valueName":"search_term_string"}}],"inLanguage":"fi"}]}},"_links":{"self":[{"href":"https:\/\/help.jamk.fi\/opinnaytetyon-ohjaus\/wp-json\/wp\/v2\/pages\/602","targetHints":{"allow":["GET"]}}],"collection":[{"href":"https:\/\/help.jamk.fi\/opinnaytetyon-ohjaus\/wp-json\/wp\/v2\/pages"}],"about":[{"href":"https:\/\/help.jamk.fi\/opinnaytetyon-ohjaus\/wp-json\/wp\/v2\/types\/page"}],"author":[{"embeddable":true,"href":"https:\/\/help.jamk.fi\/opinnaytetyon-ohjaus\/wp-json\/wp\/v2\/users\/79"}],"replies":[{"embeddable":true,"href":"https:\/\/help.jamk.fi\/opinnaytetyon-ohjaus\/wp-json\/wp\/v2\/comments?post=602"}],"version-history":[{"count":10,"href":"https:\/\/help.jamk.fi\/opinnaytetyon-ohjaus\/wp-json\/wp\/v2\/pages\/602\/revisions"}],"predecessor-version":[{"id":1568,"href":"https:\/\/help.jamk.fi\/opinnaytetyon-ohjaus\/wp-json\/wp\/v2\/pages\/602\/revisions\/1568"}],"up":[{"embeddable":true,"href":"https:\/\/help.jamk.fi\/opinnaytetyon-ohjaus\/wp-json\/wp\/v2\/pages\/243"}],"wp:attachment":[{"href":"https:\/\/help.jamk.fi\/opinnaytetyon-ohjaus\/wp-json\/wp\/v2\/media?parent=602"}],"wp:term":[{"taxonomy":"category","embeddable":true,"href":"https:\/\/help.jamk.fi\/opinnaytetyon-ohjaus\/wp-json\/wp\/v2\/categories?post=602"},{"taxonomy":"post_tag","embeddable":true,"href":"https:\/\/help.jamk.fi\/opinnaytetyon-ohjaus\/wp-json\/wp\/v2\/tags?post=602"}],"curies":[{"name":"wp","href":"https:\/\/api.w.org\/{rel}","templated":true}]}}