{"id":612,"date":"2023-02-23T13:25:26","date_gmt":"2023-02-23T11:25:26","guid":{"rendered":"https:\/\/help.jamk.fi\/yamk-kasikirja\/wihi-ohjeet-ohjaajalle\/salassa-pidettava-opinnaytetyo-wihissa\/"},"modified":"2025-12-18T10:19:35","modified_gmt":"2025-12-18T08:19:35","slug":"salassa-pidettava-opinnaytetyo-wihissa","status":"publish","type":"page","link":"https:\/\/help.jamk.fi\/opinnaytetyon-ohjaus\/fi\/wihi-ohjeet-ohjaajalle\/salassa-pidettava-opinnaytetyo-wihissa\/","title":{"rendered":"10.7 Salassapidett\u00e4vi\u00e4 liitteit\u00e4 sis\u00e4lt\u00e4v\u00e4 opinn\u00e4ytety\u00f6 Wihiss\u00e4"},"content":{"rendered":"\n<p>Opinn\u00e4ytety\u00f6 on lain mukaan julkinen asiakirja. Sen on oltava avoimesti arvioitavissa. Kokonaan salassa pidett\u00e4v\u00e4\u00e4 opinn\u00e4ytety\u00f6t\u00e4 ei Jamkissa voi tehd\u00e4. Julkisuudella turvataan opinn\u00e4ytet\u00f6iden objektiivinen ja tasapuolinen arviointi. Jokaisella on oikeus saada tieto julkisesta asiakirjasta. Opiskelijan tulee noudattaa hyv\u00e4\u00e4 tieteellist\u00e4 k\u00e4yt\u00e4nt\u00f6\u00e4 koko opinn\u00e4ytety\u00f6projektin ajan. T\u00e4m\u00e4 koskee kaikkia Jamkissa teht\u00e4vi\u00e4 opinn\u00e4ytet\u00f6it\u00e4.<\/p>\n\n\n\n<h2 class=\"wp-block-heading\">Liiteaineiston salassapitosopimus<\/h2>\n\n\n\n<p><strong>Jos opinn\u00e4ytety\u00f6ss\u00e4 on salassapidett\u00e4v\u00e4\u00e4 tietoa, siit\u00e4 on teht\u00e4v\u00e4 Jamkin salassapitosopimus. <\/strong> Koko opinn\u00e4ytety\u00f6 ei voi olla salainen. Mutta esimerkiksi ty\u00f6n tulokset voi salata ja silloin salatut osat j\u00e4tet\u00e4\u00e4n opinn\u00e4ytety\u00f6n liitteisiin.<\/p>\n\n\n\n<p>Salassapidett\u00e4v\u00e4lle liitteelle on oltava lakiin perustuva peruste. Perusteet on listattu salassapitosopimuksessa. Jos salassapitoperusteet ovat ep\u00e4selv\u00e4t, Jamkin edustajat keskustelevat t\u00e4st\u00e4 opinn\u00e4ytety\u00f6n toimeksiantajan kanssa. Keskusteluissa on perusteltava opinn\u00e4ytety\u00f6n julkisuusperiaatteet ja salassapidett\u00e4v\u00e4\u00e4 osaa koskevat laillisuusperiaatteet.<\/p>\n\n\n\n<p>Salassapitosopimus pit\u00e4isi tehd\u00e4 samalla kuin varsinainen opinn\u00e4ytety\u00f6sopimuskin, sill\u00e4 opinn\u00e4ytety\u00f6sopimuksessa kysyt\u00e4\u00e4n onko ty\u00f6ss\u00e4 salattavia liitteit\u00e4. <strong>Sopimuspohjat ja opinn\u00e4ytety\u00f6h\u00f6n teht\u00e4v\u00e4t merkinn\u00e4t<\/strong> on opiskelijan ohjeessa, kts. t\u00e4m\u00e4n sivun linkit.<\/p>\n\n\n\n<p><\/p>\n\n\n\n<p><\/p>\n\n\n<div id=\"link-lifts-block_ee08fc2a982418d966617cc620ab4ab6\" class=\"link-lifts block-link-lifts\">\n  <div class=\"row\">\n            <div class=\"col-12 col-lg-4 block-link-lifts__column\">\n          <div class=\"block-link-lifts__item lilac\">\n            <h3 class=\"block-link-lifts__item--heading\">Opiskelijan ohjeet<\/h3>\n                          <ul class=\"block-link-lifts__item--link-list\">\n                                                                        <li>\n                                              <a class=\"link-list\" href=\"https:\/\/help.jamk.fi\/opinnaytetyo\/fi\/opinnaytetyo\/julkisuus\/\" target=\"_self\">Opinn\u00e4ytety\u00f6n julkisuus<\/a>\n                                          <\/li>\n                                                <\/ul>\n            \n          <\/div>\n        <\/div>\n      <\/div>\n<\/div>\n\n\n<h2 class=\"wp-block-heading\">Wihin k\u00e4ytt\u00f6, kun ty\u00f6ss\u00e4 on salassapidett\u00e4vi\u00e4 liitteit\u00e4<\/h2>\n\n\n\n<p><strong>Luo Wihiin Luottamuksellinen alue <\/strong>klikkaamalla Ota luottamuksellinen alue k\u00e4ytt\u00f6\u00f6n -painiketta (kuvio 1). Tee t\u00e4m\u00e4 mieluiten jo ty\u00f6n suunnitteluvaiheessa. <br>Luottamuksellinen alue n\u00e4kyy k\u00e4ytt\u00f6\u00f6noton j\u00e4lkeen jokaisessa Wihin vaiheessa.<\/p>\n\n\n\n<figure class=\"wp-block-image size-large\"><img decoding=\"async\" src=\"https:\/\/help.jamk.fi\/opinnaytetyon-ohjaus\/wp-content\/uploads\/sites\/110\/2023\/09\/Ohjaajan-ota-luottamuksellinen-alue-kayttoon-painike.png\" alt=\"\" class=\"wp-image-1399\"\/><figcaption class=\"wp-element-caption\">Kuvio 1. Ota luottamuksellinen alue k\u00e4ytt\u00f6\u00f6n -toiminto<\/figcaption><\/figure>\n\n\n\n<p>Luottamuksellinen alue n\u00e4kyy vain ko. opiskelijalle, h\u00e4nen opinn\u00e4ytety\u00f6ns\u00e4 ohjaajalle ja 2. tarkastajalle. Se ei n\u00e4y kuitenkaan esim. koordinaattoreille. Opiskelija voi koko opinn\u00e4ytety\u00f6prosessin ajan k\u00e4ytt\u00e4\u00e4 salassapidett\u00e4vien tietojen lataamiseen ko. aluetta.<\/p>\n\n\n\n<h2 class=\"wp-block-heading\">Ty\u00f6n palauttaminen, kun siin\u00e4 on salassapidett\u00e4vi\u00e4 liitteit\u00e4<\/h2>\n\n\n\n<p><strong>Kun opinn\u00e4ytety\u00f6 sis\u00e4lt\u00e4\u00e4 salassapidett\u00e4vi\u00e4 liitteit\u00e4, opiskelija tekee ty\u00f6st\u00e4\u00e4n kaksi versiota<\/strong>: julkinen versio ja kokonainen versio. <strong>Pyyd\u00e4 opiskelijaa nime\u00e4m\u00e4\u00e4n tiedostot siten, <\/strong>ett\u00e4 ne on helppo erottaa toisistaan (esim. Opinn\u00e4ytety\u00f6_Opiskelija_Olli_julkinen.pdf ja Opinn\u00e4ytety\u00f6_Opiskelija_Olli_salattu.pdf ). Muutoin voi helposti k\u00e4yd\u00e4 virheit\u00e4, joiden paikkaaminen on ty\u00f6l\u00e4st\u00e4.<\/p>\n\n\n\n<p><strong>Opiskelija l\u00e4hett\u00e4\u00e4 Turnitin plagioinnintarkastukseen vain julkisen osan ty\u00f6st\u00e4\u00e4n.<\/strong> <br>Sen lis\u00e4ksi h\u00e4n palauttaa koko opinn\u00e4ytety\u00f6n salassapidett\u00e4vine liitteineen Luottamuksellinen alue -toimintoon yhten\u00e4 pdf-tiedostona.<\/p>\n\n\n<div id=\"link-lifts-block_c8ccc621b26b1ffb7878e37fdb04d6e2\" class=\"link-lifts block-link-lifts\">\n  <div class=\"row\">\n            <div class=\"col-12 col-lg-4 block-link-lifts__column\">\n          <div class=\"block-link-lifts__item lilac\">\n            <h3 class=\"block-link-lifts__item--heading\">Opiskelijan ohjeet<\/h3>\n                          <ul class=\"block-link-lifts__item--link-list\">\n                                                                        <li>\n                                              <a class=\"link-list\" href=\"https:\/\/help.jamk.fi\/opinnaytetyo\/fi\/opinnaytetyoprojekti\/valmis-arvioitavaksi\/palauttaminen\/\" target=\"_self\">Opinn\u00e4ytety\u00f6n palauttaminen<\/a>\n                                          <\/li>\n                                                <\/ul>\n            \n          <\/div>\n        <\/div>\n      <\/div>\n<\/div>\n\n\n<h2 class=\"wp-block-heading\">Arviointi, julkaisu ja arkistointi, kun ty\u00f6ss\u00e4 on salassapidett\u00e4vi\u00e4 liitteit\u00e4<\/h2>\n\n\n\n<p>Kun arvioit opinn\u00e4ytety\u00f6t\u00e4, jossa on salassapidett\u00e4vi\u00e4 liitteit\u00e4, <strong>valitse arviointilomakkeelle ruksi Opinn\u00e4ytety\u00f6 on salassapidett\u00e4v\u00e4 <\/strong>-kohtaan (kuvio 2). <br>Kun arviointi on valmis, <strong>ohjeista opiskelija julkaisemaan ty\u00f6ns\u00e4 julkinen versio Theseuksessa<\/strong>. Opiskelija liitt\u00e4\u00e4 Theseuksesta saamansa linkin Wihiin.<\/p>\n\n\n\n<figure class=\"wp-block-image size-large\"><img decoding=\"async\" src=\"https:\/\/help.jamk.fi\/opinnaytetyon-ohjaus\/wp-content\/uploads\/sites\/110\/2023\/09\/Ohjaajan-arviointilausuntolomake-ja-salassapidettava-opinnaytetyo.png\" alt=\"\" class=\"wp-image-1400\"\/><figcaption class=\"wp-element-caption\">Kuvio 2. Salassa pidett\u00e4v\u00e4n ty\u00f6n merkitseminen arviointilomakkeelle<\/figcaption><\/figure>\n\n\n\n<p><\/p>\n\n\n\n<p><\/p>\n\n\n\n<h4 class=\"wp-block-heading\"><strong>Hyv\u00e4ksy Theseus -linkki ja arkistoi ty\u00f6<\/strong><\/h4>\n\n\n\n<p>Kun Theseus-linkki on Wihissa ja olet p\u00e4\u00e4tt\u00e4m\u00e4ss\u00e4 projektia Wihin Hyv\u00e4ksy linkki -ikkunassa,<strong> valitse arkistoitavaksi ty\u00f6n kokonainen versio<\/strong>, eli se jossa salassapidett\u00e4v\u00e4t liitteet on mukana.  Huom. et n\u00e4e arkistoidessasi, milt\u00e4 alueelta Wihist\u00e4 olet dokumenttia arkistoimassa. <strong>Pyyd\u00e4 siis opiskelijaa nime\u00e4m\u00e4\u00e4n salassapidett\u00e4vi\u00e4 liitteit\u00e4 sis\u00e4lt\u00e4v\u00e4 ty\u00f6 siten<\/strong>, ett\u00e4 sinun on helppo valita oikea tiedosto alasvetovalikosta (kuvio 3.)<\/p>\n\n\n\n<figure class=\"wp-block-image size-full\"><img decoding=\"async\" src=\"https:\/\/help.jamk.fi\/opinnaytetyon-ohjaus\/wp-content\/uploads\/sites\/110\/2023\/09\/Ohjaaja-salassapidettavan-tyon-arkistointi.png\" alt=\"\" class=\"wp-image-1401\"\/><figcaption class=\"wp-element-caption\">Kuvio 3. Salassa pidett\u00e4vi\u00e4 liitteit\u00e4 sis\u00e4lt\u00e4v\u00e4n ty\u00f6n arkistointi<\/figcaption><\/figure>\n\n\n\n<p><\/p>\n\n\n\n<p><\/p>\n\n\n\n<p>Muokattu 18.12.2025 \/ Riikka Ahlgren<\/p>\n","protected":false},"excerpt":{"rendered":"<p>Opinn\u00e4ytety\u00f6 on lain mukaan julkinen asiakirja. Sen on oltava avoimesti arvioitavissa. Kokonaan salassa pidett\u00e4v\u00e4\u00e4 opinn\u00e4ytety\u00f6t\u00e4 ei Jamkissa voi tehd\u00e4. Julkisuudella turvataan opinn\u00e4ytet\u00f6iden objektiivinen ja tasapuolinen arviointi. Jokaisella on oikeus saada tieto julkisesta asiakirjasta. Opiskelijan tulee noudattaa hyv\u00e4\u00e4 tieteellist\u00e4 k\u00e4yt\u00e4nt\u00f6\u00e4 koko opinn\u00e4ytety\u00f6projektin ajan. T\u00e4m\u00e4 koskee kaikkia Jamkissa teht\u00e4vi\u00e4 opinn\u00e4ytet\u00f6it\u00e4. Liiteaineiston salassapitosopimus Jos opinn\u00e4ytety\u00f6ss\u00e4 on salassapidett\u00e4v\u00e4\u00e4 tietoa, [&hellip;]<\/p>\n","protected":false},"author":79,"featured_media":0,"parent":228,"menu_order":7,"comment_status":"closed","ping_status":"closed","template":"","meta":{"_acf_changed":false,"_relevanssi_hide_post":"","_relevanssi_hide_content":"","_relevanssi_pin_for_all":"","_relevanssi_pin_keywords":"","_relevanssi_unpin_keywords":"","_relevanssi_related_keywords":"","_relevanssi_related_include_ids":"","_relevanssi_related_exclude_ids":"","_relevanssi_related_no_append":"","_relevanssi_related_not_related":"","_relevanssi_related_posts":"","_relevanssi_noindex_reason":"","footnotes":""},"categories":[1],"tags":[],"class_list":["post-612","page","type-page","status-publish","hentry","category-yleinen"],"acf":[],"yoast_head":"<!-- This site is optimized with the Yoast SEO plugin v27.3 - https:\/\/yoast.com\/product\/yoast-seo-wordpress\/ -->\n<title>10.7 Salassapidett\u00e4vi\u00e4 liitteit\u00e4 sis\u00e4lt\u00e4v\u00e4 opinn\u00e4ytety\u00f6 Wihiss\u00e4 - Thesis Supervisor&#039;s Handbook<\/title>\n<meta name=\"robots\" content=\"index, follow, max-snippet:-1, max-image-preview:large, max-video-preview:-1\" \/>\n<link rel=\"canonical\" href=\"https:\/\/help.jamk.fi\/opinnaytetyon-ohjaus\/fi\/wihi-ohjeet-ohjaajalle\/salassa-pidettava-opinnaytetyo-wihissa\/\" \/>\n<meta property=\"og:locale\" content=\"fi_FI\" \/>\n<meta property=\"og:type\" content=\"article\" \/>\n<meta property=\"og:title\" content=\"10.7 Salassapidett\u00e4vi\u00e4 liitteit\u00e4 sis\u00e4lt\u00e4v\u00e4 opinn\u00e4ytety\u00f6 Wihiss\u00e4 - Thesis Supervisor&#039;s Handbook\" \/>\n<meta property=\"og:description\" content=\"Opinn\u00e4ytety\u00f6 on lain mukaan julkinen asiakirja. Sen on oltava avoimesti arvioitavissa. Kokonaan salassa pidett\u00e4v\u00e4\u00e4 opinn\u00e4ytety\u00f6t\u00e4 ei Jamkissa voi tehd\u00e4. Julkisuudella turvataan opinn\u00e4ytet\u00f6iden objektiivinen ja tasapuolinen arviointi. Jokaisella on oikeus saada tieto julkisesta asiakirjasta. Opiskelijan tulee noudattaa hyv\u00e4\u00e4 tieteellist\u00e4 k\u00e4yt\u00e4nt\u00f6\u00e4 koko opinn\u00e4ytety\u00f6projektin ajan. T\u00e4m\u00e4 koskee kaikkia Jamkissa teht\u00e4vi\u00e4 opinn\u00e4ytet\u00f6it\u00e4. Liiteaineiston salassapitosopimus Jos opinn\u00e4ytety\u00f6ss\u00e4 on salassapidett\u00e4v\u00e4\u00e4 tietoa, [&hellip;]\" \/>\n<meta property=\"og:url\" content=\"https:\/\/help.jamk.fi\/opinnaytetyon-ohjaus\/fi\/wihi-ohjeet-ohjaajalle\/salassa-pidettava-opinnaytetyo-wihissa\/\" \/>\n<meta property=\"og:site_name\" content=\"Thesis Supervisor&#039;s Handbook\" \/>\n<meta property=\"article:modified_time\" content=\"2025-12-18T08:19:35+00:00\" \/>\n<meta name=\"twitter:card\" content=\"summary_large_image\" \/>\n<meta name=\"twitter:label1\" content=\"Arvioitu lukuaika\" \/>\n\t<meta name=\"twitter:data1\" content=\"4 minuuttia\" \/>\n<script type=\"application\/ld+json\" class=\"yoast-schema-graph\">{\"@context\":\"https:\\\/\\\/schema.org\",\"@graph\":[{\"@type\":\"WebPage\",\"@id\":\"https:\\\/\\\/help.jamk.fi\\\/opinnaytetyon-ohjaus\\\/fi\\\/wihi-ohjeet-ohjaajalle\\\/salassa-pidettava-opinnaytetyo-wihissa\\\/\",\"url\":\"https:\\\/\\\/help.jamk.fi\\\/opinnaytetyon-ohjaus\\\/fi\\\/wihi-ohjeet-ohjaajalle\\\/salassa-pidettava-opinnaytetyo-wihissa\\\/\",\"name\":\"10.7 Salassapidett\u00e4vi\u00e4 liitteit\u00e4 sis\u00e4lt\u00e4v\u00e4 opinn\u00e4ytety\u00f6 Wihiss\u00e4 - Thesis Supervisor&#039;s Handbook\",\"isPartOf\":{\"@id\":\"https:\\\/\\\/help.jamk.fi\\\/opinnaytetyon-ohjaus\\\/#website\"},\"primaryImageOfPage\":{\"@id\":\"https:\\\/\\\/help.jamk.fi\\\/opinnaytetyon-ohjaus\\\/fi\\\/wihi-ohjeet-ohjaajalle\\\/salassa-pidettava-opinnaytetyo-wihissa\\\/#primaryimage\"},\"image\":{\"@id\":\"https:\\\/\\\/help.jamk.fi\\\/opinnaytetyon-ohjaus\\\/fi\\\/wihi-ohjeet-ohjaajalle\\\/salassa-pidettava-opinnaytetyo-wihissa\\\/#primaryimage\"},\"thumbnailUrl\":\"https:\\\/\\\/help.jamk.fi\\\/opinnaytetyon-ohjaus\\\/wp-content\\\/uploads\\\/sites\\\/110\\\/2023\\\/09\\\/Ohjaajan-ota-luottamuksellinen-alue-kayttoon-painike.png\",\"datePublished\":\"2023-02-23T11:25:26+00:00\",\"dateModified\":\"2025-12-18T08:19:35+00:00\",\"breadcrumb\":{\"@id\":\"https:\\\/\\\/help.jamk.fi\\\/opinnaytetyon-ohjaus\\\/fi\\\/wihi-ohjeet-ohjaajalle\\\/salassa-pidettava-opinnaytetyo-wihissa\\\/#breadcrumb\"},\"inLanguage\":\"fi\",\"potentialAction\":[{\"@type\":\"ReadAction\",\"target\":[\"https:\\\/\\\/help.jamk.fi\\\/opinnaytetyon-ohjaus\\\/fi\\\/wihi-ohjeet-ohjaajalle\\\/salassa-pidettava-opinnaytetyo-wihissa\\\/\"]}]},{\"@type\":\"ImageObject\",\"inLanguage\":\"fi\",\"@id\":\"https:\\\/\\\/help.jamk.fi\\\/opinnaytetyon-ohjaus\\\/fi\\\/wihi-ohjeet-ohjaajalle\\\/salassa-pidettava-opinnaytetyo-wihissa\\\/#primaryimage\",\"url\":\"https:\\\/\\\/help.jamk.fi\\\/opinnaytetyon-ohjaus\\\/wp-content\\\/uploads\\\/sites\\\/110\\\/2023\\\/09\\\/Ohjaajan-ota-luottamuksellinen-alue-kayttoon-painike.png\",\"contentUrl\":\"https:\\\/\\\/help.jamk.fi\\\/opinnaytetyon-ohjaus\\\/wp-content\\\/uploads\\\/sites\\\/110\\\/2023\\\/09\\\/Ohjaajan-ota-luottamuksellinen-alue-kayttoon-painike.png\"},{\"@type\":\"BreadcrumbList\",\"@id\":\"https:\\\/\\\/help.jamk.fi\\\/opinnaytetyon-ohjaus\\\/fi\\\/wihi-ohjeet-ohjaajalle\\\/salassa-pidettava-opinnaytetyo-wihissa\\\/#breadcrumb\",\"itemListElement\":[{\"@type\":\"ListItem\",\"position\":1,\"name\":\"Etusivu\",\"item\":\"https:\\\/\\\/help.jamk.fi\\\/opinnaytetyon-ohjaus\\\/fi\\\/\"},{\"@type\":\"ListItem\",\"position\":2,\"name\":\"10 Wihi-ohjeet ohjaajalle\",\"item\":\"https:\\\/\\\/help.jamk.fi\\\/opinnaytetyon-ohjaus\\\/fi\\\/wihi-ohjeet-ohjaajalle\\\/\"},{\"@type\":\"ListItem\",\"position\":3,\"name\":\"10.7 Salassapidett\u00e4vi\u00e4 liitteit\u00e4 sis\u00e4lt\u00e4v\u00e4 opinn\u00e4ytety\u00f6 Wihiss\u00e4\"}]},{\"@type\":\"WebSite\",\"@id\":\"https:\\\/\\\/help.jamk.fi\\\/opinnaytetyon-ohjaus\\\/#website\",\"url\":\"https:\\\/\\\/help.jamk.fi\\\/opinnaytetyon-ohjaus\\\/\",\"name\":\"Thesis Supervisor&#039;s Handbook\",\"description\":\"Opinn\u00e4ytety\u00f6n ohjaajan k\u00e4sikirja ja vinkkipankki\",\"potentialAction\":[{\"@type\":\"SearchAction\",\"target\":{\"@type\":\"EntryPoint\",\"urlTemplate\":\"https:\\\/\\\/help.jamk.fi\\\/opinnaytetyon-ohjaus\\\/?s={search_term_string}\"},\"query-input\":{\"@type\":\"PropertyValueSpecification\",\"valueRequired\":true,\"valueName\":\"search_term_string\"}}],\"inLanguage\":\"fi\"}]}<\/script>\n<!-- \/ Yoast SEO plugin. -->","yoast_head_json":{"title":"10.7 Salassapidett\u00e4vi\u00e4 liitteit\u00e4 sis\u00e4lt\u00e4v\u00e4 opinn\u00e4ytety\u00f6 Wihiss\u00e4 - Thesis Supervisor&#039;s Handbook","robots":{"index":"index","follow":"follow","max-snippet":"max-snippet:-1","max-image-preview":"max-image-preview:large","max-video-preview":"max-video-preview:-1"},"canonical":"https:\/\/help.jamk.fi\/opinnaytetyon-ohjaus\/fi\/wihi-ohjeet-ohjaajalle\/salassa-pidettava-opinnaytetyo-wihissa\/","og_locale":"fi_FI","og_type":"article","og_title":"10.7 Salassapidett\u00e4vi\u00e4 liitteit\u00e4 sis\u00e4lt\u00e4v\u00e4 opinn\u00e4ytety\u00f6 Wihiss\u00e4 - Thesis Supervisor&#039;s Handbook","og_description":"Opinn\u00e4ytety\u00f6 on lain mukaan julkinen asiakirja. Sen on oltava avoimesti arvioitavissa. Kokonaan salassa pidett\u00e4v\u00e4\u00e4 opinn\u00e4ytety\u00f6t\u00e4 ei Jamkissa voi tehd\u00e4. Julkisuudella turvataan opinn\u00e4ytet\u00f6iden objektiivinen ja tasapuolinen arviointi. Jokaisella on oikeus saada tieto julkisesta asiakirjasta. Opiskelijan tulee noudattaa hyv\u00e4\u00e4 tieteellist\u00e4 k\u00e4yt\u00e4nt\u00f6\u00e4 koko opinn\u00e4ytety\u00f6projektin ajan. T\u00e4m\u00e4 koskee kaikkia Jamkissa teht\u00e4vi\u00e4 opinn\u00e4ytet\u00f6it\u00e4. Liiteaineiston salassapitosopimus Jos opinn\u00e4ytety\u00f6ss\u00e4 on salassapidett\u00e4v\u00e4\u00e4 tietoa, [&hellip;]","og_url":"https:\/\/help.jamk.fi\/opinnaytetyon-ohjaus\/fi\/wihi-ohjeet-ohjaajalle\/salassa-pidettava-opinnaytetyo-wihissa\/","og_site_name":"Thesis Supervisor&#039;s Handbook","article_modified_time":"2025-12-18T08:19:35+00:00","twitter_card":"summary_large_image","twitter_misc":{"Arvioitu lukuaika":"4 minuuttia"},"schema":{"@context":"https:\/\/schema.org","@graph":[{"@type":"WebPage","@id":"https:\/\/help.jamk.fi\/opinnaytetyon-ohjaus\/fi\/wihi-ohjeet-ohjaajalle\/salassa-pidettava-opinnaytetyo-wihissa\/","url":"https:\/\/help.jamk.fi\/opinnaytetyon-ohjaus\/fi\/wihi-ohjeet-ohjaajalle\/salassa-pidettava-opinnaytetyo-wihissa\/","name":"10.7 Salassapidett\u00e4vi\u00e4 liitteit\u00e4 sis\u00e4lt\u00e4v\u00e4 opinn\u00e4ytety\u00f6 Wihiss\u00e4 - Thesis Supervisor&#039;s Handbook","isPartOf":{"@id":"https:\/\/help.jamk.fi\/opinnaytetyon-ohjaus\/#website"},"primaryImageOfPage":{"@id":"https:\/\/help.jamk.fi\/opinnaytetyon-ohjaus\/fi\/wihi-ohjeet-ohjaajalle\/salassa-pidettava-opinnaytetyo-wihissa\/#primaryimage"},"image":{"@id":"https:\/\/help.jamk.fi\/opinnaytetyon-ohjaus\/fi\/wihi-ohjeet-ohjaajalle\/salassa-pidettava-opinnaytetyo-wihissa\/#primaryimage"},"thumbnailUrl":"https:\/\/help.jamk.fi\/opinnaytetyon-ohjaus\/wp-content\/uploads\/sites\/110\/2023\/09\/Ohjaajan-ota-luottamuksellinen-alue-kayttoon-painike.png","datePublished":"2023-02-23T11:25:26+00:00","dateModified":"2025-12-18T08:19:35+00:00","breadcrumb":{"@id":"https:\/\/help.jamk.fi\/opinnaytetyon-ohjaus\/fi\/wihi-ohjeet-ohjaajalle\/salassa-pidettava-opinnaytetyo-wihissa\/#breadcrumb"},"inLanguage":"fi","potentialAction":[{"@type":"ReadAction","target":["https:\/\/help.jamk.fi\/opinnaytetyon-ohjaus\/fi\/wihi-ohjeet-ohjaajalle\/salassa-pidettava-opinnaytetyo-wihissa\/"]}]},{"@type":"ImageObject","inLanguage":"fi","@id":"https:\/\/help.jamk.fi\/opinnaytetyon-ohjaus\/fi\/wihi-ohjeet-ohjaajalle\/salassa-pidettava-opinnaytetyo-wihissa\/#primaryimage","url":"https:\/\/help.jamk.fi\/opinnaytetyon-ohjaus\/wp-content\/uploads\/sites\/110\/2023\/09\/Ohjaajan-ota-luottamuksellinen-alue-kayttoon-painike.png","contentUrl":"https:\/\/help.jamk.fi\/opinnaytetyon-ohjaus\/wp-content\/uploads\/sites\/110\/2023\/09\/Ohjaajan-ota-luottamuksellinen-alue-kayttoon-painike.png"},{"@type":"BreadcrumbList","@id":"https:\/\/help.jamk.fi\/opinnaytetyon-ohjaus\/fi\/wihi-ohjeet-ohjaajalle\/salassa-pidettava-opinnaytetyo-wihissa\/#breadcrumb","itemListElement":[{"@type":"ListItem","position":1,"name":"Etusivu","item":"https:\/\/help.jamk.fi\/opinnaytetyon-ohjaus\/fi\/"},{"@type":"ListItem","position":2,"name":"10 Wihi-ohjeet ohjaajalle","item":"https:\/\/help.jamk.fi\/opinnaytetyon-ohjaus\/fi\/wihi-ohjeet-ohjaajalle\/"},{"@type":"ListItem","position":3,"name":"10.7 Salassapidett\u00e4vi\u00e4 liitteit\u00e4 sis\u00e4lt\u00e4v\u00e4 opinn\u00e4ytety\u00f6 Wihiss\u00e4"}]},{"@type":"WebSite","@id":"https:\/\/help.jamk.fi\/opinnaytetyon-ohjaus\/#website","url":"https:\/\/help.jamk.fi\/opinnaytetyon-ohjaus\/","name":"Thesis Supervisor&#039;s Handbook","description":"Opinn\u00e4ytety\u00f6n ohjaajan k\u00e4sikirja ja vinkkipankki","potentialAction":[{"@type":"SearchAction","target":{"@type":"EntryPoint","urlTemplate":"https:\/\/help.jamk.fi\/opinnaytetyon-ohjaus\/?s={search_term_string}"},"query-input":{"@type":"PropertyValueSpecification","valueRequired":true,"valueName":"search_term_string"}}],"inLanguage":"fi"}]}},"_links":{"self":[{"href":"https:\/\/help.jamk.fi\/opinnaytetyon-ohjaus\/wp-json\/wp\/v2\/pages\/612","targetHints":{"allow":["GET"]}}],"collection":[{"href":"https:\/\/help.jamk.fi\/opinnaytetyon-ohjaus\/wp-json\/wp\/v2\/pages"}],"about":[{"href":"https:\/\/help.jamk.fi\/opinnaytetyon-ohjaus\/wp-json\/wp\/v2\/types\/page"}],"author":[{"embeddable":true,"href":"https:\/\/help.jamk.fi\/opinnaytetyon-ohjaus\/wp-json\/wp\/v2\/users\/79"}],"replies":[{"embeddable":true,"href":"https:\/\/help.jamk.fi\/opinnaytetyon-ohjaus\/wp-json\/wp\/v2\/comments?post=612"}],"version-history":[{"count":25,"href":"https:\/\/help.jamk.fi\/opinnaytetyon-ohjaus\/wp-json\/wp\/v2\/pages\/612\/revisions"}],"predecessor-version":[{"id":1944,"href":"https:\/\/help.jamk.fi\/opinnaytetyon-ohjaus\/wp-json\/wp\/v2\/pages\/612\/revisions\/1944"}],"up":[{"embeddable":true,"href":"https:\/\/help.jamk.fi\/opinnaytetyon-ohjaus\/wp-json\/wp\/v2\/pages\/228"}],"wp:attachment":[{"href":"https:\/\/help.jamk.fi\/opinnaytetyon-ohjaus\/wp-json\/wp\/v2\/media?parent=612"}],"wp:term":[{"taxonomy":"category","embeddable":true,"href":"https:\/\/help.jamk.fi\/opinnaytetyon-ohjaus\/wp-json\/wp\/v2\/categories?post=612"},{"taxonomy":"post_tag","embeddable":true,"href":"https:\/\/help.jamk.fi\/opinnaytetyon-ohjaus\/wp-json\/wp\/v2\/tags?post=612"}],"curies":[{"name":"wp","href":"https:\/\/api.w.org\/{rel}","templated":true}]}}