{"id":642,"date":"2023-05-08T07:10:53","date_gmt":"2023-05-08T04:10:53","guid":{"rendered":"https:\/\/help.jamk.fi\/yamk-kasikirja\/ohjaajan-linkit\/"},"modified":"2026-03-26T14:39:10","modified_gmt":"2026-03-26T12:39:10","slug":"ohjaajan-linkit","status":"publish","type":"page","link":"https:\/\/help.jamk.fi\/opinnaytetyon-ohjaus\/fi\/ohjaajan-linkit\/","title":{"rendered":"12 Ohjaajan linkit ja tuki"},"content":{"rendered":"\n<p>T\u00e4ll\u00e4 sivulla on opinn\u00e4ytety\u00f6n ohjaajalle linkkej\u00e4 ja muuta hy\u00f6dyllist\u00e4 tukimateriaalia.  Sivu p\u00e4ivittyy pian lis\u00e4\u00e4..<\/p>\n\n\n\n<p>Vastauksia opinn\u00e4ytety\u00f6n ohjauksen pulmiin ja Wihin kommervenkkeihin saa my\u00f6s<strong> Teams-ryhm\u00e4st\u00e4 &#8221;Verkko-opetus @Jamk&#8221; ja siell\u00e4 kanava Wihi. Tule mukaan!<\/strong><\/p>\n\n\n\n<p><\/p>\n\n\n\n<p>26.3.2025 \/ Riikka Ahlgren<\/p>\n\n\n<div id=\"link-lifts-block_1521e258b4828fbad74fea1b944b7bd7\" class=\"link-lifts block-link-lifts\">\n  <div class=\"row\">\n            <div class=\"col-12 col-lg-4 block-link-lifts__column\">\n          <div class=\"block-link-lifts__item pink\">\n            <h3 class=\"block-link-lifts__item--heading\"><\/h3>\n                          <ul class=\"block-link-lifts__item--link-list\">\n                                                                        <li>\n                                              <a class=\"link-list\" href=\"https:\/\/help.jamk.fi\/opinnaytetyo\/fi\/\" target=\"_self\">Opiskelijan opinn\u00e4ytety\u00f6ohje<\/a>\n                                          <\/li>\n                                                                                          <li>\n                                              <a class=\"link-list\" href=\"https:\/\/help.jamk.fi\/raportointiohje\/fi\/\" target=\"_self\">Opinn\u00e4ytety\u00f6n raportointiohje<\/a>\n                                          <\/li>\n                                                                                          <li>\n                                              <a class=\"link-list\" href=\"https:\/\/help.jamk.fi\/opinnaytetyo\/fi\/kypsyysnayte-osana-korkeakoulututkintoa\/\" target=\"_self\">Kypsyysn\u00e4ytteen ohje<\/a>\n                                          <\/li>\n                                                                                          <li>\n                                              <a class=\"link-list lock\" href=\"https:\/\/jamkstudent.sharepoint.com\/sites\/Opinnaytetyon-ohjaus-Elmo\" target=\"_self\" >Opinn\u00e4ytety\u00f6n ohjaus Elmo-intrassa<i  ><svg aria-hidden=\"true\" viewBox=\"0 0 24 24\" fill=\"none\" xmlns=\"http:\/\/www.w3.org\/2000\/svg\"><g clip-path=\"url(#clip0_1574_4368)\"><circle cx=\"12\" cy=\"12\" r=\"12\" fill=\"#0D004C\"\/><g clip-path=\"url(#clip1_1574_4368)\" fill=\"#fff\"><path d=\"M15.637 11.107v-2.68c0-1.967-1.632-3.57-3.637-3.57S8.363 6.46 8.363 8.43v2.68c-.752 0-1.363.6-1.363 1.338v5.357c0 .739.613 1.339 1.363 1.339h7.272c.752 0 1.363-.6 1.363-1.34v-5.356c0-.738-.61-1.339-1.363-1.339l.002-.001zM9.272 8.429c0-1.477 1.224-2.68 2.728-2.68 1.504 0 2.728 1.201 2.728 2.68v2.68H9.272v-2.68zm6.818 9.375a.451.451 0 01-.455.446H8.363a.45.45 0 01-.454-.446v-5.357a.45.45 0 01.454-.446h7.272c.251 0 .455.2.455.446v5.357z\"\/><path d=\"M12 13.34c-.503 0-.91.4-.91.892 0 .33.185.615.455.77v1.017a.45.45 0 00.455.446.45.45 0 00.454-.446v-1.017a.887.887 0 00.454-.77.902.902 0 00-.908-.892z\"\/><\/g><\/g><defs><clipPath id=\"clip0_1574_4368\"><path fill=\"#fff\" d=\"M0 0h24v24H0z\"\/><\/clipPath><clipPath id=\"clip1_1574_4368\"><path fill=\"#fff\" transform=\"translate(7 4.857)\" d=\"M0 0h10v14.286H0z\"\/><\/clipPath><\/defs><\/svg><\/i><\/a>\n                                          <\/li>\n                                                                                          <li>\n                                              <a class=\"link-list lock\" href=\"https:\/\/jamkstudent.sharepoint.com\/sites\/Opinnaytetyo-ja-kypsyysnayte-Elmo\" target=\"_self\" >Opiskelijan opinn\u00e4ytety\u00f6n sivut Elmo-intrassa<i  ><svg aria-hidden=\"true\" viewBox=\"0 0 24 24\" fill=\"none\" xmlns=\"http:\/\/www.w3.org\/2000\/svg\"><g clip-path=\"url(#clip0_1574_4368)\"><circle cx=\"12\" cy=\"12\" r=\"12\" fill=\"#0D004C\"\/><g clip-path=\"url(#clip1_1574_4368)\" fill=\"#fff\"><path d=\"M15.637 11.107v-2.68c0-1.967-1.632-3.57-3.637-3.57S8.363 6.46 8.363 8.43v2.68c-.752 0-1.363.6-1.363 1.338v5.357c0 .739.613 1.339 1.363 1.339h7.272c.752 0 1.363-.6 1.363-1.34v-5.356c0-.738-.61-1.339-1.363-1.339l.002-.001zM9.272 8.429c0-1.477 1.224-2.68 2.728-2.68 1.504 0 2.728 1.201 2.728 2.68v2.68H9.272v-2.68zm6.818 9.375a.451.451 0 01-.455.446H8.363a.45.45 0 01-.454-.446v-5.357a.45.45 0 01.454-.446h7.272c.251 0 .455.2.455.446v5.357z\"\/><path d=\"M12 13.34c-.503 0-.91.4-.91.892 0 .33.185.615.455.77v1.017a.45.45 0 00.455.446.45.45 0 00.454-.446v-1.017a.887.887 0 00.454-.77.902.902 0 00-.908-.892z\"\/><\/g><\/g><defs><clipPath id=\"clip0_1574_4368\"><path fill=\"#fff\" d=\"M0 0h24v24H0z\"\/><\/clipPath><clipPath id=\"clip1_1574_4368\"><path fill=\"#fff\" transform=\"translate(7 4.857)\" d=\"M0 0h10v14.286H0z\"\/><\/clipPath><\/defs><\/svg><\/i><\/a>\n                                          <\/li>\n                                                                                          <li>\n                                              <a class=\"link-list\" href=\"https:\/\/help.jamk.fi\/exam\/fi\/opettajalle\/luo-uusi-kypsyysnayte-tentti\/\" target=\"_self\">Exam-studion ohjeet<\/a>\n                                          <\/li>\n                                                <\/ul>\n            \n          <\/div>\n        <\/div>\n            <div class=\"col-12 col-lg-4 block-link-lifts__column\">\n          <div class=\"block-link-lifts__item pink\">\n            <h3 class=\"block-link-lifts__item--heading\"><\/h3>\n                          <ul class=\"block-link-lifts__item--link-list\">\n                                                                        <li>\n                                              <a class=\"link-list\" href=\"https:\/\/help.jamk.fi\/opinnaytetyon-ohjaus\/fi\/ohjaajan-linkit\/opinnaytetyon-ohjaajan-osaamismerkki\/\" target=\"_self\">Opinn\u00e4ytety\u00f6n ohjaajan osaamismerkki<\/a>\n                                          <\/li>\n                                                                                          <li>\n                                              <a class=\"link-list\" href=\"https:\/\/help.jamk.fi\/opinnaytetyon-ohjaus\/fi\/ohjaajan-linkit\/yhteiskirjoitettu-artikkeli-valmistuneesta-opinnaytetyosta\/\" target=\"_self\">Yhteiskirjoitettu artikkeli valmistuneesta opinn\u00e4ytety\u00f6st\u00e4<\/a>\n                                          <\/li>\n                                                                                          <li>\n                                              <a class=\"link-list\" href=\"https:\/\/help.jamk.fi\/opinnaytetyon-ohjaus\/fi\/ohjaajan-linkit\/tapoja-tuoda-uutta-tietoa-artikkeleihin\/\" target=\"_self\">Tapoja tuoda uutta tietoa artikkeleihin<\/a>\n                                          <\/li>\n                                                <\/ul>\n            \n          <\/div>\n        <\/div>\n      <\/div>\n<\/div>","protected":false},"excerpt":{"rendered":"<p>T\u00e4ll\u00e4 sivulla on opinn\u00e4ytety\u00f6n ohjaajalle linkkej\u00e4 ja muuta hy\u00f6dyllist\u00e4 tukimateriaalia. Sivu p\u00e4ivittyy pian lis\u00e4\u00e4.. Vastauksia opinn\u00e4ytety\u00f6n ohjauksen pulmiin ja Wihin kommervenkkeihin saa my\u00f6s Teams-ryhm\u00e4st\u00e4 &#8221;Verkko-opetus @Jamk&#8221; ja siell\u00e4 kanava Wihi. Tule mukaan! 26.3.2025 \/ Riikka Ahlgren<\/p>\n","protected":false},"author":79,"featured_media":0,"parent":0,"menu_order":12,"comment_status":"closed","ping_status":"closed","template":"","meta":{"_acf_changed":false,"_relevanssi_hide_post":"","_relevanssi_hide_content":"","_relevanssi_pin_for_all":"","_relevanssi_pin_keywords":"","_relevanssi_unpin_keywords":"","_relevanssi_related_keywords":"","_relevanssi_related_include_ids":"","_relevanssi_related_exclude_ids":"","_relevanssi_related_no_append":"","_relevanssi_related_not_related":"","_relevanssi_related_posts":"","_relevanssi_noindex_reason":"","footnotes":""},"categories":[1],"tags":[],"class_list":["post-642","page","type-page","status-publish","hentry","category-yleinen"],"acf":[],"yoast_head":"<!-- This site is optimized with the Yoast SEO plugin v27.3 - https:\/\/yoast.com\/product\/yoast-seo-wordpress\/ -->\n<title>12 Ohjaajan linkit ja tuki - Thesis Supervisor&#039;s Handbook<\/title>\n<meta name=\"robots\" content=\"index, follow, max-snippet:-1, max-image-preview:large, max-video-preview:-1\" \/>\n<link rel=\"canonical\" href=\"https:\/\/help.jamk.fi\/opinnaytetyon-ohjaus\/fi\/ohjaajan-linkit\/\" \/>\n<meta property=\"og:locale\" content=\"fi_FI\" \/>\n<meta property=\"og:type\" content=\"article\" \/>\n<meta property=\"og:title\" content=\"12 Ohjaajan linkit ja tuki - Thesis Supervisor&#039;s Handbook\" \/>\n<meta property=\"og:description\" content=\"T\u00e4ll\u00e4 sivulla on opinn\u00e4ytety\u00f6n ohjaajalle linkkej\u00e4 ja muuta hy\u00f6dyllist\u00e4 tukimateriaalia. Sivu p\u00e4ivittyy pian lis\u00e4\u00e4.. Vastauksia opinn\u00e4ytety\u00f6n ohjauksen pulmiin ja Wihin kommervenkkeihin saa my\u00f6s Teams-ryhm\u00e4st\u00e4 &#8221;Verkko-opetus @Jamk&#8221; ja siell\u00e4 kanava Wihi. Tule mukaan! 26.3.2025 \/ Riikka Ahlgren\" \/>\n<meta property=\"og:url\" content=\"https:\/\/help.jamk.fi\/opinnaytetyon-ohjaus\/fi\/ohjaajan-linkit\/\" \/>\n<meta property=\"og:site_name\" content=\"Thesis Supervisor&#039;s Handbook\" \/>\n<meta property=\"article:modified_time\" content=\"2026-03-26T12:39:10+00:00\" \/>\n<meta name=\"twitter:card\" content=\"summary_large_image\" \/>\n<meta name=\"twitter:label1\" content=\"Arvioitu lukuaika\" \/>\n\t<meta name=\"twitter:data1\" content=\"1 minuutti\" \/>\n<script type=\"application\/ld+json\" class=\"yoast-schema-graph\">{\"@context\":\"https:\\\/\\\/schema.org\",\"@graph\":[{\"@type\":\"WebPage\",\"@id\":\"https:\\\/\\\/help.jamk.fi\\\/opinnaytetyon-ohjaus\\\/fi\\\/ohjaajan-linkit\\\/\",\"url\":\"https:\\\/\\\/help.jamk.fi\\\/opinnaytetyon-ohjaus\\\/fi\\\/ohjaajan-linkit\\\/\",\"name\":\"12 Ohjaajan linkit ja tuki - Thesis Supervisor&#039;s Handbook\",\"isPartOf\":{\"@id\":\"https:\\\/\\\/help.jamk.fi\\\/opinnaytetyon-ohjaus\\\/#website\"},\"datePublished\":\"2023-05-08T04:10:53+00:00\",\"dateModified\":\"2026-03-26T12:39:10+00:00\",\"breadcrumb\":{\"@id\":\"https:\\\/\\\/help.jamk.fi\\\/opinnaytetyon-ohjaus\\\/fi\\\/ohjaajan-linkit\\\/#breadcrumb\"},\"inLanguage\":\"fi\",\"potentialAction\":[{\"@type\":\"ReadAction\",\"target\":[\"https:\\\/\\\/help.jamk.fi\\\/opinnaytetyon-ohjaus\\\/fi\\\/ohjaajan-linkit\\\/\"]}]},{\"@type\":\"BreadcrumbList\",\"@id\":\"https:\\\/\\\/help.jamk.fi\\\/opinnaytetyon-ohjaus\\\/fi\\\/ohjaajan-linkit\\\/#breadcrumb\",\"itemListElement\":[{\"@type\":\"ListItem\",\"position\":1,\"name\":\"Etusivu\",\"item\":\"https:\\\/\\\/help.jamk.fi\\\/opinnaytetyon-ohjaus\\\/fi\\\/\"},{\"@type\":\"ListItem\",\"position\":2,\"name\":\"12 Ohjaajan linkit ja tuki\"}]},{\"@type\":\"WebSite\",\"@id\":\"https:\\\/\\\/help.jamk.fi\\\/opinnaytetyon-ohjaus\\\/#website\",\"url\":\"https:\\\/\\\/help.jamk.fi\\\/opinnaytetyon-ohjaus\\\/\",\"name\":\"Thesis Supervisor&#039;s Handbook\",\"description\":\"Opinn\u00e4ytety\u00f6n ohjaajan k\u00e4sikirja ja vinkkipankki\",\"potentialAction\":[{\"@type\":\"SearchAction\",\"target\":{\"@type\":\"EntryPoint\",\"urlTemplate\":\"https:\\\/\\\/help.jamk.fi\\\/opinnaytetyon-ohjaus\\\/?s={search_term_string}\"},\"query-input\":{\"@type\":\"PropertyValueSpecification\",\"valueRequired\":true,\"valueName\":\"search_term_string\"}}],\"inLanguage\":\"fi\"}]}<\/script>\n<!-- \/ Yoast SEO plugin. -->","yoast_head_json":{"title":"12 Ohjaajan linkit ja tuki - Thesis Supervisor&#039;s Handbook","robots":{"index":"index","follow":"follow","max-snippet":"max-snippet:-1","max-image-preview":"max-image-preview:large","max-video-preview":"max-video-preview:-1"},"canonical":"https:\/\/help.jamk.fi\/opinnaytetyon-ohjaus\/fi\/ohjaajan-linkit\/","og_locale":"fi_FI","og_type":"article","og_title":"12 Ohjaajan linkit ja tuki - Thesis Supervisor&#039;s Handbook","og_description":"T\u00e4ll\u00e4 sivulla on opinn\u00e4ytety\u00f6n ohjaajalle linkkej\u00e4 ja muuta hy\u00f6dyllist\u00e4 tukimateriaalia. Sivu p\u00e4ivittyy pian lis\u00e4\u00e4.. Vastauksia opinn\u00e4ytety\u00f6n ohjauksen pulmiin ja Wihin kommervenkkeihin saa my\u00f6s Teams-ryhm\u00e4st\u00e4 &#8221;Verkko-opetus @Jamk&#8221; ja siell\u00e4 kanava Wihi. Tule mukaan! 26.3.2025 \/ Riikka Ahlgren","og_url":"https:\/\/help.jamk.fi\/opinnaytetyon-ohjaus\/fi\/ohjaajan-linkit\/","og_site_name":"Thesis Supervisor&#039;s Handbook","article_modified_time":"2026-03-26T12:39:10+00:00","twitter_card":"summary_large_image","twitter_misc":{"Arvioitu lukuaika":"1 minuutti"},"schema":{"@context":"https:\/\/schema.org","@graph":[{"@type":"WebPage","@id":"https:\/\/help.jamk.fi\/opinnaytetyon-ohjaus\/fi\/ohjaajan-linkit\/","url":"https:\/\/help.jamk.fi\/opinnaytetyon-ohjaus\/fi\/ohjaajan-linkit\/","name":"12 Ohjaajan linkit ja tuki - Thesis Supervisor&#039;s Handbook","isPartOf":{"@id":"https:\/\/help.jamk.fi\/opinnaytetyon-ohjaus\/#website"},"datePublished":"2023-05-08T04:10:53+00:00","dateModified":"2026-03-26T12:39:10+00:00","breadcrumb":{"@id":"https:\/\/help.jamk.fi\/opinnaytetyon-ohjaus\/fi\/ohjaajan-linkit\/#breadcrumb"},"inLanguage":"fi","potentialAction":[{"@type":"ReadAction","target":["https:\/\/help.jamk.fi\/opinnaytetyon-ohjaus\/fi\/ohjaajan-linkit\/"]}]},{"@type":"BreadcrumbList","@id":"https:\/\/help.jamk.fi\/opinnaytetyon-ohjaus\/fi\/ohjaajan-linkit\/#breadcrumb","itemListElement":[{"@type":"ListItem","position":1,"name":"Etusivu","item":"https:\/\/help.jamk.fi\/opinnaytetyon-ohjaus\/fi\/"},{"@type":"ListItem","position":2,"name":"12 Ohjaajan linkit ja tuki"}]},{"@type":"WebSite","@id":"https:\/\/help.jamk.fi\/opinnaytetyon-ohjaus\/#website","url":"https:\/\/help.jamk.fi\/opinnaytetyon-ohjaus\/","name":"Thesis Supervisor&#039;s Handbook","description":"Opinn\u00e4ytety\u00f6n ohjaajan k\u00e4sikirja ja vinkkipankki","potentialAction":[{"@type":"SearchAction","target":{"@type":"EntryPoint","urlTemplate":"https:\/\/help.jamk.fi\/opinnaytetyon-ohjaus\/?s={search_term_string}"},"query-input":{"@type":"PropertyValueSpecification","valueRequired":true,"valueName":"search_term_string"}}],"inLanguage":"fi"}]}},"_links":{"self":[{"href":"https:\/\/help.jamk.fi\/opinnaytetyon-ohjaus\/wp-json\/wp\/v2\/pages\/642","targetHints":{"allow":["GET"]}}],"collection":[{"href":"https:\/\/help.jamk.fi\/opinnaytetyon-ohjaus\/wp-json\/wp\/v2\/pages"}],"about":[{"href":"https:\/\/help.jamk.fi\/opinnaytetyon-ohjaus\/wp-json\/wp\/v2\/types\/page"}],"author":[{"embeddable":true,"href":"https:\/\/help.jamk.fi\/opinnaytetyon-ohjaus\/wp-json\/wp\/v2\/users\/79"}],"replies":[{"embeddable":true,"href":"https:\/\/help.jamk.fi\/opinnaytetyon-ohjaus\/wp-json\/wp\/v2\/comments?post=642"}],"version-history":[{"count":16,"href":"https:\/\/help.jamk.fi\/opinnaytetyon-ohjaus\/wp-json\/wp\/v2\/pages\/642\/revisions"}],"predecessor-version":[{"id":1971,"href":"https:\/\/help.jamk.fi\/opinnaytetyon-ohjaus\/wp-json\/wp\/v2\/pages\/642\/revisions\/1971"}],"wp:attachment":[{"href":"https:\/\/help.jamk.fi\/opinnaytetyon-ohjaus\/wp-json\/wp\/v2\/media?parent=642"}],"wp:term":[{"taxonomy":"category","embeddable":true,"href":"https:\/\/help.jamk.fi\/opinnaytetyon-ohjaus\/wp-json\/wp\/v2\/categories?post=642"},{"taxonomy":"post_tag","embeddable":true,"href":"https:\/\/help.jamk.fi\/opinnaytetyon-ohjaus\/wp-json\/wp\/v2\/tags?post=642"}],"curies":[{"name":"wp","href":"https:\/\/api.w.org\/{rel}","templated":true}]}}