{"id":74,"date":"2022-05-27T11:40:59","date_gmt":"2022-05-27T08:40:59","guid":{"rendered":"https:\/\/help.jamk.fi\/yamk-kasikirja\/tyoelaman-tutkiva-kehittamistoiminta\/"},"modified":"2025-02-18T15:11:44","modified_gmt":"2025-02-18T13:11:44","slug":"tyoelaman-tutkiva-kehittamistoiminta","status":"publish","type":"page","link":"https:\/\/help.jamk.fi\/opinnaytetyon-ohjaus\/fi\/tyoelaman-tutkiva-kehittamistoiminta\/","title":{"rendered":"9 Ty\u00f6el\u00e4m\u00e4n tutkiva kehitt\u00e4mistoiminta"},"content":{"rendered":"\n<h2 class=\"wp-block-heading\">Mit\u00e4 tutkiva kehitt\u00e4mistoiminta on?<\/h2>\n\n\n\n<p><strong>Ty\u00f6el\u00e4m\u00e4n kehitt\u00e4mistoiminnassa<\/strong> sovelletaan tutkimuksissa saatua tietoa ty\u00f6el\u00e4m\u00e4n kehitt\u00e4mis- ja uudistamistarpeisiin. <strong>Tutkimus<\/strong> tuottaa uutta tietoa ja asioita, joita voidaan soveltaa k\u00e4yt\u00e4nt\u00f6\u00f6n. <strong>Tutkimuksellinen kehitt\u00e4mistoiminta<\/strong> j\u00e4\u00e4 ty\u00f6el\u00e4m\u00e4n kehitt\u00e4mistoiminnan ja tutkimuksen v\u00e4limaastoon. Siin\u00e4 yhdistyy konkreettinen kehitt\u00e4mistoiminta ja tutkimuksellinen l\u00e4hestymistapa. Kehitt\u00e4v\u00e4ss\u00e4 tutkimuksessa edet\u00e4\u00e4n tutkimuksellisesta kysymyksen asettelusta ja menetelmist\u00e4 kohti konkreettista kehitt\u00e4mistoimintaa. Tuotettu tieto vastaa tiedeyhteis\u00f6n intressej\u00e4 ja p\u00e4\u00e4paino on tutkimuksella. Tutkimuksellisessa kehitt\u00e4mistoiminnassa l\u00e4ht\u00f6kohta on k\u00e4yt\u00e4nn\u00f6n ongelmat ja kysymykset, jotka ohjaavat tiedon tuottamista. Tietoa tuotetaan k\u00e4yt\u00e4nn\u00f6n toimintaymp\u00e4rist\u00f6iss\u00e4. Apuna t\u00e4ss\u00e4 toimivat tutkimukselliset asetelmat ja menetelm\u00e4t. P\u00e4\u00e4paino on kehitt\u00e4mistoiminnassa, jossa hy\u00f6dynnet\u00e4\u00e4n tutkimuksellisia periaatteita. Tutkimuksellinen kehitt\u00e4mistoiminta ei pelk\u00e4st\u00e4\u00e4n ratkaise yksitt\u00e4ist\u00e4 konkreettista ongelmaa, vaan samalla pyrit\u00e4\u00e4n tuottamaan tietoa my\u00f6s laajempaan keskusteluun. Esimerkkej\u00e4 tutkimuksellisen kehitt\u00e4mistoiminnan ja kehitt\u00e4v\u00e4n tutkimuksen suuntauksia: Toimintatutkimus, kehitt\u00e4v\u00e4 ty\u00f6ntutkimus, k\u00e4yt\u00e4nt\u00f6tutkimus ja ty\u00f6el\u00e4m\u00e4n tutkimusavusteinen kehitt\u00e4minen. (Toikko &amp; Rantanen 2009.)<\/p>\n\n\n\n<p>Kehitt\u00e4mistoiminnan prosessi koostuu erilaisista vaiheista teht\u00e4v\u00e4kokonaisuuksineen. Toikko ja Rantanen kuvaavat kehitt\u00e4misprosessia viiden keskeisen teht\u00e4v\u00e4n avulla. N\u00e4it\u00e4 teht\u00e4vi\u00e4 ovat: perustelu, organisointi, toteutus, levitt\u00e4minen ja arviointi. Kehitt\u00e4misprosessia voidaan kuvata erilaisten mallien avulla. T\u00e4llaisia malleja ovat esimerkiksi lineaarinen malli, spiraalimalli ja tasomalli. (Toikko &amp; Rantanen 2009.)<\/p>\n\n\n\n<p>J\u00e4ms\u00e4 (2014)&nbsp;on tarkastellut ty\u00f6el\u00e4m\u00e4l\u00e4ht\u00f6ist\u00e4 oppimista kuntoutuksen ylemm\u00e4ss\u00e4 ammattikorkeakoulututkinnossa. H\u00e4n jakoi ty\u00f6el\u00e4m\u00e4 kehitt\u00e4misen vaiheet seuraavasti:<\/p>\n\n\n\n<ol class=\"wp-block-list\">\n<li>Yhteisen tietoperustan rakentaminen\n<ul class=\"wp-block-list\">\n<li>haastattelu: esimerkiksi haastattelemalla ja ker\u00e4\u00e4m\u00e4ll\u00e4 tietoa ty\u00f6yhteis\u00f6n j\u00e4senilt\u00e4; yksil\u00f6haastattelut, ryhm\u00e4haastattelut; eri osapuolten n\u00e4kemykset ty\u00f6yhteis\u00f6n kehitt\u00e4mistoiminnasta<\/li>\n\n\n\n<li>moniammatillisen tietoperustan kehitt\u00e4minen esimerkiksi hy\u00f6dynt\u00e4m\u00e4ll\u00e4 toiminnan kehitt\u00e4v\u00e4\u00e4 arviointia (toiminnan tarkastelu ja kyseenalaistaminen, itsearviointi, asiakaspalautteiden hy\u00f6dynt\u00e4minen ja niiden merkityksen tiedostaminen, asioiden arviointi yrityksen\/ty\u00f6yhteis\u00f6n johdon tasolla)<\/li>\n\n\n\n<li>moniammatillisen ty\u00f6skentelyn kehitt\u00e4misess\u00e4 t\u00e4rkeit\u00e4 osatekij\u00f6it\u00e4 ovat: tiedon jakaminen koko ty\u00f6yhteis\u00f6n kesken, laajentunut tiedon hy\u00f6dynt\u00e4minen, yhteisten tavoitteiden selkiytyminen, ammattirajojen ylitykset, osaamisen jakaminen ja moniammatillisuuden ymm\u00e4rt\u00e4minen<\/li>\n\n\n\n<li>ammatillinen kehittyminen tarkoittaa omien ty\u00f6tapojen ja oman roolin selkiytymist\u00e4 sek\u00e4\u00a0ammattitaidon vahvistumisen lis\u00e4ksi osaamisen uudistamisen ja\u00a0lis\u00e4\u00e4misen tarpeen tunnistamista<\/li>\n<\/ul>\n<\/li>\n\n\n\n<li>Yhteinen kehitt\u00e4minen\n<ul class=\"wp-block-list\">\n<li>toimintamallien selkiytyminen ja vahvistuminen<\/li>\n\n\n\n<li>teoreettisen tiedon k\u00e4ytt\u00f6 ty\u00f6n n\u00e4kyv\u00e4ksi tekemisess\u00e4<\/li>\n\n\n\n<li>jakamisen kulttuurin ja ty\u00f6yhteis\u00f6n dialogisen kulttuurin\u00a0lis\u00e4\u00e4ntyminen<\/li>\n<\/ul>\n<\/li>\n\n\n\n<li>Ty\u00f6el\u00e4m\u00e4l\u00e4ht\u00f6inen oppiminen\n<ul class=\"wp-block-list\">\n<li>opiskelijan oppimisen tavoitteet<\/li>\n\n\n\n<li>oppimista edist\u00e4v\u00e4t tekij\u00e4t<\/li>\n\n\n\n<li>oppimisyhteis\u00f6<\/li>\n\n\n\n<li>oppimista ohjaavat toimintaperiaatteet ty\u00f6el\u00e4m\u00e4l\u00e4ht\u00f6isess\u00e4 oppimisessa<\/li>\n<\/ul>\n<\/li>\n<\/ol>\n\n\n\n<p>Osallisuuden kokemus on olennaisen t\u00e4rke\u00e4\u00e4 ty\u00f6yhteis\u00f6n tutkivassa kehitt\u00e4misess\u00e4. Yhteisen kehitt\u00e4misen ja osallisuuden kokemuksen kautta ty\u00f6ntekij\u00f6iden vaikuttamisen mahdollisuudet ty\u00f6n sis\u00e4lt\u00f6\u00f6n ja toteuttamiseen vahvistuvat, mik\u00e4 lis\u00e4\u00e4 my\u00f6s ty\u00f6hyvinvointia. (J\u00e4ms\u00e4 2014.)<\/p>\n\n\n\n<h2 class=\"wp-block-heading\">Kirjallisuutta<\/h2>\n\n\n\n<p>J\u00e4ms\u00e4, U. 2014. Kuntoutuksen muutosagentit. Tutkimus ty\u00f6el\u00e4m\u00e4l\u00e4ht\u00f6isest\u00e4 oppimisesta ylemm\u00e4ss\u00e4 ammattikorkeakoulutuksessa. Acta Universitatis Ouluensis D Medica 1252. <a href=\"http:\/\/urn.fi\/urn:isbn:9789526204987\" target=\"_blank\" rel=\"noreferrer noopener\">http:\/\/urn.fi\/urn:isbn:9789526204987<\/a><\/p>\n\n\n\n<p>Toikko, T. &amp; Rantanen, T. 2009. Tutkimuksellinen kehitt\u00e4mistoiminta. Tampere: Tampereen yliopistopaino oy. Viitattu 27.5.2022. <a href=\"https:\/\/urn.fi\/URN:ISBN:978-951-44-7732-4\" target=\"_blank\" rel=\"noreferrer noopener\">https:\/\/urn.fi\/URN:ISBN:978-951-44-7732-4 <\/a><\/p>\n\n\n\n<p>P\u00e4ivitetty 27.5.2022<\/p>\n","protected":false},"excerpt":{"rendered":"<p>Mit\u00e4 tutkiva kehitt\u00e4mistoiminta on? Ty\u00f6el\u00e4m\u00e4n kehitt\u00e4mistoiminnassa sovelletaan tutkimuksissa saatua tietoa ty\u00f6el\u00e4m\u00e4n kehitt\u00e4mis- ja uudistamistarpeisiin. Tutkimus tuottaa uutta tietoa ja asioita, joita voidaan soveltaa k\u00e4yt\u00e4nt\u00f6\u00f6n. Tutkimuksellinen kehitt\u00e4mistoiminta j\u00e4\u00e4 ty\u00f6el\u00e4m\u00e4n kehitt\u00e4mistoiminnan ja tutkimuksen v\u00e4limaastoon. Siin\u00e4 yhdistyy konkreettinen kehitt\u00e4mistoiminta ja tutkimuksellinen l\u00e4hestymistapa. Kehitt\u00e4v\u00e4ss\u00e4 tutkimuksessa edet\u00e4\u00e4n tutkimuksellisesta kysymyksen asettelusta ja menetelmist\u00e4 kohti konkreettista kehitt\u00e4mistoimintaa. Tuotettu tieto vastaa tiedeyhteis\u00f6n intressej\u00e4 [&hellip;]<\/p>\n","protected":false},"author":79,"featured_media":0,"parent":0,"menu_order":9,"comment_status":"closed","ping_status":"closed","template":"","meta":{"_acf_changed":false,"_relevanssi_hide_post":"","_relevanssi_hide_content":"","_relevanssi_pin_for_all":"","_relevanssi_pin_keywords":"","_relevanssi_unpin_keywords":"","_relevanssi_related_keywords":"","_relevanssi_related_include_ids":"","_relevanssi_related_exclude_ids":"","_relevanssi_related_no_append":"","_relevanssi_related_not_related":"","_relevanssi_related_posts":"","_relevanssi_noindex_reason":"","footnotes":""},"categories":[1],"tags":[65,71,77],"class_list":["post-74","page","type-page","status-publish","hentry","category-yleinen","tag-toiminnallinen","tag-tutkimuksellinen-kehittamistyo","tag-tutkiva-kehittaminen"],"acf":[],"yoast_head":"<!-- This site is optimized with the Yoast SEO plugin v27.4 - https:\/\/yoast.com\/product\/yoast-seo-wordpress\/ -->\n<title>9 Ty\u00f6el\u00e4m\u00e4n tutkiva kehitt\u00e4mistoiminta - Thesis Supervisor&#039;s Handbook<\/title>\n<meta name=\"robots\" content=\"index, follow, max-snippet:-1, max-image-preview:large, max-video-preview:-1\" \/>\n<link rel=\"canonical\" href=\"https:\/\/help.jamk.fi\/opinnaytetyon-ohjaus\/fi\/tyoelaman-tutkiva-kehittamistoiminta\/\" \/>\n<meta property=\"og:locale\" content=\"fi_FI\" \/>\n<meta property=\"og:type\" content=\"article\" \/>\n<meta property=\"og:title\" content=\"9 Ty\u00f6el\u00e4m\u00e4n tutkiva kehitt\u00e4mistoiminta - Thesis Supervisor&#039;s Handbook\" \/>\n<meta property=\"og:description\" content=\"Mit\u00e4 tutkiva kehitt\u00e4mistoiminta on? Ty\u00f6el\u00e4m\u00e4n kehitt\u00e4mistoiminnassa sovelletaan tutkimuksissa saatua tietoa ty\u00f6el\u00e4m\u00e4n kehitt\u00e4mis- ja uudistamistarpeisiin. Tutkimus tuottaa uutta tietoa ja asioita, joita voidaan soveltaa k\u00e4yt\u00e4nt\u00f6\u00f6n. Tutkimuksellinen kehitt\u00e4mistoiminta j\u00e4\u00e4 ty\u00f6el\u00e4m\u00e4n kehitt\u00e4mistoiminnan ja tutkimuksen v\u00e4limaastoon. Siin\u00e4 yhdistyy konkreettinen kehitt\u00e4mistoiminta ja tutkimuksellinen l\u00e4hestymistapa. Kehitt\u00e4v\u00e4ss\u00e4 tutkimuksessa edet\u00e4\u00e4n tutkimuksellisesta kysymyksen asettelusta ja menetelmist\u00e4 kohti konkreettista kehitt\u00e4mistoimintaa. Tuotettu tieto vastaa tiedeyhteis\u00f6n intressej\u00e4 [&hellip;]\" \/>\n<meta property=\"og:url\" content=\"https:\/\/help.jamk.fi\/opinnaytetyon-ohjaus\/fi\/tyoelaman-tutkiva-kehittamistoiminta\/\" \/>\n<meta property=\"og:site_name\" content=\"Thesis Supervisor&#039;s Handbook\" \/>\n<meta property=\"article:modified_time\" content=\"2025-02-18T13:11:44+00:00\" \/>\n<meta name=\"twitter:card\" content=\"summary_large_image\" \/>\n<meta name=\"twitter:label1\" content=\"Arvioitu lukuaika\" \/>\n\t<meta name=\"twitter:data1\" content=\"3 minuuttia\" \/>\n<script type=\"application\/ld+json\" class=\"yoast-schema-graph\">{\"@context\":\"https:\\\/\\\/schema.org\",\"@graph\":[{\"@type\":\"WebPage\",\"@id\":\"https:\\\/\\\/help.jamk.fi\\\/opinnaytetyon-ohjaus\\\/fi\\\/tyoelaman-tutkiva-kehittamistoiminta\\\/\",\"url\":\"https:\\\/\\\/help.jamk.fi\\\/opinnaytetyon-ohjaus\\\/fi\\\/tyoelaman-tutkiva-kehittamistoiminta\\\/\",\"name\":\"9 Ty\u00f6el\u00e4m\u00e4n tutkiva kehitt\u00e4mistoiminta - Thesis Supervisor&#039;s Handbook\",\"isPartOf\":{\"@id\":\"https:\\\/\\\/help.jamk.fi\\\/opinnaytetyon-ohjaus\\\/#website\"},\"datePublished\":\"2022-05-27T08:40:59+00:00\",\"dateModified\":\"2025-02-18T13:11:44+00:00\",\"breadcrumb\":{\"@id\":\"https:\\\/\\\/help.jamk.fi\\\/opinnaytetyon-ohjaus\\\/fi\\\/tyoelaman-tutkiva-kehittamistoiminta\\\/#breadcrumb\"},\"inLanguage\":\"fi\",\"potentialAction\":[{\"@type\":\"ReadAction\",\"target\":[\"https:\\\/\\\/help.jamk.fi\\\/opinnaytetyon-ohjaus\\\/fi\\\/tyoelaman-tutkiva-kehittamistoiminta\\\/\"]}]},{\"@type\":\"BreadcrumbList\",\"@id\":\"https:\\\/\\\/help.jamk.fi\\\/opinnaytetyon-ohjaus\\\/fi\\\/tyoelaman-tutkiva-kehittamistoiminta\\\/#breadcrumb\",\"itemListElement\":[{\"@type\":\"ListItem\",\"position\":1,\"name\":\"Etusivu\",\"item\":\"https:\\\/\\\/help.jamk.fi\\\/opinnaytetyon-ohjaus\\\/fi\\\/\"},{\"@type\":\"ListItem\",\"position\":2,\"name\":\"9 Ty\u00f6el\u00e4m\u00e4n tutkiva kehitt\u00e4mistoiminta\"}]},{\"@type\":\"WebSite\",\"@id\":\"https:\\\/\\\/help.jamk.fi\\\/opinnaytetyon-ohjaus\\\/#website\",\"url\":\"https:\\\/\\\/help.jamk.fi\\\/opinnaytetyon-ohjaus\\\/\",\"name\":\"Thesis Supervisor&#039;s Handbook\",\"description\":\"Opinn\u00e4ytety\u00f6n ohjaajan k\u00e4sikirja ja vinkkipankki\",\"potentialAction\":[{\"@type\":\"SearchAction\",\"target\":{\"@type\":\"EntryPoint\",\"urlTemplate\":\"https:\\\/\\\/help.jamk.fi\\\/opinnaytetyon-ohjaus\\\/?s={search_term_string}\"},\"query-input\":{\"@type\":\"PropertyValueSpecification\",\"valueRequired\":true,\"valueName\":\"search_term_string\"}}],\"inLanguage\":\"fi\"}]}<\/script>\n<!-- \/ Yoast SEO plugin. -->","yoast_head_json":{"title":"9 Ty\u00f6el\u00e4m\u00e4n tutkiva kehitt\u00e4mistoiminta - Thesis Supervisor&#039;s Handbook","robots":{"index":"index","follow":"follow","max-snippet":"max-snippet:-1","max-image-preview":"max-image-preview:large","max-video-preview":"max-video-preview:-1"},"canonical":"https:\/\/help.jamk.fi\/opinnaytetyon-ohjaus\/fi\/tyoelaman-tutkiva-kehittamistoiminta\/","og_locale":"fi_FI","og_type":"article","og_title":"9 Ty\u00f6el\u00e4m\u00e4n tutkiva kehitt\u00e4mistoiminta - Thesis Supervisor&#039;s Handbook","og_description":"Mit\u00e4 tutkiva kehitt\u00e4mistoiminta on? Ty\u00f6el\u00e4m\u00e4n kehitt\u00e4mistoiminnassa sovelletaan tutkimuksissa saatua tietoa ty\u00f6el\u00e4m\u00e4n kehitt\u00e4mis- ja uudistamistarpeisiin. Tutkimus tuottaa uutta tietoa ja asioita, joita voidaan soveltaa k\u00e4yt\u00e4nt\u00f6\u00f6n. Tutkimuksellinen kehitt\u00e4mistoiminta j\u00e4\u00e4 ty\u00f6el\u00e4m\u00e4n kehitt\u00e4mistoiminnan ja tutkimuksen v\u00e4limaastoon. Siin\u00e4 yhdistyy konkreettinen kehitt\u00e4mistoiminta ja tutkimuksellinen l\u00e4hestymistapa. Kehitt\u00e4v\u00e4ss\u00e4 tutkimuksessa edet\u00e4\u00e4n tutkimuksellisesta kysymyksen asettelusta ja menetelmist\u00e4 kohti konkreettista kehitt\u00e4mistoimintaa. Tuotettu tieto vastaa tiedeyhteis\u00f6n intressej\u00e4 [&hellip;]","og_url":"https:\/\/help.jamk.fi\/opinnaytetyon-ohjaus\/fi\/tyoelaman-tutkiva-kehittamistoiminta\/","og_site_name":"Thesis Supervisor&#039;s Handbook","article_modified_time":"2025-02-18T13:11:44+00:00","twitter_card":"summary_large_image","twitter_misc":{"Arvioitu lukuaika":"3 minuuttia"},"schema":{"@context":"https:\/\/schema.org","@graph":[{"@type":"WebPage","@id":"https:\/\/help.jamk.fi\/opinnaytetyon-ohjaus\/fi\/tyoelaman-tutkiva-kehittamistoiminta\/","url":"https:\/\/help.jamk.fi\/opinnaytetyon-ohjaus\/fi\/tyoelaman-tutkiva-kehittamistoiminta\/","name":"9 Ty\u00f6el\u00e4m\u00e4n tutkiva kehitt\u00e4mistoiminta - Thesis Supervisor&#039;s Handbook","isPartOf":{"@id":"https:\/\/help.jamk.fi\/opinnaytetyon-ohjaus\/#website"},"datePublished":"2022-05-27T08:40:59+00:00","dateModified":"2025-02-18T13:11:44+00:00","breadcrumb":{"@id":"https:\/\/help.jamk.fi\/opinnaytetyon-ohjaus\/fi\/tyoelaman-tutkiva-kehittamistoiminta\/#breadcrumb"},"inLanguage":"fi","potentialAction":[{"@type":"ReadAction","target":["https:\/\/help.jamk.fi\/opinnaytetyon-ohjaus\/fi\/tyoelaman-tutkiva-kehittamistoiminta\/"]}]},{"@type":"BreadcrumbList","@id":"https:\/\/help.jamk.fi\/opinnaytetyon-ohjaus\/fi\/tyoelaman-tutkiva-kehittamistoiminta\/#breadcrumb","itemListElement":[{"@type":"ListItem","position":1,"name":"Etusivu","item":"https:\/\/help.jamk.fi\/opinnaytetyon-ohjaus\/fi\/"},{"@type":"ListItem","position":2,"name":"9 Ty\u00f6el\u00e4m\u00e4n tutkiva kehitt\u00e4mistoiminta"}]},{"@type":"WebSite","@id":"https:\/\/help.jamk.fi\/opinnaytetyon-ohjaus\/#website","url":"https:\/\/help.jamk.fi\/opinnaytetyon-ohjaus\/","name":"Thesis Supervisor&#039;s Handbook","description":"Opinn\u00e4ytety\u00f6n ohjaajan k\u00e4sikirja ja vinkkipankki","potentialAction":[{"@type":"SearchAction","target":{"@type":"EntryPoint","urlTemplate":"https:\/\/help.jamk.fi\/opinnaytetyon-ohjaus\/?s={search_term_string}"},"query-input":{"@type":"PropertyValueSpecification","valueRequired":true,"valueName":"search_term_string"}}],"inLanguage":"fi"}]}},"_links":{"self":[{"href":"https:\/\/help.jamk.fi\/opinnaytetyon-ohjaus\/wp-json\/wp\/v2\/pages\/74","targetHints":{"allow":["GET"]}}],"collection":[{"href":"https:\/\/help.jamk.fi\/opinnaytetyon-ohjaus\/wp-json\/wp\/v2\/pages"}],"about":[{"href":"https:\/\/help.jamk.fi\/opinnaytetyon-ohjaus\/wp-json\/wp\/v2\/types\/page"}],"author":[{"embeddable":true,"href":"https:\/\/help.jamk.fi\/opinnaytetyon-ohjaus\/wp-json\/wp\/v2\/users\/79"}],"replies":[{"embeddable":true,"href":"https:\/\/help.jamk.fi\/opinnaytetyon-ohjaus\/wp-json\/wp\/v2\/comments?post=74"}],"version-history":[{"count":7,"href":"https:\/\/help.jamk.fi\/opinnaytetyon-ohjaus\/wp-json\/wp\/v2\/pages\/74\/revisions"}],"predecessor-version":[{"id":1709,"href":"https:\/\/help.jamk.fi\/opinnaytetyon-ohjaus\/wp-json\/wp\/v2\/pages\/74\/revisions\/1709"}],"wp:attachment":[{"href":"https:\/\/help.jamk.fi\/opinnaytetyon-ohjaus\/wp-json\/wp\/v2\/media?parent=74"}],"wp:term":[{"taxonomy":"category","embeddable":true,"href":"https:\/\/help.jamk.fi\/opinnaytetyon-ohjaus\/wp-json\/wp\/v2\/categories?post=74"},{"taxonomy":"post_tag","embeddable":true,"href":"https:\/\/help.jamk.fi\/opinnaytetyon-ohjaus\/wp-json\/wp\/v2\/tags?post=74"}],"curies":[{"name":"wp","href":"https:\/\/api.w.org\/{rel}","templated":true}]}}