{"id":77,"date":"2022-04-02T08:57:19","date_gmt":"2022-04-02T05:57:19","guid":{"rendered":"https:\/\/help.jamk.fi\/yamk-kasikirja\/opinnaytetyon-ohjaaminen\/"},"modified":"2024-01-05T16:48:00","modified_gmt":"2024-01-05T14:48:00","slug":"opinnaytetyon-ohjaaminen","status":"publish","type":"page","link":"https:\/\/help.jamk.fi\/opinnaytetyon-ohjaus\/fi\/opinnaytetyon-ohjaaminen\/","title":{"rendered":"1 Opinn\u00e4ytety\u00f6n ohjaaminen"},"content":{"rendered":"<div id=\"info-lift-block_9ef48b91105af48ce150898f13c5cb84\" class=\"block-info-lift block-info-lift\">\n  <div class=\"row\">\n    <div class=\"col-12\">\n              <div class=\"block-info-lift__content\">\n          <div class=\"block-info-lift__content__icon\">\n            <span>!<\/span>\n          <\/div>\n          <p class=\"block-info-lift__content__text\">T\u00e4ss\u00e4 osiossa tarkastellaan opinn\u00e4ytety\u00f6n ohjaukseen liittyvi\u00e4 kysymyksi\u00e4 opinn\u00e4ytety\u00f6n ohjauksesta, \u00a0ohjaussuhteesta ja opiskelijan motivaatiosta sek\u00e4 tarpeesta ryhm\u00e4- ett\u00e4 yksil\u00f6ohjaukselle. Lis\u00e4ksi tarkastellaan ty\u00f6el\u00e4m\u00e4yhteisty\u00f6t\u00e4 opinn\u00e4ytety\u00f6prosessin aikana.<\/p>\n        <\/div>\n          <\/div>\n  <\/div>\n<\/div>\n\n\n<p>Opinn\u00e4ytety\u00f6n on n\u00e4yte opiskelijan osaamisen kehittymisest\u00e4 asiantuntijatasolle.<br>&#8221;AMK-opiskelija&nbsp;kykenee tuottamaan omalta ammattialueeltaan <b>itse\u00e4\u00e4n, ty\u00f6yhteis\u00f6\u00e4 ja alaa kehitt\u00e4v\u00e4n<\/b> opinn\u00e4ytteen. H\u00e4n hallitsee <b>kriittisen tutkivan ty\u00f6notteen<\/b> sek\u00e4 <b>kykenee itsen\u00e4iseen ja p\u00e4\u00e4m\u00e4\u00e4r\u00e4tietoiseen ty\u00f6skentelyyn <\/b>toteuttaessaan konkreetit tutkimus- ja kehitt\u00e4mishankkeet ty\u00f6el\u00e4m\u00e4ss\u00e4 toimiessaan. Opiskelija <b>osaa viesti\u00e4 <\/b>suullisesti ja kirjallisesti tutkimus- ja kehitt\u00e4mishankkeen <b>tuloksista ja niiden hy\u00f6dynt\u00e4mismahdollisuuksista <\/b>eri toimijoille.&#8221;<br><br>&#8221;Ylempi AMK -opiskelija kykenee ty\u00f6el\u00e4m\u00e4n kehitt\u00e4misteht\u00e4v\u00e4n\u00e4 toteutettavassa opinn\u00e4ytety\u00f6ss\u00e4\u00e4n <strong>soveltamaan tutkimustietoa <\/strong>ja <strong>k\u00e4ytt\u00e4m\u00e4\u00e4n valittuja menetelmi\u00e4 ty\u00f6el\u00e4m\u00e4n ongelmien erittelyyn ja ratkaisemiseen<\/strong>. H\u00e4nell\u00e4 on <strong>valmius itsen\u00e4iseen ja vaativaan asiantuntijaty\u00f6h\u00f6n<\/strong>.&#8221;<\/p>\n\n\n\n<h2 class=\"wp-block-heading\">Tieteellisen tiedon kriteereit\u00e4<\/h2>\n\n\n\n<p>Opinn\u00e4ytety\u00f6ss\u00e4\u00e4n opiskelija oppii korkeakoulumaista, akateemista tiedon tuottamista. Tieteellisen tiedon yleisesti hyv\u00e4ksyttyj\u00e4 kriteereit\u00e4 ovat perusteltavuus, objektiivisuus ja kommunikoitavuus. <strong>Perusteltavuus<\/strong> opinn\u00e4ytety\u00f6ss\u00e4 tarkoittaa sit\u00e4, ett\u00e4 opiskelija kuvaa opinn\u00e4ytety\u00f6ns\u00e4 l\u00e4ht\u00f6kohdat perustellusti. H\u00e4n k\u00e4ytt\u00e4\u00e4 valitsemiaan kehitt\u00e4mis- ja tutkimusteht\u00e4vi\u00e4 systemaattisesti ja argumentoi v\u00e4itteens\u00e4. Opinn\u00e4ytety\u00f6ss\u00e4 on l\u00f6ydett\u00e4viss\u00e4 perustelut opiskelijan tekemille valinnoille.<\/p>\n\n\n\n<p><strong>Objektiivisuus<\/strong> opinn\u00e4ytety\u00f6ss\u00e4 on opiskelijan irrottautumista henkil\u00f6kohtaisista ja tietoisista intresseist\u00e4. Opinn\u00e4ytety\u00f6ntekij\u00e4 on my\u00f6s tietoinen siit\u00e4, ett\u00e4 opinn\u00e4ytety\u00f6ss\u00e4 ilmi\u00f6t\u00e4 voidaan tarkastella vain tietyst\u00e4 n\u00e4k\u00f6kulmasta. Objektiivisuudessa pyrit\u00e4\u00e4n perusteltuun, eri tavoin koeteltuun ja rajansa tunnistavaan tietoon.<\/p>\n\n\n\n<p><strong>Kommunikoitavuus<\/strong> tarkoittaa opinn\u00e4ytety\u00f6n tulosten julkaisemista ja niiden asettamista julkisesti arvioitavaksi. Opinn\u00e4ytety\u00f6 prosessissa t\u00e4m\u00e4 tarkoittaa opinn\u00e4ytety\u00f6n julkista esitt\u00e4mist\u00e4 ja hyv\u00e4ksytyn opinn\u00e4ytety\u00f6n julkaisemista Theseus-tietokannassa. Opinn\u00e4ytety\u00f6n raportissa opiskelijan tulee kuvata tehtyjen valintojen,&nbsp;k\u00e4sitteiden ja &nbsp;menetelm\u00e4llisten ratkaisujen kertomista lukijalle. Eritysesti tulosten kannalta keskeiset valinnat tulee tehd\u00e4 lukijalle n\u00e4kyv\u00e4ksi. My\u00f6s&nbsp;opinn\u00e4ytety\u00f6n eri vaiheet tulee kuvata huolellisesti. Osa&nbsp;kommunikoitavuutta on se, ett\u00e4 opiskelija osallistuu aktiivisesti keskustellen&nbsp;opinn\u00e4ytety\u00f6seminaareihin.<\/p>\n\n\n\n<p>Aikaisemmin toistettavuus on ollut tieteellisyyden kriteerin\u00e4. T\u00e4t\u00e4 kohtaan on esitetty kriteeri\u00e4 erityisesti ihmistieteiden puolella. Opinn\u00e4ytety\u00f6n n\u00e4k\u00f6kulmasta on t\u00e4rke\u00e4t\u00e4, ett\u00e4 lukija vakuuttuu tiedon <strong>oikeellisuudesta<\/strong> tai totuudenmukaisuus, sen pohjalta mit\u00e4 on lukenut ja ymm\u00e4rt\u00e4nyt tiedon tekemisen tavasta. <strong>Opinn\u00e4ytety\u00f6st\u00e4 l\u00f6ytyy keskeiset valinnat ja niiden perustelut<\/strong>.<\/p>\n\n\n\n<p><strong>Aiemman tiedon k\u00e4ytt\u00e4minen ja tekijyyden tunnustaminen<\/strong> kuuluu opinn\u00e4ytety\u00f6h\u00f6n. T\u00e4m\u00e4 n\u00e4kyy sovittujen l\u00e4hdeviittausmerkint\u00f6jen k\u00e4ytt\u00e4misen\u00e4.<\/p>\n\n\n\n<h3 class=\"wp-block-heading\">L\u00e4hteet<\/h3>\n\n\n\n<p>Ronkainen, S., Pehkonen, L., Lindblom-Yl\u00e4nne, S. &amp; Paavilainen, E. 2013. Tutkimuksen voimasanat. Helsinki:SanomaPro Oy.<\/p>\n\n\n\n<p><sub>P\u00e4ivitetty 2.10.2021 Sirpa Tuomi<\/sub><\/p>\n","protected":false},"excerpt":{"rendered":"<p>Opinn\u00e4ytety\u00f6n on n\u00e4yte opiskelijan osaamisen kehittymisest\u00e4 asiantuntijatasolle.&#8221;AMK-opiskelija&nbsp;kykenee tuottamaan omalta ammattialueeltaan itse\u00e4\u00e4n, ty\u00f6yhteis\u00f6\u00e4 ja alaa kehitt\u00e4v\u00e4n opinn\u00e4ytteen. H\u00e4n hallitsee kriittisen tutkivan ty\u00f6notteen sek\u00e4 kykenee itsen\u00e4iseen ja p\u00e4\u00e4m\u00e4\u00e4r\u00e4tietoiseen ty\u00f6skentelyyn toteuttaessaan konkreetit tutkimus- ja kehitt\u00e4mishankkeet ty\u00f6el\u00e4m\u00e4ss\u00e4 toimiessaan. Opiskelija osaa viesti\u00e4 suullisesti ja kirjallisesti tutkimus- ja kehitt\u00e4mishankkeen tuloksista ja niiden hy\u00f6dynt\u00e4mismahdollisuuksista eri toimijoille.&#8221; &#8221;Ylempi AMK -opiskelija kykenee ty\u00f6el\u00e4m\u00e4n kehitt\u00e4misteht\u00e4v\u00e4n\u00e4 [&hellip;]<\/p>\n","protected":false},"author":79,"featured_media":0,"parent":0,"menu_order":1,"comment_status":"closed","ping_status":"closed","template":"","meta":{"_acf_changed":false,"_relevanssi_hide_post":"","_relevanssi_hide_content":"","_relevanssi_pin_for_all":"","_relevanssi_pin_keywords":"","_relevanssi_unpin_keywords":"","_relevanssi_related_keywords":"","_relevanssi_related_include_ids":"","_relevanssi_related_exclude_ids":"","_relevanssi_related_no_append":"","_relevanssi_related_not_related":"","_relevanssi_related_posts":"","_relevanssi_noindex_reason":"","footnotes":""},"categories":[1],"tags":[83],"class_list":["post-77","page","type-page","status-publish","hentry","category-yleinen","tag-opinnaytetyon-ohjaus"],"acf":[],"yoast_head":"<!-- This site is optimized with the Yoast SEO plugin v27.3 - https:\/\/yoast.com\/product\/yoast-seo-wordpress\/ -->\n<title>1 Opinn\u00e4ytety\u00f6n ohjaaminen - Thesis Supervisor&#039;s Handbook<\/title>\n<meta name=\"robots\" content=\"index, follow, max-snippet:-1, max-image-preview:large, max-video-preview:-1\" \/>\n<link rel=\"canonical\" href=\"https:\/\/help.jamk.fi\/opinnaytetyon-ohjaus\/fi\/opinnaytetyon-ohjaaminen\/\" \/>\n<meta property=\"og:locale\" content=\"fi_FI\" \/>\n<meta property=\"og:type\" content=\"article\" \/>\n<meta property=\"og:title\" content=\"1 Opinn\u00e4ytety\u00f6n ohjaaminen - Thesis Supervisor&#039;s Handbook\" \/>\n<meta property=\"og:description\" content=\"Opinn\u00e4ytety\u00f6n on n\u00e4yte opiskelijan osaamisen kehittymisest\u00e4 asiantuntijatasolle.&#8221;AMK-opiskelija&nbsp;kykenee tuottamaan omalta ammattialueeltaan itse\u00e4\u00e4n, ty\u00f6yhteis\u00f6\u00e4 ja alaa kehitt\u00e4v\u00e4n opinn\u00e4ytteen. H\u00e4n hallitsee kriittisen tutkivan ty\u00f6notteen sek\u00e4 kykenee itsen\u00e4iseen ja p\u00e4\u00e4m\u00e4\u00e4r\u00e4tietoiseen ty\u00f6skentelyyn toteuttaessaan konkreetit tutkimus- ja kehitt\u00e4mishankkeet ty\u00f6el\u00e4m\u00e4ss\u00e4 toimiessaan. Opiskelija osaa viesti\u00e4 suullisesti ja kirjallisesti tutkimus- ja kehitt\u00e4mishankkeen tuloksista ja niiden hy\u00f6dynt\u00e4mismahdollisuuksista eri toimijoille.&#8221; &#8221;Ylempi AMK -opiskelija kykenee ty\u00f6el\u00e4m\u00e4n kehitt\u00e4misteht\u00e4v\u00e4n\u00e4 [&hellip;]\" \/>\n<meta property=\"og:url\" content=\"https:\/\/help.jamk.fi\/opinnaytetyon-ohjaus\/fi\/opinnaytetyon-ohjaaminen\/\" \/>\n<meta property=\"og:site_name\" content=\"Thesis Supervisor&#039;s Handbook\" \/>\n<meta property=\"article:modified_time\" content=\"2024-01-05T14:48:00+00:00\" \/>\n<meta name=\"twitter:card\" content=\"summary_large_image\" \/>\n<meta name=\"twitter:label1\" content=\"Arvioitu lukuaika\" \/>\n\t<meta name=\"twitter:data1\" content=\"2 minuuttia\" \/>\n<script type=\"application\/ld+json\" class=\"yoast-schema-graph\">{\"@context\":\"https:\\\/\\\/schema.org\",\"@graph\":[{\"@type\":\"WebPage\",\"@id\":\"https:\\\/\\\/help.jamk.fi\\\/opinnaytetyon-ohjaus\\\/fi\\\/opinnaytetyon-ohjaaminen\\\/\",\"url\":\"https:\\\/\\\/help.jamk.fi\\\/opinnaytetyon-ohjaus\\\/fi\\\/opinnaytetyon-ohjaaminen\\\/\",\"name\":\"1 Opinn\u00e4ytety\u00f6n ohjaaminen - Thesis Supervisor&#039;s Handbook\",\"isPartOf\":{\"@id\":\"https:\\\/\\\/help.jamk.fi\\\/opinnaytetyon-ohjaus\\\/#website\"},\"datePublished\":\"2022-04-02T05:57:19+00:00\",\"dateModified\":\"2024-01-05T14:48:00+00:00\",\"breadcrumb\":{\"@id\":\"https:\\\/\\\/help.jamk.fi\\\/opinnaytetyon-ohjaus\\\/fi\\\/opinnaytetyon-ohjaaminen\\\/#breadcrumb\"},\"inLanguage\":\"fi\",\"potentialAction\":[{\"@type\":\"ReadAction\",\"target\":[\"https:\\\/\\\/help.jamk.fi\\\/opinnaytetyon-ohjaus\\\/fi\\\/opinnaytetyon-ohjaaminen\\\/\"]}]},{\"@type\":\"BreadcrumbList\",\"@id\":\"https:\\\/\\\/help.jamk.fi\\\/opinnaytetyon-ohjaus\\\/fi\\\/opinnaytetyon-ohjaaminen\\\/#breadcrumb\",\"itemListElement\":[{\"@type\":\"ListItem\",\"position\":1,\"name\":\"Etusivu\",\"item\":\"https:\\\/\\\/help.jamk.fi\\\/opinnaytetyon-ohjaus\\\/fi\\\/\"},{\"@type\":\"ListItem\",\"position\":2,\"name\":\"1 Opinn\u00e4ytety\u00f6n ohjaaminen\"}]},{\"@type\":\"WebSite\",\"@id\":\"https:\\\/\\\/help.jamk.fi\\\/opinnaytetyon-ohjaus\\\/#website\",\"url\":\"https:\\\/\\\/help.jamk.fi\\\/opinnaytetyon-ohjaus\\\/\",\"name\":\"Thesis Supervisor&#039;s Handbook\",\"description\":\"Opinn\u00e4ytety\u00f6n ohjaajan k\u00e4sikirja ja vinkkipankki\",\"potentialAction\":[{\"@type\":\"SearchAction\",\"target\":{\"@type\":\"EntryPoint\",\"urlTemplate\":\"https:\\\/\\\/help.jamk.fi\\\/opinnaytetyon-ohjaus\\\/?s={search_term_string}\"},\"query-input\":{\"@type\":\"PropertyValueSpecification\",\"valueRequired\":true,\"valueName\":\"search_term_string\"}}],\"inLanguage\":\"fi\"}]}<\/script>\n<!-- \/ Yoast SEO plugin. -->","yoast_head_json":{"title":"1 Opinn\u00e4ytety\u00f6n ohjaaminen - Thesis Supervisor&#039;s Handbook","robots":{"index":"index","follow":"follow","max-snippet":"max-snippet:-1","max-image-preview":"max-image-preview:large","max-video-preview":"max-video-preview:-1"},"canonical":"https:\/\/help.jamk.fi\/opinnaytetyon-ohjaus\/fi\/opinnaytetyon-ohjaaminen\/","og_locale":"fi_FI","og_type":"article","og_title":"1 Opinn\u00e4ytety\u00f6n ohjaaminen - Thesis Supervisor&#039;s Handbook","og_description":"Opinn\u00e4ytety\u00f6n on n\u00e4yte opiskelijan osaamisen kehittymisest\u00e4 asiantuntijatasolle.&#8221;AMK-opiskelija&nbsp;kykenee tuottamaan omalta ammattialueeltaan itse\u00e4\u00e4n, ty\u00f6yhteis\u00f6\u00e4 ja alaa kehitt\u00e4v\u00e4n opinn\u00e4ytteen. H\u00e4n hallitsee kriittisen tutkivan ty\u00f6notteen sek\u00e4 kykenee itsen\u00e4iseen ja p\u00e4\u00e4m\u00e4\u00e4r\u00e4tietoiseen ty\u00f6skentelyyn toteuttaessaan konkreetit tutkimus- ja kehitt\u00e4mishankkeet ty\u00f6el\u00e4m\u00e4ss\u00e4 toimiessaan. Opiskelija osaa viesti\u00e4 suullisesti ja kirjallisesti tutkimus- ja kehitt\u00e4mishankkeen tuloksista ja niiden hy\u00f6dynt\u00e4mismahdollisuuksista eri toimijoille.&#8221; &#8221;Ylempi AMK -opiskelija kykenee ty\u00f6el\u00e4m\u00e4n kehitt\u00e4misteht\u00e4v\u00e4n\u00e4 [&hellip;]","og_url":"https:\/\/help.jamk.fi\/opinnaytetyon-ohjaus\/fi\/opinnaytetyon-ohjaaminen\/","og_site_name":"Thesis Supervisor&#039;s Handbook","article_modified_time":"2024-01-05T14:48:00+00:00","twitter_card":"summary_large_image","twitter_misc":{"Arvioitu lukuaika":"2 minuuttia"},"schema":{"@context":"https:\/\/schema.org","@graph":[{"@type":"WebPage","@id":"https:\/\/help.jamk.fi\/opinnaytetyon-ohjaus\/fi\/opinnaytetyon-ohjaaminen\/","url":"https:\/\/help.jamk.fi\/opinnaytetyon-ohjaus\/fi\/opinnaytetyon-ohjaaminen\/","name":"1 Opinn\u00e4ytety\u00f6n ohjaaminen - Thesis Supervisor&#039;s Handbook","isPartOf":{"@id":"https:\/\/help.jamk.fi\/opinnaytetyon-ohjaus\/#website"},"datePublished":"2022-04-02T05:57:19+00:00","dateModified":"2024-01-05T14:48:00+00:00","breadcrumb":{"@id":"https:\/\/help.jamk.fi\/opinnaytetyon-ohjaus\/fi\/opinnaytetyon-ohjaaminen\/#breadcrumb"},"inLanguage":"fi","potentialAction":[{"@type":"ReadAction","target":["https:\/\/help.jamk.fi\/opinnaytetyon-ohjaus\/fi\/opinnaytetyon-ohjaaminen\/"]}]},{"@type":"BreadcrumbList","@id":"https:\/\/help.jamk.fi\/opinnaytetyon-ohjaus\/fi\/opinnaytetyon-ohjaaminen\/#breadcrumb","itemListElement":[{"@type":"ListItem","position":1,"name":"Etusivu","item":"https:\/\/help.jamk.fi\/opinnaytetyon-ohjaus\/fi\/"},{"@type":"ListItem","position":2,"name":"1 Opinn\u00e4ytety\u00f6n ohjaaminen"}]},{"@type":"WebSite","@id":"https:\/\/help.jamk.fi\/opinnaytetyon-ohjaus\/#website","url":"https:\/\/help.jamk.fi\/opinnaytetyon-ohjaus\/","name":"Thesis Supervisor&#039;s Handbook","description":"Opinn\u00e4ytety\u00f6n ohjaajan k\u00e4sikirja ja vinkkipankki","potentialAction":[{"@type":"SearchAction","target":{"@type":"EntryPoint","urlTemplate":"https:\/\/help.jamk.fi\/opinnaytetyon-ohjaus\/?s={search_term_string}"},"query-input":{"@type":"PropertyValueSpecification","valueRequired":true,"valueName":"search_term_string"}}],"inLanguage":"fi"}]}},"_links":{"self":[{"href":"https:\/\/help.jamk.fi\/opinnaytetyon-ohjaus\/wp-json\/wp\/v2\/pages\/77","targetHints":{"allow":["GET"]}}],"collection":[{"href":"https:\/\/help.jamk.fi\/opinnaytetyon-ohjaus\/wp-json\/wp\/v2\/pages"}],"about":[{"href":"https:\/\/help.jamk.fi\/opinnaytetyon-ohjaus\/wp-json\/wp\/v2\/types\/page"}],"author":[{"embeddable":true,"href":"https:\/\/help.jamk.fi\/opinnaytetyon-ohjaus\/wp-json\/wp\/v2\/users\/79"}],"replies":[{"embeddable":true,"href":"https:\/\/help.jamk.fi\/opinnaytetyon-ohjaus\/wp-json\/wp\/v2\/comments?post=77"}],"version-history":[{"count":11,"href":"https:\/\/help.jamk.fi\/opinnaytetyon-ohjaus\/wp-json\/wp\/v2\/pages\/77\/revisions"}],"predecessor-version":[{"id":1625,"href":"https:\/\/help.jamk.fi\/opinnaytetyon-ohjaus\/wp-json\/wp\/v2\/pages\/77\/revisions\/1625"}],"wp:attachment":[{"href":"https:\/\/help.jamk.fi\/opinnaytetyon-ohjaus\/wp-json\/wp\/v2\/media?parent=77"}],"wp:term":[{"taxonomy":"category","embeddable":true,"href":"https:\/\/help.jamk.fi\/opinnaytetyon-ohjaus\/wp-json\/wp\/v2\/categories?post=77"},{"taxonomy":"post_tag","embeddable":true,"href":"https:\/\/help.jamk.fi\/opinnaytetyon-ohjaus\/wp-json\/wp\/v2\/tags?post=77"}],"curies":[{"name":"wp","href":"https:\/\/api.w.org\/{rel}","templated":true}]}}