{"id":8,"date":"2022-04-02T11:29:00","date_gmt":"2022-04-02T08:29:00","guid":{"rendered":"https:\/\/help.jamk.fi\/yamk-kasikirja\/johdanto\/"},"modified":"2025-09-15T12:43:47","modified_gmt":"2025-09-15T09:43:47","slug":"johdanto","status":"publish","type":"page","link":"https:\/\/help.jamk.fi\/opinnaytetyon-ohjaus\/fi\/","title":{"rendered":"Johdanto"},"content":{"rendered":"\n<p><\/p>\n\n\n\n<div id=\"image-and-text-block_fa16357706f3c2d59b107ec266a25df9\" class=\"image-and-text block-image-and-text lilac\">\n  <div class=\"block-image-and-text__wrapper container\">\n    <div class=\"row left\">\n      <div class=\"col-12 col-md-6 img-column\">\n        <div class=\"img-column__wrapper single_img\">\n                      <img decoding=\"async\" class=\"\" src=\"https:\/\/help.jamk.fi\/opinnaytetyon-ohjaus\/wp-content\/uploads\/sites\/110\/2023\/09\/laptop-3087585_1920.jpg\" alt=\"tietokone, opiskelija, opiskelu\" \/>\n                  <\/div>\n      <\/div>\n      <div class=\"col-12 col-md-6 texts-column\">\n        <div class=\"texts-column__wrapper\">\n                                <div class=\"texts-column__wrapper--text_area\"><p><em>Opinn\u00e4ytety\u00f6n ohjauksen k\u00e4sikirja on tarkoitettu kaikkien opinn\u00e4ytet\u00f6iden ohjaajien k\u00e4ytt\u00f6\u00f6n sek\u00e4 AMK- ett\u00e4 YAMK-tasoille. K\u00e4sikirjaa p\u00e4ivitet\u00e4\u00e4n jatkuvasti ohjaajien palautteen avulla. Voit antaa palautetta yl\u00e4reunan <strong>J\u00e4t\u00e4 palvelupyynt\u00f6\u00a0<\/strong>-painikkeella. Lomakkeella valitse kategoriaksi ensin Tietoj\u00e4rjestelm\u00e4t ja sitten Opinn\u00e4ytety\u00f6 ja Wihi.\u00a0 Otsakekuvan valokuvaaja Jari Kuskelin Jyv\u00e4skyl\u00e4n Taidemuseo. <\/em><\/p>\n<\/div>\n                    \n        <\/div>\n      <\/div>\n    <\/div>\n  <\/div>\n<\/div>\n\n\n<p>Opinn\u00e4ytety\u00f6n tekeminen on opiskelijalle haasteellisin ja laajin kirjallinen oppimisteht\u00e4v\u00e4 opintojen aikana. Opinn\u00e4ytety\u00f6n tekemisess\u00e4 yhdistyv\u00e4t opiskelijan osaamistavoitteena tutkimus- tai kehitt\u00e4mishankkeen prosessin oppiminen ja&nbsp;asiatyylisen kirjoittamisen oppiminen sek\u00e4 toisaalta opinn\u00e4ytety\u00f6n prosessiin liittyv\u00e4t tavoitteet asiantuntijuuden kehittymisest\u00e4. Opinn\u00e4ytety\u00f6n haasteellisuus ja toisaalta my\u00f6s vaikeus on aloittaa ja saattaa prosessi loppuun. T\u00e4m\u00e4 n\u00e4kyy muun muassa opintojen jatkoaikahakemuksissa. L\u00e4hes puolet jatkoaikaa hakeneista opiskelijoista kertoo syyksi opinn\u00e4ytety\u00f6n keskener\u00e4isyyden tai eiv\u00e4t ole sit\u00e4 saaneet aloitettua opinto-oikeusajan puitteissa.&nbsp;<\/p>\n\n\n\n<p>Opinn\u00e4ytety\u00f6n ohjaajan k\u00e4sikirjan tarkoituksena on tukea ohjaajia opinn\u00e4ytety\u00f6n ohjaukseen liittyviss\u00e4 kysymyksiss\u00e4 erityisesti opinn\u00e4ytety\u00f6ss\u00e4 k\u00e4ytettyjen menetelmien osalta sek\u00e4 jakaa ohjauksessa k\u00e4ytettyj\u00e4 hyvi\u00e4 k\u00e4yt\u00e4nt\u00f6j\u00e4. Opinn\u00e4ytety\u00f6n ohjauksessa kannattaa hy\u00f6dynt\u00e4\u00e4 sek\u00e4 pienryhm\u00e4- ett\u00e4 yksil\u00f6ohjausta. Pienryhm\u00e4ohjauksissa opiskelijoille mahdollistuu sek\u00e4 vertaistuki ett\u00e4 yhdess\u00e4 oppiminen. Opetusteknologian kehittyminen puolestaan mahdollistaa monikanavaisen ohjauksen. Jyv\u00e4skyl\u00e4n ammattikorkeakoulussa on otettu k\u00e4ytt\u00f6\u00f6n elokuussa 2021 Wihi-j\u00e4rjestelm\u00e4, jossa opinn\u00e4ytety\u00f6nprosessin ohjaus ja hallinta on yhdess\u00e4 paikassa. T\u00e4m\u00e4n j\u00e4rjestelm\u00e4n k\u00e4ytt\u00f6\u00f6noton my\u00f6t\u00e4 on voitu yhdenmukaistaa ja yksinkertaistaa opinn\u00e4ytety\u00f6n prosessia.<\/p>\n\n\n\n<h2 class=\"wp-block-heading\">Opinn\u00e4ytety\u00f6 eri koulutustasoille<\/h2>\n\n\n\n<p>Opinn\u00e4ytet\u00f6it\u00e4 tai niihin rinnastettavia kehitt\u00e4misteht\u00e4vi\u00e4 tehd\u00e4\u00e4n eri koulutustasoilla, jolloin niill\u00e4 on NQF\/EQF vaatimusten mukaisesti erilaiset tavoitteet. Opinn\u00e4ytety\u00f6n ohjaajan on t\u00e4rke\u00e4t\u00e4 tiedostaa mik\u00e4 on eri koulutustasoilla tehtyjen opinn\u00e4ytet\u00f6iden v\u00e4linen ero, jotta ymm\u00e4rt\u00e4\u00e4 ohjatessaan, mit\u00e4 edellytet\u00e4\u00e4n AMK-opinn\u00e4ytety\u00f6lt\u00e4 ja mit\u00e4 ylemm\u00e4n AMKin opinn\u00e4ytety\u00f6lt\u00e4. Alla on kuvattu ammatillisen perustutkinnon (NQF\/EQF4), AMK tutkinnon (NQF\/EQF6) ja YAMK tutkinnon (NQF\/EQF7) tasoilla teht\u00e4vien opinn\u00e4ytet\u00f6iden vaatimuksia.<\/p>\n\n\n\n<p><strong>Ammatillinen perustutkinto (NQF\/EQF4)<\/strong><br>Opiskelija suunnittelee ja tekee omaa osaamistaan kuvaavan, kokoavan opinn\u00e4ytteen tai kehitt\u00e4misty\u00f6n, joka voi olla esimerkiksi tuote, ty\u00f6n\u00e4yte, portfolio tai esitys. Opiskelija tunnistaa keskeiset ammatilliset vahvuutensa ja kehitt\u00e4\u00e4 t\u00e4t\u00e4 ty\u00f6t\u00e4 tehdess\u00e4\u00e4n luovuuttaan, innovatiivisuuttaan sek\u00e4 edist\u00e4\u00e4 ammatillista kasvuaan. H\u00e4n esittelee ja arvioi opinn\u00e4ytteens\u00e4 sek\u00e4 sen suunnittelun ja toteutuksen. Opiskelija edist\u00e4\u00e4 opinn\u00e4ytteell\u00e4\u00e4n omaa ty\u00f6llistymist\u00e4\u00e4n.<\/p>\n\n\n\n<p><strong>Ammattikorkeakoulututkinto (AMK, NQF\/EQF6)<\/strong><br>Opiskelija kykenee tuottamaan omalta ammattialueeltaan itse\u00e4\u00e4n, ty\u00f6yhteis\u00f6\u00e4 ja alaa kehitt\u00e4v\u00e4n opinn\u00e4ytteen. H\u00e4n hallitsee kriittisen tutkivan ty\u00f6otteen sek\u00e4 kykenee itsen\u00e4iseen ja p\u00e4\u00e4m\u00e4\u00e4r\u00e4tietoiseen ty\u00f6skentelyyn toteuttaessaan konkreetit tutkimus- ja kehitt\u00e4mishankkeet ty\u00f6el\u00e4m\u00e4ss\u00e4 toimiessaan. Opiskelija osaa viesti\u00e4 suullisesti ja kirjallisesti hy\u00f6dynt\u00e4mismahdollisuuksista eri toimijoille. <\/p>\n\n\n\n<p>Alemman korkeakoulututkinnon opinn\u00e4ytety\u00f6ss\u00e4 opiskelija harjoittelee ohjatusti ty\u00f6el\u00e4m\u00e4l\u00e4ht\u00f6isen kehitt\u00e4misty\u00f6n tekemist\u00e4. H\u00e4n raportoi sen kirjallisesti noudattaen korkeakoulun raportointiohjeita. T\u00e4m\u00e4n prosessin aikana opiskelija oppii asiatyylin kirjoittamista, l\u00e4hteiden k\u00e4ytt\u00f6\u00e4, tiedon hankintaa sek\u00e4 projektimaista ty\u00f6skentely\u00e4.<\/p>\n\n\n\n<p><strong>Ylempi korkeakoulututkinto (YAMK, NQF\/EQF7)<\/strong><br>Opiskelija kykenee ty\u00f6el\u00e4m\u00e4n kehitt\u00e4misteht\u00e4v\u00e4n\u00e4 toteutettavassa opinn\u00e4ytety\u00f6ss\u00e4\u00e4n soveltamaan tutkimustietoa ja k\u00e4ytt\u00e4m\u00e4\u00e4n valittuja menetelmi\u00e4 ty\u00f6el\u00e4m\u00e4n ongelmien erittelyyn ja ratkaisemiseen. H\u00e4nell\u00e4 on valmius itsen\u00e4iseen ja vaativaan asiantuntijaty\u00f6h\u00f6n.<\/p>\n\n\n\n<p>Ylemm\u00e4n korkeakoulututkinnon opinn\u00e4ytety\u00f6ss\u00e4 opiskelija osoittaa omaa asiantuntijuuttaan. Opinn\u00e4ytety\u00f6 on asiantuntijaprojekti. Opiskelija tunnistaa ty\u00f6el\u00e4m\u00e4n ongelmia ja osaa laatia kehitt\u00e4misty\u00f6n suunnitelman ja kehitt\u00e4misteht\u00e4v\u00e4 tai kysymykset ongelmien m\u00e4\u00e4rittelemiseksi. Opiskelija osaa suunnitella ty\u00f6el\u00e4m\u00e4l\u00e4ht\u00f6isen kehitt\u00e4misprojektin tai tutkimuksen ja noudattaa aikataulua. Opiskelija hallitsee kehitt\u00e4misty\u00f6n tai tutkimuksen menetelmi\u00e4 ja soveltaa opinnoissa oppimaansa k\u00e4yt\u00e4nt\u00f6\u00f6n. H\u00e4n hy\u00f6dynt\u00e4\u00e4 kriittisesti erilaisia luotettavia tiedonl\u00e4hteit\u00e4. Opiskelija tuottaa selke\u00e4\u00e4 ja viimeistelty\u00e4 asiatyylin teksti\u00e4 ja noudattaa korkeakoulun raportointiohjeita. <\/p>\n\n\n\n<h2 class=\"wp-block-heading has-medium-font-size\" style=\"font-style:normal;font-weight:500\">Linkit<\/h2>\n\n\n<div id=\"link-lifts-block_def06487706d8bd36e07250cd3ab4d92\" class=\"link-lifts block-link-lifts\">\n  <div class=\"row\">\n            <div class=\"col-12 col-lg-4 block-link-lifts__column\">\n          <div class=\"block-link-lifts__item lilac\">\n            <h3 class=\"block-link-lifts__item--heading\">Opiskelijan ohjeet<\/h3>\n                          <ul class=\"block-link-lifts__item--link-list\">\n                                                                        <li>\n                                              <a class=\"link-list\" href=\"https:\/\/help.jamk.fi\/opinnaytetyo\/fi\/opinnaytetyo\/amk-opinnaytetyo\/\" target=\"_self\">AMK-opinn\u00e4ytety\u00f6 Jamkissa<\/a>\n                                          <\/li>\n                                                                                          <li>\n                                              <a class=\"link-list\" href=\"https:\/\/help.jamk.fi\/opinnaytetyo\/fi\/opinnaytetyo\/yamk-opinnaytetyo\/\" target=\"_self\">YAMK-opinn\u00e4ytety\u00f6 Jamkissa<\/a>\n                                          <\/li>\n                                                <\/ul>\n            \n          <\/div>\n        <\/div>\n      <\/div>\n<\/div>\n\n\n<p><\/p>\n\n\n\n<p class=\"is-style-default has-regular-font-size\">P\u00e4ivitetty 2.4.2022 Sirpa Tuomi<\/p>\n","protected":false},"excerpt":{"rendered":"<p>Opinn\u00e4ytety\u00f6n tekeminen on opiskelijalle haasteellisin ja laajin kirjallinen oppimisteht\u00e4v\u00e4 opintojen aikana. Opinn\u00e4ytety\u00f6n tekemisess\u00e4 yhdistyv\u00e4t opiskelijan osaamistavoitteena tutkimus- tai kehitt\u00e4mishankkeen prosessin oppiminen ja&nbsp;asiatyylisen kirjoittamisen oppiminen sek\u00e4 toisaalta opinn\u00e4ytety\u00f6n prosessiin liittyv\u00e4t tavoitteet asiantuntijuuden kehittymisest\u00e4. Opinn\u00e4ytety\u00f6n haasteellisuus ja toisaalta my\u00f6s vaikeus on aloittaa ja saattaa prosessi loppuun. T\u00e4m\u00e4 n\u00e4kyy muun muassa opintojen jatkoaikahakemuksissa. L\u00e4hes puolet jatkoaikaa hakeneista opiskelijoista [&hellip;]<\/p>\n","protected":false},"author":79,"featured_media":0,"parent":0,"menu_order":0,"comment_status":"closed","ping_status":"closed","template":"templates\/template-full-width.php","meta":{"_acf_changed":false,"_relevanssi_hide_post":"","_relevanssi_hide_content":"","_relevanssi_pin_for_all":"","_relevanssi_pin_keywords":"","_relevanssi_unpin_keywords":"","_relevanssi_related_keywords":"","_relevanssi_related_include_ids":"","_relevanssi_related_exclude_ids":"","_relevanssi_related_no_append":"","_relevanssi_related_not_related":"","_relevanssi_related_posts":"","_relevanssi_noindex_reason":"","footnotes":""},"categories":[1],"tags":[339,83],"class_list":["post-8","page","type-page","status-publish","hentry","category-yleinen","tag-ohjaajan-kasikirja","tag-opinnaytetyon-ohjaus"],"acf":[],"yoast_head":"<!-- This site is optimized with the Yoast SEO plugin v27.4 - https:\/\/yoast.com\/product\/yoast-seo-wordpress\/ -->\n<title>Johdanto - Thesis Supervisor&#039;s Handbook<\/title>\n<meta name=\"robots\" content=\"index, follow, max-snippet:-1, max-image-preview:large, max-video-preview:-1\" \/>\n<link rel=\"canonical\" href=\"https:\/\/help.jamk.fi\/opinnaytetyon-ohjaus\/fi\/\" \/>\n<meta property=\"og:locale\" content=\"fi_FI\" \/>\n<meta property=\"og:type\" content=\"article\" \/>\n<meta property=\"og:title\" content=\"Johdanto - Thesis Supervisor&#039;s Handbook\" \/>\n<meta property=\"og:description\" content=\"Opinn\u00e4ytety\u00f6n tekeminen on opiskelijalle haasteellisin ja laajin kirjallinen oppimisteht\u00e4v\u00e4 opintojen aikana. Opinn\u00e4ytety\u00f6n tekemisess\u00e4 yhdistyv\u00e4t opiskelijan osaamistavoitteena tutkimus- tai kehitt\u00e4mishankkeen prosessin oppiminen ja&nbsp;asiatyylisen kirjoittamisen oppiminen sek\u00e4 toisaalta opinn\u00e4ytety\u00f6n prosessiin liittyv\u00e4t tavoitteet asiantuntijuuden kehittymisest\u00e4. Opinn\u00e4ytety\u00f6n haasteellisuus ja toisaalta my\u00f6s vaikeus on aloittaa ja saattaa prosessi loppuun. T\u00e4m\u00e4 n\u00e4kyy muun muassa opintojen jatkoaikahakemuksissa. L\u00e4hes puolet jatkoaikaa hakeneista opiskelijoista [&hellip;]\" \/>\n<meta property=\"og:url\" content=\"https:\/\/help.jamk.fi\/opinnaytetyon-ohjaus\/fi\/\" \/>\n<meta property=\"og:site_name\" content=\"Thesis Supervisor&#039;s Handbook\" \/>\n<meta property=\"article:modified_time\" content=\"2025-09-15T09:43:47+00:00\" \/>\n<meta name=\"twitter:card\" content=\"summary_large_image\" \/>\n<meta name=\"twitter:label1\" content=\"Arvioitu lukuaika\" \/>\n\t<meta name=\"twitter:data1\" content=\"3 minuuttia\" \/>\n<script type=\"application\/ld+json\" class=\"yoast-schema-graph\">{\"@context\":\"https:\\\/\\\/schema.org\",\"@graph\":[{\"@type\":\"WebPage\",\"@id\":\"https:\\\/\\\/help.jamk.fi\\\/opinnaytetyon-ohjaus\\\/fi\\\/\",\"url\":\"https:\\\/\\\/help.jamk.fi\\\/opinnaytetyon-ohjaus\\\/fi\\\/\",\"name\":\"Johdanto - Thesis Supervisor&#039;s Handbook\",\"isPartOf\":{\"@id\":\"https:\\\/\\\/help.jamk.fi\\\/opinnaytetyon-ohjaus\\\/#website\"},\"datePublished\":\"2022-04-02T08:29:00+00:00\",\"dateModified\":\"2025-09-15T09:43:47+00:00\",\"breadcrumb\":{\"@id\":\"https:\\\/\\\/help.jamk.fi\\\/opinnaytetyon-ohjaus\\\/fi\\\/#breadcrumb\"},\"inLanguage\":\"fi\",\"potentialAction\":[{\"@type\":\"ReadAction\",\"target\":[\"https:\\\/\\\/help.jamk.fi\\\/opinnaytetyon-ohjaus\\\/fi\\\/\"]}]},{\"@type\":\"BreadcrumbList\",\"@id\":\"https:\\\/\\\/help.jamk.fi\\\/opinnaytetyon-ohjaus\\\/fi\\\/#breadcrumb\",\"itemListElement\":[{\"@type\":\"ListItem\",\"position\":1,\"name\":\"Etusivu\",\"item\":\"https:\\\/\\\/help.jamk.fi\\\/opinnaytetyon-ohjaus\\\/fi\\\/\"},{\"@type\":\"ListItem\",\"position\":2,\"name\":\"Johdanto\"}]},{\"@type\":\"WebSite\",\"@id\":\"https:\\\/\\\/help.jamk.fi\\\/opinnaytetyon-ohjaus\\\/#website\",\"url\":\"https:\\\/\\\/help.jamk.fi\\\/opinnaytetyon-ohjaus\\\/\",\"name\":\"Thesis Supervisor&#039;s Handbook\",\"description\":\"Opinn\u00e4ytety\u00f6n ohjaajan k\u00e4sikirja ja vinkkipankki\",\"potentialAction\":[{\"@type\":\"SearchAction\",\"target\":{\"@type\":\"EntryPoint\",\"urlTemplate\":\"https:\\\/\\\/help.jamk.fi\\\/opinnaytetyon-ohjaus\\\/?s={search_term_string}\"},\"query-input\":{\"@type\":\"PropertyValueSpecification\",\"valueRequired\":true,\"valueName\":\"search_term_string\"}}],\"inLanguage\":\"fi\"}]}<\/script>\n<!-- \/ Yoast SEO plugin. -->","yoast_head_json":{"title":"Johdanto - Thesis Supervisor&#039;s Handbook","robots":{"index":"index","follow":"follow","max-snippet":"max-snippet:-1","max-image-preview":"max-image-preview:large","max-video-preview":"max-video-preview:-1"},"canonical":"https:\/\/help.jamk.fi\/opinnaytetyon-ohjaus\/fi\/","og_locale":"fi_FI","og_type":"article","og_title":"Johdanto - Thesis Supervisor&#039;s Handbook","og_description":"Opinn\u00e4ytety\u00f6n tekeminen on opiskelijalle haasteellisin ja laajin kirjallinen oppimisteht\u00e4v\u00e4 opintojen aikana. Opinn\u00e4ytety\u00f6n tekemisess\u00e4 yhdistyv\u00e4t opiskelijan osaamistavoitteena tutkimus- tai kehitt\u00e4mishankkeen prosessin oppiminen ja&nbsp;asiatyylisen kirjoittamisen oppiminen sek\u00e4 toisaalta opinn\u00e4ytety\u00f6n prosessiin liittyv\u00e4t tavoitteet asiantuntijuuden kehittymisest\u00e4. Opinn\u00e4ytety\u00f6n haasteellisuus ja toisaalta my\u00f6s vaikeus on aloittaa ja saattaa prosessi loppuun. T\u00e4m\u00e4 n\u00e4kyy muun muassa opintojen jatkoaikahakemuksissa. L\u00e4hes puolet jatkoaikaa hakeneista opiskelijoista [&hellip;]","og_url":"https:\/\/help.jamk.fi\/opinnaytetyon-ohjaus\/fi\/","og_site_name":"Thesis Supervisor&#039;s Handbook","article_modified_time":"2025-09-15T09:43:47+00:00","twitter_card":"summary_large_image","twitter_misc":{"Arvioitu lukuaika":"3 minuuttia"},"schema":{"@context":"https:\/\/schema.org","@graph":[{"@type":"WebPage","@id":"https:\/\/help.jamk.fi\/opinnaytetyon-ohjaus\/fi\/","url":"https:\/\/help.jamk.fi\/opinnaytetyon-ohjaus\/fi\/","name":"Johdanto - Thesis Supervisor&#039;s Handbook","isPartOf":{"@id":"https:\/\/help.jamk.fi\/opinnaytetyon-ohjaus\/#website"},"datePublished":"2022-04-02T08:29:00+00:00","dateModified":"2025-09-15T09:43:47+00:00","breadcrumb":{"@id":"https:\/\/help.jamk.fi\/opinnaytetyon-ohjaus\/fi\/#breadcrumb"},"inLanguage":"fi","potentialAction":[{"@type":"ReadAction","target":["https:\/\/help.jamk.fi\/opinnaytetyon-ohjaus\/fi\/"]}]},{"@type":"BreadcrumbList","@id":"https:\/\/help.jamk.fi\/opinnaytetyon-ohjaus\/fi\/#breadcrumb","itemListElement":[{"@type":"ListItem","position":1,"name":"Etusivu","item":"https:\/\/help.jamk.fi\/opinnaytetyon-ohjaus\/fi\/"},{"@type":"ListItem","position":2,"name":"Johdanto"}]},{"@type":"WebSite","@id":"https:\/\/help.jamk.fi\/opinnaytetyon-ohjaus\/#website","url":"https:\/\/help.jamk.fi\/opinnaytetyon-ohjaus\/","name":"Thesis Supervisor&#039;s Handbook","description":"Opinn\u00e4ytety\u00f6n ohjaajan k\u00e4sikirja ja vinkkipankki","potentialAction":[{"@type":"SearchAction","target":{"@type":"EntryPoint","urlTemplate":"https:\/\/help.jamk.fi\/opinnaytetyon-ohjaus\/?s={search_term_string}"},"query-input":{"@type":"PropertyValueSpecification","valueRequired":true,"valueName":"search_term_string"}}],"inLanguage":"fi"}]}},"_links":{"self":[{"href":"https:\/\/help.jamk.fi\/opinnaytetyon-ohjaus\/wp-json\/wp\/v2\/pages\/8","targetHints":{"allow":["GET"]}}],"collection":[{"href":"https:\/\/help.jamk.fi\/opinnaytetyon-ohjaus\/wp-json\/wp\/v2\/pages"}],"about":[{"href":"https:\/\/help.jamk.fi\/opinnaytetyon-ohjaus\/wp-json\/wp\/v2\/types\/page"}],"author":[{"embeddable":true,"href":"https:\/\/help.jamk.fi\/opinnaytetyon-ohjaus\/wp-json\/wp\/v2\/users\/79"}],"replies":[{"embeddable":true,"href":"https:\/\/help.jamk.fi\/opinnaytetyon-ohjaus\/wp-json\/wp\/v2\/comments?post=8"}],"version-history":[{"count":22,"href":"https:\/\/help.jamk.fi\/opinnaytetyon-ohjaus\/wp-json\/wp\/v2\/pages\/8\/revisions"}],"predecessor-version":[{"id":1810,"href":"https:\/\/help.jamk.fi\/opinnaytetyon-ohjaus\/wp-json\/wp\/v2\/pages\/8\/revisions\/1810"}],"wp:attachment":[{"href":"https:\/\/help.jamk.fi\/opinnaytetyon-ohjaus\/wp-json\/wp\/v2\/media?parent=8"}],"wp:term":[{"taxonomy":"category","embeddable":true,"href":"https:\/\/help.jamk.fi\/opinnaytetyon-ohjaus\/wp-json\/wp\/v2\/categories?post=8"},{"taxonomy":"post_tag","embeddable":true,"href":"https:\/\/help.jamk.fi\/opinnaytetyon-ohjaus\/wp-json\/wp\/v2\/tags?post=8"}],"curies":[{"name":"wp","href":"https:\/\/api.w.org\/{rel}","templated":true}]}}