{"id":86,"date":"2021-10-02T08:00:00","date_gmt":"2021-10-02T05:00:00","guid":{"rendered":"https:\/\/help.jamk.fi\/yamk-kasikirja\/opinnaytetyon-ohjaaminen\/opinnaytetyon-ohjauksen-opiskelija-ohjaaja-ohjaussuhde\/"},"modified":"2026-03-26T14:08:33","modified_gmt":"2026-03-26T12:08:33","slug":"ohjaussuhde","status":"publish","type":"page","link":"https:\/\/help.jamk.fi\/opinnaytetyon-ohjaus\/fi\/opinnaytetyon-ohjaaminen\/ohjaussuhde\/","title":{"rendered":"1.2 Ohjaussuhde"},"content":{"rendered":"\n<p>Ohjauksen p\u00e4\u00e4tavoite on sujuvan opiskelun varmistaminen, opiskelijan asiantuntijuuden kehittyminen sek\u00e4 ammatillisen suuntautumisen tukeminen.  Opinn\u00e4ytety\u00f6n ohjaus liittyy useimmiten l\u00e4helle p\u00e4\u00e4tt\u00f6vaihetta AMK opinnoissa, joissa opinn\u00e4ytety\u00f6n laajuus on 15 op, ajallisesti n. \u00bd -1 vuosi ja YAMK opinnoissa opintojen alusta l\u00e4htien, koska YAMK opinn\u00e4ytety\u00f6 on 1\/3 opinnoista eli 30 op, ajallisesti ty\u00f6n ohella n. 1-2 vuotta.<\/p>\n\n\n\n<p>Opinn\u00e4ytety\u00f6n ohjauksella on suuri merkitys opinn\u00e4ytety\u00f6n etenemiselle ja valmistumiselle. Opiskelijan motivaatioon toki vaikuttavat monet muutkin tekij\u00e4t kuin opinn\u00e4ytety\u00f6n ohjaus, mutta ohjauksella voidaan vaikuttaa merkitt\u00e4v\u00e4sti opinn\u00e4ytety\u00f6n tekemiseen liittyv\u00e4\u00e4n motivaatioon. (Alavaikko 2009.) Opiskelijat odottavat opinn\u00e4ytety\u00f6n ohjaajan henkil\u00f6kohtaista ohjauspanosta opinn\u00e4ytety\u00f6n eri vaiheissa. Henkil\u00f6kohtainen ohjauspanos tarkoittaa, ett\u00e4 ohjaaja osoittaa olevansa kiinnostunut opiskelijan tekem\u00e4st\u00e4 opinn\u00e4ytety\u00f6st\u00e4 ja sen aiheesta. (De Kleijn, Mainhard, Meijer, Pilot &amp; Brekelmans 2012.) Opinn\u00e4ytety\u00f6n ohjauksessa syntyy opiskelijalle tietoisuus siit\u00e4, ett\u00e4 joku muu \u2013 ohjaaja ja\/tai vertaisohjaaja \u2013 seuraa ja on tietoinen opiskelijan opinn\u00e4ytety\u00f6n prosessista (Alavaikko 2009).<\/p>\n\n\n\n<p><em>Ohjaajan henkil\u00f6kohtainen panos opinn\u00e4ytety\u00f6n ohjaukseen opiskelijan n\u00e4k\u00f6kulmasta:<\/em><\/p>\n\n\n\n<ul class=\"wp-block-list\">\n<li>Ohjaajan kysymys&nbsp;&#8211; Miten menee opinn\u00e4ytety\u00f6n kanssa?<\/li>\n\n\n\n<li>Opiskelijan s\u00e4hk\u00f6postiin vastaaminen nopeasti<\/li>\n\n\n\n<li>Kiinnostuksen osoittaminen opiskelijan opinn\u00e4ytety\u00f6t\u00e4 tai aihetta kohtaan<\/li>\n\n\n\n<li>Tuen antaminen opiskelijalle opinn\u00e4ytety\u00f6n eteenp\u00e4in viemiseksi<\/li>\n\n\n\n<li>Opinn\u00e4ytety\u00f6n ohjauksessa Wihi-j\u00e4rjestelm\u00e4ss\u00e4 aktiivinen palautteen anto ja viesteihin vastaaminen<\/li>\n<\/ul>\n\n\n\n<p>Sovi opiskelijan kanssa siit\u00e4, mit\u00e4 opinn\u00e4ytety\u00f6n ohjaus tarkoittaa.\u00a0Opiskelijalla\u00a0tulee olla koko prosessin ajan tunne siit\u00e4, ett\u00e4 opinn\u00e4ytety\u00f6 on h\u00e4nen omansa eik\u00e4 ohjaajan. Ohjaussuhteessa on t\u00e4rke\u00e4t\u00e4 muistaa, ett\u00e4 opinn\u00e4ytety\u00f6n ohjaaja ohjaa oppimisprosessia, jossa opiskelija autetaan j\u00e4sent\u00e4m\u00e4\u00e4n opinn\u00e4ytety\u00f6n kokonaisprosessia sek\u00e4 ohjataan opiskelijan tarpeen mukaisesti prosessin eri vaiheissa. (De Kleijn, Mainhard, Meijer, Pilot &amp; Brekelmans 2012.)<\/p>\n\n\n\n<p>Frilander-Paavilaisen (2005) mukaan opinn\u00e4ytety\u00f6n ohjausta tulee kehitt\u00e4\u00e4 sek\u00e4 opiskelijoiden ett\u00e4 opettajien mielest\u00e4 yhteistoiminnalliseksi prosessiksi, jossa mukana on&nbsp;tiivis yhteisty\u00f6 ty\u00f6el\u00e4m\u00e4n\/toimeksiantajan kanssa. Yhten\u00e4 kehitt\u00e4mistoiminnan suuntana pidettiin sit\u00e4, ett\u00e4 opinn\u00e4ytety\u00f6 ja ty\u00f6harjoittelu kytket\u00e4\u00e4n yhteen, kuten Jamk:ssa joillain koulutusaloilla on tehty. &nbsp;Yhteiset tapaamiset, tiedottaminen ja yhteinen sitoutuminen vahvistaisi yhteisty\u00f6t\u00e4 ja yhteist\u00e4 ymm\u00e4rryst\u00e4 opinn\u00e4ytety\u00f6st\u00e4 ja sen edellytt\u00e4mist\u00e4 vaatimuksista suhteessa ty\u00f6el\u00e4m\u00e4n toimeksiantoon ja toiveisiin kehitt\u00e4misty\u00f6n osalta.<\/p>\n\n\n\n<p>Opinn\u00e4ytety\u00f6 on ty\u00f6el\u00e4m\u00e4l\u00e4ht\u00f6inen kehitt\u00e4mishanke tai selvitys. Jos mukana on toimeksianto Jamkin ulkopuolelta, siit\u00e4 tehd\u00e4\u00e4n sopimus, jossa sovitaan yhteisist\u00e4 pelis\u00e4\u00e4nn\u00f6ist\u00e4 opiskelijan opinn\u00e4ytety\u00f6n aiheen toteuttamiseksi ko. toimeksiantajan organisaatiossa. Sopimuksessa sovitaan my\u00f6s ty\u00f6el\u00e4m\u00e4n ohjaaja\/mentori ja sen allekirjoittavat toimeksiantajan edustajan lis\u00e4ksi opinn\u00e4ytety\u00f6n tekij\u00e4(t) sek\u00e4 ammattikorkeakoulun ohjaaja(t). T\u00e4m\u00e4n lis\u00e4ksi opiskelija saattaa tarvita organisaatiosta riippuen erillisen tutkimusluvan. Tehdyn ssopimuksen mukaisesti on mahdollista kehitt\u00e4\u00e4 jaettuun asiantuntijuuteen pohjautuvaa yhteistoiminnallista opinn\u00e4ytety\u00f6n ohjausta. Frilander-Paavilaisen (2005) mukaan avoin, luottamuksellinen ja dialoginen suhde ohjaajien ja opiskelijan v\u00e4lill\u00e4 mahdollistaa innovatiivisen oppimisymp\u00e4rist\u00f6n. T\u00e4m\u00e4 edist\u00e4\u00e4 opinn\u00e4ytety\u00f6prosessin etenemist\u00e4 ja kehitt\u00e4\u00e4 opiskelijan asiantuntijuutta sek\u00e4 menestymist\u00e4 ty\u00f6el\u00e4m\u00e4ss\u00e4. (ks. Kuvio 1.)<\/p>\n\n\n\n<figure class=\"wp-block-image\"><a href=\"https:\/\/help.jamk.fi\/opinnaytetyon-ohjaus\/wp-content\/uploads\/sites\/110\/2023\/09\/jaettu-asiantuntijuus-ja-tiedon-rakentaminen.jpg\"><img decoding=\"async\" src=\"https:\/\/help.jamk.fi\/opinnaytetyon-ohjaus\/wp-content\/uploads\/sites\/110\/2023\/09\/jaettu-asiantuntijuus-ja-tiedon-rakentaminen.jpg\" alt=\"jaettu asiantuntijuus ja tiedon rakentaminen\" class=\"wp-image-120\"\/><\/a><figcaption class=\"wp-element-caption\">Kuvio 1. Jaettu asiantuntijuus ja dialoginen opinn\u00e4ytety\u00f6n ohjausprosessi (mukaeltu Frilander-Paavilainen 2005)<\/figcaption><\/figure>\n\n\n\n<p><\/p>\n\n\n\n<p>Hy\u00f6dynn\u00e4 ohjauksessasi jaettuun asiantuntijuuteen perustuvaa keskustelevaa ryhm\u00e4\u00e4, esimerkiksi opinn\u00e4ytety\u00f6seminaarina.\u00a0 Ryhm\u00e4ss\u00e4 mahdollistuu kommunikaatio opiskelijoiden ja ohjaajan\/ohjaajien sek\u00e4 mahdollisesti my\u00f6s ty\u00f6el\u00e4m\u00e4n v\u00e4lill\u00e4. Opinn\u00e4ytety\u00f6seminaariryhm\u00e4 antaa opiskelijoille mahdollisuuden keskustella kunkin osallistujan opinn\u00e4ytety\u00f6h\u00f6n liittyvist\u00e4 ongelmista, tarkastella ja arvioida kriittisesti toistensa t\u00f6it\u00e4 sek\u00e4 opettaa tulkitsemaan vertaisten tekemi\u00e4 pohdintoja. Ryhm\u00e4ss\u00e4 opiskelijat harjaantuvat my\u00f6s argumentoimaan opinn\u00e4ytety\u00f6ns\u00e4 ratkaisuja sek\u00e4 vertaisilleen ett\u00e4 ohjaajille.<\/p>\n\n\n\n<h2 class=\"wp-block-heading\">L\u00e4hteet<\/h2>\n\n\n\n<p>Alavaikko, M. 2009. Opinn\u00e4ytety\u00f6n ohjaaminen ja opiskelijan motivaatio &#8211; esimerkkin\u00e4 sosiaalialan aikuisopiskelijan opinn\u00e4ytety\u00f6. Aikuiskasvatus (3), 206-213.<\/p>\n\n\n\n<p>De Kleijn, R., Mainhard, M. T., Meijer, P. C., Pilot, A. &amp; Brekelmans, M. (2012). Master&#8217;s thesis supervision: relationship between perceptions of the supervisor-student relationship, final grade, perceived supervisor contribution to learning and student satisfaction. Studies in Higher Education, 37(8), 925-939. Haettu 25.4.2015. Huhtikuu 2015 osoitteesta http:\/\/tandfonline.com<\/p>\n\n\n\n<p>Frilander-Paavilainen, E.-L. (2005). Opinn\u00e4ytety\u00f6 asiantuntijuuden kehitt\u00e4j\u00e4n\u00e4 ammattikorkeakoulussa. Helsinki: Helsingin yliopisto.<\/p>\n\n\n\n<p> Ohjaus 2013. Ohjausj\u00e4rjestelm\u00e4 Jyv\u00e4skyl\u00e4n ammattikorkeakoulussa. 2013. Toim. J. Lerkkanen &amp; H. Ikonen. Jyv\u00e4skyl\u00e4: Jyv\u00e4skyl\u00e4n ammattikorkeakoulu.<\/p>\n\n\n\n<p class=\"has-regular-font-size\"><sub>P\u00e4ivitetty 2.10.2021 Sirpa Tuomi\/26.3.26 Riikka Ahlgren<\/sub><br><\/p>\n","protected":false},"excerpt":{"rendered":"<p>Ohjauksen p\u00e4\u00e4tavoite on sujuvan opiskelun varmistaminen, opiskelijan asiantuntijuuden kehittyminen sek\u00e4 ammatillisen suuntautumisen tukeminen. Opinn\u00e4ytety\u00f6n ohjaus liittyy useimmiten l\u00e4helle p\u00e4\u00e4tt\u00f6vaihetta AMK opinnoissa, joissa opinn\u00e4ytety\u00f6n laajuus on 15 op, ajallisesti n. \u00bd -1 vuosi ja YAMK opinnoissa opintojen alusta l\u00e4htien, koska YAMK opinn\u00e4ytety\u00f6 on 1\/3 opinnoista eli 30 op, ajallisesti ty\u00f6n ohella n. 1-2 vuotta. Opinn\u00e4ytety\u00f6n ohjauksella [&hellip;]<\/p>\n","protected":false},"author":79,"featured_media":0,"parent":77,"menu_order":2,"comment_status":"closed","ping_status":"closed","template":"","meta":{"_acf_changed":false,"_relevanssi_hide_post":"","_relevanssi_hide_content":"","_relevanssi_pin_for_all":"","_relevanssi_pin_keywords":"","_relevanssi_unpin_keywords":"","_relevanssi_related_keywords":"","_relevanssi_related_include_ids":"","_relevanssi_related_exclude_ids":"","_relevanssi_related_no_append":"","_relevanssi_related_not_related":"","_relevanssi_related_posts":"","_relevanssi_noindex_reason":"","footnotes":""},"categories":[1],"tags":[83],"class_list":["post-86","page","type-page","status-publish","hentry","category-yleinen","tag-opinnaytetyon-ohjaus"],"acf":[],"yoast_head":"<!-- This site is optimized with the Yoast SEO plugin v27.4 - https:\/\/yoast.com\/product\/yoast-seo-wordpress\/ -->\n<title>1.2 Ohjaussuhde - Thesis Supervisor&#039;s Handbook<\/title>\n<meta name=\"robots\" content=\"index, follow, max-snippet:-1, max-image-preview:large, max-video-preview:-1\" \/>\n<link rel=\"canonical\" href=\"https:\/\/help.jamk.fi\/opinnaytetyon-ohjaus\/fi\/opinnaytetyon-ohjaaminen\/ohjaussuhde\/\" \/>\n<meta property=\"og:locale\" content=\"fi_FI\" \/>\n<meta property=\"og:type\" content=\"article\" \/>\n<meta property=\"og:title\" content=\"1.2 Ohjaussuhde - Thesis Supervisor&#039;s Handbook\" \/>\n<meta property=\"og:description\" content=\"Ohjauksen p\u00e4\u00e4tavoite on sujuvan opiskelun varmistaminen, opiskelijan asiantuntijuuden kehittyminen sek\u00e4 ammatillisen suuntautumisen tukeminen. Opinn\u00e4ytety\u00f6n ohjaus liittyy useimmiten l\u00e4helle p\u00e4\u00e4tt\u00f6vaihetta AMK opinnoissa, joissa opinn\u00e4ytety\u00f6n laajuus on 15 op, ajallisesti n. \u00bd -1 vuosi ja YAMK opinnoissa opintojen alusta l\u00e4htien, koska YAMK opinn\u00e4ytety\u00f6 on 1\/3 opinnoista eli 30 op, ajallisesti ty\u00f6n ohella n. 1-2 vuotta. Opinn\u00e4ytety\u00f6n ohjauksella [&hellip;]\" \/>\n<meta property=\"og:url\" content=\"https:\/\/help.jamk.fi\/opinnaytetyon-ohjaus\/fi\/opinnaytetyon-ohjaaminen\/ohjaussuhde\/\" \/>\n<meta property=\"og:site_name\" content=\"Thesis Supervisor&#039;s Handbook\" \/>\n<meta property=\"article:modified_time\" content=\"2026-03-26T12:08:33+00:00\" \/>\n<meta name=\"twitter:card\" content=\"summary_large_image\" \/>\n<meta name=\"twitter:label1\" content=\"Arvioitu lukuaika\" \/>\n\t<meta name=\"twitter:data1\" content=\"4 minuuttia\" \/>\n<script type=\"application\/ld+json\" class=\"yoast-schema-graph\">{\"@context\":\"https:\\\/\\\/schema.org\",\"@graph\":[{\"@type\":\"WebPage\",\"@id\":\"https:\\\/\\\/help.jamk.fi\\\/opinnaytetyon-ohjaus\\\/fi\\\/opinnaytetyon-ohjaaminen\\\/ohjaussuhde\\\/\",\"url\":\"https:\\\/\\\/help.jamk.fi\\\/opinnaytetyon-ohjaus\\\/fi\\\/opinnaytetyon-ohjaaminen\\\/ohjaussuhde\\\/\",\"name\":\"1.2 Ohjaussuhde - Thesis Supervisor&#039;s Handbook\",\"isPartOf\":{\"@id\":\"https:\\\/\\\/help.jamk.fi\\\/opinnaytetyon-ohjaus\\\/#website\"},\"primaryImageOfPage\":{\"@id\":\"https:\\\/\\\/help.jamk.fi\\\/opinnaytetyon-ohjaus\\\/fi\\\/opinnaytetyon-ohjaaminen\\\/ohjaussuhde\\\/#primaryimage\"},\"image\":{\"@id\":\"https:\\\/\\\/help.jamk.fi\\\/opinnaytetyon-ohjaus\\\/fi\\\/opinnaytetyon-ohjaaminen\\\/ohjaussuhde\\\/#primaryimage\"},\"thumbnailUrl\":\"https:\\\/\\\/help.jamk.fi\\\/opinnaytetyon-ohjaus\\\/wp-content\\\/uploads\\\/sites\\\/110\\\/2023\\\/09\\\/jaettu-asiantuntijuus-ja-tiedon-rakentaminen.jpg\",\"datePublished\":\"2021-10-02T05:00:00+00:00\",\"dateModified\":\"2026-03-26T12:08:33+00:00\",\"breadcrumb\":{\"@id\":\"https:\\\/\\\/help.jamk.fi\\\/opinnaytetyon-ohjaus\\\/fi\\\/opinnaytetyon-ohjaaminen\\\/ohjaussuhde\\\/#breadcrumb\"},\"inLanguage\":\"fi\",\"potentialAction\":[{\"@type\":\"ReadAction\",\"target\":[\"https:\\\/\\\/help.jamk.fi\\\/opinnaytetyon-ohjaus\\\/fi\\\/opinnaytetyon-ohjaaminen\\\/ohjaussuhde\\\/\"]}]},{\"@type\":\"ImageObject\",\"inLanguage\":\"fi\",\"@id\":\"https:\\\/\\\/help.jamk.fi\\\/opinnaytetyon-ohjaus\\\/fi\\\/opinnaytetyon-ohjaaminen\\\/ohjaussuhde\\\/#primaryimage\",\"url\":\"https:\\\/\\\/help.jamk.fi\\\/opinnaytetyon-ohjaus\\\/wp-content\\\/uploads\\\/sites\\\/110\\\/2023\\\/09\\\/jaettu-asiantuntijuus-ja-tiedon-rakentaminen.jpg\",\"contentUrl\":\"https:\\\/\\\/help.jamk.fi\\\/opinnaytetyon-ohjaus\\\/wp-content\\\/uploads\\\/sites\\\/110\\\/2023\\\/09\\\/jaettu-asiantuntijuus-ja-tiedon-rakentaminen.jpg\"},{\"@type\":\"BreadcrumbList\",\"@id\":\"https:\\\/\\\/help.jamk.fi\\\/opinnaytetyon-ohjaus\\\/fi\\\/opinnaytetyon-ohjaaminen\\\/ohjaussuhde\\\/#breadcrumb\",\"itemListElement\":[{\"@type\":\"ListItem\",\"position\":1,\"name\":\"Etusivu\",\"item\":\"https:\\\/\\\/help.jamk.fi\\\/opinnaytetyon-ohjaus\\\/fi\\\/\"},{\"@type\":\"ListItem\",\"position\":2,\"name\":\"1 Opinn\u00e4ytety\u00f6n ohjaaminen\",\"item\":\"https:\\\/\\\/help.jamk.fi\\\/opinnaytetyon-ohjaus\\\/fi\\\/opinnaytetyon-ohjaaminen\\\/\"},{\"@type\":\"ListItem\",\"position\":3,\"name\":\"1.2 Ohjaussuhde\"}]},{\"@type\":\"WebSite\",\"@id\":\"https:\\\/\\\/help.jamk.fi\\\/opinnaytetyon-ohjaus\\\/#website\",\"url\":\"https:\\\/\\\/help.jamk.fi\\\/opinnaytetyon-ohjaus\\\/\",\"name\":\"Thesis Supervisor&#039;s Handbook\",\"description\":\"Opinn\u00e4ytety\u00f6n ohjaajan k\u00e4sikirja ja vinkkipankki\",\"potentialAction\":[{\"@type\":\"SearchAction\",\"target\":{\"@type\":\"EntryPoint\",\"urlTemplate\":\"https:\\\/\\\/help.jamk.fi\\\/opinnaytetyon-ohjaus\\\/?s={search_term_string}\"},\"query-input\":{\"@type\":\"PropertyValueSpecification\",\"valueRequired\":true,\"valueName\":\"search_term_string\"}}],\"inLanguage\":\"fi\"}]}<\/script>\n<!-- \/ Yoast SEO plugin. -->","yoast_head_json":{"title":"1.2 Ohjaussuhde - Thesis Supervisor&#039;s Handbook","robots":{"index":"index","follow":"follow","max-snippet":"max-snippet:-1","max-image-preview":"max-image-preview:large","max-video-preview":"max-video-preview:-1"},"canonical":"https:\/\/help.jamk.fi\/opinnaytetyon-ohjaus\/fi\/opinnaytetyon-ohjaaminen\/ohjaussuhde\/","og_locale":"fi_FI","og_type":"article","og_title":"1.2 Ohjaussuhde - Thesis Supervisor&#039;s Handbook","og_description":"Ohjauksen p\u00e4\u00e4tavoite on sujuvan opiskelun varmistaminen, opiskelijan asiantuntijuuden kehittyminen sek\u00e4 ammatillisen suuntautumisen tukeminen. Opinn\u00e4ytety\u00f6n ohjaus liittyy useimmiten l\u00e4helle p\u00e4\u00e4tt\u00f6vaihetta AMK opinnoissa, joissa opinn\u00e4ytety\u00f6n laajuus on 15 op, ajallisesti n. \u00bd -1 vuosi ja YAMK opinnoissa opintojen alusta l\u00e4htien, koska YAMK opinn\u00e4ytety\u00f6 on 1\/3 opinnoista eli 30 op, ajallisesti ty\u00f6n ohella n. 1-2 vuotta. Opinn\u00e4ytety\u00f6n ohjauksella [&hellip;]","og_url":"https:\/\/help.jamk.fi\/opinnaytetyon-ohjaus\/fi\/opinnaytetyon-ohjaaminen\/ohjaussuhde\/","og_site_name":"Thesis Supervisor&#039;s Handbook","article_modified_time":"2026-03-26T12:08:33+00:00","twitter_card":"summary_large_image","twitter_misc":{"Arvioitu lukuaika":"4 minuuttia"},"schema":{"@context":"https:\/\/schema.org","@graph":[{"@type":"WebPage","@id":"https:\/\/help.jamk.fi\/opinnaytetyon-ohjaus\/fi\/opinnaytetyon-ohjaaminen\/ohjaussuhde\/","url":"https:\/\/help.jamk.fi\/opinnaytetyon-ohjaus\/fi\/opinnaytetyon-ohjaaminen\/ohjaussuhde\/","name":"1.2 Ohjaussuhde - Thesis Supervisor&#039;s Handbook","isPartOf":{"@id":"https:\/\/help.jamk.fi\/opinnaytetyon-ohjaus\/#website"},"primaryImageOfPage":{"@id":"https:\/\/help.jamk.fi\/opinnaytetyon-ohjaus\/fi\/opinnaytetyon-ohjaaminen\/ohjaussuhde\/#primaryimage"},"image":{"@id":"https:\/\/help.jamk.fi\/opinnaytetyon-ohjaus\/fi\/opinnaytetyon-ohjaaminen\/ohjaussuhde\/#primaryimage"},"thumbnailUrl":"https:\/\/help.jamk.fi\/opinnaytetyon-ohjaus\/wp-content\/uploads\/sites\/110\/2023\/09\/jaettu-asiantuntijuus-ja-tiedon-rakentaminen.jpg","datePublished":"2021-10-02T05:00:00+00:00","dateModified":"2026-03-26T12:08:33+00:00","breadcrumb":{"@id":"https:\/\/help.jamk.fi\/opinnaytetyon-ohjaus\/fi\/opinnaytetyon-ohjaaminen\/ohjaussuhde\/#breadcrumb"},"inLanguage":"fi","potentialAction":[{"@type":"ReadAction","target":["https:\/\/help.jamk.fi\/opinnaytetyon-ohjaus\/fi\/opinnaytetyon-ohjaaminen\/ohjaussuhde\/"]}]},{"@type":"ImageObject","inLanguage":"fi","@id":"https:\/\/help.jamk.fi\/opinnaytetyon-ohjaus\/fi\/opinnaytetyon-ohjaaminen\/ohjaussuhde\/#primaryimage","url":"https:\/\/help.jamk.fi\/opinnaytetyon-ohjaus\/wp-content\/uploads\/sites\/110\/2023\/09\/jaettu-asiantuntijuus-ja-tiedon-rakentaminen.jpg","contentUrl":"https:\/\/help.jamk.fi\/opinnaytetyon-ohjaus\/wp-content\/uploads\/sites\/110\/2023\/09\/jaettu-asiantuntijuus-ja-tiedon-rakentaminen.jpg"},{"@type":"BreadcrumbList","@id":"https:\/\/help.jamk.fi\/opinnaytetyon-ohjaus\/fi\/opinnaytetyon-ohjaaminen\/ohjaussuhde\/#breadcrumb","itemListElement":[{"@type":"ListItem","position":1,"name":"Etusivu","item":"https:\/\/help.jamk.fi\/opinnaytetyon-ohjaus\/fi\/"},{"@type":"ListItem","position":2,"name":"1 Opinn\u00e4ytety\u00f6n ohjaaminen","item":"https:\/\/help.jamk.fi\/opinnaytetyon-ohjaus\/fi\/opinnaytetyon-ohjaaminen\/"},{"@type":"ListItem","position":3,"name":"1.2 Ohjaussuhde"}]},{"@type":"WebSite","@id":"https:\/\/help.jamk.fi\/opinnaytetyon-ohjaus\/#website","url":"https:\/\/help.jamk.fi\/opinnaytetyon-ohjaus\/","name":"Thesis Supervisor&#039;s Handbook","description":"Opinn\u00e4ytety\u00f6n ohjaajan k\u00e4sikirja ja vinkkipankki","potentialAction":[{"@type":"SearchAction","target":{"@type":"EntryPoint","urlTemplate":"https:\/\/help.jamk.fi\/opinnaytetyon-ohjaus\/?s={search_term_string}"},"query-input":{"@type":"PropertyValueSpecification","valueRequired":true,"valueName":"search_term_string"}}],"inLanguage":"fi"}]}},"_links":{"self":[{"href":"https:\/\/help.jamk.fi\/opinnaytetyon-ohjaus\/wp-json\/wp\/v2\/pages\/86","targetHints":{"allow":["GET"]}}],"collection":[{"href":"https:\/\/help.jamk.fi\/opinnaytetyon-ohjaus\/wp-json\/wp\/v2\/pages"}],"about":[{"href":"https:\/\/help.jamk.fi\/opinnaytetyon-ohjaus\/wp-json\/wp\/v2\/types\/page"}],"author":[{"embeddable":true,"href":"https:\/\/help.jamk.fi\/opinnaytetyon-ohjaus\/wp-json\/wp\/v2\/users\/79"}],"replies":[{"embeddable":true,"href":"https:\/\/help.jamk.fi\/opinnaytetyon-ohjaus\/wp-json\/wp\/v2\/comments?post=86"}],"version-history":[{"count":13,"href":"https:\/\/help.jamk.fi\/opinnaytetyon-ohjaus\/wp-json\/wp\/v2\/pages\/86\/revisions"}],"predecessor-version":[{"id":1959,"href":"https:\/\/help.jamk.fi\/opinnaytetyon-ohjaus\/wp-json\/wp\/v2\/pages\/86\/revisions\/1959"}],"up":[{"embeddable":true,"href":"https:\/\/help.jamk.fi\/opinnaytetyon-ohjaus\/wp-json\/wp\/v2\/pages\/77"}],"wp:attachment":[{"href":"https:\/\/help.jamk.fi\/opinnaytetyon-ohjaus\/wp-json\/wp\/v2\/media?parent=86"}],"wp:term":[{"taxonomy":"category","embeddable":true,"href":"https:\/\/help.jamk.fi\/opinnaytetyon-ohjaus\/wp-json\/wp\/v2\/categories?post=86"},{"taxonomy":"post_tag","embeddable":true,"href":"https:\/\/help.jamk.fi\/opinnaytetyon-ohjaus\/wp-json\/wp\/v2\/tags?post=86"}],"curies":[{"name":"wp","href":"https:\/\/api.w.org\/{rel}","templated":true}]}}