{"id":1880,"date":"2015-06-04T08:09:32","date_gmt":"2015-06-04T07:09:32","guid":{"rendered":"https:\/\/help.jamk.fi\/oppiminen\/ryhmatyoskentely\/"},"modified":"2024-01-05T14:43:38","modified_gmt":"2024-01-05T12:43:38","slug":"ryhmatyoskentely","status":"publish","type":"page","link":"https:\/\/help.jamk.fi\/oppiminen\/fi\/viestinta-ja-yhdessa-tekeminen\/ryhmatyoskentely\/","title":{"rendered":"Ryhm\u00e4ty\u00f6skentely"},"content":{"rendered":"\n<p>Opiskelijana et voi v\u00e4ltty\u00e4 erilaisilta ryhm\u00e4t\u00f6ilt\u00e4 tai tiimiss\u00e4 teht\u00e4vilt\u00e4 projekteilta &#8211; tiimity\u00f6skentely on t\u00e4rke\u00e4 osa ammattia alalla kuin alalla.<\/p>\n\n\n\n<h2 class=\"wp-block-heading\"><strong>Miten saat ryhm\u00e4ty\u00f6st\u00e4 enemm\u00e4n irti?<\/strong><\/h2>\n\n\n\n<p>Ryhm\u00e4ty\u00f6t ovat tilaisuus ajatustenvaihtoon, kokemusten jakamiseen ja yhteiseen tiedonrakenteluun. Tiukkojen aikataulujen puitteissa saattaa synty\u00e4 kiusaus jakaa ty\u00f6skentely osiin niin, ett\u00e4 jokainen ty\u00f6st\u00e4\u00e4 oman osuutensa itsekseen ja ne vain kootaan yhteen. T\u00e4m\u00e4 ei kuitenkaan kannata, sill\u00e4 siit\u00e4 k\u00e4rsiv\u00e4t sek\u00e4 oppiminen ett\u00e4 arvioitava suoritus.<\/p>\n\n\n\n<ol class=\"wp-block-list\">\n<li>Muodostakaa yhteinen k\u00e4sitys teht\u00e4v\u00e4n tavoitteista, ty\u00f6skentelyn vaiheista ja aikataulusta<\/li>\n\n\n\n<li>Jokainen ryhm\u00e4n j\u00e4sen vastaa siit\u00e4, ett\u00e4 h\u00e4n perehtyy aiheeseen ja muodostaa siit\u00e4 oman k\u00e4sityksens\u00e4.<\/li>\n\n\n\n<li>Ryhm\u00e4 ty\u00f6st\u00e4\u00e4 yhteisen ja yhdenmukaisen tuotoksen opettajan ohjeiden mukaisesti.<\/li>\n<\/ol>\n\n\n\n<h2 class=\"wp-block-heading\">Ty\u00f6skentely verkossa<\/h2>\n\n\n\n<p>Ryhm\u00e4ty\u00f6t\u00e4 ei aina voida eik\u00e4 ole j\u00e4rkev\u00e4k\u00e4\u00e4n ty\u00f6st\u00e4\u00e4 vain kasvotusten tapahtuvissa tapaamisissa. Verkkosovellukset, kuten M365-palvelu, tarjoavat hyv\u00e4t ja helppok\u00e4ytt\u00f6iset ty\u00f6kalut yhteisty\u00f6h\u00f6n. L\u00f6yd\u00e4t t\u00e4lt\u00e4 sivulta vinkkej\u00e4 Jamkin tarjoamien ty\u00f6kalujen k\u00e4ytt\u00f6\u00f6n ryhm\u00e4t\u00f6iden tekemisess\u00e4.<\/p>\n\n\n\n<h3 class=\"wp-block-heading\"><strong>Yhteistuottaminen Microsoft 365-palvelussa<\/strong><\/h3>\n\n\n\n<p>Ryhm\u00e4t\u00f6iss\u00e4 tulee usein vastaan tarve tuottaa yhdess\u00e4 kirjallisia dokumentteja tai esityksi\u00e4. M365 -palvelun verkkopohjaiset tekstink\u00e4sittely-, taulukkolaskenta-, ja esitysty\u00f6kalut (Word Online, Excel Online ja PowerPoint Online) toimivat t\u00e4h\u00e4n tarkoitukseen hyvin. Ty\u00f6kalujen avulla ryhm\u00e4n j\u00e4senet voivat kirjoittaa, muokata ja kommentoida yhteist\u00e4 tiedostoa tarvittaessa vaikka reaaliaikaisesti. Muista kuitenkin, ett\u00e4 yhteiskirjoittamisen p\u00e4\u00e4tytty\u00e4 lopullinen ty\u00f6 kuitenkin palautetaan useimmiten Moodleen.<\/p>\n\n\n\n<p>Yhteisty\u00f6skentelyn t\u00e4rkein osuus eli tapaamiset voitte j\u00e4rjest\u00e4\u00e4 Teamsissa. Perustakaa ryhm\u00e4ty\u00f6t\u00e4 varten Teamsin Chat-osaan ryhm\u00e4 ja j\u00e4rjest\u00e4k\u00e4\u00e4 verkkokokoukset ja keskustelut yhdess\u00e4 paikassa koko ryhm\u00e4ty\u00f6n ajan.<\/p>\n\n\n\n<p><\/p>\n","protected":false},"excerpt":{"rendered":"<p>Opiskelijana et voi v\u00e4ltty\u00e4 erilaisilta ryhm\u00e4t\u00f6ilt\u00e4 tai tiimiss\u00e4 teht\u00e4vilt\u00e4 projekteilta &#8211; tiimity\u00f6skentely on t\u00e4rke\u00e4 osa ammattia alalla kuin alalla. Miten saat ryhm\u00e4ty\u00f6st\u00e4 enemm\u00e4n irti? Ryhm\u00e4ty\u00f6t ovat tilaisuus ajatustenvaihtoon, kokemusten jakamiseen ja yhteiseen tiedonrakenteluun. Tiukkojen aikataulujen puitteissa saattaa synty\u00e4 kiusaus jakaa ty\u00f6skentely osiin niin, ett\u00e4 jokainen ty\u00f6st\u00e4\u00e4 oman osuutensa itsekseen ja ne vain kootaan yhteen. T\u00e4m\u00e4 [&hellip;]<\/p>\n","protected":false},"author":59,"featured_media":0,"parent":1891,"menu_order":0,"comment_status":"closed","ping_status":"open","template":"","meta":{"_acf_changed":false,"_relevanssi_hide_post":"","_relevanssi_hide_content":"","_relevanssi_pin_for_all":"","_relevanssi_pin_keywords":"","_relevanssi_unpin_keywords":"","_relevanssi_related_keywords":"","_relevanssi_related_include_ids":"","_relevanssi_related_exclude_ids":"","_relevanssi_related_no_append":"","_relevanssi_related_not_related":"","_relevanssi_related_posts":"","_relevanssi_noindex_reason":"","footnotes":""},"categories":[1],"tags":[],"class_list":["post-1880","page","type-page","status-publish","hentry","category-uncategorised"],"acf":[],"yoast_head":"<!-- This site is optimized with the Yoast SEO plugin v27.5 - https:\/\/yoast.com\/product\/yoast-seo-wordpress\/ -->\n<title>Ryhm\u00e4ty\u00f6skentely - Oppiminen<\/title>\n<meta name=\"robots\" content=\"index, follow, max-snippet:-1, max-image-preview:large, max-video-preview:-1\" \/>\n<link rel=\"canonical\" href=\"https:\/\/help.jamk.fi\/oppiminen\/fi\/viestinta-ja-yhdessa-tekeminen\/ryhmatyoskentely\/\" \/>\n<meta property=\"og:locale\" content=\"fi_FI\" \/>\n<meta property=\"og:type\" content=\"article\" \/>\n<meta property=\"og:title\" content=\"Ryhm\u00e4ty\u00f6skentely - Oppiminen\" \/>\n<meta property=\"og:description\" content=\"Opiskelijana et voi v\u00e4ltty\u00e4 erilaisilta ryhm\u00e4t\u00f6ilt\u00e4 tai tiimiss\u00e4 teht\u00e4vilt\u00e4 projekteilta &#8211; tiimity\u00f6skentely on t\u00e4rke\u00e4 osa ammattia alalla kuin alalla. Miten saat ryhm\u00e4ty\u00f6st\u00e4 enemm\u00e4n irti? Ryhm\u00e4ty\u00f6t ovat tilaisuus ajatustenvaihtoon, kokemusten jakamiseen ja yhteiseen tiedonrakenteluun. Tiukkojen aikataulujen puitteissa saattaa synty\u00e4 kiusaus jakaa ty\u00f6skentely osiin niin, ett\u00e4 jokainen ty\u00f6st\u00e4\u00e4 oman osuutensa itsekseen ja ne vain kootaan yhteen. T\u00e4m\u00e4 [&hellip;]\" \/>\n<meta property=\"og:url\" content=\"https:\/\/help.jamk.fi\/oppiminen\/fi\/viestinta-ja-yhdessa-tekeminen\/ryhmatyoskentely\/\" \/>\n<meta property=\"og:site_name\" content=\"Oppiminen\" \/>\n<meta property=\"article:modified_time\" content=\"2024-01-05T12:43:38+00:00\" \/>\n<meta name=\"twitter:card\" content=\"summary_large_image\" \/>\n<meta name=\"twitter:label1\" content=\"Arvioitu lukuaika\" \/>\n\t<meta name=\"twitter:data1\" content=\"2 minuuttia\" \/>\n<script type=\"application\/ld+json\" class=\"yoast-schema-graph\">{\"@context\":\"https:\\\/\\\/schema.org\",\"@graph\":[{\"@type\":\"WebPage\",\"@id\":\"https:\\\/\\\/help.jamk.fi\\\/oppiminen\\\/fi\\\/viestinta-ja-yhdessa-tekeminen\\\/ryhmatyoskentely\\\/\",\"url\":\"https:\\\/\\\/help.jamk.fi\\\/oppiminen\\\/fi\\\/viestinta-ja-yhdessa-tekeminen\\\/ryhmatyoskentely\\\/\",\"name\":\"Ryhm\u00e4ty\u00f6skentely - Oppiminen\",\"isPartOf\":{\"@id\":\"https:\\\/\\\/help.jamk.fi\\\/oppiminen\\\/#website\"},\"datePublished\":\"2015-06-04T07:09:32+00:00\",\"dateModified\":\"2024-01-05T12:43:38+00:00\",\"breadcrumb\":{\"@id\":\"https:\\\/\\\/help.jamk.fi\\\/oppiminen\\\/fi\\\/viestinta-ja-yhdessa-tekeminen\\\/ryhmatyoskentely\\\/#breadcrumb\"},\"inLanguage\":\"fi\",\"potentialAction\":[{\"@type\":\"ReadAction\",\"target\":[\"https:\\\/\\\/help.jamk.fi\\\/oppiminen\\\/fi\\\/viestinta-ja-yhdessa-tekeminen\\\/ryhmatyoskentely\\\/\"]}]},{\"@type\":\"BreadcrumbList\",\"@id\":\"https:\\\/\\\/help.jamk.fi\\\/oppiminen\\\/fi\\\/viestinta-ja-yhdessa-tekeminen\\\/ryhmatyoskentely\\\/#breadcrumb\",\"itemListElement\":[{\"@type\":\"ListItem\",\"position\":1,\"name\":\"Home\",\"item\":\"https:\\\/\\\/help.jamk.fi\\\/oppiminen\\\/fi\\\/\"},{\"@type\":\"ListItem\",\"position\":2,\"name\":\"Ryhm\u00e4ty\u00f6skentely ja yhteistuottaminen\",\"item\":\"https:\\\/\\\/help.jamk.fi\\\/oppiminen\\\/fi\\\/viestinta-ja-yhdessa-tekeminen\\\/\"},{\"@type\":\"ListItem\",\"position\":3,\"name\":\"Ryhm\u00e4ty\u00f6skentely\"}]},{\"@type\":\"WebSite\",\"@id\":\"https:\\\/\\\/help.jamk.fi\\\/oppiminen\\\/#website\",\"url\":\"https:\\\/\\\/help.jamk.fi\\\/oppiminen\\\/\",\"name\":\"Oppiminen\",\"description\":\"\",\"potentialAction\":[{\"@type\":\"SearchAction\",\"target\":{\"@type\":\"EntryPoint\",\"urlTemplate\":\"https:\\\/\\\/help.jamk.fi\\\/oppiminen\\\/?s={search_term_string}\"},\"query-input\":{\"@type\":\"PropertyValueSpecification\",\"valueRequired\":true,\"valueName\":\"search_term_string\"}}],\"inLanguage\":\"fi\"}]}<\/script>\n<!-- \/ Yoast SEO plugin. -->","yoast_head_json":{"title":"Ryhm\u00e4ty\u00f6skentely - Oppiminen","robots":{"index":"index","follow":"follow","max-snippet":"max-snippet:-1","max-image-preview":"max-image-preview:large","max-video-preview":"max-video-preview:-1"},"canonical":"https:\/\/help.jamk.fi\/oppiminen\/fi\/viestinta-ja-yhdessa-tekeminen\/ryhmatyoskentely\/","og_locale":"fi_FI","og_type":"article","og_title":"Ryhm\u00e4ty\u00f6skentely - Oppiminen","og_description":"Opiskelijana et voi v\u00e4ltty\u00e4 erilaisilta ryhm\u00e4t\u00f6ilt\u00e4 tai tiimiss\u00e4 teht\u00e4vilt\u00e4 projekteilta &#8211; tiimity\u00f6skentely on t\u00e4rke\u00e4 osa ammattia alalla kuin alalla. Miten saat ryhm\u00e4ty\u00f6st\u00e4 enemm\u00e4n irti? Ryhm\u00e4ty\u00f6t ovat tilaisuus ajatustenvaihtoon, kokemusten jakamiseen ja yhteiseen tiedonrakenteluun. Tiukkojen aikataulujen puitteissa saattaa synty\u00e4 kiusaus jakaa ty\u00f6skentely osiin niin, ett\u00e4 jokainen ty\u00f6st\u00e4\u00e4 oman osuutensa itsekseen ja ne vain kootaan yhteen. T\u00e4m\u00e4 [&hellip;]","og_url":"https:\/\/help.jamk.fi\/oppiminen\/fi\/viestinta-ja-yhdessa-tekeminen\/ryhmatyoskentely\/","og_site_name":"Oppiminen","article_modified_time":"2024-01-05T12:43:38+00:00","twitter_card":"summary_large_image","twitter_misc":{"Arvioitu lukuaika":"2 minuuttia"},"schema":{"@context":"https:\/\/schema.org","@graph":[{"@type":"WebPage","@id":"https:\/\/help.jamk.fi\/oppiminen\/fi\/viestinta-ja-yhdessa-tekeminen\/ryhmatyoskentely\/","url":"https:\/\/help.jamk.fi\/oppiminen\/fi\/viestinta-ja-yhdessa-tekeminen\/ryhmatyoskentely\/","name":"Ryhm\u00e4ty\u00f6skentely - Oppiminen","isPartOf":{"@id":"https:\/\/help.jamk.fi\/oppiminen\/#website"},"datePublished":"2015-06-04T07:09:32+00:00","dateModified":"2024-01-05T12:43:38+00:00","breadcrumb":{"@id":"https:\/\/help.jamk.fi\/oppiminen\/fi\/viestinta-ja-yhdessa-tekeminen\/ryhmatyoskentely\/#breadcrumb"},"inLanguage":"fi","potentialAction":[{"@type":"ReadAction","target":["https:\/\/help.jamk.fi\/oppiminen\/fi\/viestinta-ja-yhdessa-tekeminen\/ryhmatyoskentely\/"]}]},{"@type":"BreadcrumbList","@id":"https:\/\/help.jamk.fi\/oppiminen\/fi\/viestinta-ja-yhdessa-tekeminen\/ryhmatyoskentely\/#breadcrumb","itemListElement":[{"@type":"ListItem","position":1,"name":"Home","item":"https:\/\/help.jamk.fi\/oppiminen\/fi\/"},{"@type":"ListItem","position":2,"name":"Ryhm\u00e4ty\u00f6skentely ja yhteistuottaminen","item":"https:\/\/help.jamk.fi\/oppiminen\/fi\/viestinta-ja-yhdessa-tekeminen\/"},{"@type":"ListItem","position":3,"name":"Ryhm\u00e4ty\u00f6skentely"}]},{"@type":"WebSite","@id":"https:\/\/help.jamk.fi\/oppiminen\/#website","url":"https:\/\/help.jamk.fi\/oppiminen\/","name":"Oppiminen","description":"","potentialAction":[{"@type":"SearchAction","target":{"@type":"EntryPoint","urlTemplate":"https:\/\/help.jamk.fi\/oppiminen\/?s={search_term_string}"},"query-input":{"@type":"PropertyValueSpecification","valueRequired":true,"valueName":"search_term_string"}}],"inLanguage":"fi"}]}},"_links":{"self":[{"href":"https:\/\/help.jamk.fi\/oppiminen\/wp-json\/wp\/v2\/pages\/1880","targetHints":{"allow":["GET"]}}],"collection":[{"href":"https:\/\/help.jamk.fi\/oppiminen\/wp-json\/wp\/v2\/pages"}],"about":[{"href":"https:\/\/help.jamk.fi\/oppiminen\/wp-json\/wp\/v2\/types\/page"}],"author":[{"embeddable":true,"href":"https:\/\/help.jamk.fi\/oppiminen\/wp-json\/wp\/v2\/users\/59"}],"replies":[{"embeddable":true,"href":"https:\/\/help.jamk.fi\/oppiminen\/wp-json\/wp\/v2\/comments?post=1880"}],"version-history":[{"count":3,"href":"https:\/\/help.jamk.fi\/oppiminen\/wp-json\/wp\/v2\/pages\/1880\/revisions"}],"predecessor-version":[{"id":2297,"href":"https:\/\/help.jamk.fi\/oppiminen\/wp-json\/wp\/v2\/pages\/1880\/revisions\/2297"}],"up":[{"embeddable":true,"href":"https:\/\/help.jamk.fi\/oppiminen\/wp-json\/wp\/v2\/pages\/1891"}],"wp:attachment":[{"href":"https:\/\/help.jamk.fi\/oppiminen\/wp-json\/wp\/v2\/media?parent=1880"}],"wp:term":[{"taxonomy":"category","embeddable":true,"href":"https:\/\/help.jamk.fi\/oppiminen\/wp-json\/wp\/v2\/categories?post=1880"},{"taxonomy":"post_tag","embeddable":true,"href":"https:\/\/help.jamk.fi\/oppiminen\/wp-json\/wp\/v2\/tags?post=1880"}],"curies":[{"name":"wp","href":"https:\/\/api.w.org\/{rel}","templated":true}]}}