{"id":1882,"date":"2015-06-04T08:44:06","date_gmt":"2015-06-04T07:44:06","guid":{"rendered":"https:\/\/help.jamk.fi\/oppiminen\/omat-tiedostot-pilvessa\/"},"modified":"2024-01-05T14:37:22","modified_gmt":"2024-01-05T12:37:22","slug":"omat-tiedostot-pilvessa","status":"publish","type":"page","link":"https:\/\/help.jamk.fi\/oppiminen\/fi\/verkko-opiskelun-ymparistot\/omat-tiedostot-pilvessa\/","title":{"rendered":"Omien tiedostojen hallinta"},"content":{"rendered":"\n<h2 class=\"wp-block-heading\">OneDrive<\/h2>\n\n\n\n<p>OneDrive for Business on tiedostojesi tallennukseen ja jakamiseen tarkoitettu palvelu, jota voit k\u00e4ytt\u00e4\u00e4 tietokoneella selaimen tai ty\u00f6p\u00f6yt\u00e4sovelluksen kautta. Mobiililaitteelle voit hakea OneDrive-sovelluksen sovelluskaupasta. <\/p>\n\n\n\n<p><a href=\"https:\/\/help.jamk.fi\/m365\/fi\/onedrive\/\" target=\"_blank\" rel=\"noreferrer noopener\">Tutustu OneDriven k\u00e4ytt\u00f6\u00f6n Helpin Microsoft 365 -sivustolla.<\/a><\/p>\n\n\n\n<p><a href=\"https:\/\/support.microsoft.com\/fi-fi\/office\/onedrive-tiedostojen-ja-kansioiden-jakaminen-9fcc2f7d-de0c-4cec-93b0-a82024800c07\" target=\"_blank\" rel=\"noreferrer noopener\">Tiedoston jakamisen tarkemmat tiedot l\u00f6yd\u00e4t Microsoftin omalta tukisivustolta.<\/a> <\/p>\n\n\n\n<p>OneDrive-ty\u00f6p\u00f6yt\u00e4sovelluksen k\u00e4ytt\u00f6 helpottaa tiedoston k\u00e4sittely\u00e4 omalla koneellasi. Tiedostojen tallennus ja k\u00e4ytt\u00f6 tapahtuu Windows-k\u00e4ytt\u00f6j\u00e4rjestelm\u00e4ss\u00e4 resurssienhallinnan kautta, kuten muidenkin tiedostojen k\u00e4sittely. Jos olet asentanut Jamkin opiskelijoille tarjoaman Office-paketin omalle koneellesi, OneDrive-ty\u00f6p\u00f6yt\u00e4sovellus on t\u00e4ll\u00f6in asentunut paketin mukana. Suosittelemme Office-paketin asennusta sujuvoittaaksesi opiskelua.<\/p>\n\n\n\n<h2 class=\"wp-block-heading\">Tiedostojen k\u00e4ytt\u00f6 Office Online -versioilla<\/h2>\n\n\n\n<p>Online-versio tarkoittaa, ett\u00e4 k\u00e4ytt\u00e4m\u00e4ss\u00e4si laitteessa ei tarvitse olla asennettu Office-ohjelmia k\u00e4ytt\u00e4\u00e4ksesi tiedostoa. Tiedostot avautuvat t\u00e4ll\u00f6in selaimeen. Huomioithan, ett\u00e4 Online-versiot ovat toiminnallisuuksiltaan rajatumpia kuin ty\u00f6p\u00f6yt\u00e4sovellukset. K\u00e4ytt\u00e4ess\u00e4si Office-ohjelmia selaimen kautta, Save-painiketta ei ole, koska uusi tiedosto tallentuu OneDriveen automaattisesti. Voit nimet\u00e4&nbsp;tiedostosi klikkaamalla tiedostonime\u00e4 ikkunan yl\u00e4reunassa (oletusnimien\u00e4 on &#8221;Document&#8221;) tai valitsemalla Save as &gt; Rename.<\/p>\n\n\n\n<h2 class=\"wp-block-heading\">Suurten&nbsp;tiedostojen jakaminen Funet FileSender -palvelussa<\/h2>\n\n\n\n<p>Funet FileSender on suurten tiedostojen jakamiseen tarkoitettu selainpohjainen verkkopalvelu. Funet FileSender helpottaa suuria, jopa useiden gigatavujen kokoisten tiedostojen jakamista. Palvelu ei ole tarkoitettu tiedostojen pitk\u00e4aikaiseen s\u00e4ilytykseen, vaan tiedostot poistetaan automaattisesti m\u00e4\u00e4r\u00e4ajan kuluttua. FileSender l\u00e4hett\u00e4\u00e4 vastaanottajalle s\u00e4hk\u00f6postiin linkin, jonka avulla h\u00e4n voi ladata tiedoston itselleen.<\/p>\n\n\n\n<p><a href=\"https:\/\/wiki.eduuni.fi\/display\/cloudguide\/Funet+FileSender\" target=\"_blank\" rel=\"noreferrer noopener\">Tutustu palveluun Funetin sivustolla<\/a>.<\/p>\n\n\n\n<p><a href=\"https:\/\/filesender.funet.fi\/\" target=\"_blank\" rel=\"noreferrer noopener\">Siirry FileSender -palveluun<\/a>. Palveluun kirjaudutaan Jamkin opiskelijatunnuksella.<\/p>\n","protected":false},"excerpt":{"rendered":"<p>OneDrive OneDrive for Business on tiedostojesi tallennukseen ja jakamiseen tarkoitettu palvelu, jota voit k\u00e4ytt\u00e4\u00e4 tietokoneella selaimen tai ty\u00f6p\u00f6yt\u00e4sovelluksen kautta. Mobiililaitteelle voit hakea OneDrive-sovelluksen sovelluskaupasta. Tutustu OneDriven k\u00e4ytt\u00f6\u00f6n Helpin Microsoft 365 -sivustolla. Tiedoston jakamisen tarkemmat tiedot l\u00f6yd\u00e4t Microsoftin omalta tukisivustolta. OneDrive-ty\u00f6p\u00f6yt\u00e4sovelluksen k\u00e4ytt\u00f6 helpottaa tiedoston k\u00e4sittely\u00e4 omalla koneellasi. Tiedostojen tallennus ja k\u00e4ytt\u00f6 tapahtuu Windows-k\u00e4ytt\u00f6j\u00e4rjestelm\u00e4ss\u00e4 resurssienhallinnan kautta, kuten [&hellip;]<\/p>\n","protected":false},"author":73,"featured_media":0,"parent":1892,"menu_order":0,"comment_status":"closed","ping_status":"open","template":"","meta":{"_acf_changed":false,"_relevanssi_hide_post":"","_relevanssi_hide_content":"","_relevanssi_pin_for_all":"","_relevanssi_pin_keywords":"","_relevanssi_unpin_keywords":"","_relevanssi_related_keywords":"","_relevanssi_related_include_ids":"","_relevanssi_related_exclude_ids":"","_relevanssi_related_no_append":"","_relevanssi_related_not_related":"","_relevanssi_related_posts":"","_relevanssi_noindex_reason":"","footnotes":""},"categories":[1],"tags":[],"class_list":["post-1882","page","type-page","status-publish","hentry","category-uncategorised"],"acf":[],"yoast_head":"<!-- This site is optimized with the Yoast SEO plugin v27.4 - https:\/\/yoast.com\/product\/yoast-seo-wordpress\/ -->\n<title>Omien tiedostojen hallinta - Oppiminen<\/title>\n<meta name=\"robots\" content=\"index, follow, max-snippet:-1, max-image-preview:large, max-video-preview:-1\" \/>\n<link rel=\"canonical\" href=\"https:\/\/help.jamk.fi\/oppiminen\/fi\/verkko-opiskelun-ymparistot\/omat-tiedostot-pilvessa\/\" \/>\n<meta property=\"og:locale\" content=\"fi_FI\" \/>\n<meta property=\"og:type\" content=\"article\" \/>\n<meta property=\"og:title\" content=\"Omien tiedostojen hallinta - Oppiminen\" \/>\n<meta property=\"og:description\" content=\"OneDrive OneDrive for Business on tiedostojesi tallennukseen ja jakamiseen tarkoitettu palvelu, jota voit k\u00e4ytt\u00e4\u00e4 tietokoneella selaimen tai ty\u00f6p\u00f6yt\u00e4sovelluksen kautta. Mobiililaitteelle voit hakea OneDrive-sovelluksen sovelluskaupasta. Tutustu OneDriven k\u00e4ytt\u00f6\u00f6n Helpin Microsoft 365 -sivustolla. Tiedoston jakamisen tarkemmat tiedot l\u00f6yd\u00e4t Microsoftin omalta tukisivustolta. OneDrive-ty\u00f6p\u00f6yt\u00e4sovelluksen k\u00e4ytt\u00f6 helpottaa tiedoston k\u00e4sittely\u00e4 omalla koneellasi. Tiedostojen tallennus ja k\u00e4ytt\u00f6 tapahtuu Windows-k\u00e4ytt\u00f6j\u00e4rjestelm\u00e4ss\u00e4 resurssienhallinnan kautta, kuten [&hellip;]\" \/>\n<meta property=\"og:url\" content=\"https:\/\/help.jamk.fi\/oppiminen\/fi\/verkko-opiskelun-ymparistot\/omat-tiedostot-pilvessa\/\" \/>\n<meta property=\"og:site_name\" content=\"Oppiminen\" \/>\n<meta property=\"article:modified_time\" content=\"2024-01-05T12:37:22+00:00\" \/>\n<meta name=\"twitter:card\" content=\"summary_large_image\" \/>\n<meta name=\"twitter:label1\" content=\"Arvioitu lukuaika\" \/>\n\t<meta name=\"twitter:data1\" content=\"2 minuuttia\" \/>\n<script type=\"application\/ld+json\" class=\"yoast-schema-graph\">{\"@context\":\"https:\\\/\\\/schema.org\",\"@graph\":[{\"@type\":\"WebPage\",\"@id\":\"https:\\\/\\\/help.jamk.fi\\\/oppiminen\\\/fi\\\/verkko-opiskelun-ymparistot\\\/omat-tiedostot-pilvessa\\\/\",\"url\":\"https:\\\/\\\/help.jamk.fi\\\/oppiminen\\\/fi\\\/verkko-opiskelun-ymparistot\\\/omat-tiedostot-pilvessa\\\/\",\"name\":\"Omien tiedostojen hallinta - Oppiminen\",\"isPartOf\":{\"@id\":\"https:\\\/\\\/help.jamk.fi\\\/oppiminen\\\/#website\"},\"datePublished\":\"2015-06-04T07:44:06+00:00\",\"dateModified\":\"2024-01-05T12:37:22+00:00\",\"breadcrumb\":{\"@id\":\"https:\\\/\\\/help.jamk.fi\\\/oppiminen\\\/fi\\\/verkko-opiskelun-ymparistot\\\/omat-tiedostot-pilvessa\\\/#breadcrumb\"},\"inLanguage\":\"fi\",\"potentialAction\":[{\"@type\":\"ReadAction\",\"target\":[\"https:\\\/\\\/help.jamk.fi\\\/oppiminen\\\/fi\\\/verkko-opiskelun-ymparistot\\\/omat-tiedostot-pilvessa\\\/\"]}]},{\"@type\":\"BreadcrumbList\",\"@id\":\"https:\\\/\\\/help.jamk.fi\\\/oppiminen\\\/fi\\\/verkko-opiskelun-ymparistot\\\/omat-tiedostot-pilvessa\\\/#breadcrumb\",\"itemListElement\":[{\"@type\":\"ListItem\",\"position\":1,\"name\":\"Home\",\"item\":\"https:\\\/\\\/help.jamk.fi\\\/oppiminen\\\/fi\\\/\"},{\"@type\":\"ListItem\",\"position\":2,\"name\":\"Avuksi oppimisteht\u00e4viin\",\"item\":\"https:\\\/\\\/help.jamk.fi\\\/oppiminen\\\/fi\\\/verkko-opiskelun-ymparistot\\\/\"},{\"@type\":\"ListItem\",\"position\":3,\"name\":\"Omien tiedostojen hallinta\"}]},{\"@type\":\"WebSite\",\"@id\":\"https:\\\/\\\/help.jamk.fi\\\/oppiminen\\\/#website\",\"url\":\"https:\\\/\\\/help.jamk.fi\\\/oppiminen\\\/\",\"name\":\"Oppiminen\",\"description\":\"\",\"potentialAction\":[{\"@type\":\"SearchAction\",\"target\":{\"@type\":\"EntryPoint\",\"urlTemplate\":\"https:\\\/\\\/help.jamk.fi\\\/oppiminen\\\/?s={search_term_string}\"},\"query-input\":{\"@type\":\"PropertyValueSpecification\",\"valueRequired\":true,\"valueName\":\"search_term_string\"}}],\"inLanguage\":\"fi\"}]}<\/script>\n<!-- \/ Yoast SEO plugin. -->","yoast_head_json":{"title":"Omien tiedostojen hallinta - Oppiminen","robots":{"index":"index","follow":"follow","max-snippet":"max-snippet:-1","max-image-preview":"max-image-preview:large","max-video-preview":"max-video-preview:-1"},"canonical":"https:\/\/help.jamk.fi\/oppiminen\/fi\/verkko-opiskelun-ymparistot\/omat-tiedostot-pilvessa\/","og_locale":"fi_FI","og_type":"article","og_title":"Omien tiedostojen hallinta - Oppiminen","og_description":"OneDrive OneDrive for Business on tiedostojesi tallennukseen ja jakamiseen tarkoitettu palvelu, jota voit k\u00e4ytt\u00e4\u00e4 tietokoneella selaimen tai ty\u00f6p\u00f6yt\u00e4sovelluksen kautta. Mobiililaitteelle voit hakea OneDrive-sovelluksen sovelluskaupasta. Tutustu OneDriven k\u00e4ytt\u00f6\u00f6n Helpin Microsoft 365 -sivustolla. Tiedoston jakamisen tarkemmat tiedot l\u00f6yd\u00e4t Microsoftin omalta tukisivustolta. OneDrive-ty\u00f6p\u00f6yt\u00e4sovelluksen k\u00e4ytt\u00f6 helpottaa tiedoston k\u00e4sittely\u00e4 omalla koneellasi. Tiedostojen tallennus ja k\u00e4ytt\u00f6 tapahtuu Windows-k\u00e4ytt\u00f6j\u00e4rjestelm\u00e4ss\u00e4 resurssienhallinnan kautta, kuten [&hellip;]","og_url":"https:\/\/help.jamk.fi\/oppiminen\/fi\/verkko-opiskelun-ymparistot\/omat-tiedostot-pilvessa\/","og_site_name":"Oppiminen","article_modified_time":"2024-01-05T12:37:22+00:00","twitter_card":"summary_large_image","twitter_misc":{"Arvioitu lukuaika":"2 minuuttia"},"schema":{"@context":"https:\/\/schema.org","@graph":[{"@type":"WebPage","@id":"https:\/\/help.jamk.fi\/oppiminen\/fi\/verkko-opiskelun-ymparistot\/omat-tiedostot-pilvessa\/","url":"https:\/\/help.jamk.fi\/oppiminen\/fi\/verkko-opiskelun-ymparistot\/omat-tiedostot-pilvessa\/","name":"Omien tiedostojen hallinta - Oppiminen","isPartOf":{"@id":"https:\/\/help.jamk.fi\/oppiminen\/#website"},"datePublished":"2015-06-04T07:44:06+00:00","dateModified":"2024-01-05T12:37:22+00:00","breadcrumb":{"@id":"https:\/\/help.jamk.fi\/oppiminen\/fi\/verkko-opiskelun-ymparistot\/omat-tiedostot-pilvessa\/#breadcrumb"},"inLanguage":"fi","potentialAction":[{"@type":"ReadAction","target":["https:\/\/help.jamk.fi\/oppiminen\/fi\/verkko-opiskelun-ymparistot\/omat-tiedostot-pilvessa\/"]}]},{"@type":"BreadcrumbList","@id":"https:\/\/help.jamk.fi\/oppiminen\/fi\/verkko-opiskelun-ymparistot\/omat-tiedostot-pilvessa\/#breadcrumb","itemListElement":[{"@type":"ListItem","position":1,"name":"Home","item":"https:\/\/help.jamk.fi\/oppiminen\/fi\/"},{"@type":"ListItem","position":2,"name":"Avuksi oppimisteht\u00e4viin","item":"https:\/\/help.jamk.fi\/oppiminen\/fi\/verkko-opiskelun-ymparistot\/"},{"@type":"ListItem","position":3,"name":"Omien tiedostojen hallinta"}]},{"@type":"WebSite","@id":"https:\/\/help.jamk.fi\/oppiminen\/#website","url":"https:\/\/help.jamk.fi\/oppiminen\/","name":"Oppiminen","description":"","potentialAction":[{"@type":"SearchAction","target":{"@type":"EntryPoint","urlTemplate":"https:\/\/help.jamk.fi\/oppiminen\/?s={search_term_string}"},"query-input":{"@type":"PropertyValueSpecification","valueRequired":true,"valueName":"search_term_string"}}],"inLanguage":"fi"}]}},"_links":{"self":[{"href":"https:\/\/help.jamk.fi\/oppiminen\/wp-json\/wp\/v2\/pages\/1882","targetHints":{"allow":["GET"]}}],"collection":[{"href":"https:\/\/help.jamk.fi\/oppiminen\/wp-json\/wp\/v2\/pages"}],"about":[{"href":"https:\/\/help.jamk.fi\/oppiminen\/wp-json\/wp\/v2\/types\/page"}],"author":[{"embeddable":true,"href":"https:\/\/help.jamk.fi\/oppiminen\/wp-json\/wp\/v2\/users\/73"}],"replies":[{"embeddable":true,"href":"https:\/\/help.jamk.fi\/oppiminen\/wp-json\/wp\/v2\/comments?post=1882"}],"version-history":[{"count":7,"href":"https:\/\/help.jamk.fi\/oppiminen\/wp-json\/wp\/v2\/pages\/1882\/revisions"}],"predecessor-version":[{"id":2290,"href":"https:\/\/help.jamk.fi\/oppiminen\/wp-json\/wp\/v2\/pages\/1882\/revisions\/2290"}],"up":[{"embeddable":true,"href":"https:\/\/help.jamk.fi\/oppiminen\/wp-json\/wp\/v2\/pages\/1892"}],"wp:attachment":[{"href":"https:\/\/help.jamk.fi\/oppiminen\/wp-json\/wp\/v2\/media?parent=1882"}],"wp:term":[{"taxonomy":"category","embeddable":true,"href":"https:\/\/help.jamk.fi\/oppiminen\/wp-json\/wp\/v2\/categories?post=1882"},{"taxonomy":"post_tag","embeddable":true,"href":"https:\/\/help.jamk.fi\/oppiminen\/wp-json\/wp\/v2\/tags?post=1882"}],"curies":[{"name":"wp","href":"https:\/\/api.w.org\/{rel}","templated":true}]}}