{"id":1888,"date":"2019-02-06T13:42:36","date_gmt":"2019-02-06T13:42:36","guid":{"rendered":"https:\/\/help.jamk.fi\/oppiminen\/uudelle-opiskelijalle\/"},"modified":"2025-05-13T15:17:02","modified_gmt":"2025-05-13T12:17:02","slug":"uudelle-opiskelijalle","status":"publish","type":"page","link":"https:\/\/help.jamk.fi\/oppiminen\/fi\/uudelle-opiskelijalle\/","title":{"rendered":"Uudelle opiskelijalle"},"content":{"rendered":"\n<p>N\u00e4iden sivujen ohjeet on koottu sinulle uusi opiskelija. Saat tietoa tarvitsemistasi laitteista, k\u00e4ytt\u00e4j\u00e4tunnuksista, ohjelmistoista ja oppimisymp\u00e4rist\u00f6st\u00e4 sek\u00e4 olennaisimmista asioista, joihin sinun kannattaa tutustua heti alussa.<\/p>\n\n\n<div id=\"link-lifts-block_e3980ed95e1c402184a1f4a3cbca8282\" class=\"link-lifts block-link-lifts\">\n  <div class=\"row\">\n            <div class=\"col-12 col-lg-4 block-link-lifts__column\">\n          <div class=\"block-link-lifts__item lilac\">\n            <h3 class=\"block-link-lifts__item--heading\">Osan sis\u00e4lt\u00f6<\/h3>\n                          <ul class=\"block-link-lifts__item--link-list\">\n                                                                        <li>\n                                              <a class=\"link-list\" href=\"https:\/\/help.jamk.fi\/oppiminen\/fi\/uudelle-opiskelijalle\/ennen-opintojen-alkua\/\" target=\"_self\">Ennen opintojen alkua<\/a>\n                                          <\/li>\n                                                                                          <li>\n                                              <a class=\"link-list\" href=\"https:\/\/help.jamk.fi\/oppiminen\/fi\/uudelle-opiskelijalle\/opintojen-alkaessa\/\" target=\"_self\">Opintojen alkaessa<\/a>\n                                          <\/li>\n                                                <\/ul>\n            \n          <\/div>\n        <\/div>\n      <\/div>\n<\/div>\n\n\n<p><\/p>\n","protected":false},"excerpt":{"rendered":"<p>N\u00e4iden sivujen ohjeet on koottu sinulle uusi opiskelija. Saat tietoa tarvitsemistasi laitteista, k\u00e4ytt\u00e4j\u00e4tunnuksista, ohjelmistoista ja oppimisymp\u00e4rist\u00f6st\u00e4 sek\u00e4 olennaisimmista asioista, joihin sinun kannattaa tutustua heti alussa.<\/p>\n","protected":false},"author":59,"featured_media":0,"parent":0,"menu_order":0,"comment_status":"closed","ping_status":"open","template":"","meta":{"_acf_changed":false,"_relevanssi_hide_post":"","_relevanssi_hide_content":"","_relevanssi_pin_for_all":"","_relevanssi_pin_keywords":"","_relevanssi_unpin_keywords":"","_relevanssi_related_keywords":"","_relevanssi_related_include_ids":"","_relevanssi_related_exclude_ids":"","_relevanssi_related_no_append":"","_relevanssi_related_not_related":"","_relevanssi_related_posts":"","_relevanssi_noindex_reason":"","footnotes":""},"categories":[1],"tags":[],"class_list":["post-1888","page","type-page","status-publish","hentry","category-uncategorised"],"acf":[],"yoast_head":"<!-- This site is optimized with the Yoast SEO plugin v27.3 - https:\/\/yoast.com\/product\/yoast-seo-wordpress\/ -->\n<title>Uudelle opiskelijalle - Oppiminen<\/title>\n<meta name=\"robots\" content=\"index, follow, max-snippet:-1, max-image-preview:large, max-video-preview:-1\" \/>\n<link rel=\"canonical\" href=\"https:\/\/help.jamk.fi\/oppiminen\/fi\/uudelle-opiskelijalle\/\" \/>\n<meta property=\"og:locale\" content=\"fi_FI\" \/>\n<meta property=\"og:type\" content=\"article\" \/>\n<meta property=\"og:title\" content=\"Uudelle opiskelijalle - Oppiminen\" \/>\n<meta property=\"og:description\" content=\"N\u00e4iden sivujen ohjeet on koottu sinulle uusi opiskelija. Saat tietoa tarvitsemistasi laitteista, k\u00e4ytt\u00e4j\u00e4tunnuksista, ohjelmistoista ja oppimisymp\u00e4rist\u00f6st\u00e4 sek\u00e4 olennaisimmista asioista, joihin sinun kannattaa tutustua heti alussa.\" \/>\n<meta property=\"og:url\" content=\"https:\/\/help.jamk.fi\/oppiminen\/fi\/uudelle-opiskelijalle\/\" \/>\n<meta property=\"og:site_name\" content=\"Oppiminen\" \/>\n<meta property=\"article:modified_time\" content=\"2025-05-13T12:17:02+00:00\" \/>\n<meta name=\"twitter:card\" content=\"summary_large_image\" \/>\n<meta name=\"twitter:label1\" content=\"Arvioitu lukuaika\" \/>\n\t<meta name=\"twitter:data1\" content=\"1 minuutti\" \/>\n<script type=\"application\/ld+json\" class=\"yoast-schema-graph\">{\"@context\":\"https:\\\/\\\/schema.org\",\"@graph\":[{\"@type\":\"WebPage\",\"@id\":\"https:\\\/\\\/help.jamk.fi\\\/oppiminen\\\/fi\\\/uudelle-opiskelijalle\\\/\",\"url\":\"https:\\\/\\\/help.jamk.fi\\\/oppiminen\\\/fi\\\/uudelle-opiskelijalle\\\/\",\"name\":\"Uudelle opiskelijalle - Oppiminen\",\"isPartOf\":{\"@id\":\"https:\\\/\\\/help.jamk.fi\\\/oppiminen\\\/#website\"},\"datePublished\":\"2019-02-06T13:42:36+00:00\",\"dateModified\":\"2025-05-13T12:17:02+00:00\",\"breadcrumb\":{\"@id\":\"https:\\\/\\\/help.jamk.fi\\\/oppiminen\\\/fi\\\/uudelle-opiskelijalle\\\/#breadcrumb\"},\"inLanguage\":\"fi\",\"potentialAction\":[{\"@type\":\"ReadAction\",\"target\":[\"https:\\\/\\\/help.jamk.fi\\\/oppiminen\\\/fi\\\/uudelle-opiskelijalle\\\/\"]}]},{\"@type\":\"BreadcrumbList\",\"@id\":\"https:\\\/\\\/help.jamk.fi\\\/oppiminen\\\/fi\\\/uudelle-opiskelijalle\\\/#breadcrumb\",\"itemListElement\":[{\"@type\":\"ListItem\",\"position\":1,\"name\":\"Home\",\"item\":\"https:\\\/\\\/help.jamk.fi\\\/oppiminen\\\/fi\\\/\"},{\"@type\":\"ListItem\",\"position\":2,\"name\":\"Uudelle opiskelijalle\"}]},{\"@type\":\"WebSite\",\"@id\":\"https:\\\/\\\/help.jamk.fi\\\/oppiminen\\\/#website\",\"url\":\"https:\\\/\\\/help.jamk.fi\\\/oppiminen\\\/\",\"name\":\"Oppiminen\",\"description\":\"\",\"potentialAction\":[{\"@type\":\"SearchAction\",\"target\":{\"@type\":\"EntryPoint\",\"urlTemplate\":\"https:\\\/\\\/help.jamk.fi\\\/oppiminen\\\/?s={search_term_string}\"},\"query-input\":{\"@type\":\"PropertyValueSpecification\",\"valueRequired\":true,\"valueName\":\"search_term_string\"}}],\"inLanguage\":\"fi\"}]}<\/script>\n<!-- \/ Yoast SEO plugin. -->","yoast_head_json":{"title":"Uudelle opiskelijalle - Oppiminen","robots":{"index":"index","follow":"follow","max-snippet":"max-snippet:-1","max-image-preview":"max-image-preview:large","max-video-preview":"max-video-preview:-1"},"canonical":"https:\/\/help.jamk.fi\/oppiminen\/fi\/uudelle-opiskelijalle\/","og_locale":"fi_FI","og_type":"article","og_title":"Uudelle opiskelijalle - Oppiminen","og_description":"N\u00e4iden sivujen ohjeet on koottu sinulle uusi opiskelija. Saat tietoa tarvitsemistasi laitteista, k\u00e4ytt\u00e4j\u00e4tunnuksista, ohjelmistoista ja oppimisymp\u00e4rist\u00f6st\u00e4 sek\u00e4 olennaisimmista asioista, joihin sinun kannattaa tutustua heti alussa.","og_url":"https:\/\/help.jamk.fi\/oppiminen\/fi\/uudelle-opiskelijalle\/","og_site_name":"Oppiminen","article_modified_time":"2025-05-13T12:17:02+00:00","twitter_card":"summary_large_image","twitter_misc":{"Arvioitu lukuaika":"1 minuutti"},"schema":{"@context":"https:\/\/schema.org","@graph":[{"@type":"WebPage","@id":"https:\/\/help.jamk.fi\/oppiminen\/fi\/uudelle-opiskelijalle\/","url":"https:\/\/help.jamk.fi\/oppiminen\/fi\/uudelle-opiskelijalle\/","name":"Uudelle opiskelijalle - Oppiminen","isPartOf":{"@id":"https:\/\/help.jamk.fi\/oppiminen\/#website"},"datePublished":"2019-02-06T13:42:36+00:00","dateModified":"2025-05-13T12:17:02+00:00","breadcrumb":{"@id":"https:\/\/help.jamk.fi\/oppiminen\/fi\/uudelle-opiskelijalle\/#breadcrumb"},"inLanguage":"fi","potentialAction":[{"@type":"ReadAction","target":["https:\/\/help.jamk.fi\/oppiminen\/fi\/uudelle-opiskelijalle\/"]}]},{"@type":"BreadcrumbList","@id":"https:\/\/help.jamk.fi\/oppiminen\/fi\/uudelle-opiskelijalle\/#breadcrumb","itemListElement":[{"@type":"ListItem","position":1,"name":"Home","item":"https:\/\/help.jamk.fi\/oppiminen\/fi\/"},{"@type":"ListItem","position":2,"name":"Uudelle opiskelijalle"}]},{"@type":"WebSite","@id":"https:\/\/help.jamk.fi\/oppiminen\/#website","url":"https:\/\/help.jamk.fi\/oppiminen\/","name":"Oppiminen","description":"","potentialAction":[{"@type":"SearchAction","target":{"@type":"EntryPoint","urlTemplate":"https:\/\/help.jamk.fi\/oppiminen\/?s={search_term_string}"},"query-input":{"@type":"PropertyValueSpecification","valueRequired":true,"valueName":"search_term_string"}}],"inLanguage":"fi"}]}},"_links":{"self":[{"href":"https:\/\/help.jamk.fi\/oppiminen\/wp-json\/wp\/v2\/pages\/1888","targetHints":{"allow":["GET"]}}],"collection":[{"href":"https:\/\/help.jamk.fi\/oppiminen\/wp-json\/wp\/v2\/pages"}],"about":[{"href":"https:\/\/help.jamk.fi\/oppiminen\/wp-json\/wp\/v2\/types\/page"}],"author":[{"embeddable":true,"href":"https:\/\/help.jamk.fi\/oppiminen\/wp-json\/wp\/v2\/users\/59"}],"replies":[{"embeddable":true,"href":"https:\/\/help.jamk.fi\/oppiminen\/wp-json\/wp\/v2\/comments?post=1888"}],"version-history":[{"count":12,"href":"https:\/\/help.jamk.fi\/oppiminen\/wp-json\/wp\/v2\/pages\/1888\/revisions"}],"predecessor-version":[{"id":2435,"href":"https:\/\/help.jamk.fi\/oppiminen\/wp-json\/wp\/v2\/pages\/1888\/revisions\/2435"}],"wp:attachment":[{"href":"https:\/\/help.jamk.fi\/oppiminen\/wp-json\/wp\/v2\/media?parent=1888"}],"wp:term":[{"taxonomy":"category","embeddable":true,"href":"https:\/\/help.jamk.fi\/oppiminen\/wp-json\/wp\/v2\/categories?post=1888"},{"taxonomy":"post_tag","embeddable":true,"href":"https:\/\/help.jamk.fi\/oppiminen\/wp-json\/wp\/v2\/tags?post=1888"}],"curies":[{"name":"wp","href":"https:\/\/api.w.org\/{rel}","templated":true}]}}