{"id":1889,"date":"2019-02-22T11:38:48","date_gmt":"2019-02-22T11:38:48","guid":{"rendered":"https:\/\/help.jamk.fi\/oppiminen\/verkko-opiskelun-taidot-2\/"},"modified":"2025-05-13T15:15:30","modified_gmt":"2025-05-13T12:15:30","slug":"verkko-opiskelun-taidot-2","status":"publish","type":"page","link":"https:\/\/help.jamk.fi\/oppiminen\/fi\/verkko-opiskelun-taidot-2\/","title":{"rendered":"Opiskelijan digitaidot"},"content":{"rendered":"\n<p>T\u00e4ss\u00e4 osiossa tutustut laadukkaan verkossa opiskelun perusasioihin, opiskelun aikatauluttamiseen, saavutettavuuteen, tekij\u00e4noikeuksiin, tiedonhankintaan ja tietosuojaan. Tutustu lopuksi verkossa viestimiseen.<\/p>\n\n\n<div id=\"link-lifts-block_6685f2cfa28432d05d567c216014f1c6\" class=\"link-lifts block-link-lifts\">\n  <div class=\"row\">\n            <div class=\"col-12 col-lg-4 block-link-lifts__column\">\n          <div class=\"block-link-lifts__item lilac\">\n            <h3 class=\"block-link-lifts__item--heading\">Osan sis\u00e4lt\u00f6<\/h3>\n                          <ul class=\"block-link-lifts__item--link-list\">\n                                                                        <li>\n                                              <a class=\"link-list\" href=\"https:\/\/help.jamk.fi\/oppiminen\/fi\/verkko-opiskelun-taidot-2\/laadukas-verkossa-opiskelu\/\" target=\"_self\">Laadukas verkossa opiskelu<\/a>\n                                          <\/li>\n                                                                                          <li>\n                                              <a class=\"link-list\" href=\"https:\/\/help.jamk.fi\/oppiminen\/fi\/verkko-opiskelun-taidot-2\/ajankaytto-ja-aikatauluttaminen\/\" target=\"_self\">Ajank\u00e4ytt\u00f6 ja aikatauluttaminen<\/a>\n                                          <\/li>\n                                                                                          <li>\n                                              <a class=\"link-list\" href=\"https:\/\/help.jamk.fi\/oppiminen\/fi\/verkko-opiskelun-taidot-2\/saavutettavuus\/\" target=\"_self\">Saavutettavuus<\/a>\n                                          <\/li>\n                                                                                          <li>\n                                              <a class=\"link-list\" href=\"https:\/\/help.jamk.fi\/oppiminen\/fi\/verkko-opiskelun-taidot-2\/tekijanoikeudet\/\" target=\"_self\">Tekij\u00e4noikeudet<\/a>\n                                          <\/li>\n                                                                                          <li>\n                                              <a class=\"link-list\" href=\"https:\/\/help.jamk.fi\/oppiminen\/fi\/verkko-opiskelun-taidot-2\/tiedon-hankinta-kaytto-ja-tuottaminen\/\" target=\"_self\">Tiedonhankinta<\/a>\n                                          <\/li>\n                                                                                          <li>\n                                              <a class=\"link-list\" href=\"https:\/\/help.jamk.fi\/oppiminen\/fi\/verkko-opiskelun-taidot-2\/tietosuoja\/\" target=\"_self\">Tietosuoja<\/a>\n                                          <\/li>\n                                                                                          <li>\n                                              <a class=\"link-list\" href=\"https:\/\/help.jamk.fi\/oppiminen\/fi\/verkko-opiskelun-taidot-2\/nain-viestit-verkossa\/\" target=\"_self\">N\u00e4in viestit verkossa<\/a>\n                                          <\/li>\n                                                <\/ul>\n            \n          <\/div>\n        <\/div>\n      <\/div>\n<\/div>","protected":false},"excerpt":{"rendered":"<p>T\u00e4ss\u00e4 osiossa tutustut laadukkaan verkossa opiskelun perusasioihin, opiskelun aikatauluttamiseen, saavutettavuuteen, tekij\u00e4noikeuksiin, tiedonhankintaan ja tietosuojaan. Tutustu lopuksi verkossa viestimiseen.<\/p>\n","protected":false},"author":73,"featured_media":0,"parent":0,"menu_order":10,"comment_status":"closed","ping_status":"closed","template":"","meta":{"_acf_changed":false,"_relevanssi_hide_post":"","_relevanssi_hide_content":"","_relevanssi_pin_for_all":"","_relevanssi_pin_keywords":"","_relevanssi_unpin_keywords":"","_relevanssi_related_keywords":"","_relevanssi_related_include_ids":"","_relevanssi_related_exclude_ids":"","_relevanssi_related_no_append":"","_relevanssi_related_not_related":"","_relevanssi_related_posts":"","_relevanssi_noindex_reason":"","footnotes":""},"categories":[1],"tags":[],"class_list":["post-1889","page","type-page","status-publish","hentry","category-uncategorised"],"acf":[],"yoast_head":"<!-- This site is optimized with the Yoast SEO plugin v27.3 - https:\/\/yoast.com\/product\/yoast-seo-wordpress\/ -->\n<title>Opiskelijan digitaidot - Oppiminen<\/title>\n<meta name=\"robots\" content=\"index, follow, max-snippet:-1, max-image-preview:large, max-video-preview:-1\" \/>\n<link rel=\"canonical\" href=\"https:\/\/help.jamk.fi\/oppiminen\/fi\/verkko-opiskelun-taidot-2\/\" \/>\n<meta property=\"og:locale\" content=\"fi_FI\" \/>\n<meta property=\"og:type\" content=\"article\" \/>\n<meta property=\"og:title\" content=\"Opiskelijan digitaidot - Oppiminen\" \/>\n<meta property=\"og:description\" content=\"T\u00e4ss\u00e4 osiossa tutustut laadukkaan verkossa opiskelun perusasioihin, opiskelun aikatauluttamiseen, saavutettavuuteen, tekij\u00e4noikeuksiin, tiedonhankintaan ja tietosuojaan. Tutustu lopuksi verkossa viestimiseen.\" \/>\n<meta property=\"og:url\" content=\"https:\/\/help.jamk.fi\/oppiminen\/fi\/verkko-opiskelun-taidot-2\/\" \/>\n<meta property=\"og:site_name\" content=\"Oppiminen\" \/>\n<meta property=\"article:modified_time\" content=\"2025-05-13T12:15:30+00:00\" \/>\n<meta name=\"twitter:card\" content=\"summary_large_image\" \/>\n<meta name=\"twitter:label1\" content=\"Arvioitu lukuaika\" \/>\n\t<meta name=\"twitter:data1\" content=\"1 minuutti\" \/>\n<script type=\"application\/ld+json\" class=\"yoast-schema-graph\">{\"@context\":\"https:\\\/\\\/schema.org\",\"@graph\":[{\"@type\":\"WebPage\",\"@id\":\"https:\\\/\\\/help.jamk.fi\\\/oppiminen\\\/fi\\\/verkko-opiskelun-taidot-2\\\/\",\"url\":\"https:\\\/\\\/help.jamk.fi\\\/oppiminen\\\/fi\\\/verkko-opiskelun-taidot-2\\\/\",\"name\":\"Opiskelijan digitaidot - Oppiminen\",\"isPartOf\":{\"@id\":\"https:\\\/\\\/help.jamk.fi\\\/oppiminen\\\/#website\"},\"datePublished\":\"2019-02-22T11:38:48+00:00\",\"dateModified\":\"2025-05-13T12:15:30+00:00\",\"breadcrumb\":{\"@id\":\"https:\\\/\\\/help.jamk.fi\\\/oppiminen\\\/fi\\\/verkko-opiskelun-taidot-2\\\/#breadcrumb\"},\"inLanguage\":\"fi\",\"potentialAction\":[{\"@type\":\"ReadAction\",\"target\":[\"https:\\\/\\\/help.jamk.fi\\\/oppiminen\\\/fi\\\/verkko-opiskelun-taidot-2\\\/\"]}]},{\"@type\":\"BreadcrumbList\",\"@id\":\"https:\\\/\\\/help.jamk.fi\\\/oppiminen\\\/fi\\\/verkko-opiskelun-taidot-2\\\/#breadcrumb\",\"itemListElement\":[{\"@type\":\"ListItem\",\"position\":1,\"name\":\"Home\",\"item\":\"https:\\\/\\\/help.jamk.fi\\\/oppiminen\\\/fi\\\/\"},{\"@type\":\"ListItem\",\"position\":2,\"name\":\"Opiskelijan digitaidot\"}]},{\"@type\":\"WebSite\",\"@id\":\"https:\\\/\\\/help.jamk.fi\\\/oppiminen\\\/#website\",\"url\":\"https:\\\/\\\/help.jamk.fi\\\/oppiminen\\\/\",\"name\":\"Oppiminen\",\"description\":\"\",\"potentialAction\":[{\"@type\":\"SearchAction\",\"target\":{\"@type\":\"EntryPoint\",\"urlTemplate\":\"https:\\\/\\\/help.jamk.fi\\\/oppiminen\\\/?s={search_term_string}\"},\"query-input\":{\"@type\":\"PropertyValueSpecification\",\"valueRequired\":true,\"valueName\":\"search_term_string\"}}],\"inLanguage\":\"fi\"}]}<\/script>\n<!-- \/ Yoast SEO plugin. -->","yoast_head_json":{"title":"Opiskelijan digitaidot - Oppiminen","robots":{"index":"index","follow":"follow","max-snippet":"max-snippet:-1","max-image-preview":"max-image-preview:large","max-video-preview":"max-video-preview:-1"},"canonical":"https:\/\/help.jamk.fi\/oppiminen\/fi\/verkko-opiskelun-taidot-2\/","og_locale":"fi_FI","og_type":"article","og_title":"Opiskelijan digitaidot - Oppiminen","og_description":"T\u00e4ss\u00e4 osiossa tutustut laadukkaan verkossa opiskelun perusasioihin, opiskelun aikatauluttamiseen, saavutettavuuteen, tekij\u00e4noikeuksiin, tiedonhankintaan ja tietosuojaan. Tutustu lopuksi verkossa viestimiseen.","og_url":"https:\/\/help.jamk.fi\/oppiminen\/fi\/verkko-opiskelun-taidot-2\/","og_site_name":"Oppiminen","article_modified_time":"2025-05-13T12:15:30+00:00","twitter_card":"summary_large_image","twitter_misc":{"Arvioitu lukuaika":"1 minuutti"},"schema":{"@context":"https:\/\/schema.org","@graph":[{"@type":"WebPage","@id":"https:\/\/help.jamk.fi\/oppiminen\/fi\/verkko-opiskelun-taidot-2\/","url":"https:\/\/help.jamk.fi\/oppiminen\/fi\/verkko-opiskelun-taidot-2\/","name":"Opiskelijan digitaidot - Oppiminen","isPartOf":{"@id":"https:\/\/help.jamk.fi\/oppiminen\/#website"},"datePublished":"2019-02-22T11:38:48+00:00","dateModified":"2025-05-13T12:15:30+00:00","breadcrumb":{"@id":"https:\/\/help.jamk.fi\/oppiminen\/fi\/verkko-opiskelun-taidot-2\/#breadcrumb"},"inLanguage":"fi","potentialAction":[{"@type":"ReadAction","target":["https:\/\/help.jamk.fi\/oppiminen\/fi\/verkko-opiskelun-taidot-2\/"]}]},{"@type":"BreadcrumbList","@id":"https:\/\/help.jamk.fi\/oppiminen\/fi\/verkko-opiskelun-taidot-2\/#breadcrumb","itemListElement":[{"@type":"ListItem","position":1,"name":"Home","item":"https:\/\/help.jamk.fi\/oppiminen\/fi\/"},{"@type":"ListItem","position":2,"name":"Opiskelijan digitaidot"}]},{"@type":"WebSite","@id":"https:\/\/help.jamk.fi\/oppiminen\/#website","url":"https:\/\/help.jamk.fi\/oppiminen\/","name":"Oppiminen","description":"","potentialAction":[{"@type":"SearchAction","target":{"@type":"EntryPoint","urlTemplate":"https:\/\/help.jamk.fi\/oppiminen\/?s={search_term_string}"},"query-input":{"@type":"PropertyValueSpecification","valueRequired":true,"valueName":"search_term_string"}}],"inLanguage":"fi"}]}},"_links":{"self":[{"href":"https:\/\/help.jamk.fi\/oppiminen\/wp-json\/wp\/v2\/pages\/1889","targetHints":{"allow":["GET"]}}],"collection":[{"href":"https:\/\/help.jamk.fi\/oppiminen\/wp-json\/wp\/v2\/pages"}],"about":[{"href":"https:\/\/help.jamk.fi\/oppiminen\/wp-json\/wp\/v2\/types\/page"}],"author":[{"embeddable":true,"href":"https:\/\/help.jamk.fi\/oppiminen\/wp-json\/wp\/v2\/users\/73"}],"replies":[{"embeddable":true,"href":"https:\/\/help.jamk.fi\/oppiminen\/wp-json\/wp\/v2\/comments?post=1889"}],"version-history":[{"count":4,"href":"https:\/\/help.jamk.fi\/oppiminen\/wp-json\/wp\/v2\/pages\/1889\/revisions"}],"predecessor-version":[{"id":2433,"href":"https:\/\/help.jamk.fi\/oppiminen\/wp-json\/wp\/v2\/pages\/1889\/revisions\/2433"}],"wp:attachment":[{"href":"https:\/\/help.jamk.fi\/oppiminen\/wp-json\/wp\/v2\/media?parent=1889"}],"wp:term":[{"taxonomy":"category","embeddable":true,"href":"https:\/\/help.jamk.fi\/oppiminen\/wp-json\/wp\/v2\/categories?post=1889"},{"taxonomy":"post_tag","embeddable":true,"href":"https:\/\/help.jamk.fi\/oppiminen\/wp-json\/wp\/v2\/tags?post=1889"}],"curies":[{"name":"wp","href":"https:\/\/api.w.org\/{rel}","templated":true}]}}