{"id":1891,"date":"2019-02-22T11:47:19","date_gmt":"2019-02-22T11:47:19","guid":{"rendered":"https:\/\/help.jamk.fi\/oppiminen\/viestinta-ja-yhdessa-tekeminen\/"},"modified":"2025-05-13T15:09:56","modified_gmt":"2025-05-13T12:09:56","slug":"viestinta-ja-yhdessa-tekeminen","status":"publish","type":"page","link":"https:\/\/help.jamk.fi\/oppiminen\/fi\/viestinta-ja-yhdessa-tekeminen\/","title":{"rendered":"Ryhm\u00e4ty\u00f6skentely ja yhteistuottaminen"},"content":{"rendered":"\n<p>Opintojesi aikana tulet tekem\u00e4\u00e4n useita ryhm\u00e4t\u00f6it\u00e4, joissa luodaan mm. esitysmateriaalia, raportteja ja videoita. Jamkin tarjoamat M365-sovellukset auttavat tuottamaan yhdess\u00e4. <\/p>\n\n\n<div id=\"link-lifts-block_0493869e85ebccf57b97ab8b77b894f5\" class=\"link-lifts block-link-lifts\">\n  <div class=\"row\">\n            <div class=\"col-12 col-lg-4 block-link-lifts__column\">\n          <div class=\"block-link-lifts__item lilac\">\n            <h3 class=\"block-link-lifts__item--heading\">Osan sis\u00e4lt\u00f6<\/h3>\n                          <ul class=\"block-link-lifts__item--link-list\">\n                                                                        <li>\n                                              <a class=\"link-list\" href=\"https:\/\/help.jamk.fi\/oppiminen\/fi\/viestinta-ja-yhdessa-tekeminen\/\" target=\"_self\">Ryhm\u00e4ty\u00f6skentely ja yhteistuottaminen<\/a>\n                                          <\/li>\n                                                                                          <li>\n                                              <a class=\"link-list\" href=\"https:\/\/help.jamk.fi\/oppiminen\/fi\/viestinta-ja-yhdessa-tekeminen\/esittaminen-ja-esitykset\/\" target=\"_self\">Esitt\u00e4minen ja esitykset<\/a>\n                                          <\/li>\n                                                <\/ul>\n            \n          <\/div>\n        <\/div>\n      <\/div>\n<\/div>","protected":false},"excerpt":{"rendered":"<p>Opintojesi aikana tulet tekem\u00e4\u00e4n useita ryhm\u00e4t\u00f6it\u00e4, joissa luodaan mm. esitysmateriaalia, raportteja ja videoita. Jamkin tarjoamat M365-sovellukset auttavat tuottamaan yhdess\u00e4.<\/p>\n","protected":false},"author":59,"featured_media":0,"parent":0,"menu_order":15,"comment_status":"closed","ping_status":"closed","template":"","meta":{"_acf_changed":false,"_relevanssi_hide_post":"","_relevanssi_hide_content":"","_relevanssi_pin_for_all":"","_relevanssi_pin_keywords":"","_relevanssi_unpin_keywords":"","_relevanssi_related_keywords":"","_relevanssi_related_include_ids":"","_relevanssi_related_exclude_ids":"","_relevanssi_related_no_append":"","_relevanssi_related_not_related":"","_relevanssi_related_posts":"","_relevanssi_noindex_reason":"","footnotes":""},"categories":[1],"tags":[],"class_list":["post-1891","page","type-page","status-publish","hentry","category-uncategorised"],"acf":[],"yoast_head":"<!-- This site is optimized with the Yoast SEO plugin v27.4 - https:\/\/yoast.com\/product\/yoast-seo-wordpress\/ -->\n<title>Ryhm\u00e4ty\u00f6skentely ja yhteistuottaminen - Oppiminen<\/title>\n<meta name=\"robots\" content=\"index, follow, max-snippet:-1, max-image-preview:large, max-video-preview:-1\" \/>\n<link rel=\"canonical\" href=\"https:\/\/help.jamk.fi\/oppiminen\/fi\/viestinta-ja-yhdessa-tekeminen\/\" \/>\n<meta property=\"og:locale\" content=\"fi_FI\" \/>\n<meta property=\"og:type\" content=\"article\" \/>\n<meta property=\"og:title\" content=\"Ryhm\u00e4ty\u00f6skentely ja yhteistuottaminen - Oppiminen\" \/>\n<meta property=\"og:description\" content=\"Opintojesi aikana tulet tekem\u00e4\u00e4n useita ryhm\u00e4t\u00f6it\u00e4, joissa luodaan mm. esitysmateriaalia, raportteja ja videoita. Jamkin tarjoamat M365-sovellukset auttavat tuottamaan yhdess\u00e4.\" \/>\n<meta property=\"og:url\" content=\"https:\/\/help.jamk.fi\/oppiminen\/fi\/viestinta-ja-yhdessa-tekeminen\/\" \/>\n<meta property=\"og:site_name\" content=\"Oppiminen\" \/>\n<meta property=\"article:modified_time\" content=\"2025-05-13T12:09:56+00:00\" \/>\n<meta name=\"twitter:card\" content=\"summary_large_image\" \/>\n<meta name=\"twitter:label1\" content=\"Arvioitu lukuaika\" \/>\n\t<meta name=\"twitter:data1\" content=\"1 minuutti\" \/>\n<script type=\"application\/ld+json\" class=\"yoast-schema-graph\">{\"@context\":\"https:\\\/\\\/schema.org\",\"@graph\":[{\"@type\":\"WebPage\",\"@id\":\"https:\\\/\\\/help.jamk.fi\\\/oppiminen\\\/fi\\\/viestinta-ja-yhdessa-tekeminen\\\/\",\"url\":\"https:\\\/\\\/help.jamk.fi\\\/oppiminen\\\/fi\\\/viestinta-ja-yhdessa-tekeminen\\\/\",\"name\":\"Ryhm\u00e4ty\u00f6skentely ja yhteistuottaminen - Oppiminen\",\"isPartOf\":{\"@id\":\"https:\\\/\\\/help.jamk.fi\\\/oppiminen\\\/#website\"},\"datePublished\":\"2019-02-22T11:47:19+00:00\",\"dateModified\":\"2025-05-13T12:09:56+00:00\",\"breadcrumb\":{\"@id\":\"https:\\\/\\\/help.jamk.fi\\\/oppiminen\\\/fi\\\/viestinta-ja-yhdessa-tekeminen\\\/#breadcrumb\"},\"inLanguage\":\"fi\",\"potentialAction\":[{\"@type\":\"ReadAction\",\"target\":[\"https:\\\/\\\/help.jamk.fi\\\/oppiminen\\\/fi\\\/viestinta-ja-yhdessa-tekeminen\\\/\"]}]},{\"@type\":\"BreadcrumbList\",\"@id\":\"https:\\\/\\\/help.jamk.fi\\\/oppiminen\\\/fi\\\/viestinta-ja-yhdessa-tekeminen\\\/#breadcrumb\",\"itemListElement\":[{\"@type\":\"ListItem\",\"position\":1,\"name\":\"Home\",\"item\":\"https:\\\/\\\/help.jamk.fi\\\/oppiminen\\\/fi\\\/\"},{\"@type\":\"ListItem\",\"position\":2,\"name\":\"Ryhm\u00e4ty\u00f6skentely ja yhteistuottaminen\"}]},{\"@type\":\"WebSite\",\"@id\":\"https:\\\/\\\/help.jamk.fi\\\/oppiminen\\\/#website\",\"url\":\"https:\\\/\\\/help.jamk.fi\\\/oppiminen\\\/\",\"name\":\"Oppiminen\",\"description\":\"\",\"potentialAction\":[{\"@type\":\"SearchAction\",\"target\":{\"@type\":\"EntryPoint\",\"urlTemplate\":\"https:\\\/\\\/help.jamk.fi\\\/oppiminen\\\/?s={search_term_string}\"},\"query-input\":{\"@type\":\"PropertyValueSpecification\",\"valueRequired\":true,\"valueName\":\"search_term_string\"}}],\"inLanguage\":\"fi\"}]}<\/script>\n<!-- \/ Yoast SEO plugin. -->","yoast_head_json":{"title":"Ryhm\u00e4ty\u00f6skentely ja yhteistuottaminen - Oppiminen","robots":{"index":"index","follow":"follow","max-snippet":"max-snippet:-1","max-image-preview":"max-image-preview:large","max-video-preview":"max-video-preview:-1"},"canonical":"https:\/\/help.jamk.fi\/oppiminen\/fi\/viestinta-ja-yhdessa-tekeminen\/","og_locale":"fi_FI","og_type":"article","og_title":"Ryhm\u00e4ty\u00f6skentely ja yhteistuottaminen - Oppiminen","og_description":"Opintojesi aikana tulet tekem\u00e4\u00e4n useita ryhm\u00e4t\u00f6it\u00e4, joissa luodaan mm. esitysmateriaalia, raportteja ja videoita. Jamkin tarjoamat M365-sovellukset auttavat tuottamaan yhdess\u00e4.","og_url":"https:\/\/help.jamk.fi\/oppiminen\/fi\/viestinta-ja-yhdessa-tekeminen\/","og_site_name":"Oppiminen","article_modified_time":"2025-05-13T12:09:56+00:00","twitter_card":"summary_large_image","twitter_misc":{"Arvioitu lukuaika":"1 minuutti"},"schema":{"@context":"https:\/\/schema.org","@graph":[{"@type":"WebPage","@id":"https:\/\/help.jamk.fi\/oppiminen\/fi\/viestinta-ja-yhdessa-tekeminen\/","url":"https:\/\/help.jamk.fi\/oppiminen\/fi\/viestinta-ja-yhdessa-tekeminen\/","name":"Ryhm\u00e4ty\u00f6skentely ja yhteistuottaminen - Oppiminen","isPartOf":{"@id":"https:\/\/help.jamk.fi\/oppiminen\/#website"},"datePublished":"2019-02-22T11:47:19+00:00","dateModified":"2025-05-13T12:09:56+00:00","breadcrumb":{"@id":"https:\/\/help.jamk.fi\/oppiminen\/fi\/viestinta-ja-yhdessa-tekeminen\/#breadcrumb"},"inLanguage":"fi","potentialAction":[{"@type":"ReadAction","target":["https:\/\/help.jamk.fi\/oppiminen\/fi\/viestinta-ja-yhdessa-tekeminen\/"]}]},{"@type":"BreadcrumbList","@id":"https:\/\/help.jamk.fi\/oppiminen\/fi\/viestinta-ja-yhdessa-tekeminen\/#breadcrumb","itemListElement":[{"@type":"ListItem","position":1,"name":"Home","item":"https:\/\/help.jamk.fi\/oppiminen\/fi\/"},{"@type":"ListItem","position":2,"name":"Ryhm\u00e4ty\u00f6skentely ja yhteistuottaminen"}]},{"@type":"WebSite","@id":"https:\/\/help.jamk.fi\/oppiminen\/#website","url":"https:\/\/help.jamk.fi\/oppiminen\/","name":"Oppiminen","description":"","potentialAction":[{"@type":"SearchAction","target":{"@type":"EntryPoint","urlTemplate":"https:\/\/help.jamk.fi\/oppiminen\/?s={search_term_string}"},"query-input":{"@type":"PropertyValueSpecification","valueRequired":true,"valueName":"search_term_string"}}],"inLanguage":"fi"}]}},"_links":{"self":[{"href":"https:\/\/help.jamk.fi\/oppiminen\/wp-json\/wp\/v2\/pages\/1891","targetHints":{"allow":["GET"]}}],"collection":[{"href":"https:\/\/help.jamk.fi\/oppiminen\/wp-json\/wp\/v2\/pages"}],"about":[{"href":"https:\/\/help.jamk.fi\/oppiminen\/wp-json\/wp\/v2\/types\/page"}],"author":[{"embeddable":true,"href":"https:\/\/help.jamk.fi\/oppiminen\/wp-json\/wp\/v2\/users\/59"}],"replies":[{"embeddable":true,"href":"https:\/\/help.jamk.fi\/oppiminen\/wp-json\/wp\/v2\/comments?post=1891"}],"version-history":[{"count":6,"href":"https:\/\/help.jamk.fi\/oppiminen\/wp-json\/wp\/v2\/pages\/1891\/revisions"}],"predecessor-version":[{"id":2429,"href":"https:\/\/help.jamk.fi\/oppiminen\/wp-json\/wp\/v2\/pages\/1891\/revisions\/2429"}],"wp:attachment":[{"href":"https:\/\/help.jamk.fi\/oppiminen\/wp-json\/wp\/v2\/media?parent=1891"}],"wp:term":[{"taxonomy":"category","embeddable":true,"href":"https:\/\/help.jamk.fi\/oppiminen\/wp-json\/wp\/v2\/categories?post=1891"},{"taxonomy":"post_tag","embeddable":true,"href":"https:\/\/help.jamk.fi\/oppiminen\/wp-json\/wp\/v2\/tags?post=1891"}],"curies":[{"name":"wp","href":"https:\/\/api.w.org\/{rel}","templated":true}]}}