{"id":1894,"date":"2019-02-22T12:07:26","date_gmt":"2019-02-22T12:07:26","guid":{"rendered":"https:\/\/help.jamk.fi\/oppiminen\/verkko-opiskelun-taidot-2\/ajankaytto-ja-aikatauluttaminen\/"},"modified":"2024-01-19T15:44:54","modified_gmt":"2024-01-19T13:44:54","slug":"ajankaytto-ja-aikatauluttaminen","status":"publish","type":"page","link":"https:\/\/help.jamk.fi\/oppiminen\/fi\/verkko-opiskelun-taidot-2\/ajankaytto-ja-aikatauluttaminen\/","title":{"rendered":"Ajank\u00e4ytt\u00f6 ja aikatauluttaminen"},"content":{"rendered":"\n<p>Ajank\u00e4ytt\u00f6 ja sen suunnittelu ovat avainasemassa opintojesi edistymisess\u00e4. Korkeakoulussa tavoitteellinen opintojen edistyminen edellytt\u00e4v\u00e4t 40 viikkotunnin panostusta opintoihisi. Miten t\u00e4m\u00e4n 40 viikkotuntia mahdollistat ja mahdutat omaan viikkokalenteriisi niin, ett\u00e4 opiskelukuntoisuutesi pysyy yll\u00e4? Monen opiskelijan arkea rytmitt\u00e4v\u00e4t my\u00f6s palkkaty\u00f6, omat harrastukset sek\u00e4 kaverit ja muu sosiaalinen toiminta. Lis\u00e4ksi viel\u00e4 monen opiskelijan k\u00e4ytett\u00e4viss\u00e4 olevaa aikaa vie lapsiperheen arki askareineen. <\/p>\n\n\n\n<p>Korkeakouluopinnoissa opintoja rytmitt\u00e4v\u00e4t pakolliset kontaktia tai verkkol\u00e4sn\u00e4oloa edellytt\u00e4v\u00e4t tapaamiset. N\u00e4m\u00e4 tapaamiset ja niiden m\u00e4\u00e4r\u00e4t saattavat vaihdella paljonkin viikottain ja lukukausittain. Etenkin monimuotototeutuksissa tapahtuva opiskelu on luonteeltaan t\u00e4llaista. T\u00e4m\u00e4n vuoksi ennakointitieto tulevista aikatauluista, teht\u00e4vien palautuksista, osaamisen n\u00e4yt\u00f6ist\u00e4, tenteist\u00e4, pakollisista l\u00e4sn\u00e4oloista yms. on tarpeen ja n\u00e4iden tapahtumien kirjaaminen kalenteriin eritt\u00e4in t\u00e4rke\u00e4\u00e4. N\u00e4in my\u00f6s muille el\u00e4m\u00e4n eri osa-alueille j\u00e4\u00e4 riitt\u00e4v\u00e4sti aikaa. <\/p>\n\n\n\n<p>Vaikka itsen\u00e4isesti tapahtuvaa opiskelua onkin opiskelussa runsaasti, et opiskele yksin vaan monissa opintokokonaisuuksissa tehd\u00e4\u00e4n ryhm\u00e4t\u00f6it\u00e4. Yhdess\u00e4 teht\u00e4vien t\u00f6iden osalta my\u00f6s muiden kanssaopiskelijoiden aikataulut ja\/tai eri teht\u00e4vien toimeksiantajien (ty\u00f6el\u00e4m\u00e4l\u00e4ht\u00f6isyys) aikataulut sanelevat ty\u00f6skentelytapaa, k\u00e4ytett\u00e4viss\u00e4 olevaa aikaa ja teht\u00e4vien edistymist\u00e4. <\/p>\n\n\n\n<p>N\u00e4m\u00e4 yll\u00e4 olevat seikat huomioiden, ajank\u00e4ytt\u00f6 ja sen hallinta ovat keskeisi\u00e4 taitoja opinnoissa ja my\u00f6hemmin ty\u00f6el\u00e4m\u00e4ss\u00e4. T\u00e4m\u00e4 asia liittyy vahvasti my\u00f6s itseohjautuvuuteen, kuten my\u00f6s\u00a0 itsens\u00e4 johtamisen taitoon. N\u00e4m\u00e4 taidot kehittyv\u00e4t opintojen aikana kun tarkastelet omaa ajank\u00e4ytt\u00f6\u00e4si ja omaa oppimis- ja ty\u00f6skentelytapaasi sek\u00e4 opit uusia tapoja ty\u00f6skennell\u00e4 ja oppia yksin ja yhdess\u00e4. Monissa tilanteissa erilaiset digitaaliset sovellutukset mahdollistavat ja vapauttavat aikaasi sek\u00e4 tekev\u00e4t ty\u00f6n hallittavammaksi (tiedon jakaminen, kommentointi, yhteistuottaminen, dokumentointi). <\/p>\n\n\n\n<p>Ajanhallintaan vaikuttavia asioita (Wiskari 2014 ja Nyyti-sivusto):<\/p>\n\n\n\n<ul class=\"wp-block-list\">\n<li>Omat tavat<\/li>\n\n\n\n<li>Opiskelu- ja ty\u00f6skentely-ymp\u00e4rist\u00f6<\/li>\n\n\n\n<li>Muutokset el\u00e4m\u00e4ntilanteessa<\/li>\n\n\n\n<li>Taito sanoa &#8221;ei&#8221;<\/li>\n\n\n\n<li>Kyky keskitty\u00e4 hetkeen<\/li>\n\n\n\n<li>Rentoutumisen t\u00e4rkeys<\/li>\n\n\n\n<li>Tavoitteiden selkeys<\/li>\n<\/ul>\n\n\n\n<h2 class=\"wp-block-heading\">Ajank\u00e4ytt\u00f6 on taitolaji \u2012 sit\u00e4 voi oppia!<\/h2>\n\n\n\n<ul class=\"wp-block-list\">\n<li>Ajanhallinta ja sen suunnittelu on v\u00e4ltt\u00e4m\u00e4t\u00f6nt\u00e4 jokaiselle, joka pyrkii ty\u00f6skentelem\u00e4\u00e4n tuloksellisesti.<\/li>\n\n\n\n<li>Ajanhallinnan avulla suuntaat tietoisesti omaa toimintaasi niit\u00e4 tavoitteita kohden joita oikeasti haluat saavuttaa.<\/li>\n\n\n\n<li>Ajanhallinnassa tavoitteen asettelu on keskeist\u00e4; mit\u00e4 selke\u00e4mm\u00e4t on tavoitteet, sit\u00e4 helpompi suunnata energia oikeisiin asioihin.<\/li>\n\n\n\n<li>Tavoitteen asettelu selkeytt\u00e4\u00e4 t\u00e4rkeiden ja v\u00e4hemm\u00e4n t\u00e4rkeiden asioiden tunnistamista ja valintaa ja tekoja (priorisointitaito).<\/li>\n\n\n\n<li>Ajank\u00e4ytt\u00f6\u00e4si hallinnoimalla otat my\u00f6s vastuuta el\u00e4m\u00e4st\u00e4 ja johdat itse\u00e4si: itsetuntemus ja kunnioitus paranevat.<\/li>\n\n\n\n<li>Priorisointitaito: mihin asioihin keskityt ja miksi? Miten parhaiten ty\u00f6skentelen, mitk\u00e4 ovat kehittymishaasteeni, mille asioille sanon &#8221;kyll\u00e4&#8221; ja mille &#8221;ei&#8221;?<\/li>\n\n\n\n<li>Mik\u00e4li koet pystyv\u00e4si vaikuttamaan itse\u00e4si koskeviin asioihin, tuo se pystyvyyden ja hallinnan tunnetta. <\/li>\n<\/ul>\n\n\n\n<h2 class=\"wp-block-heading\">Aikaansaaminen\nja hyvinvointi<\/h2>\n\n\n\n<ul class=\"wp-block-list\">\n<li>Mik\u00e4 on prioriteettij\u00e4rjestykseni? Mik\u00e4 on arvokasta? Mik\u00e4 on turhaa? Mist\u00e4 voin luopua? Mille sanon ei!? Mit\u00e4 kuuluu hyv\u00e4\u00e4n el\u00e4m\u00e4\u00e4n?<\/li>\n\n\n\n<li>Sis\u00e4inen vai ulkoinen motivaatio?<\/li>\n\n\n\n<li>Toimiiko multitasking? Osaanko keskitty\u00e4 yhteen asiaan kerrallaan?<\/li>\n\n\n\n<li>Mik\u00e4 tuo minulle energiaa, mik\u00e4 kuluttaa sit\u00e4?<\/li>\n\n\n\n<li>Miten huolehdin omasta hyvinvoinnistani, miten palaudun? Muistanko pys\u00e4hty\u00e4, rauhoittua?<\/li>\n<\/ul>\n\n\n\n<blockquote class=\"wp-block-quote is-layout-flow wp-block-quote-is-layout-flow\">\n<p>Enemm\u00e4n aikaa t\u00e4rke\u00e4lle \u2192 <em>Aikaansaaminen<\/em><br><em>Enemm\u00e4n aikaa t\u00e4rke\u00e4lle<\/em> \u2192 Hyvinvointi<\/p>\n<\/blockquote>\n\n\n\n<p>Hyv\u00e4n opiskeluviikon muistilista (mukaillen Tuominen &amp; Pohjakallio 2012):<\/p>\n\n\n\n<ul class=\"wp-block-list\">\n<li>Muuta aikak\u00e4sityst\u00e4si: tarkastele aikaansaannoksiasi k\u00e4ytetyn ajan sijaan. Riko p\u00e4iv\u00e4si erilaisiin paloihin.<\/li>\n\n\n\n<li>Tunnista oleellinen, priorisoi.<\/li>\n\n\n\n<li>Havainnoi innolla \u2013 tarkkaile ajank\u00e4ytt\u00f6\u00e4si, tunnetilojasi ja energiatasoasi.<\/li>\n\n\n\n<li>Suunnittele huolella&nbsp;\u2013 suunnittele ty\u00f6viikkosi etuk\u00e4teen ja jokaisen p\u00e4iv\u00e4n edellisen p\u00e4\u00e4tteeksi.<\/li>\n\n\n\n<li>Tyhjenn\u00e4 mielt\u00e4si \u2013 hallitse tekem\u00e4tt\u00f6m\u00e4t ty\u00f6t: mielest\u00e4 listalle, listalta kalenteriin.<\/li>\n\n\n\n<li>Pid\u00e4 joutilaita hetki\u00e4, mutta ole valmis ne my\u00f6s t\u00e4ytt\u00e4m\u00e4\u00e4n joustavasti.<\/li>\n\n\n\n<li>Rakenna viikkoosi muutama vakiopalanen.<\/li>\n\n\n\n<li>Rakenna itsellesi erilaisia opiskelu\/ty\u00f6tiloja.<\/li>\n\n\n\n<li>Tauota, tauota,\u2026 tietoinen rauhoittuminen t\u00e4rke\u00e4\u00e4&#8230; muista hengitt\u00e4\u00e4.<\/li>\n<\/ul>\n\n\n\n<h2 class=\"wp-block-heading\">Ota homma haltuun<\/h2>\n\n\n\n<p>Kokoava ja havainnollistava pohdintateht\u00e4v\u00e4 sinulle:<\/p>\n\n\n\n<ol class=\"wp-block-list\">\n<li>Laadi itsellesi p\u00e4iv\u00e4- ja viikkokellotaulu. Piirr\u00e4 24 tuntia sek\u00e4 koko viikkoa koskeva kellotaulu haluamallasi tavalla.<br><\/li>\n\n\n\n<li>Tarkastele tyypillist\u00e4 opiskelup\u00e4iv\u00e4\u00e4si ja -viikkoasi ja sijoita kellotauluihin aikaa vievi\u00e4 asioita arjestasi. Sijoita kaikki el\u00e4m\u00e4n osa-alueita koskevat asiat kellotauluihin.<br><\/li>\n\n\n\n<li>Kun olet saanut kellotaulut t\u00e4ytetty\u00e4, milt\u00e4 p\u00e4iv\u00e4kohtainen ja viikkokohtainen tarkastelu osaltasi n\u00e4ytt\u00e4\u00e4? <br>a) Onko eri el\u00e4m\u00e4n osa-alueiden suhde riitt\u00e4v\u00e4ss\u00e4 tasapainossa? <br>b) J\u00e4\u00e4k\u00f6 opiskelulle riitt\u00e4v\u00e4sti aikaa? <br>c) Nukutko tarpeeksi p\u00e4ivitt\u00e4in? <br>c) Liikutko tarpeeksi? <br>d) Rentoudutko ja onko sinulla riitt\u00e4v\u00e4sti sosiaalisia kontakteja el\u00e4m\u00e4ss\u00e4si?<br><\/li>\n\n\n\n<li>Mieti, millaisia mahdollisia korjausliikkeit\u00e4 oman ajank\u00e4ytt\u00f6si suhteen&nbsp; sinun on syyt\u00e4 tehd\u00e4 tai tarkkailla asiaa tarkemmin\/tietoisemmin nyt ja jatkossa? Mit\u00e4 v\u00e4henn\u00e4n, mit\u00e4 lis\u00e4\u00e4n, mille sanon &#8221;ei&#8221;, mist\u00e4 saan kaikkeen voimavaroja?<\/li>\n<\/ol>\n","protected":false},"excerpt":{"rendered":"<p>Ajank\u00e4ytt\u00f6 ja sen suunnittelu ovat avainasemassa opintojesi edistymisess\u00e4. Korkeakoulussa tavoitteellinen opintojen edistyminen edellytt\u00e4v\u00e4t 40 viikkotunnin panostusta opintoihisi. Miten t\u00e4m\u00e4n 40 viikkotuntia mahdollistat ja mahdutat omaan viikkokalenteriisi niin, ett\u00e4 opiskelukuntoisuutesi pysyy yll\u00e4? Monen opiskelijan arkea rytmitt\u00e4v\u00e4t my\u00f6s palkkaty\u00f6, omat harrastukset sek\u00e4 kaverit ja muu sosiaalinen toiminta. Lis\u00e4ksi viel\u00e4 monen opiskelijan k\u00e4ytett\u00e4viss\u00e4 olevaa aikaa vie lapsiperheen arki [&hellip;]<\/p>\n","protected":false},"author":73,"featured_media":0,"parent":1889,"menu_order":5,"comment_status":"closed","ping_status":"closed","template":"","meta":{"_acf_changed":false,"_relevanssi_hide_post":"","_relevanssi_hide_content":"","_relevanssi_pin_for_all":"","_relevanssi_pin_keywords":"","_relevanssi_unpin_keywords":"","_relevanssi_related_keywords":"","_relevanssi_related_include_ids":"","_relevanssi_related_exclude_ids":"","_relevanssi_related_no_append":"","_relevanssi_related_not_related":"","_relevanssi_related_posts":"","_relevanssi_noindex_reason":"","footnotes":""},"categories":[1],"tags":[],"class_list":["post-1894","page","type-page","status-publish","hentry","category-uncategorised"],"acf":[],"yoast_head":"<!-- This site is optimized with the Yoast SEO plugin v27.3 - https:\/\/yoast.com\/product\/yoast-seo-wordpress\/ -->\n<title>Ajank\u00e4ytt\u00f6 ja aikatauluttaminen - Oppiminen<\/title>\n<meta name=\"robots\" content=\"index, follow, max-snippet:-1, max-image-preview:large, max-video-preview:-1\" \/>\n<link rel=\"canonical\" href=\"https:\/\/help.jamk.fi\/oppiminen\/fi\/verkko-opiskelun-taidot-2\/ajankaytto-ja-aikatauluttaminen\/\" \/>\n<meta property=\"og:locale\" content=\"fi_FI\" \/>\n<meta property=\"og:type\" content=\"article\" \/>\n<meta property=\"og:title\" content=\"Ajank\u00e4ytt\u00f6 ja aikatauluttaminen - Oppiminen\" \/>\n<meta property=\"og:description\" content=\"Ajank\u00e4ytt\u00f6 ja sen suunnittelu ovat avainasemassa opintojesi edistymisess\u00e4. Korkeakoulussa tavoitteellinen opintojen edistyminen edellytt\u00e4v\u00e4t 40 viikkotunnin panostusta opintoihisi. Miten t\u00e4m\u00e4n 40 viikkotuntia mahdollistat ja mahdutat omaan viikkokalenteriisi niin, ett\u00e4 opiskelukuntoisuutesi pysyy yll\u00e4? Monen opiskelijan arkea rytmitt\u00e4v\u00e4t my\u00f6s palkkaty\u00f6, omat harrastukset sek\u00e4 kaverit ja muu sosiaalinen toiminta. Lis\u00e4ksi viel\u00e4 monen opiskelijan k\u00e4ytett\u00e4viss\u00e4 olevaa aikaa vie lapsiperheen arki [&hellip;]\" \/>\n<meta property=\"og:url\" content=\"https:\/\/help.jamk.fi\/oppiminen\/fi\/verkko-opiskelun-taidot-2\/ajankaytto-ja-aikatauluttaminen\/\" \/>\n<meta property=\"og:site_name\" content=\"Oppiminen\" \/>\n<meta property=\"article:modified_time\" content=\"2024-01-19T13:44:54+00:00\" \/>\n<meta name=\"twitter:card\" content=\"summary_large_image\" \/>\n<meta name=\"twitter:label1\" content=\"Arvioitu lukuaika\" \/>\n\t<meta name=\"twitter:data1\" content=\"4 minuuttia\" \/>\n<script type=\"application\/ld+json\" class=\"yoast-schema-graph\">{\"@context\":\"https:\\\/\\\/schema.org\",\"@graph\":[{\"@type\":\"WebPage\",\"@id\":\"https:\\\/\\\/help.jamk.fi\\\/oppiminen\\\/fi\\\/verkko-opiskelun-taidot-2\\\/ajankaytto-ja-aikatauluttaminen\\\/\",\"url\":\"https:\\\/\\\/help.jamk.fi\\\/oppiminen\\\/fi\\\/verkko-opiskelun-taidot-2\\\/ajankaytto-ja-aikatauluttaminen\\\/\",\"name\":\"Ajank\u00e4ytt\u00f6 ja aikatauluttaminen - Oppiminen\",\"isPartOf\":{\"@id\":\"https:\\\/\\\/help.jamk.fi\\\/oppiminen\\\/#website\"},\"datePublished\":\"2019-02-22T12:07:26+00:00\",\"dateModified\":\"2024-01-19T13:44:54+00:00\",\"breadcrumb\":{\"@id\":\"https:\\\/\\\/help.jamk.fi\\\/oppiminen\\\/fi\\\/verkko-opiskelun-taidot-2\\\/ajankaytto-ja-aikatauluttaminen\\\/#breadcrumb\"},\"inLanguage\":\"fi\",\"potentialAction\":[{\"@type\":\"ReadAction\",\"target\":[\"https:\\\/\\\/help.jamk.fi\\\/oppiminen\\\/fi\\\/verkko-opiskelun-taidot-2\\\/ajankaytto-ja-aikatauluttaminen\\\/\"]}]},{\"@type\":\"BreadcrumbList\",\"@id\":\"https:\\\/\\\/help.jamk.fi\\\/oppiminen\\\/fi\\\/verkko-opiskelun-taidot-2\\\/ajankaytto-ja-aikatauluttaminen\\\/#breadcrumb\",\"itemListElement\":[{\"@type\":\"ListItem\",\"position\":1,\"name\":\"Home\",\"item\":\"https:\\\/\\\/help.jamk.fi\\\/oppiminen\\\/fi\\\/\"},{\"@type\":\"ListItem\",\"position\":2,\"name\":\"Opiskelijan digitaidot\",\"item\":\"https:\\\/\\\/help.jamk.fi\\\/oppiminen\\\/fi\\\/verkko-opiskelun-taidot-2\\\/\"},{\"@type\":\"ListItem\",\"position\":3,\"name\":\"Ajank\u00e4ytt\u00f6 ja aikatauluttaminen\"}]},{\"@type\":\"WebSite\",\"@id\":\"https:\\\/\\\/help.jamk.fi\\\/oppiminen\\\/#website\",\"url\":\"https:\\\/\\\/help.jamk.fi\\\/oppiminen\\\/\",\"name\":\"Oppiminen\",\"description\":\"\",\"potentialAction\":[{\"@type\":\"SearchAction\",\"target\":{\"@type\":\"EntryPoint\",\"urlTemplate\":\"https:\\\/\\\/help.jamk.fi\\\/oppiminen\\\/?s={search_term_string}\"},\"query-input\":{\"@type\":\"PropertyValueSpecification\",\"valueRequired\":true,\"valueName\":\"search_term_string\"}}],\"inLanguage\":\"fi\"}]}<\/script>\n<!-- \/ Yoast SEO plugin. -->","yoast_head_json":{"title":"Ajank\u00e4ytt\u00f6 ja aikatauluttaminen - Oppiminen","robots":{"index":"index","follow":"follow","max-snippet":"max-snippet:-1","max-image-preview":"max-image-preview:large","max-video-preview":"max-video-preview:-1"},"canonical":"https:\/\/help.jamk.fi\/oppiminen\/fi\/verkko-opiskelun-taidot-2\/ajankaytto-ja-aikatauluttaminen\/","og_locale":"fi_FI","og_type":"article","og_title":"Ajank\u00e4ytt\u00f6 ja aikatauluttaminen - Oppiminen","og_description":"Ajank\u00e4ytt\u00f6 ja sen suunnittelu ovat avainasemassa opintojesi edistymisess\u00e4. Korkeakoulussa tavoitteellinen opintojen edistyminen edellytt\u00e4v\u00e4t 40 viikkotunnin panostusta opintoihisi. Miten t\u00e4m\u00e4n 40 viikkotuntia mahdollistat ja mahdutat omaan viikkokalenteriisi niin, ett\u00e4 opiskelukuntoisuutesi pysyy yll\u00e4? Monen opiskelijan arkea rytmitt\u00e4v\u00e4t my\u00f6s palkkaty\u00f6, omat harrastukset sek\u00e4 kaverit ja muu sosiaalinen toiminta. Lis\u00e4ksi viel\u00e4 monen opiskelijan k\u00e4ytett\u00e4viss\u00e4 olevaa aikaa vie lapsiperheen arki [&hellip;]","og_url":"https:\/\/help.jamk.fi\/oppiminen\/fi\/verkko-opiskelun-taidot-2\/ajankaytto-ja-aikatauluttaminen\/","og_site_name":"Oppiminen","article_modified_time":"2024-01-19T13:44:54+00:00","twitter_card":"summary_large_image","twitter_misc":{"Arvioitu lukuaika":"4 minuuttia"},"schema":{"@context":"https:\/\/schema.org","@graph":[{"@type":"WebPage","@id":"https:\/\/help.jamk.fi\/oppiminen\/fi\/verkko-opiskelun-taidot-2\/ajankaytto-ja-aikatauluttaminen\/","url":"https:\/\/help.jamk.fi\/oppiminen\/fi\/verkko-opiskelun-taidot-2\/ajankaytto-ja-aikatauluttaminen\/","name":"Ajank\u00e4ytt\u00f6 ja aikatauluttaminen - Oppiminen","isPartOf":{"@id":"https:\/\/help.jamk.fi\/oppiminen\/#website"},"datePublished":"2019-02-22T12:07:26+00:00","dateModified":"2024-01-19T13:44:54+00:00","breadcrumb":{"@id":"https:\/\/help.jamk.fi\/oppiminen\/fi\/verkko-opiskelun-taidot-2\/ajankaytto-ja-aikatauluttaminen\/#breadcrumb"},"inLanguage":"fi","potentialAction":[{"@type":"ReadAction","target":["https:\/\/help.jamk.fi\/oppiminen\/fi\/verkko-opiskelun-taidot-2\/ajankaytto-ja-aikatauluttaminen\/"]}]},{"@type":"BreadcrumbList","@id":"https:\/\/help.jamk.fi\/oppiminen\/fi\/verkko-opiskelun-taidot-2\/ajankaytto-ja-aikatauluttaminen\/#breadcrumb","itemListElement":[{"@type":"ListItem","position":1,"name":"Home","item":"https:\/\/help.jamk.fi\/oppiminen\/fi\/"},{"@type":"ListItem","position":2,"name":"Opiskelijan digitaidot","item":"https:\/\/help.jamk.fi\/oppiminen\/fi\/verkko-opiskelun-taidot-2\/"},{"@type":"ListItem","position":3,"name":"Ajank\u00e4ytt\u00f6 ja aikatauluttaminen"}]},{"@type":"WebSite","@id":"https:\/\/help.jamk.fi\/oppiminen\/#website","url":"https:\/\/help.jamk.fi\/oppiminen\/","name":"Oppiminen","description":"","potentialAction":[{"@type":"SearchAction","target":{"@type":"EntryPoint","urlTemplate":"https:\/\/help.jamk.fi\/oppiminen\/?s={search_term_string}"},"query-input":{"@type":"PropertyValueSpecification","valueRequired":true,"valueName":"search_term_string"}}],"inLanguage":"fi"}]}},"_links":{"self":[{"href":"https:\/\/help.jamk.fi\/oppiminen\/wp-json\/wp\/v2\/pages\/1894","targetHints":{"allow":["GET"]}}],"collection":[{"href":"https:\/\/help.jamk.fi\/oppiminen\/wp-json\/wp\/v2\/pages"}],"about":[{"href":"https:\/\/help.jamk.fi\/oppiminen\/wp-json\/wp\/v2\/types\/page"}],"author":[{"embeddable":true,"href":"https:\/\/help.jamk.fi\/oppiminen\/wp-json\/wp\/v2\/users\/73"}],"replies":[{"embeddable":true,"href":"https:\/\/help.jamk.fi\/oppiminen\/wp-json\/wp\/v2\/comments?post=1894"}],"version-history":[{"count":3,"href":"https:\/\/help.jamk.fi\/oppiminen\/wp-json\/wp\/v2\/pages\/1894\/revisions"}],"predecessor-version":[{"id":2353,"href":"https:\/\/help.jamk.fi\/oppiminen\/wp-json\/wp\/v2\/pages\/1894\/revisions\/2353"}],"up":[{"embeddable":true,"href":"https:\/\/help.jamk.fi\/oppiminen\/wp-json\/wp\/v2\/pages\/1889"}],"wp:attachment":[{"href":"https:\/\/help.jamk.fi\/oppiminen\/wp-json\/wp\/v2\/media?parent=1894"}],"wp:term":[{"taxonomy":"category","embeddable":true,"href":"https:\/\/help.jamk.fi\/oppiminen\/wp-json\/wp\/v2\/categories?post=1894"},{"taxonomy":"post_tag","embeddable":true,"href":"https:\/\/help.jamk.fi\/oppiminen\/wp-json\/wp\/v2\/tags?post=1894"}],"curies":[{"name":"wp","href":"https:\/\/api.w.org\/{rel}","templated":true}]}}