{"id":1896,"date":"2019-05-07T11:31:04","date_gmt":"2019-05-07T10:31:04","guid":{"rendered":"https:\/\/help.jamk.fi\/oppiminen\/verkko-opiskelun-taidot-2\/nain-viestit-verkossa\/"},"modified":"2024-01-05T14:16:56","modified_gmt":"2024-01-05T12:16:56","slug":"nain-viestit-verkossa","status":"publish","type":"page","link":"https:\/\/help.jamk.fi\/oppiminen\/fi\/verkko-opiskelun-taidot-2\/nain-viestit-verkossa\/","title":{"rendered":"N\u00e4in viestit verkossa"},"content":{"rendered":"\n<p>Verkossa viestiminen on joskus haastavaa, mutta omaa\nviestint\u00e4\u00e4ns\u00e4 voi parantaa ottamalla huomioon verkkoviestinn\u00e4n erityispiirteet.\nVerkossa viestiminen vaatii enemm\u00e4n suunnittelemista kuin kasvokkain\nviestiminen, koska v\u00e4\u00e4rink\u00e4sitysten vaara on suurempi ja asiat etenev\u00e4t\nhitaammin, jos vastauksia joudutaan odottelemaan. <\/p>\n\n\n\n<p>Verkko-opintojaksojen viestint\u00e4 erilaisten ohjelmistojen v\u00e4lityksell\u00e4 muistuttaa enemm\u00e4n ty\u00f6el\u00e4m\u00e4n viestint\u00e4\u00e4 kuin vapaa-ajan viestint\u00e4\u00e4 esimerkiksi somessa. Viesteiss\u00e4 tulee muistaa asiallisuus, kohteliaisuus ja luottamuksellisuus.<\/p>\n\n\n\n<h2 class=\"wp-block-heading\">Verkkoviestij\u00e4n tarkistuslista <\/h2>\n\n\n\n<p>Mit\u00e4 sanot ja miten muotoilet viestin? <\/p>\n\n\n\n<ol class=\"wp-block-list\">\n<li>Pohdi, mik\u00e4 on viestisi tarkoitus ja tavoite.<\/li>\n\n\n\n<li>Sano yksi t\u00e4rke\u00e4 asia per viesti tai jaa asiat kappaleisiin, otsikoi ja numeroi.<\/li>\n\n\n\n<li>Viesti my\u00f6nteisesti ja tiiviisti, esim. mieluummin <em>\u201dMilloin seuraava tapaaminen on?\u201d<\/em> kuin <em>\u201dEttek\u00f6 ole saaneet tapaamisaikaa selke\u00e4sti esille, kun en l\u00f6yd\u00e4 sit\u00e4 mist\u00e4\u00e4n?\u201d <\/em><\/li>\n\n\n\n<li>Muista kohteliaisuus: tervehtiminen, toivotukset.<\/li>\n\n\n\n<li>Kirjoitetussa verkkoviestinn\u00e4ss\u00e4 v\u00e4lit\u00f6n palaute ja sanaton viestint\u00e4 (kuten ilmeet, eleet ja liikkeet) puuttuvat ja suullisessakin verkkoviestinn\u00e4ss\u00e4 sanaton viestint\u00e4 v\u00e4littyy vain osittain. Huumoria on silloin vaikeampi ymm\u00e4rt\u00e4\u00e4, joten sen k\u00e4ytt\u00f6\u00e4 kannattaa harkita tarkemmin. <\/li>\n\n\n\n<li>Jos koet jonkin viestin esimerkiksi loukkaavaksi tai provokatiiviseksi, vastaa vasta kun olet itse rauhoittunut. Pohdi, mit\u00e4 toinen on mahdollisesti halunnut sanoa ja miksi. Miksi viesti tuntuu sinusta loukkaavalta? Oletko ymm\u00e4rt\u00e4nyt viestin oikein? <\/li>\n<\/ol>\n\n\n\n<p>Kenelle viesti on suunnattu ja mill\u00e4 kanavalla se kannattaa l\u00e4hett\u00e4\u00e4?<\/p>\n\n\n\n<ol class=\"wp-block-list\">\n<li>Pohdi, ketk\u00e4 voivat lukea viestin ja ketk\u00e4 todella lukevat sen. Yksitt\u00e4inen henkil\u00f6 tai pieni ryhm\u00e4 on helpointa tavoittaa yksityisell\u00e4 viestint\u00e4v\u00e4lineell\u00e4, kun taas koko opiskelijaryhm\u00e4\u00e4 koskeva asia kannattaa kirjoittaa kaikkien yhteiselle alustalle (esimerkiksi Moodle tai Microsoft Teams).<\/li>\n\n\n\n<li>Huomioi muut kurssilaiset ja muista, ett\u00e4 sin\u00e4 et ole ainoa, jolla on muutakin meneill\u00e4\u00e4n samanaikaisesti: Vastaa viesteihin mahdollisimman nopeasti ja seuraa verkkokurssilla k\u00e4ytettyj\u00e4 viestint\u00e4v\u00e4lineit\u00e4.&nbsp; <\/li>\n<\/ol>\n","protected":false},"excerpt":{"rendered":"<p>Verkossa viestiminen on joskus haastavaa, mutta omaa viestint\u00e4\u00e4ns\u00e4 voi parantaa ottamalla huomioon verkkoviestinn\u00e4n erityispiirteet. Verkossa viestiminen vaatii enemm\u00e4n suunnittelemista kuin kasvokkain viestiminen, koska v\u00e4\u00e4rink\u00e4sitysten vaara on suurempi ja asiat etenev\u00e4t hitaammin, jos vastauksia joudutaan odottelemaan. Verkko-opintojaksojen viestint\u00e4 erilaisten ohjelmistojen v\u00e4lityksell\u00e4 muistuttaa enemm\u00e4n ty\u00f6el\u00e4m\u00e4n viestint\u00e4\u00e4 kuin vapaa-ajan viestint\u00e4\u00e4 esimerkiksi somessa. Viesteiss\u00e4 tulee muistaa asiallisuus, kohteliaisuus ja [&hellip;]<\/p>\n","protected":false},"author":73,"featured_media":0,"parent":1889,"menu_order":30,"comment_status":"closed","ping_status":"closed","template":"","meta":{"_acf_changed":false,"_relevanssi_hide_post":"","_relevanssi_hide_content":"","_relevanssi_pin_for_all":"","_relevanssi_pin_keywords":"","_relevanssi_unpin_keywords":"","_relevanssi_related_keywords":"","_relevanssi_related_include_ids":"","_relevanssi_related_exclude_ids":"","_relevanssi_related_no_append":"","_relevanssi_related_not_related":"","_relevanssi_related_posts":"","_relevanssi_noindex_reason":"","footnotes":""},"categories":[1],"tags":[],"class_list":["post-1896","page","type-page","status-publish","hentry","category-uncategorised"],"acf":[],"yoast_head":"<!-- This site is optimized with the Yoast SEO plugin v27.3 - https:\/\/yoast.com\/product\/yoast-seo-wordpress\/ -->\n<title>N\u00e4in viestit verkossa - Oppiminen<\/title>\n<meta name=\"robots\" content=\"index, follow, max-snippet:-1, max-image-preview:large, max-video-preview:-1\" \/>\n<link rel=\"canonical\" href=\"https:\/\/help.jamk.fi\/oppiminen\/fi\/verkko-opiskelun-taidot-2\/nain-viestit-verkossa\/\" \/>\n<meta property=\"og:locale\" content=\"fi_FI\" \/>\n<meta property=\"og:type\" content=\"article\" \/>\n<meta property=\"og:title\" content=\"N\u00e4in viestit verkossa - Oppiminen\" \/>\n<meta property=\"og:description\" content=\"Verkossa viestiminen on joskus haastavaa, mutta omaa viestint\u00e4\u00e4ns\u00e4 voi parantaa ottamalla huomioon verkkoviestinn\u00e4n erityispiirteet. Verkossa viestiminen vaatii enemm\u00e4n suunnittelemista kuin kasvokkain viestiminen, koska v\u00e4\u00e4rink\u00e4sitysten vaara on suurempi ja asiat etenev\u00e4t hitaammin, jos vastauksia joudutaan odottelemaan. Verkko-opintojaksojen viestint\u00e4 erilaisten ohjelmistojen v\u00e4lityksell\u00e4 muistuttaa enemm\u00e4n ty\u00f6el\u00e4m\u00e4n viestint\u00e4\u00e4 kuin vapaa-ajan viestint\u00e4\u00e4 esimerkiksi somessa. Viesteiss\u00e4 tulee muistaa asiallisuus, kohteliaisuus ja [&hellip;]\" \/>\n<meta property=\"og:url\" content=\"https:\/\/help.jamk.fi\/oppiminen\/fi\/verkko-opiskelun-taidot-2\/nain-viestit-verkossa\/\" \/>\n<meta property=\"og:site_name\" content=\"Oppiminen\" \/>\n<meta property=\"article:modified_time\" content=\"2024-01-05T12:16:56+00:00\" \/>\n<meta name=\"twitter:card\" content=\"summary_large_image\" \/>\n<meta name=\"twitter:label1\" content=\"Arvioitu lukuaika\" \/>\n\t<meta name=\"twitter:data1\" content=\"2 minuuttia\" \/>\n<script type=\"application\/ld+json\" class=\"yoast-schema-graph\">{\"@context\":\"https:\\\/\\\/schema.org\",\"@graph\":[{\"@type\":\"WebPage\",\"@id\":\"https:\\\/\\\/help.jamk.fi\\\/oppiminen\\\/fi\\\/verkko-opiskelun-taidot-2\\\/nain-viestit-verkossa\\\/\",\"url\":\"https:\\\/\\\/help.jamk.fi\\\/oppiminen\\\/fi\\\/verkko-opiskelun-taidot-2\\\/nain-viestit-verkossa\\\/\",\"name\":\"N\u00e4in viestit verkossa - Oppiminen\",\"isPartOf\":{\"@id\":\"https:\\\/\\\/help.jamk.fi\\\/oppiminen\\\/#website\"},\"datePublished\":\"2019-05-07T10:31:04+00:00\",\"dateModified\":\"2024-01-05T12:16:56+00:00\",\"breadcrumb\":{\"@id\":\"https:\\\/\\\/help.jamk.fi\\\/oppiminen\\\/fi\\\/verkko-opiskelun-taidot-2\\\/nain-viestit-verkossa\\\/#breadcrumb\"},\"inLanguage\":\"fi\",\"potentialAction\":[{\"@type\":\"ReadAction\",\"target\":[\"https:\\\/\\\/help.jamk.fi\\\/oppiminen\\\/fi\\\/verkko-opiskelun-taidot-2\\\/nain-viestit-verkossa\\\/\"]}]},{\"@type\":\"BreadcrumbList\",\"@id\":\"https:\\\/\\\/help.jamk.fi\\\/oppiminen\\\/fi\\\/verkko-opiskelun-taidot-2\\\/nain-viestit-verkossa\\\/#breadcrumb\",\"itemListElement\":[{\"@type\":\"ListItem\",\"position\":1,\"name\":\"Home\",\"item\":\"https:\\\/\\\/help.jamk.fi\\\/oppiminen\\\/fi\\\/\"},{\"@type\":\"ListItem\",\"position\":2,\"name\":\"Opiskelijan digitaidot\",\"item\":\"https:\\\/\\\/help.jamk.fi\\\/oppiminen\\\/fi\\\/verkko-opiskelun-taidot-2\\\/\"},{\"@type\":\"ListItem\",\"position\":3,\"name\":\"N\u00e4in viestit verkossa\"}]},{\"@type\":\"WebSite\",\"@id\":\"https:\\\/\\\/help.jamk.fi\\\/oppiminen\\\/#website\",\"url\":\"https:\\\/\\\/help.jamk.fi\\\/oppiminen\\\/\",\"name\":\"Oppiminen\",\"description\":\"\",\"potentialAction\":[{\"@type\":\"SearchAction\",\"target\":{\"@type\":\"EntryPoint\",\"urlTemplate\":\"https:\\\/\\\/help.jamk.fi\\\/oppiminen\\\/?s={search_term_string}\"},\"query-input\":{\"@type\":\"PropertyValueSpecification\",\"valueRequired\":true,\"valueName\":\"search_term_string\"}}],\"inLanguage\":\"fi\"}]}<\/script>\n<!-- \/ Yoast SEO plugin. -->","yoast_head_json":{"title":"N\u00e4in viestit verkossa - Oppiminen","robots":{"index":"index","follow":"follow","max-snippet":"max-snippet:-1","max-image-preview":"max-image-preview:large","max-video-preview":"max-video-preview:-1"},"canonical":"https:\/\/help.jamk.fi\/oppiminen\/fi\/verkko-opiskelun-taidot-2\/nain-viestit-verkossa\/","og_locale":"fi_FI","og_type":"article","og_title":"N\u00e4in viestit verkossa - Oppiminen","og_description":"Verkossa viestiminen on joskus haastavaa, mutta omaa viestint\u00e4\u00e4ns\u00e4 voi parantaa ottamalla huomioon verkkoviestinn\u00e4n erityispiirteet. Verkossa viestiminen vaatii enemm\u00e4n suunnittelemista kuin kasvokkain viestiminen, koska v\u00e4\u00e4rink\u00e4sitysten vaara on suurempi ja asiat etenev\u00e4t hitaammin, jos vastauksia joudutaan odottelemaan. Verkko-opintojaksojen viestint\u00e4 erilaisten ohjelmistojen v\u00e4lityksell\u00e4 muistuttaa enemm\u00e4n ty\u00f6el\u00e4m\u00e4n viestint\u00e4\u00e4 kuin vapaa-ajan viestint\u00e4\u00e4 esimerkiksi somessa. Viesteiss\u00e4 tulee muistaa asiallisuus, kohteliaisuus ja [&hellip;]","og_url":"https:\/\/help.jamk.fi\/oppiminen\/fi\/verkko-opiskelun-taidot-2\/nain-viestit-verkossa\/","og_site_name":"Oppiminen","article_modified_time":"2024-01-05T12:16:56+00:00","twitter_card":"summary_large_image","twitter_misc":{"Arvioitu lukuaika":"2 minuuttia"},"schema":{"@context":"https:\/\/schema.org","@graph":[{"@type":"WebPage","@id":"https:\/\/help.jamk.fi\/oppiminen\/fi\/verkko-opiskelun-taidot-2\/nain-viestit-verkossa\/","url":"https:\/\/help.jamk.fi\/oppiminen\/fi\/verkko-opiskelun-taidot-2\/nain-viestit-verkossa\/","name":"N\u00e4in viestit verkossa - Oppiminen","isPartOf":{"@id":"https:\/\/help.jamk.fi\/oppiminen\/#website"},"datePublished":"2019-05-07T10:31:04+00:00","dateModified":"2024-01-05T12:16:56+00:00","breadcrumb":{"@id":"https:\/\/help.jamk.fi\/oppiminen\/fi\/verkko-opiskelun-taidot-2\/nain-viestit-verkossa\/#breadcrumb"},"inLanguage":"fi","potentialAction":[{"@type":"ReadAction","target":["https:\/\/help.jamk.fi\/oppiminen\/fi\/verkko-opiskelun-taidot-2\/nain-viestit-verkossa\/"]}]},{"@type":"BreadcrumbList","@id":"https:\/\/help.jamk.fi\/oppiminen\/fi\/verkko-opiskelun-taidot-2\/nain-viestit-verkossa\/#breadcrumb","itemListElement":[{"@type":"ListItem","position":1,"name":"Home","item":"https:\/\/help.jamk.fi\/oppiminen\/fi\/"},{"@type":"ListItem","position":2,"name":"Opiskelijan digitaidot","item":"https:\/\/help.jamk.fi\/oppiminen\/fi\/verkko-opiskelun-taidot-2\/"},{"@type":"ListItem","position":3,"name":"N\u00e4in viestit verkossa"}]},{"@type":"WebSite","@id":"https:\/\/help.jamk.fi\/oppiminen\/#website","url":"https:\/\/help.jamk.fi\/oppiminen\/","name":"Oppiminen","description":"","potentialAction":[{"@type":"SearchAction","target":{"@type":"EntryPoint","urlTemplate":"https:\/\/help.jamk.fi\/oppiminen\/?s={search_term_string}"},"query-input":{"@type":"PropertyValueSpecification","valueRequired":true,"valueName":"search_term_string"}}],"inLanguage":"fi"}]}},"_links":{"self":[{"href":"https:\/\/help.jamk.fi\/oppiminen\/wp-json\/wp\/v2\/pages\/1896","targetHints":{"allow":["GET"]}}],"collection":[{"href":"https:\/\/help.jamk.fi\/oppiminen\/wp-json\/wp\/v2\/pages"}],"about":[{"href":"https:\/\/help.jamk.fi\/oppiminen\/wp-json\/wp\/v2\/types\/page"}],"author":[{"embeddable":true,"href":"https:\/\/help.jamk.fi\/oppiminen\/wp-json\/wp\/v2\/users\/73"}],"replies":[{"embeddable":true,"href":"https:\/\/help.jamk.fi\/oppiminen\/wp-json\/wp\/v2\/comments?post=1896"}],"version-history":[{"count":2,"href":"https:\/\/help.jamk.fi\/oppiminen\/wp-json\/wp\/v2\/pages\/1896\/revisions"}],"predecessor-version":[{"id":2284,"href":"https:\/\/help.jamk.fi\/oppiminen\/wp-json\/wp\/v2\/pages\/1896\/revisions\/2284"}],"up":[{"embeddable":true,"href":"https:\/\/help.jamk.fi\/oppiminen\/wp-json\/wp\/v2\/pages\/1889"}],"wp:attachment":[{"href":"https:\/\/help.jamk.fi\/oppiminen\/wp-json\/wp\/v2\/media?parent=1896"}],"wp:term":[{"taxonomy":"category","embeddable":true,"href":"https:\/\/help.jamk.fi\/oppiminen\/wp-json\/wp\/v2\/categories?post=1896"},{"taxonomy":"post_tag","embeddable":true,"href":"https:\/\/help.jamk.fi\/oppiminen\/wp-json\/wp\/v2\/tags?post=1896"}],"curies":[{"name":"wp","href":"https:\/\/api.w.org\/{rel}","templated":true}]}}