{"id":1897,"date":"2019-06-05T11:05:58","date_gmt":"2019-06-05T10:05:58","guid":{"rendered":"https:\/\/help.jamk.fi\/oppiminen\/identiteetti-ja-hyvinvointi-verkossa\/kognitiivinen-ergonomia\/"},"modified":"2024-01-19T15:11:23","modified_gmt":"2024-01-19T13:11:23","slug":"kognitiivinen-ergonomia","status":"publish","type":"page","link":"https:\/\/help.jamk.fi\/oppiminen\/fi\/identiteetti-ja-hyvinvointi-verkossa\/kognitiivinen-ergonomia\/","title":{"rendered":"Kognitiivinen ergonomia"},"content":{"rendered":"\n<p>Korkeakouluopiskelijana olet aktiivisesti tiedon \u00e4\u00e4rell\u00e4, etsien, kooten ja tuottaen sit\u00e4. Olemassa olevan tiedon m\u00e4\u00e4r\u00e4 kasvaa kaiken aikaa ja sen jakelukanavat my\u00f6s moninaistuvat. Miten ty\u00f6skentelen tavoitteellisesti? Mist\u00e4 l\u00f6yd\u00e4n tietoa? Miten sit\u00e4 k\u00e4yt\u00e4n? Miten sis\u00e4ist\u00e4n etsim\u00e4ni tiedon? Miten sen kiteyt\u00e4n ja dokumentoin? Miten t\u00e4m\u00e4n kaiken kanssa tulen toimeen? <\/p>\n\n\n\n<p><strong>Kognitiivinen ergonomia<\/strong> tarkastelee ihmisen vuorovaikutusta ty\u00f6n ja toimintaj\u00e4rjestelmien kanssa tiedonk\u00e4sittelyn n\u00e4k\u00f6kulmasta. Tarkkaavaisuus sek\u00e4 havainto-, muisti- ja ajattelukyvyt asettavat reunaehdot ihmisen, ty\u00f6n ja tekniikan vuorovaikutukselle. <\/p>\n\n\n\n<p>Kognitiivisen\nergonomian avulla arvioidaan ihmisen tapaa k\u00e4sitell\u00e4 tietoa\ntoimintaymp\u00e4rist\u00f6jen, ty\u00f6v\u00e4lineiden ja ty\u00f6k\u00e4yt\u00e4nt\u00f6jen kehitt\u00e4misess\u00e4.\nTarkasteltavat kysymykset liittyv\u00e4t ihmisen ja tietotekniikan\nvuorovaikutukseen, k\u00e4ytett\u00e4vyyteen ja kognitiiviseen kuormittumiseen: <\/p>\n\n\n\n<ol class=\"wp-block-list\">\n<li>Miten ihmisen havaitsemisen, tarkkaavaisuuden, muistin ja ajattelun kyvyt ja rajoitukset voidaan huomioida? <\/li>\n\n\n\n<li>Miten visuaalinen tieto tulisi esitt\u00e4\u00e4, jotta se havaittaisiin luotettavasti ja vaivattomasti?<\/li>\n\n\n\n<li>Miten kognitiivista kuormittumista voi v\u00e4ltt\u00e4\u00e4? <\/li>\n<\/ol>\n\n\n\n<p>Nykyp\u00e4iv\u00e4n\u00e4 ty\u00f6muistin kuormittuminen on tuttu ilmi\u00f6: jos tietoa tulee liian paljon, emme pysty kertaamaan, toistamaan ja ty\u00f6st\u00e4m\u00e4\u00e4n kaikkea tietoa riitt\u00e4v\u00e4n kauan, jotta se ehtisi tallentua pysyv\u00e4mmin s\u00e4il\u00f6muistiin. Monet psyykkiset tekij\u00e4t, kuten mieliala, vireystila ja motivaatio vaikuttavat muistisuorituksiin. My\u00f6s ty\u00f6j\u00e4rjestelyihin, ty\u00f6v\u00e4lineisiin ja ty\u00f6ymp\u00e4rist\u00f6\u00f6n liittyv\u00e4t tekij\u00e4t kuormittavat muistia. <\/p>\n\n\n\n<p>Ty\u00f6mme keskeytyy arjessamme usein eri syist\u00e4. Saatamme seurata montaa asiaa yht\u00e4 aikaa, keskittym\u00e4tt\u00e4 todellisuudessa riitt\u00e4v\u00e4sti yhteenk\u00e4\u00e4n. Meid\u00e4n tottumuksemme my\u00f6s ohjaava t\u00e4t\u00e4. Saatamme omasta mielest\u00e4mme sujuvasti samanaikaisesti esimerkiksi p\u00e4ivyst\u00e4\u00e4 ja luoda sis\u00e4lt\u00f6j\u00e4 erilaisille somekanaville, uutisvirta nostaa nostoja n\u00e4ytt\u00f6p\u00e4\u00e4tteellemme, saapunut s\u00e4hk\u00f6posti tai WhatsApp-viesti kilahtaa ja kiiruhdamme sit\u00e4 katsomaan ja samalla kirjoitamme opiskeluun liittyv\u00e4\u00e4 teht\u00e4v\u00e4\u00e4 tietokoneella. Toimintamme on monesti moninaisten asioiden yht\u00e4aikasta tekemist\u00e4, &#8217;multitaskaamista&#8217; (multitasking).&nbsp;&nbsp;&nbsp;&nbsp; <\/p>\n\n\n\n<p>Vastaanotettavan informaation suuri m\u00e4\u00e4r\u00e4 kuormittaa, sill\u00e4 jokaisen vastaanotetun viestin, dokumentin tai p\u00e4ivityksen kohdalla on p\u00e4\u00e4tett\u00e4v\u00e4, miten tietoa k\u00e4sitell\u00e4\u00e4n. Lis\u00e4ksi on arvioitava, onko se hy\u00f6dyllinen nyt, l\u00e4hitulevaisuudessa tai my\u00f6hemmin vai ei lainkaan. Muistin kuormittuminen tulee esiin unohteluina ja oppimisen vaikeuksina. Se n\u00e4kyy mm.: <\/p>\n\n\n\n<ul class=\"wp-block-list\">\n<li>virheiden ja ep\u00e4tarkkuuksien lis\u00e4\u00e4ntymisen\u00e4.<\/li>\n\n\n\n<li>toiminnan hidastumisena ja takkuamisena. <\/li>\n\n\n\n<li>olennaisen tiedon hukkaamisena ja tietoon tai j\u00e4rjestelm\u00e4\u00e4n eksymisen\u00e4. <\/li>\n<\/ul>\n\n\n\n<p>Kognitiivisen ergonomian tavoitteena onkin ty\u00f6n tehokkuus, sujuvuus ja turvallisuus sek\u00e4 hyvinvointi ty\u00f6ss\u00e4 ja opiskelussa. <\/p>\n\n\n\n<h2 class=\"wp-block-heading\"><strong>Pohdintateht\u00e4v\u00e4<\/strong><\/h2>\n\n\n\n<ul class=\"wp-block-list\">\n<li>Onko opiskelusi sujuvaa, innostavaa ja motivoivaa? <\/li>\n\n\n\n<li>Miten k\u00e4sittelet tietoa? <\/li>\n\n\n\n<li>Miten k\u00e4yt\u00e4t opiskeluun liittyvi\u00e4 ty\u00f6v\u00e4lineit\u00e4? Ent\u00e4 somea? <\/li>\n\n\n\n<li>Sis\u00e4ltyyk\u00f6 opiskeluusi informaatiokuormaa, moniteht\u00e4v\u00e4isyytt\u00e4 ja keskeytyksi\u00e4? <\/li>\n\n\n\n<li>Miten voit v\u00e4hent\u00e4\u00e4 kuormitusta ja varmistaa hyv\u00e4n oppimistuloksen? <\/li>\n<\/ul>\n","protected":false},"excerpt":{"rendered":"<p>Korkeakouluopiskelijana olet aktiivisesti tiedon \u00e4\u00e4rell\u00e4, etsien, kooten ja tuottaen sit\u00e4. Olemassa olevan tiedon m\u00e4\u00e4r\u00e4 kasvaa kaiken aikaa ja sen jakelukanavat my\u00f6s moninaistuvat. Miten ty\u00f6skentelen tavoitteellisesti? Mist\u00e4 l\u00f6yd\u00e4n tietoa? Miten sit\u00e4 k\u00e4yt\u00e4n? Miten sis\u00e4ist\u00e4n etsim\u00e4ni tiedon? Miten sen kiteyt\u00e4n ja dokumentoin? Miten t\u00e4m\u00e4n kaiken kanssa tulen toimeen? Kognitiivinen ergonomia tarkastelee ihmisen vuorovaikutusta ty\u00f6n ja toimintaj\u00e4rjestelmien kanssa [&hellip;]<\/p>\n","protected":false},"author":73,"featured_media":0,"parent":1890,"menu_order":0,"comment_status":"closed","ping_status":"open","template":"","meta":{"_acf_changed":false,"_relevanssi_hide_post":"","_relevanssi_hide_content":"","_relevanssi_pin_for_all":"","_relevanssi_pin_keywords":"","_relevanssi_unpin_keywords":"","_relevanssi_related_keywords":"","_relevanssi_related_include_ids":"","_relevanssi_related_exclude_ids":"","_relevanssi_related_no_append":"","_relevanssi_related_not_related":"","_relevanssi_related_posts":"","_relevanssi_noindex_reason":"","footnotes":""},"categories":[1],"tags":[],"class_list":["post-1897","page","type-page","status-publish","hentry","category-uncategorised"],"acf":[],"yoast_head":"<!-- This site is optimized with the Yoast SEO plugin v27.4 - https:\/\/yoast.com\/product\/yoast-seo-wordpress\/ -->\n<title>Kognitiivinen ergonomia - Oppiminen<\/title>\n<meta name=\"robots\" content=\"index, follow, max-snippet:-1, max-image-preview:large, max-video-preview:-1\" \/>\n<link rel=\"canonical\" href=\"https:\/\/help.jamk.fi\/oppiminen\/fi\/identiteetti-ja-hyvinvointi-verkossa\/kognitiivinen-ergonomia\/\" \/>\n<meta property=\"og:locale\" content=\"fi_FI\" \/>\n<meta property=\"og:type\" content=\"article\" \/>\n<meta property=\"og:title\" content=\"Kognitiivinen ergonomia - Oppiminen\" \/>\n<meta property=\"og:description\" content=\"Korkeakouluopiskelijana olet aktiivisesti tiedon \u00e4\u00e4rell\u00e4, etsien, kooten ja tuottaen sit\u00e4. Olemassa olevan tiedon m\u00e4\u00e4r\u00e4 kasvaa kaiken aikaa ja sen jakelukanavat my\u00f6s moninaistuvat. Miten ty\u00f6skentelen tavoitteellisesti? Mist\u00e4 l\u00f6yd\u00e4n tietoa? Miten sit\u00e4 k\u00e4yt\u00e4n? Miten sis\u00e4ist\u00e4n etsim\u00e4ni tiedon? Miten sen kiteyt\u00e4n ja dokumentoin? Miten t\u00e4m\u00e4n kaiken kanssa tulen toimeen? Kognitiivinen ergonomia tarkastelee ihmisen vuorovaikutusta ty\u00f6n ja toimintaj\u00e4rjestelmien kanssa [&hellip;]\" \/>\n<meta property=\"og:url\" content=\"https:\/\/help.jamk.fi\/oppiminen\/fi\/identiteetti-ja-hyvinvointi-verkossa\/kognitiivinen-ergonomia\/\" \/>\n<meta property=\"og:site_name\" content=\"Oppiminen\" \/>\n<meta property=\"article:modified_time\" content=\"2024-01-19T13:11:23+00:00\" \/>\n<meta name=\"twitter:card\" content=\"summary_large_image\" \/>\n<meta name=\"twitter:label1\" content=\"Arvioitu lukuaika\" \/>\n\t<meta name=\"twitter:data1\" content=\"3 minuuttia\" \/>\n<script type=\"application\/ld+json\" class=\"yoast-schema-graph\">{\"@context\":\"https:\\\/\\\/schema.org\",\"@graph\":[{\"@type\":\"WebPage\",\"@id\":\"https:\\\/\\\/help.jamk.fi\\\/oppiminen\\\/fi\\\/identiteetti-ja-hyvinvointi-verkossa\\\/kognitiivinen-ergonomia\\\/\",\"url\":\"https:\\\/\\\/help.jamk.fi\\\/oppiminen\\\/fi\\\/identiteetti-ja-hyvinvointi-verkossa\\\/kognitiivinen-ergonomia\\\/\",\"name\":\"Kognitiivinen ergonomia - Oppiminen\",\"isPartOf\":{\"@id\":\"https:\\\/\\\/help.jamk.fi\\\/oppiminen\\\/#website\"},\"datePublished\":\"2019-06-05T10:05:58+00:00\",\"dateModified\":\"2024-01-19T13:11:23+00:00\",\"breadcrumb\":{\"@id\":\"https:\\\/\\\/help.jamk.fi\\\/oppiminen\\\/fi\\\/identiteetti-ja-hyvinvointi-verkossa\\\/kognitiivinen-ergonomia\\\/#breadcrumb\"},\"inLanguage\":\"fi\",\"potentialAction\":[{\"@type\":\"ReadAction\",\"target\":[\"https:\\\/\\\/help.jamk.fi\\\/oppiminen\\\/fi\\\/identiteetti-ja-hyvinvointi-verkossa\\\/kognitiivinen-ergonomia\\\/\"]}]},{\"@type\":\"BreadcrumbList\",\"@id\":\"https:\\\/\\\/help.jamk.fi\\\/oppiminen\\\/fi\\\/identiteetti-ja-hyvinvointi-verkossa\\\/kognitiivinen-ergonomia\\\/#breadcrumb\",\"itemListElement\":[{\"@type\":\"ListItem\",\"position\":1,\"name\":\"Home\",\"item\":\"https:\\\/\\\/help.jamk.fi\\\/oppiminen\\\/fi\\\/\"},{\"@type\":\"ListItem\",\"position\":2,\"name\":\"Identiteetti ja hyvinvointi verkossa\",\"item\":\"https:\\\/\\\/help.jamk.fi\\\/oppiminen\\\/fi\\\/identiteetti-ja-hyvinvointi-verkossa\\\/\"},{\"@type\":\"ListItem\",\"position\":3,\"name\":\"Kognitiivinen ergonomia\"}]},{\"@type\":\"WebSite\",\"@id\":\"https:\\\/\\\/help.jamk.fi\\\/oppiminen\\\/#website\",\"url\":\"https:\\\/\\\/help.jamk.fi\\\/oppiminen\\\/\",\"name\":\"Oppiminen\",\"description\":\"\",\"potentialAction\":[{\"@type\":\"SearchAction\",\"target\":{\"@type\":\"EntryPoint\",\"urlTemplate\":\"https:\\\/\\\/help.jamk.fi\\\/oppiminen\\\/?s={search_term_string}\"},\"query-input\":{\"@type\":\"PropertyValueSpecification\",\"valueRequired\":true,\"valueName\":\"search_term_string\"}}],\"inLanguage\":\"fi\"}]}<\/script>\n<!-- \/ Yoast SEO plugin. -->","yoast_head_json":{"title":"Kognitiivinen ergonomia - Oppiminen","robots":{"index":"index","follow":"follow","max-snippet":"max-snippet:-1","max-image-preview":"max-image-preview:large","max-video-preview":"max-video-preview:-1"},"canonical":"https:\/\/help.jamk.fi\/oppiminen\/fi\/identiteetti-ja-hyvinvointi-verkossa\/kognitiivinen-ergonomia\/","og_locale":"fi_FI","og_type":"article","og_title":"Kognitiivinen ergonomia - Oppiminen","og_description":"Korkeakouluopiskelijana olet aktiivisesti tiedon \u00e4\u00e4rell\u00e4, etsien, kooten ja tuottaen sit\u00e4. Olemassa olevan tiedon m\u00e4\u00e4r\u00e4 kasvaa kaiken aikaa ja sen jakelukanavat my\u00f6s moninaistuvat. Miten ty\u00f6skentelen tavoitteellisesti? Mist\u00e4 l\u00f6yd\u00e4n tietoa? Miten sit\u00e4 k\u00e4yt\u00e4n? Miten sis\u00e4ist\u00e4n etsim\u00e4ni tiedon? Miten sen kiteyt\u00e4n ja dokumentoin? Miten t\u00e4m\u00e4n kaiken kanssa tulen toimeen? Kognitiivinen ergonomia tarkastelee ihmisen vuorovaikutusta ty\u00f6n ja toimintaj\u00e4rjestelmien kanssa [&hellip;]","og_url":"https:\/\/help.jamk.fi\/oppiminen\/fi\/identiteetti-ja-hyvinvointi-verkossa\/kognitiivinen-ergonomia\/","og_site_name":"Oppiminen","article_modified_time":"2024-01-19T13:11:23+00:00","twitter_card":"summary_large_image","twitter_misc":{"Arvioitu lukuaika":"3 minuuttia"},"schema":{"@context":"https:\/\/schema.org","@graph":[{"@type":"WebPage","@id":"https:\/\/help.jamk.fi\/oppiminen\/fi\/identiteetti-ja-hyvinvointi-verkossa\/kognitiivinen-ergonomia\/","url":"https:\/\/help.jamk.fi\/oppiminen\/fi\/identiteetti-ja-hyvinvointi-verkossa\/kognitiivinen-ergonomia\/","name":"Kognitiivinen ergonomia - Oppiminen","isPartOf":{"@id":"https:\/\/help.jamk.fi\/oppiminen\/#website"},"datePublished":"2019-06-05T10:05:58+00:00","dateModified":"2024-01-19T13:11:23+00:00","breadcrumb":{"@id":"https:\/\/help.jamk.fi\/oppiminen\/fi\/identiteetti-ja-hyvinvointi-verkossa\/kognitiivinen-ergonomia\/#breadcrumb"},"inLanguage":"fi","potentialAction":[{"@type":"ReadAction","target":["https:\/\/help.jamk.fi\/oppiminen\/fi\/identiteetti-ja-hyvinvointi-verkossa\/kognitiivinen-ergonomia\/"]}]},{"@type":"BreadcrumbList","@id":"https:\/\/help.jamk.fi\/oppiminen\/fi\/identiteetti-ja-hyvinvointi-verkossa\/kognitiivinen-ergonomia\/#breadcrumb","itemListElement":[{"@type":"ListItem","position":1,"name":"Home","item":"https:\/\/help.jamk.fi\/oppiminen\/fi\/"},{"@type":"ListItem","position":2,"name":"Identiteetti ja hyvinvointi verkossa","item":"https:\/\/help.jamk.fi\/oppiminen\/fi\/identiteetti-ja-hyvinvointi-verkossa\/"},{"@type":"ListItem","position":3,"name":"Kognitiivinen ergonomia"}]},{"@type":"WebSite","@id":"https:\/\/help.jamk.fi\/oppiminen\/#website","url":"https:\/\/help.jamk.fi\/oppiminen\/","name":"Oppiminen","description":"","potentialAction":[{"@type":"SearchAction","target":{"@type":"EntryPoint","urlTemplate":"https:\/\/help.jamk.fi\/oppiminen\/?s={search_term_string}"},"query-input":{"@type":"PropertyValueSpecification","valueRequired":true,"valueName":"search_term_string"}}],"inLanguage":"fi"}]}},"_links":{"self":[{"href":"https:\/\/help.jamk.fi\/oppiminen\/wp-json\/wp\/v2\/pages\/1897","targetHints":{"allow":["GET"]}}],"collection":[{"href":"https:\/\/help.jamk.fi\/oppiminen\/wp-json\/wp\/v2\/pages"}],"about":[{"href":"https:\/\/help.jamk.fi\/oppiminen\/wp-json\/wp\/v2\/types\/page"}],"author":[{"embeddable":true,"href":"https:\/\/help.jamk.fi\/oppiminen\/wp-json\/wp\/v2\/users\/73"}],"replies":[{"embeddable":true,"href":"https:\/\/help.jamk.fi\/oppiminen\/wp-json\/wp\/v2\/comments?post=1897"}],"version-history":[{"count":4,"href":"https:\/\/help.jamk.fi\/oppiminen\/wp-json\/wp\/v2\/pages\/1897\/revisions"}],"predecessor-version":[{"id":2351,"href":"https:\/\/help.jamk.fi\/oppiminen\/wp-json\/wp\/v2\/pages\/1897\/revisions\/2351"}],"up":[{"embeddable":true,"href":"https:\/\/help.jamk.fi\/oppiminen\/wp-json\/wp\/v2\/pages\/1890"}],"wp:attachment":[{"href":"https:\/\/help.jamk.fi\/oppiminen\/wp-json\/wp\/v2\/media?parent=1897"}],"wp:term":[{"taxonomy":"category","embeddable":true,"href":"https:\/\/help.jamk.fi\/oppiminen\/wp-json\/wp\/v2\/categories?post=1897"},{"taxonomy":"post_tag","embeddable":true,"href":"https:\/\/help.jamk.fi\/oppiminen\/wp-json\/wp\/v2\/tags?post=1897"}],"curies":[{"name":"wp","href":"https:\/\/api.w.org\/{rel}","templated":true}]}}