{"id":1898,"date":"2019-06-10T06:08:02","date_gmt":"2019-06-10T05:08:02","guid":{"rendered":"https:\/\/help.jamk.fi\/oppiminen\/identiteetti-ja-hyvinvointi-verkossa\/oppiminen-tapahtuu-vuorovaikutuksessa\/"},"modified":"2024-01-05T14:16:23","modified_gmt":"2024-01-05T12:16:23","slug":"oppiminen-tapahtuu-vuorovaikutuksessa","status":"publish","type":"page","link":"https:\/\/help.jamk.fi\/oppiminen\/fi\/identiteetti-ja-hyvinvointi-verkossa\/oppiminen-tapahtuu-vuorovaikutuksessa\/","title":{"rendered":"Oppiminen tapahtuu vuorovaikutuksessa"},"content":{"rendered":"\n<p>Oppiminen on vahvasti sosiaalinen tapahtuma, opiskelit sitten monimuoto- tai p\u00e4iv\u00e4toteutuksessa. Oman opiskeluryhm\u00e4si eheys ja kiinteys vaikuttavat monin tavoin korkeakouluopiskeluihin kiinnittymiseen ja opiskelun sujuvaan edistymiseen ja koettuun opiskeluhyvinvointiin. <\/p>\n\n\n\n<p>Ammattikorkeakoulussa aloittava opiskelijat aloittavat opintonsa erilaisista l\u00e4ht\u00f6kohdista. Osalla on jo aiempia korkeakouluopintoja tai tutkinto taustalla, osalla pidempi ty\u00f6historia ja osa jatkaa opintoja suoraan toisen asteen tutkinnon j\u00e4lkeen ammattikorkeakoulussa.<\/p>\n\n\n\n<p>Opiskelukavereilta opit monia oppimiseen, ty\u00f6skentelyyn ja ammatilliseen kasvuun liittyvi\u00e4 taitoja ja tietoja, ja voit niit\u00e4 itse jakaa vastavuoroisesti muille. Opiskelukaverit ovat my\u00f6s tukenasi mahdollisissa vastoink\u00e4ymisiss\u00e4 mutta my\u00f6s jakavat onnistumisesi ja nostattavat sinua. <\/p>\n\n\n\n<p>Opiskelukavereista muodostuvassa yhteis\u00f6ss\u00e4 ja verkostossa toimiminen ja verkoston yll\u00e4pito opintojen ajan on monesti my\u00f6s tulevaisuuden kannalta merkityksellist\u00e4. Eih\u00e4n sit\u00e4 koskaan tied\u00e4 vaikka opiskeluaikaisen kaverin kanssa p\u00e4\u00e4dyt samaan ty\u00f6yhteis\u00f6\u00f6n tai h\u00e4nen vinkist\u00e4\u00e4n saat tiedon mielenkiintoisesta uudesta ty\u00f6mahdollisuudesta ja saat h\u00e4nest\u00e4 suosittelijasi?&nbsp;&nbsp;&nbsp; <\/p>\n\n\n\n<h2 class=\"wp-block-heading\">Pohdi omaa tapaasi toimia<\/h2>\n\n\n\n<ul class=\"wp-block-list\">\n<li>Miten yll\u00e4pid\u00e4n omalla toiminnallani opiskeluryhm\u00e4n hyv\u00e4\u00e4 henke\u00e4? <\/li>\n\n\n\n<li>Miten luon avointa vuorovaikutusta?<\/li>\n\n\n\n<li>Miten annan ja otan vastaan palautetta niin, ett\u00e4 opiskelijakaverini ja koko opiskeluryhm\u00e4 hy\u00f6tyv\u00e4t? <\/li>\n\n\n\n<li>Miten puutun mahdollisiin opinnoissa ja opiskelusuhteissa ilmeneviin ep\u00e4kohtiin? <\/li>\n\n\n\n<li>Miten jaan osaamistani muille ja mit\u00e4 haluan oppia muilta? <\/li>\n<\/ul>\n\n\n\n<p>N\u00e4ihin kysymyksiin on hyv\u00e4 palata yksin ja yhdess\u00e4 koko opintojen ajan. Miss\u00e4 olemme onnistuneet ja mit\u00e4 voisimme tehd\u00e4 paremmin jatkossa?<\/p>\n","protected":false},"excerpt":{"rendered":"<p>Oppiminen on vahvasti sosiaalinen tapahtuma, opiskelit sitten monimuoto- tai p\u00e4iv\u00e4toteutuksessa. Oman opiskeluryhm\u00e4si eheys ja kiinteys vaikuttavat monin tavoin korkeakouluopiskeluihin kiinnittymiseen ja opiskelun sujuvaan edistymiseen ja koettuun opiskeluhyvinvointiin. Ammattikorkeakoulussa aloittava opiskelijat aloittavat opintonsa erilaisista l\u00e4ht\u00f6kohdista. Osalla on jo aiempia korkeakouluopintoja tai tutkinto taustalla, osalla pidempi ty\u00f6historia ja osa jatkaa opintoja suoraan toisen asteen tutkinnon j\u00e4lkeen ammattikorkeakoulussa. [&hellip;]<\/p>\n","protected":false},"author":73,"featured_media":0,"parent":1890,"menu_order":0,"comment_status":"closed","ping_status":"open","template":"","meta":{"_acf_changed":false,"_relevanssi_hide_post":"","_relevanssi_hide_content":"","_relevanssi_pin_for_all":"","_relevanssi_pin_keywords":"","_relevanssi_unpin_keywords":"","_relevanssi_related_keywords":"","_relevanssi_related_include_ids":"","_relevanssi_related_exclude_ids":"","_relevanssi_related_no_append":"","_relevanssi_related_not_related":"","_relevanssi_related_posts":"","_relevanssi_noindex_reason":"","footnotes":""},"categories":[1],"tags":[],"class_list":["post-1898","page","type-page","status-publish","hentry","category-uncategorised"],"acf":[],"yoast_head":"<!-- This site is optimized with the Yoast SEO plugin v27.3 - https:\/\/yoast.com\/product\/yoast-seo-wordpress\/ -->\n<title>Oppiminen tapahtuu vuorovaikutuksessa - Oppiminen<\/title>\n<meta name=\"robots\" content=\"index, follow, max-snippet:-1, max-image-preview:large, max-video-preview:-1\" \/>\n<link rel=\"canonical\" href=\"https:\/\/help.jamk.fi\/oppiminen\/fi\/identiteetti-ja-hyvinvointi-verkossa\/oppiminen-tapahtuu-vuorovaikutuksessa\/\" \/>\n<meta property=\"og:locale\" content=\"fi_FI\" \/>\n<meta property=\"og:type\" content=\"article\" \/>\n<meta property=\"og:title\" content=\"Oppiminen tapahtuu vuorovaikutuksessa - Oppiminen\" \/>\n<meta property=\"og:description\" content=\"Oppiminen on vahvasti sosiaalinen tapahtuma, opiskelit sitten monimuoto- tai p\u00e4iv\u00e4toteutuksessa. Oman opiskeluryhm\u00e4si eheys ja kiinteys vaikuttavat monin tavoin korkeakouluopiskeluihin kiinnittymiseen ja opiskelun sujuvaan edistymiseen ja koettuun opiskeluhyvinvointiin. Ammattikorkeakoulussa aloittava opiskelijat aloittavat opintonsa erilaisista l\u00e4ht\u00f6kohdista. Osalla on jo aiempia korkeakouluopintoja tai tutkinto taustalla, osalla pidempi ty\u00f6historia ja osa jatkaa opintoja suoraan toisen asteen tutkinnon j\u00e4lkeen ammattikorkeakoulussa. [&hellip;]\" \/>\n<meta property=\"og:url\" content=\"https:\/\/help.jamk.fi\/oppiminen\/fi\/identiteetti-ja-hyvinvointi-verkossa\/oppiminen-tapahtuu-vuorovaikutuksessa\/\" \/>\n<meta property=\"og:site_name\" content=\"Oppiminen\" \/>\n<meta property=\"article:modified_time\" content=\"2024-01-05T12:16:23+00:00\" \/>\n<meta name=\"twitter:card\" content=\"summary_large_image\" \/>\n<meta name=\"twitter:label1\" content=\"Arvioitu lukuaika\" \/>\n\t<meta name=\"twitter:data1\" content=\"2 minuuttia\" \/>\n<script type=\"application\/ld+json\" class=\"yoast-schema-graph\">{\"@context\":\"https:\\\/\\\/schema.org\",\"@graph\":[{\"@type\":\"WebPage\",\"@id\":\"https:\\\/\\\/help.jamk.fi\\\/oppiminen\\\/fi\\\/identiteetti-ja-hyvinvointi-verkossa\\\/oppiminen-tapahtuu-vuorovaikutuksessa\\\/\",\"url\":\"https:\\\/\\\/help.jamk.fi\\\/oppiminen\\\/fi\\\/identiteetti-ja-hyvinvointi-verkossa\\\/oppiminen-tapahtuu-vuorovaikutuksessa\\\/\",\"name\":\"Oppiminen tapahtuu vuorovaikutuksessa - Oppiminen\",\"isPartOf\":{\"@id\":\"https:\\\/\\\/help.jamk.fi\\\/oppiminen\\\/#website\"},\"datePublished\":\"2019-06-10T05:08:02+00:00\",\"dateModified\":\"2024-01-05T12:16:23+00:00\",\"breadcrumb\":{\"@id\":\"https:\\\/\\\/help.jamk.fi\\\/oppiminen\\\/fi\\\/identiteetti-ja-hyvinvointi-verkossa\\\/oppiminen-tapahtuu-vuorovaikutuksessa\\\/#breadcrumb\"},\"inLanguage\":\"fi\",\"potentialAction\":[{\"@type\":\"ReadAction\",\"target\":[\"https:\\\/\\\/help.jamk.fi\\\/oppiminen\\\/fi\\\/identiteetti-ja-hyvinvointi-verkossa\\\/oppiminen-tapahtuu-vuorovaikutuksessa\\\/\"]}]},{\"@type\":\"BreadcrumbList\",\"@id\":\"https:\\\/\\\/help.jamk.fi\\\/oppiminen\\\/fi\\\/identiteetti-ja-hyvinvointi-verkossa\\\/oppiminen-tapahtuu-vuorovaikutuksessa\\\/#breadcrumb\",\"itemListElement\":[{\"@type\":\"ListItem\",\"position\":1,\"name\":\"Home\",\"item\":\"https:\\\/\\\/help.jamk.fi\\\/oppiminen\\\/fi\\\/\"},{\"@type\":\"ListItem\",\"position\":2,\"name\":\"Identiteetti ja hyvinvointi verkossa\",\"item\":\"https:\\\/\\\/help.jamk.fi\\\/oppiminen\\\/fi\\\/identiteetti-ja-hyvinvointi-verkossa\\\/\"},{\"@type\":\"ListItem\",\"position\":3,\"name\":\"Oppiminen tapahtuu vuorovaikutuksessa\"}]},{\"@type\":\"WebSite\",\"@id\":\"https:\\\/\\\/help.jamk.fi\\\/oppiminen\\\/#website\",\"url\":\"https:\\\/\\\/help.jamk.fi\\\/oppiminen\\\/\",\"name\":\"Oppiminen\",\"description\":\"\",\"potentialAction\":[{\"@type\":\"SearchAction\",\"target\":{\"@type\":\"EntryPoint\",\"urlTemplate\":\"https:\\\/\\\/help.jamk.fi\\\/oppiminen\\\/?s={search_term_string}\"},\"query-input\":{\"@type\":\"PropertyValueSpecification\",\"valueRequired\":true,\"valueName\":\"search_term_string\"}}],\"inLanguage\":\"fi\"}]}<\/script>\n<!-- \/ Yoast SEO plugin. -->","yoast_head_json":{"title":"Oppiminen tapahtuu vuorovaikutuksessa - Oppiminen","robots":{"index":"index","follow":"follow","max-snippet":"max-snippet:-1","max-image-preview":"max-image-preview:large","max-video-preview":"max-video-preview:-1"},"canonical":"https:\/\/help.jamk.fi\/oppiminen\/fi\/identiteetti-ja-hyvinvointi-verkossa\/oppiminen-tapahtuu-vuorovaikutuksessa\/","og_locale":"fi_FI","og_type":"article","og_title":"Oppiminen tapahtuu vuorovaikutuksessa - Oppiminen","og_description":"Oppiminen on vahvasti sosiaalinen tapahtuma, opiskelit sitten monimuoto- tai p\u00e4iv\u00e4toteutuksessa. Oman opiskeluryhm\u00e4si eheys ja kiinteys vaikuttavat monin tavoin korkeakouluopiskeluihin kiinnittymiseen ja opiskelun sujuvaan edistymiseen ja koettuun opiskeluhyvinvointiin. Ammattikorkeakoulussa aloittava opiskelijat aloittavat opintonsa erilaisista l\u00e4ht\u00f6kohdista. Osalla on jo aiempia korkeakouluopintoja tai tutkinto taustalla, osalla pidempi ty\u00f6historia ja osa jatkaa opintoja suoraan toisen asteen tutkinnon j\u00e4lkeen ammattikorkeakoulussa. [&hellip;]","og_url":"https:\/\/help.jamk.fi\/oppiminen\/fi\/identiteetti-ja-hyvinvointi-verkossa\/oppiminen-tapahtuu-vuorovaikutuksessa\/","og_site_name":"Oppiminen","article_modified_time":"2024-01-05T12:16:23+00:00","twitter_card":"summary_large_image","twitter_misc":{"Arvioitu lukuaika":"2 minuuttia"},"schema":{"@context":"https:\/\/schema.org","@graph":[{"@type":"WebPage","@id":"https:\/\/help.jamk.fi\/oppiminen\/fi\/identiteetti-ja-hyvinvointi-verkossa\/oppiminen-tapahtuu-vuorovaikutuksessa\/","url":"https:\/\/help.jamk.fi\/oppiminen\/fi\/identiteetti-ja-hyvinvointi-verkossa\/oppiminen-tapahtuu-vuorovaikutuksessa\/","name":"Oppiminen tapahtuu vuorovaikutuksessa - Oppiminen","isPartOf":{"@id":"https:\/\/help.jamk.fi\/oppiminen\/#website"},"datePublished":"2019-06-10T05:08:02+00:00","dateModified":"2024-01-05T12:16:23+00:00","breadcrumb":{"@id":"https:\/\/help.jamk.fi\/oppiminen\/fi\/identiteetti-ja-hyvinvointi-verkossa\/oppiminen-tapahtuu-vuorovaikutuksessa\/#breadcrumb"},"inLanguage":"fi","potentialAction":[{"@type":"ReadAction","target":["https:\/\/help.jamk.fi\/oppiminen\/fi\/identiteetti-ja-hyvinvointi-verkossa\/oppiminen-tapahtuu-vuorovaikutuksessa\/"]}]},{"@type":"BreadcrumbList","@id":"https:\/\/help.jamk.fi\/oppiminen\/fi\/identiteetti-ja-hyvinvointi-verkossa\/oppiminen-tapahtuu-vuorovaikutuksessa\/#breadcrumb","itemListElement":[{"@type":"ListItem","position":1,"name":"Home","item":"https:\/\/help.jamk.fi\/oppiminen\/fi\/"},{"@type":"ListItem","position":2,"name":"Identiteetti ja hyvinvointi verkossa","item":"https:\/\/help.jamk.fi\/oppiminen\/fi\/identiteetti-ja-hyvinvointi-verkossa\/"},{"@type":"ListItem","position":3,"name":"Oppiminen tapahtuu vuorovaikutuksessa"}]},{"@type":"WebSite","@id":"https:\/\/help.jamk.fi\/oppiminen\/#website","url":"https:\/\/help.jamk.fi\/oppiminen\/","name":"Oppiminen","description":"","potentialAction":[{"@type":"SearchAction","target":{"@type":"EntryPoint","urlTemplate":"https:\/\/help.jamk.fi\/oppiminen\/?s={search_term_string}"},"query-input":{"@type":"PropertyValueSpecification","valueRequired":true,"valueName":"search_term_string"}}],"inLanguage":"fi"}]}},"_links":{"self":[{"href":"https:\/\/help.jamk.fi\/oppiminen\/wp-json\/wp\/v2\/pages\/1898","targetHints":{"allow":["GET"]}}],"collection":[{"href":"https:\/\/help.jamk.fi\/oppiminen\/wp-json\/wp\/v2\/pages"}],"about":[{"href":"https:\/\/help.jamk.fi\/oppiminen\/wp-json\/wp\/v2\/types\/page"}],"author":[{"embeddable":true,"href":"https:\/\/help.jamk.fi\/oppiminen\/wp-json\/wp\/v2\/users\/73"}],"replies":[{"embeddable":true,"href":"https:\/\/help.jamk.fi\/oppiminen\/wp-json\/wp\/v2\/comments?post=1898"}],"version-history":[{"count":2,"href":"https:\/\/help.jamk.fi\/oppiminen\/wp-json\/wp\/v2\/pages\/1898\/revisions"}],"predecessor-version":[{"id":2282,"href":"https:\/\/help.jamk.fi\/oppiminen\/wp-json\/wp\/v2\/pages\/1898\/revisions\/2282"}],"up":[{"embeddable":true,"href":"https:\/\/help.jamk.fi\/oppiminen\/wp-json\/wp\/v2\/pages\/1890"}],"wp:attachment":[{"href":"https:\/\/help.jamk.fi\/oppiminen\/wp-json\/wp\/v2\/media?parent=1898"}],"wp:term":[{"taxonomy":"category","embeddable":true,"href":"https:\/\/help.jamk.fi\/oppiminen\/wp-json\/wp\/v2\/categories?post=1898"},{"taxonomy":"post_tag","embeddable":true,"href":"https:\/\/help.jamk.fi\/oppiminen\/wp-json\/wp\/v2\/tags?post=1898"}],"curies":[{"name":"wp","href":"https:\/\/api.w.org\/{rel}","templated":true}]}}