{"id":1900,"date":"2019-06-17T11:20:15","date_gmt":"2019-06-17T10:20:15","guid":{"rendered":"https:\/\/help.jamk.fi\/oppiminen\/uudelle-opiskelijalle\/opintojen-alkaessa\/"},"modified":"2024-01-19T15:14:31","modified_gmt":"2024-01-19T13:14:31","slug":"opintojen-alkaessa","status":"publish","type":"page","link":"https:\/\/help.jamk.fi\/oppiminen\/fi\/uudelle-opiskelijalle\/opintojen-alkaessa\/","title":{"rendered":"Opintojen alkaessa"},"content":{"rendered":"\n<p>Opiskelun alkuvaiheessa kannattaa panostaa ty\u00f6v\u00e4lineiden ja ty\u00f6skentelytapojen omaksumiseen. N\u00e4in p\u00e4\u00e4set nauttimaan sujuvasta opiskelusta mahdollisimman pian. <\/p>\n\n\n\n<p>Ota haltuun ainakin seuraavat asiat<\/p>\n\n\n\n<ol class=\"wp-block-list\">\n<li><a href=\"https:\/\/help.jamk.fi\/oppiminen\/fi\/verkko-opiskelun-ymparistot\/\">Jamkin oppimista tukevat verkkoymp\u00e4rist\u00f6t<\/a><\/li>\n\n\n\n<li><a href=\"https:\/\/help.jamk.fi\/oppiminen\/fi\/moodle\/\">Moodle oppimisymp\u00e4rist\u00f6n\u00e4<\/a><\/li>\n\n\n\n<li>Kalenterikutsun tekeminen<\/li>\n\n\n\n<li>Verkkokokouksen j\u00e4rjest\u00e4minen Zoomilla<\/li>\n\n\n\n<li>Yhteiskirjoittaminen ja tiedostojen jakaminen OneDrivessa<\/li>\n\n\n\n<li>N\u00e4in toimit ongelmatilanteissa<\/li>\n<\/ol>\n\n\n\n<h2 class=\"wp-block-heading\">Kalenterikutsun tekeminen<\/h2>\n\n\n\n<p>Ohjaajien ja opettajien kalenterivaraukset hoituvat joko ajanvarauksina tai kalenterikutsuina. Ajanvaraus tarkoittaa, ett\u00e4 sinut opastetaan verkko-osoitteeseen, josta voit valita sinulle sopivan ajan. T\u00e4t\u00e4 k\u00e4yt\u00e4nt\u00f6\u00e4 k\u00e4ytt\u00e4v\u00e4t mm. opinto-ohjaajat. Kalenterikutsu tarkoittaa, ett\u00e4 etsit ja ehdotat sinulle ja haluamallesi henkil\u00f6lle sopivaa vapaata aikaa tapaamiseen. Ohjaaja tai opettaja kertoo, kumpaa tapaa k\u00e4ytet\u00e4\u00e4n.<\/p>\n\n\n\n<p>Kalenterivarauksen avulla voit varata aikaa esimerkiksi HOPS-keskustelulle ohjaajan kalenterista tai etsi\u00e4 koko ryhm\u00e4lle sopivaa tapaamisaikaa mik\u00e4li teill\u00e4 on p\u00e4\u00e4sy toistenne kalentereihin. Alla oleva video opastaa kalenterikutsun tekemisess\u00e4.<\/p>\n\n\n\n<figure class=\"wp-block-embed is-type-video is-provider-youtube wp-block-embed-youtube wp-embed-aspect-16-9 wp-has-aspect-ratio\"><div class=\"wp-block-embed__wrapper\">\n<iframe title=\"Kokouskutsun l\u00e4hett\u00e4minen opettajalle\" width=\"500\" height=\"281\" data-cookieconsent=\"marketing\" data-cookieblock-src=\"https:\/\/www.youtube.com\/embed\/EOPnF-ZwNhs?feature=oembed\" frameborder=\"0\" allow=\"accelerometer; autoplay; clipboard-write; encrypted-media; gyroscope; picture-in-picture; web-share\" referrerpolicy=\"strict-origin-when-cross-origin\" allowfullscreen><\/iframe>\n<\/div><div class=\"block-embed__cookie-notice--wrapper cookieconsent-optout-marketing\"><div class=\"block-embed__cookie-notice--text\"><p>Oops! This video will not be shown because you have disabled the marketing cookies. To see the video, <a href=\"javascript:Cookiebot.submitCustomConsent(false,false,true)\">accept marketing cookies<\/a>.<\/p><\/div><\/div><\/figure>\n\n\n\n<h2 class=\"wp-block-heading\">Verkkokokous Zoomilla<\/h2>\n\n\n\n<p>Edellisess\u00e4 vaiheessa asensit Zoomin koneellesi ja otit sen k\u00e4ytt\u00f6\u00f6n. Zoomia voi k\u00e4ytt\u00e4\u00e4 opetukseen osallistumisen lis\u00e4ksi my\u00f6s opiskelijoiden kesken esim. opintopiirin tai -ryhm\u00e4n yhteiseen ty\u00f6skentelyyn tai esimerkiksi videoesityksen tallentamiseen. Opettele Zoom-tapaamisten perustoiminnot ja tapaamiskutsun luominen.<\/p>\n\n\n\n<p><a href=\"https:\/\/help.jamk.fi\/zoom\/fi\/tapaamiskutsun-luominen\/tapaamiskutsun-luominen\/\">Tapaamiskutsun tekeminen Zoomilla<\/a><\/p>\n\n\n\n<h2 class=\"wp-block-heading\">\n\nYhteiskirjoittaminen\n\n<\/h2>\n\n\n\n<p>Tiedostojen jakaminen ja yhdess\u00e4 kirjoittaminen ovat oleellisia opiskelutaitoja. Alla oleva video opastaa yhteiskirjoittamisessa ja tiedoston jakamisessa.<\/p>\n\n\n\n<figure class=\"wp-block-embed is-type-video is-provider-youtube wp-block-embed-youtube wp-embed-aspect-16-9 wp-has-aspect-ratio\"><div class=\"wp-block-embed__wrapper\">\n<iframe title=\"Word Online -tiedoston yhteiskirjoittaminen\" width=\"500\" height=\"281\" data-cookieconsent=\"marketing\" data-cookieblock-src=\"https:\/\/www.youtube.com\/embed\/7ewfsTocP1k?feature=oembed\" frameborder=\"0\" allow=\"accelerometer; autoplay; clipboard-write; encrypted-media; gyroscope; picture-in-picture; web-share\" referrerpolicy=\"strict-origin-when-cross-origin\" allowfullscreen><\/iframe>\n<\/div><div class=\"block-embed__cookie-notice--wrapper cookieconsent-optout-marketing\"><div class=\"block-embed__cookie-notice--text\"><p>Oops! This video will not be shown because you have disabled the marketing cookies. To see the video, <a href=\"javascript:Cookiebot.submitCustomConsent(false,false,true)\">accept marketing cookies<\/a>.<\/p><\/div><\/div><\/figure>\n\n\n\n<h2 class=\"wp-block-heading\">N\u00e4in toimit ongelmatilanteissa<\/h2>\n\n\n\n<p>Tietotekniset ongelmat saattavat johtua monista eri syist\u00e4, joten mit\u00e4\u00e4n yht\u00e4 tapaa ratkaista kaikki ongelmat ei ole olemassa. Yleens\u00e4 kannattaa kuitenkin s\u00e4ilytt\u00e4\u00e4 maltti, pys\u00e4hty\u00e4 hetkeksi miettim\u00e4\u00e4n ja kokeilla ratkaista ongelma itse. Kannattaa my\u00f6s tutustua ohjeisiin, joita l\u00f6ytyy sek\u00e4 Jamkin tarjoamina ett\u00e4 valmistajien sivuilta. T\u00e4ss\u00e4 muutama vinkki siit\u00e4, mist\u00e4 apua kannattaa hakea erityyppisiss\u00e4 tilanteissa:<\/p>\n\n\n\n<p>En p\u00e4\u00e4se kirjautumaan Moodleen, Microsoft 365 -palveluihin, Zoomiin tai muuhun Jamkin tietoj\u00e4rjestelm\u00e4\u00e4n, jota tarvitsen opiskelussa:<\/p>\n\n\n\n<ul class=\"wp-block-list\">\n<li>Onko k\u00e4ytt\u00e4j\u00e4tunnus ja salasana varmasti oikein? Tarvitaanko kirjautumiseen k\u00e4ytt\u00e4j\u00e4tunnus vai s\u00e4hk\u00f6postiosoite? <\/li>\n\n\n\n<li>Onko muilla vastaavia ongelmia?<\/li>\n\n\n\n<li>Toimiiko verkkoyhteys?  <\/li>\n\n\n\n<li>Ole yhteydess\u00e4 <a href=\"https:\/\/help.jamk.fi\/fi\/\">Jamkin Helppiin<\/a><\/li>\n<\/ul>\n\n\n\n<p>En hallitse tarvitsemiani v\u00e4lineit\u00e4\/ty\u00f6skentelytapoja.<\/p>\n\n\n\n<ul class=\"wp-block-list\">\n<li>Etsi ohjeita Jamkin oppimateriaaleista, Helpdeskin sivuilta tai internetist\u00e4. <\/li>\n\n\n\n<li>Pyyd\u00e4 apua opiskelukavereilta, yst\u00e4v\u00e4lt\u00e4, tutoropettajalta. <\/li>\n<\/ul>\n\n\n\n<p>Omaan laitteistoon liittyv\u00e4t ongelmat: opiskelija vastaa itse omasta tietokoneestaan ja muista opiskeluun liittyvist\u00e4 laitteista. Opintojen alussa voit kuitenkin pyyt\u00e4\u00e4 apua esim Zoomin asentamiseen tai s\u00e4hk\u00f6postin synkronointiin puhelimeen <a href=\"https:\/\/help.jamk.fi\/fi\/\">Jamkin Helpdeskist\u00e4<\/a>.<\/p>\n\n\n\n<p><\/p>\n","protected":false},"excerpt":{"rendered":"<p>Opiskelun alkuvaiheessa kannattaa panostaa ty\u00f6v\u00e4lineiden ja ty\u00f6skentelytapojen omaksumiseen. N\u00e4in p\u00e4\u00e4set nauttimaan sujuvasta opiskelusta mahdollisimman pian. Ota haltuun ainakin seuraavat asiat Kalenterikutsun tekeminen Ohjaajien ja opettajien kalenterivaraukset hoituvat joko ajanvarauksina tai kalenterikutsuina. Ajanvaraus tarkoittaa, ett\u00e4 sinut opastetaan verkko-osoitteeseen, josta voit valita sinulle sopivan ajan. T\u00e4t\u00e4 k\u00e4yt\u00e4nt\u00f6\u00e4 k\u00e4ytt\u00e4v\u00e4t mm. opinto-ohjaajat. Kalenterikutsu tarkoittaa, ett\u00e4 etsit ja ehdotat sinulle [&hellip;]<\/p>\n","protected":false},"author":59,"featured_media":0,"parent":1888,"menu_order":0,"comment_status":"closed","ping_status":"open","template":"","meta":{"_acf_changed":false,"_relevanssi_hide_post":"","_relevanssi_hide_content":"","_relevanssi_pin_for_all":"","_relevanssi_pin_keywords":"","_relevanssi_unpin_keywords":"","_relevanssi_related_keywords":"","_relevanssi_related_include_ids":"","_relevanssi_related_exclude_ids":"","_relevanssi_related_no_append":"","_relevanssi_related_not_related":"","_relevanssi_related_posts":"","_relevanssi_noindex_reason":"","footnotes":""},"categories":[1],"tags":[],"class_list":["post-1900","page","type-page","status-publish","hentry","category-uncategorised"],"acf":[],"yoast_head":"<!-- This site is optimized with the Yoast SEO plugin v27.3 - https:\/\/yoast.com\/product\/yoast-seo-wordpress\/ -->\n<title>Opintojen alkaessa - Oppiminen<\/title>\n<meta name=\"robots\" content=\"index, follow, max-snippet:-1, max-image-preview:large, max-video-preview:-1\" \/>\n<link rel=\"canonical\" href=\"https:\/\/help.jamk.fi\/oppiminen\/fi\/uudelle-opiskelijalle\/opintojen-alkaessa\/\" \/>\n<meta property=\"og:locale\" content=\"fi_FI\" \/>\n<meta property=\"og:type\" content=\"article\" \/>\n<meta property=\"og:title\" content=\"Opintojen alkaessa - Oppiminen\" \/>\n<meta property=\"og:description\" content=\"Opiskelun alkuvaiheessa kannattaa panostaa ty\u00f6v\u00e4lineiden ja ty\u00f6skentelytapojen omaksumiseen. N\u00e4in p\u00e4\u00e4set nauttimaan sujuvasta opiskelusta mahdollisimman pian. Ota haltuun ainakin seuraavat asiat Kalenterikutsun tekeminen Ohjaajien ja opettajien kalenterivaraukset hoituvat joko ajanvarauksina tai kalenterikutsuina. Ajanvaraus tarkoittaa, ett\u00e4 sinut opastetaan verkko-osoitteeseen, josta voit valita sinulle sopivan ajan. T\u00e4t\u00e4 k\u00e4yt\u00e4nt\u00f6\u00e4 k\u00e4ytt\u00e4v\u00e4t mm. opinto-ohjaajat. Kalenterikutsu tarkoittaa, ett\u00e4 etsit ja ehdotat sinulle [&hellip;]\" \/>\n<meta property=\"og:url\" content=\"https:\/\/help.jamk.fi\/oppiminen\/fi\/uudelle-opiskelijalle\/opintojen-alkaessa\/\" \/>\n<meta property=\"og:site_name\" content=\"Oppiminen\" \/>\n<meta property=\"article:modified_time\" content=\"2024-01-19T13:14:31+00:00\" \/>\n<meta name=\"twitter:card\" content=\"summary_large_image\" \/>\n<meta name=\"twitter:label1\" content=\"Arvioitu lukuaika\" \/>\n\t<meta name=\"twitter:data1\" content=\"2 minuuttia\" \/>\n<script type=\"application\/ld+json\" class=\"yoast-schema-graph\">{\"@context\":\"https:\\\/\\\/schema.org\",\"@graph\":[{\"@type\":\"WebPage\",\"@id\":\"https:\\\/\\\/help.jamk.fi\\\/oppiminen\\\/fi\\\/uudelle-opiskelijalle\\\/opintojen-alkaessa\\\/\",\"url\":\"https:\\\/\\\/help.jamk.fi\\\/oppiminen\\\/fi\\\/uudelle-opiskelijalle\\\/opintojen-alkaessa\\\/\",\"name\":\"Opintojen alkaessa - Oppiminen\",\"isPartOf\":{\"@id\":\"https:\\\/\\\/help.jamk.fi\\\/oppiminen\\\/#website\"},\"datePublished\":\"2019-06-17T10:20:15+00:00\",\"dateModified\":\"2024-01-19T13:14:31+00:00\",\"breadcrumb\":{\"@id\":\"https:\\\/\\\/help.jamk.fi\\\/oppiminen\\\/fi\\\/uudelle-opiskelijalle\\\/opintojen-alkaessa\\\/#breadcrumb\"},\"inLanguage\":\"fi\",\"potentialAction\":[{\"@type\":\"ReadAction\",\"target\":[\"https:\\\/\\\/help.jamk.fi\\\/oppiminen\\\/fi\\\/uudelle-opiskelijalle\\\/opintojen-alkaessa\\\/\"]}]},{\"@type\":\"BreadcrumbList\",\"@id\":\"https:\\\/\\\/help.jamk.fi\\\/oppiminen\\\/fi\\\/uudelle-opiskelijalle\\\/opintojen-alkaessa\\\/#breadcrumb\",\"itemListElement\":[{\"@type\":\"ListItem\",\"position\":1,\"name\":\"Home\",\"item\":\"https:\\\/\\\/help.jamk.fi\\\/oppiminen\\\/fi\\\/\"},{\"@type\":\"ListItem\",\"position\":2,\"name\":\"Uudelle opiskelijalle\",\"item\":\"https:\\\/\\\/help.jamk.fi\\\/oppiminen\\\/fi\\\/uudelle-opiskelijalle\\\/\"},{\"@type\":\"ListItem\",\"position\":3,\"name\":\"Opintojen alkaessa\"}]},{\"@type\":\"WebSite\",\"@id\":\"https:\\\/\\\/help.jamk.fi\\\/oppiminen\\\/#website\",\"url\":\"https:\\\/\\\/help.jamk.fi\\\/oppiminen\\\/\",\"name\":\"Oppiminen\",\"description\":\"\",\"potentialAction\":[{\"@type\":\"SearchAction\",\"target\":{\"@type\":\"EntryPoint\",\"urlTemplate\":\"https:\\\/\\\/help.jamk.fi\\\/oppiminen\\\/?s={search_term_string}\"},\"query-input\":{\"@type\":\"PropertyValueSpecification\",\"valueRequired\":true,\"valueName\":\"search_term_string\"}}],\"inLanguage\":\"fi\"}]}<\/script>\n<!-- \/ Yoast SEO plugin. -->","yoast_head_json":{"title":"Opintojen alkaessa - Oppiminen","robots":{"index":"index","follow":"follow","max-snippet":"max-snippet:-1","max-image-preview":"max-image-preview:large","max-video-preview":"max-video-preview:-1"},"canonical":"https:\/\/help.jamk.fi\/oppiminen\/fi\/uudelle-opiskelijalle\/opintojen-alkaessa\/","og_locale":"fi_FI","og_type":"article","og_title":"Opintojen alkaessa - Oppiminen","og_description":"Opiskelun alkuvaiheessa kannattaa panostaa ty\u00f6v\u00e4lineiden ja ty\u00f6skentelytapojen omaksumiseen. N\u00e4in p\u00e4\u00e4set nauttimaan sujuvasta opiskelusta mahdollisimman pian. Ota haltuun ainakin seuraavat asiat Kalenterikutsun tekeminen Ohjaajien ja opettajien kalenterivaraukset hoituvat joko ajanvarauksina tai kalenterikutsuina. Ajanvaraus tarkoittaa, ett\u00e4 sinut opastetaan verkko-osoitteeseen, josta voit valita sinulle sopivan ajan. T\u00e4t\u00e4 k\u00e4yt\u00e4nt\u00f6\u00e4 k\u00e4ytt\u00e4v\u00e4t mm. opinto-ohjaajat. Kalenterikutsu tarkoittaa, ett\u00e4 etsit ja ehdotat sinulle [&hellip;]","og_url":"https:\/\/help.jamk.fi\/oppiminen\/fi\/uudelle-opiskelijalle\/opintojen-alkaessa\/","og_site_name":"Oppiminen","article_modified_time":"2024-01-19T13:14:31+00:00","twitter_card":"summary_large_image","twitter_misc":{"Arvioitu lukuaika":"2 minuuttia"},"schema":{"@context":"https:\/\/schema.org","@graph":[{"@type":"WebPage","@id":"https:\/\/help.jamk.fi\/oppiminen\/fi\/uudelle-opiskelijalle\/opintojen-alkaessa\/","url":"https:\/\/help.jamk.fi\/oppiminen\/fi\/uudelle-opiskelijalle\/opintojen-alkaessa\/","name":"Opintojen alkaessa - Oppiminen","isPartOf":{"@id":"https:\/\/help.jamk.fi\/oppiminen\/#website"},"datePublished":"2019-06-17T10:20:15+00:00","dateModified":"2024-01-19T13:14:31+00:00","breadcrumb":{"@id":"https:\/\/help.jamk.fi\/oppiminen\/fi\/uudelle-opiskelijalle\/opintojen-alkaessa\/#breadcrumb"},"inLanguage":"fi","potentialAction":[{"@type":"ReadAction","target":["https:\/\/help.jamk.fi\/oppiminen\/fi\/uudelle-opiskelijalle\/opintojen-alkaessa\/"]}]},{"@type":"BreadcrumbList","@id":"https:\/\/help.jamk.fi\/oppiminen\/fi\/uudelle-opiskelijalle\/opintojen-alkaessa\/#breadcrumb","itemListElement":[{"@type":"ListItem","position":1,"name":"Home","item":"https:\/\/help.jamk.fi\/oppiminen\/fi\/"},{"@type":"ListItem","position":2,"name":"Uudelle opiskelijalle","item":"https:\/\/help.jamk.fi\/oppiminen\/fi\/uudelle-opiskelijalle\/"},{"@type":"ListItem","position":3,"name":"Opintojen alkaessa"}]},{"@type":"WebSite","@id":"https:\/\/help.jamk.fi\/oppiminen\/#website","url":"https:\/\/help.jamk.fi\/oppiminen\/","name":"Oppiminen","description":"","potentialAction":[{"@type":"SearchAction","target":{"@type":"EntryPoint","urlTemplate":"https:\/\/help.jamk.fi\/oppiminen\/?s={search_term_string}"},"query-input":{"@type":"PropertyValueSpecification","valueRequired":true,"valueName":"search_term_string"}}],"inLanguage":"fi"}]}},"_links":{"self":[{"href":"https:\/\/help.jamk.fi\/oppiminen\/wp-json\/wp\/v2\/pages\/1900","targetHints":{"allow":["GET"]}}],"collection":[{"href":"https:\/\/help.jamk.fi\/oppiminen\/wp-json\/wp\/v2\/pages"}],"about":[{"href":"https:\/\/help.jamk.fi\/oppiminen\/wp-json\/wp\/v2\/types\/page"}],"author":[{"embeddable":true,"href":"https:\/\/help.jamk.fi\/oppiminen\/wp-json\/wp\/v2\/users\/59"}],"replies":[{"embeddable":true,"href":"https:\/\/help.jamk.fi\/oppiminen\/wp-json\/wp\/v2\/comments?post=1900"}],"version-history":[{"count":6,"href":"https:\/\/help.jamk.fi\/oppiminen\/wp-json\/wp\/v2\/pages\/1900\/revisions"}],"predecessor-version":[{"id":2349,"href":"https:\/\/help.jamk.fi\/oppiminen\/wp-json\/wp\/v2\/pages\/1900\/revisions\/2349"}],"up":[{"embeddable":true,"href":"https:\/\/help.jamk.fi\/oppiminen\/wp-json\/wp\/v2\/pages\/1888"}],"wp:attachment":[{"href":"https:\/\/help.jamk.fi\/oppiminen\/wp-json\/wp\/v2\/media?parent=1900"}],"wp:term":[{"taxonomy":"category","embeddable":true,"href":"https:\/\/help.jamk.fi\/oppiminen\/wp-json\/wp\/v2\/categories?post=1900"},{"taxonomy":"post_tag","embeddable":true,"href":"https:\/\/help.jamk.fi\/oppiminen\/wp-json\/wp\/v2\/tags?post=1900"}],"curies":[{"name":"wp","href":"https:\/\/api.w.org\/{rel}","templated":true}]}}