{"id":1901,"date":"2019-06-17T12:50:01","date_gmt":"2019-06-17T11:50:01","guid":{"rendered":"https:\/\/help.jamk.fi\/oppiminen\/uudelle-opiskelijalle\/ennen-opintojen-alkua\/"},"modified":"2025-04-03T11:09:38","modified_gmt":"2025-04-03T08:09:38","slug":"ennen-opintojen-alkua","status":"publish","type":"page","link":"https:\/\/help.jamk.fi\/oppiminen\/fi\/uudelle-opiskelijalle\/ennen-opintojen-alkua\/","title":{"rendered":"Ennen opintojen alkua"},"content":{"rendered":"\n<h2 class=\"wp-block-heading\">Hae k\u00e4ytt\u00e4j\u00e4tunnus ja salasana <\/h2>\n\n\n\n<p>Ohjeet k\u00e4ytt\u00e4j\u00e4tunnuksen, salasanan ja kaksivaiheisen tunnistautumisen m\u00e4\u00e4ritt\u00e4miseen l\u00f6yd\u00e4t <a href=\"https:\/\/help.jamk.fi\/kirjautuminen\/fi\/opas-uudelle-verkonkayttajalle\/\">Uuden verkonk\u00e4ytt\u00e4j\u00e4n ohjeiden ensimm\u00e4isest\u00e4 aihealueesta.<\/a><\/p>\n\n\n\n<h2 class=\"wp-block-heading\">Hanki opinnoissa tarvittavat laitteet<\/h2>\n\n\n\n<p>Verkko-opinnoissa oma tietokone ja kuulokemikrofoni ovat v\u00e4ltt\u00e4m\u00e4tt\u00f6mi\u00e4. Jos opiskelet p\u00e4\u00e4asiassa Jamkin tiloissa, voit hy\u00f6dynt\u00e4\u00e4 Jamkin opiskelijak\u00e4ytt\u00f6\u00f6n tarjoamia tietokoneita.<\/p>\n\n\n\n<ul class=\"wp-block-list\">\n<li><strong>Kannettava tietokone (ei suositella Chromebookia).<\/strong> Yleens\u00e4 ajantasainen perusl\u00e4pp\u00e4ri riitt\u00e4\u00e4, mutta opiskeltavalla alalla (esim. insin\u00f6\u00f6riopinnot) saattaa olla lis\u00e4vaatimuksia. K\u00e4yt\u00e4mme Microsoft 365 -palvelua, jolloin siihen kuuluvia ty\u00f6p\u00f6yt\u00e4sovelluksia ei voi asentaa Chromebookiin.<\/li>\n\n\n\n<li><strong>Kuulokemikrofoni.<\/strong> Tarvitset kuulokemikrofonin verkko-opetukseen osallistumiseen. Kannettavan tietokoneen mikrofoni ja kaiutin eiv\u00e4t riit\u00e4 hyv\u00e4nlaatuiseen verkkokokoustamiseen.<\/li>\n\n\n\n<li><strong>\u00c4lypuhelin ja\/tai tabletti<\/strong> helpottavat opiskelua. Voit k\u00e4ytt\u00e4\u00e4 niit\u00e4 mm. videoiden tekemiseen, tiedostojen editoimiseen ja selaamiseen. \u00c4lylaitetta tarvitaan my\u00f6s kaksivaiheisessa tunnistautumisessa eli kirjautumisen hyv\u00e4ksymiseen Authenticator -sovelluksen kautta. Lue lis\u00e4tietoa Authenticator -sovelluksesta <a href=\"https:\/\/help.jamk.fi\/kirjautuminen\/fi\/kaksivaiheisen-tunnistautumisen-kayttoonotto\/\">Vahvan tunnistautumisen ohjeesta<\/a><\/li>\n<\/ul>\n\n\n\n<h2 class=\"wp-block-heading\">Synkronoi ja kokeile s\u00e4hk\u00f6postiasi<\/h2>\n\n\n\n<p>Opiskelijas\u00e4hk\u00f6postin seuraaminen on todella t\u00e4rke\u00e4\u00e4, sill\u00e4 opiskelujasi koskevat viestit tulevat aina Jamkin s\u00e4hk\u00f6postiosoitteeseen. Parhaiten t\u00e4m\u00e4 onnistuu asentamalla Jamkin s\u00e4hk\u00f6postisovellus puhelimeesi.<\/p>\n\n\n\n<p>Voit periaatteessa k\u00e4ytt\u00e4\u00e4 mit\u00e4 tahansa s\u00e4hk\u00f6postiohjelmaa mobiililaitteessasi, mutta suositeltavaa on ladata Outlook Web App sovelluskaupasta.<\/p>\n\n\n\n<p> <a href=\"https:\/\/help.jamk.fi\/m365\/fi\/sahkopostipalvelut\/sahkopostiin-kirjautuminen\/\">Kuinka saan s\u00e4hk\u00f6postin puhelimeen\/tablettiin? <\/a><\/p>\n\n\n\n<p>Opiskelijoiden s\u00e4hk\u00f6postiosoitteen muoto on k\u00e4ytt\u00e4j\u00e4tunnus@student.jamk.fi <\/p>\n\n\n\n<p>S\u00e4hk\u00f6postin l\u00f6yd\u00e4t my\u00f6s selaimen avulla, kirjautumalla Jamkin s\u00e4hk\u00f6postiosoitteellasi ja salasanallasi Jamkin Microsoft 365 -palveluun.<\/p>\n\n\n\n<h2 class=\"wp-block-heading\">Asenna Office ja Zoom<\/h2>\n\n\n\n<p>Jamk tarjoaa ilmaiseksi mm. Office-sovellukset ja Zoom-ohjelman. Asenna ne laitteillesi jo ennen opintojesi alkua:<\/p>\n\n\n\n<ul class=\"wp-block-list\">\n<li>Office-sovellukset:<strong>&nbsp;<\/strong><a href=\"https:\/\/help.jamk.fi\/m365\/fi\/office-sovellukset-opiskelijoille\/\">Tutustu Helpin sivustolta Office-sovellusten asentamiseen.<\/a><\/li>\n\n\n\n<li>Zoom: <a href=\"https:\/\/help.jamk.fi\/zoom\/fi\/nain-otat-zoomin-kayttoon\/\">N\u00e4in otat Zoomin k\u00e4ytt\u00f6\u00f6n<\/a><\/li>\n<\/ul>\n\n\n\n<h2 class=\"wp-block-heading\">Lue lis\u00e4\u00e4<\/h2>\n\n\n\n<p><a href=\"https:\/\/www.jamko.fi\/jopas\/\" target=\"_blank\" rel=\"noreferrer noopener\">Opiskelijakunta JAMKOn Uuden Opiskelijan Opas<\/a><\/p>\n","protected":false},"excerpt":{"rendered":"<p>Hae k\u00e4ytt\u00e4j\u00e4tunnus ja salasana Ohjeet k\u00e4ytt\u00e4j\u00e4tunnuksen, salasanan ja kaksivaiheisen tunnistautumisen m\u00e4\u00e4ritt\u00e4miseen l\u00f6yd\u00e4t Uuden verkonk\u00e4ytt\u00e4j\u00e4n ohjeiden ensimm\u00e4isest\u00e4 aihealueesta. Hanki opinnoissa tarvittavat laitteet Verkko-opinnoissa oma tietokone ja kuulokemikrofoni ovat v\u00e4ltt\u00e4m\u00e4tt\u00f6mi\u00e4. Jos opiskelet p\u00e4\u00e4asiassa Jamkin tiloissa, voit hy\u00f6dynt\u00e4\u00e4 Jamkin opiskelijak\u00e4ytt\u00f6\u00f6n tarjoamia tietokoneita. Synkronoi ja kokeile s\u00e4hk\u00f6postiasi Opiskelijas\u00e4hk\u00f6postin seuraaminen on todella t\u00e4rke\u00e4\u00e4, sill\u00e4 opiskelujasi koskevat viestit tulevat aina Jamkin [&hellip;]<\/p>\n","protected":false},"author":59,"featured_media":0,"parent":1888,"menu_order":0,"comment_status":"closed","ping_status":"open","template":"","meta":{"_acf_changed":false,"_relevanssi_hide_post":"","_relevanssi_hide_content":"","_relevanssi_pin_for_all":"","_relevanssi_pin_keywords":"","_relevanssi_unpin_keywords":"","_relevanssi_related_keywords":"","_relevanssi_related_include_ids":"","_relevanssi_related_exclude_ids":"","_relevanssi_related_no_append":"","_relevanssi_related_not_related":"","_relevanssi_related_posts":"","_relevanssi_noindex_reason":"","footnotes":""},"categories":[1],"tags":[],"class_list":["post-1901","page","type-page","status-publish","hentry","category-uncategorised"],"acf":[],"yoast_head":"<!-- This site is optimized with the Yoast SEO plugin v27.3 - https:\/\/yoast.com\/product\/yoast-seo-wordpress\/ -->\n<title>Ennen opintojen alkua - Oppiminen<\/title>\n<meta name=\"robots\" content=\"index, follow, max-snippet:-1, max-image-preview:large, max-video-preview:-1\" \/>\n<link rel=\"canonical\" href=\"https:\/\/help.jamk.fi\/oppiminen\/fi\/uudelle-opiskelijalle\/ennen-opintojen-alkua\/\" \/>\n<meta property=\"og:locale\" content=\"fi_FI\" \/>\n<meta property=\"og:type\" content=\"article\" \/>\n<meta property=\"og:title\" content=\"Ennen opintojen alkua - Oppiminen\" \/>\n<meta property=\"og:description\" content=\"Hae k\u00e4ytt\u00e4j\u00e4tunnus ja salasana Ohjeet k\u00e4ytt\u00e4j\u00e4tunnuksen, salasanan ja kaksivaiheisen tunnistautumisen m\u00e4\u00e4ritt\u00e4miseen l\u00f6yd\u00e4t Uuden verkonk\u00e4ytt\u00e4j\u00e4n ohjeiden ensimm\u00e4isest\u00e4 aihealueesta. Hanki opinnoissa tarvittavat laitteet Verkko-opinnoissa oma tietokone ja kuulokemikrofoni ovat v\u00e4ltt\u00e4m\u00e4tt\u00f6mi\u00e4. Jos opiskelet p\u00e4\u00e4asiassa Jamkin tiloissa, voit hy\u00f6dynt\u00e4\u00e4 Jamkin opiskelijak\u00e4ytt\u00f6\u00f6n tarjoamia tietokoneita. Synkronoi ja kokeile s\u00e4hk\u00f6postiasi Opiskelijas\u00e4hk\u00f6postin seuraaminen on todella t\u00e4rke\u00e4\u00e4, sill\u00e4 opiskelujasi koskevat viestit tulevat aina Jamkin [&hellip;]\" \/>\n<meta property=\"og:url\" content=\"https:\/\/help.jamk.fi\/oppiminen\/fi\/uudelle-opiskelijalle\/ennen-opintojen-alkua\/\" \/>\n<meta property=\"og:site_name\" content=\"Oppiminen\" \/>\n<meta property=\"article:modified_time\" content=\"2025-04-03T08:09:38+00:00\" \/>\n<meta name=\"twitter:card\" content=\"summary_large_image\" \/>\n<meta name=\"twitter:label1\" content=\"Arvioitu lukuaika\" \/>\n\t<meta name=\"twitter:data1\" content=\"2 minuuttia\" \/>\n<script type=\"application\/ld+json\" class=\"yoast-schema-graph\">{\"@context\":\"https:\\\/\\\/schema.org\",\"@graph\":[{\"@type\":\"WebPage\",\"@id\":\"https:\\\/\\\/help.jamk.fi\\\/oppiminen\\\/fi\\\/uudelle-opiskelijalle\\\/ennen-opintojen-alkua\\\/\",\"url\":\"https:\\\/\\\/help.jamk.fi\\\/oppiminen\\\/fi\\\/uudelle-opiskelijalle\\\/ennen-opintojen-alkua\\\/\",\"name\":\"Ennen opintojen alkua - Oppiminen\",\"isPartOf\":{\"@id\":\"https:\\\/\\\/help.jamk.fi\\\/oppiminen\\\/#website\"},\"datePublished\":\"2019-06-17T11:50:01+00:00\",\"dateModified\":\"2025-04-03T08:09:38+00:00\",\"breadcrumb\":{\"@id\":\"https:\\\/\\\/help.jamk.fi\\\/oppiminen\\\/fi\\\/uudelle-opiskelijalle\\\/ennen-opintojen-alkua\\\/#breadcrumb\"},\"inLanguage\":\"fi\",\"potentialAction\":[{\"@type\":\"ReadAction\",\"target\":[\"https:\\\/\\\/help.jamk.fi\\\/oppiminen\\\/fi\\\/uudelle-opiskelijalle\\\/ennen-opintojen-alkua\\\/\"]}]},{\"@type\":\"BreadcrumbList\",\"@id\":\"https:\\\/\\\/help.jamk.fi\\\/oppiminen\\\/fi\\\/uudelle-opiskelijalle\\\/ennen-opintojen-alkua\\\/#breadcrumb\",\"itemListElement\":[{\"@type\":\"ListItem\",\"position\":1,\"name\":\"Home\",\"item\":\"https:\\\/\\\/help.jamk.fi\\\/oppiminen\\\/fi\\\/\"},{\"@type\":\"ListItem\",\"position\":2,\"name\":\"Uudelle opiskelijalle\",\"item\":\"https:\\\/\\\/help.jamk.fi\\\/oppiminen\\\/fi\\\/uudelle-opiskelijalle\\\/\"},{\"@type\":\"ListItem\",\"position\":3,\"name\":\"Ennen opintojen alkua\"}]},{\"@type\":\"WebSite\",\"@id\":\"https:\\\/\\\/help.jamk.fi\\\/oppiminen\\\/#website\",\"url\":\"https:\\\/\\\/help.jamk.fi\\\/oppiminen\\\/\",\"name\":\"Oppiminen\",\"description\":\"\",\"potentialAction\":[{\"@type\":\"SearchAction\",\"target\":{\"@type\":\"EntryPoint\",\"urlTemplate\":\"https:\\\/\\\/help.jamk.fi\\\/oppiminen\\\/?s={search_term_string}\"},\"query-input\":{\"@type\":\"PropertyValueSpecification\",\"valueRequired\":true,\"valueName\":\"search_term_string\"}}],\"inLanguage\":\"fi\"}]}<\/script>\n<!-- \/ Yoast SEO plugin. -->","yoast_head_json":{"title":"Ennen opintojen alkua - Oppiminen","robots":{"index":"index","follow":"follow","max-snippet":"max-snippet:-1","max-image-preview":"max-image-preview:large","max-video-preview":"max-video-preview:-1"},"canonical":"https:\/\/help.jamk.fi\/oppiminen\/fi\/uudelle-opiskelijalle\/ennen-opintojen-alkua\/","og_locale":"fi_FI","og_type":"article","og_title":"Ennen opintojen alkua - Oppiminen","og_description":"Hae k\u00e4ytt\u00e4j\u00e4tunnus ja salasana Ohjeet k\u00e4ytt\u00e4j\u00e4tunnuksen, salasanan ja kaksivaiheisen tunnistautumisen m\u00e4\u00e4ritt\u00e4miseen l\u00f6yd\u00e4t Uuden verkonk\u00e4ytt\u00e4j\u00e4n ohjeiden ensimm\u00e4isest\u00e4 aihealueesta. Hanki opinnoissa tarvittavat laitteet Verkko-opinnoissa oma tietokone ja kuulokemikrofoni ovat v\u00e4ltt\u00e4m\u00e4tt\u00f6mi\u00e4. Jos opiskelet p\u00e4\u00e4asiassa Jamkin tiloissa, voit hy\u00f6dynt\u00e4\u00e4 Jamkin opiskelijak\u00e4ytt\u00f6\u00f6n tarjoamia tietokoneita. Synkronoi ja kokeile s\u00e4hk\u00f6postiasi Opiskelijas\u00e4hk\u00f6postin seuraaminen on todella t\u00e4rke\u00e4\u00e4, sill\u00e4 opiskelujasi koskevat viestit tulevat aina Jamkin [&hellip;]","og_url":"https:\/\/help.jamk.fi\/oppiminen\/fi\/uudelle-opiskelijalle\/ennen-opintojen-alkua\/","og_site_name":"Oppiminen","article_modified_time":"2025-04-03T08:09:38+00:00","twitter_card":"summary_large_image","twitter_misc":{"Arvioitu lukuaika":"2 minuuttia"},"schema":{"@context":"https:\/\/schema.org","@graph":[{"@type":"WebPage","@id":"https:\/\/help.jamk.fi\/oppiminen\/fi\/uudelle-opiskelijalle\/ennen-opintojen-alkua\/","url":"https:\/\/help.jamk.fi\/oppiminen\/fi\/uudelle-opiskelijalle\/ennen-opintojen-alkua\/","name":"Ennen opintojen alkua - Oppiminen","isPartOf":{"@id":"https:\/\/help.jamk.fi\/oppiminen\/#website"},"datePublished":"2019-06-17T11:50:01+00:00","dateModified":"2025-04-03T08:09:38+00:00","breadcrumb":{"@id":"https:\/\/help.jamk.fi\/oppiminen\/fi\/uudelle-opiskelijalle\/ennen-opintojen-alkua\/#breadcrumb"},"inLanguage":"fi","potentialAction":[{"@type":"ReadAction","target":["https:\/\/help.jamk.fi\/oppiminen\/fi\/uudelle-opiskelijalle\/ennen-opintojen-alkua\/"]}]},{"@type":"BreadcrumbList","@id":"https:\/\/help.jamk.fi\/oppiminen\/fi\/uudelle-opiskelijalle\/ennen-opintojen-alkua\/#breadcrumb","itemListElement":[{"@type":"ListItem","position":1,"name":"Home","item":"https:\/\/help.jamk.fi\/oppiminen\/fi\/"},{"@type":"ListItem","position":2,"name":"Uudelle opiskelijalle","item":"https:\/\/help.jamk.fi\/oppiminen\/fi\/uudelle-opiskelijalle\/"},{"@type":"ListItem","position":3,"name":"Ennen opintojen alkua"}]},{"@type":"WebSite","@id":"https:\/\/help.jamk.fi\/oppiminen\/#website","url":"https:\/\/help.jamk.fi\/oppiminen\/","name":"Oppiminen","description":"","potentialAction":[{"@type":"SearchAction","target":{"@type":"EntryPoint","urlTemplate":"https:\/\/help.jamk.fi\/oppiminen\/?s={search_term_string}"},"query-input":{"@type":"PropertyValueSpecification","valueRequired":true,"valueName":"search_term_string"}}],"inLanguage":"fi"}]}},"_links":{"self":[{"href":"https:\/\/help.jamk.fi\/oppiminen\/wp-json\/wp\/v2\/pages\/1901","targetHints":{"allow":["GET"]}}],"collection":[{"href":"https:\/\/help.jamk.fi\/oppiminen\/wp-json\/wp\/v2\/pages"}],"about":[{"href":"https:\/\/help.jamk.fi\/oppiminen\/wp-json\/wp\/v2\/types\/page"}],"author":[{"embeddable":true,"href":"https:\/\/help.jamk.fi\/oppiminen\/wp-json\/wp\/v2\/users\/59"}],"replies":[{"embeddable":true,"href":"https:\/\/help.jamk.fi\/oppiminen\/wp-json\/wp\/v2\/comments?post=1901"}],"version-history":[{"count":7,"href":"https:\/\/help.jamk.fi\/oppiminen\/wp-json\/wp\/v2\/pages\/1901\/revisions"}],"predecessor-version":[{"id":2400,"href":"https:\/\/help.jamk.fi\/oppiminen\/wp-json\/wp\/v2\/pages\/1901\/revisions\/2400"}],"up":[{"embeddable":true,"href":"https:\/\/help.jamk.fi\/oppiminen\/wp-json\/wp\/v2\/pages\/1888"}],"wp:attachment":[{"href":"https:\/\/help.jamk.fi\/oppiminen\/wp-json\/wp\/v2\/media?parent=1901"}],"wp:term":[{"taxonomy":"category","embeddable":true,"href":"https:\/\/help.jamk.fi\/oppiminen\/wp-json\/wp\/v2\/categories?post=1901"},{"taxonomy":"post_tag","embeddable":true,"href":"https:\/\/help.jamk.fi\/oppiminen\/wp-json\/wp\/v2\/tags?post=1901"}],"curies":[{"name":"wp","href":"https:\/\/api.w.org\/{rel}","templated":true}]}}