{"id":1902,"date":"2019-06-17T12:46:36","date_gmt":"2019-06-17T11:46:36","guid":{"rendered":"https:\/\/help.jamk.fi\/oppiminen\/verkko-opiskelun-taidot-2\/tekijanoikeudet\/"},"modified":"2024-01-04T14:35:29","modified_gmt":"2024-01-04T12:35:29","slug":"tekijanoikeudet","status":"publish","type":"page","link":"https:\/\/help.jamk.fi\/oppiminen\/fi\/verkko-opiskelun-taidot-2\/tekijanoikeudet\/","title":{"rendered":"Tekij\u00e4noikeudet"},"content":{"rendered":"\n<p>Tekij\u00e4noikeudet liittyv\u00e4t sek\u00e4 itse tuottamiisi materiaaleihin ett\u00e4 esimerkiksi oppimisteht\u00e4viss\u00e4 tai opinn\u00e4ytety\u00f6ss\u00e4 k\u00e4ytt\u00e4miesi muiden tuottamien materiaalien tekij\u00e4noikeuksiin. Keskeist\u00e4 on kunnioittaa tekij\u00e4noikeuksia kaikissa tilanteissa. Tekij\u00e4noikeuslaki&nbsp;on kaiken tekij\u00e4noikeuksiin liittyv\u00e4n perusta ja Kopioston sivuilla voit tutustua tekij\u00e4noikeuksien keskeisiin n\u00e4k\u00f6kulmiin.<\/p>\n\n\n\n<p>Jos tarvitset kuvitusta esimerkiksi oppimisteht\u00e4v\u00e4\u00e4 tai esitelm\u00e4\u00e4 varten, sinun kannattaa hy\u00f6dynt\u00e4\u00e4 kuvapankkeja, jotka tarjoavat tekij\u00e4noikeuksista vapaita kuvia. Esimerkiksi Pixabay on t\u00e4llainen kuvapankki. Vaikka Pixabay ei vaadi tekij\u00e4n mainitsemista, kuvapankista lataamiesi kuvien yhteyteen on hyv\u00e4 merkit\u00e4 kuval\u00e4hteeksi Pixabay, jotta et anna kuvia k\u00e4ytt\u00e4m\u00e4ll\u00e4 sellaista vaikutelmaa, ett\u00e4 kuvat olisivat sinun itsesi ottamia.<\/p>\n\n\n\n<p>Voit tarvita esimerkiksi oppimisteht\u00e4v\u00e4\u00e4 varten kuvien lis\u00e4ksi my\u00f6s vaikkapa musiikkia tai videoita. T\u00e4ll\u00f6in kannattaa hy\u00f6dynt\u00e4\u00e4 esimerkiksi Googlen hakukoneen tarkennettua hakua ja tehd\u00e4 hakulomakkeen lopussa lisenssirajaus materiaalin k\u00e4ytt\u00f6oikeuksiin. Kun puhutaan lisenssirajauksista, tarkoitetaan Creative Commons lisenssej\u00e4, joiden&nbsp;avulla teoksen tekij\u00e4 voi jakaa k\u00e4ytt\u00f6oikeuksia niiss\u00e4 rajoissa, jotka h\u00e4n itse m\u00e4\u00e4ritt\u00e4\u00e4 CC-lisenssiin. Voit halutessasi merkit\u00e4 my\u00f6s omia tuotoksiasi CC-lisensseill\u00e4 ja n\u00e4in jakaa omaa osaamistasi.<\/p>\n\n\n\n<p>Kun kuvaat itse, pyyd\u00e4 esimerkiksi videolla esiintyvilt\u00e4 henkil\u00f6ilt\u00e4 lupa videon julkaisuun. Luvan kysymisen lis\u00e4ksi on hyv\u00e4 huomioida, ett\u00e4 kuvaat vain sellaista materiaalia, jossa kuvattavat esitet\u00e4\u00e4n my\u00f6nteisess\u00e4 valossa. Jamkin videokuvauspalvelun sivuilta l\u00f6yd\u00e4t tarkempia ohjeita tekij\u00e4noikeuksista ja kuvausluvista.<\/p>\n\n\n\n<p>Jamkissa on k\u00e4yt\u00f6ss\u00e4 tekstin samankaltaisuuden tarkistamiseen Turnitin Similarity. Turnitin vertaa palautettua teksti\u00e4 Internetist\u00e4 ja tietokannastaan l\u00f6ytyv\u00e4\u00e4n materiaaliin ja ilmoittaa samankaltaisuudesta, jos se sit\u00e4 havaitsee. Opettaja voi ottaa Turnitinin k\u00e4ytt\u00f6\u00f6n Moodlessa ja Teamsissa. Kun palautat oppimisteht\u00e4v\u00e4n Turnitin-j\u00e4rjestelm\u00e4\u00e4n, se hy\u00f6dynt\u00e4\u00e4 t\u00e4t\u00e4 tietoa tulevissa vertailuissa ja suojaa n\u00e4in ty\u00f6t\u00e4si, jotta muut eiv\u00e4t pysty plagioimaan sit\u00e4.<\/p>\n\n\n\n<p>Linkkej\u00e4 tekstiss\u00e4 mainittuihin lis\u00e4tietoihin:<\/p>\n\n\n\n<ul class=\"wp-block-list\">\n<li><a rel=\"noreferrer noopener\" href=\"https:\/\/finlex.fi\/fi\/laki\/ajantasa\/1961\/19610404\" target=\"_blank\">Tekij\u00e4noikeuslaki<\/a><\/li>\n\n\n\n<li><a rel=\"noreferrer noopener\" href=\"http:\/\/www.kopiosto.fi\/kopiosto\/tietoa_tekijanoikeudesta\/tekijanoikeuden_perusteet\/fi_FI\/tekijanoikeuden_perusteet\/\" target=\"_blank\">Tekij\u00e4noikeuksien keskeiset n\u00e4k\u00f6kulmat (Kopiosto)<\/a><\/li>\n\n\n\n<li><a rel=\"noreferrer noopener\" href=\"https:\/\/www.google.fi\/advanced_search?hl=fi-FI&amp;fg=1\" target=\"_blank\">Googlen tarkennettu haku<\/a><\/li>\n\n\n\n<li><a rel=\"noreferrer noopener\" href=\"http:\/\/creativecommons.fi\/lisenssit\/\" target=\"_blank\">Creative Commons -lisenssit<\/a><\/li>\n\n\n\n<li><a href=\"https:\/\/intra.jamk.fi\/opiskelijat\/ohjaus-ja-tuki\/av-palvelut\/Sivut\/Kuvauspalvelu.aspx\" target=\"_blank\" rel=\"noreferrer noopener\">Jamkin videokuvauspalvelujen tuottamaa tietoa tekij\u00e4noikeuksista ja kuvausluvista<\/a><\/li>\n<\/ul>\n","protected":false},"excerpt":{"rendered":"<p>Tekij\u00e4noikeudet liittyv\u00e4t sek\u00e4 itse tuottamiisi materiaaleihin ett\u00e4 esimerkiksi oppimisteht\u00e4viss\u00e4 tai opinn\u00e4ytety\u00f6ss\u00e4 k\u00e4ytt\u00e4miesi muiden tuottamien materiaalien tekij\u00e4noikeuksiin. Keskeist\u00e4 on kunnioittaa tekij\u00e4noikeuksia kaikissa tilanteissa. Tekij\u00e4noikeuslaki&nbsp;on kaiken tekij\u00e4noikeuksiin liittyv\u00e4n perusta ja Kopioston sivuilla voit tutustua tekij\u00e4noikeuksien keskeisiin n\u00e4k\u00f6kulmiin. Jos tarvitset kuvitusta esimerkiksi oppimisteht\u00e4v\u00e4\u00e4 tai esitelm\u00e4\u00e4 varten, sinun kannattaa hy\u00f6dynt\u00e4\u00e4 kuvapankkeja, jotka tarjoavat tekij\u00e4noikeuksista vapaita kuvia. Esimerkiksi Pixabay on [&hellip;]<\/p>\n","protected":false},"author":72,"featured_media":0,"parent":1889,"menu_order":15,"comment_status":"closed","ping_status":"closed","template":"","meta":{"_acf_changed":false,"_relevanssi_hide_post":"","_relevanssi_hide_content":"","_relevanssi_pin_for_all":"","_relevanssi_pin_keywords":"","_relevanssi_unpin_keywords":"","_relevanssi_related_keywords":"","_relevanssi_related_include_ids":"","_relevanssi_related_exclude_ids":"","_relevanssi_related_no_append":"","_relevanssi_related_not_related":"","_relevanssi_related_posts":"","_relevanssi_noindex_reason":"","footnotes":""},"categories":[1],"tags":[],"class_list":["post-1902","page","type-page","status-publish","hentry","category-uncategorised"],"acf":[],"yoast_head":"<!-- This site is optimized with the Yoast SEO plugin v27.3 - https:\/\/yoast.com\/product\/yoast-seo-wordpress\/ -->\n<title>Tekij\u00e4noikeudet - Oppiminen<\/title>\n<meta name=\"robots\" content=\"index, follow, max-snippet:-1, max-image-preview:large, max-video-preview:-1\" \/>\n<link rel=\"canonical\" href=\"https:\/\/help.jamk.fi\/oppiminen\/fi\/verkko-opiskelun-taidot-2\/tekijanoikeudet\/\" \/>\n<meta property=\"og:locale\" content=\"fi_FI\" \/>\n<meta property=\"og:type\" content=\"article\" \/>\n<meta property=\"og:title\" content=\"Tekij\u00e4noikeudet - Oppiminen\" \/>\n<meta property=\"og:description\" content=\"Tekij\u00e4noikeudet liittyv\u00e4t sek\u00e4 itse tuottamiisi materiaaleihin ett\u00e4 esimerkiksi oppimisteht\u00e4viss\u00e4 tai opinn\u00e4ytety\u00f6ss\u00e4 k\u00e4ytt\u00e4miesi muiden tuottamien materiaalien tekij\u00e4noikeuksiin. Keskeist\u00e4 on kunnioittaa tekij\u00e4noikeuksia kaikissa tilanteissa. Tekij\u00e4noikeuslaki&nbsp;on kaiken tekij\u00e4noikeuksiin liittyv\u00e4n perusta ja Kopioston sivuilla voit tutustua tekij\u00e4noikeuksien keskeisiin n\u00e4k\u00f6kulmiin. Jos tarvitset kuvitusta esimerkiksi oppimisteht\u00e4v\u00e4\u00e4 tai esitelm\u00e4\u00e4 varten, sinun kannattaa hy\u00f6dynt\u00e4\u00e4 kuvapankkeja, jotka tarjoavat tekij\u00e4noikeuksista vapaita kuvia. Esimerkiksi Pixabay on [&hellip;]\" \/>\n<meta property=\"og:url\" content=\"https:\/\/help.jamk.fi\/oppiminen\/fi\/verkko-opiskelun-taidot-2\/tekijanoikeudet\/\" \/>\n<meta property=\"og:site_name\" content=\"Oppiminen\" \/>\n<meta property=\"article:modified_time\" content=\"2024-01-04T12:35:29+00:00\" \/>\n<meta name=\"twitter:card\" content=\"summary_large_image\" \/>\n<meta name=\"twitter:label1\" content=\"Arvioitu lukuaika\" \/>\n\t<meta name=\"twitter:data1\" content=\"2 minuuttia\" \/>\n<script type=\"application\/ld+json\" class=\"yoast-schema-graph\">{\"@context\":\"https:\\\/\\\/schema.org\",\"@graph\":[{\"@type\":\"WebPage\",\"@id\":\"https:\\\/\\\/help.jamk.fi\\\/oppiminen\\\/fi\\\/verkko-opiskelun-taidot-2\\\/tekijanoikeudet\\\/\",\"url\":\"https:\\\/\\\/help.jamk.fi\\\/oppiminen\\\/fi\\\/verkko-opiskelun-taidot-2\\\/tekijanoikeudet\\\/\",\"name\":\"Tekij\u00e4noikeudet - Oppiminen\",\"isPartOf\":{\"@id\":\"https:\\\/\\\/help.jamk.fi\\\/oppiminen\\\/#website\"},\"datePublished\":\"2019-06-17T11:46:36+00:00\",\"dateModified\":\"2024-01-04T12:35:29+00:00\",\"breadcrumb\":{\"@id\":\"https:\\\/\\\/help.jamk.fi\\\/oppiminen\\\/fi\\\/verkko-opiskelun-taidot-2\\\/tekijanoikeudet\\\/#breadcrumb\"},\"inLanguage\":\"fi\",\"potentialAction\":[{\"@type\":\"ReadAction\",\"target\":[\"https:\\\/\\\/help.jamk.fi\\\/oppiminen\\\/fi\\\/verkko-opiskelun-taidot-2\\\/tekijanoikeudet\\\/\"]}]},{\"@type\":\"BreadcrumbList\",\"@id\":\"https:\\\/\\\/help.jamk.fi\\\/oppiminen\\\/fi\\\/verkko-opiskelun-taidot-2\\\/tekijanoikeudet\\\/#breadcrumb\",\"itemListElement\":[{\"@type\":\"ListItem\",\"position\":1,\"name\":\"Home\",\"item\":\"https:\\\/\\\/help.jamk.fi\\\/oppiminen\\\/fi\\\/\"},{\"@type\":\"ListItem\",\"position\":2,\"name\":\"Opiskelijan digitaidot\",\"item\":\"https:\\\/\\\/help.jamk.fi\\\/oppiminen\\\/fi\\\/verkko-opiskelun-taidot-2\\\/\"},{\"@type\":\"ListItem\",\"position\":3,\"name\":\"Tekij\u00e4noikeudet\"}]},{\"@type\":\"WebSite\",\"@id\":\"https:\\\/\\\/help.jamk.fi\\\/oppiminen\\\/#website\",\"url\":\"https:\\\/\\\/help.jamk.fi\\\/oppiminen\\\/\",\"name\":\"Oppiminen\",\"description\":\"\",\"potentialAction\":[{\"@type\":\"SearchAction\",\"target\":{\"@type\":\"EntryPoint\",\"urlTemplate\":\"https:\\\/\\\/help.jamk.fi\\\/oppiminen\\\/?s={search_term_string}\"},\"query-input\":{\"@type\":\"PropertyValueSpecification\",\"valueRequired\":true,\"valueName\":\"search_term_string\"}}],\"inLanguage\":\"fi\"}]}<\/script>\n<!-- \/ Yoast SEO plugin. -->","yoast_head_json":{"title":"Tekij\u00e4noikeudet - Oppiminen","robots":{"index":"index","follow":"follow","max-snippet":"max-snippet:-1","max-image-preview":"max-image-preview:large","max-video-preview":"max-video-preview:-1"},"canonical":"https:\/\/help.jamk.fi\/oppiminen\/fi\/verkko-opiskelun-taidot-2\/tekijanoikeudet\/","og_locale":"fi_FI","og_type":"article","og_title":"Tekij\u00e4noikeudet - Oppiminen","og_description":"Tekij\u00e4noikeudet liittyv\u00e4t sek\u00e4 itse tuottamiisi materiaaleihin ett\u00e4 esimerkiksi oppimisteht\u00e4viss\u00e4 tai opinn\u00e4ytety\u00f6ss\u00e4 k\u00e4ytt\u00e4miesi muiden tuottamien materiaalien tekij\u00e4noikeuksiin. Keskeist\u00e4 on kunnioittaa tekij\u00e4noikeuksia kaikissa tilanteissa. Tekij\u00e4noikeuslaki&nbsp;on kaiken tekij\u00e4noikeuksiin liittyv\u00e4n perusta ja Kopioston sivuilla voit tutustua tekij\u00e4noikeuksien keskeisiin n\u00e4k\u00f6kulmiin. Jos tarvitset kuvitusta esimerkiksi oppimisteht\u00e4v\u00e4\u00e4 tai esitelm\u00e4\u00e4 varten, sinun kannattaa hy\u00f6dynt\u00e4\u00e4 kuvapankkeja, jotka tarjoavat tekij\u00e4noikeuksista vapaita kuvia. Esimerkiksi Pixabay on [&hellip;]","og_url":"https:\/\/help.jamk.fi\/oppiminen\/fi\/verkko-opiskelun-taidot-2\/tekijanoikeudet\/","og_site_name":"Oppiminen","article_modified_time":"2024-01-04T12:35:29+00:00","twitter_card":"summary_large_image","twitter_misc":{"Arvioitu lukuaika":"2 minuuttia"},"schema":{"@context":"https:\/\/schema.org","@graph":[{"@type":"WebPage","@id":"https:\/\/help.jamk.fi\/oppiminen\/fi\/verkko-opiskelun-taidot-2\/tekijanoikeudet\/","url":"https:\/\/help.jamk.fi\/oppiminen\/fi\/verkko-opiskelun-taidot-2\/tekijanoikeudet\/","name":"Tekij\u00e4noikeudet - Oppiminen","isPartOf":{"@id":"https:\/\/help.jamk.fi\/oppiminen\/#website"},"datePublished":"2019-06-17T11:46:36+00:00","dateModified":"2024-01-04T12:35:29+00:00","breadcrumb":{"@id":"https:\/\/help.jamk.fi\/oppiminen\/fi\/verkko-opiskelun-taidot-2\/tekijanoikeudet\/#breadcrumb"},"inLanguage":"fi","potentialAction":[{"@type":"ReadAction","target":["https:\/\/help.jamk.fi\/oppiminen\/fi\/verkko-opiskelun-taidot-2\/tekijanoikeudet\/"]}]},{"@type":"BreadcrumbList","@id":"https:\/\/help.jamk.fi\/oppiminen\/fi\/verkko-opiskelun-taidot-2\/tekijanoikeudet\/#breadcrumb","itemListElement":[{"@type":"ListItem","position":1,"name":"Home","item":"https:\/\/help.jamk.fi\/oppiminen\/fi\/"},{"@type":"ListItem","position":2,"name":"Opiskelijan digitaidot","item":"https:\/\/help.jamk.fi\/oppiminen\/fi\/verkko-opiskelun-taidot-2\/"},{"@type":"ListItem","position":3,"name":"Tekij\u00e4noikeudet"}]},{"@type":"WebSite","@id":"https:\/\/help.jamk.fi\/oppiminen\/#website","url":"https:\/\/help.jamk.fi\/oppiminen\/","name":"Oppiminen","description":"","potentialAction":[{"@type":"SearchAction","target":{"@type":"EntryPoint","urlTemplate":"https:\/\/help.jamk.fi\/oppiminen\/?s={search_term_string}"},"query-input":{"@type":"PropertyValueSpecification","valueRequired":true,"valueName":"search_term_string"}}],"inLanguage":"fi"}]}},"_links":{"self":[{"href":"https:\/\/help.jamk.fi\/oppiminen\/wp-json\/wp\/v2\/pages\/1902","targetHints":{"allow":["GET"]}}],"collection":[{"href":"https:\/\/help.jamk.fi\/oppiminen\/wp-json\/wp\/v2\/pages"}],"about":[{"href":"https:\/\/help.jamk.fi\/oppiminen\/wp-json\/wp\/v2\/types\/page"}],"author":[{"embeddable":true,"href":"https:\/\/help.jamk.fi\/oppiminen\/wp-json\/wp\/v2\/users\/72"}],"replies":[{"embeddable":true,"href":"https:\/\/help.jamk.fi\/oppiminen\/wp-json\/wp\/v2\/comments?post=1902"}],"version-history":[{"count":1,"href":"https:\/\/help.jamk.fi\/oppiminen\/wp-json\/wp\/v2\/pages\/1902\/revisions"}],"predecessor-version":[{"id":1937,"href":"https:\/\/help.jamk.fi\/oppiminen\/wp-json\/wp\/v2\/pages\/1902\/revisions\/1937"}],"up":[{"embeddable":true,"href":"https:\/\/help.jamk.fi\/oppiminen\/wp-json\/wp\/v2\/pages\/1889"}],"wp:attachment":[{"href":"https:\/\/help.jamk.fi\/oppiminen\/wp-json\/wp\/v2\/media?parent=1902"}],"wp:term":[{"taxonomy":"category","embeddable":true,"href":"https:\/\/help.jamk.fi\/oppiminen\/wp-json\/wp\/v2\/categories?post=1902"},{"taxonomy":"post_tag","embeddable":true,"href":"https:\/\/help.jamk.fi\/oppiminen\/wp-json\/wp\/v2\/tags?post=1902"}],"curies":[{"name":"wp","href":"https:\/\/api.w.org\/{rel}","templated":true}]}}