{"id":1903,"date":"2019-06-20T06:41:09","date_gmt":"2019-06-20T05:41:09","guid":{"rendered":"https:\/\/help.jamk.fi\/oppiminen\/viestinta-ja-yhdessa-tekeminen\/esittaminen-ja-esitykset\/"},"modified":"2024-01-04T15:47:35","modified_gmt":"2024-01-04T13:47:35","slug":"esittaminen-ja-esitykset","status":"publish","type":"page","link":"https:\/\/help.jamk.fi\/oppiminen\/fi\/viestinta-ja-yhdessa-tekeminen\/esittaminen-ja-esitykset\/","title":{"rendered":"Esitt\u00e4minen ja esitykset"},"content":{"rendered":"\n<p>Opintojaksoilla raportointi ei tapahdu en\u00e4\u00e4 pelk\u00e4st\u00e4\u00e4n perinteisten kirjoitettujen dokumenttien avulla, vaan palautettava materiaali voi olla my\u00f6s esitys tai video. Esitysmateriaalin tekoon k\u00e4ytet\u00e4\u00e4n yleisimmin PowerPointia, mutta my\u00f6s muiden ohjelmien kuten Prezin k\u00e4ytt\u00f6 on mahdollista. Videoiden tekemiseen on useita eri mahdollisuuksia. Joissakin tapauksissa video tehd\u00e4\u00e4n suoraan oppimisymp\u00e4rist\u00f6\u00f6n nauhoitusty\u00f6kalulla, mutta videon voi tehd\u00e4 my\u00f6s itse k\u00e4ytt\u00e4en esimerkiksi kannettavaa tietokonetta, k\u00e4nnykk\u00e4\u00e4 tai tablettia. <br><\/p>\n\n\n\n<p><a href=\"https:\/\/help.jamk.fi\/oppiminen\/fi\/verkko-opiskelun-ymparistot\/video-oppimistehtavana\/\">Tutustu Videot oppimisteht\u00e4v\u00e4n\u00e4 -sivuun<\/a><\/p>\n\n\n\n\n\n<p><a aria-label=\"Ohje Swayn k\u00e4ytt\u00f6\u00f6n (Microsoftin pikaopas) (avautuu uudessa v\u00e4lilehdess\u00e4)\" rel=\"noreferrer noopener\" href=\"https:\/\/support.office.com\/fi-fi\/article\/sis\u00e4\u00e4nkirjautuminen-swayhin-b60d6dc4-d2bc-4740-ab1d-e2c4071dca03?ui=fi-FI&amp;rs=fi-FI&amp;ad=FI\" target=\"_blank\">Ohje Swayn k\u00e4ytt\u00f6\u00f6n (Microsoftin pikaopas)<\/a><\/p>\n","protected":false},"excerpt":{"rendered":"<p>Opintojaksoilla raportointi ei tapahdu en\u00e4\u00e4 pelk\u00e4st\u00e4\u00e4n perinteisten kirjoitettujen dokumenttien avulla, vaan palautettava materiaali voi olla my\u00f6s esitys tai video. Esitysmateriaalin tekoon k\u00e4ytet\u00e4\u00e4n yleisimmin PowerPointia, mutta my\u00f6s muiden ohjelmien kuten Prezin k\u00e4ytt\u00f6 on mahdollista. Videoiden tekemiseen on useita eri mahdollisuuksia. Joissakin tapauksissa video tehd\u00e4\u00e4n suoraan oppimisymp\u00e4rist\u00f6\u00f6n nauhoitusty\u00f6kalulla, mutta videon voi tehd\u00e4 my\u00f6s itse k\u00e4ytt\u00e4en esimerkiksi kannettavaa [&hellip;]<\/p>\n","protected":false},"author":73,"featured_media":0,"parent":1891,"menu_order":10,"comment_status":"closed","ping_status":"closed","template":"","meta":{"_acf_changed":false,"_relevanssi_hide_post":"","_relevanssi_hide_content":"","_relevanssi_pin_for_all":"","_relevanssi_pin_keywords":"","_relevanssi_unpin_keywords":"","_relevanssi_related_keywords":"","_relevanssi_related_include_ids":"","_relevanssi_related_exclude_ids":"","_relevanssi_related_no_append":"","_relevanssi_related_not_related":"","_relevanssi_related_posts":"","_relevanssi_noindex_reason":"","footnotes":""},"categories":[1],"tags":[],"class_list":["post-1903","page","type-page","status-publish","hentry","category-uncategorised"],"acf":[],"yoast_head":"<!-- This site is optimized with the Yoast SEO plugin v27.3 - https:\/\/yoast.com\/product\/yoast-seo-wordpress\/ -->\n<title>Esitt\u00e4minen ja esitykset - Oppiminen<\/title>\n<meta name=\"robots\" content=\"index, follow, max-snippet:-1, max-image-preview:large, max-video-preview:-1\" \/>\n<link rel=\"canonical\" href=\"https:\/\/help.jamk.fi\/oppiminen\/fi\/viestinta-ja-yhdessa-tekeminen\/esittaminen-ja-esitykset\/\" \/>\n<meta property=\"og:locale\" content=\"fi_FI\" \/>\n<meta property=\"og:type\" content=\"article\" \/>\n<meta property=\"og:title\" content=\"Esitt\u00e4minen ja esitykset - Oppiminen\" \/>\n<meta property=\"og:description\" content=\"Opintojaksoilla raportointi ei tapahdu en\u00e4\u00e4 pelk\u00e4st\u00e4\u00e4n perinteisten kirjoitettujen dokumenttien avulla, vaan palautettava materiaali voi olla my\u00f6s esitys tai video. Esitysmateriaalin tekoon k\u00e4ytet\u00e4\u00e4n yleisimmin PowerPointia, mutta my\u00f6s muiden ohjelmien kuten Prezin k\u00e4ytt\u00f6 on mahdollista. Videoiden tekemiseen on useita eri mahdollisuuksia. Joissakin tapauksissa video tehd\u00e4\u00e4n suoraan oppimisymp\u00e4rist\u00f6\u00f6n nauhoitusty\u00f6kalulla, mutta videon voi tehd\u00e4 my\u00f6s itse k\u00e4ytt\u00e4en esimerkiksi kannettavaa [&hellip;]\" \/>\n<meta property=\"og:url\" content=\"https:\/\/help.jamk.fi\/oppiminen\/fi\/viestinta-ja-yhdessa-tekeminen\/esittaminen-ja-esitykset\/\" \/>\n<meta property=\"og:site_name\" content=\"Oppiminen\" \/>\n<meta property=\"article:modified_time\" content=\"2024-01-04T13:47:35+00:00\" \/>\n<meta name=\"twitter:card\" content=\"summary_large_image\" \/>\n<script type=\"application\/ld+json\" class=\"yoast-schema-graph\">{\"@context\":\"https:\\\/\\\/schema.org\",\"@graph\":[{\"@type\":\"WebPage\",\"@id\":\"https:\\\/\\\/help.jamk.fi\\\/oppiminen\\\/fi\\\/viestinta-ja-yhdessa-tekeminen\\\/esittaminen-ja-esitykset\\\/\",\"url\":\"https:\\\/\\\/help.jamk.fi\\\/oppiminen\\\/fi\\\/viestinta-ja-yhdessa-tekeminen\\\/esittaminen-ja-esitykset\\\/\",\"name\":\"Esitt\u00e4minen ja esitykset - Oppiminen\",\"isPartOf\":{\"@id\":\"https:\\\/\\\/help.jamk.fi\\\/oppiminen\\\/#website\"},\"datePublished\":\"2019-06-20T05:41:09+00:00\",\"dateModified\":\"2024-01-04T13:47:35+00:00\",\"breadcrumb\":{\"@id\":\"https:\\\/\\\/help.jamk.fi\\\/oppiminen\\\/fi\\\/viestinta-ja-yhdessa-tekeminen\\\/esittaminen-ja-esitykset\\\/#breadcrumb\"},\"inLanguage\":\"fi\",\"potentialAction\":[{\"@type\":\"ReadAction\",\"target\":[\"https:\\\/\\\/help.jamk.fi\\\/oppiminen\\\/fi\\\/viestinta-ja-yhdessa-tekeminen\\\/esittaminen-ja-esitykset\\\/\"]}]},{\"@type\":\"BreadcrumbList\",\"@id\":\"https:\\\/\\\/help.jamk.fi\\\/oppiminen\\\/fi\\\/viestinta-ja-yhdessa-tekeminen\\\/esittaminen-ja-esitykset\\\/#breadcrumb\",\"itemListElement\":[{\"@type\":\"ListItem\",\"position\":1,\"name\":\"Home\",\"item\":\"https:\\\/\\\/help.jamk.fi\\\/oppiminen\\\/fi\\\/\"},{\"@type\":\"ListItem\",\"position\":2,\"name\":\"Ryhm\u00e4ty\u00f6skentely ja yhteistuottaminen\",\"item\":\"https:\\\/\\\/help.jamk.fi\\\/oppiminen\\\/fi\\\/viestinta-ja-yhdessa-tekeminen\\\/\"},{\"@type\":\"ListItem\",\"position\":3,\"name\":\"Esitt\u00e4minen ja esitykset\"}]},{\"@type\":\"WebSite\",\"@id\":\"https:\\\/\\\/help.jamk.fi\\\/oppiminen\\\/#website\",\"url\":\"https:\\\/\\\/help.jamk.fi\\\/oppiminen\\\/\",\"name\":\"Oppiminen\",\"description\":\"\",\"potentialAction\":[{\"@type\":\"SearchAction\",\"target\":{\"@type\":\"EntryPoint\",\"urlTemplate\":\"https:\\\/\\\/help.jamk.fi\\\/oppiminen\\\/?s={search_term_string}\"},\"query-input\":{\"@type\":\"PropertyValueSpecification\",\"valueRequired\":true,\"valueName\":\"search_term_string\"}}],\"inLanguage\":\"fi\"}]}<\/script>\n<!-- \/ Yoast SEO plugin. -->","yoast_head_json":{"title":"Esitt\u00e4minen ja esitykset - Oppiminen","robots":{"index":"index","follow":"follow","max-snippet":"max-snippet:-1","max-image-preview":"max-image-preview:large","max-video-preview":"max-video-preview:-1"},"canonical":"https:\/\/help.jamk.fi\/oppiminen\/fi\/viestinta-ja-yhdessa-tekeminen\/esittaminen-ja-esitykset\/","og_locale":"fi_FI","og_type":"article","og_title":"Esitt\u00e4minen ja esitykset - Oppiminen","og_description":"Opintojaksoilla raportointi ei tapahdu en\u00e4\u00e4 pelk\u00e4st\u00e4\u00e4n perinteisten kirjoitettujen dokumenttien avulla, vaan palautettava materiaali voi olla my\u00f6s esitys tai video. Esitysmateriaalin tekoon k\u00e4ytet\u00e4\u00e4n yleisimmin PowerPointia, mutta my\u00f6s muiden ohjelmien kuten Prezin k\u00e4ytt\u00f6 on mahdollista. Videoiden tekemiseen on useita eri mahdollisuuksia. Joissakin tapauksissa video tehd\u00e4\u00e4n suoraan oppimisymp\u00e4rist\u00f6\u00f6n nauhoitusty\u00f6kalulla, mutta videon voi tehd\u00e4 my\u00f6s itse k\u00e4ytt\u00e4en esimerkiksi kannettavaa [&hellip;]","og_url":"https:\/\/help.jamk.fi\/oppiminen\/fi\/viestinta-ja-yhdessa-tekeminen\/esittaminen-ja-esitykset\/","og_site_name":"Oppiminen","article_modified_time":"2024-01-04T13:47:35+00:00","twitter_card":"summary_large_image","schema":{"@context":"https:\/\/schema.org","@graph":[{"@type":"WebPage","@id":"https:\/\/help.jamk.fi\/oppiminen\/fi\/viestinta-ja-yhdessa-tekeminen\/esittaminen-ja-esitykset\/","url":"https:\/\/help.jamk.fi\/oppiminen\/fi\/viestinta-ja-yhdessa-tekeminen\/esittaminen-ja-esitykset\/","name":"Esitt\u00e4minen ja esitykset - Oppiminen","isPartOf":{"@id":"https:\/\/help.jamk.fi\/oppiminen\/#website"},"datePublished":"2019-06-20T05:41:09+00:00","dateModified":"2024-01-04T13:47:35+00:00","breadcrumb":{"@id":"https:\/\/help.jamk.fi\/oppiminen\/fi\/viestinta-ja-yhdessa-tekeminen\/esittaminen-ja-esitykset\/#breadcrumb"},"inLanguage":"fi","potentialAction":[{"@type":"ReadAction","target":["https:\/\/help.jamk.fi\/oppiminen\/fi\/viestinta-ja-yhdessa-tekeminen\/esittaminen-ja-esitykset\/"]}]},{"@type":"BreadcrumbList","@id":"https:\/\/help.jamk.fi\/oppiminen\/fi\/viestinta-ja-yhdessa-tekeminen\/esittaminen-ja-esitykset\/#breadcrumb","itemListElement":[{"@type":"ListItem","position":1,"name":"Home","item":"https:\/\/help.jamk.fi\/oppiminen\/fi\/"},{"@type":"ListItem","position":2,"name":"Ryhm\u00e4ty\u00f6skentely ja yhteistuottaminen","item":"https:\/\/help.jamk.fi\/oppiminen\/fi\/viestinta-ja-yhdessa-tekeminen\/"},{"@type":"ListItem","position":3,"name":"Esitt\u00e4minen ja esitykset"}]},{"@type":"WebSite","@id":"https:\/\/help.jamk.fi\/oppiminen\/#website","url":"https:\/\/help.jamk.fi\/oppiminen\/","name":"Oppiminen","description":"","potentialAction":[{"@type":"SearchAction","target":{"@type":"EntryPoint","urlTemplate":"https:\/\/help.jamk.fi\/oppiminen\/?s={search_term_string}"},"query-input":{"@type":"PropertyValueSpecification","valueRequired":true,"valueName":"search_term_string"}}],"inLanguage":"fi"}]}},"_links":{"self":[{"href":"https:\/\/help.jamk.fi\/oppiminen\/wp-json\/wp\/v2\/pages\/1903","targetHints":{"allow":["GET"]}}],"collection":[{"href":"https:\/\/help.jamk.fi\/oppiminen\/wp-json\/wp\/v2\/pages"}],"about":[{"href":"https:\/\/help.jamk.fi\/oppiminen\/wp-json\/wp\/v2\/types\/page"}],"author":[{"embeddable":true,"href":"https:\/\/help.jamk.fi\/oppiminen\/wp-json\/wp\/v2\/users\/73"}],"replies":[{"embeddable":true,"href":"https:\/\/help.jamk.fi\/oppiminen\/wp-json\/wp\/v2\/comments?post=1903"}],"version-history":[{"count":1,"href":"https:\/\/help.jamk.fi\/oppiminen\/wp-json\/wp\/v2\/pages\/1903\/revisions"}],"predecessor-version":[{"id":1941,"href":"https:\/\/help.jamk.fi\/oppiminen\/wp-json\/wp\/v2\/pages\/1903\/revisions\/1941"}],"up":[{"embeddable":true,"href":"https:\/\/help.jamk.fi\/oppiminen\/wp-json\/wp\/v2\/pages\/1891"}],"wp:attachment":[{"href":"https:\/\/help.jamk.fi\/oppiminen\/wp-json\/wp\/v2\/media?parent=1903"}],"wp:term":[{"taxonomy":"category","embeddable":true,"href":"https:\/\/help.jamk.fi\/oppiminen\/wp-json\/wp\/v2\/categories?post=1903"},{"taxonomy":"post_tag","embeddable":true,"href":"https:\/\/help.jamk.fi\/oppiminen\/wp-json\/wp\/v2\/tags?post=1903"}],"curies":[{"name":"wp","href":"https:\/\/api.w.org\/{rel}","templated":true}]}}