{"id":1904,"date":"2019-12-02T07:47:11","date_gmt":"2019-12-02T07:47:11","guid":{"rendered":"https:\/\/help.jamk.fi\/oppiminen\/verkko-opiskelun-taidot-2\/tietosuoja\/"},"modified":"2024-01-09T13:34:07","modified_gmt":"2024-01-09T11:34:07","slug":"tietosuoja","status":"publish","type":"page","link":"https:\/\/help.jamk.fi\/oppiminen\/fi\/verkko-opiskelun-taidot-2\/tietosuoja\/","title":{"rendered":"Tietosuoja"},"content":{"rendered":"\n<p>Tietosuoja tarkoittaa henkil\u00f6tietojen k\u00e4sittely\u00e4 koskevien vaatimusten huomioimista. <\/p>\n\n\n\n<p><a href=\"https:\/\/help.jamk.fi\/tietosuoja\/fi\/\">Tutustu tietosuojak\u00e4yt\u00e4nteisiin Jamkissa (Helpin sivusto).<\/a><\/p>\n\n\n\n<p>Kirjautumalla Jamkin opiskelijaintraan, l\u00f6yd\u00e4t kattavan paketin tietosuojasta ja tietoturvasta. Tutustu <a href=\"https:\/\/jamkstudent.sharepoint.com\/sites\/Tietosuoja-ja-tietoturva-Elmo\">Opiskelijan tietosuojaan (vaatii kirjautumisen).<\/a><\/p>\n\n\n\n<blockquote class=\"wp-block-quote is-layout-flow wp-block-quote-is-layout-flow\">\n<p><em>&#8221;Tietosuoja turvaa oikeutesi henkil\u00f6tietoja k\u00e4sitelt\u00e4ess\u00e4.&#8221;<\/em><\/p>\n<cite><a rel=\"noreferrer noopener\" href=\"https:\/\/tietosuoja.fi\/tietosuoja\" target=\"_blank\">Tietosuojavaltuutetun toimisto<\/a><\/cite><\/blockquote>\n","protected":false},"excerpt":{"rendered":"<p>Tietosuoja tarkoittaa henkil\u00f6tietojen k\u00e4sittely\u00e4 koskevien vaatimusten huomioimista. Tutustu tietosuojak\u00e4yt\u00e4nteisiin Jamkissa (Helpin sivusto). Kirjautumalla Jamkin opiskelijaintraan, l\u00f6yd\u00e4t kattavan paketin tietosuojasta ja tietoturvasta. Tutustu Opiskelijan tietosuojaan (vaatii kirjautumisen). &#8221;Tietosuoja turvaa oikeutesi henkil\u00f6tietoja k\u00e4sitelt\u00e4ess\u00e4.&#8221; Tietosuojavaltuutetun toimisto<\/p>\n","protected":false},"author":59,"featured_media":0,"parent":1889,"menu_order":25,"comment_status":"closed","ping_status":"closed","template":"","meta":{"_acf_changed":false,"_relevanssi_hide_post":"","_relevanssi_hide_content":"","_relevanssi_pin_for_all":"","_relevanssi_pin_keywords":"","_relevanssi_unpin_keywords":"","_relevanssi_related_keywords":"","_relevanssi_related_include_ids":"","_relevanssi_related_exclude_ids":"","_relevanssi_related_no_append":"","_relevanssi_related_not_related":"","_relevanssi_related_posts":"","_relevanssi_noindex_reason":"","footnotes":""},"categories":[1],"tags":[],"class_list":["post-1904","page","type-page","status-publish","hentry","category-uncategorised"],"acf":[],"yoast_head":"<!-- This site is optimized with the Yoast SEO plugin v27.4 - https:\/\/yoast.com\/product\/yoast-seo-wordpress\/ -->\n<title>Tietosuoja - Oppiminen<\/title>\n<meta name=\"robots\" content=\"index, follow, max-snippet:-1, max-image-preview:large, max-video-preview:-1\" \/>\n<link rel=\"canonical\" href=\"https:\/\/help.jamk.fi\/oppiminen\/fi\/verkko-opiskelun-taidot-2\/tietosuoja\/\" \/>\n<meta property=\"og:locale\" content=\"fi_FI\" \/>\n<meta property=\"og:type\" content=\"article\" \/>\n<meta property=\"og:title\" content=\"Tietosuoja - Oppiminen\" \/>\n<meta property=\"og:description\" content=\"Tietosuoja tarkoittaa henkil\u00f6tietojen k\u00e4sittely\u00e4 koskevien vaatimusten huomioimista. Tutustu tietosuojak\u00e4yt\u00e4nteisiin Jamkissa (Helpin sivusto). Kirjautumalla Jamkin opiskelijaintraan, l\u00f6yd\u00e4t kattavan paketin tietosuojasta ja tietoturvasta. Tutustu Opiskelijan tietosuojaan (vaatii kirjautumisen). &#8221;Tietosuoja turvaa oikeutesi henkil\u00f6tietoja k\u00e4sitelt\u00e4ess\u00e4.&#8221; Tietosuojavaltuutetun toimisto\" \/>\n<meta property=\"og:url\" content=\"https:\/\/help.jamk.fi\/oppiminen\/fi\/verkko-opiskelun-taidot-2\/tietosuoja\/\" \/>\n<meta property=\"og:site_name\" content=\"Oppiminen\" \/>\n<meta property=\"article:modified_time\" content=\"2024-01-09T11:34:07+00:00\" \/>\n<meta name=\"twitter:card\" content=\"summary_large_image\" \/>\n<meta name=\"twitter:label1\" content=\"Arvioitu lukuaika\" \/>\n\t<meta name=\"twitter:data1\" content=\"1 minuutti\" \/>\n<script type=\"application\/ld+json\" class=\"yoast-schema-graph\">{\"@context\":\"https:\\\/\\\/schema.org\",\"@graph\":[{\"@type\":\"WebPage\",\"@id\":\"https:\\\/\\\/help.jamk.fi\\\/oppiminen\\\/fi\\\/verkko-opiskelun-taidot-2\\\/tietosuoja\\\/\",\"url\":\"https:\\\/\\\/help.jamk.fi\\\/oppiminen\\\/fi\\\/verkko-opiskelun-taidot-2\\\/tietosuoja\\\/\",\"name\":\"Tietosuoja - Oppiminen\",\"isPartOf\":{\"@id\":\"https:\\\/\\\/help.jamk.fi\\\/oppiminen\\\/#website\"},\"datePublished\":\"2019-12-02T07:47:11+00:00\",\"dateModified\":\"2024-01-09T11:34:07+00:00\",\"breadcrumb\":{\"@id\":\"https:\\\/\\\/help.jamk.fi\\\/oppiminen\\\/fi\\\/verkko-opiskelun-taidot-2\\\/tietosuoja\\\/#breadcrumb\"},\"inLanguage\":\"fi\",\"potentialAction\":[{\"@type\":\"ReadAction\",\"target\":[\"https:\\\/\\\/help.jamk.fi\\\/oppiminen\\\/fi\\\/verkko-opiskelun-taidot-2\\\/tietosuoja\\\/\"]}]},{\"@type\":\"BreadcrumbList\",\"@id\":\"https:\\\/\\\/help.jamk.fi\\\/oppiminen\\\/fi\\\/verkko-opiskelun-taidot-2\\\/tietosuoja\\\/#breadcrumb\",\"itemListElement\":[{\"@type\":\"ListItem\",\"position\":1,\"name\":\"Home\",\"item\":\"https:\\\/\\\/help.jamk.fi\\\/oppiminen\\\/fi\\\/\"},{\"@type\":\"ListItem\",\"position\":2,\"name\":\"Opiskelijan digitaidot\",\"item\":\"https:\\\/\\\/help.jamk.fi\\\/oppiminen\\\/fi\\\/verkko-opiskelun-taidot-2\\\/\"},{\"@type\":\"ListItem\",\"position\":3,\"name\":\"Tietosuoja\"}]},{\"@type\":\"WebSite\",\"@id\":\"https:\\\/\\\/help.jamk.fi\\\/oppiminen\\\/#website\",\"url\":\"https:\\\/\\\/help.jamk.fi\\\/oppiminen\\\/\",\"name\":\"Oppiminen\",\"description\":\"\",\"potentialAction\":[{\"@type\":\"SearchAction\",\"target\":{\"@type\":\"EntryPoint\",\"urlTemplate\":\"https:\\\/\\\/help.jamk.fi\\\/oppiminen\\\/?s={search_term_string}\"},\"query-input\":{\"@type\":\"PropertyValueSpecification\",\"valueRequired\":true,\"valueName\":\"search_term_string\"}}],\"inLanguage\":\"fi\"}]}<\/script>\n<!-- \/ Yoast SEO plugin. -->","yoast_head_json":{"title":"Tietosuoja - Oppiminen","robots":{"index":"index","follow":"follow","max-snippet":"max-snippet:-1","max-image-preview":"max-image-preview:large","max-video-preview":"max-video-preview:-1"},"canonical":"https:\/\/help.jamk.fi\/oppiminen\/fi\/verkko-opiskelun-taidot-2\/tietosuoja\/","og_locale":"fi_FI","og_type":"article","og_title":"Tietosuoja - Oppiminen","og_description":"Tietosuoja tarkoittaa henkil\u00f6tietojen k\u00e4sittely\u00e4 koskevien vaatimusten huomioimista. Tutustu tietosuojak\u00e4yt\u00e4nteisiin Jamkissa (Helpin sivusto). Kirjautumalla Jamkin opiskelijaintraan, l\u00f6yd\u00e4t kattavan paketin tietosuojasta ja tietoturvasta. Tutustu Opiskelijan tietosuojaan (vaatii kirjautumisen). &#8221;Tietosuoja turvaa oikeutesi henkil\u00f6tietoja k\u00e4sitelt\u00e4ess\u00e4.&#8221; Tietosuojavaltuutetun toimisto","og_url":"https:\/\/help.jamk.fi\/oppiminen\/fi\/verkko-opiskelun-taidot-2\/tietosuoja\/","og_site_name":"Oppiminen","article_modified_time":"2024-01-09T11:34:07+00:00","twitter_card":"summary_large_image","twitter_misc":{"Arvioitu lukuaika":"1 minuutti"},"schema":{"@context":"https:\/\/schema.org","@graph":[{"@type":"WebPage","@id":"https:\/\/help.jamk.fi\/oppiminen\/fi\/verkko-opiskelun-taidot-2\/tietosuoja\/","url":"https:\/\/help.jamk.fi\/oppiminen\/fi\/verkko-opiskelun-taidot-2\/tietosuoja\/","name":"Tietosuoja - Oppiminen","isPartOf":{"@id":"https:\/\/help.jamk.fi\/oppiminen\/#website"},"datePublished":"2019-12-02T07:47:11+00:00","dateModified":"2024-01-09T11:34:07+00:00","breadcrumb":{"@id":"https:\/\/help.jamk.fi\/oppiminen\/fi\/verkko-opiskelun-taidot-2\/tietosuoja\/#breadcrumb"},"inLanguage":"fi","potentialAction":[{"@type":"ReadAction","target":["https:\/\/help.jamk.fi\/oppiminen\/fi\/verkko-opiskelun-taidot-2\/tietosuoja\/"]}]},{"@type":"BreadcrumbList","@id":"https:\/\/help.jamk.fi\/oppiminen\/fi\/verkko-opiskelun-taidot-2\/tietosuoja\/#breadcrumb","itemListElement":[{"@type":"ListItem","position":1,"name":"Home","item":"https:\/\/help.jamk.fi\/oppiminen\/fi\/"},{"@type":"ListItem","position":2,"name":"Opiskelijan digitaidot","item":"https:\/\/help.jamk.fi\/oppiminen\/fi\/verkko-opiskelun-taidot-2\/"},{"@type":"ListItem","position":3,"name":"Tietosuoja"}]},{"@type":"WebSite","@id":"https:\/\/help.jamk.fi\/oppiminen\/#website","url":"https:\/\/help.jamk.fi\/oppiminen\/","name":"Oppiminen","description":"","potentialAction":[{"@type":"SearchAction","target":{"@type":"EntryPoint","urlTemplate":"https:\/\/help.jamk.fi\/oppiminen\/?s={search_term_string}"},"query-input":{"@type":"PropertyValueSpecification","valueRequired":true,"valueName":"search_term_string"}}],"inLanguage":"fi"}]}},"_links":{"self":[{"href":"https:\/\/help.jamk.fi\/oppiminen\/wp-json\/wp\/v2\/pages\/1904","targetHints":{"allow":["GET"]}}],"collection":[{"href":"https:\/\/help.jamk.fi\/oppiminen\/wp-json\/wp\/v2\/pages"}],"about":[{"href":"https:\/\/help.jamk.fi\/oppiminen\/wp-json\/wp\/v2\/types\/page"}],"author":[{"embeddable":true,"href":"https:\/\/help.jamk.fi\/oppiminen\/wp-json\/wp\/v2\/users\/59"}],"replies":[{"embeddable":true,"href":"https:\/\/help.jamk.fi\/oppiminen\/wp-json\/wp\/v2\/comments?post=1904"}],"version-history":[{"count":7,"href":"https:\/\/help.jamk.fi\/oppiminen\/wp-json\/wp\/v2\/pages\/1904\/revisions"}],"predecessor-version":[{"id":2318,"href":"https:\/\/help.jamk.fi\/oppiminen\/wp-json\/wp\/v2\/pages\/1904\/revisions\/2318"}],"up":[{"embeddable":true,"href":"https:\/\/help.jamk.fi\/oppiminen\/wp-json\/wp\/v2\/pages\/1889"}],"wp:attachment":[{"href":"https:\/\/help.jamk.fi\/oppiminen\/wp-json\/wp\/v2\/media?parent=1904"}],"wp:term":[{"taxonomy":"category","embeddable":true,"href":"https:\/\/help.jamk.fi\/oppiminen\/wp-json\/wp\/v2\/categories?post=1904"},{"taxonomy":"post_tag","embeddable":true,"href":"https:\/\/help.jamk.fi\/oppiminen\/wp-json\/wp\/v2\/tags?post=1904"}],"curies":[{"name":"wp","href":"https:\/\/api.w.org\/{rel}","templated":true}]}}