{"id":1908,"date":"2020-04-24T06:28:02","date_gmt":"2020-04-24T05:28:02","guid":{"rendered":"https:\/\/help.jamk.fi\/oppiminen\/verkko-opiskelun-taidot-2\/saavutettavuus\/"},"modified":"2025-10-31T12:35:56","modified_gmt":"2025-10-31T10:35:56","slug":"saavutettavuus","status":"publish","type":"page","link":"https:\/\/help.jamk.fi\/oppiminen\/fi\/verkko-opiskelun-taidot-2\/saavutettavuus\/","title":{"rendered":"Saavutettavuus edist\u00e4\u00e4 oppimista"},"content":{"rendered":"\n<p>Digitaalisissa oppimisymp\u00e4rist\u00f6iss\u00e4 saavutettavuus tarkoittaa opiskelijan oppimisen, osallisuuden ja yhdenvertaisuuden edist\u00e4mist\u00e4. <\/p>\n\n\n\n<p>Saavutettava oppimateriaali on sis\u00e4ll\u00f6ilt\u00e4\u00e4n ja rakenteeltaan havainnollista ja selke\u00e4\u00e4. Saavutettavaan oppimateriaaliin voi my\u00f6s perehty\u00e4 sairaudesta tai vammasta huolimatta vaikkapa ruudunlukuohjelman avulla. Saavutettavat opintojaksojen ty\u00f6tilat on laadittu loogisesti eteneviksi ja oppimisprosessia tukeviksi.<\/p>\n\n\n\n<h2 class=\"wp-block-heading\">Tuota itse saavutettavaa sis\u00e4lt\u00f6\u00e4<\/h2>\n\n\n\n<p>Opiskelijana sinun kannattaa huomioida saavutettavuus, kun tuotat itse esimerkiksi palautuksia oppimisteht\u00e4viin, esitysmateriaalia esitysgrafiikkasovelluksella tai vaikkapa blogitekstej\u00e4 ja videoita. Tukena voit hy\u00f6dynt\u00e4\u00e4 Celian laatimaa viiden vinkin listaa saavutettavuuden keskeisist\u00e4 elementeist\u00e4 (kuva julkaistu Celian luvalla).<\/p>\n\n\n\n<figure class=\"wp-block-image size-large\"><img loading=\"lazy\" decoding=\"async\" width=\"1920\" height=\"1260\" src=\"https:\/\/help.jamk.fi\/oppiminen\/wp-content\/uploads\/sites\/132\/2020\/03\/saavutettavuus-vinkit-sisallontuottajalle-1.png\" alt=\"Kuvaan liitett\u00e4v\u00e4 kuvailuteksti: Viisi vinkki\u00e4 saavutettavaan verkkosis\u00e4lt\u00f6\u00f6n: 1. K\u00e4yt\u00e4 selke\u00e4\u00e4 kielt\u00e4 2. Tee tekstist\u00e4 silm\u00e4ilt\u00e4v\u00e4\u00e4 3. Kirjoita kuvaavat otsikot 4. Varmista linkkien ymm\u00e4rrett\u00e4vyys 5. K\u00e4yt\u00e4 my\u00f6s kuvia, infografiikkaa ja videoita.\" class=\"wp-image-1358\"\/><figcaption class=\"wp-element-caption\">Celia: 5 vinkki\u00e4: n\u00e4in teet verkkosis\u00e4ll\u00f6st\u00e4 saavutettavaa<\/figcaption><\/figure>\n\n\n\n<p><\/p>\n\n\n\n<h2 class=\"wp-block-heading\">Sovella Celian vinkkej\u00e4 oppimisteht\u00e4viss\u00e4<\/h2>\n\n\n\n<p>Celian laatimat viisi vinkki\u00e4 soveltuvat hyvin esimerkiksi videoprosessiin. Sovella Celian vinkkej\u00e4 vaikkapa n\u00e4in:<\/p>\n\n\n\n<ol class=\"wp-block-list\">\n<li>Rajaa kohderyhm\u00e4 ja mieti videon sis\u00e4ll\u00f6llinen sanoma.<\/li>\n\n\n\n<li>Puhu selke\u00e4sti. Varmista, ett\u00e4 \u00e4\u00e4ni tallentuu hyv\u00e4laatuisena.<\/li>\n\n\n\n<li>Jos mahdollista, k\u00e4yt\u00e4 my\u00f6s tekstimuotoista tapaa korostaa t\u00e4rkeimpi\u00e4 asioita tallennus- tai editointivaiheessa. Useimmissa editointiohjelmissa on mahdollista tekstitt\u00e4\u00e4 video tai se sis\u00e4lt\u00e4\u00e4 puheentunnistuksen tekstiksi. <\/li>\n\n\n\n<li>Hy\u00f6dynn\u00e4 videon mahdollisuudet sanomasi havainnollistamisessa. N\u00e4yt\u00e4, \u00e4l\u00e4 vain kerro.<\/li>\n\n\n\n<li>Jos mahdollista, liit\u00e4 videon mukaan tekstivastine eli tekstimuotoinen tieto siit\u00e4, mit\u00e4 videolla puhutaan ja mit\u00e4 siin\u00e4 esitet\u00e4\u00e4n. Ruudunlukuohjelmat lukevat tekstivastineen n\u00e4k\u00f6vammaiselle. <\/li>\n<\/ol>\n\n\n\n<h2 class=\"wp-block-heading\">Saavutettavuus on ty\u00f6el\u00e4m\u00e4taito<\/h2>\n\n\n\n<p>Saavutettavan sis\u00e4ll\u00f6n tuottaminen on keskeinen ty\u00f6el\u00e4m\u00e4taito aivan kuten vuorovaikutustaidot tai kielitaitokin. Tutustu saavutettavan sis\u00e4ll\u00f6n laatimiseen tarkemmin sek\u00e4 Jamkin ett\u00e4 muiden toimijoiden n\u00e4k\u00f6kulmista.<\/p>\n\n\n\n<p><a href=\"https:\/\/www.jamk.fi\/fi\/jamk\/tietoa-jamkista\/saavutettavuus-jyvaskylan-ammattikorkeakoulussa\" target=\"_blank\" rel=\"noreferrer noopener\">Saavutettavuus Jyv\u00e4skyl\u00e4n ammattikorkeakoulussa | Jamk<\/a><\/p>\n\n\n\n<p><a href=\"https:\/\/www.saavutettavasti.fi\/\" target=\"_blank\" rel=\"noreferrer noopener\">Ohjeita ja vinkkej\u00e4 verkkosis\u00e4lt\u00f6jen saavutettavuuteen (Saavutettavasti.fi)<\/a><\/p>\n\n\n\n<h2 class=\"wp-block-heading\">\u00c4\u00e4nikirjapalvelu tekee lukemisesta saavutettavampaa<\/h2>\n\n\n\n<p>Celia \u00e4\u00e4nikirjapalvelu on tarkoitettu opiskelijoille, joille tekstimuotoisen kirjan lukeminen on vaikeaa. Tunnukset palveluun saat Jamkin kirjastosta. Kysy lis\u00e4\u00e4 opettajatutoriltasi, opoltasi tai Jamkin kirjastosta. <\/p>\n","protected":false},"excerpt":{"rendered":"<p>Digitaalisissa oppimisymp\u00e4rist\u00f6iss\u00e4 saavutettavuus tarkoittaa opiskelijan oppimisen, osallisuuden ja yhdenvertaisuuden edist\u00e4mist\u00e4. Saavutettava oppimateriaali on sis\u00e4ll\u00f6ilt\u00e4\u00e4n ja rakenteeltaan havainnollista ja selke\u00e4\u00e4. Saavutettavaan oppimateriaaliin voi my\u00f6s perehty\u00e4 sairaudesta tai vammasta huolimatta vaikkapa ruudunlukuohjelman avulla. Saavutettavat opintojaksojen ty\u00f6tilat on laadittu loogisesti eteneviksi ja oppimisprosessia tukeviksi. Tuota itse saavutettavaa sis\u00e4lt\u00f6\u00e4 Opiskelijana sinun kannattaa huomioida saavutettavuus, kun tuotat itse esimerkiksi palautuksia [&hellip;]<\/p>\n","protected":false},"author":73,"featured_media":0,"parent":1889,"menu_order":10,"comment_status":"closed","ping_status":"closed","template":"","meta":{"_acf_changed":false,"_relevanssi_hide_post":"","_relevanssi_hide_content":"","_relevanssi_pin_for_all":"","_relevanssi_pin_keywords":"","_relevanssi_unpin_keywords":"","_relevanssi_related_keywords":"","_relevanssi_related_include_ids":"","_relevanssi_related_exclude_ids":"","_relevanssi_related_no_append":"","_relevanssi_related_not_related":"","_relevanssi_related_posts":"","_relevanssi_noindex_reason":"","footnotes":""},"categories":[1],"tags":[],"class_list":["post-1908","page","type-page","status-publish","hentry","category-uncategorised"],"acf":[],"yoast_head":"<!-- This site is optimized with the Yoast SEO plugin v27.3 - https:\/\/yoast.com\/product\/yoast-seo-wordpress\/ -->\n<title>Saavutettavuus edist\u00e4\u00e4 oppimista - Oppiminen<\/title>\n<meta name=\"robots\" content=\"index, follow, max-snippet:-1, max-image-preview:large, max-video-preview:-1\" \/>\n<link rel=\"canonical\" href=\"https:\/\/help.jamk.fi\/oppiminen\/fi\/verkko-opiskelun-taidot-2\/saavutettavuus\/\" \/>\n<meta property=\"og:locale\" content=\"fi_FI\" \/>\n<meta property=\"og:type\" content=\"article\" \/>\n<meta property=\"og:title\" content=\"Saavutettavuus edist\u00e4\u00e4 oppimista - Oppiminen\" \/>\n<meta property=\"og:description\" content=\"Digitaalisissa oppimisymp\u00e4rist\u00f6iss\u00e4 saavutettavuus tarkoittaa opiskelijan oppimisen, osallisuuden ja yhdenvertaisuuden edist\u00e4mist\u00e4. Saavutettava oppimateriaali on sis\u00e4ll\u00f6ilt\u00e4\u00e4n ja rakenteeltaan havainnollista ja selke\u00e4\u00e4. Saavutettavaan oppimateriaaliin voi my\u00f6s perehty\u00e4 sairaudesta tai vammasta huolimatta vaikkapa ruudunlukuohjelman avulla. Saavutettavat opintojaksojen ty\u00f6tilat on laadittu loogisesti eteneviksi ja oppimisprosessia tukeviksi. Tuota itse saavutettavaa sis\u00e4lt\u00f6\u00e4 Opiskelijana sinun kannattaa huomioida saavutettavuus, kun tuotat itse esimerkiksi palautuksia [&hellip;]\" \/>\n<meta property=\"og:url\" content=\"https:\/\/help.jamk.fi\/oppiminen\/fi\/verkko-opiskelun-taidot-2\/saavutettavuus\/\" \/>\n<meta property=\"og:site_name\" content=\"Oppiminen\" \/>\n<meta property=\"article:modified_time\" content=\"2025-10-31T10:35:56+00:00\" \/>\n<meta property=\"og:image\" content=\"https:\/\/help.jamk.fi\/oppiminen\/wp-content\/uploads\/sites\/132\/2020\/03\/saavutettavuus-vinkit-sisallontuottajalle-1.png\" \/>\n\t<meta property=\"og:image:width\" content=\"1920\" \/>\n\t<meta property=\"og:image:height\" content=\"1260\" \/>\n\t<meta property=\"og:image:type\" content=\"image\/png\" \/>\n<meta name=\"twitter:card\" content=\"summary_large_image\" \/>\n<meta name=\"twitter:label1\" content=\"Arvioitu lukuaika\" \/>\n\t<meta name=\"twitter:data1\" content=\"2 minuuttia\" \/>\n<script type=\"application\/ld+json\" class=\"yoast-schema-graph\">{\"@context\":\"https:\\\/\\\/schema.org\",\"@graph\":[{\"@type\":\"WebPage\",\"@id\":\"https:\\\/\\\/help.jamk.fi\\\/oppiminen\\\/fi\\\/verkko-opiskelun-taidot-2\\\/saavutettavuus\\\/\",\"url\":\"https:\\\/\\\/help.jamk.fi\\\/oppiminen\\\/fi\\\/verkko-opiskelun-taidot-2\\\/saavutettavuus\\\/\",\"name\":\"Saavutettavuus edist\u00e4\u00e4 oppimista - Oppiminen\",\"isPartOf\":{\"@id\":\"https:\\\/\\\/help.jamk.fi\\\/oppiminen\\\/#website\"},\"primaryImageOfPage\":{\"@id\":\"https:\\\/\\\/help.jamk.fi\\\/oppiminen\\\/fi\\\/verkko-opiskelun-taidot-2\\\/saavutettavuus\\\/#primaryimage\"},\"image\":{\"@id\":\"https:\\\/\\\/help.jamk.fi\\\/oppiminen\\\/fi\\\/verkko-opiskelun-taidot-2\\\/saavutettavuus\\\/#primaryimage\"},\"thumbnailUrl\":\"https:\\\/\\\/help.jamk.fi\\\/oppiminen\\\/wp-content\\\/uploads\\\/sites\\\/132\\\/2020\\\/03\\\/saavutettavuus-vinkit-sisallontuottajalle-1.png\",\"datePublished\":\"2020-04-24T05:28:02+00:00\",\"dateModified\":\"2025-10-31T10:35:56+00:00\",\"breadcrumb\":{\"@id\":\"https:\\\/\\\/help.jamk.fi\\\/oppiminen\\\/fi\\\/verkko-opiskelun-taidot-2\\\/saavutettavuus\\\/#breadcrumb\"},\"inLanguage\":\"fi\",\"potentialAction\":[{\"@type\":\"ReadAction\",\"target\":[\"https:\\\/\\\/help.jamk.fi\\\/oppiminen\\\/fi\\\/verkko-opiskelun-taidot-2\\\/saavutettavuus\\\/\"]}]},{\"@type\":\"ImageObject\",\"inLanguage\":\"fi\",\"@id\":\"https:\\\/\\\/help.jamk.fi\\\/oppiminen\\\/fi\\\/verkko-opiskelun-taidot-2\\\/saavutettavuus\\\/#primaryimage\",\"url\":\"https:\\\/\\\/help.jamk.fi\\\/oppiminen\\\/wp-content\\\/uploads\\\/sites\\\/132\\\/2020\\\/03\\\/saavutettavuus-vinkit-sisallontuottajalle-1.png\",\"contentUrl\":\"https:\\\/\\\/help.jamk.fi\\\/oppiminen\\\/wp-content\\\/uploads\\\/sites\\\/132\\\/2020\\\/03\\\/saavutettavuus-vinkit-sisallontuottajalle-1.png\",\"width\":1920,\"height\":1260,\"caption\":\"Kuvaan liitett\u00e4v\u00e4 kuvailuteksti: Viisi vinkki\u00e4 saavutettavaan verkkosis\u00e4lt\u00f6\u00f6n: 1. K\u00e4yt\u00e4 selke\u00e4\u00e4 kielt\u00e4 2. Tee tekstist\u00e4 silm\u00e4ilt\u00e4v\u00e4\u00e4 3. Kirjoita kuvaavat otsikot 4. Varmista linkkien ymm\u00e4rrett\u00e4vyys 5. K\u00e4yt\u00e4 my\u00f6s kuvia, infografiikkaa ja videoita.\"},{\"@type\":\"BreadcrumbList\",\"@id\":\"https:\\\/\\\/help.jamk.fi\\\/oppiminen\\\/fi\\\/verkko-opiskelun-taidot-2\\\/saavutettavuus\\\/#breadcrumb\",\"itemListElement\":[{\"@type\":\"ListItem\",\"position\":1,\"name\":\"Home\",\"item\":\"https:\\\/\\\/help.jamk.fi\\\/oppiminen\\\/fi\\\/\"},{\"@type\":\"ListItem\",\"position\":2,\"name\":\"Opiskelijan digitaidot\",\"item\":\"https:\\\/\\\/help.jamk.fi\\\/oppiminen\\\/fi\\\/verkko-opiskelun-taidot-2\\\/\"},{\"@type\":\"ListItem\",\"position\":3,\"name\":\"Saavutettavuus edist\u00e4\u00e4 oppimista\"}]},{\"@type\":\"WebSite\",\"@id\":\"https:\\\/\\\/help.jamk.fi\\\/oppiminen\\\/#website\",\"url\":\"https:\\\/\\\/help.jamk.fi\\\/oppiminen\\\/\",\"name\":\"Oppiminen\",\"description\":\"\",\"potentialAction\":[{\"@type\":\"SearchAction\",\"target\":{\"@type\":\"EntryPoint\",\"urlTemplate\":\"https:\\\/\\\/help.jamk.fi\\\/oppiminen\\\/?s={search_term_string}\"},\"query-input\":{\"@type\":\"PropertyValueSpecification\",\"valueRequired\":true,\"valueName\":\"search_term_string\"}}],\"inLanguage\":\"fi\"}]}<\/script>\n<!-- \/ Yoast SEO plugin. -->","yoast_head_json":{"title":"Saavutettavuus edist\u00e4\u00e4 oppimista - Oppiminen","robots":{"index":"index","follow":"follow","max-snippet":"max-snippet:-1","max-image-preview":"max-image-preview:large","max-video-preview":"max-video-preview:-1"},"canonical":"https:\/\/help.jamk.fi\/oppiminen\/fi\/verkko-opiskelun-taidot-2\/saavutettavuus\/","og_locale":"fi_FI","og_type":"article","og_title":"Saavutettavuus edist\u00e4\u00e4 oppimista - Oppiminen","og_description":"Digitaalisissa oppimisymp\u00e4rist\u00f6iss\u00e4 saavutettavuus tarkoittaa opiskelijan oppimisen, osallisuuden ja yhdenvertaisuuden edist\u00e4mist\u00e4. Saavutettava oppimateriaali on sis\u00e4ll\u00f6ilt\u00e4\u00e4n ja rakenteeltaan havainnollista ja selke\u00e4\u00e4. Saavutettavaan oppimateriaaliin voi my\u00f6s perehty\u00e4 sairaudesta tai vammasta huolimatta vaikkapa ruudunlukuohjelman avulla. Saavutettavat opintojaksojen ty\u00f6tilat on laadittu loogisesti eteneviksi ja oppimisprosessia tukeviksi. Tuota itse saavutettavaa sis\u00e4lt\u00f6\u00e4 Opiskelijana sinun kannattaa huomioida saavutettavuus, kun tuotat itse esimerkiksi palautuksia [&hellip;]","og_url":"https:\/\/help.jamk.fi\/oppiminen\/fi\/verkko-opiskelun-taidot-2\/saavutettavuus\/","og_site_name":"Oppiminen","article_modified_time":"2025-10-31T10:35:56+00:00","og_image":[{"width":1920,"height":1260,"url":"https:\/\/help.jamk.fi\/oppiminen\/wp-content\/uploads\/sites\/132\/2020\/03\/saavutettavuus-vinkit-sisallontuottajalle-1.png","type":"image\/png"}],"twitter_card":"summary_large_image","twitter_misc":{"Arvioitu lukuaika":"2 minuuttia"},"schema":{"@context":"https:\/\/schema.org","@graph":[{"@type":"WebPage","@id":"https:\/\/help.jamk.fi\/oppiminen\/fi\/verkko-opiskelun-taidot-2\/saavutettavuus\/","url":"https:\/\/help.jamk.fi\/oppiminen\/fi\/verkko-opiskelun-taidot-2\/saavutettavuus\/","name":"Saavutettavuus edist\u00e4\u00e4 oppimista - Oppiminen","isPartOf":{"@id":"https:\/\/help.jamk.fi\/oppiminen\/#website"},"primaryImageOfPage":{"@id":"https:\/\/help.jamk.fi\/oppiminen\/fi\/verkko-opiskelun-taidot-2\/saavutettavuus\/#primaryimage"},"image":{"@id":"https:\/\/help.jamk.fi\/oppiminen\/fi\/verkko-opiskelun-taidot-2\/saavutettavuus\/#primaryimage"},"thumbnailUrl":"https:\/\/help.jamk.fi\/oppiminen\/wp-content\/uploads\/sites\/132\/2020\/03\/saavutettavuus-vinkit-sisallontuottajalle-1.png","datePublished":"2020-04-24T05:28:02+00:00","dateModified":"2025-10-31T10:35:56+00:00","breadcrumb":{"@id":"https:\/\/help.jamk.fi\/oppiminen\/fi\/verkko-opiskelun-taidot-2\/saavutettavuus\/#breadcrumb"},"inLanguage":"fi","potentialAction":[{"@type":"ReadAction","target":["https:\/\/help.jamk.fi\/oppiminen\/fi\/verkko-opiskelun-taidot-2\/saavutettavuus\/"]}]},{"@type":"ImageObject","inLanguage":"fi","@id":"https:\/\/help.jamk.fi\/oppiminen\/fi\/verkko-opiskelun-taidot-2\/saavutettavuus\/#primaryimage","url":"https:\/\/help.jamk.fi\/oppiminen\/wp-content\/uploads\/sites\/132\/2020\/03\/saavutettavuus-vinkit-sisallontuottajalle-1.png","contentUrl":"https:\/\/help.jamk.fi\/oppiminen\/wp-content\/uploads\/sites\/132\/2020\/03\/saavutettavuus-vinkit-sisallontuottajalle-1.png","width":1920,"height":1260,"caption":"Kuvaan liitett\u00e4v\u00e4 kuvailuteksti: Viisi vinkki\u00e4 saavutettavaan verkkosis\u00e4lt\u00f6\u00f6n: 1. K\u00e4yt\u00e4 selke\u00e4\u00e4 kielt\u00e4 2. Tee tekstist\u00e4 silm\u00e4ilt\u00e4v\u00e4\u00e4 3. Kirjoita kuvaavat otsikot 4. Varmista linkkien ymm\u00e4rrett\u00e4vyys 5. K\u00e4yt\u00e4 my\u00f6s kuvia, infografiikkaa ja videoita."},{"@type":"BreadcrumbList","@id":"https:\/\/help.jamk.fi\/oppiminen\/fi\/verkko-opiskelun-taidot-2\/saavutettavuus\/#breadcrumb","itemListElement":[{"@type":"ListItem","position":1,"name":"Home","item":"https:\/\/help.jamk.fi\/oppiminen\/fi\/"},{"@type":"ListItem","position":2,"name":"Opiskelijan digitaidot","item":"https:\/\/help.jamk.fi\/oppiminen\/fi\/verkko-opiskelun-taidot-2\/"},{"@type":"ListItem","position":3,"name":"Saavutettavuus edist\u00e4\u00e4 oppimista"}]},{"@type":"WebSite","@id":"https:\/\/help.jamk.fi\/oppiminen\/#website","url":"https:\/\/help.jamk.fi\/oppiminen\/","name":"Oppiminen","description":"","potentialAction":[{"@type":"SearchAction","target":{"@type":"EntryPoint","urlTemplate":"https:\/\/help.jamk.fi\/oppiminen\/?s={search_term_string}"},"query-input":{"@type":"PropertyValueSpecification","valueRequired":true,"valueName":"search_term_string"}}],"inLanguage":"fi"}]}},"_links":{"self":[{"href":"https:\/\/help.jamk.fi\/oppiminen\/wp-json\/wp\/v2\/pages\/1908","targetHints":{"allow":["GET"]}}],"collection":[{"href":"https:\/\/help.jamk.fi\/oppiminen\/wp-json\/wp\/v2\/pages"}],"about":[{"href":"https:\/\/help.jamk.fi\/oppiminen\/wp-json\/wp\/v2\/types\/page"}],"author":[{"embeddable":true,"href":"https:\/\/help.jamk.fi\/oppiminen\/wp-json\/wp\/v2\/users\/73"}],"replies":[{"embeddable":true,"href":"https:\/\/help.jamk.fi\/oppiminen\/wp-json\/wp\/v2\/comments?post=1908"}],"version-history":[{"count":11,"href":"https:\/\/help.jamk.fi\/oppiminen\/wp-json\/wp\/v2\/pages\/1908\/revisions"}],"predecessor-version":[{"id":2468,"href":"https:\/\/help.jamk.fi\/oppiminen\/wp-json\/wp\/v2\/pages\/1908\/revisions\/2468"}],"up":[{"embeddable":true,"href":"https:\/\/help.jamk.fi\/oppiminen\/wp-json\/wp\/v2\/pages\/1889"}],"wp:attachment":[{"href":"https:\/\/help.jamk.fi\/oppiminen\/wp-json\/wp\/v2\/media?parent=1908"}],"wp:term":[{"taxonomy":"category","embeddable":true,"href":"https:\/\/help.jamk.fi\/oppiminen\/wp-json\/wp\/v2\/categories?post=1908"},{"taxonomy":"post_tag","embeddable":true,"href":"https:\/\/help.jamk.fi\/oppiminen\/wp-json\/wp\/v2\/tags?post=1908"}],"curies":[{"name":"wp","href":"https:\/\/api.w.org\/{rel}","templated":true}]}}