{"id":1909,"date":"2020-09-15T09:13:47","date_gmt":"2020-09-15T08:13:47","guid":{"rendered":"https:\/\/help.jamk.fi\/oppiminen\/moodle-3\/"},"modified":"2025-07-17T09:46:54","modified_gmt":"2025-07-17T06:46:54","slug":"moodle-3","status":"publish","type":"page","link":"https:\/\/help.jamk.fi\/oppiminen\/fi\/moodle-3\/","title":{"rendered":"Moodle oppimisymp\u00e4rist\u00f6n\u00e4"},"content":{"rendered":"\n<p>Jamkin digitaalinen oppimisymp\u00e4rist\u00f6 on Moodle, joka l\u00f6ytyy osoitteesta <a href=\"https:\/\/moodle.jamk.fi\/\" target=\"_blank\" rel=\"noreferrer noopener\">https:\/\/moodle.jamk.fi<\/a> <\/p>\n\n\n\n<h2 class=\"wp-block-heading\">Kirjautuminen Jamkin Moodleen<\/h2>\n\n\n\n<ol class=\"wp-block-list\">\n<li>Kirjaudu Jamkin Moodleen opiskelijas\u00e4hk\u00f6postiosoitteella (k\u00e4ytt\u00e4j\u00e4tunnus@student.jamk.fi)&nbsp;ja salasanalla.<\/li>\n\n\n\n<li>Sinun t\u00e4ytyy vahvistaa kirjautumisesi Microsoft Authenticator-sovelluksessa mobiililaitteellasi.<\/li>\n<\/ol>\n\n\n\n<p>Tutustu Jamkin ICT Helpdeskin ohjeisiin <a href=\"https:\/\/help.jamk.fi\/kirjautuminen\/fi\/kaksivaiheisen-tunnistautumisen-kayttoonotto\/\" target=\"_blank\" rel=\"noreferrer noopener\">vahvan tunnistautumisen ja Authenticator-sovelluksen k\u00e4ytt\u00f6\u00f6notosta<\/a>.<\/p>\n\n\n\n<h2 class=\"wp-block-heading\">Tutustuminen Jamkin Moodleen<\/h2>\n\n\n\n<p>Harjoittele Jamkin Moodlen k\u00e4ytt\u00f6\u00e4 Opiskelijan Moodle-perehdytys kurssilla Jamkin Moodlessa. <\/p>\n\n\n\n<ol class=\"wp-block-list\">\n<li>Kirjaudu Jamkin Moodleen osoitteessa <a href=\"https:\/\/moodle.jamk.fi\/\" target=\"_blank\" rel=\"noreferrer noopener\">https:\/\/moodle.jamk.fi<\/a> Jamkin opiskelijas\u00e4hk\u00f6postiosoitteella ja salasanallasi. Vahvista kirjautuminen Authenticator-sovelluksessa.<\/li>\n\n\n\n<li>Kirjoita Moodlen oikeassa yl\u00e4kulmassa olevaan kurssihakuun <strong>Opiskelijan Moodle-perehdytys<\/strong>.<\/li>\n\n\n\n<li>Klikkaa hakutuloksissa kurssin nime\u00e4.<\/li>\n\n\n\n<li>Kirjoita kurssiavain, joka lukee kurssitietojen yhteydess\u00e4.<\/li>\n\n\n\n<li>Aloita Moodlen k\u00e4yt\u00f6n harjoittelu kurssin ohjeiden mukaan. <\/li>\n<\/ol>\n\n\n\n<p><\/p>\n","protected":false},"excerpt":{"rendered":"<p>Jamkin digitaalinen oppimisymp\u00e4rist\u00f6 on Moodle, joka l\u00f6ytyy osoitteesta https:\/\/moodle.jamk.fi Kirjautuminen Jamkin Moodleen Tutustu Jamkin ICT Helpdeskin ohjeisiin vahvan tunnistautumisen ja Authenticator-sovelluksen k\u00e4ytt\u00f6\u00f6notosta. Tutustuminen Jamkin Moodleen Harjoittele Jamkin Moodlen k\u00e4ytt\u00f6\u00e4 Opiskelijan Moodle-perehdytys kurssilla Jamkin Moodlessa.<\/p>\n","protected":false},"author":73,"featured_media":0,"parent":0,"menu_order":20,"comment_status":"closed","ping_status":"closed","template":"","meta":{"_acf_changed":false,"_relevanssi_hide_post":"","_relevanssi_hide_content":"","_relevanssi_pin_for_all":"","_relevanssi_pin_keywords":"Moodle, moodleen, ","_relevanssi_unpin_keywords":"","_relevanssi_related_keywords":"","_relevanssi_related_include_ids":"","_relevanssi_related_exclude_ids":"","_relevanssi_related_no_append":"","_relevanssi_related_not_related":"","_relevanssi_related_posts":"","_relevanssi_noindex_reason":"","footnotes":""},"categories":[1],"tags":[14],"class_list":["post-1909","page","type-page","status-publish","hentry","category-uncategorised","tag-moodle"],"acf":[],"yoast_head":"<!-- This site is optimized with the Yoast SEO plugin v27.3 - https:\/\/yoast.com\/product\/yoast-seo-wordpress\/ -->\n<title>Moodle oppimisymp\u00e4rist\u00f6n\u00e4 - Oppiminen<\/title>\n<meta name=\"robots\" content=\"index, follow, max-snippet:-1, max-image-preview:large, max-video-preview:-1\" \/>\n<link rel=\"canonical\" href=\"https:\/\/help.jamk.fi\/oppiminen\/fi\/moodle-3\/\" \/>\n<meta property=\"og:locale\" content=\"fi_FI\" \/>\n<meta property=\"og:type\" content=\"article\" \/>\n<meta property=\"og:title\" content=\"Moodle oppimisymp\u00e4rist\u00f6n\u00e4 - Oppiminen\" \/>\n<meta property=\"og:description\" content=\"Jamkin digitaalinen oppimisymp\u00e4rist\u00f6 on Moodle, joka l\u00f6ytyy osoitteesta https:\/\/moodle.jamk.fi Kirjautuminen Jamkin Moodleen Tutustu Jamkin ICT Helpdeskin ohjeisiin vahvan tunnistautumisen ja Authenticator-sovelluksen k\u00e4ytt\u00f6\u00f6notosta. Tutustuminen Jamkin Moodleen Harjoittele Jamkin Moodlen k\u00e4ytt\u00f6\u00e4 Opiskelijan Moodle-perehdytys kurssilla Jamkin Moodlessa.\" \/>\n<meta property=\"og:url\" content=\"https:\/\/help.jamk.fi\/oppiminen\/fi\/moodle-3\/\" \/>\n<meta property=\"og:site_name\" content=\"Oppiminen\" \/>\n<meta property=\"article:modified_time\" content=\"2025-07-17T06:46:54+00:00\" \/>\n<meta name=\"twitter:card\" content=\"summary_large_image\" \/>\n<meta name=\"twitter:label1\" content=\"Arvioitu lukuaika\" \/>\n\t<meta name=\"twitter:data1\" content=\"1 minuutti\" \/>\n<script type=\"application\/ld+json\" class=\"yoast-schema-graph\">{\"@context\":\"https:\\\/\\\/schema.org\",\"@graph\":[{\"@type\":\"WebPage\",\"@id\":\"https:\\\/\\\/help.jamk.fi\\\/oppiminen\\\/fi\\\/moodle-3\\\/\",\"url\":\"https:\\\/\\\/help.jamk.fi\\\/oppiminen\\\/fi\\\/moodle-3\\\/\",\"name\":\"Moodle oppimisymp\u00e4rist\u00f6n\u00e4 - Oppiminen\",\"isPartOf\":{\"@id\":\"https:\\\/\\\/help.jamk.fi\\\/oppiminen\\\/#website\"},\"datePublished\":\"2020-09-15T08:13:47+00:00\",\"dateModified\":\"2025-07-17T06:46:54+00:00\",\"breadcrumb\":{\"@id\":\"https:\\\/\\\/help.jamk.fi\\\/oppiminen\\\/fi\\\/moodle-3\\\/#breadcrumb\"},\"inLanguage\":\"fi\",\"potentialAction\":[{\"@type\":\"ReadAction\",\"target\":[\"https:\\\/\\\/help.jamk.fi\\\/oppiminen\\\/fi\\\/moodle-3\\\/\"]}]},{\"@type\":\"BreadcrumbList\",\"@id\":\"https:\\\/\\\/help.jamk.fi\\\/oppiminen\\\/fi\\\/moodle-3\\\/#breadcrumb\",\"itemListElement\":[{\"@type\":\"ListItem\",\"position\":1,\"name\":\"Home\",\"item\":\"https:\\\/\\\/help.jamk.fi\\\/oppiminen\\\/fi\\\/\"},{\"@type\":\"ListItem\",\"position\":2,\"name\":\"Moodle oppimisymp\u00e4rist\u00f6n\u00e4\"}]},{\"@type\":\"WebSite\",\"@id\":\"https:\\\/\\\/help.jamk.fi\\\/oppiminen\\\/#website\",\"url\":\"https:\\\/\\\/help.jamk.fi\\\/oppiminen\\\/\",\"name\":\"Oppiminen\",\"description\":\"\",\"potentialAction\":[{\"@type\":\"SearchAction\",\"target\":{\"@type\":\"EntryPoint\",\"urlTemplate\":\"https:\\\/\\\/help.jamk.fi\\\/oppiminen\\\/?s={search_term_string}\"},\"query-input\":{\"@type\":\"PropertyValueSpecification\",\"valueRequired\":true,\"valueName\":\"search_term_string\"}}],\"inLanguage\":\"fi\"}]}<\/script>\n<!-- \/ Yoast SEO plugin. -->","yoast_head_json":{"title":"Moodle oppimisymp\u00e4rist\u00f6n\u00e4 - Oppiminen","robots":{"index":"index","follow":"follow","max-snippet":"max-snippet:-1","max-image-preview":"max-image-preview:large","max-video-preview":"max-video-preview:-1"},"canonical":"https:\/\/help.jamk.fi\/oppiminen\/fi\/moodle-3\/","og_locale":"fi_FI","og_type":"article","og_title":"Moodle oppimisymp\u00e4rist\u00f6n\u00e4 - Oppiminen","og_description":"Jamkin digitaalinen oppimisymp\u00e4rist\u00f6 on Moodle, joka l\u00f6ytyy osoitteesta https:\/\/moodle.jamk.fi Kirjautuminen Jamkin Moodleen Tutustu Jamkin ICT Helpdeskin ohjeisiin vahvan tunnistautumisen ja Authenticator-sovelluksen k\u00e4ytt\u00f6\u00f6notosta. Tutustuminen Jamkin Moodleen Harjoittele Jamkin Moodlen k\u00e4ytt\u00f6\u00e4 Opiskelijan Moodle-perehdytys kurssilla Jamkin Moodlessa.","og_url":"https:\/\/help.jamk.fi\/oppiminen\/fi\/moodle-3\/","og_site_name":"Oppiminen","article_modified_time":"2025-07-17T06:46:54+00:00","twitter_card":"summary_large_image","twitter_misc":{"Arvioitu lukuaika":"1 minuutti"},"schema":{"@context":"https:\/\/schema.org","@graph":[{"@type":"WebPage","@id":"https:\/\/help.jamk.fi\/oppiminen\/fi\/moodle-3\/","url":"https:\/\/help.jamk.fi\/oppiminen\/fi\/moodle-3\/","name":"Moodle oppimisymp\u00e4rist\u00f6n\u00e4 - Oppiminen","isPartOf":{"@id":"https:\/\/help.jamk.fi\/oppiminen\/#website"},"datePublished":"2020-09-15T08:13:47+00:00","dateModified":"2025-07-17T06:46:54+00:00","breadcrumb":{"@id":"https:\/\/help.jamk.fi\/oppiminen\/fi\/moodle-3\/#breadcrumb"},"inLanguage":"fi","potentialAction":[{"@type":"ReadAction","target":["https:\/\/help.jamk.fi\/oppiminen\/fi\/moodle-3\/"]}]},{"@type":"BreadcrumbList","@id":"https:\/\/help.jamk.fi\/oppiminen\/fi\/moodle-3\/#breadcrumb","itemListElement":[{"@type":"ListItem","position":1,"name":"Home","item":"https:\/\/help.jamk.fi\/oppiminen\/fi\/"},{"@type":"ListItem","position":2,"name":"Moodle oppimisymp\u00e4rist\u00f6n\u00e4"}]},{"@type":"WebSite","@id":"https:\/\/help.jamk.fi\/oppiminen\/#website","url":"https:\/\/help.jamk.fi\/oppiminen\/","name":"Oppiminen","description":"","potentialAction":[{"@type":"SearchAction","target":{"@type":"EntryPoint","urlTemplate":"https:\/\/help.jamk.fi\/oppiminen\/?s={search_term_string}"},"query-input":{"@type":"PropertyValueSpecification","valueRequired":true,"valueName":"search_term_string"}}],"inLanguage":"fi"}]}},"_links":{"self":[{"href":"https:\/\/help.jamk.fi\/oppiminen\/wp-json\/wp\/v2\/pages\/1909","targetHints":{"allow":["GET"]}}],"collection":[{"href":"https:\/\/help.jamk.fi\/oppiminen\/wp-json\/wp\/v2\/pages"}],"about":[{"href":"https:\/\/help.jamk.fi\/oppiminen\/wp-json\/wp\/v2\/types\/page"}],"author":[{"embeddable":true,"href":"https:\/\/help.jamk.fi\/oppiminen\/wp-json\/wp\/v2\/users\/73"}],"replies":[{"embeddable":true,"href":"https:\/\/help.jamk.fi\/oppiminen\/wp-json\/wp\/v2\/comments?post=1909"}],"version-history":[{"count":9,"href":"https:\/\/help.jamk.fi\/oppiminen\/wp-json\/wp\/v2\/pages\/1909\/revisions"}],"predecessor-version":[{"id":2464,"href":"https:\/\/help.jamk.fi\/oppiminen\/wp-json\/wp\/v2\/pages\/1909\/revisions\/2464"}],"wp:attachment":[{"href":"https:\/\/help.jamk.fi\/oppiminen\/wp-json\/wp\/v2\/media?parent=1909"}],"wp:term":[{"taxonomy":"category","embeddable":true,"href":"https:\/\/help.jamk.fi\/oppiminen\/wp-json\/wp\/v2\/categories?post=1909"},{"taxonomy":"post_tag","embeddable":true,"href":"https:\/\/help.jamk.fi\/oppiminen\/wp-json\/wp\/v2\/tags?post=1909"}],"curies":[{"name":"wp","href":"https:\/\/api.w.org\/{rel}","templated":true}]}}