{"id":1910,"date":"2021-04-27T13:03:38","date_gmt":"2021-04-27T12:03:38","guid":{"rendered":"https:\/\/help.jamk.fi\/oppiminen\/verkko-opiskelun-taidot-2\/etatenttiohje\/"},"modified":"2025-05-13T14:53:37","modified_gmt":"2025-05-13T11:53:37","slug":"etatenttiohje","status":"publish","type":"page","link":"https:\/\/help.jamk.fi\/oppiminen\/fi\/etatenttiohje\/","title":{"rendered":"Digitentit"},"content":{"rendered":"\n<p>Digitentit voivat olla valvomattomia tai valvottuja s\u00e4hk\u00f6isi\u00e4 tenttej\u00e4. <\/p>\n\n\n\n<p>Valvomattomat tentit tarkoittavat tilannetta, jossa tentti suoritetaan esimerkiksi Moodle-kurssilla olevan tentti-toiminnallisuuden avulla. Opettaja voi rajata suoritusaikaa tai tentin voi suorittaa vain tiettyn\u00e4 ajankohtana.<\/p>\n\n\n\n<p>Valvotut digitentit voidaan j\u00e4rjest\u00e4\u00e4 esimerkiksi Exam-studioissa Jamkin kampuksilla tai tenttivierailuna yhteisty\u00f6korkeakouluissa eri puolilla Suomea. Valvottu tentti voidaan j\u00e4rjest\u00e4\u00e4 my\u00f6s verkkokokoussovelluksen avulla, jolloin jaetaan n\u00e4ytt\u00f6, \u00e4\u00e4net ja\/tai videokuva. Huomioithan kiinnitt\u00e4\u00e4 n\u00e4iss\u00e4 tapauksissa erityist\u00e4 huomiota ymp\u00e4rist\u00f6\u00f6n. Et\u00e4valvottuihin tentteihin voit osallistua my\u00f6s muualta kuin kotoa, esimerkiksi kirjastosta. Et\u00e4n\u00e4 j\u00e4rjestett\u00e4vien valvottujen tenttien tavoitteena on opiskelijoiden yhdenvertainen kohtelu. <\/p>\n\n\n\n<h2 class=\"wp-block-heading\">Ohjeet opiskelijalle et\u00e4valvottuun tenttiin osallistumisesta <\/h2>\n\n\n\n<p>Et\u00e4valvottujen tenttien toteuttamisessa noudatetaan seuraavia periaatteita:<\/p>\n\n\n\n<ol class=\"wp-block-list\">\n<li>Opettaja tiedottaa sinua tentin yksityiskohdista hyviss\u00e4 ajoin ennen tentti\u00e4.<\/li>\n\n\n\n<li>Varmista ennen tentti\u00e4, ett\u00e4 p\u00e4\u00e4set kirjautumaan mahdolliseen oppimisymp\u00e4rist\u00f6\u00f6n.<\/li>\n\n\n\n<li>Valitse rauhallinen tila tenttiin osallistumista varten. Pyri asettumaan niin, ett\u00e4 taustalla n\u00e4kyy tyhj\u00e4 sein\u00e4 tai k\u00e4yt\u00e4 virtuaalista taustakuvaa (Teams: ty\u00f6kalurivi -&gt; kolme pistett\u00e4 -&gt; Apply background effects. Zoom: videokamerakuvakkeen vieress\u00e4 oleva nuoli &nbsp;-&gt; Choose virtual background.).<\/li>\n\n\n\n<li>Osallistuessasi et\u00e4valvottuun tenttiin suostut valvonnan ehtoihin, kuten esimerkiksi pit\u00e4m\u00e4\u00e4n kameraa p\u00e4\u00e4ll\u00e4. Poikkeustilanteessa voit esimerkiksi sulkea kameran, mutta et\u00e4valvonnan keskeytt\u00e4minen voi johtaa tenttisuorituksen hylk\u00e4\u00e4miseen.<\/li>\n\n\n\n<li>Tentin valvoja ei tallenna tenttitilannetta tai pyyd\u00e4 opiskelijoita tallentamaan sit\u00e4.<\/li>\n\n\n\n<li>Et\u00e4valvottu tentti toteutetaan Jyv\u00e4skyl\u00e4n ammattikorkeakoulun sovelluksilla ja j\u00e4rjestelmill\u00e4.<\/li>\n\n\n\n<li>Vastaat itse tietokoneen, muiden laitteiden ja verkkoyhteyden toimivuudesta.<\/li>\n<\/ol>\n\n\n\n<p>Ole yhteydess\u00e4 opettajaan mahdollisesta vaihtoehtoisesta suoritustavasta. Et\u00e4tentin suorittamiseen liittyviss\u00e4 teknisiss\u00e4 kysymyksiss\u00e4 ota ensin yhteytt\u00e4 tentist\u00e4 vastuussa olevaan opettajaan.<\/p>\n\n\n\n<p><a href=\"https:\/\/help.jamk.fi\/opetus\/fi\/etatenttiohje\/\">Et\u00e4tenttiohje: Ohjeet tentin j\u00e4rjest\u00e4j\u00e4lle<\/a>\u00a0<\/p>\n\n\n\n<p><em>Ohje hyv\u00e4ksytty opintoasioiden lautakunnassa 27.4.2021 <\/em><\/p>\n\n\n\n<p>Linkkej\u00e4 tekstiss\u00e4 mainittuihin lis\u00e4tietoihin:<\/p>\n\n\n\n<ul class=\"wp-block-list\">\n<li><a href=\"https:\/\/help.jamk.fi\/exam\/fi\/\">Tietoa ja ohjeita Jamkin Examstudioiden k\u00e4yt\u00f6st\u00e4<\/a><\/li>\n\n\n\n<li><a href=\"https:\/\/help.jamk.fi\/exam\/fi\/opiskelijalle\/exam-tenttivierailu-toisessa-korkeakoulussa\/\">Tietoa Exam-tenttivierailuista yhteisty\u00f6korkeakouluissa<\/a><\/li>\n<\/ul>\n\n\n\n<p><\/p>\n","protected":false},"excerpt":{"rendered":"<p>Digitentit voivat olla valvomattomia tai valvottuja s\u00e4hk\u00f6isi\u00e4 tenttej\u00e4. Valvomattomat tentit tarkoittavat tilannetta, jossa tentti suoritetaan esimerkiksi Moodle-kurssilla olevan tentti-toiminnallisuuden avulla. Opettaja voi rajata suoritusaikaa tai tentin voi suorittaa vain tiettyn\u00e4 ajankohtana. Valvotut digitentit voidaan j\u00e4rjest\u00e4\u00e4 esimerkiksi Exam-studioissa Jamkin kampuksilla tai tenttivierailuna yhteisty\u00f6korkeakouluissa eri puolilla Suomea. Valvottu tentti voidaan j\u00e4rjest\u00e4\u00e4 my\u00f6s verkkokokoussovelluksen avulla, jolloin jaetaan n\u00e4ytt\u00f6, [&hellip;]<\/p>\n","protected":false},"author":73,"featured_media":0,"parent":0,"menu_order":12,"comment_status":"closed","ping_status":"closed","template":"","meta":{"_acf_changed":false,"_relevanssi_hide_post":"","_relevanssi_hide_content":"","_relevanssi_pin_for_all":"","_relevanssi_pin_keywords":"","_relevanssi_unpin_keywords":"","_relevanssi_related_keywords":"","_relevanssi_related_include_ids":"","_relevanssi_related_exclude_ids":"","_relevanssi_related_no_append":"","_relevanssi_related_not_related":"","_relevanssi_related_posts":"","_relevanssi_noindex_reason":"","footnotes":""},"categories":[1],"tags":[],"class_list":["post-1910","page","type-page","status-publish","hentry","category-uncategorised"],"acf":[],"yoast_head":"<!-- This site is optimized with the Yoast SEO plugin v27.3 - https:\/\/yoast.com\/product\/yoast-seo-wordpress\/ -->\n<title>Digitentit - Oppiminen<\/title>\n<meta name=\"robots\" content=\"index, follow, max-snippet:-1, max-image-preview:large, max-video-preview:-1\" \/>\n<link rel=\"canonical\" href=\"https:\/\/help.jamk.fi\/oppiminen\/fi\/etatenttiohje\/\" \/>\n<meta property=\"og:locale\" content=\"fi_FI\" \/>\n<meta property=\"og:type\" content=\"article\" \/>\n<meta property=\"og:title\" content=\"Digitentit - Oppiminen\" \/>\n<meta property=\"og:description\" content=\"Digitentit voivat olla valvomattomia tai valvottuja s\u00e4hk\u00f6isi\u00e4 tenttej\u00e4. Valvomattomat tentit tarkoittavat tilannetta, jossa tentti suoritetaan esimerkiksi Moodle-kurssilla olevan tentti-toiminnallisuuden avulla. Opettaja voi rajata suoritusaikaa tai tentin voi suorittaa vain tiettyn\u00e4 ajankohtana. Valvotut digitentit voidaan j\u00e4rjest\u00e4\u00e4 esimerkiksi Exam-studioissa Jamkin kampuksilla tai tenttivierailuna yhteisty\u00f6korkeakouluissa eri puolilla Suomea. Valvottu tentti voidaan j\u00e4rjest\u00e4\u00e4 my\u00f6s verkkokokoussovelluksen avulla, jolloin jaetaan n\u00e4ytt\u00f6, [&hellip;]\" \/>\n<meta property=\"og:url\" content=\"https:\/\/help.jamk.fi\/oppiminen\/fi\/etatenttiohje\/\" \/>\n<meta property=\"og:site_name\" content=\"Oppiminen\" \/>\n<meta property=\"article:modified_time\" content=\"2025-05-13T11:53:37+00:00\" \/>\n<meta name=\"twitter:card\" content=\"summary_large_image\" \/>\n<meta name=\"twitter:label1\" content=\"Arvioitu lukuaika\" \/>\n\t<meta name=\"twitter:data1\" content=\"2 minuuttia\" \/>\n<script type=\"application\/ld+json\" class=\"yoast-schema-graph\">{\"@context\":\"https:\\\/\\\/schema.org\",\"@graph\":[{\"@type\":\"WebPage\",\"@id\":\"https:\\\/\\\/help.jamk.fi\\\/oppiminen\\\/fi\\\/etatenttiohje\\\/\",\"url\":\"https:\\\/\\\/help.jamk.fi\\\/oppiminen\\\/fi\\\/etatenttiohje\\\/\",\"name\":\"Digitentit - Oppiminen\",\"isPartOf\":{\"@id\":\"https:\\\/\\\/help.jamk.fi\\\/oppiminen\\\/#website\"},\"datePublished\":\"2021-04-27T12:03:38+00:00\",\"dateModified\":\"2025-05-13T11:53:37+00:00\",\"breadcrumb\":{\"@id\":\"https:\\\/\\\/help.jamk.fi\\\/oppiminen\\\/fi\\\/etatenttiohje\\\/#breadcrumb\"},\"inLanguage\":\"fi\",\"potentialAction\":[{\"@type\":\"ReadAction\",\"target\":[\"https:\\\/\\\/help.jamk.fi\\\/oppiminen\\\/fi\\\/etatenttiohje\\\/\"]}]},{\"@type\":\"BreadcrumbList\",\"@id\":\"https:\\\/\\\/help.jamk.fi\\\/oppiminen\\\/fi\\\/etatenttiohje\\\/#breadcrumb\",\"itemListElement\":[{\"@type\":\"ListItem\",\"position\":1,\"name\":\"Home\",\"item\":\"https:\\\/\\\/help.jamk.fi\\\/oppiminen\\\/fi\\\/\"},{\"@type\":\"ListItem\",\"position\":2,\"name\":\"Digitentit\"}]},{\"@type\":\"WebSite\",\"@id\":\"https:\\\/\\\/help.jamk.fi\\\/oppiminen\\\/#website\",\"url\":\"https:\\\/\\\/help.jamk.fi\\\/oppiminen\\\/\",\"name\":\"Oppiminen\",\"description\":\"\",\"potentialAction\":[{\"@type\":\"SearchAction\",\"target\":{\"@type\":\"EntryPoint\",\"urlTemplate\":\"https:\\\/\\\/help.jamk.fi\\\/oppiminen\\\/?s={search_term_string}\"},\"query-input\":{\"@type\":\"PropertyValueSpecification\",\"valueRequired\":true,\"valueName\":\"search_term_string\"}}],\"inLanguage\":\"fi\"}]}<\/script>\n<!-- \/ Yoast SEO plugin. -->","yoast_head_json":{"title":"Digitentit - Oppiminen","robots":{"index":"index","follow":"follow","max-snippet":"max-snippet:-1","max-image-preview":"max-image-preview:large","max-video-preview":"max-video-preview:-1"},"canonical":"https:\/\/help.jamk.fi\/oppiminen\/fi\/etatenttiohje\/","og_locale":"fi_FI","og_type":"article","og_title":"Digitentit - Oppiminen","og_description":"Digitentit voivat olla valvomattomia tai valvottuja s\u00e4hk\u00f6isi\u00e4 tenttej\u00e4. Valvomattomat tentit tarkoittavat tilannetta, jossa tentti suoritetaan esimerkiksi Moodle-kurssilla olevan tentti-toiminnallisuuden avulla. Opettaja voi rajata suoritusaikaa tai tentin voi suorittaa vain tiettyn\u00e4 ajankohtana. Valvotut digitentit voidaan j\u00e4rjest\u00e4\u00e4 esimerkiksi Exam-studioissa Jamkin kampuksilla tai tenttivierailuna yhteisty\u00f6korkeakouluissa eri puolilla Suomea. Valvottu tentti voidaan j\u00e4rjest\u00e4\u00e4 my\u00f6s verkkokokoussovelluksen avulla, jolloin jaetaan n\u00e4ytt\u00f6, [&hellip;]","og_url":"https:\/\/help.jamk.fi\/oppiminen\/fi\/etatenttiohje\/","og_site_name":"Oppiminen","article_modified_time":"2025-05-13T11:53:37+00:00","twitter_card":"summary_large_image","twitter_misc":{"Arvioitu lukuaika":"2 minuuttia"},"schema":{"@context":"https:\/\/schema.org","@graph":[{"@type":"WebPage","@id":"https:\/\/help.jamk.fi\/oppiminen\/fi\/etatenttiohje\/","url":"https:\/\/help.jamk.fi\/oppiminen\/fi\/etatenttiohje\/","name":"Digitentit - Oppiminen","isPartOf":{"@id":"https:\/\/help.jamk.fi\/oppiminen\/#website"},"datePublished":"2021-04-27T12:03:38+00:00","dateModified":"2025-05-13T11:53:37+00:00","breadcrumb":{"@id":"https:\/\/help.jamk.fi\/oppiminen\/fi\/etatenttiohje\/#breadcrumb"},"inLanguage":"fi","potentialAction":[{"@type":"ReadAction","target":["https:\/\/help.jamk.fi\/oppiminen\/fi\/etatenttiohje\/"]}]},{"@type":"BreadcrumbList","@id":"https:\/\/help.jamk.fi\/oppiminen\/fi\/etatenttiohje\/#breadcrumb","itemListElement":[{"@type":"ListItem","position":1,"name":"Home","item":"https:\/\/help.jamk.fi\/oppiminen\/fi\/"},{"@type":"ListItem","position":2,"name":"Digitentit"}]},{"@type":"WebSite","@id":"https:\/\/help.jamk.fi\/oppiminen\/#website","url":"https:\/\/help.jamk.fi\/oppiminen\/","name":"Oppiminen","description":"","potentialAction":[{"@type":"SearchAction","target":{"@type":"EntryPoint","urlTemplate":"https:\/\/help.jamk.fi\/oppiminen\/?s={search_term_string}"},"query-input":{"@type":"PropertyValueSpecification","valueRequired":true,"valueName":"search_term_string"}}],"inLanguage":"fi"}]}},"_links":{"self":[{"href":"https:\/\/help.jamk.fi\/oppiminen\/wp-json\/wp\/v2\/pages\/1910","targetHints":{"allow":["GET"]}}],"collection":[{"href":"https:\/\/help.jamk.fi\/oppiminen\/wp-json\/wp\/v2\/pages"}],"about":[{"href":"https:\/\/help.jamk.fi\/oppiminen\/wp-json\/wp\/v2\/types\/page"}],"author":[{"embeddable":true,"href":"https:\/\/help.jamk.fi\/oppiminen\/wp-json\/wp\/v2\/users\/73"}],"replies":[{"embeddable":true,"href":"https:\/\/help.jamk.fi\/oppiminen\/wp-json\/wp\/v2\/comments?post=1910"}],"version-history":[{"count":5,"href":"https:\/\/help.jamk.fi\/oppiminen\/wp-json\/wp\/v2\/pages\/1910\/revisions"}],"predecessor-version":[{"id":2418,"href":"https:\/\/help.jamk.fi\/oppiminen\/wp-json\/wp\/v2\/pages\/1910\/revisions\/2418"}],"wp:attachment":[{"href":"https:\/\/help.jamk.fi\/oppiminen\/wp-json\/wp\/v2\/media?parent=1910"}],"wp:term":[{"taxonomy":"category","embeddable":true,"href":"https:\/\/help.jamk.fi\/oppiminen\/wp-json\/wp\/v2\/categories?post=1910"},{"taxonomy":"post_tag","embeddable":true,"href":"https:\/\/help.jamk.fi\/oppiminen\/wp-json\/wp\/v2\/tags?post=1910"}],"curies":[{"name":"wp","href":"https:\/\/api.w.org\/{rel}","templated":true}]}}