{"id":1912,"date":"2022-10-03T13:15:36","date_gmt":"2022-10-03T12:15:36","guid":{"rendered":"https:\/\/help.jamk.fi\/oppiminen\/moodle\/turnitin-tarkistus-moodlessa\/"},"modified":"2024-01-19T15:12:02","modified_gmt":"2024-01-19T13:12:02","slug":"turnitin-tarkistus-moodlessa","status":"publish","type":"page","link":"https:\/\/help.jamk.fi\/oppiminen\/fi\/moodle-3\/turnitin-tarkistus-moodlessa\/","title":{"rendered":"Turnitin tarkistus Moodlessa"},"content":{"rendered":"\n<p>Tieteellinen kirjoittaminen on yksi ammattikorkeakoulussa opeteltava taito, jota tarvitaan asiantuntijuuteen kasvamisessa. T\u00e4h\u00e4n osa-alueeseen kuuluu l\u00e4hdeaineistojen asianmukainen k\u00e4ytt\u00f6. Jamkin Moodlessa on k\u00e4yt\u00f6ss\u00e4 Turnitin Similarity -ohjelma tuottamasi tekstin samankaltaisuuden vertaamiseen jo julkaistuihin teksteihin. T\u00e4ss\u00e4 ohjeessa k\u00e4yd\u00e4\u00e4n l\u00e4pi miten Turnitin toimii Moodlen teht\u00e4v\u00e4palautuksen yhteydess\u00e4.<\/p>\n\n\n\n<p>Ensimm\u00e4isell\u00e4 kerralla hyv\u00e4ksyt\u00e4\u00e4n Turnitinin k\u00e4ytt\u00f6ehdot (EULA, End-User License Agreement) samankaltaisuuksien vertailua varten. K\u00e4ytt\u00f6ehdot avautuvat linkist\u00e4. Tutustu niihin ja hyv\u00e4ksy painamalla I accept the Turnitin EULA -painiketta. K\u00e4ytt\u00f6ehtojen hyv\u00e4ksynn\u00e4n j\u00e4lkeen vertailu k\u00e4ynnistyy. Vasta vertailun j\u00e4lkeen opettaja voi arvioida palauttamasi teht\u00e4v\u00e4n.  <\/p>\n\n\n\n<figure class=\"wp-block-image size-full is-resized\"><img loading=\"lazy\" decoding=\"async\" width=\"1010\" height=\"403\" src=\"https:\/\/help.jamk.fi\/oppiminen\/wp-content\/uploads\/sites\/132\/2022\/10\/Turnitin1FI.jpg\" alt=\"Kuvassa on ympyr\u00f6ity Moodlen sivulla n\u00e4kyv\u00e4 teksti Turnitin End User Licence Agreement ja I accept the Turnitin EULA -painike.\" class=\"wp-image-1775\"\/><figcaption class=\"wp-element-caption\">Turnitin-k\u00e4ytt\u00f6ehtojen hyv\u00e4ksymisen n\u00e4kym\u00e4.<\/figcaption><\/figure>\n\n\n\n<p>Palauttamasi tiedosto on tarkistusjonossa yleens\u00e4 noin 10 minuuttia. Aika voi vaihdella, joten ole k\u00e4rsiv\u00e4llinen. T\u00e4m\u00e4 vaihe n\u00e4kyy tekstin\u00e4 &#8221;Queued&#8221;.<\/p>\n\n\n\n<figure class=\"wp-block-image size-full is-resized\"><img loading=\"lazy\" decoding=\"async\" width=\"546\" height=\"281\" src=\"https:\/\/help.jamk.fi\/oppiminen\/wp-content\/uploads\/sites\/132\/2022\/10\/Turnitin2FI.jpg\" alt=\"\" class=\"wp-image-1776\"\/><figcaption class=\"wp-element-caption\">Tiedosto odottaa Turnitin-tarkastusta.<\/figcaption><\/figure>\n\n\n\n<p>Tarkistuksen valmistumisen j\u00e4lkeen tulosta p\u00e4\u00e4see katsomaan klikkaamalla prosenttilukua Turnitin-ikonin vieress\u00e4. Prosenttiluku ilmaisee kuinka paljon samankaltaisuutta Turnitin on l\u00f6yt\u00e4nyt tekstist\u00e4. Jos palautetussa tiedostossa on v\u00e4hemm\u00e4n kuin 20 sanaa, samankaltaisuuden vertailua ei voida tehd\u00e4. Se n\u00e4kyy tekstin\u00e4 \u201dError\u201d.<\/p>\n\n\n\n<figure class=\"wp-block-image size-full is-resized\"><img loading=\"lazy\" decoding=\"async\" width=\"568\" height=\"264\" src=\"https:\/\/help.jamk.fi\/oppiminen\/wp-content\/uploads\/sites\/132\/2022\/10\/Turnitin3FI.jpg\" alt=\"\" class=\"wp-image-1777\"\/><figcaption class=\"wp-element-caption\">Turnitin-tarkistus on valmistunut<\/figcaption><\/figure>\n\n\n\n<p>Voit kokeilla Jamkin Moodlessa tekstin samankaltaisuuden tarkistusta ennakkoon. Kirjaudu Jamkin Moodleen, hae oikean yl\u00e4kulman haku-toiminnolla kurssialue &#8221;Turnitin tarkastus&#8221;. Kirjautumisavain, jolla p\u00e4\u00e4set sis\u00e4\u00e4n, n\u00e4kyy hakutuloksen yhteydess\u00e4. <\/p>\n","protected":false},"excerpt":{"rendered":"<p>Tieteellinen kirjoittaminen on yksi ammattikorkeakoulussa opeteltava taito, jota tarvitaan asiantuntijuuteen kasvamisessa. T\u00e4h\u00e4n osa-alueeseen kuuluu l\u00e4hdeaineistojen asianmukainen k\u00e4ytt\u00f6. Jamkin Moodlessa on k\u00e4yt\u00f6ss\u00e4 Turnitin Similarity -ohjelma tuottamasi tekstin samankaltaisuuden vertaamiseen jo julkaistuihin teksteihin. T\u00e4ss\u00e4 ohjeessa k\u00e4yd\u00e4\u00e4n l\u00e4pi miten Turnitin toimii Moodlen teht\u00e4v\u00e4palautuksen yhteydess\u00e4. Ensimm\u00e4isell\u00e4 kerralla hyv\u00e4ksyt\u00e4\u00e4n Turnitinin k\u00e4ytt\u00f6ehdot (EULA, End-User License Agreement) samankaltaisuuksien vertailua varten. K\u00e4ytt\u00f6ehdot avautuvat [&hellip;]<\/p>\n","protected":false},"author":73,"featured_media":0,"parent":1909,"menu_order":0,"comment_status":"closed","ping_status":"open","template":"","meta":{"_acf_changed":false,"_relevanssi_hide_post":"","_relevanssi_hide_content":"","_relevanssi_pin_for_all":"","_relevanssi_pin_keywords":"","_relevanssi_unpin_keywords":"","_relevanssi_related_keywords":"","_relevanssi_related_include_ids":"","_relevanssi_related_exclude_ids":"","_relevanssi_related_no_append":"","_relevanssi_related_not_related":"","_relevanssi_related_posts":"","_relevanssi_noindex_reason":"","footnotes":""},"categories":[1],"tags":[16,14,18],"class_list":["post-1912","page","type-page","status-publish","hentry","category-uncategorised","tag-kirjoittaminen","tag-moodle","tag-turnitin"],"acf":[],"yoast_head":"<!-- This site is optimized with the Yoast SEO plugin v27.5 - https:\/\/yoast.com\/product\/yoast-seo-wordpress\/ -->\n<title>Turnitin tarkistus Moodlessa - Oppiminen<\/title>\n<meta name=\"robots\" content=\"index, follow, max-snippet:-1, max-image-preview:large, max-video-preview:-1\" \/>\n<link rel=\"canonical\" href=\"https:\/\/help.jamk.fi\/oppiminen\/fi\/moodle-3\/turnitin-tarkistus-moodlessa\/\" \/>\n<meta property=\"og:locale\" content=\"fi_FI\" \/>\n<meta property=\"og:type\" content=\"article\" \/>\n<meta property=\"og:title\" content=\"Turnitin tarkistus Moodlessa - Oppiminen\" \/>\n<meta property=\"og:description\" content=\"Tieteellinen kirjoittaminen on yksi ammattikorkeakoulussa opeteltava taito, jota tarvitaan asiantuntijuuteen kasvamisessa. T\u00e4h\u00e4n osa-alueeseen kuuluu l\u00e4hdeaineistojen asianmukainen k\u00e4ytt\u00f6. Jamkin Moodlessa on k\u00e4yt\u00f6ss\u00e4 Turnitin Similarity -ohjelma tuottamasi tekstin samankaltaisuuden vertaamiseen jo julkaistuihin teksteihin. T\u00e4ss\u00e4 ohjeessa k\u00e4yd\u00e4\u00e4n l\u00e4pi miten Turnitin toimii Moodlen teht\u00e4v\u00e4palautuksen yhteydess\u00e4. Ensimm\u00e4isell\u00e4 kerralla hyv\u00e4ksyt\u00e4\u00e4n Turnitinin k\u00e4ytt\u00f6ehdot (EULA, End-User License Agreement) samankaltaisuuksien vertailua varten. K\u00e4ytt\u00f6ehdot avautuvat [&hellip;]\" \/>\n<meta property=\"og:url\" content=\"https:\/\/help.jamk.fi\/oppiminen\/fi\/moodle-3\/turnitin-tarkistus-moodlessa\/\" \/>\n<meta property=\"og:site_name\" content=\"Oppiminen\" \/>\n<meta property=\"article:modified_time\" content=\"2024-01-19T13:12:02+00:00\" \/>\n<meta property=\"og:image\" content=\"https:\/\/help.jamk.fi\/oppiminen\/wp-content\/uploads\/sites\/132\/2022\/10\/Turnitin1FI.jpg\" \/>\n<meta name=\"twitter:card\" content=\"summary_large_image\" \/>\n<meta name=\"twitter:label1\" content=\"Arvioitu lukuaika\" \/>\n\t<meta name=\"twitter:data1\" content=\"2 minuuttia\" \/>\n<script type=\"application\/ld+json\" class=\"yoast-schema-graph\">{\"@context\":\"https:\\\/\\\/schema.org\",\"@graph\":[{\"@type\":\"WebPage\",\"@id\":\"https:\\\/\\\/help.jamk.fi\\\/oppiminen\\\/fi\\\/moodle-3\\\/turnitin-tarkistus-moodlessa\\\/\",\"url\":\"https:\\\/\\\/help.jamk.fi\\\/oppiminen\\\/fi\\\/moodle-3\\\/turnitin-tarkistus-moodlessa\\\/\",\"name\":\"Turnitin tarkistus Moodlessa - Oppiminen\",\"isPartOf\":{\"@id\":\"https:\\\/\\\/help.jamk.fi\\\/oppiminen\\\/#website\"},\"primaryImageOfPage\":{\"@id\":\"https:\\\/\\\/help.jamk.fi\\\/oppiminen\\\/fi\\\/moodle-3\\\/turnitin-tarkistus-moodlessa\\\/#primaryimage\"},\"image\":{\"@id\":\"https:\\\/\\\/help.jamk.fi\\\/oppiminen\\\/fi\\\/moodle-3\\\/turnitin-tarkistus-moodlessa\\\/#primaryimage\"},\"thumbnailUrl\":\"https:\\\/\\\/help.jamk.fi\\\/oppiminen\\\/wp-content\\\/uploads\\\/sites\\\/132\\\/2022\\\/10\\\/Turnitin1FI.jpg\",\"datePublished\":\"2022-10-03T12:15:36+00:00\",\"dateModified\":\"2024-01-19T13:12:02+00:00\",\"breadcrumb\":{\"@id\":\"https:\\\/\\\/help.jamk.fi\\\/oppiminen\\\/fi\\\/moodle-3\\\/turnitin-tarkistus-moodlessa\\\/#breadcrumb\"},\"inLanguage\":\"fi\",\"potentialAction\":[{\"@type\":\"ReadAction\",\"target\":[\"https:\\\/\\\/help.jamk.fi\\\/oppiminen\\\/fi\\\/moodle-3\\\/turnitin-tarkistus-moodlessa\\\/\"]}]},{\"@type\":\"ImageObject\",\"inLanguage\":\"fi\",\"@id\":\"https:\\\/\\\/help.jamk.fi\\\/oppiminen\\\/fi\\\/moodle-3\\\/turnitin-tarkistus-moodlessa\\\/#primaryimage\",\"url\":\"https:\\\/\\\/help.jamk.fi\\\/oppiminen\\\/wp-content\\\/uploads\\\/sites\\\/132\\\/2022\\\/10\\\/Turnitin1FI.jpg\",\"contentUrl\":\"https:\\\/\\\/help.jamk.fi\\\/oppiminen\\\/wp-content\\\/uploads\\\/sites\\\/132\\\/2022\\\/10\\\/Turnitin1FI.jpg\",\"width\":1010,\"height\":403,\"caption\":\"Kuvassa on Moodlen k\u00e4ytt\u00f6liittym\u00e4, jossa n\u00e4kyy Turnitin-teht\u00e4v\u00e4n l\u00e4hetyssivu. Sivulla on punaisella ympyr\u00f6ity sininen painike, jossa hyv\u00e4ksyt\u00e4\u00e4n Turnitinin k\u00e4ytt\u00f6sopimus. Kuvan alaosassa on tiedoston palautukselle varattu tila.\"},{\"@type\":\"BreadcrumbList\",\"@id\":\"https:\\\/\\\/help.jamk.fi\\\/oppiminen\\\/fi\\\/moodle-3\\\/turnitin-tarkistus-moodlessa\\\/#breadcrumb\",\"itemListElement\":[{\"@type\":\"ListItem\",\"position\":1,\"name\":\"Home\",\"item\":\"https:\\\/\\\/help.jamk.fi\\\/oppiminen\\\/fi\\\/\"},{\"@type\":\"ListItem\",\"position\":2,\"name\":\"Moodle oppimisymp\u00e4rist\u00f6n\u00e4\",\"item\":\"https:\\\/\\\/help.jamk.fi\\\/oppiminen\\\/fi\\\/moodle-3\\\/\"},{\"@type\":\"ListItem\",\"position\":3,\"name\":\"Turnitin tarkistus Moodlessa\"}]},{\"@type\":\"WebSite\",\"@id\":\"https:\\\/\\\/help.jamk.fi\\\/oppiminen\\\/#website\",\"url\":\"https:\\\/\\\/help.jamk.fi\\\/oppiminen\\\/\",\"name\":\"Oppiminen\",\"description\":\"\",\"potentialAction\":[{\"@type\":\"SearchAction\",\"target\":{\"@type\":\"EntryPoint\",\"urlTemplate\":\"https:\\\/\\\/help.jamk.fi\\\/oppiminen\\\/?s={search_term_string}\"},\"query-input\":{\"@type\":\"PropertyValueSpecification\",\"valueRequired\":true,\"valueName\":\"search_term_string\"}}],\"inLanguage\":\"fi\"}]}<\/script>\n<!-- \/ Yoast SEO plugin. -->","yoast_head_json":{"title":"Turnitin tarkistus Moodlessa - Oppiminen","robots":{"index":"index","follow":"follow","max-snippet":"max-snippet:-1","max-image-preview":"max-image-preview:large","max-video-preview":"max-video-preview:-1"},"canonical":"https:\/\/help.jamk.fi\/oppiminen\/fi\/moodle-3\/turnitin-tarkistus-moodlessa\/","og_locale":"fi_FI","og_type":"article","og_title":"Turnitin tarkistus Moodlessa - Oppiminen","og_description":"Tieteellinen kirjoittaminen on yksi ammattikorkeakoulussa opeteltava taito, jota tarvitaan asiantuntijuuteen kasvamisessa. T\u00e4h\u00e4n osa-alueeseen kuuluu l\u00e4hdeaineistojen asianmukainen k\u00e4ytt\u00f6. Jamkin Moodlessa on k\u00e4yt\u00f6ss\u00e4 Turnitin Similarity -ohjelma tuottamasi tekstin samankaltaisuuden vertaamiseen jo julkaistuihin teksteihin. T\u00e4ss\u00e4 ohjeessa k\u00e4yd\u00e4\u00e4n l\u00e4pi miten Turnitin toimii Moodlen teht\u00e4v\u00e4palautuksen yhteydess\u00e4. Ensimm\u00e4isell\u00e4 kerralla hyv\u00e4ksyt\u00e4\u00e4n Turnitinin k\u00e4ytt\u00f6ehdot (EULA, End-User License Agreement) samankaltaisuuksien vertailua varten. K\u00e4ytt\u00f6ehdot avautuvat [&hellip;]","og_url":"https:\/\/help.jamk.fi\/oppiminen\/fi\/moodle-3\/turnitin-tarkistus-moodlessa\/","og_site_name":"Oppiminen","article_modified_time":"2024-01-19T13:12:02+00:00","og_image":[{"url":"https:\/\/help.jamk.fi\/oppiminen\/wp-content\/uploads\/sites\/132\/2022\/10\/Turnitin1FI.jpg","type":"","width":"","height":""}],"twitter_card":"summary_large_image","twitter_misc":{"Arvioitu lukuaika":"2 minuuttia"},"schema":{"@context":"https:\/\/schema.org","@graph":[{"@type":"WebPage","@id":"https:\/\/help.jamk.fi\/oppiminen\/fi\/moodle-3\/turnitin-tarkistus-moodlessa\/","url":"https:\/\/help.jamk.fi\/oppiminen\/fi\/moodle-3\/turnitin-tarkistus-moodlessa\/","name":"Turnitin tarkistus Moodlessa - Oppiminen","isPartOf":{"@id":"https:\/\/help.jamk.fi\/oppiminen\/#website"},"primaryImageOfPage":{"@id":"https:\/\/help.jamk.fi\/oppiminen\/fi\/moodle-3\/turnitin-tarkistus-moodlessa\/#primaryimage"},"image":{"@id":"https:\/\/help.jamk.fi\/oppiminen\/fi\/moodle-3\/turnitin-tarkistus-moodlessa\/#primaryimage"},"thumbnailUrl":"https:\/\/help.jamk.fi\/oppiminen\/wp-content\/uploads\/sites\/132\/2022\/10\/Turnitin1FI.jpg","datePublished":"2022-10-03T12:15:36+00:00","dateModified":"2024-01-19T13:12:02+00:00","breadcrumb":{"@id":"https:\/\/help.jamk.fi\/oppiminen\/fi\/moodle-3\/turnitin-tarkistus-moodlessa\/#breadcrumb"},"inLanguage":"fi","potentialAction":[{"@type":"ReadAction","target":["https:\/\/help.jamk.fi\/oppiminen\/fi\/moodle-3\/turnitin-tarkistus-moodlessa\/"]}]},{"@type":"ImageObject","inLanguage":"fi","@id":"https:\/\/help.jamk.fi\/oppiminen\/fi\/moodle-3\/turnitin-tarkistus-moodlessa\/#primaryimage","url":"https:\/\/help.jamk.fi\/oppiminen\/wp-content\/uploads\/sites\/132\/2022\/10\/Turnitin1FI.jpg","contentUrl":"https:\/\/help.jamk.fi\/oppiminen\/wp-content\/uploads\/sites\/132\/2022\/10\/Turnitin1FI.jpg","width":1010,"height":403,"caption":"Kuvassa on Moodlen k\u00e4ytt\u00f6liittym\u00e4, jossa n\u00e4kyy Turnitin-teht\u00e4v\u00e4n l\u00e4hetyssivu. Sivulla on punaisella ympyr\u00f6ity sininen painike, jossa hyv\u00e4ksyt\u00e4\u00e4n Turnitinin k\u00e4ytt\u00f6sopimus. Kuvan alaosassa on tiedoston palautukselle varattu tila."},{"@type":"BreadcrumbList","@id":"https:\/\/help.jamk.fi\/oppiminen\/fi\/moodle-3\/turnitin-tarkistus-moodlessa\/#breadcrumb","itemListElement":[{"@type":"ListItem","position":1,"name":"Home","item":"https:\/\/help.jamk.fi\/oppiminen\/fi\/"},{"@type":"ListItem","position":2,"name":"Moodle oppimisymp\u00e4rist\u00f6n\u00e4","item":"https:\/\/help.jamk.fi\/oppiminen\/fi\/moodle-3\/"},{"@type":"ListItem","position":3,"name":"Turnitin tarkistus Moodlessa"}]},{"@type":"WebSite","@id":"https:\/\/help.jamk.fi\/oppiminen\/#website","url":"https:\/\/help.jamk.fi\/oppiminen\/","name":"Oppiminen","description":"","potentialAction":[{"@type":"SearchAction","target":{"@type":"EntryPoint","urlTemplate":"https:\/\/help.jamk.fi\/oppiminen\/?s={search_term_string}"},"query-input":{"@type":"PropertyValueSpecification","valueRequired":true,"valueName":"search_term_string"}}],"inLanguage":"fi"}]}},"_links":{"self":[{"href":"https:\/\/help.jamk.fi\/oppiminen\/wp-json\/wp\/v2\/pages\/1912","targetHints":{"allow":["GET"]}}],"collection":[{"href":"https:\/\/help.jamk.fi\/oppiminen\/wp-json\/wp\/v2\/pages"}],"about":[{"href":"https:\/\/help.jamk.fi\/oppiminen\/wp-json\/wp\/v2\/types\/page"}],"author":[{"embeddable":true,"href":"https:\/\/help.jamk.fi\/oppiminen\/wp-json\/wp\/v2\/users\/73"}],"replies":[{"embeddable":true,"href":"https:\/\/help.jamk.fi\/oppiminen\/wp-json\/wp\/v2\/comments?post=1912"}],"version-history":[{"count":5,"href":"https:\/\/help.jamk.fi\/oppiminen\/wp-json\/wp\/v2\/pages\/1912\/revisions"}],"predecessor-version":[{"id":2352,"href":"https:\/\/help.jamk.fi\/oppiminen\/wp-json\/wp\/v2\/pages\/1912\/revisions\/2352"}],"up":[{"embeddable":true,"href":"https:\/\/help.jamk.fi\/oppiminen\/wp-json\/wp\/v2\/pages\/1909"}],"wp:attachment":[{"href":"https:\/\/help.jamk.fi\/oppiminen\/wp-json\/wp\/v2\/media?parent=1912"}],"wp:term":[{"taxonomy":"category","embeddable":true,"href":"https:\/\/help.jamk.fi\/oppiminen\/wp-json\/wp\/v2\/categories?post=1912"},{"taxonomy":"post_tag","embeddable":true,"href":"https:\/\/help.jamk.fi\/oppiminen\/wp-json\/wp\/v2\/tags?post=1912"}],"curies":[{"name":"wp","href":"https:\/\/api.w.org\/{rel}","templated":true}]}}