{"id":20,"date":"2022-09-20T09:21:22","date_gmt":"2022-09-20T06:21:22","guid":{"rendered":"https:\/\/help.jamk.fi\/ops-kasikirja\/ennakointi\/"},"modified":"2023-12-05T09:26:56","modified_gmt":"2023-12-05T07:26:56","slug":"ennakointi","status":"publish","type":"page","link":"https:\/\/help.jamk.fi\/ops-kasikirja\/fi\/ennakointi\/","title":{"rendered":"Osaamisen ennakointi"},"content":{"rendered":"\n<p>Ennakointi kuuluu kaikille ja oman alan toimintaymp\u00e4rist\u00f6\u00e4 kannattaa seurata jatkuvasti tulevaisuusorientoituneesti. Ennakointi tarkoittaa tulevaisuuden luotausta eli tulevaisuuden \u201dn\u00e4kemist\u00e4\u201d ja tulevaisuuden suunnittelua eli tulevaisuuden \u201dtekemist\u00e4\u201d. Ennakointi j\u00e4sent\u00e4\u00e4 tulevaisuustietoa k\u00e4ytett\u00e4v\u00e4ksi p\u00e4\u00e4t\u00f6ksenteossa nyt. Tulevaisuuteen vaikuttaminen edellytt\u00e4\u00e4 omien tekojen ja valintojen merkityksen tiedostamista, nykyisten oletusten haastamista, toivottavien tulevaisuuksien kuvittelemista ja niist\u00e4 keskustelemista.<\/p>\n\n\n\n<h2 class=\"wp-block-heading\">L\u00e4ht\u00f6kohtana \u201doikeiden\u201d kysymysten kysyminen:<\/h2>\n\n\n\n<ul class=\"wp-block-list\">\n<li>Mit\u00e4 tied\u00e4mme, ett\u00e4 ymm\u00e4rr\u00e4mme tulevaisuudesta?<\/li>\n\n\n\n<li>Mit\u00e4 emme ymm\u00e4rr\u00e4?<\/li>\n\n\n\n<li>Millaisia trendej\u00e4 ja ep\u00e4varmuustekij\u00f6it\u00e4 tunnistamme?<\/li>\n\n\n\n<li>Mit\u00e4 mahdollisuuksia meille avautuu erilaisista tulevaisuuksista?<\/li>\n\n\n\n<li>Millaisia riskej\u00e4 voidaan tunnistaa toiminnallemme?<\/li>\n\n\n\n<li>Miten meid\u00e4n tulisi varautua erilaisiin tulevaisuuden kehityskulkuihin?<\/li>\n\n\n\n<li>Mink\u00e4laisella osaamisella tulevaisuuden toimintaymp\u00e4rist\u00f6ss\u00e4 p\u00e4rj\u00e4\u00e4?<\/li>\n\n\n\n<li>Miten tuotamme vaikuttavaa osaamista?<\/li>\n\n\n\n<li>Mit\u00e4 tekij\u00f6it\u00e4\/muuttujia pit\u00e4isi huomioida OPS-ty\u00f6ss\u00e4?<\/li>\n<\/ul>\n\n\n\n<h2 class=\"wp-block-heading\">Miten hy\u00f6dynt\u00e4\u00e4 jatkuvaa ennakointia OPS-ty\u00f6ss\u00e4?<\/h2>\n\n\n\n<ol class=\"wp-block-list\">\n<li>On helppo j\u00e4\u00e4d\u00e4 kiinni tuttuun ja turvalliseen ja samaan. Mit\u00e4 tulevaisuuksia emme halua n\u00e4hd\u00e4? Haastetaan itse\u00e4mme!<\/li>\n\n\n\n<li>Nykyisen kirjoitetun OPSin arviointi strategiaan, palautteeseen ja tulevaisuustietoon pohjaten.<\/li>\n\n\n\n<li>Tulevaisuusl\u00e4ht\u00f6inen kehitys ja toteutus.<\/li>\n\n\n\n<li>Varautuminen erilaisiin ja yll\u00e4tt\u00e4viinkin tulevaisuuksiin, esim. jatkuvan oppimisen mahdollisuuksiin.<\/li>\n\n\n\n<li>Ketter\u00e4mpi kehitys jatkuvan toimintaymp\u00e4rist\u00f6n seurannan ja ennakoinnin avulla.<\/li>\n<\/ol>\n\n\n\n<h2 class=\"wp-block-heading\">Mit\u00e4 ja miten ennakoidaan?<\/h2>\n\n\n\n<p>OSALLISTUMALLA, OMAA ALAA SEURAAMALLA<\/p>\n\n\n\n<ul class=\"wp-block-list\">\n<li>Ammattialan valtakunnallinen yhteisty\u00f6, Osaamisen ennakointifoorumi<\/li>\n\n\n\n<li>Tilastot, tutkimukset, raportit, analyysit, oman alan lehdet, some\u2026<\/li>\n\n\n\n<li>Lains\u00e4\u00e4d\u00e4nt\u00f6, strategiset linjaukset, laatuty\u00f6<\/li>\n\n\n\n<li>Kansainv\u00e4liset verkostot<\/li>\n<\/ul>\n\n\n\n<p>OSALLISTAMALLA, SIDOSRYHM\u00c4YHTEISTY\u00d6N AVULLA<\/p>\n\n\n\n<ul class=\"wp-block-list\">\n<li>Vuorovaikutus, keskustelut ja tapaamiset<\/li>\n\n\n\n<li>Omat kyselyt, palautteet ja tutkimukset<\/li>\n\n\n\n<li>Hankety\u00f6, FutureFactory, projektit, opinn\u00e4ytteet, alumnity\u00f6<\/li>\n<\/ul>\n\n\n\n<p>OMAT KARTOITUKSET JA ANALYYSIT<\/p>\n\n\n\n<ul class=\"wp-block-list\">\n<li>Toimintaymp\u00e4rist\u00f6analyysit<\/li>\n\n\n\n<li>Osaamistarvekartoitukset<\/li>\n<\/ul>\n\n\n\n<h2 class=\"wp-block-heading\">Linkit<\/h2>\n\n\n\n<p>Linkkej\u00e4 ja vinkkej\u00e4 omaan ennakointity\u00f6h\u00f6n:<\/p>\n\n\n\n<p><a href=\"https:\/\/jamkstudent.sharepoint.com\/sites\/Koulutuksen-kehittaminen-Elmo\/SitePages\/Tulevaisuustyo.aspx\" target=\"_blank\" rel=\"noreferrer noopener\">Ennakoinnin tuki (Elmo-intra, vaatii kirjautumisen)<\/a><\/p>\n\n\n\n<hr class=\"wp-block-separator has-css-opacity\"\/>\n\n\n\n<p class=\"has-text-align-right\"><sub>Anne Hakala 17.10.2022<\/sub> <\/p>\n","protected":false},"excerpt":{"rendered":"<p>Ennakointi kuuluu kaikille ja oman alan toimintaymp\u00e4rist\u00f6\u00e4 kannattaa seurata jatkuvasti tulevaisuusorientoituneesti. Ennakointi tarkoittaa tulevaisuuden luotausta eli tulevaisuuden \u201dn\u00e4kemist\u00e4\u201d ja tulevaisuuden suunnittelua eli tulevaisuuden \u201dtekemist\u00e4\u201d. Ennakointi j\u00e4sent\u00e4\u00e4 tulevaisuustietoa k\u00e4ytett\u00e4v\u00e4ksi p\u00e4\u00e4t\u00f6ksenteossa nyt. Tulevaisuuteen vaikuttaminen edellytt\u00e4\u00e4 omien tekojen ja valintojen merkityksen tiedostamista, nykyisten oletusten haastamista, toivottavien tulevaisuuksien kuvittelemista ja niist\u00e4 keskustelemista. L\u00e4ht\u00f6kohtana \u201doikeiden\u201d kysymysten kysyminen: Miten hy\u00f6dynt\u00e4\u00e4 jatkuvaa [&hellip;]<\/p>\n","protected":false},"author":79,"featured_media":0,"parent":0,"menu_order":4,"comment_status":"closed","ping_status":"closed","template":"","meta":{"_acf_changed":false,"_relevanssi_hide_post":"","_relevanssi_hide_content":"","_relevanssi_pin_for_all":"","_relevanssi_pin_keywords":"","_relevanssi_unpin_keywords":"","_relevanssi_related_keywords":"","_relevanssi_related_include_ids":"","_relevanssi_related_exclude_ids":"","_relevanssi_related_no_append":"","_relevanssi_related_not_related":"","_relevanssi_related_posts":"","_relevanssi_noindex_reason":"","footnotes":""},"categories":[],"tags":[85,90],"class_list":["post-20","page","type-page","status-publish","hentry","tag-ennakointi","tag-tulevaisuuden-tyoelama"],"acf":[],"yoast_head":"<!-- This site is optimized with the Yoast SEO plugin v27.3 - https:\/\/yoast.com\/product\/yoast-seo-wordpress\/ -->\n<title>Osaamisen ennakointi - Ops-k\u00e4sikirja<\/title>\n<meta name=\"robots\" content=\"index, follow, max-snippet:-1, max-image-preview:large, max-video-preview:-1\" \/>\n<link rel=\"canonical\" href=\"https:\/\/help.jamk.fi\/ops-kasikirja\/fi\/ennakointi\/\" \/>\n<meta property=\"og:locale\" content=\"fi_FI\" \/>\n<meta property=\"og:type\" content=\"article\" \/>\n<meta property=\"og:title\" content=\"Osaamisen ennakointi - Ops-k\u00e4sikirja\" \/>\n<meta property=\"og:description\" content=\"Ennakointi kuuluu kaikille ja oman alan toimintaymp\u00e4rist\u00f6\u00e4 kannattaa seurata jatkuvasti tulevaisuusorientoituneesti. Ennakointi tarkoittaa tulevaisuuden luotausta eli tulevaisuuden \u201dn\u00e4kemist\u00e4\u201d ja tulevaisuuden suunnittelua eli tulevaisuuden \u201dtekemist\u00e4\u201d. Ennakointi j\u00e4sent\u00e4\u00e4 tulevaisuustietoa k\u00e4ytett\u00e4v\u00e4ksi p\u00e4\u00e4t\u00f6ksenteossa nyt. Tulevaisuuteen vaikuttaminen edellytt\u00e4\u00e4 omien tekojen ja valintojen merkityksen tiedostamista, nykyisten oletusten haastamista, toivottavien tulevaisuuksien kuvittelemista ja niist\u00e4 keskustelemista. L\u00e4ht\u00f6kohtana \u201doikeiden\u201d kysymysten kysyminen: Miten hy\u00f6dynt\u00e4\u00e4 jatkuvaa [&hellip;]\" \/>\n<meta property=\"og:url\" content=\"https:\/\/help.jamk.fi\/ops-kasikirja\/fi\/ennakointi\/\" \/>\n<meta property=\"og:site_name\" content=\"Ops-k\u00e4sikirja\" \/>\n<meta property=\"article:modified_time\" content=\"2023-12-05T07:26:56+00:00\" \/>\n<meta name=\"twitter:card\" content=\"summary_large_image\" \/>\n<meta name=\"twitter:label1\" content=\"Arvioitu lukuaika\" \/>\n\t<meta name=\"twitter:data1\" content=\"2 minuuttia\" \/>\n<script type=\"application\/ld+json\" class=\"yoast-schema-graph\">{\"@context\":\"https:\\\/\\\/schema.org\",\"@graph\":[{\"@type\":\"WebPage\",\"@id\":\"https:\\\/\\\/help.jamk.fi\\\/ops-kasikirja\\\/fi\\\/ennakointi\\\/\",\"url\":\"https:\\\/\\\/help.jamk.fi\\\/ops-kasikirja\\\/fi\\\/ennakointi\\\/\",\"name\":\"Osaamisen ennakointi - Ops-k\u00e4sikirja\",\"isPartOf\":{\"@id\":\"https:\\\/\\\/help.jamk.fi\\\/ops-kasikirja\\\/#website\"},\"datePublished\":\"2022-09-20T06:21:22+00:00\",\"dateModified\":\"2023-12-05T07:26:56+00:00\",\"breadcrumb\":{\"@id\":\"https:\\\/\\\/help.jamk.fi\\\/ops-kasikirja\\\/fi\\\/ennakointi\\\/#breadcrumb\"},\"inLanguage\":\"fi\",\"potentialAction\":[{\"@type\":\"ReadAction\",\"target\":[\"https:\\\/\\\/help.jamk.fi\\\/ops-kasikirja\\\/fi\\\/ennakointi\\\/\"]}]},{\"@type\":\"BreadcrumbList\",\"@id\":\"https:\\\/\\\/help.jamk.fi\\\/ops-kasikirja\\\/fi\\\/ennakointi\\\/#breadcrumb\",\"itemListElement\":[{\"@type\":\"ListItem\",\"position\":1,\"name\":\"Etusivu\",\"item\":\"https:\\\/\\\/help.jamk.fi\\\/ops-kasikirja\\\/fi\\\/\"},{\"@type\":\"ListItem\",\"position\":2,\"name\":\"Osaamisen ennakointi\"}]},{\"@type\":\"WebSite\",\"@id\":\"https:\\\/\\\/help.jamk.fi\\\/ops-kasikirja\\\/#website\",\"url\":\"https:\\\/\\\/help.jamk.fi\\\/ops-kasikirja\\\/\",\"name\":\"Ops-k\u00e4sikirja\",\"description\":\"\",\"potentialAction\":[{\"@type\":\"SearchAction\",\"target\":{\"@type\":\"EntryPoint\",\"urlTemplate\":\"https:\\\/\\\/help.jamk.fi\\\/ops-kasikirja\\\/?s={search_term_string}\"},\"query-input\":{\"@type\":\"PropertyValueSpecification\",\"valueRequired\":true,\"valueName\":\"search_term_string\"}}],\"inLanguage\":\"fi\"}]}<\/script>\n<!-- \/ Yoast SEO plugin. -->","yoast_head_json":{"title":"Osaamisen ennakointi - Ops-k\u00e4sikirja","robots":{"index":"index","follow":"follow","max-snippet":"max-snippet:-1","max-image-preview":"max-image-preview:large","max-video-preview":"max-video-preview:-1"},"canonical":"https:\/\/help.jamk.fi\/ops-kasikirja\/fi\/ennakointi\/","og_locale":"fi_FI","og_type":"article","og_title":"Osaamisen ennakointi - Ops-k\u00e4sikirja","og_description":"Ennakointi kuuluu kaikille ja oman alan toimintaymp\u00e4rist\u00f6\u00e4 kannattaa seurata jatkuvasti tulevaisuusorientoituneesti. Ennakointi tarkoittaa tulevaisuuden luotausta eli tulevaisuuden \u201dn\u00e4kemist\u00e4\u201d ja tulevaisuuden suunnittelua eli tulevaisuuden \u201dtekemist\u00e4\u201d. Ennakointi j\u00e4sent\u00e4\u00e4 tulevaisuustietoa k\u00e4ytett\u00e4v\u00e4ksi p\u00e4\u00e4t\u00f6ksenteossa nyt. Tulevaisuuteen vaikuttaminen edellytt\u00e4\u00e4 omien tekojen ja valintojen merkityksen tiedostamista, nykyisten oletusten haastamista, toivottavien tulevaisuuksien kuvittelemista ja niist\u00e4 keskustelemista. L\u00e4ht\u00f6kohtana \u201doikeiden\u201d kysymysten kysyminen: Miten hy\u00f6dynt\u00e4\u00e4 jatkuvaa [&hellip;]","og_url":"https:\/\/help.jamk.fi\/ops-kasikirja\/fi\/ennakointi\/","og_site_name":"Ops-k\u00e4sikirja","article_modified_time":"2023-12-05T07:26:56+00:00","twitter_card":"summary_large_image","twitter_misc":{"Arvioitu lukuaika":"2 minuuttia"},"schema":{"@context":"https:\/\/schema.org","@graph":[{"@type":"WebPage","@id":"https:\/\/help.jamk.fi\/ops-kasikirja\/fi\/ennakointi\/","url":"https:\/\/help.jamk.fi\/ops-kasikirja\/fi\/ennakointi\/","name":"Osaamisen ennakointi - Ops-k\u00e4sikirja","isPartOf":{"@id":"https:\/\/help.jamk.fi\/ops-kasikirja\/#website"},"datePublished":"2022-09-20T06:21:22+00:00","dateModified":"2023-12-05T07:26:56+00:00","breadcrumb":{"@id":"https:\/\/help.jamk.fi\/ops-kasikirja\/fi\/ennakointi\/#breadcrumb"},"inLanguage":"fi","potentialAction":[{"@type":"ReadAction","target":["https:\/\/help.jamk.fi\/ops-kasikirja\/fi\/ennakointi\/"]}]},{"@type":"BreadcrumbList","@id":"https:\/\/help.jamk.fi\/ops-kasikirja\/fi\/ennakointi\/#breadcrumb","itemListElement":[{"@type":"ListItem","position":1,"name":"Etusivu","item":"https:\/\/help.jamk.fi\/ops-kasikirja\/fi\/"},{"@type":"ListItem","position":2,"name":"Osaamisen ennakointi"}]},{"@type":"WebSite","@id":"https:\/\/help.jamk.fi\/ops-kasikirja\/#website","url":"https:\/\/help.jamk.fi\/ops-kasikirja\/","name":"Ops-k\u00e4sikirja","description":"","potentialAction":[{"@type":"SearchAction","target":{"@type":"EntryPoint","urlTemplate":"https:\/\/help.jamk.fi\/ops-kasikirja\/?s={search_term_string}"},"query-input":{"@type":"PropertyValueSpecification","valueRequired":true,"valueName":"search_term_string"}}],"inLanguage":"fi"}]}},"_links":{"self":[{"href":"https:\/\/help.jamk.fi\/ops-kasikirja\/wp-json\/wp\/v2\/pages\/20","targetHints":{"allow":["GET"]}}],"collection":[{"href":"https:\/\/help.jamk.fi\/ops-kasikirja\/wp-json\/wp\/v2\/pages"}],"about":[{"href":"https:\/\/help.jamk.fi\/ops-kasikirja\/wp-json\/wp\/v2\/types\/page"}],"author":[{"embeddable":true,"href":"https:\/\/help.jamk.fi\/ops-kasikirja\/wp-json\/wp\/v2\/users\/79"}],"replies":[{"embeddable":true,"href":"https:\/\/help.jamk.fi\/ops-kasikirja\/wp-json\/wp\/v2\/comments?post=20"}],"version-history":[{"count":6,"href":"https:\/\/help.jamk.fi\/ops-kasikirja\/wp-json\/wp\/v2\/pages\/20\/revisions"}],"predecessor-version":[{"id":424,"href":"https:\/\/help.jamk.fi\/ops-kasikirja\/wp-json\/wp\/v2\/pages\/20\/revisions\/424"}],"wp:attachment":[{"href":"https:\/\/help.jamk.fi\/ops-kasikirja\/wp-json\/wp\/v2\/media?parent=20"}],"wp:term":[{"taxonomy":"category","embeddable":true,"href":"https:\/\/help.jamk.fi\/ops-kasikirja\/wp-json\/wp\/v2\/categories?post=20"},{"taxonomy":"post_tag","embeddable":true,"href":"https:\/\/help.jamk.fi\/ops-kasikirja\/wp-json\/wp\/v2\/tags?post=20"}],"curies":[{"name":"wp","href":"https:\/\/api.w.org\/{rel}","templated":true}]}}