{"id":335,"date":"2023-11-07T10:29:03","date_gmt":"2023-11-07T08:29:03","guid":{"rendered":"https:\/\/help.jamk.fi\/ops-kasikirja\/?page_id=335"},"modified":"2023-12-11T15:28:25","modified_gmt":"2023-12-11T13:28:25","slug":"modulaarisuus","status":"publish","type":"page","link":"https:\/\/help.jamk.fi\/ops-kasikirja\/fi\/osaamisperustaisuus\/modulaarisuus\/","title":{"rendered":"Modulaarisuus"},"content":{"rendered":"\n<p>Modulaarinen opetussuunnitelma koostuu opintokokonaisuuksista, jotka muodostuvat kahdesta tai useammasta opintojaksosta.  Jamkissa opintokokonaisuuden suositeltu v\u00e4himm\u00e4islaajuus on 15 opintopistett\u00e4. Opintokokonaisuus sis\u00e4lt\u00e4\u00e4 vain yhdentyyppisi\u00e4 opintoja: pakollisia, vaihtoehtoisia tai vapaasti valittavia. Kunkin opintokokonaisuuden sis\u00e4ll\u00e4 on hyv\u00e4 kiinnitt\u00e4\u00e4 huomiota oppimisteht\u00e4vien, oppimateriaalin ja arvioinnin monipuolisuuteen. N\u00e4in varmistetaan moduulin kiinnostavuus ja oppimisen mielekkyys.<\/p>\n\n\n\n<p>Modulaarisuus lis\u00e4\u00e4 opiskelijoiden mahdollisuutta rakentaa yksil\u00f6llisempi\u00e4 oppimispolkuja sek\u00e4 tunnistaa omaa osaamistaan ja sen kehittymist\u00e4.&nbsp;T\u00e4m\u00e4 edellytt\u00e4\u00e4, ett\u00e4 eri opintokokonaisuuksien osaamistavoitteet, osaamisen taso ja sis\u00e4lt\u00f6 on kuvattu selke\u00e4sti. Modulaarisuus palvelee my\u00f6s jatkuvaa oppimista. Osaamistaan t\u00e4ydent\u00e4v\u00e4t l\u00f6yt\u00e4v\u00e4t kuvauksista oman osaamisensa kehitt\u00e4misen kohteet ja osaavat valita itselleen tarpeellisia kokonaisuuksia. Opintokokonaisuuksien ja opintojaksojen kuvauksissa tulee esitt\u00e4\u00e4 edelt\u00e4v\u00e4 osaaminen, joka opiskelijalla tulee olla, jotta opiskelija voi valita ja osallistua kyseess\u00e4 oleviin opintoihin.<\/p>\n\n\n\n<p>Modulaarisen opetussuunnitelman opintokokonaisuuksien my\u00f6t\u00e4 opiskelijalle syntyy aiempaa vahvempi ymm\u00e4rrys omasta osaamisestaan. Opintokokonaisuuksien tavoitteena on tuottaa joustavampia opintopolkuja. T\u00e4m\u00e4 selkeytt\u00e4\u00e4 opintojen rakennetta, auttaa opiskelijaa hahmottamaan laajempia kokonaisuuksia ja tukee oppimista, oivaltamista ja asiantuntijaksi kehittymist\u00e4. T\u00e4m\u00e4 palvelee my\u00f6s oppivia ja uudistuvia ty\u00f6yhteis\u00f6j\u00e4.<\/p>\n\n\n\n<p><a href=\"https:\/\/help.jamk.fi\/ops-kasikirja\/fi\/osaamisperustaisuus\/\">Sivu 1: Osaamisperustaisuus<\/a><br><a href=\"https:\/\/help.jamk.fi\/ops-kasikirja\/fi\/osaamisperustaisuus-1\/arviointi\/\">Sivu 3: Arviointi<\/a><\/p>\n\n\n\n<p class=\"has-text-align-right\"><sub>Siru Lehto, Sirpa Tuomi 13.1.2023<\/sub><\/p>\n","protected":false},"excerpt":{"rendered":"<p>Modulaarinen opetussuunnitelma koostuu opintokokonaisuuksista, jotka muodostuvat kahdesta tai useammasta opintojaksosta. Jamkissa opintokokonaisuuden suositeltu v\u00e4himm\u00e4islaajuus on 15 opintopistett\u00e4. Opintokokonaisuus sis\u00e4lt\u00e4\u00e4 vain yhdentyyppisi\u00e4 opintoja: pakollisia, vaihtoehtoisia tai vapaasti valittavia. Kunkin opintokokonaisuuden sis\u00e4ll\u00e4 on hyv\u00e4 kiinnitt\u00e4\u00e4 huomiota oppimisteht\u00e4vien, oppimateriaalin ja arvioinnin monipuolisuuteen. N\u00e4in varmistetaan moduulin kiinnostavuus ja oppimisen mielekkyys. Modulaarisuus lis\u00e4\u00e4 opiskelijoiden mahdollisuutta rakentaa yksil\u00f6llisempi\u00e4 oppimispolkuja sek\u00e4 tunnistaa [&hellip;]<\/p>\n","protected":false},"author":79,"featured_media":0,"parent":38,"menu_order":1,"comment_status":"closed","ping_status":"closed","template":"","meta":{"_acf_changed":false,"_relevanssi_hide_post":"","_relevanssi_hide_content":"","_relevanssi_pin_for_all":"","_relevanssi_pin_keywords":"","_relevanssi_unpin_keywords":"","_relevanssi_related_keywords":"","_relevanssi_related_include_ids":"","_relevanssi_related_exclude_ids":"","_relevanssi_related_no_append":"","_relevanssi_related_not_related":"","_relevanssi_related_posts":"","_relevanssi_noindex_reason":"","footnotes":""},"categories":[],"tags":[],"class_list":["post-335","page","type-page","status-publish","hentry"],"acf":[],"yoast_head":"<!-- This site is optimized with the Yoast SEO plugin v27.4 - https:\/\/yoast.com\/product\/yoast-seo-wordpress\/ -->\n<title>Modulaarisuus - Ops-k\u00e4sikirja<\/title>\n<meta name=\"robots\" content=\"index, follow, max-snippet:-1, max-image-preview:large, max-video-preview:-1\" \/>\n<link rel=\"canonical\" href=\"https:\/\/help.jamk.fi\/ops-kasikirja\/fi\/osaamisperustaisuus\/modulaarisuus\/\" \/>\n<meta property=\"og:locale\" content=\"fi_FI\" \/>\n<meta property=\"og:type\" content=\"article\" \/>\n<meta property=\"og:title\" content=\"Modulaarisuus - Ops-k\u00e4sikirja\" \/>\n<meta property=\"og:description\" content=\"Modulaarinen opetussuunnitelma koostuu opintokokonaisuuksista, jotka muodostuvat kahdesta tai useammasta opintojaksosta. Jamkissa opintokokonaisuuden suositeltu v\u00e4himm\u00e4islaajuus on 15 opintopistett\u00e4. Opintokokonaisuus sis\u00e4lt\u00e4\u00e4 vain yhdentyyppisi\u00e4 opintoja: pakollisia, vaihtoehtoisia tai vapaasti valittavia. Kunkin opintokokonaisuuden sis\u00e4ll\u00e4 on hyv\u00e4 kiinnitt\u00e4\u00e4 huomiota oppimisteht\u00e4vien, oppimateriaalin ja arvioinnin monipuolisuuteen. N\u00e4in varmistetaan moduulin kiinnostavuus ja oppimisen mielekkyys. Modulaarisuus lis\u00e4\u00e4 opiskelijoiden mahdollisuutta rakentaa yksil\u00f6llisempi\u00e4 oppimispolkuja sek\u00e4 tunnistaa [&hellip;]\" \/>\n<meta property=\"og:url\" content=\"https:\/\/help.jamk.fi\/ops-kasikirja\/fi\/osaamisperustaisuus\/modulaarisuus\/\" \/>\n<meta property=\"og:site_name\" content=\"Ops-k\u00e4sikirja\" \/>\n<meta property=\"article:modified_time\" content=\"2023-12-11T13:28:25+00:00\" \/>\n<meta name=\"twitter:card\" content=\"summary_large_image\" \/>\n<meta name=\"twitter:label1\" content=\"Arvioitu lukuaika\" \/>\n\t<meta name=\"twitter:data1\" content=\"2 minuuttia\" \/>\n<script type=\"application\/ld+json\" class=\"yoast-schema-graph\">{\"@context\":\"https:\\\/\\\/schema.org\",\"@graph\":[{\"@type\":\"WebPage\",\"@id\":\"https:\\\/\\\/help.jamk.fi\\\/ops-kasikirja\\\/fi\\\/osaamisperustaisuus\\\/modulaarisuus\\\/\",\"url\":\"https:\\\/\\\/help.jamk.fi\\\/ops-kasikirja\\\/fi\\\/osaamisperustaisuus\\\/modulaarisuus\\\/\",\"name\":\"Modulaarisuus - Ops-k\u00e4sikirja\",\"isPartOf\":{\"@id\":\"https:\\\/\\\/help.jamk.fi\\\/ops-kasikirja\\\/#website\"},\"datePublished\":\"2023-11-07T08:29:03+00:00\",\"dateModified\":\"2023-12-11T13:28:25+00:00\",\"breadcrumb\":{\"@id\":\"https:\\\/\\\/help.jamk.fi\\\/ops-kasikirja\\\/fi\\\/osaamisperustaisuus\\\/modulaarisuus\\\/#breadcrumb\"},\"inLanguage\":\"fi\",\"potentialAction\":[{\"@type\":\"ReadAction\",\"target\":[\"https:\\\/\\\/help.jamk.fi\\\/ops-kasikirja\\\/fi\\\/osaamisperustaisuus\\\/modulaarisuus\\\/\"]}]},{\"@type\":\"BreadcrumbList\",\"@id\":\"https:\\\/\\\/help.jamk.fi\\\/ops-kasikirja\\\/fi\\\/osaamisperustaisuus\\\/modulaarisuus\\\/#breadcrumb\",\"itemListElement\":[{\"@type\":\"ListItem\",\"position\":1,\"name\":\"Etusivu\",\"item\":\"https:\\\/\\\/help.jamk.fi\\\/ops-kasikirja\\\/fi\\\/\"},{\"@type\":\"ListItem\",\"position\":2,\"name\":\"Osaamisperustaisuus, modulaarisuus ja arviointi\",\"item\":\"https:\\\/\\\/help.jamk.fi\\\/ops-kasikirja\\\/fi\\\/osaamisperustaisuus\\\/\"},{\"@type\":\"ListItem\",\"position\":3,\"name\":\"Modulaarisuus\"}]},{\"@type\":\"WebSite\",\"@id\":\"https:\\\/\\\/help.jamk.fi\\\/ops-kasikirja\\\/#website\",\"url\":\"https:\\\/\\\/help.jamk.fi\\\/ops-kasikirja\\\/\",\"name\":\"Ops-k\u00e4sikirja\",\"description\":\"\",\"potentialAction\":[{\"@type\":\"SearchAction\",\"target\":{\"@type\":\"EntryPoint\",\"urlTemplate\":\"https:\\\/\\\/help.jamk.fi\\\/ops-kasikirja\\\/?s={search_term_string}\"},\"query-input\":{\"@type\":\"PropertyValueSpecification\",\"valueRequired\":true,\"valueName\":\"search_term_string\"}}],\"inLanguage\":\"fi\"}]}<\/script>\n<!-- \/ Yoast SEO plugin. -->","yoast_head_json":{"title":"Modulaarisuus - Ops-k\u00e4sikirja","robots":{"index":"index","follow":"follow","max-snippet":"max-snippet:-1","max-image-preview":"max-image-preview:large","max-video-preview":"max-video-preview:-1"},"canonical":"https:\/\/help.jamk.fi\/ops-kasikirja\/fi\/osaamisperustaisuus\/modulaarisuus\/","og_locale":"fi_FI","og_type":"article","og_title":"Modulaarisuus - Ops-k\u00e4sikirja","og_description":"Modulaarinen opetussuunnitelma koostuu opintokokonaisuuksista, jotka muodostuvat kahdesta tai useammasta opintojaksosta. Jamkissa opintokokonaisuuden suositeltu v\u00e4himm\u00e4islaajuus on 15 opintopistett\u00e4. Opintokokonaisuus sis\u00e4lt\u00e4\u00e4 vain yhdentyyppisi\u00e4 opintoja: pakollisia, vaihtoehtoisia tai vapaasti valittavia. Kunkin opintokokonaisuuden sis\u00e4ll\u00e4 on hyv\u00e4 kiinnitt\u00e4\u00e4 huomiota oppimisteht\u00e4vien, oppimateriaalin ja arvioinnin monipuolisuuteen. N\u00e4in varmistetaan moduulin kiinnostavuus ja oppimisen mielekkyys. Modulaarisuus lis\u00e4\u00e4 opiskelijoiden mahdollisuutta rakentaa yksil\u00f6llisempi\u00e4 oppimispolkuja sek\u00e4 tunnistaa [&hellip;]","og_url":"https:\/\/help.jamk.fi\/ops-kasikirja\/fi\/osaamisperustaisuus\/modulaarisuus\/","og_site_name":"Ops-k\u00e4sikirja","article_modified_time":"2023-12-11T13:28:25+00:00","twitter_card":"summary_large_image","twitter_misc":{"Arvioitu lukuaika":"2 minuuttia"},"schema":{"@context":"https:\/\/schema.org","@graph":[{"@type":"WebPage","@id":"https:\/\/help.jamk.fi\/ops-kasikirja\/fi\/osaamisperustaisuus\/modulaarisuus\/","url":"https:\/\/help.jamk.fi\/ops-kasikirja\/fi\/osaamisperustaisuus\/modulaarisuus\/","name":"Modulaarisuus - Ops-k\u00e4sikirja","isPartOf":{"@id":"https:\/\/help.jamk.fi\/ops-kasikirja\/#website"},"datePublished":"2023-11-07T08:29:03+00:00","dateModified":"2023-12-11T13:28:25+00:00","breadcrumb":{"@id":"https:\/\/help.jamk.fi\/ops-kasikirja\/fi\/osaamisperustaisuus\/modulaarisuus\/#breadcrumb"},"inLanguage":"fi","potentialAction":[{"@type":"ReadAction","target":["https:\/\/help.jamk.fi\/ops-kasikirja\/fi\/osaamisperustaisuus\/modulaarisuus\/"]}]},{"@type":"BreadcrumbList","@id":"https:\/\/help.jamk.fi\/ops-kasikirja\/fi\/osaamisperustaisuus\/modulaarisuus\/#breadcrumb","itemListElement":[{"@type":"ListItem","position":1,"name":"Etusivu","item":"https:\/\/help.jamk.fi\/ops-kasikirja\/fi\/"},{"@type":"ListItem","position":2,"name":"Osaamisperustaisuus, modulaarisuus ja arviointi","item":"https:\/\/help.jamk.fi\/ops-kasikirja\/fi\/osaamisperustaisuus\/"},{"@type":"ListItem","position":3,"name":"Modulaarisuus"}]},{"@type":"WebSite","@id":"https:\/\/help.jamk.fi\/ops-kasikirja\/#website","url":"https:\/\/help.jamk.fi\/ops-kasikirja\/","name":"Ops-k\u00e4sikirja","description":"","potentialAction":[{"@type":"SearchAction","target":{"@type":"EntryPoint","urlTemplate":"https:\/\/help.jamk.fi\/ops-kasikirja\/?s={search_term_string}"},"query-input":{"@type":"PropertyValueSpecification","valueRequired":true,"valueName":"search_term_string"}}],"inLanguage":"fi"}]}},"_links":{"self":[{"href":"https:\/\/help.jamk.fi\/ops-kasikirja\/wp-json\/wp\/v2\/pages\/335","targetHints":{"allow":["GET"]}}],"collection":[{"href":"https:\/\/help.jamk.fi\/ops-kasikirja\/wp-json\/wp\/v2\/pages"}],"about":[{"href":"https:\/\/help.jamk.fi\/ops-kasikirja\/wp-json\/wp\/v2\/types\/page"}],"author":[{"embeddable":true,"href":"https:\/\/help.jamk.fi\/ops-kasikirja\/wp-json\/wp\/v2\/users\/79"}],"replies":[{"embeddable":true,"href":"https:\/\/help.jamk.fi\/ops-kasikirja\/wp-json\/wp\/v2\/comments?post=335"}],"version-history":[{"count":5,"href":"https:\/\/help.jamk.fi\/ops-kasikirja\/wp-json\/wp\/v2\/pages\/335\/revisions"}],"predecessor-version":[{"id":431,"href":"https:\/\/help.jamk.fi\/ops-kasikirja\/wp-json\/wp\/v2\/pages\/335\/revisions\/431"}],"up":[{"embeddable":true,"href":"https:\/\/help.jamk.fi\/ops-kasikirja\/wp-json\/wp\/v2\/pages\/38"}],"wp:attachment":[{"href":"https:\/\/help.jamk.fi\/ops-kasikirja\/wp-json\/wp\/v2\/media?parent=335"}],"wp:term":[{"taxonomy":"category","embeddable":true,"href":"https:\/\/help.jamk.fi\/ops-kasikirja\/wp-json\/wp\/v2\/categories?post=335"},{"taxonomy":"post_tag","embeddable":true,"href":"https:\/\/help.jamk.fi\/ops-kasikirja\/wp-json\/wp\/v2\/tags?post=335"}],"curies":[{"name":"wp","href":"https:\/\/api.w.org\/{rel}","templated":true}]}}