{"id":38,"date":"2023-01-06T18:18:13","date_gmt":"2023-01-06T16:18:13","guid":{"rendered":"https:\/\/help.jamk.fi\/ops-kasikirja\/osaamisperustaisuus-modulaarisuus-ja-arviointi\/"},"modified":"2023-12-05T09:26:32","modified_gmt":"2023-12-05T07:26:32","slug":"osaamisperustaisuus","status":"publish","type":"page","link":"https:\/\/help.jamk.fi\/ops-kasikirja\/fi\/osaamisperustaisuus\/","title":{"rendered":"Osaamisperustaisuus, modulaarisuus ja arviointi"},"content":{"rendered":"\n<h2 class=\"wp-block-heading\">Osaamisperustaisuus<\/h2>\n\n\n\n<p>Jyv\u00e4skyl\u00e4n ammattikorkeakoulun opetussuunnitelma on osaamisperustainen. Se tarkoittaa, ett\u00e4 opinnoissa opiskelija n\u00e4hd\u00e4\u00e4n aktiivisena toimijana, joka sitoutuu oman opiskelunsa suunnitteluun, toteuttamiseen ja arviointiin. Osaamisperustaisessa tutkintokoulutuksessa opiskelija rakentaa opettajiensa tuella henkil\u00f6kohtaisen ja yksil\u00f6llisen opintopolkunsa. Opinnoissa keskeist\u00e4 on osaamisen hankkiminen ja osoittaminen, ei opintojen suorittaminen.<br><br>Osaamisperustaisuudessa keskeist\u00e4 on opiskelijan osaaminen ja sen n\u00e4kyv\u00e4ksi ja todennetuksi tekeminen. Osaamisperustaisuuden toteutumisen l\u00e4ht\u00f6kohtana on aina opetussuunnitelma, jossa m\u00e4\u00e4ritell\u00e4\u00e4n osaamistavoitteet; ne tiedot, taidot, eettiset valmiudet ja asenteet, joita opiskelijoiden odotetaan kehitt\u00e4v\u00e4n ja saavuttavan opintojensa aikana (Annala 2011; M\u00e4kinen &amp; Annala 2010).<br><br>Osaamistavoitteet antavat kuvan siit\u00e4, mit\u00e4 opiskelijan odotetaan oppivan ja miten t\u00e4m\u00e4 osoitetaan. Osaamisperustaisessa kuvaustavassa keskityt\u00e4\u00e4n opiskeltavan sis\u00e4ll\u00f6n sijasta kuvaamaan opiskelijan osaamista, kyse on siis n\u00e4k\u00f6kulman muutoksesta opiskelijal\u00e4ht\u00f6isemm\u00e4ksi. Osaamisperustaisuudessa kuvataan siis sit\u00e4, mit\u00e4 opiskelija tiet\u00e4\u00e4, taitaa, ymm\u00e4rt\u00e4\u00e4 tai kykenee tekem\u00e4\u00e4n oppimisen tuloksena. T\u00e4m\u00e4 ilmaistaan selke\u00e4sti ja konkreettisesti opiskelijan toimintana ja tekemisen\u00e4. Osaamistavoitteiden t\u00e4ytyy olla opiskelijoiden saavutettavissa, ja niiden toteutumista on kyett\u00e4v\u00e4 opiskeluun liittyviss\u00e4 tilanteissa ja toimintaymp\u00e4rist\u00f6iss\u00e4 hankkimaan, osoittamaan ja arvioimaan.<br><br>Esimerkiksi opintojakson osaamistavoitteet ovat opiskelijan kannalta tarkempia ja l\u00e4pin\u00e4kyv\u00e4mpi\u00e4 kuin tutkinnon tavoitteet tai pelkk\u00e4 sis\u00e4lt\u00f6kuvaus. Osaamistavoitteet voidaan kirjoittaa esimerkiksi seuraavaan muotoon: <\/p>\n\n\n\n<ul class=\"wp-block-list\">\n<li>Opinnot suoritettuaan\n<ul class=\"wp-block-list\">\n<li>opiskelija tunnistaa \u2026<\/li>\n\n\n\n<li>opiskelija osaa kuvata\u2026<\/li>\n<\/ul>\n<\/li>\n<\/ul>\n\n\n\n<p>Jyv\u00e4skyl\u00e4n ammattikorkeakoulun opinnoissa vahvistetaan opiskelijoiden osallisuutta, mik\u00e4 onkin yksi t\u00e4rkeimmist\u00e4 osaamisperustaisuuden periaatteista (Happo &amp; Peurunka 2016). Kuten edell\u00e4 jo esitettiin, osaamisperustaisessa koulutuksessa opiskelija on aktiivinen toimija, jolloin osallisuus merkitsee opiskelijan sitoutumista opintojensa suunnitteluun, toteuttamiseen ja arviointiin. Osallisuudessa korostuvat lis\u00e4ksi vastavuoroinen oppiminen, yhteis\u00f6llisyys ja osallisten sitoutuminen. (Harju 2013.)<\/p>\n\n\n\n<p><a href=\"https:\/\/help.jamk.fi\/ops-kasikirja\/fi\/osaamisperustaisuus-1\/modulaarisuus\/\">Sivu 2: Modulaarisuus<\/a><br><a href=\"https:\/\/help.jamk.fi\/ops-kasikirja\/fi\/osaamisperustaisuus-1\/arviointi\/\">Sivu 3: Arviointi<\/a><\/p>\n\n\n\n<hr class=\"wp-block-separator has-alpha-channel-opacity\"\/>\n\n\n\n<p class=\"has-text-align-right\"><sub>Siru Lehto 13.1.2023<\/sub><br><\/p>\n","protected":false},"excerpt":{"rendered":"<p>Osaamisperustaisuus Jyv\u00e4skyl\u00e4n ammattikorkeakoulun opetussuunnitelma on osaamisperustainen. Se tarkoittaa, ett\u00e4 opinnoissa opiskelija n\u00e4hd\u00e4\u00e4n aktiivisena toimijana, joka sitoutuu oman opiskelunsa suunnitteluun, toteuttamiseen ja arviointiin. Osaamisperustaisessa tutkintokoulutuksessa opiskelija rakentaa opettajiensa tuella henkil\u00f6kohtaisen ja yksil\u00f6llisen opintopolkunsa. Opinnoissa keskeist\u00e4 on osaamisen hankkiminen ja osoittaminen, ei opintojen suorittaminen. Osaamisperustaisuudessa keskeist\u00e4 on opiskelijan osaaminen ja sen n\u00e4kyv\u00e4ksi ja todennetuksi tekeminen. Osaamisperustaisuuden toteutumisen [&hellip;]<\/p>\n","protected":false},"author":79,"featured_media":0,"parent":0,"menu_order":3,"comment_status":"closed","ping_status":"closed","template":"","meta":{"_acf_changed":false,"_relevanssi_hide_post":"","_relevanssi_hide_content":"","_relevanssi_pin_for_all":"","_relevanssi_pin_keywords":"","_relevanssi_unpin_keywords":"","_relevanssi_related_keywords":"","_relevanssi_related_include_ids":"","_relevanssi_related_exclude_ids":"","_relevanssi_related_no_append":"","_relevanssi_related_not_related":"","_relevanssi_related_posts":"","_relevanssi_noindex_reason":"","footnotes":""},"categories":[],"tags":[57,61,67,73,79],"class_list":["post-38","page","type-page","status-publish","hentry","tag-modulaarisuus","tag-opintojakso","tag-opintokokonaisuus","tag-osaaminen","tag-osaamisperusteisuus"],"acf":[],"yoast_head":"<!-- This site is optimized with the Yoast SEO plugin v27.4 - https:\/\/yoast.com\/product\/yoast-seo-wordpress\/ -->\n<title>Osaamisperustaisuus, modulaarisuus ja arviointi - Ops-k\u00e4sikirja<\/title>\n<meta name=\"robots\" content=\"index, follow, max-snippet:-1, max-image-preview:large, max-video-preview:-1\" \/>\n<link rel=\"canonical\" href=\"https:\/\/help.jamk.fi\/ops-kasikirja\/fi\/osaamisperustaisuus\/\" \/>\n<meta property=\"og:locale\" content=\"fi_FI\" \/>\n<meta property=\"og:type\" content=\"article\" \/>\n<meta property=\"og:title\" content=\"Osaamisperustaisuus, modulaarisuus ja arviointi - Ops-k\u00e4sikirja\" \/>\n<meta property=\"og:description\" content=\"Osaamisperustaisuus Jyv\u00e4skyl\u00e4n ammattikorkeakoulun opetussuunnitelma on osaamisperustainen. Se tarkoittaa, ett\u00e4 opinnoissa opiskelija n\u00e4hd\u00e4\u00e4n aktiivisena toimijana, joka sitoutuu oman opiskelunsa suunnitteluun, toteuttamiseen ja arviointiin. Osaamisperustaisessa tutkintokoulutuksessa opiskelija rakentaa opettajiensa tuella henkil\u00f6kohtaisen ja yksil\u00f6llisen opintopolkunsa. Opinnoissa keskeist\u00e4 on osaamisen hankkiminen ja osoittaminen, ei opintojen suorittaminen. Osaamisperustaisuudessa keskeist\u00e4 on opiskelijan osaaminen ja sen n\u00e4kyv\u00e4ksi ja todennetuksi tekeminen. Osaamisperustaisuuden toteutumisen [&hellip;]\" \/>\n<meta property=\"og:url\" content=\"https:\/\/help.jamk.fi\/ops-kasikirja\/fi\/osaamisperustaisuus\/\" \/>\n<meta property=\"og:site_name\" content=\"Ops-k\u00e4sikirja\" \/>\n<meta property=\"article:modified_time\" content=\"2023-12-05T07:26:32+00:00\" \/>\n<meta name=\"twitter:card\" content=\"summary_large_image\" \/>\n<script type=\"application\/ld+json\" class=\"yoast-schema-graph\">{\"@context\":\"https:\\\/\\\/schema.org\",\"@graph\":[{\"@type\":\"WebPage\",\"@id\":\"https:\\\/\\\/help.jamk.fi\\\/ops-kasikirja\\\/fi\\\/osaamisperustaisuus\\\/\",\"url\":\"https:\\\/\\\/help.jamk.fi\\\/ops-kasikirja\\\/fi\\\/osaamisperustaisuus\\\/\",\"name\":\"Osaamisperustaisuus, modulaarisuus ja arviointi - Ops-k\u00e4sikirja\",\"isPartOf\":{\"@id\":\"https:\\\/\\\/help.jamk.fi\\\/ops-kasikirja\\\/#website\"},\"datePublished\":\"2023-01-06T16:18:13+00:00\",\"dateModified\":\"2023-12-05T07:26:32+00:00\",\"breadcrumb\":{\"@id\":\"https:\\\/\\\/help.jamk.fi\\\/ops-kasikirja\\\/fi\\\/osaamisperustaisuus\\\/#breadcrumb\"},\"inLanguage\":\"fi\",\"potentialAction\":[{\"@type\":\"ReadAction\",\"target\":[\"https:\\\/\\\/help.jamk.fi\\\/ops-kasikirja\\\/fi\\\/osaamisperustaisuus\\\/\"]}]},{\"@type\":\"BreadcrumbList\",\"@id\":\"https:\\\/\\\/help.jamk.fi\\\/ops-kasikirja\\\/fi\\\/osaamisperustaisuus\\\/#breadcrumb\",\"itemListElement\":[{\"@type\":\"ListItem\",\"position\":1,\"name\":\"Etusivu\",\"item\":\"https:\\\/\\\/help.jamk.fi\\\/ops-kasikirja\\\/fi\\\/\"},{\"@type\":\"ListItem\",\"position\":2,\"name\":\"Osaamisperustaisuus, modulaarisuus ja arviointi\"}]},{\"@type\":\"WebSite\",\"@id\":\"https:\\\/\\\/help.jamk.fi\\\/ops-kasikirja\\\/#website\",\"url\":\"https:\\\/\\\/help.jamk.fi\\\/ops-kasikirja\\\/\",\"name\":\"Ops-k\u00e4sikirja\",\"description\":\"\",\"potentialAction\":[{\"@type\":\"SearchAction\",\"target\":{\"@type\":\"EntryPoint\",\"urlTemplate\":\"https:\\\/\\\/help.jamk.fi\\\/ops-kasikirja\\\/?s={search_term_string}\"},\"query-input\":{\"@type\":\"PropertyValueSpecification\",\"valueRequired\":true,\"valueName\":\"search_term_string\"}}],\"inLanguage\":\"fi\"}]}<\/script>\n<!-- \/ Yoast SEO plugin. -->","yoast_head_json":{"title":"Osaamisperustaisuus, modulaarisuus ja arviointi - Ops-k\u00e4sikirja","robots":{"index":"index","follow":"follow","max-snippet":"max-snippet:-1","max-image-preview":"max-image-preview:large","max-video-preview":"max-video-preview:-1"},"canonical":"https:\/\/help.jamk.fi\/ops-kasikirja\/fi\/osaamisperustaisuus\/","og_locale":"fi_FI","og_type":"article","og_title":"Osaamisperustaisuus, modulaarisuus ja arviointi - Ops-k\u00e4sikirja","og_description":"Osaamisperustaisuus Jyv\u00e4skyl\u00e4n ammattikorkeakoulun opetussuunnitelma on osaamisperustainen. Se tarkoittaa, ett\u00e4 opinnoissa opiskelija n\u00e4hd\u00e4\u00e4n aktiivisena toimijana, joka sitoutuu oman opiskelunsa suunnitteluun, toteuttamiseen ja arviointiin. Osaamisperustaisessa tutkintokoulutuksessa opiskelija rakentaa opettajiensa tuella henkil\u00f6kohtaisen ja yksil\u00f6llisen opintopolkunsa. Opinnoissa keskeist\u00e4 on osaamisen hankkiminen ja osoittaminen, ei opintojen suorittaminen. Osaamisperustaisuudessa keskeist\u00e4 on opiskelijan osaaminen ja sen n\u00e4kyv\u00e4ksi ja todennetuksi tekeminen. Osaamisperustaisuuden toteutumisen [&hellip;]","og_url":"https:\/\/help.jamk.fi\/ops-kasikirja\/fi\/osaamisperustaisuus\/","og_site_name":"Ops-k\u00e4sikirja","article_modified_time":"2023-12-05T07:26:32+00:00","twitter_card":"summary_large_image","schema":{"@context":"https:\/\/schema.org","@graph":[{"@type":"WebPage","@id":"https:\/\/help.jamk.fi\/ops-kasikirja\/fi\/osaamisperustaisuus\/","url":"https:\/\/help.jamk.fi\/ops-kasikirja\/fi\/osaamisperustaisuus\/","name":"Osaamisperustaisuus, modulaarisuus ja arviointi - Ops-k\u00e4sikirja","isPartOf":{"@id":"https:\/\/help.jamk.fi\/ops-kasikirja\/#website"},"datePublished":"2023-01-06T16:18:13+00:00","dateModified":"2023-12-05T07:26:32+00:00","breadcrumb":{"@id":"https:\/\/help.jamk.fi\/ops-kasikirja\/fi\/osaamisperustaisuus\/#breadcrumb"},"inLanguage":"fi","potentialAction":[{"@type":"ReadAction","target":["https:\/\/help.jamk.fi\/ops-kasikirja\/fi\/osaamisperustaisuus\/"]}]},{"@type":"BreadcrumbList","@id":"https:\/\/help.jamk.fi\/ops-kasikirja\/fi\/osaamisperustaisuus\/#breadcrumb","itemListElement":[{"@type":"ListItem","position":1,"name":"Etusivu","item":"https:\/\/help.jamk.fi\/ops-kasikirja\/fi\/"},{"@type":"ListItem","position":2,"name":"Osaamisperustaisuus, modulaarisuus ja arviointi"}]},{"@type":"WebSite","@id":"https:\/\/help.jamk.fi\/ops-kasikirja\/#website","url":"https:\/\/help.jamk.fi\/ops-kasikirja\/","name":"Ops-k\u00e4sikirja","description":"","potentialAction":[{"@type":"SearchAction","target":{"@type":"EntryPoint","urlTemplate":"https:\/\/help.jamk.fi\/ops-kasikirja\/?s={search_term_string}"},"query-input":{"@type":"PropertyValueSpecification","valueRequired":true,"valueName":"search_term_string"}}],"inLanguage":"fi"}]}},"_links":{"self":[{"href":"https:\/\/help.jamk.fi\/ops-kasikirja\/wp-json\/wp\/v2\/pages\/38","targetHints":{"allow":["GET"]}}],"collection":[{"href":"https:\/\/help.jamk.fi\/ops-kasikirja\/wp-json\/wp\/v2\/pages"}],"about":[{"href":"https:\/\/help.jamk.fi\/ops-kasikirja\/wp-json\/wp\/v2\/types\/page"}],"author":[{"embeddable":true,"href":"https:\/\/help.jamk.fi\/ops-kasikirja\/wp-json\/wp\/v2\/users\/79"}],"replies":[{"embeddable":true,"href":"https:\/\/help.jamk.fi\/ops-kasikirja\/wp-json\/wp\/v2\/comments?post=38"}],"version-history":[{"count":11,"href":"https:\/\/help.jamk.fi\/ops-kasikirja\/wp-json\/wp\/v2\/pages\/38\/revisions"}],"predecessor-version":[{"id":422,"href":"https:\/\/help.jamk.fi\/ops-kasikirja\/wp-json\/wp\/v2\/pages\/38\/revisions\/422"}],"wp:attachment":[{"href":"https:\/\/help.jamk.fi\/ops-kasikirja\/wp-json\/wp\/v2\/media?parent=38"}],"wp:term":[{"taxonomy":"category","embeddable":true,"href":"https:\/\/help.jamk.fi\/ops-kasikirja\/wp-json\/wp\/v2\/categories?post=38"},{"taxonomy":"post_tag","embeddable":true,"href":"https:\/\/help.jamk.fi\/ops-kasikirja\/wp-json\/wp\/v2\/tags?post=38"}],"curies":[{"name":"wp","href":"https:\/\/api.w.org\/{rel}","templated":true}]}}