{"id":380,"date":"2023-11-09T09:03:30","date_gmt":"2023-11-09T07:03:30","guid":{"rendered":"https:\/\/help.jamk.fi\/ops-kasikirja\/?page_id=380"},"modified":"2024-01-23T15:34:38","modified_gmt":"2024-01-23T13:34:38","slug":"asiantuntijan-digiosaaminen","status":"publish","type":"page","link":"https:\/\/help.jamk.fi\/ops-kasikirja\/fi\/asiantuntijan-digiosaaminen\/","title":{"rendered":"Asiantuntijan digiosaaminen"},"content":{"rendered":"\n<p>Jamkin opetussuunnitelmien kehitt\u00e4misen yksi keskeinen tavoite on digitaalisuuden hy\u00f6dynt\u00e4minen: \u201dOlemme osa korkeakoulujen yhteist\u00e4 digitaalista ekosysteemi\u00e4. Mahdollistamme digitaalisen, laadukkaan ja saavutettavan oppimisen, ohjauksen ja opetuksen\u201d. Digitalisoidaan kaikki mit\u00e4 voidaan.<\/p>\n\n\n\n<p>Digitaalisen aikakauden muutosprosessit mullistavat my\u00f6s koulutus- ja opetusmaailman toimintamalleja. Teknologia t\u00e4ydent\u00e4\u00e4 opetuksen ja oppimisen prosesseja. T\u00e4ytyy ymm\u00e4rt\u00e4\u00e4, mit\u00e4 opettaminen ja oppiminen ovat ja mink\u00e4laista osaamista tarvitaan t\u00e4ss\u00e4 nopeasti muuttuvassa toimintaymp\u00e4rist\u00f6ss\u00e4. Eriarvoistumisen est\u00e4miseksi on t\u00e4rke\u00e4\u00e4 huomioida, ettei teknologia v\u00e4ltt\u00e4m\u00e4tt\u00e4 tehosta tai nopeuta oppimista. Opiskelijat tarvitsevat ohjausta tiedon valikointiin, arviointiin ja prosessointiin pysty\u00e4kseen hy\u00f6dynt\u00e4m\u00e4\u00e4n digiteknologioita omassa oppimisessaan.<\/p>\n\n\n\n<p>Asiantuntijan digiosaaminen on yhdistelm\u00e4 tiet\u00e4myst\u00e4, taitoja ja asenteita eli kyky\u00e4 k\u00e4ytt\u00e4\u00e4 tietotekniikkaa ja digitaalisia laitteita tehokkaasti ja tarkoituksenmukaisesti omassa ty\u00f6ss\u00e4\u00e4n. Digitaalinen osaaminen n\u00e4kyy teht\u00e4vien suorittamisessa, ongelmien ratkaisemisessa, viestinn\u00e4ss\u00e4, tietojen hallinnassa ja yhteisty\u00f6n tekemisess\u00e4 sek\u00e4 my\u00f6s sis\u00e4ll\u00f6n luomisessa ja jakamisessa tehokkaasti, asianmukaisesti, turvallisesti, kriittisesti, luovasti, itsen\u00e4isesti ja eettisesti.<\/p>\n\n\n<div id=\"link-lifts-block_118707dfd6485a1916ee73dea088b507\" class=\"link-lifts block-link-lifts\">\n  <div class=\"row\">\n            <div class=\"col-12 col-lg-4 block-link-lifts__column\">\n          <div class=\"block-link-lifts__item lilac\">\n            <h3 class=\"block-link-lifts__item--heading\">Auttavaa materiaalia<\/h3>\n                          <ul class=\"block-link-lifts__item--link-list\">\n                                                                        <li>\n                                              <a class=\"link-list\" href=\"https:\/\/www.oph.fi\/fi\/digiosaaminen\" target=\"_self\">Digitaalinen osaaminen (OPH)<\/a>\n                                          <\/li>\n                                                                                          <li>\n                                              <a class=\"link-list\" href=\"https:\/\/www.valtiolla.fi\/palvelut\/digiosaaminen-julkisessa-hallinnossa\/\" target=\"_self\">Digiosaaminen julkisessa hallinnossa (valtiolla.fi)<\/a>\n                                          <\/li>\n                                                                                          <li>\n                                              <a class=\"link-list\" href=\"https:\/\/www.sitra.fi\/julkaisut\/megatrendit-2023\/\" target=\"_self\">Megatrendit 2023 (Sitra)<\/a>\n                                          <\/li>\n                                                <\/ul>\n            \n          <\/div>\n        <\/div>\n            <div class=\"col-12 col-lg-4 block-link-lifts__column\">\n          <div class=\"block-link-lifts__item lilac\">\n            <h3 class=\"block-link-lifts__item--heading\">EU-tasoisia viitekehyksi\u00e4 ja itsearviointity\u00f6kaluja digitaalisten kompetenssien arviointiin<\/h3>\n                          <ul class=\"block-link-lifts__item--link-list\">\n                                                                        <li>\n                                              <a class=\"link-list\" href=\"https:\/\/digital-skills-jobs.europa.eu\/en\/actions\/european-initiatives\/digital-competence-framework-digcomp\" target=\"_self\">The Digital Competence Framework (DigComp)<\/a>\n                                          <\/li>\n                                                                                          <li>\n                                              <a class=\"link-list\" href=\"https:\/\/digital-competence.eu\/\" target=\"_self\">The Digital Competence Wheel (EU)<\/a>\n                                          <\/li>\n                                                                                          <li>\n                                              <a class=\"link-list\" href=\"https:\/\/mydigiskills.eu\/\" target=\"_self\">Mydigiskills<\/a>\n                                          <\/li>\n                                                <\/ul>\n            \n          <\/div>\n        <\/div>\n      <\/div>\n<\/div>\n\n\n<p>Tekstin kirjoittamisessa on k\u00e4ytetty apuna teko\u00e4ly\u00e4.<\/p>\n\n\n\n<p class=\"has-text-align-right\"><sub>Anne Mecklin 18.10.2023<\/sub><\/p>\n","protected":false},"excerpt":{"rendered":"<p>Jamkin opetussuunnitelmien kehitt\u00e4misen yksi keskeinen tavoite on digitaalisuuden hy\u00f6dynt\u00e4minen: \u201dOlemme osa korkeakoulujen yhteist\u00e4 digitaalista ekosysteemi\u00e4. Mahdollistamme digitaalisen, laadukkaan ja saavutettavan oppimisen, ohjauksen ja opetuksen\u201d. Digitalisoidaan kaikki mit\u00e4 voidaan. Digitaalisen aikakauden muutosprosessit mullistavat my\u00f6s koulutus- ja opetusmaailman toimintamalleja. Teknologia t\u00e4ydent\u00e4\u00e4 opetuksen ja oppimisen prosesseja. T\u00e4ytyy ymm\u00e4rt\u00e4\u00e4, mit\u00e4 opettaminen ja oppiminen ovat ja mink\u00e4laista osaamista tarvitaan t\u00e4ss\u00e4 [&hellip;]<\/p>\n","protected":false},"author":79,"featured_media":0,"parent":0,"menu_order":10,"comment_status":"closed","ping_status":"closed","template":"","meta":{"_acf_changed":false,"_relevanssi_hide_post":"","_relevanssi_hide_content":"","_relevanssi_pin_for_all":"","_relevanssi_pin_keywords":"","_relevanssi_unpin_keywords":"","_relevanssi_related_keywords":"","_relevanssi_related_include_ids":"","_relevanssi_related_exclude_ids":"","_relevanssi_related_no_append":"","_relevanssi_related_not_related":"","_relevanssi_related_posts":"","_relevanssi_noindex_reason":"","footnotes":"[]"},"categories":[],"tags":[],"class_list":["post-380","page","type-page","status-publish","hentry"],"acf":[],"yoast_head":"<!-- This site is optimized with the Yoast SEO plugin v27.4 - https:\/\/yoast.com\/product\/yoast-seo-wordpress\/ -->\n<title>Asiantuntijan digiosaaminen - Ops-k\u00e4sikirja<\/title>\n<meta name=\"robots\" content=\"index, follow, max-snippet:-1, max-image-preview:large, max-video-preview:-1\" \/>\n<link rel=\"canonical\" href=\"https:\/\/help.jamk.fi\/ops-kasikirja\/fi\/asiantuntijan-digiosaaminen\/\" \/>\n<meta property=\"og:locale\" content=\"fi_FI\" \/>\n<meta property=\"og:type\" content=\"article\" \/>\n<meta property=\"og:title\" content=\"Asiantuntijan digiosaaminen - Ops-k\u00e4sikirja\" \/>\n<meta property=\"og:description\" content=\"Jamkin opetussuunnitelmien kehitt\u00e4misen yksi keskeinen tavoite on digitaalisuuden hy\u00f6dynt\u00e4minen: \u201dOlemme osa korkeakoulujen yhteist\u00e4 digitaalista ekosysteemi\u00e4. Mahdollistamme digitaalisen, laadukkaan ja saavutettavan oppimisen, ohjauksen ja opetuksen\u201d. Digitalisoidaan kaikki mit\u00e4 voidaan. Digitaalisen aikakauden muutosprosessit mullistavat my\u00f6s koulutus- ja opetusmaailman toimintamalleja. Teknologia t\u00e4ydent\u00e4\u00e4 opetuksen ja oppimisen prosesseja. T\u00e4ytyy ymm\u00e4rt\u00e4\u00e4, mit\u00e4 opettaminen ja oppiminen ovat ja mink\u00e4laista osaamista tarvitaan t\u00e4ss\u00e4 [&hellip;]\" \/>\n<meta property=\"og:url\" content=\"https:\/\/help.jamk.fi\/ops-kasikirja\/fi\/asiantuntijan-digiosaaminen\/\" \/>\n<meta property=\"og:site_name\" content=\"Ops-k\u00e4sikirja\" \/>\n<meta property=\"article:modified_time\" content=\"2024-01-23T13:34:38+00:00\" \/>\n<meta name=\"twitter:card\" content=\"summary_large_image\" \/>\n<meta name=\"twitter:label1\" content=\"Arvioitu lukuaika\" \/>\n\t<meta name=\"twitter:data1\" content=\"1 minuutti\" \/>\n<script type=\"application\/ld+json\" class=\"yoast-schema-graph\">{\"@context\":\"https:\\\/\\\/schema.org\",\"@graph\":[{\"@type\":\"WebPage\",\"@id\":\"https:\\\/\\\/help.jamk.fi\\\/ops-kasikirja\\\/fi\\\/asiantuntijan-digiosaaminen\\\/\",\"url\":\"https:\\\/\\\/help.jamk.fi\\\/ops-kasikirja\\\/fi\\\/asiantuntijan-digiosaaminen\\\/\",\"name\":\"Asiantuntijan digiosaaminen - Ops-k\u00e4sikirja\",\"isPartOf\":{\"@id\":\"https:\\\/\\\/help.jamk.fi\\\/ops-kasikirja\\\/#website\"},\"datePublished\":\"2023-11-09T07:03:30+00:00\",\"dateModified\":\"2024-01-23T13:34:38+00:00\",\"breadcrumb\":{\"@id\":\"https:\\\/\\\/help.jamk.fi\\\/ops-kasikirja\\\/fi\\\/asiantuntijan-digiosaaminen\\\/#breadcrumb\"},\"inLanguage\":\"fi\",\"potentialAction\":[{\"@type\":\"ReadAction\",\"target\":[\"https:\\\/\\\/help.jamk.fi\\\/ops-kasikirja\\\/fi\\\/asiantuntijan-digiosaaminen\\\/\"]}]},{\"@type\":\"BreadcrumbList\",\"@id\":\"https:\\\/\\\/help.jamk.fi\\\/ops-kasikirja\\\/fi\\\/asiantuntijan-digiosaaminen\\\/#breadcrumb\",\"itemListElement\":[{\"@type\":\"ListItem\",\"position\":1,\"name\":\"Etusivu\",\"item\":\"https:\\\/\\\/help.jamk.fi\\\/ops-kasikirja\\\/fi\\\/\"},{\"@type\":\"ListItem\",\"position\":2,\"name\":\"Asiantuntijan digiosaaminen\"}]},{\"@type\":\"WebSite\",\"@id\":\"https:\\\/\\\/help.jamk.fi\\\/ops-kasikirja\\\/#website\",\"url\":\"https:\\\/\\\/help.jamk.fi\\\/ops-kasikirja\\\/\",\"name\":\"Ops-k\u00e4sikirja\",\"description\":\"\",\"potentialAction\":[{\"@type\":\"SearchAction\",\"target\":{\"@type\":\"EntryPoint\",\"urlTemplate\":\"https:\\\/\\\/help.jamk.fi\\\/ops-kasikirja\\\/?s={search_term_string}\"},\"query-input\":{\"@type\":\"PropertyValueSpecification\",\"valueRequired\":true,\"valueName\":\"search_term_string\"}}],\"inLanguage\":\"fi\"}]}<\/script>\n<!-- \/ Yoast SEO plugin. -->","yoast_head_json":{"title":"Asiantuntijan digiosaaminen - Ops-k\u00e4sikirja","robots":{"index":"index","follow":"follow","max-snippet":"max-snippet:-1","max-image-preview":"max-image-preview:large","max-video-preview":"max-video-preview:-1"},"canonical":"https:\/\/help.jamk.fi\/ops-kasikirja\/fi\/asiantuntijan-digiosaaminen\/","og_locale":"fi_FI","og_type":"article","og_title":"Asiantuntijan digiosaaminen - Ops-k\u00e4sikirja","og_description":"Jamkin opetussuunnitelmien kehitt\u00e4misen yksi keskeinen tavoite on digitaalisuuden hy\u00f6dynt\u00e4minen: \u201dOlemme osa korkeakoulujen yhteist\u00e4 digitaalista ekosysteemi\u00e4. Mahdollistamme digitaalisen, laadukkaan ja saavutettavan oppimisen, ohjauksen ja opetuksen\u201d. Digitalisoidaan kaikki mit\u00e4 voidaan. Digitaalisen aikakauden muutosprosessit mullistavat my\u00f6s koulutus- ja opetusmaailman toimintamalleja. Teknologia t\u00e4ydent\u00e4\u00e4 opetuksen ja oppimisen prosesseja. T\u00e4ytyy ymm\u00e4rt\u00e4\u00e4, mit\u00e4 opettaminen ja oppiminen ovat ja mink\u00e4laista osaamista tarvitaan t\u00e4ss\u00e4 [&hellip;]","og_url":"https:\/\/help.jamk.fi\/ops-kasikirja\/fi\/asiantuntijan-digiosaaminen\/","og_site_name":"Ops-k\u00e4sikirja","article_modified_time":"2024-01-23T13:34:38+00:00","twitter_card":"summary_large_image","twitter_misc":{"Arvioitu lukuaika":"1 minuutti"},"schema":{"@context":"https:\/\/schema.org","@graph":[{"@type":"WebPage","@id":"https:\/\/help.jamk.fi\/ops-kasikirja\/fi\/asiantuntijan-digiosaaminen\/","url":"https:\/\/help.jamk.fi\/ops-kasikirja\/fi\/asiantuntijan-digiosaaminen\/","name":"Asiantuntijan digiosaaminen - Ops-k\u00e4sikirja","isPartOf":{"@id":"https:\/\/help.jamk.fi\/ops-kasikirja\/#website"},"datePublished":"2023-11-09T07:03:30+00:00","dateModified":"2024-01-23T13:34:38+00:00","breadcrumb":{"@id":"https:\/\/help.jamk.fi\/ops-kasikirja\/fi\/asiantuntijan-digiosaaminen\/#breadcrumb"},"inLanguage":"fi","potentialAction":[{"@type":"ReadAction","target":["https:\/\/help.jamk.fi\/ops-kasikirja\/fi\/asiantuntijan-digiosaaminen\/"]}]},{"@type":"BreadcrumbList","@id":"https:\/\/help.jamk.fi\/ops-kasikirja\/fi\/asiantuntijan-digiosaaminen\/#breadcrumb","itemListElement":[{"@type":"ListItem","position":1,"name":"Etusivu","item":"https:\/\/help.jamk.fi\/ops-kasikirja\/fi\/"},{"@type":"ListItem","position":2,"name":"Asiantuntijan digiosaaminen"}]},{"@type":"WebSite","@id":"https:\/\/help.jamk.fi\/ops-kasikirja\/#website","url":"https:\/\/help.jamk.fi\/ops-kasikirja\/","name":"Ops-k\u00e4sikirja","description":"","potentialAction":[{"@type":"SearchAction","target":{"@type":"EntryPoint","urlTemplate":"https:\/\/help.jamk.fi\/ops-kasikirja\/?s={search_term_string}"},"query-input":{"@type":"PropertyValueSpecification","valueRequired":true,"valueName":"search_term_string"}}],"inLanguage":"fi"}]}},"_links":{"self":[{"href":"https:\/\/help.jamk.fi\/ops-kasikirja\/wp-json\/wp\/v2\/pages\/380","targetHints":{"allow":["GET"]}}],"collection":[{"href":"https:\/\/help.jamk.fi\/ops-kasikirja\/wp-json\/wp\/v2\/pages"}],"about":[{"href":"https:\/\/help.jamk.fi\/ops-kasikirja\/wp-json\/wp\/v2\/types\/page"}],"author":[{"embeddable":true,"href":"https:\/\/help.jamk.fi\/ops-kasikirja\/wp-json\/wp\/v2\/users\/79"}],"replies":[{"embeddable":true,"href":"https:\/\/help.jamk.fi\/ops-kasikirja\/wp-json\/wp\/v2\/comments?post=380"}],"version-history":[{"count":7,"href":"https:\/\/help.jamk.fi\/ops-kasikirja\/wp-json\/wp\/v2\/pages\/380\/revisions"}],"predecessor-version":[{"id":462,"href":"https:\/\/help.jamk.fi\/ops-kasikirja\/wp-json\/wp\/v2\/pages\/380\/revisions\/462"}],"wp:attachment":[{"href":"https:\/\/help.jamk.fi\/ops-kasikirja\/wp-json\/wp\/v2\/media?parent=380"}],"wp:term":[{"taxonomy":"category","embeddable":true,"href":"https:\/\/help.jamk.fi\/ops-kasikirja\/wp-json\/wp\/v2\/categories?post=380"},{"taxonomy":"post_tag","embeddable":true,"href":"https:\/\/help.jamk.fi\/ops-kasikirja\/wp-json\/wp\/v2\/tags?post=380"}],"curies":[{"name":"wp","href":"https:\/\/api.w.org\/{rel}","templated":true}]}}