{"id":47,"date":"2023-01-27T09:26:05","date_gmt":"2023-01-27T07:26:05","guid":{"rendered":"https:\/\/help.jamk.fi\/ops-kasikirja\/tyonjako-roolit-ja-vastuut\/"},"modified":"2024-11-13T11:05:48","modified_gmt":"2024-11-13T09:05:48","slug":"tyonjako-roolit-ja-vastuut","status":"publish","type":"page","link":"https:\/\/help.jamk.fi\/ops-kasikirja\/fi\/tyonjako-roolit-ja-vastuut\/","title":{"rendered":"Ty\u00f6njako: roolit ja vastuut OPS-ty\u00f6ss\u00e4"},"content":{"rendered":"\n<p><strong>Yksik\u00f6iss\u00e4<\/strong> opetussuunnitelmat arvioidaan vuosittain kunkin tutkinto-ohjelman vuosikatsastuksen yhteydess\u00e4. Arvioinneista saadaan palautetta seuraavalle OPS-kierrokselle.<\/p>\n\n\n\n<p><strong>Koulutuspalveluiden p\u00e4\u00e4llikk\u00f6<\/strong> valmistelee OPS-perusteet sek\u00e4 linjaukset. OPSin linjaukset k\u00e4sitell\u00e4\u00e4n Jamkin joryss\u00e4.<\/p>\n\n\n\n<p><strong>OPS-kehitt\u00e4mistiimi<\/strong> koordinoi ja johtaa opetussuunnitelmien uudistamista, vuosittaista OPSien laatimista ja tarkastusty\u00f6t\u00e4.<\/p>\n\n\n\n<p><strong>Tutkinto-ohjelmasta vastaava tai h\u00e4nen nime\u00e4m\u00e4ns\u00e4 henkil\u00f6<\/strong> <strong>(tutkintovastaava)<\/strong> huolehtii, ett\u00e4 tutkinnon kuvaus ja opetussuunnitelmat tehd\u00e4\u00e4n ajallaan noudattaen kulloinkin voimassa olevia linjauksia ja OPS-perusteita. Tutkintovastaava<\/p>\n\n\n\n<ul class=\"wp-block-list\">\n<li>rakentaa tutkinnon osaamistavoitteen, osaamisalueet ja osaamiset yhdess\u00e4 opiskelijoiden, ty\u00f6el\u00e4m\u00e4n ja mahdollisten muiden verkostojen kanssa,<\/li>\n\n\n\n<li>laatii tutkinnon kuvauksen,<\/li>\n\n\n\n<li>tekee opintojen rakenteen (opintokokonaisuudet, opintojaksot ja niiden kuvaukset), ajoitukset ja j\u00e4sentelyt jokaiselle aloitusryhm\u00e4lle,<\/li>\n\n\n\n<li>tarkastelee sis\u00e4ll\u00f6llisesti OPSiaan vuosittain,<\/li>\n\n\n\n<li>nime\u00e4\u00e4 henkil\u00f6t opintojaksokuvauksien tarkistukseen, joka tehd\u00e4\u00e4n aina OPS-uudistuksen yhteydess\u00e4 ja aina uusia opintojaksoja teht\u00e4ess\u00e4,<\/li>\n\n\n\n<li>muuttaa OPSin tilan \u201dvalmis hyv\u00e4ksytt\u00e4v\u00e4ksi\u201d.<\/li>\n<\/ul>\n\n\n\n<p><strong>Yksik\u00f6n koulutuskoordinaattori<\/strong> tilaa ICT-palveluista oman tutkinto-ohjelmansa ryhm\u00e4tunnukset.<\/p>\n\n\n\n<p><strong>Tulosalueen p\u00e4\u00e4llikk\u00f6, instituutin johtaja tai h\u00e4nen nime\u00e4m\u00e4ns\u00e4 henkil\u00f6<\/strong> tarkistaa opetussuunnitelmien luonnokset (ks. alempaa kohta Opetussuunnitelman luonnoksen tarkistus yksik\u00f6ss\u00e4), jonka j\u00e4lkeen merkitsee OPSit Hyv\u00e4ksytty-tilaan (kuvio 1). <a href=\"https:\/\/help.jamk.fi\/peppi-ohjeet-henkilokunnalle\/fi\/opetussuunnittelu\/opetussuunnitelmat-opsit\/opsin-tarkistus-ja-hyvaksyminen\/\">Katso Peppi-ohjeet OPSin hyv\u00e4ksymisest\u00e4 (Help)<\/a>. <\/p>\n\n\n\n<figure class=\"wp-block-image size-full\"><img loading=\"lazy\" decoding=\"async\" width=\"568\" height=\"94\" src=\"https:\/\/help.jamk.fi\/ops-kasikirja\/wp-content\/uploads\/sites\/61\/2024\/11\/OPS-hyvaksytty-tilassa.png\" alt=\"OPS hyv\u00e4ksytty-tilassa\" class=\"wp-image-597\" srcset=\"https:\/\/help.jamk.fi\/ops-kasikirja\/wp-content\/uploads\/sites\/61\/2024\/11\/OPS-hyvaksytty-tilassa.png 568w, https:\/\/help.jamk.fi\/ops-kasikirja\/wp-content\/uploads\/sites\/61\/2024\/11\/OPS-hyvaksytty-tilassa-300x50.png 300w\" sizes=\"auto, (max-width: 568px) 100vw, 568px\" \/><figcaption class=\"wp-element-caption\">Kuvio 1. OPS hyv\u00e4ksytty-tilassa<\/figcaption><\/figure>\n\n\n\n<p><strong>Opintoasioiden lautakunta<\/strong> hyv\u00e4ksyy OPS-perusteet opetussuunnitelmien uudistuksen yhteydess\u00e4 ja opetussuunnitelmat vuosittain.<\/p>\n\n\n\n<p><strong>Opintojakson vastuuhenkil\u00f6(t)<\/strong> vastaavat omista opintojaksokuvauksistaan sek\u00e4 ko. opintojaksolle osoitetuista hyv\u00e4ksiluvuista.<\/p>\n\n\n\n<p><strong>Toteutuksen opettaja<\/strong> vastaa toteutuksen kuvauksesta.<\/p>\n\n\n\n<p><strong>Koulutuspalveluiden suunnittelija<\/strong> vie tutkinnon kuvaukset (suomi\/englanti) ja osaamisalueet sek\u00e4 osaamiset (suomi\/englanti) Teamsista Peppiin. Huom. osaamisten merkinn\u00e4t opintojaksoihin tekee koulutuksesta vastaava p\u00e4\u00e4llikk\u00f6 tai h\u00e4nen nime\u00e4m\u00e4ns\u00e4 henkil\u00f6.<\/p>\n\n\n\n<h2 class=\"wp-block-heading\">Opetussuunnitelman luonnoksen tarkistus yksik\u00f6ss\u00e4<\/h2>\n\n\n\n<h3 class=\"wp-block-heading\">Vuosittaiset tarkistukset<\/h3>\n\n\n\n<ul class=\"wp-block-list\">\n<li>Rakenne sis\u00e4lt\u00e4\u00e4 kaikki tarvittavat opinnot mukaan lukien kulloinkin voimassa olevat Jamkin yhteiset opintojaksot:\n<ul class=\"wp-block-list\">\n<li>Harjoittelua tulee tutkinnossa olla v\u00e4hint\u00e4\u00e4n 30 op (pois lukien k\u00e4til\u00f6t ja sairaanhoitajat, joilla EU-direktiivin mukaiset harjoittelum\u00e4\u00e4r\u00e4t)<\/li>\n\n\n\n<li>Vapaasti valittavia opintoja v\u00e4hint\u00e4\u00e4n 10 op (k\u00e4til\u00f6ill\u00e4 ja sairaanhoitajilla 5 op)<\/li>\n\n\n\n<li>Vaihtoehtoisten ja vapaasti valittavien opintojen m\u00e4\u00e4r\u00e4 vs. taloudellisuus<\/li>\n<\/ul>\n<\/li>\n\n\n\n<li>Tutkintojen omien opintojen opintokokonaisuuksista l\u00f6ytyy kuvaukset suomeksi ja englanniksi sek\u00e4 suomen- ett\u00e4 englanninkielisiss\u00e4 tutkinto-ohjelmissa (minimiss\u00e4\u00e4n osaamistavoitteet ja ydinsis\u00e4lt\u00f6).<\/li>\n\n\n\n<li>Opintokokonaisuuden suositeltu laajuus v\u00e4hint\u00e4\u00e4n 15 op.<\/li>\n\n\n\n<li>Tutkinnon rakenne vaikuttaa loogiselta ja ehe\u00e4lt\u00e4 kokonaisuudelta.<\/li>\n\n\n\n<li>Tutkinnon laajuus 210 \/ 240 \/ 270 op t\u00e4yttyy.<\/li>\n<\/ul>\n\n\n\n<p>Lopuksi OPS siirret\u00e4\u00e4n Pepiss\u00e4 Hyv\u00e4ksytty-tilaan (ks. kuvio 1).<\/p>\n\n\n\n<h3 class=\"wp-block-heading\">OPS-uudistusty\u00f6n yhteydess\u00e4 teht\u00e4v\u00e4t tarkistukset<\/h3>\n\n\n\n<ul class=\"wp-block-list\">\n<li>OPSin linjaukset<\/li>\n\n\n\n<li>Osaamisperustaisuus: mahdollistaako OPS tutkintokuvauksen mukaisen osaamisen saavuttamisen?<\/li>\n\n\n\n<li>Rakenteeseen liittyv\u00e4t kohdat:\n<ul class=\"wp-block-list\">\n<li>Opintokokonaisuuksien selkeys ja tasapainoisuus<\/li>\n\n\n\n<li>Rakenteessa on erillinen harjoittelun opintokokonaisuus<\/li>\n\n\n\n<li>Vaihtoehtoisten ja vapaasti valittavien opintojen m\u00e4\u00e4r\u00e4 vs. taloudellisuus<\/li>\n<\/ul>\n<\/li>\n<\/ul>\n\n\n\n<p>Lopuksi OPS siirret\u00e4\u00e4n Pepiss\u00e4 Hyv\u00e4ksytty-tilaan (ks. kuvio 1).<\/p>\n\n\n\n<h2 class=\"wp-block-heading\">Opintojaksokuvausten tarkistaminen<\/h2>\n\n\n\n<p>Opintojaksokuvauksista tarkistetaan seuraavat asiat ja merkit\u00e4\u00e4n Peppiin sis\u00e4lt\u00f6 ja k\u00e4\u00e4nn\u00f6s tarkistetuksi:<\/p>\n\n\n\n<ul class=\"wp-block-list\">\n<li>Osaamiset ovat ne, jotka on rakenteessa valittu<\/li>\n\n\n\n<li>Arviointikriteereiss\u00e4 arvioidaan osaamista<\/li>\n\n\n\n<li>Kieli selke\u00e4\u00e4 ja ymm\u00e4rrett\u00e4v\u00e4\u00e4 (suomen- ja englanninkielinen kuvaus)<\/li>\n<\/ul>\n\n\n\n<h2 class=\"wp-block-heading\">Tutkinnon kuvauksen ja opetussuunnitelmien k\u00e4\u00e4nt\u00e4minen englanniksi<\/h2>\n\n\n\n<p>Suomenkielisen tutkinnon kuvauksen k\u00e4\u00e4nn\u00f6ksest\u00e4 englanniksi huolehtii koulutuspalveluiden suunnittelija.<\/p>\n\n\n\n<p>Kaikista muista k\u00e4\u00e4nn\u00f6ksist\u00e4 vastaa koulutuksesta vastaava p\u00e4\u00e4llikk\u00f6 tai h\u00e4nen nime\u00e4m\u00e4ns\u00e4 henkil\u00f6. Muita k\u00e4\u00e4nnett\u00e4vi\u00e4 asioita voivat olla esim. osaamisalueet ja osaamiset sek\u00e4 opintojakso- ja toteutuksien kuvaukset.<\/p>\n\n\n\n<hr class=\"wp-block-separator has-alpha-channel-opacity\"\/>\n\n\n\n<p class=\"has-text-align-right\"><sub>Sirpa Tuomi ja Anne Luukkonen 29.10.2024<\/sub><\/p>\n","protected":false},"excerpt":{"rendered":"<p>Yksik\u00f6iss\u00e4 opetussuunnitelmat arvioidaan vuosittain kunkin tutkinto-ohjelman vuosikatsastuksen yhteydess\u00e4. Arvioinneista saadaan palautetta seuraavalle OPS-kierrokselle. Koulutuspalveluiden p\u00e4\u00e4llikk\u00f6 valmistelee OPS-perusteet sek\u00e4 linjaukset. OPSin linjaukset k\u00e4sitell\u00e4\u00e4n Jamkin joryss\u00e4. OPS-kehitt\u00e4mistiimi koordinoi ja johtaa opetussuunnitelmien uudistamista, vuosittaista OPSien laatimista ja tarkastusty\u00f6t\u00e4. Tutkinto-ohjelmasta vastaava tai h\u00e4nen nime\u00e4m\u00e4ns\u00e4 henkil\u00f6 (tutkintovastaava) huolehtii, ett\u00e4 tutkinnon kuvaus ja opetussuunnitelmat tehd\u00e4\u00e4n ajallaan noudattaen kulloinkin voimassa olevia linjauksia [&hellip;]<\/p>\n","protected":false},"author":79,"featured_media":0,"parent":0,"menu_order":14,"comment_status":"closed","ping_status":"closed","template":"","meta":{"_acf_changed":false,"_relevanssi_hide_post":"","_relevanssi_hide_content":"","_relevanssi_pin_for_all":"","_relevanssi_pin_keywords":"","_relevanssi_unpin_keywords":"","_relevanssi_related_keywords":"","_relevanssi_related_include_ids":"","_relevanssi_related_exclude_ids":"","_relevanssi_related_no_append":"","_relevanssi_related_not_related":"","_relevanssi_related_posts":"","_relevanssi_noindex_reason":"","footnotes":""},"categories":[],"tags":[],"class_list":["post-47","page","type-page","status-publish","hentry"],"acf":[],"yoast_head":"<!-- This site is optimized with the Yoast SEO plugin v27.4 - https:\/\/yoast.com\/product\/yoast-seo-wordpress\/ -->\n<title>Ty\u00f6njako: roolit ja vastuut OPS-ty\u00f6ss\u00e4 - Ops-k\u00e4sikirja<\/title>\n<meta name=\"robots\" content=\"index, follow, max-snippet:-1, max-image-preview:large, max-video-preview:-1\" \/>\n<link rel=\"canonical\" href=\"https:\/\/help.jamk.fi\/ops-kasikirja\/fi\/tyonjako-roolit-ja-vastuut\/\" \/>\n<meta property=\"og:locale\" content=\"fi_FI\" \/>\n<meta property=\"og:type\" content=\"article\" \/>\n<meta property=\"og:title\" content=\"Ty\u00f6njako: roolit ja vastuut OPS-ty\u00f6ss\u00e4 - Ops-k\u00e4sikirja\" \/>\n<meta property=\"og:description\" content=\"Yksik\u00f6iss\u00e4 opetussuunnitelmat arvioidaan vuosittain kunkin tutkinto-ohjelman vuosikatsastuksen yhteydess\u00e4. Arvioinneista saadaan palautetta seuraavalle OPS-kierrokselle. Koulutuspalveluiden p\u00e4\u00e4llikk\u00f6 valmistelee OPS-perusteet sek\u00e4 linjaukset. OPSin linjaukset k\u00e4sitell\u00e4\u00e4n Jamkin joryss\u00e4. OPS-kehitt\u00e4mistiimi koordinoi ja johtaa opetussuunnitelmien uudistamista, vuosittaista OPSien laatimista ja tarkastusty\u00f6t\u00e4. Tutkinto-ohjelmasta vastaava tai h\u00e4nen nime\u00e4m\u00e4ns\u00e4 henkil\u00f6 (tutkintovastaava) huolehtii, ett\u00e4 tutkinnon kuvaus ja opetussuunnitelmat tehd\u00e4\u00e4n ajallaan noudattaen kulloinkin voimassa olevia linjauksia [&hellip;]\" \/>\n<meta property=\"og:url\" content=\"https:\/\/help.jamk.fi\/ops-kasikirja\/fi\/tyonjako-roolit-ja-vastuut\/\" \/>\n<meta property=\"og:site_name\" content=\"Ops-k\u00e4sikirja\" \/>\n<meta property=\"article:modified_time\" content=\"2024-11-13T09:05:48+00:00\" \/>\n<meta property=\"og:image\" content=\"https:\/\/help.jamk.fi\/ops-kasikirja\/wp-content\/uploads\/sites\/61\/2024\/11\/OPS-hyvaksytty-tilassa.png\" \/>\n<meta name=\"twitter:card\" content=\"summary_large_image\" \/>\n<meta name=\"twitter:label1\" content=\"Arvioitu lukuaika\" \/>\n\t<meta name=\"twitter:data1\" content=\"3 minuuttia\" \/>\n<script type=\"application\/ld+json\" class=\"yoast-schema-graph\">{\"@context\":\"https:\\\/\\\/schema.org\",\"@graph\":[{\"@type\":\"WebPage\",\"@id\":\"https:\\\/\\\/help.jamk.fi\\\/ops-kasikirja\\\/fi\\\/tyonjako-roolit-ja-vastuut\\\/\",\"url\":\"https:\\\/\\\/help.jamk.fi\\\/ops-kasikirja\\\/fi\\\/tyonjako-roolit-ja-vastuut\\\/\",\"name\":\"Ty\u00f6njako: roolit ja vastuut OPS-ty\u00f6ss\u00e4 - Ops-k\u00e4sikirja\",\"isPartOf\":{\"@id\":\"https:\\\/\\\/help.jamk.fi\\\/ops-kasikirja\\\/#website\"},\"primaryImageOfPage\":{\"@id\":\"https:\\\/\\\/help.jamk.fi\\\/ops-kasikirja\\\/fi\\\/tyonjako-roolit-ja-vastuut\\\/#primaryimage\"},\"image\":{\"@id\":\"https:\\\/\\\/help.jamk.fi\\\/ops-kasikirja\\\/fi\\\/tyonjako-roolit-ja-vastuut\\\/#primaryimage\"},\"thumbnailUrl\":\"https:\\\/\\\/help.jamk.fi\\\/ops-kasikirja\\\/wp-content\\\/uploads\\\/sites\\\/61\\\/2024\\\/11\\\/OPS-hyvaksytty-tilassa.png\",\"datePublished\":\"2023-01-27T07:26:05+00:00\",\"dateModified\":\"2024-11-13T09:05:48+00:00\",\"breadcrumb\":{\"@id\":\"https:\\\/\\\/help.jamk.fi\\\/ops-kasikirja\\\/fi\\\/tyonjako-roolit-ja-vastuut\\\/#breadcrumb\"},\"inLanguage\":\"fi\",\"potentialAction\":[{\"@type\":\"ReadAction\",\"target\":[\"https:\\\/\\\/help.jamk.fi\\\/ops-kasikirja\\\/fi\\\/tyonjako-roolit-ja-vastuut\\\/\"]}]},{\"@type\":\"ImageObject\",\"inLanguage\":\"fi\",\"@id\":\"https:\\\/\\\/help.jamk.fi\\\/ops-kasikirja\\\/fi\\\/tyonjako-roolit-ja-vastuut\\\/#primaryimage\",\"url\":\"https:\\\/\\\/help.jamk.fi\\\/ops-kasikirja\\\/wp-content\\\/uploads\\\/sites\\\/61\\\/2024\\\/11\\\/OPS-hyvaksytty-tilassa.png\",\"contentUrl\":\"https:\\\/\\\/help.jamk.fi\\\/ops-kasikirja\\\/wp-content\\\/uploads\\\/sites\\\/61\\\/2024\\\/11\\\/OPS-hyvaksytty-tilassa.png\",\"width\":568,\"height\":94,\"caption\":\"Kuvio 1. OPS hyv\u00e4ksytty-tilassa\"},{\"@type\":\"BreadcrumbList\",\"@id\":\"https:\\\/\\\/help.jamk.fi\\\/ops-kasikirja\\\/fi\\\/tyonjako-roolit-ja-vastuut\\\/#breadcrumb\",\"itemListElement\":[{\"@type\":\"ListItem\",\"position\":1,\"name\":\"Etusivu\",\"item\":\"https:\\\/\\\/help.jamk.fi\\\/ops-kasikirja\\\/fi\\\/\"},{\"@type\":\"ListItem\",\"position\":2,\"name\":\"Ty\u00f6njako: roolit ja vastuut OPS-ty\u00f6ss\u00e4\"}]},{\"@type\":\"WebSite\",\"@id\":\"https:\\\/\\\/help.jamk.fi\\\/ops-kasikirja\\\/#website\",\"url\":\"https:\\\/\\\/help.jamk.fi\\\/ops-kasikirja\\\/\",\"name\":\"Ops-k\u00e4sikirja\",\"description\":\"\",\"potentialAction\":[{\"@type\":\"SearchAction\",\"target\":{\"@type\":\"EntryPoint\",\"urlTemplate\":\"https:\\\/\\\/help.jamk.fi\\\/ops-kasikirja\\\/?s={search_term_string}\"},\"query-input\":{\"@type\":\"PropertyValueSpecification\",\"valueRequired\":true,\"valueName\":\"search_term_string\"}}],\"inLanguage\":\"fi\"}]}<\/script>\n<!-- \/ Yoast SEO plugin. -->","yoast_head_json":{"title":"Ty\u00f6njako: roolit ja vastuut OPS-ty\u00f6ss\u00e4 - Ops-k\u00e4sikirja","robots":{"index":"index","follow":"follow","max-snippet":"max-snippet:-1","max-image-preview":"max-image-preview:large","max-video-preview":"max-video-preview:-1"},"canonical":"https:\/\/help.jamk.fi\/ops-kasikirja\/fi\/tyonjako-roolit-ja-vastuut\/","og_locale":"fi_FI","og_type":"article","og_title":"Ty\u00f6njako: roolit ja vastuut OPS-ty\u00f6ss\u00e4 - Ops-k\u00e4sikirja","og_description":"Yksik\u00f6iss\u00e4 opetussuunnitelmat arvioidaan vuosittain kunkin tutkinto-ohjelman vuosikatsastuksen yhteydess\u00e4. Arvioinneista saadaan palautetta seuraavalle OPS-kierrokselle. Koulutuspalveluiden p\u00e4\u00e4llikk\u00f6 valmistelee OPS-perusteet sek\u00e4 linjaukset. OPSin linjaukset k\u00e4sitell\u00e4\u00e4n Jamkin joryss\u00e4. OPS-kehitt\u00e4mistiimi koordinoi ja johtaa opetussuunnitelmien uudistamista, vuosittaista OPSien laatimista ja tarkastusty\u00f6t\u00e4. Tutkinto-ohjelmasta vastaava tai h\u00e4nen nime\u00e4m\u00e4ns\u00e4 henkil\u00f6 (tutkintovastaava) huolehtii, ett\u00e4 tutkinnon kuvaus ja opetussuunnitelmat tehd\u00e4\u00e4n ajallaan noudattaen kulloinkin voimassa olevia linjauksia [&hellip;]","og_url":"https:\/\/help.jamk.fi\/ops-kasikirja\/fi\/tyonjako-roolit-ja-vastuut\/","og_site_name":"Ops-k\u00e4sikirja","article_modified_time":"2024-11-13T09:05:48+00:00","og_image":[{"url":"https:\/\/help.jamk.fi\/ops-kasikirja\/wp-content\/uploads\/sites\/61\/2024\/11\/OPS-hyvaksytty-tilassa.png","type":"","width":"","height":""}],"twitter_card":"summary_large_image","twitter_misc":{"Arvioitu lukuaika":"3 minuuttia"},"schema":{"@context":"https:\/\/schema.org","@graph":[{"@type":"WebPage","@id":"https:\/\/help.jamk.fi\/ops-kasikirja\/fi\/tyonjako-roolit-ja-vastuut\/","url":"https:\/\/help.jamk.fi\/ops-kasikirja\/fi\/tyonjako-roolit-ja-vastuut\/","name":"Ty\u00f6njako: roolit ja vastuut OPS-ty\u00f6ss\u00e4 - Ops-k\u00e4sikirja","isPartOf":{"@id":"https:\/\/help.jamk.fi\/ops-kasikirja\/#website"},"primaryImageOfPage":{"@id":"https:\/\/help.jamk.fi\/ops-kasikirja\/fi\/tyonjako-roolit-ja-vastuut\/#primaryimage"},"image":{"@id":"https:\/\/help.jamk.fi\/ops-kasikirja\/fi\/tyonjako-roolit-ja-vastuut\/#primaryimage"},"thumbnailUrl":"https:\/\/help.jamk.fi\/ops-kasikirja\/wp-content\/uploads\/sites\/61\/2024\/11\/OPS-hyvaksytty-tilassa.png","datePublished":"2023-01-27T07:26:05+00:00","dateModified":"2024-11-13T09:05:48+00:00","breadcrumb":{"@id":"https:\/\/help.jamk.fi\/ops-kasikirja\/fi\/tyonjako-roolit-ja-vastuut\/#breadcrumb"},"inLanguage":"fi","potentialAction":[{"@type":"ReadAction","target":["https:\/\/help.jamk.fi\/ops-kasikirja\/fi\/tyonjako-roolit-ja-vastuut\/"]}]},{"@type":"ImageObject","inLanguage":"fi","@id":"https:\/\/help.jamk.fi\/ops-kasikirja\/fi\/tyonjako-roolit-ja-vastuut\/#primaryimage","url":"https:\/\/help.jamk.fi\/ops-kasikirja\/wp-content\/uploads\/sites\/61\/2024\/11\/OPS-hyvaksytty-tilassa.png","contentUrl":"https:\/\/help.jamk.fi\/ops-kasikirja\/wp-content\/uploads\/sites\/61\/2024\/11\/OPS-hyvaksytty-tilassa.png","width":568,"height":94,"caption":"Kuvio 1. OPS hyv\u00e4ksytty-tilassa"},{"@type":"BreadcrumbList","@id":"https:\/\/help.jamk.fi\/ops-kasikirja\/fi\/tyonjako-roolit-ja-vastuut\/#breadcrumb","itemListElement":[{"@type":"ListItem","position":1,"name":"Etusivu","item":"https:\/\/help.jamk.fi\/ops-kasikirja\/fi\/"},{"@type":"ListItem","position":2,"name":"Ty\u00f6njako: roolit ja vastuut OPS-ty\u00f6ss\u00e4"}]},{"@type":"WebSite","@id":"https:\/\/help.jamk.fi\/ops-kasikirja\/#website","url":"https:\/\/help.jamk.fi\/ops-kasikirja\/","name":"Ops-k\u00e4sikirja","description":"","potentialAction":[{"@type":"SearchAction","target":{"@type":"EntryPoint","urlTemplate":"https:\/\/help.jamk.fi\/ops-kasikirja\/?s={search_term_string}"},"query-input":{"@type":"PropertyValueSpecification","valueRequired":true,"valueName":"search_term_string"}}],"inLanguage":"fi"}]}},"_links":{"self":[{"href":"https:\/\/help.jamk.fi\/ops-kasikirja\/wp-json\/wp\/v2\/pages\/47","targetHints":{"allow":["GET"]}}],"collection":[{"href":"https:\/\/help.jamk.fi\/ops-kasikirja\/wp-json\/wp\/v2\/pages"}],"about":[{"href":"https:\/\/help.jamk.fi\/ops-kasikirja\/wp-json\/wp\/v2\/types\/page"}],"author":[{"embeddable":true,"href":"https:\/\/help.jamk.fi\/ops-kasikirja\/wp-json\/wp\/v2\/users\/79"}],"replies":[{"embeddable":true,"href":"https:\/\/help.jamk.fi\/ops-kasikirja\/wp-json\/wp\/v2\/comments?post=47"}],"version-history":[{"count":22,"href":"https:\/\/help.jamk.fi\/ops-kasikirja\/wp-json\/wp\/v2\/pages\/47\/revisions"}],"predecessor-version":[{"id":598,"href":"https:\/\/help.jamk.fi\/ops-kasikirja\/wp-json\/wp\/v2\/pages\/47\/revisions\/598"}],"wp:attachment":[{"href":"https:\/\/help.jamk.fi\/ops-kasikirja\/wp-json\/wp\/v2\/media?parent=47"}],"wp:term":[{"taxonomy":"category","embeddable":true,"href":"https:\/\/help.jamk.fi\/ops-kasikirja\/wp-json\/wp\/v2\/categories?post=47"},{"taxonomy":"post_tag","embeddable":true,"href":"https:\/\/help.jamk.fi\/ops-kasikirja\/wp-json\/wp\/v2\/tags?post=47"}],"curies":[{"name":"wp","href":"https:\/\/api.w.org\/{rel}","templated":true}]}}