{"id":497,"date":"2024-05-20T14:08:41","date_gmt":"2024-05-20T11:08:41","guid":{"rendered":"https:\/\/help.jamk.fi\/ops-kasikirja\/?page_id=497"},"modified":"2024-05-20T14:08:41","modified_gmt":"2024-05-20T11:08:41","slug":"student-orientation-and-working-life-orientation","status":"publish","type":"page","link":"https:\/\/help.jamk.fi\/ops-kasikirja\/en\/student-orientation-and-working-life-orientation\/","title":{"rendered":"Student orientation and working life orientation"},"content":{"rendered":"\n<h2 class=\"wp-block-heading\">Student orientation, learner-centred approach<\/h2>\n\n\n\n<p>Student orientation emphasises individual learning and taking the student\u2019s own objectives and interests into account. The realisation of student orientation in Jamk emphasises the students\u2019 active role in learning and aims to support them individually and comprehensively. The objective is to provide students with the best opportunities for learning, competence development and success during and after their studies. The Digivisio 2030 project uses the concept of learner-centred approach when studying is examined from the perspective of continuous learning. At Jamk, curriculum work is a key element in the planning of degree programmes, which means that the person studying for a degree has the status of a degree student. The curriculum manual uses the term student.<\/p>\n\n\n\n<h2 class=\"wp-block-heading\">Student orientation in practice<\/h2>\n\n\n\n<ul class=\"wp-block-list\">\n<li>Planning studies and flexibility: enabling flexible personal learning plans.<\/li>\n\n\n\n<li>Planning of learning shifts the focus from group to individual. Planning of teaching will be replaced by designing learning processes that support individual learning.<\/li>\n\n\n\n<li>Inclusive and interactive teaching: emphasis is placed on interactive teaching in which students actively participate in the learning process.<\/li>\n\n\n\n<li>Continuous and versatile evaluation: adapting assessment methods to learners\u2019 needs and learning objectives.<\/li>\n\n\n\n<li>Guidance and support: student-oriented action also includes provision of career guidance and support, such as study guidance from career tutors and study counsellors, peer tutors, career guidance and other support and guidance services.<\/li>\n\n\n\n<li>Students\u2019 participation in the development of the curriculum and courses: students\u2019 views and experiences are taken into consideration when making decisions and developing our activities. Engaging students in providing continuous feedback at different levels, such as feedback during courses. Creating opportunities to influence teaching methods, curricula, the study environment and other actions of the higher education institution, for example through student representatives.<\/li>\n<\/ul>\n\n\n\n<p>Learning at Jamk activates students and is diverse and connected to the world of work. Learner-centred learning processes are sustainable, and they create the preconditions for an individual and motivating learning experience, adapting to the students\u2019 personal needs and learning environments. The student is the owner of their own learning, and learning is activated through hands-on experience, emphasising the student\u2019s active and collaborative role in building information. <\/p>\n\n\n\n<p>Student orientation is considered to increase interaction across the entire academic community. Student orientation shifts the focus of planning from the group to the individual \u2013 from teachers\u2019 work plans to the planning of a learning process that supports the student\u2019s learning. <\/p>\n\n\n\n<h2 class=\"wp-block-heading\">Working life orientation<\/h2>\n\n\n\n<p>The basic mission of universities of applied sciences is to provide higher education for professional expert tasks and duties based on the requirements of the world of work and its development and to support the professional growth of students (Universities of Applied Sciences Act 932\/2014, Section 4). The working life-orientated curriculum meets the competence needs of the future world of work. The studies aim to closely integrate studies and work, which enables the development of students\u2019 transferable skills during degree studies. The working life-orientated curriculum enables students to develop their individual career paths and workplace skills and make their skills seen. The development of the curriculum in collaboration with employers injects the curriculum with experience-based information about work and improves the relevance of education at work. (tyopeda.fi.)<\/p>\n\n\n\n<p>The Workpeda project crystallises the requirements of the changing world of work for the curriculum:<\/p>\n\n\n\n<ul class=\"wp-block-list\">\n<li>Agile and resilient curricula > Working life-orientated learning<\/li>\n\n\n\n<li>Active dialogue between the higher education institution and employers > systematic identification of workplace needs<\/li>\n\n\n\n<li>Interviews and surveys > highlighting the employers\u2019 viewpoint<\/li>\n\n\n\n<li>Mapping the students\u2019 starting point and expectations for working life-orientated learning<\/li>\n\n\n\n<li>Results of the Competence Foresight Forum and other available foresight information.<\/li>\n<\/ul>\n\n\n\n<p>Integration of work and learning:<\/p>\n\n\n\n<ul class=\"wp-block-list\">\n<li>learning assignments at work<\/li>\n\n\n\n<li>studification of work<\/li>\n\n\n\n<li>practical training<\/li>\n\n\n\n<li>theses<\/li>\n\n\n\n<li>project studies<\/li>\n\n\n\n<li>cooperation between master\u2019s and bachelor\u2019s degrees<\/li>\n\n\n\n<li>utilising alumni<\/li>\n<\/ul>\n\n\n\n<p>Source: T\u00f6rn-Laapio, A., V\u00e4is\u00e4nen, K. Pakkala, A. &amp; Lehto, S. Ty\u00f6el\u00e4m\u00e4l\u00e4heinen opetussuunnitelma. Ty\u00f6el\u00e4m\u00e4pedagogiikka korkeakoulutuksessa \u2013 Asiantuntijuus, toimijuus ja ty\u00f6el\u00e4m\u00e4taidot \u2013 project blog. Referenced 26 November 2023. https:\/\/www.tyopeda.fi\/blogit\/graafi2-tyoelamalaheinenops.pdf<\/p>\n\n\n\n<p class=\"has-text-align-right\"><em>Sirpa Tuomi<\/em> 27.11.2023<\/p>\n","protected":false},"excerpt":{"rendered":"<p>Student orientation, learner-centred approach Student orientation emphasises individual learning and taking the student\u2019s own objectives and interests into account. The realisation of student orientation in Jamk emphasises the students\u2019 active role in learning and aims to support them individually and comprehensively. The objective is to provide students with the best opportunities for learning, competence development [&hellip;]<\/p>\n","protected":false},"author":79,"featured_media":0,"parent":0,"menu_order":2,"comment_status":"closed","ping_status":"closed","template":"","meta":{"_acf_changed":false,"_relevanssi_hide_post":"","_relevanssi_hide_content":"","_relevanssi_pin_for_all":"","_relevanssi_pin_keywords":"","_relevanssi_unpin_keywords":"","_relevanssi_related_keywords":"","_relevanssi_related_include_ids":"","_relevanssi_related_exclude_ids":"","_relevanssi_related_no_append":"","_relevanssi_related_not_related":"","_relevanssi_related_posts":"","_relevanssi_noindex_reason":"","footnotes":""},"categories":[],"tags":[],"class_list":["post-497","page","type-page","status-publish","hentry"],"acf":[],"yoast_head":"<!-- This site is optimized with the Yoast SEO plugin v27.4 - https:\/\/yoast.com\/product\/yoast-seo-wordpress\/ -->\n<title>Student orientation and working life orientation - Ops-k\u00e4sikirja<\/title>\n<meta name=\"robots\" content=\"index, follow, max-snippet:-1, max-image-preview:large, max-video-preview:-1\" \/>\n<link rel=\"canonical\" href=\"https:\/\/help.jamk.fi\/ops-kasikirja\/en\/student-orientation-and-working-life-orientation\/\" \/>\n<meta property=\"og:locale\" content=\"fi_FI\" \/>\n<meta property=\"og:type\" content=\"article\" \/>\n<meta property=\"og:title\" content=\"Student orientation and working life orientation - Ops-k\u00e4sikirja\" \/>\n<meta property=\"og:description\" content=\"Student orientation, learner-centred approach Student orientation emphasises individual learning and taking the student\u2019s own objectives and interests into account. The realisation of student orientation in Jamk emphasises the students\u2019 active role in learning and aims to support them individually and comprehensively. The objective is to provide students with the best opportunities for learning, competence development [&hellip;]\" \/>\n<meta property=\"og:url\" content=\"https:\/\/help.jamk.fi\/ops-kasikirja\/en\/student-orientation-and-working-life-orientation\/\" \/>\n<meta property=\"og:site_name\" content=\"Ops-k\u00e4sikirja\" \/>\n<meta name=\"twitter:card\" content=\"summary_large_image\" \/>\n<meta name=\"twitter:label1\" content=\"Arvioitu lukuaika\" \/>\n\t<meta name=\"twitter:data1\" content=\"4 minuuttia\" \/>\n<script type=\"application\/ld+json\" class=\"yoast-schema-graph\">{\"@context\":\"https:\\\/\\\/schema.org\",\"@graph\":[{\"@type\":\"WebPage\",\"@id\":\"https:\\\/\\\/help.jamk.fi\\\/ops-kasikirja\\\/en\\\/student-orientation-and-working-life-orientation\\\/\",\"url\":\"https:\\\/\\\/help.jamk.fi\\\/ops-kasikirja\\\/en\\\/student-orientation-and-working-life-orientation\\\/\",\"name\":\"Student orientation and working life orientation - Ops-k\u00e4sikirja\",\"isPartOf\":{\"@id\":\"https:\\\/\\\/help.jamk.fi\\\/ops-kasikirja\\\/#website\"},\"datePublished\":\"2024-05-20T11:08:41+00:00\",\"breadcrumb\":{\"@id\":\"https:\\\/\\\/help.jamk.fi\\\/ops-kasikirja\\\/en\\\/student-orientation-and-working-life-orientation\\\/#breadcrumb\"},\"inLanguage\":\"fi\",\"potentialAction\":[{\"@type\":\"ReadAction\",\"target\":[\"https:\\\/\\\/help.jamk.fi\\\/ops-kasikirja\\\/en\\\/student-orientation-and-working-life-orientation\\\/\"]}]},{\"@type\":\"BreadcrumbList\",\"@id\":\"https:\\\/\\\/help.jamk.fi\\\/ops-kasikirja\\\/en\\\/student-orientation-and-working-life-orientation\\\/#breadcrumb\",\"itemListElement\":[{\"@type\":\"ListItem\",\"position\":1,\"name\":\"Etusivu\",\"item\":\"https:\\\/\\\/help.jamk.fi\\\/ops-kasikirja\\\/fi\\\/\"},{\"@type\":\"ListItem\",\"position\":2,\"name\":\"Student orientation and working life orientation\"}]},{\"@type\":\"WebSite\",\"@id\":\"https:\\\/\\\/help.jamk.fi\\\/ops-kasikirja\\\/#website\",\"url\":\"https:\\\/\\\/help.jamk.fi\\\/ops-kasikirja\\\/\",\"name\":\"Ops-k\u00e4sikirja\",\"description\":\"\",\"potentialAction\":[{\"@type\":\"SearchAction\",\"target\":{\"@type\":\"EntryPoint\",\"urlTemplate\":\"https:\\\/\\\/help.jamk.fi\\\/ops-kasikirja\\\/?s={search_term_string}\"},\"query-input\":{\"@type\":\"PropertyValueSpecification\",\"valueRequired\":true,\"valueName\":\"search_term_string\"}}],\"inLanguage\":\"fi\"}]}<\/script>\n<!-- \/ Yoast SEO plugin. -->","yoast_head_json":{"title":"Student orientation and working life orientation - Ops-k\u00e4sikirja","robots":{"index":"index","follow":"follow","max-snippet":"max-snippet:-1","max-image-preview":"max-image-preview:large","max-video-preview":"max-video-preview:-1"},"canonical":"https:\/\/help.jamk.fi\/ops-kasikirja\/en\/student-orientation-and-working-life-orientation\/","og_locale":"fi_FI","og_type":"article","og_title":"Student orientation and working life orientation - Ops-k\u00e4sikirja","og_description":"Student orientation, learner-centred approach Student orientation emphasises individual learning and taking the student\u2019s own objectives and interests into account. The realisation of student orientation in Jamk emphasises the students\u2019 active role in learning and aims to support them individually and comprehensively. The objective is to provide students with the best opportunities for learning, competence development [&hellip;]","og_url":"https:\/\/help.jamk.fi\/ops-kasikirja\/en\/student-orientation-and-working-life-orientation\/","og_site_name":"Ops-k\u00e4sikirja","twitter_card":"summary_large_image","twitter_misc":{"Arvioitu lukuaika":"4 minuuttia"},"schema":{"@context":"https:\/\/schema.org","@graph":[{"@type":"WebPage","@id":"https:\/\/help.jamk.fi\/ops-kasikirja\/en\/student-orientation-and-working-life-orientation\/","url":"https:\/\/help.jamk.fi\/ops-kasikirja\/en\/student-orientation-and-working-life-orientation\/","name":"Student orientation and working life orientation - Ops-k\u00e4sikirja","isPartOf":{"@id":"https:\/\/help.jamk.fi\/ops-kasikirja\/#website"},"datePublished":"2024-05-20T11:08:41+00:00","breadcrumb":{"@id":"https:\/\/help.jamk.fi\/ops-kasikirja\/en\/student-orientation-and-working-life-orientation\/#breadcrumb"},"inLanguage":"fi","potentialAction":[{"@type":"ReadAction","target":["https:\/\/help.jamk.fi\/ops-kasikirja\/en\/student-orientation-and-working-life-orientation\/"]}]},{"@type":"BreadcrumbList","@id":"https:\/\/help.jamk.fi\/ops-kasikirja\/en\/student-orientation-and-working-life-orientation\/#breadcrumb","itemListElement":[{"@type":"ListItem","position":1,"name":"Etusivu","item":"https:\/\/help.jamk.fi\/ops-kasikirja\/fi\/"},{"@type":"ListItem","position":2,"name":"Student orientation and working life orientation"}]},{"@type":"WebSite","@id":"https:\/\/help.jamk.fi\/ops-kasikirja\/#website","url":"https:\/\/help.jamk.fi\/ops-kasikirja\/","name":"Ops-k\u00e4sikirja","description":"","potentialAction":[{"@type":"SearchAction","target":{"@type":"EntryPoint","urlTemplate":"https:\/\/help.jamk.fi\/ops-kasikirja\/?s={search_term_string}"},"query-input":{"@type":"PropertyValueSpecification","valueRequired":true,"valueName":"search_term_string"}}],"inLanguage":"fi"}]}},"_links":{"self":[{"href":"https:\/\/help.jamk.fi\/ops-kasikirja\/wp-json\/wp\/v2\/pages\/497","targetHints":{"allow":["GET"]}}],"collection":[{"href":"https:\/\/help.jamk.fi\/ops-kasikirja\/wp-json\/wp\/v2\/pages"}],"about":[{"href":"https:\/\/help.jamk.fi\/ops-kasikirja\/wp-json\/wp\/v2\/types\/page"}],"author":[{"embeddable":true,"href":"https:\/\/help.jamk.fi\/ops-kasikirja\/wp-json\/wp\/v2\/users\/79"}],"replies":[{"embeddable":true,"href":"https:\/\/help.jamk.fi\/ops-kasikirja\/wp-json\/wp\/v2\/comments?post=497"}],"version-history":[{"count":1,"href":"https:\/\/help.jamk.fi\/ops-kasikirja\/wp-json\/wp\/v2\/pages\/497\/revisions"}],"predecessor-version":[{"id":498,"href":"https:\/\/help.jamk.fi\/ops-kasikirja\/wp-json\/wp\/v2\/pages\/497\/revisions\/498"}],"wp:attachment":[{"href":"https:\/\/help.jamk.fi\/ops-kasikirja\/wp-json\/wp\/v2\/media?parent=497"}],"wp:term":[{"taxonomy":"category","embeddable":true,"href":"https:\/\/help.jamk.fi\/ops-kasikirja\/wp-json\/wp\/v2\/categories?post=497"},{"taxonomy":"post_tag","embeddable":true,"href":"https:\/\/help.jamk.fi\/ops-kasikirja\/wp-json\/wp\/v2\/tags?post=497"}],"curies":[{"name":"wp","href":"https:\/\/api.w.org\/{rel}","templated":true}]}}